{"id":11,"date":"2018-10-25T02:48:44","date_gmt":"2018-10-25T02:48:44","guid":{"rendered":"http:\/\/www.meatprocessingmachine.org\/?page_id=11"},"modified":"2026-04-07T17:31:10","modified_gmt":"2026-04-07T09:31:10","slug":"about-us","status":"publish","type":"page","link":"https:\/\/www.meatprocessingmachine.org\/de\/about-us\/","title":{"rendered":"\u00dcber uns"},"content":{"rendered":"<p class=\"translation-block\"><strong><mark class=\"has-inline-color has-luminous-vivid-amber-color\"><a href=\"https:\/\/www.meatprocessingmachine.org\/de\/\">Zhengzhou Taizy Machinery Co., Ltd<\/a><\/mark><\/strong> ist ein professioneller Hersteller und Exporteur, der sich auf Fleischverarbeitungsmaschinen und integrierte Lebensmittelverarbeitungsl\u00f6sungen spezialisiert hat. Gelegen im Zhengzhou Wirtschafts- und Technologietransformationszone, verbinden wir Forschung, Engineering, Herstellung und globalen Vertrieb in ein effizientes Betriebssystem.<\/p>    <p>Mit einer soliden technischen Grundlage und \u00fcber 100 qualifizierten Mitarbeitern haben wir ein modernes Produktions- und Managementsystem aufgebaut, das stabile Produktqualit\u00e4t und effiziente Lieferung f\u00fcr Kunden weltweit gew\u00e4hrleistet.<\/p>   <div class=\"wp-block-image\"> <figure class=\"aligncenter size-full\"><img loading=\"lazy\" decoding=\"async\" width=\"720\" height=\"540\" src=\"https:\/\/www.meatprocessingmachine.org\/wp-content\/uploads\/2026\/04\/taizy-factory.webp\" alt=\"Taizy-Fabrik\" class=\"wp-image-35273\" title=\"\" srcset=\"https:\/\/www.meatprocessingmachine.org\/wp-content\/uploads\/2026\/04\/taizy-factory.webp 720w, https:\/\/www.meatprocessingmachine.org\/wp-content\/uploads\/2026\/04\/taizy-factory-300x225.webp 300w, https:\/\/www.meatprocessingmachine.org\/wp-content\/uploads\/2026\/04\/taizy-factory-16x12.webp 16w\" sizes=\"auto, (max-width: 720px) 100vw, 720px\" \/><figcaption class=\"wp-element-caption\">Taizy-Fabrik<\/figcaption><\/figure> <\/div>   <h2 class=\"wp-block-heading\">Was wir tun<\/h2>    <p>Wir konzentrieren uns auf die Entwicklung und Produktion eines vollst\u00e4ndigen Sortiments an Fleischverarbeitungsger\u00e4ten, einschlie\u00dflich:<\/p>    <ul class=\"wp-block-list\"> <li><strong><a href=\"https:\/\/www.meatprocessingmachine.org\/de\/products\/meat-cutting-machine\/\">Fleischschneide- und -scheidemaschinen<\/a><\/strong><\/li>    <li>Fleischmahl- und Knochenverarbeitungsger\u00e4te<\/li>    <li>Fleischb\u00e4llchen-Produktionslinien<\/li>    <li><strong><a href=\"https:\/\/www.meatprocessingmachine.org\/de\/products\/supporting-auxiliary-equipment\/\">Vakuumverpackungs- und Hilfsger\u00e4te<\/a><\/strong><\/li> <\/ul>    <p>Unsere Maschinen werden in Metzgereien, Lebensmittelverarbeitungsbetrieben, Schlachth\u00f6fen und industriellen Fleischproduktionslinien weit verbreitet eingesetzt und unterst\u00fctzen sowohl kleine Unternehmen als auch gro\u00dfe Fabriken.<\/p>    <figure class=\"wp-block-gallery has-nested-images columns-default is-cropped wp-block-gallery-2 is-layout-flex wp-block-gallery-is-layout-flex\"> <figure class=\"wp-block-image size-large\"><img loading=\"lazy\" decoding=\"async\" width=\"720\" height=\"540\" data-id=\"34581\" src=\"https:\/\/www.meatprocessingmachine.org\/wp-content\/uploads\/2020\/11\/Bone-Crusher-and-Colloid-Mill-Combination.webp\" alt=\"Bone Crusher and Colloid Mill Combination\" class=\"wp-image-34581\" title=\"\" srcset=\"https:\/\/www.meatprocessingmachine.org\/wp-content\/uploads\/2020\/11\/Bone-Crusher-and-Colloid-Mill-Combination.webp 720w, https:\/\/www.meatprocessingmachine.org\/wp-content\/uploads\/2020\/11\/Bone-Crusher-and-Colloid-Mill-Combination-300x225.webp 300w, https:\/\/www.meatprocessingmachine.org\/wp-content\/uploads\/2020\/11\/Bone-Crusher-and-Colloid-Mill-Combination-16x12.webp 16w\" sizes=\"auto, (max-width: 720px) 100vw, 720px\" \/><figcaption class=\"wp-element-caption\">Knochenzerkleinerer und Kolloidm\u00fchle-Kombination<\/figcaption><\/figure>    <figure class=\"wp-block-image size-large\"><img loading=\"lazy\" decoding=\"async\" width=\"720\" height=\"540\" data-id=\"34788\" src=\"https:\/\/www.meatprocessingmachine.org\/wp-content\/uploads\/2020\/11\/Bone-Crushing-Machine-1.webp\" alt=\"Knochenzerkleinerer\" class=\"wp-image-34788\" title=\"\" srcset=\"https:\/\/www.meatprocessingmachine.org\/wp-content\/uploads\/2020\/11\/Bone-Crushing-Machine-1.webp 720w, https:\/\/www.meatprocessingmachine.org\/wp-content\/uploads\/2020\/11\/Bone-Crushing-Machine-1-300x225.webp 300w, https:\/\/www.meatprocessingmachine.org\/wp-content\/uploads\/2020\/11\/Bone-Crushing-Machine-1-16x12.webp 16w\" sizes=\"auto, (max-width: 720px) 100vw, 720px\" \/><figcaption class=\"wp-element-caption\">Knochenzerkleinerer<\/figcaption><\/figure>    <figure class=\"wp-block-image size-large\"><img loading=\"lazy\" decoding=\"async\" width=\"720\" height=\"540\" data-id=\"34698\" src=\"https:\/\/www.meatprocessingmachine.org\/wp-content\/uploads\/2021\/01\/Fish-Dryer-Machine-Factory.webp\" alt=\"Fisch Trocknungsmaschine Fabrik\" class=\"wp-image-34698\" title=\"\" srcset=\"https:\/\/www.meatprocessingmachine.org\/wp-content\/uploads\/2021\/01\/Fish-Dryer-Machine-Factory.webp 720w, https:\/\/www.meatprocessingmachine.org\/wp-content\/uploads\/2021\/01\/Fish-Dryer-Machine-Factory-300x225.webp 300w, https:\/\/www.meatprocessingmachine.org\/wp-content\/uploads\/2021\/01\/Fish-Dryer-Machine-Factory-16x12.webp 16w\" sizes=\"auto, (max-width: 720px) 100vw, 720px\" \/><figcaption class=\"wp-element-caption\">Fisch Trocknungsmaschine Fabrik<\/figcaption><\/figure>    <figure class=\"wp-block-image size-large\"><img loading=\"lazy\" decoding=\"async\" width=\"720\" height=\"540\" data-id=\"34650\" src=\"https:\/\/www.meatprocessingmachine.org\/wp-content\/uploads\/2026\/02\/Meat-Slicing-Machine.webp\" alt=\"Fleischschneidemaschine\" class=\"wp-image-34650\" title=\"\" srcset=\"https:\/\/www.meatprocessingmachine.org\/wp-content\/uploads\/2026\/02\/Meat-Slicing-Machine.webp 720w, https:\/\/www.meatprocessingmachine.org\/wp-content\/uploads\/2026\/02\/Meat-Slicing-Machine-300x225.webp 300w, https:\/\/www.meatprocessingmachine.org\/wp-content\/uploads\/2026\/02\/Meat-Slicing-Machine-16x12.webp 16w\" sizes=\"auto, (max-width: 720px) 100vw, 720px\" \/><figcaption class=\"wp-element-caption\">Fleischschneidemaschine<\/figcaption><\/figure>    <figure class=\"wp-block-image size-large\"><img loading=\"lazy\" decoding=\"async\" width=\"720\" height=\"540\" data-id=\"35002\" src=\"https:\/\/www.meatprocessingmachine.org\/wp-content\/uploads\/2021\/11\/Triple-Row-Egg-Processing-Line.webp\" alt=\"Dreireihige Eierverarbeitungsanlage\" class=\"wp-image-35002\" title=\"\" srcset=\"https:\/\/www.meatprocessingmachine.org\/wp-content\/uploads\/2021\/11\/Triple-Row-Egg-Processing-Line.webp 720w, https:\/\/www.meatprocessingmachine.org\/wp-content\/uploads\/2021\/11\/Triple-Row-Egg-Processing-Line-300x225.webp 300w, https:\/\/www.meatprocessingmachine.org\/wp-content\/uploads\/2021\/11\/Triple-Row-Egg-Processing-Line-16x12.webp 16w\" sizes=\"auto, (max-width: 720px) 100vw, 720px\" \/><figcaption class=\"wp-element-caption\">Dreireihige Eierverarbeitungsanlage<\/figcaption><\/figure>    <figure class=\"wp-block-image size-large\"><img loading=\"lazy\" decoding=\"async\" width=\"720\" height=\"540\" data-id=\"35130\" src=\"https:\/\/www.meatprocessingmachine.org\/wp-content\/uploads\/2026\/03\/Chicken-Paw-Processing-Machine.webp\" alt=\"H\u00fchnerfu\u00df-Verarbeitungsmaschine\" class=\"wp-image-35130\" title=\"\" srcset=\"https:\/\/www.meatprocessingmachine.org\/wp-content\/uploads\/2026\/03\/Chicken-Paw-Processing-Machine.webp 720w, https:\/\/www.meatprocessingmachine.org\/wp-content\/uploads\/2026\/03\/Chicken-Paw-Processing-Machine-300x225.webp 300w, https:\/\/www.meatprocessingmachine.org\/wp-content\/uploads\/2026\/03\/Chicken-Paw-Processing-Machine-16x12.webp 16w\" sizes=\"auto, (max-width: 720px) 100vw, 720px\" \/><figcaption class=\"wp-element-caption\">H\u00fchnerfu\u00df-Verarbeitungsmaschine<\/figcaption><\/figure> <\/figure>    <h3 class=\"wp-block-heading\">Starke F&amp;E- und Fertigungskapazit\u00e4ten<\/h3>    <p>Technologie treibt unser Wachstum an. Wir investieren kontinuierlich in Forschung und Entwicklung, arbeiten mit erfahrenen Maschinenbauingenieuren und Branchenexperten zusammen, um die Ger\u00e4teleistung zu verbessern und neue L\u00f6sungen zu entwickeln.<\/p>    <p>Von der Rohstoffauswahl bis zur Endmontage wird jede Maschine unter strengen Qualit\u00e4tskontrollstandards hergestellt. Unser Produktionsprozess legt Wert auf Haltbarkeit, Hygiene und Betriebseffizienz, um den internationalen Anforderungen an die Lebensmittelverarbeitung gerecht zu werden.<\/p>   <div class=\"wp-block-image\"> <figure class=\"aligncenter size-full\"><img loading=\"lazy\" decoding=\"async\" width=\"720\" height=\"540\" src=\"https:\/\/www.meatprocessingmachine.org\/wp-content\/uploads\/2026\/04\/Processing-Workshop.webp\" alt=\"Verarbeitungswerkstatt\" class=\"wp-image-35277\" title=\"\" srcset=\"https:\/\/www.meatprocessingmachine.org\/wp-content\/uploads\/2026\/04\/Processing-Workshop.webp 720w, https:\/\/www.meatprocessingmachine.org\/wp-content\/uploads\/2026\/04\/Processing-Workshop-300x225.webp 300w, https:\/\/www.meatprocessingmachine.org\/wp-content\/uploads\/2026\/04\/Processing-Workshop-16x12.webp 16w\" sizes=\"auto, (max-width: 720px) 100vw, 720px\" \/><figcaption class=\"wp-element-caption\">Verarbeitungswerkstatt<\/figcaption><\/figure> <\/div>   <h3 class=\"wp-block-heading\">Globale Marktpr\u00e4senz<\/h3>    <p class=\"translation-block\">Unsere Produkte wurden nach <strong><a href=\"https:\/\/www.meatprocessingmachine.org\/de\/Info\/bone-crusher-machine-france\/\">Europa<\/a><\/strong>, <strong><a href=\"https:\/\/www.meatprocessingmachine.org\/de\/Info\/frozen-meat-dicer-machine-for-sale-in-usa\/\">Amerika<\/a><\/strong>, Afrika, S\u00fcdostasien und in viele andere Regionen exportiert, was uns einen starken Ruf und eine solide Kundenbasis auf dem internationalen Markt eingebracht hat. Als Tochtergesellschaft der Shuliy-Gruppe nutzt Taizy das ausgereifte Fertigungssystem, die gut etablierte Lieferkette und die umfangreiche globale Markterfahrung der Gruppe, um zuverl\u00e4ssige Ger\u00e4te und professionelle Dienstleistungen zu liefern und langfristige Partnerschaften mit Kunden weltweit aufzubauen.<\/p>   <div class=\"wp-block-image\"> <figure class=\"aligncenter size-full\"><img loading=\"lazy\" decoding=\"async\" width=\"720\" height=\"540\" src=\"https:\/\/www.meatprocessingmachine.org\/wp-content\/uploads\/2026\/04\/Shuliys-customers.webp\" alt=\"Kunden von Shuliy\" class=\"wp-image-35281\" title=\"\" srcset=\"https:\/\/www.meatprocessingmachine.org\/wp-content\/uploads\/2026\/04\/Shuliys-customers.webp 720w, https:\/\/www.meatprocessingmachine.org\/wp-content\/uploads\/2026\/04\/Shuliys-customers-300x225.webp 300w, https:\/\/www.meatprocessingmachine.org\/wp-content\/uploads\/2026\/04\/Shuliys-customers-16x12.webp 16w\" sizes=\"auto, (max-width: 720px) 100vw, 720px\" \/><figcaption class=\"wp-element-caption\">Shuliy&#8217;s customers<\/figcaption><\/figure> <\/div>   <h3 class=\"wp-block-heading\">Qualit\u00e4tssicherung &amp; Service<\/h3>    <p>Wir folgen in jedem Projekt einer Philosophie \u201eQualit\u00e4t zuerst, Kunde im Mittelpunkt\u201c.<\/p>    <ul class=\"wp-block-list\"> <li>Strenge Qualit\u00e4tskontrolle vor der Lieferung<\/li>    <li>Professionelle Vorverkauf-Beratung und L\u00f6sungsdesign<\/li>    <li>Umfassender After-Sales-Support, einschlie\u00dflich Installationsanleitung und technischer Service<\/li> <\/ul>    <p>Unser Ziel ist es nicht nur, Maschinen zu liefern, sondern zuverl\u00e4ssige, langfristige L\u00f6sungen anzubieten, die Kunden helfen, Effizienz und Rentabilit\u00e4t zu verbessern.<\/p>   <div class=\"wp-block-image\"> <figure class=\"aligncenter size-full\"><img loading=\"lazy\" decoding=\"async\" width=\"720\" height=\"540\" src=\"https:\/\/www.meatprocessingmachine.org\/wp-content\/uploads\/2026\/03\/Our-Certifications.webp\" alt=\"Unsere Zertifizierungen\" class=\"wp-image-35211\" title=\"\" srcset=\"https:\/\/www.meatprocessingmachine.org\/wp-content\/uploads\/2026\/03\/Our-Certifications.webp 720w, https:\/\/www.meatprocessingmachine.org\/wp-content\/uploads\/2026\/03\/Our-Certifications-300x225.webp 300w, https:\/\/www.meatprocessingmachine.org\/wp-content\/uploads\/2026\/03\/Our-Certifications-16x12.webp 16w\" sizes=\"auto, (max-width: 720px) 100vw, 720px\" \/><figcaption class=\"wp-element-caption\">Unsere Zertifizierungen<\/figcaption><\/figure> <\/div>   <h2 class=\"wp-block-heading\">Zertifizierungen &amp; Qualit\u00e4tssicherung<\/h2>    <p class=\"translation-block\">Wir legen gro\u00dfen Wert auf Produktqualit\u00e4t und die Einhaltung internationaler Standards, folgen strengen standardisierten Herstellungsprozessen. Viele unserer Maschinen haben die <strong>CE-Zertifizierung<\/strong> erhalten und erf\u00fcllen die europ\u00e4ischen Sicherheitsanforderungen. Unser Unternehmen hat ein umfassendes <strong>ISO-Qualit\u00e4tsmanagementsystem<\/strong> etabliert und implementiert, mit strenger Kontrolle von Rohstoffbeschaffung bis hin zu Produktion, Montage und Endkontrolle, um stabile und langlebige Ger\u00e4te zu gew\u00e4hrleisten. Zudem unterst\u00fctzen wir Tests und Fabrikpr\u00fcfungen durch internationale Drittfirmen wie <strong>SGS<\/strong> und <strong>T\u00dcV<\/strong>, um Kunden transparente und zuverl\u00e4ssige Qualit\u00e4tssicherung zu bieten.<\/p>    <figure class=\"wp-block-gallery has-nested-images columns-default is-cropped wp-block-gallery-3 is-layout-flex wp-block-gallery-is-layout-flex\"> <figure class=\"wp-block-image size-large\"><img loading=\"lazy\" decoding=\"async\" width=\"540\" height=\"720\" data-id=\"35208\" src=\"https:\/\/www.meatprocessingmachine.org\/wp-content\/uploads\/2026\/03\/CE.webp\" alt=\"CE\" class=\"wp-image-35208\" title=\"\" srcset=\"https:\/\/www.meatprocessingmachine.org\/wp-content\/uploads\/2026\/03\/CE.webp 540w, https:\/\/www.meatprocessingmachine.org\/wp-content\/uploads\/2026\/03\/CE-225x300.webp 225w, https:\/\/www.meatprocessingmachine.org\/wp-content\/uploads\/2026\/03\/CE-9x12.webp 9w\" sizes=\"auto, (max-width: 540px) 100vw, 540px\" \/><figcaption class=\"wp-element-caption\">Ce<\/figcaption><\/figure>    <figure class=\"wp-block-image size-large\"><img loading=\"lazy\" decoding=\"async\" width=\"540\" height=\"720\" data-id=\"35210\" src=\"https:\/\/www.meatprocessingmachine.org\/wp-content\/uploads\/2026\/03\/ISO9001.webp\" alt=\"ISO9001\" class=\"wp-image-35210\" title=\"\" srcset=\"https:\/\/www.meatprocessingmachine.org\/wp-content\/uploads\/2026\/03\/ISO9001.webp 540w, https:\/\/www.meatprocessingmachine.org\/wp-content\/uploads\/2026\/03\/ISO9001-225x300.webp 225w, https:\/\/www.meatprocessingmachine.org\/wp-content\/uploads\/2026\/03\/ISO9001-9x12.webp 9w\" sizes=\"auto, (max-width: 540px) 100vw, 540px\" \/><figcaption class=\"wp-element-caption\">ISO 9001<\/figcaption><\/figure>    <figure class=\"wp-block-image size-large\"><img loading=\"lazy\" decoding=\"async\" width=\"540\" height=\"720\" data-id=\"35209\" src=\"https:\/\/www.meatprocessingmachine.org\/wp-content\/uploads\/2026\/03\/EU-Test.webp\" alt=\"EU Test\" class=\"wp-image-35209\" title=\"\" srcset=\"https:\/\/www.meatprocessingmachine.org\/wp-content\/uploads\/2026\/03\/EU-Test.webp 540w, https:\/\/www.meatprocessingmachine.org\/wp-content\/uploads\/2026\/03\/EU-Test-225x300.webp 225w, https:\/\/www.meatprocessingmachine.org\/wp-content\/uploads\/2026\/03\/EU-Test-9x12.webp 9w\" sizes=\"auto, (max-width: 540px) 100vw, 540px\" \/><figcaption class=\"wp-element-caption\">EU-Test<\/figcaption><\/figure> <\/figure>    <h3 class=\"wp-block-heading\">Unsere Mission<\/h3>    <p>Wir verpflichten uns, hochwertige, effiziente und innovative Fleischverarbeitungsl\u00f6sungen f\u00fcr Kunden weltweit zu liefern. Durch kontinuierliche Verbesserung und verantwortungsvolle Herstellung streben wir danach, ein vertrauensw\u00fcrdiger Partner in der Lebensmittelmaschinenbranche zu werden.<\/p>    <h2 class=\"wp-block-heading\">Kontaktieren Sie uns<\/h2>    <div class=\"wp-block-buttons is-layout-flex wp-container-core-buttons-is-layout-6b4e3324 wp-block-buttons-is-layout-flex\"> <div class=\"wp-block-button\"><a class=\"wp-block-button__link wp-element-button\" href=\"https:\/\/wa.me\/+8619139761487\" target=\"_blank\" rel=\"noopener\">WhatsApp:  86 19139761487<\/a><\/div>    <div class=\"wp-block-button\"><a class=\"wp-block-button__link wp-element-button\">E-Mail: info@meatprocessingmachine.org<\/a><\/div> <\/div>    <blockquote class=\"wp-block-quote is-layout-flow wp-block-quote-is-layout-flow\"><\/blockquote>    <div class=\"wp-block-buttons is-layout-flex wp-block-buttons-is-layout-flex\"> <div class=\"wp-block-button\"><a class=\"wp-block-button__link wp-element-button\">Adresse: Nautical Road East, Zhengzhou Wirtschafts- und Entwicklungzone, China<\/a><\/div> <\/div>    <p><\/p>","protected":false},"excerpt":{"rendered":"<p>Zhengzhou Taizy Machinery Co., Ltd ist ein professioneller Hersteller und Exporteur, der sich auf Fleischverarbeitungsmaschinen und integrierte Lebensmittelverarbeitungsl\u00f6sungen spezialisiert hat. Gelegen im Zhengzhou Wirtschafts- und Technologietransformationszone, verbinden wir Forschung, Engineering, Herstellung und globalen Vertrieb in ein effizientes Betriebssystem.<\/p>","protected":false},"author":1,"featured_media":35273,"parent":0,"menu_order":0,"comment_status":"open","ping_status":"closed","template":"","meta":{"footnotes":""},"class_list":["post-11","page","type-page","status-publish","has-post-thumbnail","hentry"],"_links":{"self":[{"href":"https:\/\/www.meatprocessingmachine.org\/de\/wp-json\/wp\/v2\/pages\/11","targetHints":{"allow":["GET"]}}],"collection":[{"href":"https:\/\/www.meatprocessingmachine.org\/de\/wp-json\/wp\/v2\/pages"}],"about":[{"href":"https:\/\/www.meatprocessingmachine.org\/de\/wp-json\/wp\/v2\/types\/page"}],"author":[{"embeddable":true,"href":"https:\/\/www.meatprocessingmachine.org\/de\/wp-json\/wp\/v2\/users\/1"}],"replies":[{"embeddable":true,"href":"https:\/\/www.meatprocessingmachine.org\/de\/wp-json\/wp\/v2\/comments?post=11"}],"version-history":[{"count":17,"href":"https:\/\/www.meatprocessingmachine.org\/de\/wp-json\/wp\/v2\/pages\/11\/revisions"}],"predecessor-version":[{"id":35299,"href":"https:\/\/www.meatprocessingmachine.org\/de\/wp-json\/wp\/v2\/pages\/11\/revisions\/35299"}],"wp:featuredmedia":[{"embeddable":true,"href":"https:\/\/www.meatprocessingmachine.org\/de\/wp-json\/wp\/v2\/media\/35273"}],"wp:attachment":[{"href":"https:\/\/www.meatprocessingmachine.org\/de\/wp-json\/wp\/v2\/media?parent=11"}],"curies":[{"name":"wp","href":"https:\/\/api.w.org\/{rel}","templated":true}]}}