{"id":1018,"date":"2021-01-16T09:49:03","date_gmt":"2021-01-16T01:49:03","guid":{"rendered":"https:\/\/www.meatprocessingmachine.org\/?p=1018"},"modified":"2024-06-14T16:00:42","modified_gmt":"2024-06-14T08:00:42","slug":"commercial-fish-skinning-machine-for-sale","status":"publish","type":"product","link":"https:\/\/www.meatprocessingmachine.org\/de\/commercial-fish-skinning-machine-for-sale.html","title":{"rendered":"Kommerzielle Fischhautentfernungsmachine zum Verkauf"},"content":{"rendered":"<div class=\"kk-star-ratings kksr-auto kksr-align-right kksr-valign-top\"     data-payload='{&quot;align&quot;:&quot;right&quot;,&quot;id&quot;:&quot;1018&quot;,&quot;slug&quot;:&quot;default&quot;,&quot;valign&quot;:&quot;top&quot;,&quot;ignore&quot;:&quot;&quot;,&quot;reference&quot;:&quot;auto&quot;,&quot;class&quot;:&quot;&quot;,&quot;count&quot;:&quot;0&quot;,&quot;legendonly&quot;:&quot;&quot;,&quot;readonly&quot;:&quot;&quot;,&quot;score&quot;:&quot;0&quot;,&quot;starsonly&quot;:&quot;&quot;,&quot;best&quot;:&quot;5&quot;,&quot;gap&quot;:&quot;5&quot;,&quot;greet&quot;:&quot;Rate this product&quot;,&quot;legend&quot;:&quot;0\\\/5 - (0 votes)&quot;,&quot;size&quot;:&quot;24&quot;,&quot;title&quot;:&quot;Commercial fish skinning machine for sale&quot;,&quot;width&quot;:&quot;0&quot;,&quot;_legend&quot;:&quot;{score}\\\/{best} - ({count} {votes})&quot;,&quot;font_factor&quot;:&quot;1.25&quot;}'>              <div class=\"kksr-stars\">      <div class=\"kksr-stars-inactive\">             <div class=\"kksr-star\" data-star=\"1\" style=\"padding-right: 5px\">               <div class=\"kksr-icon\" style=\"width: 24px; height: 24px;\"><\/div>         <\/div>             <div class=\"kksr-star\" data-star=\"2\" style=\"padding-right: 5px\">               <div class=\"kksr-icon\" style=\"width: 24px; height: 24px;\"><\/div>         <\/div>             <div class=\"kksr-star\" data-star=\"3\" style=\"padding-right: 5px\">               <div class=\"kksr-icon\" style=\"width: 24px; height: 24px;\"><\/div>         <\/div>             <div class=\"kksr-star\" data-star=\"4\" style=\"padding-right: 5px\">               <div class=\"kksr-icon\" style=\"width: 24px; height: 24px;\"><\/div>         <\/div>             <div class=\"kksr-star\" data-star=\"5\" style=\"padding-right: 5px\">               <div class=\"kksr-icon\" style=\"width: 24px; height: 24px;\"><\/div>         <\/div>     <\/div>      <div class=\"kksr-stars-active\" style=\"width: 0px;\">             <div class=\"kksr-star\" style=\"padding-right: 5px\">               <div class=\"kksr-icon\" style=\"width: 24px; height: 24px;\"><\/div>         <\/div>             <div class=\"kksr-star\" style=\"padding-right: 5px\">               <div class=\"kksr-icon\" style=\"width: 24px; height: 24px;\"><\/div>         <\/div>             <div class=\"kksr-star\" style=\"padding-right: 5px\">               <div class=\"kksr-icon\" style=\"width: 24px; height: 24px;\"><\/div>         <\/div>             <div class=\"kksr-star\" style=\"padding-right: 5px\">               <div class=\"kksr-icon\" style=\"width: 24px; height: 24px;\"><\/div>         <\/div>             <div class=\"kksr-star\" style=\"padding-right: 5px\">               <div class=\"kksr-icon\" style=\"width: 24px; height: 24px;\"><\/div>         <\/div>     <\/div> <\/div>                   <div class=\"kksr-legend\" style=\"font-size: 19.2px;\">             <span class=\"kksr-muted\">Bewerten Sie dieses Produkt<\/span>     <\/div>     <\/div>  <p class=\"translation-block\">Die kommerzielle <strong>Fischhaut-Sch\u00e4lmaschine<\/strong> ist eine elektrische Maschine, die speziell zum Entfernen von Fischhaut entwickelt wurde. Diese Maschine wird nach der <a href=\"https:\/\/www.meatprocessingmachine.org\/de\/automatic-fish-scaler-machine-fish-scale-remover-machine.html\/\">Fischschuppenentferner<\/a>, Fischkopf- und Schwanzentferner sowie der <a href=\"https:\/\/www.meatprocessingmachine.org\/de\/electric-fish-belly-splitting-cutting-machine.html\/\">Fischbauchspalter<\/a> eingesetzt. Die Fischhaut-Sch\u00e4lmaschine kann automatisches Sch\u00e4len realisieren. Sie hat eine gro\u00dfe Produktionsleistung, hohe Sch\u00e4l-Effizienz und hohe Ausbeute.<\/p>    <h2 class=\"wp-block-heading\">Video einer Fischhaut-Sch\u00e4lmaschine<\/h2>    <figure class=\"wp-block-embed is-type-video is-provider-youtube wp-block-embed-youtube\"><div class=\"wp-block-embed__wrapper\"> <iframe loading=\"lazy\" title=\"Tintenfischrohrhaut-Schneidemaschine, Fischhaut-Entferner\" width=\"500\" height=\"281\" src=\"https:\/\/www.youtube.com\/embed\/FWiHdkLqavs?feature=oembed\" frameborder=\"0\" allow=\"accelerometer; autoplay; clipboard-write; encrypted-media; gyroscope; picture-in-picture; web-share\" referrerpolicy=\"strict-origin-when-cross-origin\" allowfullscreen><\/iframe> <\/div><figcaption class=\"wp-element-caption\">Fischhaut-Sch\u00e4lmaschine<\/figcaption><\/figure>    <h2 class=\"wp-block-heading\" id=\"h-features-of-squid-fish-skinner-machine\">Merkmale der Tintenfisch-Fischsch\u00e4lmaschine<\/h2>    <ol class=\"wp-block-list\"> <li>Die Fischsch\u00e4lmaschine besteht aus Edelstahl, das Kernteil ist speziell w\u00e4rmebehandelt, und die Klinge ist scharf und langlebig.<\/li>    <li>Sie ist einfach zu bedienen und zu warten und hat eine lange Lebensdauer.<\/li>    <li>Die elektrische Fischhaut-Sch\u00e4lmaschine hat eine gro\u00dfe Produktionsleistung, hohe Effizienz und einen guten Sch\u00e4l-Effekt.<\/li>    <li>Der Klingenhalter der Maschine kann eingestellt werden, sodass sie breitfl\u00e4chig zum Sch\u00e4len verschiedener Fischarten eingesetzt werden kann.<\/li> <\/ol>    <h2 class=\"wp-block-heading\" id=\"h-fish-skinning-machine-parameters\">Parameter der Fischhaut-Sch\u00e4lmaschine<\/h2>    <ul class=\"wp-block-list\"> <li>Leistung: 0,75kW<\/li>    <li>Spannung: 380V<\/li>    <li>Gewicht: 120KG<\/li>    <li>Gr\u00f6\u00dfe: 620*630*900MM<\/li>    <li>Verarbeitungsgeschwindigkeit: 40-80 St\u00fcck\/Min<\/li>    <li>Kapazit\u00e4t: 2000-2500KG\/H<\/li> <\/ul>    <p>Fisch innerhalb von 3cm Dicke f\u00fcttern, Fischbreite innerhalb von 40cm.<\/p>    <h2 class=\"wp-block-heading\" id=\"h-commercial-fish-skinner-machine-application\">Anwendung der kommerziellen Fischsch\u00e4lermaschine<\/h2>    <p class=\"translation-block\">Die Fischsch\u00e4lmaschine wird h\u00e4ufig zum Sch\u00e4len von Fischh\u00e4uten bei Kabeljau, Wels, <a href=\"https:\/\/en.wikipedia.org\/wiki\/Salmon\" target=\"_blank\" rel=\"noopener\">Lachs<\/a>, Flunder und anderen Fischen eingesetzt. Die Maschine wird auch h\u00e4ufig zum Sch\u00e4len von Tintenfischh\u00e4uten verwendet. Sie eignet sich f\u00fcr Fischereibetriebe, Lebensmittelverarbeitungsbetriebe und Catering-Unternehmen.<\/p>    <h2 class=\"wp-block-heading\" id=\"h-fish-skinning-machine-parameters\">Wie benutzt man die Maschine, um Fischhaut zu entfernen?<\/h2>    <p>Die automatische Lachs-Fischhaut-Sch\u00e4lmaschine ist einfach zu bedienen. Sie m\u00fcssen nur den Fisch in die Zufuhrrutsche legen, und die Maschine erledigt die Hautarbeit automatisch. Vor der Verwendung dieser Maschine zum Sch\u00e4len sollten Sie eine Fischverarbeitungsmaschine verwenden, um den Fisch in Segmente zu verarbeiten. <\/p>    <p>Wenn Ihr Rohmaterial der ganze Fisch ist, m\u00fcssen Sie eine Fischverarbeitungsmaschine verwenden, um ihn zu verarbeiten. Es umfasst die Schuppenentfernungsmaschine, die Fischbauchschneidemaschine, die Fischkopf- und Schwanzschneidemaschine. Durch die oben genannten Schritte erhalten Sie ein St\u00fcck Fisch. Legen Sie es mit der Hautseite nach unten zum Sch\u00e4len. <\/p>    <h2 class=\"wp-block-heading\" id=\"h-precautions-when-using-the-fish-skin-peeling-machine\">Vorsichtsma\u00dfnahmen bei der Verwendung der Fischhaut-Sch\u00e4lmaschine<\/h2>    <ol class=\"wp-block-list\"> <li>Beim Einsatz dieser Fischhaut-Sch\u00e4lmaschine zum Entfernen der Fischhaut sollte dies in Wasser erfolgen, um die Effizienz des Sch\u00e4len zu gew\u00e4hrleisten. Verbinden Sie den Wasseranschluss mit dem Wasserhahn der Maschine. Schalten Sie dann die Stromversorgung ein, um zu pr\u00fcfen, ob die Wasserversorgung normal ist. Stellen Sie au\u00dferdem sicher, dass der Wasserzufuhrschalter der Maschine beim Sch\u00e4len eingeschaltet ist.<\/li>    <li>Nach l\u00e4ngerer Nutzung \u00f6ffnen Sie die Klingenabdeckung, um den Verschlei\u00dfstatus der Klinge zu \u00fcberpr\u00fcfen. Wenn Sie die Klinge austauschen m\u00fcssen, \u00f6ffnen Sie die Klingenabdeckung und ersetzen Sie sie direkt.<\/li>    <li>Wenn Sie die Klinge nach oben und unten einstellen m\u00f6chten, verwenden Sie einen Schraubenschl\u00fcssel, um die Mutter auf der linken und rechten Seite des Messerhalters zu l\u00f6sen und den Abstand zwischen Klinge und Trommel einzustellen. Beachten Sie, dass der Abstand zwischen Klinge und Trommel angepasst werden sollte; zu gro\u00df oder zu klein wirkt sich direkt auf den Sch\u00e4l-Effekt aus.<\/li>    <li>Nach jedem Gebrauch der\u00a0Fischsch\u00e4lmaschine\u00a0bitte die Maschine mit sauberem Wasser reinigen. Wenn Sie die Maschine l\u00e4ngere Zeit nicht verwenden, lagern Sie sie an einem trockenen und gut bel\u00fcfteten Ort.<\/li> <\/ol>","protected":false},"excerpt":{"rendered":"<p>The commercial fish skinning machine is widely used in peeling salmon, squid, and other species of fish. It needs to use machines such as descaler, fish opener, and other machines to process the fish into segments before using the machine.<\/p>","protected":false},"author":1,"featured_media":1021,"parent":0,"template":"","product-type":[584],"class_list":["post-1018","product","type-product","status-publish","has-post-thumbnail","hentry","product-type-fish"],"_links":{"self":[{"href":"https:\/\/www.meatprocessingmachine.org\/de\/wp-json\/wp\/v2\/product\/1018","targetHints":{"allow":["GET"]}}],"collection":[{"href":"https:\/\/www.meatprocessingmachine.org\/de\/wp-json\/wp\/v2\/product"}],"about":[{"href":"https:\/\/www.meatprocessingmachine.org\/de\/wp-json\/wp\/v2\/types\/product"}],"author":[{"embeddable":true,"href":"https:\/\/www.meatprocessingmachine.org\/de\/wp-json\/wp\/v2\/users\/1"}],"wp:featuredmedia":[{"embeddable":true,"href":"https:\/\/www.meatprocessingmachine.org\/de\/wp-json\/wp\/v2\/media\/1021"}],"wp:attachment":[{"href":"https:\/\/www.meatprocessingmachine.org\/de\/wp-json\/wp\/v2\/media?parent=1018"}],"wp:term":[{"taxonomy":"product-type","embeddable":true,"href":"https:\/\/www.meatprocessingmachine.org\/de\/wp-json\/wp\/v2\/product-type?post=1018"}],"curies":[{"name":"wp","href":"https:\/\/api.w.org\/{rel}","templated":true}]}}