{"id":103,"date":"2018-10-25T06:18:36","date_gmt":"2018-10-24T22:18:36","guid":{"rendered":"http:\/\/www.meatprocessingmachine.org\/?p=103"},"modified":"2022-08-15T09:50:35","modified_gmt":"2022-08-15T01:50:35","slug":"vegetable-and-meat-cutter-and-mixer","status":"publish","type":"product","link":"https:\/\/www.meatprocessingmachine.org\/de\/vegetable-and-meat-cutter-and-mixer.html","title":{"rendered":"Fleischsch\u00fcsselzerkleinerer | Fleisch- und Gem\u00fcseschneider sowie Mixer"},"content":{"rendered":"<div class=\"kk-star-ratings kksr-auto kksr-align-right kksr-valign-top\"     data-payload='{&quot;align&quot;:&quot;right&quot;,&quot;id&quot;:&quot;103&quot;,&quot;slug&quot;:&quot;default&quot;,&quot;valign&quot;:&quot;top&quot;,&quot;ignore&quot;:&quot;&quot;,&quot;reference&quot;:&quot;auto&quot;,&quot;class&quot;:&quot;&quot;,&quot;count&quot;:&quot;0&quot;,&quot;legendonly&quot;:&quot;&quot;,&quot;readonly&quot;:&quot;&quot;,&quot;score&quot;:&quot;0&quot;,&quot;starsonly&quot;:&quot;&quot;,&quot;best&quot;:&quot;5&quot;,&quot;gap&quot;:&quot;5&quot;,&quot;greet&quot;:&quot;Rate this product&quot;,&quot;legend&quot;:&quot;0\\\/5 - (0 votes)&quot;,&quot;size&quot;:&quot;24&quot;,&quot;title&quot;:&quot;Meat bowl chopper | meat vegetable cutter and mixer&quot;,&quot;width&quot;:&quot;0&quot;,&quot;_legend&quot;:&quot;{score}\\\/{best} - ({count} {votes})&quot;,&quot;font_factor&quot;:&quot;1.25&quot;}'>              <div class=\"kksr-stars\">      <div class=\"kksr-stars-inactive\">             <div class=\"kksr-star\" data-star=\"1\" style=\"padding-right: 5px\">               <div class=\"kksr-icon\" style=\"width: 24px; height: 24px;\"><\/div>         <\/div>             <div class=\"kksr-star\" data-star=\"2\" style=\"padding-right: 5px\">               <div class=\"kksr-icon\" style=\"width: 24px; height: 24px;\"><\/div>         <\/div>             <div class=\"kksr-star\" data-star=\"3\" style=\"padding-right: 5px\">               <div class=\"kksr-icon\" style=\"width: 24px; height: 24px;\"><\/div>         <\/div>             <div class=\"kksr-star\" data-star=\"4\" style=\"padding-right: 5px\">               <div class=\"kksr-icon\" style=\"width: 24px; height: 24px;\"><\/div>         <\/div>             <div class=\"kksr-star\" data-star=\"5\" style=\"padding-right: 5px\">               <div class=\"kksr-icon\" style=\"width: 24px; height: 24px;\"><\/div>         <\/div>     <\/div>      <div class=\"kksr-stars-active\" style=\"width: 0px;\">             <div class=\"kksr-star\" style=\"padding-right: 5px\">               <div class=\"kksr-icon\" style=\"width: 24px; height: 24px;\"><\/div>         <\/div>             <div class=\"kksr-star\" style=\"padding-right: 5px\">               <div class=\"kksr-icon\" style=\"width: 24px; height: 24px;\"><\/div>         <\/div>             <div class=\"kksr-star\" style=\"padding-right: 5px\">               <div class=\"kksr-icon\" style=\"width: 24px; height: 24px;\"><\/div>         <\/div>             <div class=\"kksr-star\" style=\"padding-right: 5px\">               <div class=\"kksr-icon\" style=\"width: 24px; height: 24px;\"><\/div>         <\/div>             <div class=\"kksr-star\" style=\"padding-right: 5px\">               <div class=\"kksr-icon\" style=\"width: 24px; height: 24px;\"><\/div>         <\/div>     <\/div> <\/div>                   <div class=\"kksr-legend\" style=\"font-size: 19.2px;\">             <span class=\"kksr-muted\">Bewerten Sie dieses Produkt<\/span>     <\/div>     <\/div>  <p>Der Gem\u00fcse-Fleisch-Schneider und Mixer kann Gem\u00fcse oder Fleisch in feine Partikel schneiden, was zum W\u00fcrfeln von Gem\u00fcse und zur Herstellung von Fleischp\u00fcree verwendet werden kann. Der Fleischsch\u00fcsselhacker verf\u00fcgt \u00fcber Funktionen wie Schneiden, Mischen und R\u00fchren. Fleischsch\u00fcsselhacker k\u00f6nnen als Helfer im Lebensmittelverarbeitungsprozess dienen. Kann in Kantinen, Restaurants, Wurstverarbeitungsbetrieben, Hamburger-Patties-Verarbeitungsanlagen eingesetzt werden.<\/p>   <h2><strong>Einf\u00fchrung des Fleisch-Gem\u00fcse-Schneiders, Mixers und Mahlwerks<\/strong><\/h2> <p>Der Gem\u00fcse- und Fleischschneider und -mixer ist mit einer Turbine und einem Schneckengetriebe ausgestattet, was die Struktur kompakter macht. Der Beh\u00e4lter der Gem\u00fcse- und Fleischschneider und -mixer, alle Materialien sind Edelstahl, langlebig und sch\u00f6n im Design. Der Getriebe des Fleischschneiders besteht aus hochwertigem Aluminiumlegierung und Kupfer-Getriebewellen mit hoher Qualit\u00e4t.<\/p> <p><span class=\"transSent\" data-group=\"0-1\">Es kann nicht nur Fleisch, Hackfleisch und andere Hauptzutaten fein hacken, sondern auch andere Zutaten.<\/span><span class=\"transSent\" data-group=\"0-2\">Wasser, Eis, Gew\u00fcrze und Zubeh\u00f6r (F\u00fcllstoffe) werden mit Fleischschaum vermischt, um eine glatte Milch zu bilden.<\/span><span class=\"transSent\" data-group=\"0-3\">Besonders durch Emulgierung wird die feine Dichte und Elastizit\u00e4t der Darmprodukte erheblich verbessert.<\/span><span class=\"transSent\" data-group=\"0-4\">Hoch- und Niedriggeschwindigkeit der Messer sowie stufenlos regelbare Geschwindigkeitsregler k\u00f6nnen ausgew\u00e4hlt werden, um Schneiden, Mischen, Hacken, Mischen und Emulgieren in einem Schritt durchzuf\u00fchren.<\/span><\/p> <figure id=\"attachment_32664\" aria-describedby=\"caption-attachment-32664\" style=\"width: 720px\" class=\"wp-caption alignnone\"><img loading=\"lazy\" decoding=\"async\" class=\"size-full wp-image-32664\" src=\"https:\/\/www.meatprocessingmachine.org\/wp-content\/uploads\/2018\/10\/vegetable-meat-cutter-and-mixer.png\" alt=\"vegetable meat cutter and mixer\" width=\"720\" height=\"540\" title=\"\" srcset=\"https:\/\/www.meatprocessingmachine.org\/wp-content\/uploads\/2018\/10\/vegetable-meat-cutter-and-mixer.png 720w, https:\/\/www.meatprocessingmachine.org\/wp-content\/uploads\/2018\/10\/vegetable-meat-cutter-and-mixer-300x225.png 300w\" sizes=\"auto, (max-width: 720px) 100vw, 720px\" \/><figcaption id=\"caption-attachment-32664\" class=\"wp-caption-text\">Vegetable Meat Cutting Machine&Nbsp;<\/figcaption><\/figure> <h2>Anwendung des Gem\u00fcse-Fleisch-Schneiders und Mixers<\/h2> <p class=\"translation-block\">Gem\u00fcse-Fleisch-Schneider und Mixer k\u00f6nnen Fleisch, Fisch, Fr\u00fcchte, Gem\u00fcse, N\u00fcsse und Meeresfr\u00fcchte verarbeiten, insbesondere bei der Fleischverarbeitung, was sehr praktisch ist. Diese Lebensmittel k\u00f6nnen in K\u00f6rner oder P\u00fcree geschnitten werden. Die Dicke der Lebensmittelverarbeitung h\u00e4ngt von der Zeit ab und muss entsprechend der eigenen Produktion angepasst werden. Kann zur Herstellung von W\u00fcrsten, Fleischb\u00e4llchen, Patties und Gem\u00fcsew\u00fcrfeln verwendet werden. Nat\u00fcrlich k\u00f6nnen Sie auch einen <a href=\"https:\/\/www.meatprocessingmachine.org\/de\/good-quality-meat-food-stuffing-mixer.html\/\">Fleischmixer<\/a> verwenden, wenn Sie gro\u00dfe Mengen Fleisch auf einmal mischen m\u00fcssen.<\/p>   <figure class=\"wp-block-image\"><img decoding=\"async\" src=\"http:\/\/www.meatprocessingmachine.org\/wp-content\/uploads\/2018\/10\/vegetable-and-meat-cutter09106.jpg\" alt=\"\" title=\"\"><\/figure>    <h2 class=\"wp-block-heading\">Warum einen Fleischsch\u00fcsselhacker verwenden?<\/h2>    <p>Zun\u00e4chst ist die Arbeitseffizienz des Gem\u00fcse-Fleisch-Schneiders und -Mixers hoch. Die Maschine kann die Fleischverarbeitungsarbeit in wenigen Minuten erledigen, und die Arbeitseffizienz wird nach dem Einsatz der Maschine erheblich verbessert. Zweitens ist die Struktur des Fleischsch\u00fcsselhackers fein. Die Messer-Geschwindigkeit, Topfgeschwindigkeit und der Abstand zwischen Hackmesser und Topf k\u00f6nnen optimal kombiniert werden, sodass die Feinheit der gehackten Produkte gut ist, die Temperaturerh\u00f6hung gering ist und die Hackzeit kurz ist, insbesondere bei der Feinheit und Elastizit\u00e4t der Wurstprodukte. Die Elastizit\u00e4t und Feinheit der Fleischprodukte werden maximiert. Au\u00dferdem hat die Maschine viele Funktionen. Sie kann nicht nur Fleisch schneiden, sondern auch Gew\u00fcrze und andere Zutaten in der Reihenfolge der Lebensmittelverarbeitung hinzuf\u00fcgen. Der Mincing-Prozess schlie\u00dft auch den Marinier-Schritt des Fleisches ab, was Zeit spart.<\/p>    <figure class=\"wp-block-gallery has-nested-images columns-default is-cropped wp-block-gallery-2 is-layout-flex wp-block-gallery-is-layout-flex\"> <figure class=\"wp-block-image size-large\"><img loading=\"lazy\" decoding=\"async\" width=\"286\" height=\"220\" data-id=\"32665\" src=\"https:\/\/www.meatprocessingmachine.org\/wp-content\/uploads\/2018\/10\/meat-bowel-chopper-1.png\" alt=\"meat bowl chopper\" class=\"wp-image-32665\" title=\"\"><figcaption>Fleischsch\u00fcsselhacker <\/figcaption><\/figure>    <figure class=\"wp-block-image size-large\"><img loading=\"lazy\" decoding=\"async\" width=\"286\" height=\"220\" data-id=\"32666\" src=\"https:\/\/www.meatprocessingmachine.org\/wp-content\/uploads\/2018\/10\/meat-bowel-chopper-.png\" alt=\"meat bowl chopper\" class=\"wp-image-32666\" title=\"\"><figcaption>Fleischsch\u00fcsselhacker<\/figcaption><\/figure> <\/figure>    <h2 class=\"wp-block-heading\" id=\"h-specification-of-meat-vegetable-cutter-and-mixer\">Spezifikation des Fleisch-Gem\u00fcse-Schneiders und Mixers<\/h2>    <figure class=\"wp-block-table\"><table><tbody><tr><td><strong>Modell<\/strong><\/td><td><strong>SL-20<\/strong><\/td><td><strong>SL-40<\/strong><\/td><td><strong>SL-80<\/strong><\/td><td><strong>SL-125<\/strong><\/td><td><strong>1. Stellen Sie die Maschine reibungslos in die Arbeitsposition.<\/strong><\/td><\/tr><tr><td><strong>Verarbeitungsleistung (kg\/pro Durchlauf)<\/strong><\/td><td><strong>10-15<\/strong><\/td><td><strong>20-30<\/strong><\/td><td><strong>40-50<\/strong><\/td><td><strong>70-80<\/strong><\/td><td><strong>100-140<\/strong><\/td><\/tr><tr><td><strong>Topfvolumen (L)<\/strong><\/td><td><strong>20<\/strong><\/td><td><strong>40<\/strong><\/td><td><strong>80<\/strong><\/td><td><strong>125<\/strong><\/td><td><strong>200<\/strong><\/td><\/tr><tr><td><strong>Leistung (KW)<\/strong><\/td><td><strong>2.55<\/strong><\/td><td><strong>6.25<\/strong><\/td><td><strong>23<\/strong><\/td><td><strong>27<\/strong><\/td><td><strong>63<\/strong><\/td><\/tr><tr><td><strong>Dateianzahl<\/strong><\/td><td><strong>3<\/strong><\/td><td><strong>3<\/strong><\/td><td><strong>6<\/strong><\/td><td><strong>6<\/strong><\/td><td><strong>6<\/strong><\/td><\/tr><tr><td><strong>Schnittgeschwindigkeit des Topfes (U\/min)<\/strong><\/td><td><strong>16<\/strong><\/td><td><strong>12<\/strong><\/td><td><strong>8\/12<\/strong><\/td><td><strong>8\/12<\/strong><\/td><td><strong>8\/12\/16<\/strong><\/td><\/tr><tr><td><strong>Geschwindigkeit des Filetierers (U\/min)<\/strong><\/td><td><strong>1650\/3300<\/strong><\/td><td><strong>1800\/3600<\/strong><\/td><td><strong>126\/1800\/3600<\/strong><\/td><td><strong>126\/1800\/3600<\/strong><\/td><td><strong>200\/1900*3800<\/strong><\/td><\/tr><tr><td><strong>Abmessungen (U\/min)<\/strong><\/td><td><strong>770*650*980<\/strong><\/td><td><strong>1245*810*1094<\/strong><\/td><td><strong>2300*1020*1195<\/strong><\/td><td><strong>2400*1420*1300<\/strong><\/td><td><strong>2580*2400*1960<\/strong><\/td><\/tr><tr><td><strong>Gewicht (KG)<\/strong><\/td><td><strong>215<\/strong><\/td><td><strong>480<\/strong><\/td><td><strong>1100<\/strong><\/td><td><strong>1300<\/strong><\/td><td><strong>&nbsp;3800<\/strong><\/td><\/tr><tr><td><strong>Stromversorgung<\/strong><\/td><td><strong>380V<\/strong><\/td><td><strong>380V<\/strong><\/td><td><strong>380V<\/strong><\/td><td><strong>380V<\/strong><\/td><td><strong>380V<\/strong><\/td><\/tr><\/tbody><\/table><\/figure>    <p>Oben ist die Parameters-Tabelle der Hackmaschine. Aus der Tabelle ist ersichtlich, dass die Maschine f\u00fcnf Modelle hat. Das Modell der Maschine ist nach dem Volumen des Topfes nummeriert. Das kleinste Topfvolumen betr\u00e4gt 20L, das gr\u00f6\u00dfte 200L. Die Gr\u00f6\u00dfe der Maschine ist unterschiedlich, die Schnittgeschwindigkeit des Messers beim Fleischschneiden ist ebenfalls verschieden, und die Gro\u00dfmaschinen verf\u00fcgen \u00fcber unterschiedliche G\u00e4nge zur Einstellung.<\/p>    <figure class=\"wp-block-image is-resized\"><img loading=\"lazy\" decoding=\"async\" src=\"http:\/\/www.meatprocessingmachine.org\/wp-content\/uploads\/2018\/10\/vegetable-and-meat-cutter08105.jpg\" alt=\"Fleisch-Gem\u00fcse-Schneider und Mixer\" width=\"840\" height=\"853\" title=\"\"><figcaption>Fleisch-Gem\u00fcse-Schneider und Mixer<\/figcaption><\/figure>    <h2 class=\"wp-block-heading\">Funktionsprinzip des Fleisch-Gem\u00fcse-Schneiders, Mixers und Mahlwerks <\/h2>    <p>Durch die Hackaktion des Hochgeschwindigkeitsrotations-Hackers werden die Hauptrohstoffe wie Fleisch, Hackfleisch und Fett fein gehackt, um Fleischf\u00fcllung oder Fleischp\u00fcree zu erhalten, und andere Rohstoffe wie Wasser, Borneol und Hilfsstoffe werden gleichm\u00e4\u00dfig eingemischt.<\/p>    <h2 class=\"wp-block-heading\">Merkmale des Fleisch-Gem\u00fcse-Schneiders, Mixers und Mahlwerks<\/h2>    <p>1. Der Frequenzumrichter und der Frequenzumrichtermotor werden so ausgew\u00e4hlt, dass die Schnittgeschwindigkeit beliebig zwischen 300-4500 rpm eingestellt werden kann, das Messer ist scharf, und der Hochgeschwindigkeitsbetrieb ist stabil. Die Maschine arbeitet leise und effizient.<\/p>    <p>2. Der Hacker ist aus importierten Materialien gefertigt und durch Handwerkskunst verarbeitet, und der Hacker wird an einer Stelle durch die Bearbeitungszentrum geformt. Er besteht vollst\u00e4ndig aus Edelstahl und verf\u00fcgt \u00fcber einen \u00dcberlauf-sicheren Topfrand, um Materialaustritt und \u00dcberlauf zu verhindern.<\/p>    <p>3. Der Hacktopf ist zweistufig, kann mit dem Hackmesser bei beliebiger Geschwindigkeit kombiniert werden, die Hack- und Mischzeit ist kurz, und die Temperaturerh\u00f6hung des Materials ist gering.<\/p>    <p>4. Bei Hochgeschwindigkeitsbetrieb ist der Betrieb stabil und ger\u00e4uschlos, und der Abstand zwischen Hackmesser und Hacktopf betr\u00e4gt weniger als 1,5 mm, um die Hackwirkung zu gew\u00e4hrleisten.<\/p>    <p>6. Ausgestattet mit einem Entleerungsger\u00e4t, ist die Entleerung bequem und sauber. Der Hacker kann eine Tiefenverarbeitung von Fleisch, Fr\u00fcchten, Gem\u00fcse, Meeresfr\u00fcchten und Gew\u00fcrzen durchf\u00fchren. Die Hochgeschwindigkeitsrotation des Messers kann die Laufzeit verk\u00fcrzen, die Hitzeentwicklung des Materials reduzieren und die Farbe der F\u00fcllung erhalten.<\/p>    <figure class=\"wp-block-image size-full\"><img loading=\"lazy\" decoding=\"async\" width=\"720\" height=\"340\" src=\"https:\/\/www.meatprocessingmachine.org\/wp-content\/uploads\/2018\/10\/Meat-vegetable-cutter-and-mixer.png\" alt=\"Fleisch-Gem\u00fcse-Schneider und Mixer\" class=\"wp-image-32668\" title=\"\" srcset=\"https:\/\/www.meatprocessingmachine.org\/wp-content\/uploads\/2018\/10\/Meat-vegetable-cutter-and-mixer.png 720w, https:\/\/www.meatprocessingmachine.org\/wp-content\/uploads\/2018\/10\/Meat-vegetable-cutter-and-mixer-300x142.png 300w\" sizes=\"auto, (max-width: 720px) 100vw, 720px\" \/><figcaption>Fleisch-Gem\u00fcse-Hacken und Mixer<\/figcaption><\/figure>    <h2 class=\"wp-block-heading\">Aufbau des Fleischhackers<\/h2>    <p>Der Fleisch-Gem\u00fcse-Schneider und -Mixer besteht aus einem Hackmesser, einer Messerschaft, einem Rahmen und einem elektrischen Steuerungssystem. Der Schneidtopf wird vom Motor bei niedriger Geschwindigkeit durch das Getriebe gedreht und das Messersatz wird kontinuierlich zugef\u00fchrt. Die Messerschaft wird von einem Zweigangmotor (oder Frequenzumrichter) angetrieben, der bei hoher Geschwindigkeit \u00fcber den Riemen rotiert. W\u00e4hrend die Rohstoffe sich spiralartig im Hacktopf bewegen, werden sie durch die Messersatz ger\u00fchrt und gehackt, um Luft aus dem Hackfleisch zu entfernen. Durch das Hochgeschwindigkeits-Hacken des Messers wird die Trennrate von Fl\u00fcssigkeit und Saft des Produkts verringert, und die Elastizit\u00e4t sowie die Feinheit des Produkts werden verbessert.<\/p>    <h2 class=\"wp-block-heading\">Verwendungsvoraussetzungen f\u00fcr Gem\u00fcse-Fleisch-Schneider und Mixer<\/h2>    <figure class=\"wp-block-image size-full\"><img loading=\"lazy\" decoding=\"async\" width=\"720\" height=\"540\" src=\"https:\/\/www.meatprocessingmachine.org\/wp-content\/uploads\/2018\/10\/Meat-vegetable-cutter-and-mixer-1.png\" alt=\"Fleisch-Gem\u00fcse-Schneider und Mixer\" class=\"wp-image-32669\" title=\"\" srcset=\"https:\/\/www.meatprocessingmachine.org\/wp-content\/uploads\/2018\/10\/Meat-vegetable-cutter-and-mixer-1.png 720w, https:\/\/www.meatprocessingmachine.org\/wp-content\/uploads\/2018\/10\/Meat-vegetable-cutter-and-mixer-1-300x225.png 300w\" sizes=\"auto, (max-width: 720px) 100vw, 720px\" \/><figcaption>Fleischschneider und -mixer<\/figcaption><\/figure>    <p>1. Halten Sie das Innere des rotierenden Topfes sauber, und es ist strengstens verboten, Unrat zu platzieren.&nbsp;<\/p>    <p>2. Decken Sie den Topf vor dem Start des Hackers ab. Andernfalls kann die Maschine nicht ordnungsgem\u00e4\u00df arbeiten.&nbsp;<\/p>    <p>3. Wenn beim F\u00fcttern ein Gabelstecker vorhanden ist, betreten Sie nicht den rotierenden Topf, um das Material mit der Hand zu dr\u00fccken, da dies gef\u00e4hrlich ist, wenn die rotierende Klinge ber\u00fchrt wird. Wenn der Topfdrehmotor deutlich \u00fcberlastet ist, wird empfohlen, den Topf bei niedriger Geschwindigkeit zu drehen und die Messerschnelligkeit zu verringern.&nbsp;<\/p>    <p>4. Um das Ph\u00e4nomen des Fleischblockierens im rotierenden Topf zu vermeiden, f\u00fcgen Sie beim F\u00fcttern nicht zu viel Material auf einmal hinzu. W\u00e4hrend des Betriebs sollte Wasser angemessen hinzugef\u00fcgt werden.&nbsp;<\/p>    <p>5. Achten Sie auf Feuchtigkeits- und Wasserdichtigkeit, insbesondere bei der Verteilerbox, und waschen Sie diese nicht unter Hochdruck mit Wasser.<\/p>    <h2 class=\"wp-block-heading\">Video des Fleisch-Gem\u00fcse-Schneiders<\/h2>    <figure class=\"wp-block-embed is-type-video is-provider-youtube wp-block-embed-youtube\"><div class=\"wp-block-embed__wrapper\"> <iframe loading=\"lazy\" title=\"Bester Fleischsch\u00fcsselhacker | Fleisch-Gem\u00fcse-Schneider und Mixer | Chili-Schneider und -Mahlmaschine\" width=\"500\" height=\"281\" src=\"https:\/\/www.youtube.com\/embed\/COlE_tG9eAs?feature=oembed\" frameborder=\"0\" allow=\"accelerometer; autoplay; clipboard-write; encrypted-media; gyroscope; picture-in-picture; web-share\" referrerpolicy=\"strict-origin-when-cross-origin\" allowfullscreen><\/iframe> <\/div><figcaption>Fleisch-Gem\u00fcse-Schneider und Mixer<\/figcaption><\/figure>","protected":false},"excerpt":{"rendered":"<p>ables and making meat into a puree. The meat bowl chopper has functions such as cutting, mixing, and stirring. Meat bowl choppers can act as helpers in the food processing process. Can be used in canteens, restaurants, sausage processing plants, hamburger patties processing plants.<\/p>","protected":false},"author":1,"featured_media":32707,"parent":0,"template":"","product-type":[589],"class_list":["post-103","product","type-product","status-publish","has-post-thumbnail","hentry","product-type-meat-cutting-machine"],"_links":{"self":[{"href":"https:\/\/www.meatprocessingmachine.org\/de\/wp-json\/wp\/v2\/product\/103","targetHints":{"allow":["GET"]}}],"collection":[{"href":"https:\/\/www.meatprocessingmachine.org\/de\/wp-json\/wp\/v2\/product"}],"about":[{"href":"https:\/\/www.meatprocessingmachine.org\/de\/wp-json\/wp\/v2\/types\/product"}],"author":[{"embeddable":true,"href":"https:\/\/www.meatprocessingmachine.org\/de\/wp-json\/wp\/v2\/users\/1"}],"wp:featuredmedia":[{"embeddable":true,"href":"https:\/\/www.meatprocessingmachine.org\/de\/wp-json\/wp\/v2\/media\/32707"}],"wp:attachment":[{"href":"https:\/\/www.meatprocessingmachine.org\/de\/wp-json\/wp\/v2\/media?parent=103"}],"wp:term":[{"taxonomy":"product-type","embeddable":true,"href":"https:\/\/www.meatprocessingmachine.org\/de\/wp-json\/wp\/v2\/product-type?post=103"}],"curies":[{"name":"wp","href":"https:\/\/api.w.org\/{rel}","templated":true}]}}