{"id":122,"date":"2018-10-25T06:37:25","date_gmt":"2018-10-24T22:37:25","guid":{"rendered":"http:\/\/www.meatprocessingmachine.org\/?p=122"},"modified":"2026-02-12T16:41:47","modified_gmt":"2026-02-12T08:41:47","slug":"hydraulic-enema-machine","status":"publish","type":"product","link":"https:\/\/www.meatprocessingmachine.org\/de\/hydraulic-enema-machine.html","title":{"rendered":"Hydraulisches Einlaufger\u00e4t"},"content":{"rendered":"<div class=\"kk-star-ratings kksr-auto kksr-align-right kksr-valign-top\"     data-payload='{&quot;align&quot;:&quot;right&quot;,&quot;id&quot;:&quot;122&quot;,&quot;slug&quot;:&quot;default&quot;,&quot;valign&quot;:&quot;top&quot;,&quot;ignore&quot;:&quot;&quot;,&quot;reference&quot;:&quot;auto&quot;,&quot;class&quot;:&quot;&quot;,&quot;count&quot;:&quot;0&quot;,&quot;legendonly&quot;:&quot;&quot;,&quot;readonly&quot;:&quot;&quot;,&quot;score&quot;:&quot;0&quot;,&quot;starsonly&quot;:&quot;&quot;,&quot;best&quot;:&quot;5&quot;,&quot;gap&quot;:&quot;5&quot;,&quot;greet&quot;:&quot;Rate this product&quot;,&quot;legend&quot;:&quot;0\\\/5 - (0 votes)&quot;,&quot;size&quot;:&quot;24&quot;,&quot;title&quot;:&quot;Hydraulic Enema Machine&quot;,&quot;width&quot;:&quot;0&quot;,&quot;_legend&quot;:&quot;{score}\\\/{best} - ({count} {votes})&quot;,&quot;font_factor&quot;:&quot;1.25&quot;}'>              <div class=\"kksr-stars\">      <div class=\"kksr-stars-inactive\">             <div class=\"kksr-star\" data-star=\"1\" style=\"padding-right: 5px\">               <div class=\"kksr-icon\" style=\"width: 24px; height: 24px;\"><\/div>         <\/div>             <div class=\"kksr-star\" data-star=\"2\" style=\"padding-right: 5px\">               <div class=\"kksr-icon\" style=\"width: 24px; height: 24px;\"><\/div>         <\/div>             <div class=\"kksr-star\" data-star=\"3\" style=\"padding-right: 5px\">               <div class=\"kksr-icon\" style=\"width: 24px; height: 24px;\"><\/div>         <\/div>             <div class=\"kksr-star\" data-star=\"4\" style=\"padding-right: 5px\">               <div class=\"kksr-icon\" style=\"width: 24px; height: 24px;\"><\/div>         <\/div>             <div class=\"kksr-star\" data-star=\"5\" style=\"padding-right: 5px\">               <div class=\"kksr-icon\" style=\"width: 24px; height: 24px;\"><\/div>         <\/div>     <\/div>      <div class=\"kksr-stars-active\" style=\"width: 0px;\">             <div class=\"kksr-star\" style=\"padding-right: 5px\">               <div class=\"kksr-icon\" style=\"width: 24px; height: 24px;\"><\/div>         <\/div>             <div class=\"kksr-star\" style=\"padding-right: 5px\">               <div class=\"kksr-icon\" style=\"width: 24px; height: 24px;\"><\/div>         <\/div>             <div class=\"kksr-star\" style=\"padding-right: 5px\">               <div class=\"kksr-icon\" style=\"width: 24px; height: 24px;\"><\/div>         <\/div>             <div class=\"kksr-star\" style=\"padding-right: 5px\">               <div class=\"kksr-icon\" style=\"width: 24px; height: 24px;\"><\/div>         <\/div>             <div class=\"kksr-star\" style=\"padding-right: 5px\">               <div class=\"kksr-icon\" style=\"width: 24px; height: 24px;\"><\/div>         <\/div>     <\/div> <\/div>                   <div class=\"kksr-legend\" style=\"font-size: 19.2px;\">             <span class=\"kksr-muted\">Bewerten Sie dieses Produkt<\/span>     <\/div>     <\/div> <h2>Kurze Einf\u00fchrung<\/h2> <p class=\"translation-block\"><strong>Hydraulische Einlaufmaschine<\/strong> ist eine notwendige Wurstf\u00fcllmaschine. Die<strong> Hydraulische Wurstf\u00fcllmaschine<\/strong> ist breit anwendbar auf eine Vielzahl von Darmf\u00fcllsystemen, insbesondere bei trockeneren F\u00fcllungen und Fleischf\u00fcllungen. Der obere Teil der Maschine verf\u00fcgt \u00fcber einen Lagerbeh\u00e4lter und ein Scheibenventil, ein kontinuierliches Umkehr-Bew\u00e4sserungssystem, das die Arbeitseffizienz verbessert.<\/p>   <h2 class=\"wp-block-heading\"><strong>Merkmale<\/strong><\/h2>    <p class=\"translation-block\">1. Es kann gro\u00dfe, mittlere und kleine Darmprodukte verschiedener Spezifikationen herstellen.<br>2. Dieses Produkt hat ein sch\u00f6nes Erscheinungsbild, feine Verarbeitung, einfache Bedienung und sichere, zuverl\u00e4ssige Funktion.<br>3.<strong>Hydraulische Wurstmaschine<\/strong> Der Trichter, das Ventil, das Einlaufrohr und die Au\u00dfenverpackung sind aus hochwertigem Edelstahl gefertigt.<br>4. Das Material des Zylinders kann entsprechend den Kundenanforderungen gew\u00e4hlt werden, um h\u00f6here lebensmittelsicherheitsanforderungen zu erf\u00fcllen.<br>5.<strong>Hydraulische Wurstmaschine<\/strong> Gilt f\u00fcr Schafsd\u00e4rme, Schweined\u00e4rme, Kollagen-D\u00e4rme, Kunststoffd\u00e4rme.<\/p>    <figure class=\"wp-block-image\"><img decoding=\"async\" src=\"http:\/\/www.meatprocessingmachine.org\/wp-content\/uploads\/2018\/10\/hydraulic-sausage-stuffer8136.jpg\" alt=\"\" title=\"\"><\/figure>    <h2 class=\"wp-block-heading\"><strong>Spezifikationen<\/strong><\/h2>    <p class=\"translation-block\"><strong> <\/strong>1. Edelstahl-Wurstmaschine<br>2. Fein gestaltet, hohe Qualit\u00e4t<br>3. Kapazit\u00e4t: 100~500kg<br>4. F\u00fcr alle Wurstarten geeignet<\/p>    <div class=\"wp-block-columns is-layout-flex wp-container-core-columns-is-layout-9d6595d7 wp-block-columns-is-layout-flex\"> <div class=\"wp-block-column is-layout-flow wp-block-column-is-layout-flow\"> <figure class=\"wp-block-image size-large\"><img loading=\"lazy\" decoding=\"async\" width=\"650\" height=\"433\" src=\"http:\/\/www.meatprocessingmachine.org\/wp-content\/uploads\/2020\/06\/details-of-Hydraulic-Enema-Machine.jpg\" alt=\"details of Hydraulic Enema Machine\" class=\"wp-image-733\" title=\"\" srcset=\"https:\/\/www.meatprocessingmachine.org\/wp-content\/uploads\/2020\/06\/details-of-Hydraulic-Enema-Machine.jpg 650w, https:\/\/www.meatprocessingmachine.org\/wp-content\/uploads\/2020\/06\/details-of-Hydraulic-Enema-Machine-300x200.jpg 300w\" sizes=\"auto, (max-width: 650px) 100vw, 650px\" \/><figcaption><\/figcaption><\/figure> <\/div>    <div class=\"wp-block-column is-layout-flow wp-block-column-is-layout-flow\"> <figure class=\"wp-block-image size-large\"><img loading=\"lazy\" decoding=\"async\" width=\"1024\" height=\"683\" src=\"http:\/\/www.meatprocessingmachine.org\/wp-content\/uploads\/2020\/06\/details-of-Hydraulic-Enema-Machine.-1024x683.jpg\" alt=\"details of Hydraulic Enema Machine\" class=\"wp-image-734\" title=\"\" srcset=\"https:\/\/www.meatprocessingmachine.org\/wp-content\/uploads\/2020\/06\/details-of-Hydraulic-Enema-Machine.-1024x683.jpg 1024w, https:\/\/www.meatprocessingmachine.org\/wp-content\/uploads\/2020\/06\/details-of-Hydraulic-Enema-Machine.-300x200.jpg 300w, https:\/\/www.meatprocessingmachine.org\/wp-content\/uploads\/2020\/06\/details-of-Hydraulic-Enema-Machine.-768x512.jpg 768w, https:\/\/www.meatprocessingmachine.org\/wp-content\/uploads\/2020\/06\/details-of-Hydraulic-Enema-Machine.-1536x1024.jpg 1536w, https:\/\/www.meatprocessingmachine.org\/wp-content\/uploads\/2020\/06\/details-of-Hydraulic-Enema-Machine.-2048x1365.jpg 2048w\" sizes=\"auto, (max-width: 1024px) 100vw, 1024px\" \/><figcaption><\/figcaption><\/figure>    <p><\/p> <\/div> <\/div>    <h2 class=\"wp-block-heading\"><strong>Technische Parameter<\/strong><\/h2>    <figure class=\"wp-block-table\"><table><tbody><tr><td>Modell<\/td><td>Fassungsverm\u00f6gen des Fasses (L)<\/td><td>SL-150<\/td><\/tr><tr><td>50L<\/td><td>Gesamtleistung (kW)<\/td><td>F\u00fclldurchmesser (mm)<\/td><\/tr><tr><td>Gewicht (kg)<\/td><td>1.5<\/td><td>1.5<\/td><\/tr><tr><td>\u00dcberdimensionierung (mm)<\/td><td>12-48<\/td><td>12-48<\/td><\/tr><tr><td>Gewicht(kg)<\/td><td>360<\/td><td>400<\/td><\/tr><tr><td>Fortschrittliche Technologie, stabile Leistung, einfache Bedienung und bequeme Wartung. Nach der Einstellung des Arbeitsdrucks der Kolbenhydraulik wird das Material im Zylinder unter der Wirkung des Hydraulikzylinders erweitert, insbesondere bei trockener Verpackung, was effektiver ist als andere W\u00fcrste.<\/td><td>1050*670*1680<\/td><td>1150*700*1760<\/td><\/tr><\/tbody><\/table><\/figure>    <figure class=\"wp-block-image\"><img decoding=\"async\" src=\"http:\/\/www.meatprocessingmachine.org\/wp-content\/uploads\/2018\/10\/hydraulic-sausage-stuffer1129.jpg\" alt=\"\" title=\"\"><\/figure>    <h2 class=\"wp-block-heading\"><strong>Vorteil<\/strong><\/h2>    <ol class=\"wp-block-list\"><li>Hoher Automatisierungsgrad, Zeit- und Arbeitsersparnis.<\/li><li> Spezielle Behandlung der Schl\u00fcsselkomponenten, langlebiger Verschlei\u00df, Steuerungsteile sind importierte Komponenten.<\/li><li>Das Erscheinungsbild verwendet fortschrittliche Oberfl\u00e4chenbehandlungstechnologie, sch\u00f6nes Aussehen, kompakte Struktur, einfache Bedienung und bequeme Wartung.<\/li><li>Mit Sicherheitsabdeckungen ausgestattet,<\/li><li>Hydraulische Wurstmaschine<\/li><li>ist ideal f\u00fcr die Fleischverarbeitung. <strong>Die Entladegeschwindigkeit ist schnell, der Darmk\u00f6rper ist gleichm\u00e4\u00dfig, die fleisch\u00e4hnliche Darmf\u00fcllung kann gef\u00fcllt werden, und der Darm kann gef\u00fcllt werden, was flexibel und bequem ist. Es ist einfach zu f\u00fcttern, hoch effizient und hat eine gute kontinuierliche Produktionskapazit\u00e4t.<\/strong> ist leicht zu reinigen und eignet sich f\u00fcr verschiedene Produktionsbetriebe.<\/li><li>Die hydraulische Wurstf\u00fcllmaschine ist leistungsst\u00e4rker als die pneumatische Wurstf\u00fcllmaschine und kann Fleischw\u00fcrste leicht f\u00fcllen.<strong>Die Entladegeschwindigkeit ist schnell, der Darmk\u00f6rper ist gleichm\u00e4\u00dfig, die fleisch\u00e4hnliche Darmf\u00fcllung kann gef\u00fcllt werden, und der Darm kann gef\u00fcllt werden, was flexibel und bequem ist. Es ist einfach zu f\u00fcttern, hoch effizient und hat eine gute kontinuierliche Produktionskapazit\u00e4t.\u00a0<\/strong>Verbreiten Sie die Liebe<\/li><li>Shuliy<\/li><\/ol>","protected":false},"excerpt":{"rendered":"<p>Brief Introduce Hydraulic Enema Machine is a necessary sausage filling equipment. The Hydraulic Sausage Stuffer Machine is widely applicable to&nbsp; a variety of intestinal filling systems,especially to the drier fillings and meat fillings . The machine upper part has a storage hopper and disc valve,continuously&nbsp; flipping irrigation system, which improve the work efficiency. Features 1.It [&hellip;]<\/p>\n","protected":false},"author":1,"featured_media":43,"parent":0,"template":"","product-type":[598],"class_list":["post-122","product","type-product","status-publish","has-post-thumbnail","hentry","product-type-supporting-auxiliary-equipment"],"_links":{"self":[{"href":"https:\/\/www.meatprocessingmachine.org\/de\/wp-json\/wp\/v2\/product\/122","targetHints":{"allow":["GET"]}}],"collection":[{"href":"https:\/\/www.meatprocessingmachine.org\/de\/wp-json\/wp\/v2\/product"}],"about":[{"href":"https:\/\/www.meatprocessingmachine.org\/de\/wp-json\/wp\/v2\/types\/product"}],"author":[{"embeddable":true,"href":"https:\/\/www.meatprocessingmachine.org\/de\/wp-json\/wp\/v2\/users\/1"}],"wp:featuredmedia":[{"embeddable":true,"href":"https:\/\/www.meatprocessingmachine.org\/de\/wp-json\/wp\/v2\/media\/43"}],"wp:attachment":[{"href":"https:\/\/www.meatprocessingmachine.org\/de\/wp-json\/wp\/v2\/media?parent=122"}],"wp:term":[{"taxonomy":"product-type","embeddable":true,"href":"https:\/\/www.meatprocessingmachine.org\/de\/wp-json\/wp\/v2\/product-type?post=122"}],"curies":[{"name":"wp","href":"https:\/\/api.w.org\/{rel}","templated":true}]}}