{"id":128,"date":"2018-10-25T06:51:15","date_gmt":"2018-10-24T22:51:15","guid":{"rendered":"http:\/\/www.meatprocessingmachine.org\/?p=128"},"modified":"2026-02-12T16:41:13","modified_gmt":"2026-02-12T08:41:13","slug":"sausage-binding-tying-machine","status":"publish","type":"product","link":"https:\/\/www.meatprocessingmachine.org\/de\/sausage-binding-tying-machine.html","title":{"rendered":"Wurstbindedrahtmaschine"},"content":{"rendered":"<div class=\"kk-star-ratings kksr-auto kksr-align-right kksr-valign-top\"     data-payload='{&quot;align&quot;:&quot;right&quot;,&quot;id&quot;:&quot;128&quot;,&quot;slug&quot;:&quot;default&quot;,&quot;valign&quot;:&quot;top&quot;,&quot;ignore&quot;:&quot;&quot;,&quot;reference&quot;:&quot;auto&quot;,&quot;class&quot;:&quot;&quot;,&quot;count&quot;:&quot;0&quot;,&quot;legendonly&quot;:&quot;&quot;,&quot;readonly&quot;:&quot;&quot;,&quot;score&quot;:&quot;0&quot;,&quot;starsonly&quot;:&quot;&quot;,&quot;best&quot;:&quot;5&quot;,&quot;gap&quot;:&quot;5&quot;,&quot;greet&quot;:&quot;Rate this product&quot;,&quot;legend&quot;:&quot;0\\\/5 - (0 votes)&quot;,&quot;size&quot;:&quot;24&quot;,&quot;title&quot;:&quot;Sausage Binding Wire Machine&quot;,&quot;width&quot;:&quot;0&quot;,&quot;_legend&quot;:&quot;{score}\\\/{best} - ({count} {votes})&quot;,&quot;font_factor&quot;:&quot;1.25&quot;}'>              <div class=\"kksr-stars\">      <div class=\"kksr-stars-inactive\">             <div class=\"kksr-star\" data-star=\"1\" style=\"padding-right: 5px\">               <div class=\"kksr-icon\" style=\"width: 24px; height: 24px;\"><\/div>         <\/div>             <div class=\"kksr-star\" data-star=\"2\" style=\"padding-right: 5px\">               <div class=\"kksr-icon\" style=\"width: 24px; height: 24px;\"><\/div>         <\/div>             <div class=\"kksr-star\" data-star=\"3\" style=\"padding-right: 5px\">               <div class=\"kksr-icon\" style=\"width: 24px; height: 24px;\"><\/div>         <\/div>             <div class=\"kksr-star\" data-star=\"4\" style=\"padding-right: 5px\">               <div class=\"kksr-icon\" style=\"width: 24px; height: 24px;\"><\/div>         <\/div>             <div class=\"kksr-star\" data-star=\"5\" style=\"padding-right: 5px\">               <div class=\"kksr-icon\" style=\"width: 24px; height: 24px;\"><\/div>         <\/div>     <\/div>      <div class=\"kksr-stars-active\" style=\"width: 0px;\">             <div class=\"kksr-star\" style=\"padding-right: 5px\">               <div class=\"kksr-icon\" style=\"width: 24px; height: 24px;\"><\/div>         <\/div>             <div class=\"kksr-star\" style=\"padding-right: 5px\">               <div class=\"kksr-icon\" style=\"width: 24px; height: 24px;\"><\/div>         <\/div>             <div class=\"kksr-star\" style=\"padding-right: 5px\">               <div class=\"kksr-icon\" style=\"width: 24px; height: 24px;\"><\/div>         <\/div>             <div class=\"kksr-star\" style=\"padding-right: 5px\">               <div class=\"kksr-icon\" style=\"width: 24px; height: 24px;\"><\/div>         <\/div>             <div class=\"kksr-star\" style=\"padding-right: 5px\">               <div class=\"kksr-icon\" style=\"width: 24px; height: 24px;\"><\/div>         <\/div>     <\/div> <\/div>                   <div class=\"kksr-legend\" style=\"font-size: 19.2px;\">             <span class=\"kksr-muted\">Bewerten Sie dieses Produkt<\/span>     <\/div>     <\/div>  <p class=\"translation-block\"><span class=\"transSent\" data-group=\"0-0\">Taizy Wurstbindedrahtmaschine wird f\u00fcr die quantitative und segmentierte Verarbeitung von Darmprodukten verwendet.<\/span> <span class=\"transSent\" data-group=\"0-0\">In unserem Unternehmen gibt es automatische und halbautomatische Modelle. Benutzer k\u00f6nnen je nach Gleichm\u00e4\u00dfigkeit der Produktion und H\u00fclle das passende Ger\u00e4t w\u00e4hlen.<\/span>Dies ist eine notwendige Maschine in der <a href=\"https:\/\/www.meatprocessingmachine.org\/de\/sausage-production-line-for-sausage-making.html\/\">Wurstproduktionslinie<\/a>.<\/p>    <h2 class=\"wp-block-heading\" id=\"h-introduction-of-the-sausage-binding-wire-machine\">Einf\u00fchrung der Wurstbindedrahtmaschine<\/h2>    <ol class=\"wp-block-list\"> <li>Die Wurstbindedrahtmaschine ist aus Edelstahl gefertigt. Ihre Struktur ist kompakt, sie ist einfach zu bedienen, praktisch und sch\u00f6n. Es ist eine ideale Ausr\u00fcstung f\u00fcr <a href=\"https:\/\/en.wikipedia.org\/wiki\/Sausage\" target=\"_blank\" rel=\"noopener\">Wurst<\/a>s und D\u00e4rme.<\/li>    <li>Die Wurstbindedrahtmaschine verwendet einen fortschrittlichen importierten Servomotor und das neue, firmeneigene Mensch-Maschine-Interface-Steuerungssystem, die Vorteile sind hohe Effizienz, einfache Steuerung und Materialeinsparung bei der Produktion.<\/li>    <li>Die L\u00e4nge und der Durchmesser des Produkts k\u00f6nnen entsprechend den Anforderungen des Kunden eingestellt werden.<\/li> <\/ol>    <figure class=\"wp-block-image size-full is-resized\"><img loading=\"lazy\" decoding=\"async\" width=\"800\" height=\"800\" src=\"https:\/\/www.meatprocessingmachine.org\/wp-content\/uploads\/2020\/06\/sausage-binding-wire-machine-1.jpg\" alt=\"Wurstbindedrahtmaschine\" class=\"wp-image-534\" style=\"object-fit:cover;width:720px;height:540px\" title=\"\" srcset=\"https:\/\/www.meatprocessingmachine.org\/wp-content\/uploads\/2020\/06\/sausage-binding-wire-machine-1.jpg 800w, https:\/\/www.meatprocessingmachine.org\/wp-content\/uploads\/2020\/06\/sausage-binding-wire-machine-1-300x300.jpg 300w, https:\/\/www.meatprocessingmachine.org\/wp-content\/uploads\/2020\/06\/sausage-binding-wire-machine-1-150x150.jpg 150w, https:\/\/www.meatprocessingmachine.org\/wp-content\/uploads\/2020\/06\/sausage-binding-wire-machine-1-768x768.jpg 768w\" sizes=\"auto, (max-width: 800px) 100vw, 800px\" \/><figcaption class=\"wp-element-caption\">Wurstbindedrahtmaschine<\/figcaption><\/figure>    <h2 class=\"wp-block-heading\" id=\"h-advantages-of-the-sausage-binding-wire-machine\">Vorteile der Wurstbindedrahtmaschine<\/h2>    <ol class=\"wp-block-list\"> <li>Die Arbeitsschwierigkeit der Arbeiter wird reduziert. Der Bediener muss nur die F\u00fcllungsh\u00fclle in die Zufuhrr\u00f6hre der Maschine legen, und die Maschine \u00fcbernimmt automatisch den F\u00fcll- und Bindevorgang der Wurst.<\/li>    <li>Die Produktionseffizienz der Wurst wurde erheblich verbessert, sie kann nach Kundenwunsch beliebig eingestellt werden.<\/li>    <li>Sie ist sauber und umweltfreundlich, da die Ger\u00e4te haupts\u00e4chlich aus Edelstahl bestehen, der f\u00fcr Lebensmittel geeignet ist. Das Wurstprodukt kommt w\u00e4hrend des Herstellungsprozesses nicht mit anderen Metallen in Kontakt.<\/li>    <li>Die Maschine ist einfach zu bedienen. Nach Einstellung der L\u00e4nge und Geschwindigkeit kann die Maschine alle Arbeiten automatisch und effizient ausf\u00fchren.<\/li>    <li>Daher entsprechen die Wurstverfahren mehr den zunehmend strengeren Hygieneanforderungen der Menschen.<\/li> <\/ol>    <figure class=\"wp-block-image size-full is-resized\"><img loading=\"lazy\" decoding=\"async\" width=\"750\" height=\"750\" src=\"https:\/\/www.meatprocessingmachine.org\/wp-content\/uploads\/2018\/10\/sausage1.jpg\" alt=\"Wurstbindemaschine\" class=\"wp-image-147\" style=\"object-fit:cover;width:720px;height:540px\" title=\"\" srcset=\"https:\/\/www.meatprocessingmachine.org\/wp-content\/uploads\/2018\/10\/sausage1.jpg 750w, https:\/\/www.meatprocessingmachine.org\/wp-content\/uploads\/2018\/10\/sausage1-150x150.jpg 150w, https:\/\/www.meatprocessingmachine.org\/wp-content\/uploads\/2018\/10\/sausage1-300x300.jpg 300w\" sizes=\"auto, (max-width: 750px) 100vw, 750px\" \/><figcaption class=\"wp-element-caption\">Wurstbindemaschine<\/figcaption><\/figure>    <h2 class=\"wp-block-heading\" id=\"h-technical-parameter-of-sausage-binding-wire-machine\">Technische Parameter der Wurstbindedrahtmaschine<\/h2>    <figure class=\"wp-block-table\"><table><tbody><tr><td><strong>Modell<\/strong><\/td><td><strong>TZ-100<\/strong><\/td><td><strong>TZ-200<\/strong><\/td><\/tr><tr><td><strong>Betrieb<\/strong><\/td><td><strong>Halbautomatisch<\/strong><\/td><td><strong>Vollautomatisch<\/strong><\/td><\/tr><tr><td><strong>Geeigneter Wurstdurchmesser<\/strong><\/td><td><strong>9~35mm<\/strong><\/td><td><strong>9~30mm<\/strong><\/td><\/tr><tr><td><strong>Wurstk\u00f6rperl\u00e4nge<\/strong><\/td><td><strong>30~300mm<\/strong><\/td><td><strong>Verstellbar<\/strong><\/td><\/tr><tr><td><strong>Kapazit\u00e4t<\/strong><\/td><td><strong>10~100 St\u00fcck\/Min<\/strong><\/td><td><strong>3600 St\u00fcck\/h<\/strong><\/td><\/tr><tr><td><strong>Abmessung<\/strong><\/td><td><strong>1100*500*900mm<\/strong><\/td><td><strong>1080*620*1125mm<\/strong><\/td><\/tr><tr><td><strong>Gewicht<\/strong><\/td><td><strong>100 kg<\/strong><\/td><td><strong>100 kg<\/strong><\/td><\/tr><\/tbody><\/table><figcaption class=\"wp-element-caption\">Wurstbindemaschine<\/figcaption><\/figure>    <p>Protein-H\u00fcllen sind f\u00fcr vollautomatische Bindemaschinen geeignet. Tierh\u00fcllen sind f\u00fcr halbautomatische Bindemaschinen besser geeignet. Wenn Sie mehr Informationen \u00fcber die Maschine w\u00fcnschen, k\u00f6nnen Sie uns gerne kontaktieren.<\/p>","protected":false},"excerpt":{"rendered":"<p>Taizy Fleischverarbeitungsmaschinen <\/p>","protected":false},"author":1,"featured_media":148,"parent":0,"template":"","product-type":[598],"class_list":["post-128","product","type-product","status-publish","has-post-thumbnail","hentry","product-type-supporting-auxiliary-equipment"],"_links":{"self":[{"href":"https:\/\/www.meatprocessingmachine.org\/de\/wp-json\/wp\/v2\/product\/128","targetHints":{"allow":["GET"]}}],"collection":[{"href":"https:\/\/www.meatprocessingmachine.org\/de\/wp-json\/wp\/v2\/product"}],"about":[{"href":"https:\/\/www.meatprocessingmachine.org\/de\/wp-json\/wp\/v2\/types\/product"}],"author":[{"embeddable":true,"href":"https:\/\/www.meatprocessingmachine.org\/de\/wp-json\/wp\/v2\/users\/1"}],"wp:featuredmedia":[{"embeddable":true,"href":"https:\/\/www.meatprocessingmachine.org\/de\/wp-json\/wp\/v2\/media\/148"}],"wp:attachment":[{"href":"https:\/\/www.meatprocessingmachine.org\/de\/wp-json\/wp\/v2\/media?parent=128"}],"wp:term":[{"taxonomy":"product-type","embeddable":true,"href":"https:\/\/www.meatprocessingmachine.org\/de\/wp-json\/wp\/v2\/product-type?post=128"}],"curies":[{"name":"wp","href":"https:\/\/api.w.org\/{rel}","templated":true}]}}