{"id":1291,"date":"2021-05-28T18:15:06","date_gmt":"2021-05-28T10:15:06","guid":{"rendered":"https:\/\/www.meatprocessingmachine.org\/?p=1291"},"modified":"2026-02-12T16:05:54","modified_gmt":"2026-02-12T08:05:54","slug":"chicken-breast-slicer-machine","status":"publish","type":"product","link":"https:\/\/www.meatprocessingmachine.org\/de\/chicken-breast-slicer-machine.html","title":{"rendered":"H\u00e4hnchenbrust-Scheibelschneidemaschine f\u00fcr Fleischscheiben\/-streifen"},"content":{"rendered":"<div class=\"kk-star-ratings kksr-auto kksr-align-right kksr-valign-top\"     data-payload='{&quot;align&quot;:&quot;right&quot;,&quot;id&quot;:&quot;1291&quot;,&quot;slug&quot;:&quot;default&quot;,&quot;valign&quot;:&quot;top&quot;,&quot;ignore&quot;:&quot;&quot;,&quot;reference&quot;:&quot;auto&quot;,&quot;class&quot;:&quot;&quot;,&quot;count&quot;:&quot;0&quot;,&quot;legendonly&quot;:&quot;&quot;,&quot;readonly&quot;:&quot;&quot;,&quot;score&quot;:&quot;0&quot;,&quot;starsonly&quot;:&quot;&quot;,&quot;best&quot;:&quot;5&quot;,&quot;gap&quot;:&quot;5&quot;,&quot;greet&quot;:&quot;Rate this product&quot;,&quot;legend&quot;:&quot;0\\\/5 - (0 votes)&quot;,&quot;size&quot;:&quot;24&quot;,&quot;title&quot;:&quot;Chicken breast slicer machine for meat slices\\\/strips&quot;,&quot;width&quot;:&quot;0&quot;,&quot;_legend&quot;:&quot;{score}\\\/{best} - ({count} {votes})&quot;,&quot;font_factor&quot;:&quot;1.25&quot;}'>              <div class=\"kksr-stars\">      <div class=\"kksr-stars-inactive\">             <div class=\"kksr-star\" data-star=\"1\" style=\"padding-right: 5px\">               <div class=\"kksr-icon\" style=\"width: 24px; height: 24px;\"><\/div>         <\/div>             <div class=\"kksr-star\" data-star=\"2\" style=\"padding-right: 5px\">               <div class=\"kksr-icon\" style=\"width: 24px; height: 24px;\"><\/div>         <\/div>             <div class=\"kksr-star\" data-star=\"3\" style=\"padding-right: 5px\">               <div class=\"kksr-icon\" style=\"width: 24px; height: 24px;\"><\/div>         <\/div>             <div class=\"kksr-star\" data-star=\"4\" style=\"padding-right: 5px\">               <div class=\"kksr-icon\" style=\"width: 24px; height: 24px;\"><\/div>         <\/div>             <div class=\"kksr-star\" data-star=\"5\" style=\"padding-right: 5px\">               <div class=\"kksr-icon\" style=\"width: 24px; height: 24px;\"><\/div>         <\/div>     <\/div>      <div class=\"kksr-stars-active\" style=\"width: 0px;\">             <div class=\"kksr-star\" style=\"padding-right: 5px\">               <div class=\"kksr-icon\" style=\"width: 24px; height: 24px;\"><\/div>         <\/div>             <div class=\"kksr-star\" style=\"padding-right: 5px\">               <div class=\"kksr-icon\" style=\"width: 24px; height: 24px;\"><\/div>         <\/div>             <div class=\"kksr-star\" style=\"padding-right: 5px\">               <div class=\"kksr-icon\" style=\"width: 24px; height: 24px;\"><\/div>         <\/div>             <div class=\"kksr-star\" style=\"padding-right: 5px\">               <div class=\"kksr-icon\" style=\"width: 24px; height: 24px;\"><\/div>         <\/div>             <div class=\"kksr-star\" style=\"padding-right: 5px\">               <div class=\"kksr-icon\" style=\"width: 24px; height: 24px;\"><\/div>         <\/div>     <\/div> <\/div>                   <div class=\"kksr-legend\" style=\"font-size: 19.2px;\">             <span class=\"kksr-muted\">Bewerten Sie dieses Produkt<\/span>     <\/div>     <\/div>  <p>Die H\u00e4hnchenbrustschneidemaschine kann Fleisch in Scheiben schneiden, und Fleischschneidemaschinen f\u00fcr Fleischstreifen verarbeiten Fleisch zu Streifen. Die Rohstoffe k\u00f6nnen H\u00e4hnchenbrust, Rindfleisch, Schweinefleisch usw. sein. Fleischschneidemaschinen k\u00f6nnen eine Vielzahl von Fleisch verarbeiten, was f\u00fcr die meisten boneless Fleisch geeignet ist. <\/p>    <p>Die Fleischschneidemaschine verwendet w\u00e4hrend des Verarbeitungsprozesses einen Flachschneidevorgang, um die Gr\u00f6\u00dfe und Dicke genau zu erfassen. Die Dicke der Fleischscheiben kann angepasst werden. Sie eignet sich f\u00fcr Lebensmittelverarbeitungsbetriebe, Restaurantk\u00fcchen und gro\u00dfe Kantinen.<\/p>    <figure class=\"wp-block-image size-large\"><img loading=\"lazy\" decoding=\"async\" width=\"720\" height=\"540\" src=\"https:\/\/www.meatprocessingmachine.org\/wp-content\/uploads\/2021\/05\/2-1.jpg\" alt=\"Eierdruckmaschine | Eierstempelmaschine\" class=\"wp-image-1296\" title=\"\" srcset=\"https:\/\/www.meatprocessingmachine.org\/wp-content\/uploads\/2021\/05\/2-1.jpg 720w, https:\/\/www.meatprocessingmachine.org\/wp-content\/uploads\/2021\/05\/2-1-300x225.jpg 300w\" sizes=\"auto, (max-width: 720px) 100vw, 720px\" \/><figcaption class=\"wp-element-caption\">Geschnittene H\u00e4hnchenbrust<\/figcaption><\/figure>    <h2 class=\"wp-block-heading\" id=\"h-type-of-meat-cutting-machinery-for-meat-slices-strips\">Video der Fleischschneidemaschinen f\u00fcr Fleischscheiben\/-streifen<\/h2>    <figure class=\"wp-block-embed is-type-video is-provider-youtube wp-block-embed-youtube\"><div class=\"wp-block-embed__wrapper\"> <iframe loading=\"lazy\" title=\"H\u00e4hnchenbrustschneider \/ Fleischschneidemaschinen f\u00fcr Fleischscheiben\/-streifen\" width=\"500\" height=\"281\" src=\"https:\/\/www.youtube.com\/embed\/2jjreRlvCKM?start=19&#038;feature=oembed\" frameborder=\"0\" allow=\"accelerometer; autoplay; clipboard-write; encrypted-media; gyroscope; picture-in-picture; web-share\" referrerpolicy=\"strict-origin-when-cross-origin\" allowfullscreen><\/iframe> <\/div><\/figure>    <h2 class=\"wp-block-heading\" id=\"h-introduction-of-chicken-breast-slicer-machine\">Einf\u00fchrung der H\u00e4hnchenbrustschneidemaschine<\/h2>    <p class=\"translation-block\">Der H\u00e4hnchenbrustschneider  schneidet das Fleisch direkt in Scheiben, wie H\u00e4hnchenbrustscheiben, Rindfleischscheiben und Schweinescheiben. Der H\u00e4hnchenbrustschneider  ist eine eigenst\u00e4ndige Maschine, die die Schneidearbeit allein ausf\u00fchren kann. Um ihn zu verwenden, legen Sie das Fleisch auf das F\u00f6rderband und warten Sie einige Sekunden. Der H\u00e4hnchenbrustschneider  kann die Dicke der Fleischscheiben zwischen 2-8mm genau schneiden, und die Fleischschneidemaschine kann die Gr\u00f6\u00dfe und Dicke pr\u00e4zise erfassen. <\/p>    <p class=\"translation-block\">Au\u00dferdem ist die Dicke jeder Fleischscheibe gleich, <strong>H\u00e4hnchenbrustschneider<\/strong>\u00a0ist bei weitem besser als manuell, daher ist der Vorteil des Schneidens mit der Maschine sehr offensichtlich. Ein weiterer Vorteil ist, dass die Geschwindigkeit der Maschine eingestellt werden kann. Dies kann den Verarbeitungsfluss anpassen.<\/p>    <figure class=\"wp-block-image size-full is-resized\"><img loading=\"lazy\" decoding=\"async\" width=\"680\" height=\"480\" src=\"https:\/\/www.meatprocessingmachine.org\/wp-content\/uploads\/2021\/09\/breast-slicer-machine.jpg\" alt=\"Brustschneidemaschine\" class=\"wp-image-1993\" style=\"width:720px;height:540px\" title=\"\" srcset=\"https:\/\/www.meatprocessingmachine.org\/wp-content\/uploads\/2021\/09\/breast-slicer-machine.jpg 680w, https:\/\/www.meatprocessingmachine.org\/wp-content\/uploads\/2021\/09\/breast-slicer-machine-300x212.jpg 300w\" sizes=\"auto, (max-width: 680px) 100vw, 680px\" \/><figcaption class=\"wp-element-caption\"> <strong>Brustschneidemaschine<\/strong> <\/figcaption><\/figure>    <h2 class=\"wp-block-heading\">Parameter der H\u00e4hnchenfiletschneidemaschine<\/h2>    <figure class=\"wp-block-table\"><table><tbody><tr><td>Modell<\/td><td>KSQPJ-100<\/td><\/tr><tr><td>Leistung(kW)<\/td><td>1,65 kW<\/td><\/tr><tr><td>Breite<\/td><td>260mm<\/td><\/tr><tr><td>Geschwindigkeit des F\u00f6rderbands<\/td><td>3-15m\/min (Frequenz)<\/td><\/tr><tr><td>Spannung (V)<strong>)<\/strong><\/td><td>380v<\/td><\/tr><tr><td>Maximale Produktbreite<\/td><td>80-120mm (verstellbar)<\/td><\/tr><tr><td>Ein- und Ausgabeh\u00f6he<\/td><td>30mm<\/td><\/tr><tr><td>Schnittst\u00e4rke<\/td><td>4-40mm<\/td><\/tr><tr><td>Gr\u00f6\u00dfe<\/td><td>1800x820x1580mm<\/td><\/tr><\/tbody><\/table><figcaption class=\"wp-element-caption\">H\u00e4hnchenbrustschneider<\/figcaption><\/figure>    <p>Modell KSQPJ-100 hat eine Leistung von 1,65 kW und eine Spannung von 380 V. Die Schnittst\u00e4rke kann von 4-40 mm eingestellt werden. Au\u00dferdem ist die Geschwindigkeit des F\u00f6rderbands (3-15 m\/min) verstellbar. Wenn Sie mehr \u00fcber diese H\u00e4hnchenfiletschneidemaschine erfahren m\u00f6chten, kontaktieren Sie uns bitte.<\/p>    <h2 class=\"wp-block-heading\" id=\"h-chicken-breast-slicer-machine-principle\">Funktionsprinzip der H\u00e4hnchenbrustschneidemaschine<\/h2>    <p>The chicken breast slicer machine&nbsp;conveys the meat to the cutting place by the machine&#8217;s high-friction conveyor belt. The chicken breast slicer machine&nbsp;is composed of multiple horizontal sharp blades. The cut meat is sent out through the conveyor belt. <\/p>    <p>Das Schneiden der Fleischscheiben erfolgt durch den Abstand der Klingen. Dieser Abstand kann vom Hersteller entsprechend den Anforderungen angepasst werden. Die meisten Bed\u00fcrfnisse k\u00f6nnen so erf\u00fcllt werden. <\/p>    <p>Und die F\u00f6rdergeschwindigkeit des F\u00f6rderbands kann eingestellt werden, was sehr intelligent ist. Dies liegt daran, dass wir in einem anderen Abschnitt m\u00f6glicherweise manuell verpacken oder fertige Produkte haben. Dann k\u00f6nnen wir das F\u00f6rderband entsprechend der Arbeitsgeschwindigkeit anpassen, um bessere Ergebnisse zu erzielen. Dies ist auch eine \u00dcberlegung des Designers, der die tats\u00e4chliche Arbeitssituation bei der Konstruktion ber\u00fccksichtigt hat.<\/p>    <figure class=\"wp-block-image size-large is-resized\"><img loading=\"lazy\" decoding=\"async\" width=\"720\" height=\"353\" src=\"https:\/\/www.meatprocessingmachine.org\/wp-content\/uploads\/2021\/05\/3.jpg\" alt=\"H\u00e4hnchenbrustschneider\" class=\"wp-image-1298\" style=\"width:720px;height:540px\" title=\"\" srcset=\"https:\/\/www.meatprocessingmachine.org\/wp-content\/uploads\/2021\/05\/3.jpg 720w, https:\/\/www.meatprocessingmachine.org\/wp-content\/uploads\/2021\/05\/3-300x147.jpg 300w\" sizes=\"auto, (max-width: 720px) 100vw, 720px\" \/><figcaption><\/figcaption><\/figure>    <h2 class=\"wp-block-heading\" id=\"h-finished-product-effect-of-chicken-breast-slicer-machine\">Endergebnis der H\u00e4hnchenbrustschneidemaschine<\/h2>    <figure class=\"wp-block-image size-full is-resized\"><img loading=\"lazy\" decoding=\"async\" width=\"520\" height=\"390\" src=\"https:\/\/www.meatprocessingmachine.org\/wp-content\/uploads\/2021\/09\/chicken-breast-slicer-machine.png\" alt=\"H\u00e4hnchenbrustschneider\" class=\"wp-image-1994\" style=\"width:720px;height:540px\" title=\"\" srcset=\"https:\/\/www.meatprocessingmachine.org\/wp-content\/uploads\/2021\/09\/chicken-breast-slicer-machine.png 520w, https:\/\/www.meatprocessingmachine.org\/wp-content\/uploads\/2021\/09\/chicken-breast-slicer-machine-300x225.png 300w\" sizes=\"auto, (max-width: 520px) 100vw, 520px\" \/><figcaption class=\"wp-element-caption\"> <strong>H\u00e4hnchenbrustschneider<\/strong> <\/figcaption><\/figure>    <p>Die H\u00e4hnchenbrustschneidemaschine kann Fleisch in 2-8mm dicke Scheiben schneiden. Diese Dicke kann beim Kauf der Maschine erkl\u00e4rt werden, sodass eine bestimmte Klingenl\u00e4nge angepasst werden kann. Die Dicke der geschnittenen Fleischscheiben ist gleichm\u00e4\u00dfig und die Oberfl\u00e4che sehr glatt. Die Klinge ist sehr scharf und verursacht nach dem Schneiden keine Sch\u00e4den am Fleisch, noch geht dabei Material verloren, was eine hohe Effizienz und hohe Ausbeute wirklich erm\u00f6glicht.<\/p>    <h2 class=\"wp-block-heading\" id=\"h-meat-cutting-machinery-for-meat-strips-introduction\">Einf\u00fchrung in Fleischschneidemaschinen f\u00fcr Fleischstreifen<\/h2>    <p class=\"translation-block\">Die <strong>Einf\u00fchrung der Fleischschneidemaschinen f\u00fcr Fleischstreifen<\/strong>\u00a0besteht aus zwei Teilen. Zuerst wird das Fleisch mit einem Schneideger\u00e4t in Scheiben geschnitten, dann durchl\u00e4uft es eine Schneidemaschine. Das Produkt sind verschiedene Fleischstreifen. Der Schneidevorgang erfolgt horizontal durch die Schneidemaschine und vertikal durch die nachfolgende Maschine in Streifen. Die H\u00e4hnchenbrustschneidemaschine wird direkt \u00fcber das F\u00f6rderband transportiert, ohne dass Arbeitskraft vom Blatt zum Streifen erforderlich ist. <\/p>    <figure class=\"wp-block-table\"><table><tbody><tr><td>Modell<\/td><td>KSQTJ-260<\/td><\/tr><tr><td>Leistung kW<\/td><td>0,75 kW<\/td><\/tr><tr><td>Breite<\/td><td>260mm<\/td><\/tr><tr><td>Geschwindigkeit des F\u00f6rderbands<\/td><td>3-15m\/min (Frequenz)<\/td><\/tr><tr><td>Spannung der Stromversorgung (V)<\/td><td>380V\/50Hz<\/td><\/tr><tr><td>Gr\u00f6\u00dfe<\/td><td>2200x650x1450mm<\/td><\/tr><\/tbody><\/table><figcaption class=\"wp-element-caption\"> <strong>Fleischschneidemaschinen f\u00fcr Fleischstreifen&nbsp;<\/strong> <\/figcaption><\/figure>    <p>Der gesamte Prozess spart Zeit und M\u00fche, ist effizient und schnell. Das Streifendesign des F\u00f6rderbands erh\u00f6ht die Reibung, sodass die Fleischschneidemaschinen f\u00fcr Fleischstreifen auch bei relativ gro\u00dfem Fleisch gut transportiert werden k\u00f6nnen. Das Fleisch kann ebenfalls reibungslos transportiert werden. Die Dicke der geschnittenen Fleischstreifen kann ebenfalls angepasst werden.<\/p>    <figure class=\"wp-block-image size-full is-resized\"><img loading=\"lazy\" decoding=\"async\" width=\"680\" height=\"480\" src=\"https:\/\/www.meatprocessingmachine.org\/wp-content\/uploads\/2021\/09\/Meat-Cutting-Machinery-for-Meat-Strips-.jpg\" alt=\"Fleischschneidemaschinen f\u00fcr Fleischstreifen\u00a0\" class=\"wp-image-1995\" style=\"width:720px;height:540px\" title=\"\" srcset=\"https:\/\/www.meatprocessingmachine.org\/wp-content\/uploads\/2021\/09\/Meat-Cutting-Machinery-for-Meat-Strips-.jpg 680w, https:\/\/www.meatprocessingmachine.org\/wp-content\/uploads\/2021\/09\/Meat-Cutting-Machinery-for-Meat-Strips--300x212.jpg 300w\" sizes=\"auto, (max-width: 680px) 100vw, 680px\" \/><figcaption class=\"wp-element-caption\"> <strong>Fleischschneidemaschinen f\u00fcr Fleischstreifen&nbsp;<\/strong> <\/figcaption><\/figure>    <h3 class=\"wp-block-heading\" id=\"h-cutting-principle-of-meat-cutting-machinery-for-meat-strips\">Schneideprinzip der Fleischschneidemaschinen f\u00fcr Fleischstreifen<\/h3>    <p>The slicer is composed of two parts. The first is a slicer. The meat to be cut is first cut into slices by the slicer. The slicer&#8217;s blade cuts the meat slices horizontally and then continues to be conveyed by the conveyor belt to the next machine. , The cutting process is carried out by the chicken breast cutting machine, and the next step is the vertical cutting of the sliced \u200b\u200bmeat by the cutting machine, which becomes a meat strip<\/p>    <h3 class=\"wp-block-heading\" id=\"h-features-of-the-machine\">Merkmale der H\u00e4hnchenbrustschneidemaschine<\/h3>    <ol class=\"wp-block-list\"> <li>Die Maschine kann die H\u00e4hnchenbrust horizontal schneiden, die Dicke des Schnitts ist genau, und die Schnittfl\u00e4che ist glatt.<\/li>    <li>Der Betrieb ist einfach und leicht zu erlernen, und die Produktspezifikationen k\u00f6nnen angepasst werden.<\/li>    <li>Die H\u00e4hnchenbrustschneidemaschine ist aus Stahl gefertigt, was sicher und zuverl\u00e4ssig ist und beim Reinigen nicht rostet.<\/li>    <li>Das F\u00f6rderband verwendet ein Streifendesign, um die Reibung zu erh\u00f6hen und einen reibungslosen Transport zu gew\u00e4hrleisten.<\/li>    <li>Das Produkt ist gleichm\u00e4\u00dfig geschnitten und eignet sich gut f\u00fcr den Verkauf.<\/li> <\/ol>    <h2 class=\"wp-block-heading\" id=\"h-slicing-and-cutting-machine-is-easy-to-operate\">Wie benutzt man die Schneid- und Zerkleinerungsmaschine?<\/h2>    <p>Die Maschine verf\u00fcgt \u00fcber ein Bedienfeld, das den Schalter der Maschine und die Geschwindigkeit des F\u00f6rderbands steuert. Beim Schneiden und Zerteilen ist es notwendig, die Rohstoffe manuell auf die Maschine zu legen. Das F\u00f6rderband f\u00fchrt die H\u00e4hnchenbr\u00fcste aus. <\/p>    <p>Die Maschine l\u00e4uft sehr schnell und kann die Produkte effizient verarbeiten. Die Klingen der Maschine sind aus Stahl gefertigt, was den Anforderungen an Standard-Lebensmittelmaschinen entspricht und die fertigen Produkte sicher herstellt.<\/p>    <figure class=\"wp-block-image size-large\"><img loading=\"lazy\" decoding=\"async\" width=\"720\" height=\"540\" src=\"https:\/\/www.meatprocessingmachine.org\/wp-content\/uploads\/2021\/05\/\u672a\u6807\u9898-1.jpg\" alt=\"Fleischschneidemaschinen f\u00fcr Fleischstreifen\" class=\"wp-image-1301\" title=\"\" srcset=\"https:\/\/www.meatprocessingmachine.org\/wp-content\/uploads\/2021\/05\/\u672a\u6807\u9898-1.jpg 720w, https:\/\/www.meatprocessingmachine.org\/wp-content\/uploads\/2021\/05\/\u672a\u6807\u9898-1-300x225.jpg 300w\" sizes=\"auto, (max-width: 720px) 100vw, 720px\" \/><figcaption><\/figcaption><\/figure>    <h2 class=\"wp-block-heading\" id=\"h-some-precautions-for-chicken-breast-slicer-machine\">Einige Vorsichtsma\u00dfnahmen f\u00fcr die H\u00e4hnchenbrustschneidemaschine<\/h2>    <ul class=\"wp-block-list\"> <li>Beim Betrieb der Maschine ist es streng verboten, tief in die Maschine einzudringen<\/li>    <li>Beim Betrieb der Maschine ist es streng verboten, tief in die Maschine einzudringen.<\/li>    <li>Achten Sie auf die Wartung und Pflege der Maschine, wie z.B. das \u00d6len der Maschine und die Reinigung nach Gebrauch.<\/li>    <li>Gefrorene Fleischw\u00fcrfelmaschine<\/li> <\/ul>    <figure class=\"wp-block-image size-large is-resized\"><img loading=\"lazy\" decoding=\"async\" width=\"1024\" height=\"1024\" src=\"https:\/\/www.meatprocessingmachine.org\/wp-content\/uploads\/2021\/09\/Meat-Cutting-Machinery-for-Meat-Strips-2-1024x1024.jpg\" alt=\"\" class=\"wp-image-1996\" style=\"width:720px;height:540px\" title=\"\" srcset=\"https:\/\/www.meatprocessingmachine.org\/wp-content\/uploads\/2021\/09\/Meat-Cutting-Machinery-for-Meat-Strips-2-1024x1024.jpg 1024w, https:\/\/www.meatprocessingmachine.org\/wp-content\/uploads\/2021\/09\/Meat-Cutting-Machinery-for-Meat-Strips-2-300x300.jpg 300w, https:\/\/www.meatprocessingmachine.org\/wp-content\/uploads\/2021\/09\/Meat-Cutting-Machinery-for-Meat-Strips-2-150x150.jpg 150w, https:\/\/www.meatprocessingmachine.org\/wp-content\/uploads\/2021\/09\/Meat-Cutting-Machinery-for-Meat-Strips-2-768x768.jpg 768w, https:\/\/www.meatprocessingmachine.org\/wp-content\/uploads\/2021\/09\/Meat-Cutting-Machinery-for-Meat-Strips-2.jpg 1080w\" sizes=\"auto, (max-width: 1024px) 100vw, 1024px\" \/><figcaption class=\"wp-element-caption\"> <strong>Fleischschneidemaschinen f\u00fcr Fleischstreifen&nbsp;<\/strong> <\/figcaption><\/figure>    <h2 class=\"wp-block-heading\" id=\"h-related-machine-provision\">Verwandte Maschinenbereitstellung<\/h2>    <p class=\"translation-block\">Im tats\u00e4chlichen Fleischverarbeitungsprozess ist es manchmal nur notwendig, das gew\u00fcrzte Fleisch zu schneiden, unsere Maschinen sind sehr vielseitig. Wir k\u00f6nnen auch<a href=\"https:\/\/www.meatprocessingmachine.org\/de\/commercial-frozen-fresh-meat-dicing-machine.html\/\"> kommerzielle Gefrierfrischfleischw\u00fcrfelmaschinen<\/a>, <a href=\"https:\/\/www.meatprocessingmachine.org\/de\/bone-grinder-machine-meat-and-bone-grinder.html\/\">Knochenm\u00fchlen\/Fleischm\u00fchlen \/Knochenpastenm\u00fchlen<\/a> bereitstellen.<\/p>    <div class=\"wp-block-columns is-layout-flex wp-container-core-columns-is-layout-9d6595d7 wp-block-columns-is-layout-flex\"> <div class=\"wp-block-column is-layout-flow wp-block-column-is-layout-flow\"> <figure class=\"wp-block-image size-full\"><a href=\"https:\/\/www.meatprocessingmachine.org\/de\/commercial-frozen-fresh-meat-dicing-machine.html\/\"><img loading=\"lazy\" decoding=\"async\" width=\"720\" height=\"540\" src=\"https:\/\/www.meatprocessingmachine.org\/wp-content\/uploads\/2022\/01\/beef-dicing-machine.png\" alt=\"Gefrorene Fleischw\u00fcrfelschneidemaschine\" class=\"wp-image-32559\" title=\"\" srcset=\"https:\/\/www.meatprocessingmachine.org\/wp-content\/uploads\/2022\/01\/beef-dicing-machine.png 720w, https:\/\/www.meatprocessingmachine.org\/wp-content\/uploads\/2022\/01\/beef-dicing-machine-300x225.png 300w\" sizes=\"auto, (max-width: 720px) 100vw, 720px\" \/><\/a><figcaption class=\"wp-element-caption\">Knochenm\u00fchle<\/figcaption><\/figure> <\/div>    <div class=\"wp-block-column is-layout-flow wp-block-column-is-layout-flow\"> <figure class=\"wp-block-image size-full\"><a href=\"https:\/\/www.meatprocessingmachine.org\/de\/bone-grinder-machine-meat-and-bone-grinder.html\/\"><img loading=\"lazy\" decoding=\"async\" width=\"720\" height=\"540\" src=\"https:\/\/www.meatprocessingmachine.org\/wp-content\/uploads\/2020\/11\/bone-grinder-machine.jpg\" alt=\"Knochenm\u00fchlenmaschine\" class=\"wp-image-911\" title=\"\" srcset=\"https:\/\/www.meatprocessingmachine.org\/wp-content\/uploads\/2020\/11\/bone-grinder-machine.jpg 720w, https:\/\/www.meatprocessingmachine.org\/wp-content\/uploads\/2020\/11\/bone-grinder-machine-300x225.jpg 300w\" sizes=\"auto, (max-width: 720px) 100vw, 720px\" \/><\/a><figcaption class=\"wp-element-caption\">Knochenm\u00fchle<\/figcaption><\/figure> <\/div> <\/div>","protected":false},"excerpt":{"rendered":"<p>The chicken breast slicer machine can process meat into slices , Meat Cutting Machinery for Meat Strips process meat into strips .The raw materials can be chicken breast, beef, pork, etc. Meat slicer machine can process a wide range of meats, which is suitable for most boneless meats. The meat slicer machine uses a flat cutting process during processing to accurately grasp the size and thickness. <\/p>","protected":false},"author":1,"featured_media":1991,"parent":0,"template":"","product-type":[583],"class_list":["post-1291","product","type-product","status-publish","has-post-thumbnail","hentry","product-type-chicken-turkey"],"_links":{"self":[{"href":"https:\/\/www.meatprocessingmachine.org\/de\/wp-json\/wp\/v2\/product\/1291","targetHints":{"allow":["GET"]}}],"collection":[{"href":"https:\/\/www.meatprocessingmachine.org\/de\/wp-json\/wp\/v2\/product"}],"about":[{"href":"https:\/\/www.meatprocessingmachine.org\/de\/wp-json\/wp\/v2\/types\/product"}],"author":[{"embeddable":true,"href":"https:\/\/www.meatprocessingmachine.org\/de\/wp-json\/wp\/v2\/users\/1"}],"wp:featuredmedia":[{"embeddable":true,"href":"https:\/\/www.meatprocessingmachine.org\/de\/wp-json\/wp\/v2\/media\/1991"}],"wp:attachment":[{"href":"https:\/\/www.meatprocessingmachine.org\/de\/wp-json\/wp\/v2\/media?parent=1291"}],"wp:term":[{"taxonomy":"product-type","embeddable":true,"href":"https:\/\/www.meatprocessingmachine.org\/de\/wp-json\/wp\/v2\/product-type?post=1291"}],"curies":[{"name":"wp","href":"https:\/\/api.w.org\/{rel}","templated":true}]}}