{"id":1323,"date":"2021-06-04T16:36:50","date_gmt":"2021-06-04T08:36:50","guid":{"rendered":"https:\/\/www.meatprocessingmachine.org\/?p=1323"},"modified":"2026-02-12T16:05:15","modified_gmt":"2026-02-12T08:05:15","slug":"meat-roll-cutting-machine","status":"publish","type":"product","link":"https:\/\/www.meatprocessingmachine.org\/de\/meat-roll-cutting-machine.html","title":{"rendered":"Schafsschneidemaschine | Gefrorener Fleischschneider"},"content":{"rendered":"<div class=\"kk-star-ratings kksr-auto kksr-align-right kksr-valign-top\"     data-payload='{&quot;align&quot;:&quot;right&quot;,&quot;id&quot;:&quot;1323&quot;,&quot;slug&quot;:&quot;default&quot;,&quot;valign&quot;:&quot;top&quot;,&quot;ignore&quot;:&quot;&quot;,&quot;reference&quot;:&quot;auto&quot;,&quot;class&quot;:&quot;&quot;,&quot;count&quot;:&quot;0&quot;,&quot;legendonly&quot;:&quot;&quot;,&quot;readonly&quot;:&quot;&quot;,&quot;score&quot;:&quot;0&quot;,&quot;starsonly&quot;:&quot;&quot;,&quot;best&quot;:&quot;5&quot;,&quot;gap&quot;:&quot;5&quot;,&quot;greet&quot;:&quot;Rate this product&quot;,&quot;legend&quot;:&quot;0\\\/5 - (0 votes)&quot;,&quot;size&quot;:&quot;24&quot;,&quot;title&quot;:&quot;Mutton slicing machine | Frozen meat slicer&quot;,&quot;width&quot;:&quot;0&quot;,&quot;_legend&quot;:&quot;{score}\\\/{best} - ({count} {votes})&quot;,&quot;font_factor&quot;:&quot;1.25&quot;}'>              <div class=\"kksr-stars\">      <div class=\"kksr-stars-inactive\">             <div class=\"kksr-star\" data-star=\"1\" style=\"padding-right: 5px\">               <div class=\"kksr-icon\" style=\"width: 24px; height: 24px;\"><\/div>         <\/div>             <div class=\"kksr-star\" data-star=\"2\" style=\"padding-right: 5px\">               <div class=\"kksr-icon\" style=\"width: 24px; height: 24px;\"><\/div>         <\/div>             <div class=\"kksr-star\" data-star=\"3\" style=\"padding-right: 5px\">               <div class=\"kksr-icon\" style=\"width: 24px; height: 24px;\"><\/div>         <\/div>             <div class=\"kksr-star\" data-star=\"4\" style=\"padding-right: 5px\">               <div class=\"kksr-icon\" style=\"width: 24px; height: 24px;\"><\/div>         <\/div>             <div class=\"kksr-star\" data-star=\"5\" style=\"padding-right: 5px\">               <div class=\"kksr-icon\" style=\"width: 24px; height: 24px;\"><\/div>         <\/div>     <\/div>      <div class=\"kksr-stars-active\" style=\"width: 0px;\">             <div class=\"kksr-star\" style=\"padding-right: 5px\">               <div class=\"kksr-icon\" style=\"width: 24px; height: 24px;\"><\/div>         <\/div>             <div class=\"kksr-star\" style=\"padding-right: 5px\">               <div class=\"kksr-icon\" style=\"width: 24px; height: 24px;\"><\/div>         <\/div>             <div class=\"kksr-star\" style=\"padding-right: 5px\">               <div class=\"kksr-icon\" style=\"width: 24px; height: 24px;\"><\/div>         <\/div>             <div class=\"kksr-star\" style=\"padding-right: 5px\">               <div class=\"kksr-icon\" style=\"width: 24px; height: 24px;\"><\/div>         <\/div>             <div class=\"kksr-star\" style=\"padding-right: 5px\">               <div class=\"kksr-icon\" style=\"width: 24px; height: 24px;\"><\/div>         <\/div>     <\/div> <\/div>                   <div class=\"kksr-legend\" style=\"font-size: 19.2px;\">             <span class=\"kksr-muted\">Bewerten Sie dieses Produkt<\/span>     <\/div>     <\/div>  <p>Die Schaffleischschneidemaschine kann gefrorenes Fleisch in Rollen schneiden und Mutton-Rollen, Rinder-Rollen, Schweine-Rollen usw. herstellen. Fleisch mit einer Temperatur von 1-8 Grad unter Null kann direkt zu Rollen verarbeitet werden, ohne vorher aufzutauen. Die geschnittenen Fleischrollen sind garantiert vollst\u00e4ndig. <\/p>    <figure class=\"wp-block-embed is-type-video is-provider-youtube wp-block-embed-youtube\"><div class=\"wp-block-embed__wrapper\"> <iframe loading=\"lazy\" title=\"Automatische Fleischschneidemaschine | Lambschneide- und Rollmaschine | | Fleischschneider\" width=\"500\" height=\"281\" src=\"https:\/\/www.youtube.com\/embed\/P0T2Up3MetY?feature=oembed\" frameborder=\"0\" allow=\"accelerometer; autoplay; clipboard-write; encrypted-media; gyroscope; picture-in-picture; web-share\" referrerpolicy=\"strict-origin-when-cross-origin\" allowfullscreen><\/iframe> <\/div><figcaption class=\"wp-element-caption\">Werbevideo f\u00fcr gewerblichen Gefrierschneider<\/figcaption><\/figure>    <p>Die Schaffleischschneidemaschine hat mehrere Funktionen, kann jedoch nicht nur Fleisch in Rollen schneiden, sondern auch in Scheiben. Gleichzeitig kann die Maschine alle Arten von boneless Fleisch verarbeiten. Die Schaffleischschneidemaschine kann in Restaurants, Superm\u00e4rkten und Lebensmittelverarbeitungsbetrieben breit eingesetzt werden.<\/p>    <h2 class=\"wp-block-heading\" id=\"h-mutton-cutting-machine-advantage\">Vorteile der Mutton-Schneidemaschine<\/h2>    <ol class=\"wp-block-list\"> <li>Der Fleischschneider ist sauber, hygienisch und leicht zu reinigen.<\/li>    <li>Der Geh\u00e4use und die Klinge sind aus Edelstahl gefertigt, was robust und langlebig ist und nicht leicht rostet.<\/li>    <li>Die Produktdicke ist gleichm\u00e4\u00dfig, und die Arbeitseffizienz der Maschine ist hoch.<\/li>    <li>Gro\u00dfes Kontrollpanel, besser steuerbar.<\/li> <\/ol>    <figure class=\"wp-block-image size-full\"><img loading=\"lazy\" decoding=\"async\" width=\"750\" height=\"750\" src=\"https:\/\/www.meatprocessingmachine.org\/wp-content\/uploads\/2021\/09\/cutting-and-Rolling-Machine.jpg\" alt=\"mutton slicing machine\" class=\"wp-image-2006\" title=\"\" srcset=\"https:\/\/www.meatprocessingmachine.org\/wp-content\/uploads\/2021\/09\/cutting-and-Rolling-Machine.jpg 750w, https:\/\/www.meatprocessingmachine.org\/wp-content\/uploads\/2021\/09\/cutting-and-Rolling-Machine-300x300.jpg 300w, https:\/\/www.meatprocessingmachine.org\/wp-content\/uploads\/2021\/09\/cutting-and-Rolling-Machine-150x150.jpg 150w\" sizes=\"auto, (max-width: 750px) 100vw, 750px\" \/><figcaption class=\"wp-element-caption\">Schneide- und Rollmaschine<\/figcaption><\/figure>    <h2 class=\"wp-block-heading\" id=\"h-the-principle-of-mutton-slicing-machine\">Prinzip der Mutton-Schneidemaschine<\/h2>    <p>Die Mutton-Schneide- und Rollmaschine kann gefrorenes Fleisch schnell in d\u00fcnne Scheiben und d\u00fcnne Fleischrollen schneiden. Die Dicke kann eingestellt werden. Wenn die Dicke des Fleisches unter 3 mm liegt, wird es gerollt. Bei mehr als 3 mm wird es geschnitten. Au\u00dferdem ist die Temperatur des Fleisches ebenfalls sehr wichtig. <\/p>    <p>Wenn die Temperatur des Fleisches nicht niedrig genug ist, nur wenn die Temperatur im Bereich von 0 \u2014 -7\u2103 liegt, sonst kann es nicht gerollt werden. Daher sind Temperatur und Dicke entscheidende Faktoren. Nach Experimenten und Forschungen wird die optimale Dicke der Fleischscheiben auf 1,7 mm empfohlen, und gleichzeitig sollte die Temperatur des gefrorenen Fleisches nicht zu niedrig sein, da sonst die geschnittenen Fleischrollen besonders leicht brechen.<\/p>   <div class=\"wp-block-image\"> <figure class=\"aligncenter size-large is-resized\"><img loading=\"lazy\" decoding=\"async\" width=\"720\" height=\"540\" src=\"https:\/\/www.meatprocessingmachine.org\/wp-content\/uploads\/2021\/06\/02.jpg\" alt=\"Lamb Cutting \" class=\"wp-image-1326\" style=\"width:540px;height:405px\" title=\"\" srcset=\"https:\/\/www.meatprocessingmachine.org\/wp-content\/uploads\/2021\/06\/02.jpg 720w, https:\/\/www.meatprocessingmachine.org\/wp-content\/uploads\/2021\/06\/02-300x225.jpg 300w\" sizes=\"auto, (max-width: 720px) 100vw, 720px\" \/><\/figure> <\/div>   <h2 class=\"wp-block-heading\" id=\"h-mutton-cutting-machine-structure\">Aufbau der Mutton-Schneidemaschine<\/h2>    <p>Die Schaffleischschneidemaschine besteht haupts\u00e4chlich aus einem Fleischlade-Tisch, einem oberen Fleischstift, einem Edelstahl-Kniveset und einem Steuerbildschirm. Die Schneide- und Rollmaschine hat eine vern\u00fcnftige Struktur und eine scharfe Klinge. Beim Schneiden des Fleisches muss das Fleisch in die feste Nut gedr\u00fcckt werden. <\/p>    <p>Der hintere Kolben schiebt das Fleisch vorw\u00e4rts, die Klinge schneidet mit konstanter Geschwindigkeit, und das Fleisch wird in d\u00fcnne, gleichm\u00e4\u00dfige Fleischrollen geschnitten. Die schnelle Rollschneide sorgt daf\u00fcr, dass die Fleischrollen gut geformt und nicht leicht brechen. Au\u00dferdem hat die Fleischschneidemaschine ein sch\u00f6nes Erscheinungsbild, einfache Bedienung, hohe Effizienz, niedrigen Stromverbrauch sowie einfache Reinigung und Wartung.<\/p>    <figure class=\"wp-block-image size-full\"><img loading=\"lazy\" decoding=\"async\" width=\"720\" height=\"540\" src=\"https:\/\/www.meatprocessingmachine.org\/wp-content\/uploads\/2021\/09\/lamb-rolling-machine-2.jpg\" alt=\"mutton slicing machine\" class=\"wp-image-2003\" title=\"\" srcset=\"https:\/\/www.meatprocessingmachine.org\/wp-content\/uploads\/2021\/09\/lamb-rolling-machine-2.jpg 720w, https:\/\/www.meatprocessingmachine.org\/wp-content\/uploads\/2021\/09\/lamb-rolling-machine-2-300x225.jpg 300w\" sizes=\"auto, (max-width: 720px) 100vw, 720px\" \/><figcaption class=\"wp-element-caption\"> Lammrollenmaschine<\/figcaption><\/figure>    <h2 class=\"wp-block-heading\" id=\"h-frozen-meat-slicer-parameters-take-six-volumes-as-an-example\">Parameter des Gefrierfleischschnitzers (am Beispiel von sechs Volumen)<\/h2>    <figure class=\"wp-block-table\"><table><tbody><tr><td>Spezifikation<\/td><td>Spannung<\/td><td>Schnitth\u00f6he (mm)<\/td><td>Scheibenbreite (mm)<\/td><td>Leistung (kW)<\/td><td>Gesamtgewicht (kg)<\/td><td>Kapazit\u00e4t(kg\/h)<\/td><td>Verarbeitungstiefe (mm)<\/td><td>Schneidh\u00f6he (mm)<\/td><td>Ger\u00e4tegr\u00f6\u00dfe (mm)<\/td><\/tr><tr><td>CNC Ein-Rolle<\/td><td>220V\/50Hz<\/td><td>450<\/td><td>160<\/td><td>750<\/td><td>160<\/td><td>50<\/td><td>0-unbegrenzt<\/td><td>180<\/td><td>1150*410*960<\/td><\/tr><tr><td>CNC-Zwei-Volumen<\/td><td>220V\/50Hz<\/td><td>600<\/td><td>270<\/td><td>2200<\/td><td>200<\/td><td>50-300<\/td><td>0-unbegrenzt<\/td><td>180<\/td><td>1200*560*1200<\/td><\/tr><tr><td>CNC Vier-Volumen<\/td><td>380\/50Hz<\/td><td>600<\/td><td>510<\/td><td>3000<\/td><td>320<\/td><td>50-600<\/td><td>0-unbegrenzt<\/td><td>180<\/td><td>1200*800*1200<\/td><\/tr><tr><td>CNC-Sechsvolumen<\/td><td>380\/50Hz<\/td><td>600<\/td><td>730<\/td><td>3000<\/td><td>400<\/td><td>50-900<\/td><td>0-unbegrenzt<\/td><td>180<\/td><td>1200*1010*1200<\/td><\/tr><tr><td>CNC Achtvolumen<\/td><td>380\/50H<\/td><td>600<\/td><td>920<\/td><td>4000<\/td><td>500<\/td><td>50-1200<\/td><td>0-unbegrenzt<\/td><td>180<\/td><td>1200*1320*1200<\/td><\/tr><\/tbody><\/table><figcaption class=\"wp-element-caption\">Parameter des gewerblichen Gefrierfleischschnitzers<\/figcaption><\/figure>    <p>Wir k\u00f6nnen auch Zweivolumen-, Viervolumen-, Sechsvolumen- und Achtvolumen-Schaffleischschneidemaschinen anbieten. Die Achtrollenschaffleischschneidemaschine hat die h\u00f6chste Arbeitseffizienz und kann die h\u00f6chste Produktionsmenge erzielen, was f\u00fcr gr\u00f6\u00dfere Lebensmittelverarbeitungsbetriebe geeignet ist. Sie k\u00f6nnen also Maschinen entsprechend Ihren eigenen Produktionsbed\u00fcrfnissen kaufen.<\/p>    <figure class=\"wp-block-image size-large is-resized\"><img loading=\"lazy\" decoding=\"async\" width=\"1024\" height=\"769\" src=\"https:\/\/www.meatprocessingmachine.org\/wp-content\/uploads\/2021\/09\/Different-types-of-lamb-rolling-machine-1024x769.jpg\" alt=\"H\u00fchnerfederentferner | Gefl\u00fcgelfederklaubmaschine\" class=\"wp-image-2001\" style=\"width:720px;height:540px\" title=\"\" srcset=\"https:\/\/www.meatprocessingmachine.org\/wp-content\/uploads\/2021\/09\/Different-types-of-lamb-rolling-machine-1024x769.jpg 1024w, https:\/\/www.meatprocessingmachine.org\/wp-content\/uploads\/2021\/09\/Different-types-of-lamb-rolling-machine-300x225.jpg 300w, https:\/\/www.meatprocessingmachine.org\/wp-content\/uploads\/2021\/09\/Different-types-of-lamb-rolling-machine-768x577.jpg 768w, https:\/\/www.meatprocessingmachine.org\/wp-content\/uploads\/2021\/09\/Different-types-of-lamb-rolling-machine-1536x1153.jpg 1536w, https:\/\/www.meatprocessingmachine.org\/wp-content\/uploads\/2021\/09\/Different-types-of-lamb-rolling-machine-2048x1538.jpg 2048w\" sizes=\"auto, (max-width: 1024px) 100vw, 1024px\" \/><figcaption class=\"wp-element-caption\">Verschiedene Arten von Lambrollenmaschinen<\/figcaption><\/figure>    <h2 class=\"wp-block-heading\">Vorbereitung der Rohstoffe<\/h2>    <p>Bei der Fleischverarbeitung entsteht viel Hackfleisch. Wie damit umgehen? Das Fleisch kann zuerst zerkleinert und mit einem Frischfleischwolf gemahlen und dann verpackt werden. Nach dem Einfrieren kann es in Scheiben oder Rollen genommen werden, sodass die Fleischreste f\u00fcr die Herstellung eines vollst\u00e4ndigen Endprodukts genutzt werden k\u00f6nnen.<\/p>    <h2 class=\"wp-block-heading\" id=\"h-mutton-slicing-machine-precautions\">Vorsichtsma\u00dfnahmen bei der Schaffleischschneidemaschine<\/h2>    <figure class=\"wp-block-image size-large is-resized\"><img loading=\"lazy\" decoding=\"async\" width=\"768\" height=\"1024\" src=\"https:\/\/www.meatprocessingmachine.org\/wp-content\/uploads\/2021\/09\/lamb-rolling-machine-1-768x1024.jpg\" alt=\"mutton slicing machine\" class=\"wp-image-2004\" style=\"width:720px;height:540px\" title=\"\" srcset=\"https:\/\/www.meatprocessingmachine.org\/wp-content\/uploads\/2021\/09\/lamb-rolling-machine-1-768x1024.jpg 768w, https:\/\/www.meatprocessingmachine.org\/wp-content\/uploads\/2021\/09\/lamb-rolling-machine-1-225x300.jpg 225w, https:\/\/www.meatprocessingmachine.org\/wp-content\/uploads\/2021\/09\/lamb-rolling-machine-1-1152x1536.jpg 1152w, https:\/\/www.meatprocessingmachine.org\/wp-content\/uploads\/2021\/09\/lamb-rolling-machine-1-1536x2048.jpg 1536w, https:\/\/www.meatprocessingmachine.org\/wp-content\/uploads\/2021\/09\/lamb-rolling-machine-1-scaled.jpg 1920w\" sizes=\"auto, (max-width: 768px) 100vw, 768px\" \/><figcaption class=\"wp-element-caption\">Schneide- und Rollmaschine<\/figcaption><\/figure>    <ol class=\"wp-block-list\"> <li>Beim Fleischschneiden sollte die Temperatur des Fleisches moderat sein. Zu hartes Fleisch schadet der Klinge.<\/li>    <li>Beim Schneiden von Fleischscheiben und Fleischrollen m\u00fcssen die Knochen entfernt werden.<\/li>    <li>Nach Gebrauch auf Reinigung und t\u00e4gliche Wartung achten.<\/li> <\/ol>    <h2 class=\"wp-block-heading\">T\u00e4gliche Nutzung und Wartung der Mutton-Schneidemaschine<\/h2>    <ul class=\"wp-block-list\"> <li>Beim Betrieb der Schaffleischschneidemaschine pr\u00fcfen Sie, ob sich Schmier\u00f6l in den beiden \u00d6lkannen befindet. Falls nicht, f\u00fcgen Sie Schmier\u00f6l hinzu.<\/li>    <li>Schalten Sie die Maschine ein und pr\u00fcfen Sie, ob die Drehrichtung des Motors mit der erforderlichen Drehrichtung \u00fcbereinstimmt.<\/li>    <li>Jedes Mal, wenn der Schneidekopf die h\u00f6chste Position erreicht, r\u00fcckt die Zuf\u00fchrplatte vor, und der Motor dreht in die richtige Richtung. Im Gegensatz dazu, wenn der Schneidekopf die niedrigste Position erreicht, r\u00fcckt die Zuf\u00fchrplatte vor, und die Motorrotation wird umgekehrt. Justieren Sie bei Bedarf die Lift-Justierungsklappe, um die Koordination zwischen Schneidekopf und Zuf\u00fchrplatte zu verbessern.<\/li>    <li>F\u00fcr die Riemen-Teile der Maschinen und Ger\u00e4te verwenden Sie nach der Reinigung Speise\u00f6l oder Schmier\u00f6l, um Verschlei\u00df zu verringern und die Lebensdauer der Ger\u00e4te zu erh\u00f6hen.<\/li> <\/ul>    <figure class=\"wp-block-gallery has-nested-images columns-2 is-cropped wp-block-gallery-2 is-layout-flex wp-block-gallery-is-layout-flex\"> <figure class=\"wp-block-image size-large\"><img loading=\"lazy\" decoding=\"async\" width=\"719\" height=\"540\" data-id=\"2009\" src=\"https:\/\/www.meatprocessingmachine.org\/wp-content\/uploads\/2021\/09\/1.0.png\" alt=\"\" class=\"wp-image-2009\" title=\"\" srcset=\"https:\/\/www.meatprocessingmachine.org\/wp-content\/uploads\/2021\/09\/1.0.png 719w, https:\/\/www.meatprocessingmachine.org\/wp-content\/uploads\/2021\/09\/1.0-300x225.png 300w\" sizes=\"auto, (max-width: 719px) 100vw, 719px\" \/><figcaption><\/figcaption><\/figure>    <figure class=\"wp-block-image size-large\"><img loading=\"lazy\" decoding=\"async\" width=\"540\" height=\"540\" data-id=\"2013\" src=\"https:\/\/www.meatprocessingmachine.org\/wp-content\/uploads\/2021\/09\/3.0-1.png\" alt=\"\" class=\"wp-image-2013\" title=\"\" srcset=\"https:\/\/www.meatprocessingmachine.org\/wp-content\/uploads\/2021\/09\/3.0-1.png 540w, https:\/\/www.meatprocessingmachine.org\/wp-content\/uploads\/2021\/09\/3.0-1-300x300.png 300w, https:\/\/www.meatprocessingmachine.org\/wp-content\/uploads\/2021\/09\/3.0-1-150x150.png 150w\" sizes=\"auto, (max-width: 540px) 100vw, 540px\" \/><figcaption><\/figcaption><\/figure>    <figure class=\"wp-block-image size-large\"><img loading=\"lazy\" decoding=\"async\" width=\"720\" height=\"540\" data-id=\"2012\" src=\"https:\/\/www.meatprocessingmachine.org\/wp-content\/uploads\/2021\/09\/4.0.png\" alt=\"\" class=\"wp-image-2012\" title=\"\" srcset=\"https:\/\/www.meatprocessingmachine.org\/wp-content\/uploads\/2021\/09\/4.0.png 720w, https:\/\/www.meatprocessingmachine.org\/wp-content\/uploads\/2021\/09\/4.0-300x225.png 300w\" sizes=\"auto, (max-width: 720px) 100vw, 720px\" \/><figcaption><\/figcaption><\/figure>    <figure class=\"wp-block-image size-large\"><img loading=\"lazy\" decoding=\"async\" width=\"719\" height=\"540\" data-id=\"2010\" src=\"https:\/\/www.meatprocessingmachine.org\/wp-content\/uploads\/2021\/09\/2.0.png\" alt=\"\" class=\"wp-image-2010\" title=\"\" srcset=\"https:\/\/www.meatprocessingmachine.org\/wp-content\/uploads\/2021\/09\/2.0.png 719w, https:\/\/www.meatprocessingmachine.org\/wp-content\/uploads\/2021\/09\/2.0-300x225.png 300w\" sizes=\"auto, (max-width: 719px) 100vw, 719px\" \/><figcaption><\/figcaption><\/figure> <figcaption class=\"blocks-gallery-caption wp-element-caption\">Tiefk\u00fchlfleischschneider <\/figcaption><\/figure>    <ul class=\"wp-block-list\"> <li>\u00dcberpr\u00fcfen Sie regelm\u00e4\u00dfig, ob das Schmier\u00f6l im Turbinentransformator aufgebraucht ist. Wenn der \u00d6lstand unter dem transparenten \u00d6lstandsmesser liegt, muss nachgef\u00fcllt werden.<\/li>    <li>Wenn die Messer nicht in Gebrauch sind, sollten sie mit einem Schleifer poliert, dann mit einem Wetzstein gesch\u00e4rft und anschlie\u00dfend mit warmem Wasser, warmem Wasser und Reinigungsmittel flach gelegt werden, und m\u00fcssen beim n\u00e4chsten Gebrauch verwendet werden.<\/li>    <li>Beim Arbeiten halten Sie Ihre H\u00e4nde fern, um Schnitte zu vermeiden; vermeiden Sie brennbare Materialien in der N\u00e4he, um gef\u00e4hrliche Unf\u00e4lle zu verhindern.<\/li>    <li>W\u00e4hrend jeder Schicht pr\u00fcfen, ob im Schiebesystem Di fehlt und ob die Schneidschraube locker ist.<\/li> <\/ul>","protected":false},"excerpt":{"rendered":"<p>The lamb cutting and rolling machine can cut frozen meat into rolls, and can make mutton rolls, beef rolls, pork rolls, etc. Meat with a temperature of 1-8 degrees below zero can be directly processed into rolls without thawing\uff0cand the cut meat rolls are guaranteed to be complete.<\/p>","protected":false},"author":1,"featured_media":1987,"parent":0,"template":"","product-type":[582],"class_list":["post-1323","product","type-product","status-publish","has-post-thumbnail","hentry","product-type-cattle-sheep"],"_links":{"self":[{"href":"https:\/\/www.meatprocessingmachine.org\/de\/wp-json\/wp\/v2\/product\/1323","targetHints":{"allow":["GET"]}}],"collection":[{"href":"https:\/\/www.meatprocessingmachine.org\/de\/wp-json\/wp\/v2\/product"}],"about":[{"href":"https:\/\/www.meatprocessingmachine.org\/de\/wp-json\/wp\/v2\/types\/product"}],"author":[{"embeddable":true,"href":"https:\/\/www.meatprocessingmachine.org\/de\/wp-json\/wp\/v2\/users\/1"}],"wp:featuredmedia":[{"embeddable":true,"href":"https:\/\/www.meatprocessingmachine.org\/de\/wp-json\/wp\/v2\/media\/1987"}],"wp:attachment":[{"href":"https:\/\/www.meatprocessingmachine.org\/de\/wp-json\/wp\/v2\/media?parent=1323"}],"wp:term":[{"taxonomy":"product-type","embeddable":true,"href":"https:\/\/www.meatprocessingmachine.org\/de\/wp-json\/wp\/v2\/product-type?post=1323"}],"curies":[{"name":"wp","href":"https:\/\/api.w.org\/{rel}","templated":true}]}}