{"id":1346,"date":"2021-06-10T17:20:03","date_gmt":"2021-06-10T09:20:03","guid":{"rendered":"https:\/\/www.meatprocessingmachine.org\/?p=1346"},"modified":"2026-02-12T16:03:33","modified_gmt":"2026-02-12T08:03:33","slug":"chicken-cutter-machinechicken-cubing-machine","status":"publish","type":"product","link":"https:\/\/www.meatprocessingmachine.org\/de\/chicken-cutter-machinechicken-cubing-machine.html","title":{"rendered":"H\u00e4hnchenschneidemaschine zum Verkauf | Fleischschneidemaschine"},"content":{"rendered":"<div class=\"kk-star-ratings kksr-auto kksr-align-right kksr-valign-top\"     data-payload='{&quot;align&quot;:&quot;right&quot;,&quot;id&quot;:&quot;1346&quot;,&quot;slug&quot;:&quot;default&quot;,&quot;valign&quot;:&quot;top&quot;,&quot;ignore&quot;:&quot;&quot;,&quot;reference&quot;:&quot;auto&quot;,&quot;class&quot;:&quot;&quot;,&quot;count&quot;:&quot;0&quot;,&quot;legendonly&quot;:&quot;&quot;,&quot;readonly&quot;:&quot;&quot;,&quot;score&quot;:&quot;0&quot;,&quot;starsonly&quot;:&quot;&quot;,&quot;best&quot;:&quot;5&quot;,&quot;gap&quot;:&quot;5&quot;,&quot;greet&quot;:&quot;Rate this product&quot;,&quot;legend&quot;:&quot;0\\\/5 - (0 votes)&quot;,&quot;size&quot;:&quot;24&quot;,&quot;title&quot;:&quot;Chicken cutting machine for sale | meat cutter machine&quot;,&quot;width&quot;:&quot;0&quot;,&quot;_legend&quot;:&quot;{score}\\\/{best} - ({count} {votes})&quot;,&quot;font_factor&quot;:&quot;1.25&quot;}'>              <div class=\"kksr-stars\">      <div class=\"kksr-stars-inactive\">             <div class=\"kksr-star\" data-star=\"1\" style=\"padding-right: 5px\">               <div class=\"kksr-icon\" style=\"width: 24px; height: 24px;\"><\/div>         <\/div>             <div class=\"kksr-star\" data-star=\"2\" style=\"padding-right: 5px\">               <div class=\"kksr-icon\" style=\"width: 24px; height: 24px;\"><\/div>         <\/div>             <div class=\"kksr-star\" data-star=\"3\" style=\"padding-right: 5px\">               <div class=\"kksr-icon\" style=\"width: 24px; height: 24px;\"><\/div>         <\/div>             <div class=\"kksr-star\" data-star=\"4\" style=\"padding-right: 5px\">               <div class=\"kksr-icon\" style=\"width: 24px; height: 24px;\"><\/div>         <\/div>             <div class=\"kksr-star\" data-star=\"5\" style=\"padding-right: 5px\">               <div class=\"kksr-icon\" style=\"width: 24px; height: 24px;\"><\/div>         <\/div>     <\/div>      <div class=\"kksr-stars-active\" style=\"width: 0px;\">             <div class=\"kksr-star\" style=\"padding-right: 5px\">               <div class=\"kksr-icon\" style=\"width: 24px; height: 24px;\"><\/div>         <\/div>             <div class=\"kksr-star\" style=\"padding-right: 5px\">               <div class=\"kksr-icon\" style=\"width: 24px; height: 24px;\"><\/div>         <\/div>             <div class=\"kksr-star\" style=\"padding-right: 5px\">               <div class=\"kksr-icon\" style=\"width: 24px; height: 24px;\"><\/div>         <\/div>             <div class=\"kksr-star\" style=\"padding-right: 5px\">               <div class=\"kksr-icon\" style=\"width: 24px; height: 24px;\"><\/div>         <\/div>             <div class=\"kksr-star\" style=\"padding-right: 5px\">               <div class=\"kksr-icon\" style=\"width: 24px; height: 24px;\"><\/div>         <\/div>     <\/div> <\/div>                   <div class=\"kksr-legend\" style=\"font-size: 19.2px;\">             <span class=\"kksr-muted\">Bewerten Sie dieses Produkt<\/span>     <\/div>     <\/div>  <p>Die H\u00fchnermaschine kann H\u00fchner, Enten und Fische in St\u00fccke schneiden. Und sie schneidet nicht nur frisches Fleisch, sondern auch gefrorenes Fleisch. Sie simuliert den Zustand des manuellen Fleischschneidens und produziert kein Hackfleisch. Es ist sauber, hygienisch und einfach zu bedienen.<\/p>    <p class=\"translation-block\">Daher ist sie f\u00fcr den Einsatz in Lebensmittelverarbeitungsanlagen und gro\u00dfen Kantinen geeignet. Schlachth\u00f6fe, individuelle Verarbeitung, <a href=\"https:\/\/en.wikipedia.org\/wiki\/Supermarket\" target=\"_blank\" rel=\"noopener\">Superm\u00e4rkte<\/a>, Restaurants und andere Orte k\u00f6nnen ebenfalls genutzt werden.<\/p>    <h2 class=\"wp-block-heading\">Funktionsanzeige der H\u00fchnermaschine<\/h2>    <figure class=\"wp-block-embed is-type-video is-provider-youtube wp-block-embed-youtube wp-embed-aspect-16-9 wp-has-aspect-ratio\"><div class=\"wp-block-embed__wrapper\"> <iframe loading=\"lazy\" title=\"H\u00fchnermaschine|H\u00fchnermaschine zum Schneiden|H\u00fchnermaschine zum W\u00fcrfeln|H\u00fchnermaschine zum Schneiden\" width=\"500\" height=\"281\" src=\"https:\/\/www.youtube.com\/embed\/H23aHETKtas?feature=oembed\" frameborder=\"0\" allow=\"accelerometer; autoplay; clipboard-write; encrypted-media; gyroscope; picture-in-picture; web-share\" referrerpolicy=\"strict-origin-when-cross-origin\" allowfullscreen><\/iframe> <\/div><figcaption class=\"wp-element-caption\">H\u00e4hnchen-Schneidemaschine<\/figcaption><\/figure>    <h2 class=\"wp-block-heading\" id=\"h-advantages-of-the-chicken-cutter-machine\">Vorteile der H\u00fchnermaschine<\/h2>    <ol class=\"wp-block-list\"> <li>Die H\u00fchnermaschine kann ein ganzes Huhn, eine ganze Ente oder eine ganze Gans direkt auflegen. Dies bietet unserer Verarbeitungsfabrik gro\u00dfe Bequemlichkeit, spart Verarbeitungskosten und Zeit und M\u00fche. Kann gro\u00dfe Hilfe im Produktions- und Verarbeitungsprozess bieten.<\/li>    <li>Die H\u00fchnermaschine zum Schneiden besteht aus 304 Edelstahl, der den Vorteil hat, robust und langlebig zu sein.<\/li>    <li>Diese Maschine kann nicht nur H\u00fchner, sondern auch Lamm, Schweinefleisch, Rindfleisch und viele andere Fleischsorten schneiden.<\/li>    <li>Die H\u00fchnermaschine zum Schneiden verwendet eine fortschrittliche Schneidetechnologie, die H\u00fchnerfleisch schnell und genau in gleichm\u00e4\u00dfig gro\u00dfe St\u00fccke schneiden kann.<\/li>    <li>Die H\u00fchnermaschine zum W\u00fcrfeln ist einfach zu bedienen und leicht zu handhaben. Nur ein Bediener ist erforderlich, um das Huhn manuell auf das F\u00f6rderband zu legen, und die Maschine f\u00fchrt automatisch die Schneid- und F\u00f6rderarbeiten durch.<\/li>    <li>Der Schneidteil der Maschine ist mit Schutzvorrichtungen ausgestattet, die w\u00e4hrend des Gebrauchs effektiv Unf\u00e4lle vermeiden k\u00f6nnen.<\/li> <\/ol>    <h2 class=\"wp-block-heading\">Parameter der H\u00fchnermaschine zum Schneiden<\/h2>    <ul class=\"wp-block-list\"> <li>Kapazit\u00e4t: 600-800 kg\/h &nbsp;<\/li>    <li>Leistung: 2,2 kW &nbsp;&nbsp;<\/li>    <li>Spannung: 220 V &nbsp;<\/li>    <li>Abmessungen: 1300*600*1050mm &nbsp;&nbsp;<\/li>    <li>Gewicht: 240 kg<\/li> <\/ul>    <h2 class=\"wp-block-heading\" id=\"h-advantages-of-the-chicken-cutter-machine\">Merkmale der H\u00fchnermaschine zum W\u00fcrfeln<\/h2>    <figure class=\"wp-block-image size-large is-resized\"><img loading=\"lazy\" decoding=\"async\" width=\"729\" height=\"774\" src=\"https:\/\/www.meatprocessingmachine.org\/wp-content\/uploads\/2021\/06\/d59431659ce79e1ceacf222d82589ce.png\" alt=\"\" class=\"wp-image-1364\" style=\"object-fit:cover;width:720px;height:540px\" title=\"\" srcset=\"https:\/\/www.meatprocessingmachine.org\/wp-content\/uploads\/2021\/06\/d59431659ce79e1ceacf222d82589ce.png 729w, https:\/\/www.meatprocessingmachine.org\/wp-content\/uploads\/2021\/06\/d59431659ce79e1ceacf222d82589ce-283x300.png 283w\" sizes=\"auto, (max-width: 729px) 100vw, 729px\" \/><figcaption><\/figcaption><\/figure>    <p>Wenn die Maschine die Rohstoffe schneidet, gibt es keinen Verlust von Fleisch, kein Hackfleisch, und die Schnittfl\u00e4che ist sehr glatt und ordentlich. Es ist bequem f\u00fcr den Direktverkauf nach der Verarbeitung. Dar\u00fcber hinaus simuliert die H\u00fchnermaschine das manuelle Schneiden in Abschnitte, die Qualit\u00e4t ist besser als manuell, und die Schnittl\u00e4nge kann angepasst werden, was sehr praktisch ist. Die Arbeitsgeschwindigkeit der H\u00fchnermaschine betr\u00e4gt 60 Mal pro Minute, was eine hohe Arbeitseffizienz hat.<\/p>    <h2 class=\"wp-block-heading\" id=\"h-the-structure-of-the-chicken-cubing-machine\">Die Struktur der H\u00fchnermaschine zum W\u00fcrfeln<\/h2>    <figure class=\"wp-block-image size-full is-resized\"><img loading=\"lazy\" decoding=\"async\" width=\"714\" height=\"621\" src=\"https:\/\/www.meatprocessingmachine.org\/wp-content\/uploads\/2021\/09\/Chicken-Cutting-Machine.png\" alt=\"Chicken Cutting Machine details\" class=\"wp-image-1941\" style=\"object-fit:cover;width:720px;height:540px\" title=\"\" srcset=\"https:\/\/www.meatprocessingmachine.org\/wp-content\/uploads\/2021\/09\/Chicken-Cutting-Machine.png 714w, https:\/\/www.meatprocessingmachine.org\/wp-content\/uploads\/2021\/09\/Chicken-Cutting-Machine-300x261.png 300w\" sizes=\"auto, (max-width: 714px) 100vw, 714px\" \/><figcaption class=\"wp-element-caption\">Details zur H\u00fchnermaschine zum Schneiden<\/figcaption><\/figure>    <p>Das Produkt besteht haupts\u00e4chlich aus einem Hauptger\u00e4t, Motor, F\u00f6rderband, Messern usw. Das Material des Messers der H\u00fchnermaschine ist 75cr1. Vor allem ist dieses Material sicher und verschlei\u00dffest. Zum Beispiel kann es lange Zeit ohne Rost verwendet werden. Es gibt zwei verschiedene Arten von B\u00e4ndern f\u00fcr H\u00fchnermaschinen.<\/p>    <h2 class=\"wp-block-heading\" id=\"h-chain-conveyor-belt\">Kettenf\u00f6rderband der H\u00fchnermaschine <\/h2>    <p>Das Lebensmittelkontaktband ist eine PE-Platte, die beim Kontakt mit Lebensmitteln sicher ist. Dar\u00fcber hinaus ist der F\u00f6rderer abschnittsweise, und das Fleisch kann am Entladeort getrennt werden, um ein Haften zu verhindern.<\/p>    <figure class=\"wp-block-image size-full is-resized\"><img loading=\"lazy\" decoding=\"async\" width=\"720\" height=\"540\" src=\"https:\/\/www.meatprocessingmachine.org\/wp-content\/uploads\/2021\/09\/Chicken-Cutting-Machine-4.jpg\" alt=\"H\u00e4hnchen-Schneidemaschine\" class=\"wp-image-1940\" style=\"object-fit:cover;width:720px;height:540px\" title=\"\" srcset=\"https:\/\/www.meatprocessingmachine.org\/wp-content\/uploads\/2021\/09\/Chicken-Cutting-Machine-4.jpg 720w, https:\/\/www.meatprocessingmachine.org\/wp-content\/uploads\/2021\/09\/Chicken-Cutting-Machine-4-300x225.jpg 300w\" sizes=\"auto, (max-width: 720px) 100vw, 720px\" \/><figcaption class=\"wp-element-caption\">H\u00e4hnchen-Schneidemaschine<\/figcaption><\/figure>    <h2 class=\"wp-block-heading\" id=\"h-what-can-the-chicken-cutter-machine-cut\">Was kann die H\u00fchnermaschine schneiden?<\/h2>    <p>Die H\u00fchnermaschine ist haupts\u00e4chlich zum Schneiden von Knorpelfleisch geeignet, wie z.B. ganze H\u00fchner, Enten und Fische. Dar\u00fcber hinaus verschiedene gefrorene oder frische Fleischsorten. Daher ist die Anwendbarkeit der H\u00fchnermaschine sehr breit. Sie kann direkt in Bl\u00f6cke geformt werden. W\u00e4hrend sie Arbeitskraft spart, ist sie auch sauberer und hygienischer und hat eine hohe Arbeitseffizienz.<\/p>    <figure class=\"wp-block-image size-large is-resized\"><img loading=\"lazy\" decoding=\"async\" width=\"1024\" height=\"768\" src=\"https:\/\/www.meatprocessingmachine.org\/wp-content\/uploads\/2021\/09\/Cut-chicken-stock-1024x768.jpg\" alt=\"D59431659ce79e1ceacf222d82589ce\" class=\"wp-image-1942\" style=\"object-fit:cover;width:720px;height:540px\" title=\"\" srcset=\"https:\/\/www.meatprocessingmachine.org\/wp-content\/uploads\/2021\/09\/Cut-chicken-stock-1024x768.jpg 1024w, https:\/\/www.meatprocessingmachine.org\/wp-content\/uploads\/2021\/09\/Cut-chicken-stock-300x225.jpg 300w, https:\/\/www.meatprocessingmachine.org\/wp-content\/uploads\/2021\/09\/Cut-chicken-stock-768x576.jpg 768w, https:\/\/www.meatprocessingmachine.org\/wp-content\/uploads\/2021\/09\/Cut-chicken-stock-1536x1152.jpg 1536w, https:\/\/www.meatprocessingmachine.org\/wp-content\/uploads\/2021\/09\/Cut-chicken-stock-2048x1536.jpg 2048w\" sizes=\"auto, (max-width: 1024px) 100vw, 1024px\" \/><figcaption class=\"wp-element-caption\">  H\u00fchnermaschine zum Schneiden <\/figcaption><\/figure>    <h2 class=\"wp-block-heading\" id=\"h-advantages-of-the-chicken-cutter-machine\">Die Verpackung der H\u00fchnermaschine<\/h2>    <p class=\"translation-block\">H\u00fchnermaschinen werden w\u00e4hrend des Transports in Holzkisten verpackt, um den K\u00f6rper vor Besch\u00e4digungen zu sch\u00fctzen. Unser Unternehmen hat sehr gute exportbezogene Erfahrungen, und spezielle Mitarbeiter werden den Transportprozess verfolgen. Dar\u00fcber hinaus hat unser Unternehmen auch viele andere Maschinen, wie z.B. Streifenschneidemaschinen, <a href=\"https:\/\/www.meatprocessingmachine.org\/de\/meat-roll-cutting-machine.html\/\" data-type=\"URL\" data-id=\"https:\/\/www.meatprocessingmachine.org\/meat-roll-cutting-machine.html\">Fleischroll- und Schneidemaschinen<\/a> und <a href=\"https:\/\/www.meatprocessingmachine.org\/de\/sausage-binding-tying-machine.html\/\" data-type=\"URL\" data-id=\"https:\/\/www.meatprocessingmachine.org\/sausage-binding-tying-machine.html\">Wurstmaschinen<\/a>. Willkommen, uns zu kontaktieren.<\/p>","protected":false},"excerpt":{"rendered":"<p>The chicken cutter machine can cut chicken, duck, goose, fish, various frozen meat, and fresh meat into blocks, simulating the state of manual meat cutting, and will not produce minced meat. It is clean and hygienic, simple to operate, and suitable for food processing Used in factories, large canteens, slaughterhouses, individual processing, supermarkets, restaurants and other places.<\/p>","protected":false},"author":1,"featured_media":1938,"parent":0,"template":"","product-type":[583],"class_list":["post-1346","product","type-product","status-publish","has-post-thumbnail","hentry","product-type-chicken-turkey"],"_links":{"self":[{"href":"https:\/\/www.meatprocessingmachine.org\/de\/wp-json\/wp\/v2\/product\/1346","targetHints":{"allow":["GET"]}}],"collection":[{"href":"https:\/\/www.meatprocessingmachine.org\/de\/wp-json\/wp\/v2\/product"}],"about":[{"href":"https:\/\/www.meatprocessingmachine.org\/de\/wp-json\/wp\/v2\/types\/product"}],"author":[{"embeddable":true,"href":"https:\/\/www.meatprocessingmachine.org\/de\/wp-json\/wp\/v2\/users\/1"}],"wp:featuredmedia":[{"embeddable":true,"href":"https:\/\/www.meatprocessingmachine.org\/de\/wp-json\/wp\/v2\/media\/1938"}],"wp:attachment":[{"href":"https:\/\/www.meatprocessingmachine.org\/de\/wp-json\/wp\/v2\/media?parent=1346"}],"wp:term":[{"taxonomy":"product-type","embeddable":true,"href":"https:\/\/www.meatprocessingmachine.org\/de\/wp-json\/wp\/v2\/product-type?post=1346"}],"curies":[{"name":"wp","href":"https:\/\/api.w.org\/{rel}","templated":true}]}}