{"id":1448,"date":"2021-06-25T09:52:29","date_gmt":"2021-06-25T01:52:29","guid":{"rendered":"https:\/\/www.meatprocessingmachine.org\/?p=1448"},"modified":"2026-02-12T16:44:14","modified_gmt":"2026-02-12T08:44:14","slug":"meatball-making-machinemeatball-forming-machine","status":"publish","type":"product","link":"https:\/\/www.meatprocessingmachine.org\/de\/meatball-making-machinemeatball-forming-machine.html","title":{"rendered":"Fleischb\u00e4llchenherstellungsmaschine | Fleischb\u00e4llchenformmaschine"},"content":{"rendered":"<div class=\"kk-star-ratings kksr-auto kksr-align-right kksr-valign-top\"     data-payload='{&quot;align&quot;:&quot;right&quot;,&quot;id&quot;:&quot;1448&quot;,&quot;slug&quot;:&quot;default&quot;,&quot;valign&quot;:&quot;top&quot;,&quot;ignore&quot;:&quot;&quot;,&quot;reference&quot;:&quot;auto&quot;,&quot;class&quot;:&quot;&quot;,&quot;count&quot;:&quot;0&quot;,&quot;legendonly&quot;:&quot;&quot;,&quot;readonly&quot;:&quot;&quot;,&quot;score&quot;:&quot;0&quot;,&quot;starsonly&quot;:&quot;&quot;,&quot;best&quot;:&quot;5&quot;,&quot;gap&quot;:&quot;5&quot;,&quot;greet&quot;:&quot;Rate this product&quot;,&quot;legend&quot;:&quot;0\\\/5 - (0 votes)&quot;,&quot;size&quot;:&quot;24&quot;,&quot;title&quot;:&quot;Meatball Making Machine | Meatball Forming Machine&quot;,&quot;width&quot;:&quot;0&quot;,&quot;_legend&quot;:&quot;{score}\\\/{best} - ({count} {votes})&quot;,&quot;font_factor&quot;:&quot;1.25&quot;}'>              <div class=\"kksr-stars\">      <div class=\"kksr-stars-inactive\">             <div class=\"kksr-star\" data-star=\"1\" style=\"padding-right: 5px\">               <div class=\"kksr-icon\" style=\"width: 24px; height: 24px;\"><\/div>         <\/div>             <div class=\"kksr-star\" data-star=\"2\" style=\"padding-right: 5px\">               <div class=\"kksr-icon\" style=\"width: 24px; height: 24px;\"><\/div>         <\/div>             <div class=\"kksr-star\" data-star=\"3\" style=\"padding-right: 5px\">               <div class=\"kksr-icon\" style=\"width: 24px; height: 24px;\"><\/div>         <\/div>             <div class=\"kksr-star\" data-star=\"4\" style=\"padding-right: 5px\">               <div class=\"kksr-icon\" style=\"width: 24px; height: 24px;\"><\/div>         <\/div>             <div class=\"kksr-star\" data-star=\"5\" style=\"padding-right: 5px\">               <div class=\"kksr-icon\" style=\"width: 24px; height: 24px;\"><\/div>         <\/div>     <\/div>      <div class=\"kksr-stars-active\" style=\"width: 0px;\">             <div class=\"kksr-star\" style=\"padding-right: 5px\">               <div class=\"kksr-icon\" style=\"width: 24px; height: 24px;\"><\/div>         <\/div>             <div class=\"kksr-star\" style=\"padding-right: 5px\">               <div class=\"kksr-icon\" style=\"width: 24px; height: 24px;\"><\/div>         <\/div>             <div class=\"kksr-star\" style=\"padding-right: 5px\">               <div class=\"kksr-icon\" style=\"width: 24px; height: 24px;\"><\/div>         <\/div>             <div class=\"kksr-star\" style=\"padding-right: 5px\">               <div class=\"kksr-icon\" style=\"width: 24px; height: 24px;\"><\/div>         <\/div>             <div class=\"kksr-star\" style=\"padding-right: 5px\">               <div class=\"kksr-icon\" style=\"width: 24px; height: 24px;\"><\/div>         <\/div>     <\/div> <\/div>                   <div class=\"kksr-legend\" style=\"font-size: 19.2px;\">             <span class=\"kksr-muted\">Bewerten Sie dieses Produkt<\/span>     <\/div>     <\/div>  <p>Die Fleischb\u00e4llchenmaschine kann Fleischb\u00e4llchen in Kugelform herstellen. Die kommerzielle Fleischb\u00e4llchenmaschine kann viele Rohstoffe verwenden. Sie k\u00f6nnen verschiedene Fleischsorten wie Schwein, Rind, Lamm, Fisch und Meeresfr\u00fcchte verwenden. Au\u00dferdem k\u00f6nnen Sie Kartoffeln und anderes Gem\u00fcse hinzuf\u00fcgen. <\/p>    <p>Au\u00dferdem simuliert die Fleischb\u00e4llchenmaschine das Prinzip der manuellen Fleischb\u00e4llchen. Nach der Herstellung werden sie frittiert oder ged\u00e4mpft, um Speisen zuzubereiten. Unsere kommerzielle Fleischb\u00e4llchenmaschine kann Ihnen helfen, verschiedene Geschmacksrichtungen von Fleischb\u00e4llchen herzustellen. Wir beschreiben diese Maschine in diesem Artikel ausf\u00fchrlich.<\/p>    <figure class=\"wp-block-image size-large\"><img loading=\"lazy\" decoding=\"async\" width=\"750\" height=\"750\" src=\"https:\/\/www.meatprocessingmachine.org\/wp-content\/uploads\/2021\/06\/6-1.jpg\" alt=\"Fleischb\u00e4llchen-Herstellungsmaschine\" class=\"wp-image-1460\" title=\"\" srcset=\"https:\/\/www.meatprocessingmachine.org\/wp-content\/uploads\/2021\/06\/6-1.jpg 750w, https:\/\/www.meatprocessingmachine.org\/wp-content\/uploads\/2021\/06\/6-1-300x300.jpg 300w, https:\/\/www.meatprocessingmachine.org\/wp-content\/uploads\/2021\/06\/6-1-150x150.jpg 150w\" sizes=\"auto, (max-width: 750px) 100vw, 750px\" \/><figcaption><\/figcaption><\/figure>    <h2 class=\"wp-block-heading\">Vorteile der Fleischb\u00e4llchenmaschine<\/h2>    <figure class=\"wp-block-embed is-type-video is-provider-youtube wp-block-embed-youtube wp-embed-aspect-4-3 wp-has-aspect-ratio\"><div class=\"wp-block-embed__wrapper\"> <iframe loading=\"lazy\" title=\"Logo\" width=\"500\" height=\"375\" src=\"https:\/\/www.youtube.com\/embed\/kp1zxVYV68g?feature=oembed\" frameborder=\"0\" allow=\"accelerometer; autoplay; clipboard-write; encrypted-media; gyroscope; picture-in-picture; web-share\" referrerpolicy=\"strict-origin-when-cross-origin\" allowfullscreen><\/iframe> <\/div><figcaption class=\"wp-element-caption\">Meatball Making <\/figcaption><\/figure>    <h2 class=\"wp-block-heading\" id=\"h-advantages-of-meatball-machine\">Was sind die Rohstoffe f\u00fcr die Herstellung von Fleischb\u00e4llchen?<\/h2>    <ol class=\"wp-block-list\"> <li>Der Durchmesser der B\u00e4lle ist einstellbar<\/li>    <li>Die Geschwindigkeit der B\u00e4lle ist einstellbar.<\/li>    <li>Die Maschine ist aus Edelstahl gefertigt, was sicherer und langlebiger ist.<\/li>    <li>Die Maschine nimmt wenig Platz ein und kann flexibel platziert werden.<\/li>    <li>Geben Sie die vorbereitete Fleischmasse in den Beh\u00e4lter der Fleischb\u00e4llchenmaschine und schalten Sie die Maschine ein. Die Fleischb\u00e4llchen kommen dann automatisch aus dem Auslass. Die Fleischb\u00e4llchen k\u00f6nnen direkt in den Topf zum Braten oder Kochen gegeben werden. Au\u00dferdem kann sie an den Warmwasserbeh\u00e4lter angeschlossen werden, f\u00fcr sp\u00e4tere Einfrierung usw., was die sp\u00e4tere Vermarktung erleichtert.<\/li> <\/ol>    <figure class=\"wp-block-image size-large\"><img loading=\"lazy\" decoding=\"async\" width=\"750\" height=\"419\" src=\"https:\/\/www.meatprocessingmachine.org\/wp-content\/uploads\/2021\/06\/meatball-machine-9.jpg\" alt=\"\" class=\"wp-image-1469\" title=\"\" srcset=\"https:\/\/www.meatprocessingmachine.org\/wp-content\/uploads\/2021\/06\/meatball-machine-9.jpg 750w, https:\/\/www.meatprocessingmachine.org\/wp-content\/uploads\/2021\/06\/meatball-machine-9-300x168.jpg 300w\" sizes=\"auto, (max-width: 750px) 100vw, 750px\" \/><figcaption><\/figcaption><\/figure>    <h2 class=\"wp-block-heading\" id=\"h-what-are-the-raw-materials-for-making-meatballs\">Die Fleischb\u00e4llchenmaschine arbeitet schrittweise.<\/h2>    <p class=\"translation-block\">Die Rohstoffe f\u00fcr die Herstellung von Fleischb\u00e4llchen sind sehr vielf\u00e4ltig. Sie k\u00f6nnen Schwein, Rind, Lamm, Fisch usw. als Hauptzutaten verwenden. Sie k\u00f6nnen auch Zutaten hinzuf\u00fcgen, wie Semmelbr\u00f6sel, Zwiebeln, <a href=\"https:\/\/en.wikipedia.org\/wiki\/Cheese\" target=\"_blank\" rel=\"noopener\">K\u00e4se<\/a> oder Butter. Da die Rohstoffe relativ frei gew\u00e4hlt werden k\u00f6nnen, k\u00f6nnen die Fleischb\u00e4llchen an die regionalen Gegebenheiten angepasst werden.<\/p>    <h2 class=\"wp-block-heading\" id=\"h-meatball-machine-use-steps\">Zwei Arten von Fleischb\u00e4llchenformmaschinen<\/h2>    <p>Die Sandwich-Fleischb\u00e4llchenformmaschine kann F\u00fcllungen herstellen und in die B\u00e4lle einlegen. Die Haut der B\u00e4lle kann sich von den F\u00fcllungen in der Mitte unterscheiden. Diese Art von Fleischb\u00e4llchen hat einen reicheren Geschmack. Die Maschine arbeitet mit zwei Schlitzen gleichzeitig, sodass sie die F\u00fcllung realisieren kann.<\/p>   <div class=\"wp-block-image\"> <figure class=\"aligncenter size-full\"><img loading=\"lazy\" decoding=\"async\" width=\"980\" height=\"375\" src=\"https:\/\/www.meatprocessingmachine.org\/wp-content\/uploads\/2021\/06\/meatball-forming-machine-details.webp\" alt=\"Die feste Fleischb\u00e4llchenformmaschine hat nur einen Beh\u00e4lter. Nat\u00fcrlich sind alle hergestellten Fleischb\u00e4llchen eine Art Rohmaterial, daher k\u00f6nnen Sie beim Kauf der Maschine entsprechend Ihrer Produkte w\u00e4hlen.\" class=\"wp-image-34396\" title=\"\" srcset=\"https:\/\/www.meatprocessingmachine.org\/wp-content\/uploads\/2021\/06\/meatball-forming-machine-details.webp 980w, https:\/\/www.meatprocessingmachine.org\/wp-content\/uploads\/2021\/06\/meatball-forming-machine-details-300x115.webp 300w, https:\/\/www.meatprocessingmachine.org\/wp-content\/uploads\/2021\/06\/meatball-forming-machine-details-768x294.webp 768w, https:\/\/www.meatprocessingmachine.org\/wp-content\/uploads\/2021\/06\/meatball-forming-machine-details-18x7.webp 18w\" sizes=\"auto, (max-width: 980px) 100vw, 980px\" \/><figcaption class=\"wp-element-caption\">Meatball Forming Machine Details<\/figcaption><\/figure> <\/div>   <h2 class=\"wp-block-heading\" id=\"h-two-types-of-meatball-machines\">Sandwich-Fleischb\u00e4llchen<\/h2>    <h3 class=\"wp-block-heading\" id=\"h-1-sandwich-meatballs\">Fleischb\u00e4llchenmaschine<\/h3>    <p>Gr\u00f6\u00dfe: 850*650*1750mm<\/p>    <figure class=\"wp-block-image size-large\"><img loading=\"lazy\" decoding=\"async\" width=\"750\" height=\"617\" src=\"https:\/\/www.meatprocessingmachine.org\/wp-content\/uploads\/2021\/06\/meatball-machine-2.jpg\" alt=\"Vollautomatische Rippen-Schneidemaschine\" class=\"wp-image-1458\" title=\"\" srcset=\"https:\/\/www.meatprocessingmachine.org\/wp-content\/uploads\/2021\/06\/meatball-machine-2.jpg 750w, https:\/\/www.meatprocessingmachine.org\/wp-content\/uploads\/2021\/06\/meatball-machine-2-300x247.jpg 300w\" sizes=\"auto, (max-width: 750px) 100vw, 750px\" \/><figcaption><\/figcaption><\/figure>    <h3 class=\"wp-block-heading\" id=\"h-2-solid-meatball-machine\">Parameter der Fleischb\u00e4llchenmaschine<\/h3>    <p>Spannung: 220V\/380V 50Hz<\/p>    <h2 class=\"wp-block-heading\" id=\"h-meatball-machine-parameters\">Vorsichtsma\u00dfnahmen bei der Herstellung von Fleischb\u00e4llchen<\/h2>    <ul class=\"wp-block-list\"> <li>Leistung: 3 kW<\/li>    <li>Durchmesser: weniger als 40 mm<\/li>    <li>Kann Rindfleischb\u00e4llchen herstellen Kapazit\u00e4t: 500-600 St\u00fcck\/Minute<\/li>    <li>Formgr\u00f6\u00dfe: 18 20 22 24 26 mm (Maschine enth\u00e4lt 3 Formen)<\/li>    <li>Die Fleischb\u00e4llchenmaschine sollte an einem stabilen Ort platziert werden, und die Stromversorgung sowie Erdung sollten installiert werden, um die Sicherheit zu gew\u00e4hrleisten.<\/li>    <li>Vor Gebrauch reinigen, die Maschine zun\u00e4chst leer starten und den normalen Betrieb beobachten, bevor sie in Betrieb genommen wird.<\/li>    <li>Stellen Sie eine gro\u00dfe Sch\u00fcssel an den Mund der Fleischb\u00e4llchen, f\u00fcllen Sie sie mit warmem Wasser, 60~70 Grad Celsius sind geeignet.<\/li> <\/ul>    <h2 class=\"wp-block-heading\" id=\"h-precautions-for-making-meatballs\">Verwandte Fleischmaschinen<\/h2>    <ul class=\"wp-block-list\"> <li>Das Produkt wiegt 8-25 Gramm\/St\u00fcck, und die F\u00fcllmenge sowie die Produktionsgeschwindigkeit k\u00f6nnen automatisch angepasst werden. Die maximale Leistung kann 200-300 kg\/h erreichen, was der Effizienz von 12 bis 18 Arbeitern gleichzeitig entspricht.<\/li>    <li>Die Automatisierungsstruktur ist sinnvoll und kann von ein oder zwei Personen bedient werden.<\/li>    <li>H\u00e4hnchenbrustschneider Maschine<\/li>    <li>Fischfiletiermaschine<\/li>    <li>Verbreiten Sie die Liebe<\/li> <\/ul>    <h2 class=\"wp-block-heading\" id=\"h-related-meat-machines\">Fleischb\u00e4llchenherstellung<\/h2>    <div class=\"wp-block-columns is-layout-flex wp-container-core-columns-is-layout-9d6595d7 wp-block-columns-is-layout-flex\"> <div class=\"wp-block-column is-layout-flow wp-block-column-is-layout-flow\"> <figure class=\"wp-block-image size-full\"><a href=\"https:\/\/www.meatprocessingmachine.org\/de\/chicken-breast-slicer-machine-meat-cutting-machinery-for-meat-slices-strips.html\/\"><img loading=\"lazy\" decoding=\"async\" width=\"720\" height=\"540\" src=\"https:\/\/www.meatprocessingmachine.org\/wp-content\/uploads\/2021\/12\/Chicken-breast-cutter-machine.png\" alt=\"Industrielle Fleischtrocknungsmaschine | Hei\u00dfluftzirkulations-Trocknungsmaschine\" class=\"wp-image-32518\" title=\"\" srcset=\"https:\/\/www.meatprocessingmachine.org\/wp-content\/uploads\/2021\/12\/Chicken-breast-cutter-machine.png 720w, https:\/\/www.meatprocessingmachine.org\/wp-content\/uploads\/2021\/12\/Chicken-breast-cutter-machine-300x225.png 300w\" sizes=\"auto, (max-width: 720px) 100vw, 720px\" \/><\/a><figcaption class=\"wp-element-caption\">Shuliy<\/figcaption><\/figure> <\/div>    <div class=\"wp-block-column is-layout-flow wp-block-column-is-layout-flow\"> <figure class=\"wp-block-image size-full\"><a href=\"https:\/\/www.meatprocessingmachine.org\/de\/how-about-fish-fillet-machine-for-salmon.html\/\"><img loading=\"lazy\" decoding=\"async\" width=\"720\" height=\"540\" src=\"https:\/\/www.meatprocessingmachine.org\/wp-content\/uploads\/2022\/01\/fish-filleting-machine-.png\" alt=\"Fischfiletierer-Maschine\" class=\"wp-image-32567\" title=\"\" srcset=\"https:\/\/www.meatprocessingmachine.org\/wp-content\/uploads\/2022\/01\/fish-filleting-machine-.png 720w, https:\/\/www.meatprocessingmachine.org\/wp-content\/uploads\/2022\/01\/fish-filleting-machine--300x225.png 300w\" sizes=\"auto, (max-width: 720px) 100vw, 720px\" \/><\/a><figcaption class=\"wp-element-caption\">Zhengzhou Taizy Machinery Co., Ltd ist haupts\u00e4chlich im Bereich Fleischverarbeitungsmaschinen t\u00e4tig.<\/figcaption><\/figure> <\/div> <\/div>","protected":false},"excerpt":{"rendered":"<p>Die Fleischb\u00e4llchenherstellungsmaschine ist eine Maschine, die Fleischb\u00e4llchen in eine Kugelform bringen kann. Sie k\u00f6nnen verschiedene Fleischsorten und Gem\u00fcse als Rohstoffe verwenden.<\/p>","protected":false},"author":1,"featured_media":1660,"parent":0,"template":"","product-type":[582,583,584,598],"class_list":["post-1448","product","type-product","status-publish","has-post-thumbnail","hentry","product-type-cattle-sheep","product-type-chicken-turkey","product-type-fish","product-type-supporting-auxiliary-equipment"],"_links":{"self":[{"href":"https:\/\/www.meatprocessingmachine.org\/de\/wp-json\/wp\/v2\/product\/1448","targetHints":{"allow":["GET"]}}],"collection":[{"href":"https:\/\/www.meatprocessingmachine.org\/de\/wp-json\/wp\/v2\/product"}],"about":[{"href":"https:\/\/www.meatprocessingmachine.org\/de\/wp-json\/wp\/v2\/types\/product"}],"author":[{"embeddable":true,"href":"https:\/\/www.meatprocessingmachine.org\/de\/wp-json\/wp\/v2\/users\/1"}],"wp:featuredmedia":[{"embeddable":true,"href":"https:\/\/www.meatprocessingmachine.org\/de\/wp-json\/wp\/v2\/media\/1660"}],"wp:attachment":[{"href":"https:\/\/www.meatprocessingmachine.org\/de\/wp-json\/wp\/v2\/media?parent=1448"}],"wp:term":[{"taxonomy":"product-type","embeddable":true,"href":"https:\/\/www.meatprocessingmachine.org\/de\/wp-json\/wp\/v2\/product-type?post=1448"}],"curies":[{"name":"wp","href":"https:\/\/api.w.org\/{rel}","templated":true}]}}