{"id":152,"date":"2018-10-25T06:53:40","date_gmt":"2018-10-24T22:53:40","guid":{"rendered":"http:\/\/www.meatprocessingmachine.org\/?p=152"},"modified":"2026-02-12T16:11:00","modified_gmt":"2026-02-12T08:11:00","slug":"meat-smoking-oven","status":"publish","type":"product","link":"https:\/\/www.meatprocessingmachine.org\/de\/meat-smoking-oven.html","title":{"rendered":"Automatische Fleischr\u00e4uchermaschine zum R\u00e4uchern von Fisch, Wurst"},"content":{"rendered":"<div class=\"kk-star-ratings kksr-auto kksr-align-right kksr-valign-top\"     data-payload='{&quot;align&quot;:&quot;right&quot;,&quot;id&quot;:&quot;152&quot;,&quot;slug&quot;:&quot;default&quot;,&quot;valign&quot;:&quot;top&quot;,&quot;ignore&quot;:&quot;&quot;,&quot;reference&quot;:&quot;auto&quot;,&quot;class&quot;:&quot;&quot;,&quot;count&quot;:&quot;0&quot;,&quot;legendonly&quot;:&quot;&quot;,&quot;readonly&quot;:&quot;&quot;,&quot;score&quot;:&quot;0&quot;,&quot;starsonly&quot;:&quot;&quot;,&quot;best&quot;:&quot;5&quot;,&quot;gap&quot;:&quot;5&quot;,&quot;greet&quot;:&quot;Rate this product&quot;,&quot;legend&quot;:&quot;0\\\/5 - (0 votes)&quot;,&quot;size&quot;:&quot;24&quot;,&quot;title&quot;:&quot;Automatic meat smoking machine for smoking fish, sausage&quot;,&quot;width&quot;:&quot;0&quot;,&quot;_legend&quot;:&quot;{score}\\\/{best} - ({count} {votes})&quot;,&quot;font_factor&quot;:&quot;1.25&quot;}'>              <div class=\"kksr-stars\">      <div class=\"kksr-stars-inactive\">             <div class=\"kksr-star\" data-star=\"1\" style=\"padding-right: 5px\">               <div class=\"kksr-icon\" style=\"width: 24px; height: 24px;\"><\/div>         <\/div>             <div class=\"kksr-star\" data-star=\"2\" style=\"padding-right: 5px\">               <div class=\"kksr-icon\" style=\"width: 24px; height: 24px;\"><\/div>         <\/div>             <div class=\"kksr-star\" data-star=\"3\" style=\"padding-right: 5px\">               <div class=\"kksr-icon\" style=\"width: 24px; height: 24px;\"><\/div>         <\/div>             <div class=\"kksr-star\" data-star=\"4\" style=\"padding-right: 5px\">               <div class=\"kksr-icon\" style=\"width: 24px; height: 24px;\"><\/div>         <\/div>             <div class=\"kksr-star\" data-star=\"5\" style=\"padding-right: 5px\">               <div class=\"kksr-icon\" style=\"width: 24px; height: 24px;\"><\/div>         <\/div>     <\/div>      <div class=\"kksr-stars-active\" style=\"width: 0px;\">             <div class=\"kksr-star\" style=\"padding-right: 5px\">               <div class=\"kksr-icon\" style=\"width: 24px; height: 24px;\"><\/div>         <\/div>             <div class=\"kksr-star\" style=\"padding-right: 5px\">               <div class=\"kksr-icon\" style=\"width: 24px; height: 24px;\"><\/div>         <\/div>             <div class=\"kksr-star\" style=\"padding-right: 5px\">               <div class=\"kksr-icon\" style=\"width: 24px; height: 24px;\"><\/div>         <\/div>             <div class=\"kksr-star\" style=\"padding-right: 5px\">               <div class=\"kksr-icon\" style=\"width: 24px; height: 24px;\"><\/div>         <\/div>             <div class=\"kksr-star\" style=\"padding-right: 5px\">               <div class=\"kksr-icon\" style=\"width: 24px; height: 24px;\"><\/div>         <\/div>     <\/div> <\/div>                   <div class=\"kksr-legend\" style=\"font-size: 19.2px;\">             <span class=\"kksr-muted\">Bewerten Sie dieses Produkt<\/span>     <\/div>     <\/div>  <p class=\"translation-block\">Die automatische <strong>Fleischr\u00e4uchermaschine<\/strong> hat die Funktionen Kochen, Trocknen, R\u00e4uchern, Reinigen und Sicherheits\u00fcberwachung. Das einzigartige Luftzirkulationssystem des <a href=\"https:\/\/www.meatprocessingmachine.org\/de\/info\/food-smoking-machine-introduction\/\" data-type=\"URL\" data-id=\"https:\/\/www.meatprocessingmachine.org\/info\/food-smoking-machine-introduction\/\">R\u00e4ucherofens<\/a> gew\u00e4hrleistet effektiv die Konsistenz von Temperatur und Feuchtigkeit w\u00e4hrend des Backens, Kochens, Trocknens, R\u00e4ucherns und anderer Prozesse des Produkts, wodurch die Farbe und das Aussehen des Produkts sichergestellt werden. Diese Fleischr\u00e4uchermaschine eignet sich zum R\u00e4uchern von Fisch, Huhn, Wurst und anderen Fleischsorten.<\/p>    <h2 class=\"wp-block-heading\" id=\"h-industrial-meat-smoking-machine-overview\">\u00dcbersicht \u00fcber industrielle Fleischr\u00e4uchermaschinen<\/h2>    <p class=\"translation-block\"><strong>Anwendung<\/strong>: Die Fleischr\u00e4uchermaschine wird haupts\u00e4chlich verwendet, um verschiedene Arten von Fleisch zu r\u00e4uchern, zu f\u00e4rben und zu aromatisieren. <a href=\"https:\/\/www.meatprocessingmachine.org\/de\/info\/what-food-items-can-you-smoke\/\" data-type=\"URL\" data-id=\"https:\/\/www.meatprocessingmachine.org\/info\/what-food-items-can-you-smoke\/\">Sie kann auf verschiedene W\u00fcrste, Fisch, Huhn, K\u00e4se und andere Produkte angewendet werden.<\/a><\/p>    <p class=\"translation-block\"><strong>Heizmethode<\/strong>: elektrische Heizung, Dampferhitzung<\/p>    <p class=\"translation-block\"><strong>R\u00e4uchermethode<\/strong>: Innere Rauch, \u00e4u\u00dferer Rauch<\/p>    <p class=\"translation-block\"><strong>R\u00e4uchermethode<\/strong>: Kaltr\u00e4uchern, Hei\u00dfr\u00e4uchern, Warmr\u00e4uchern<\/p>    <p class=\"translation-block\"><strong>Zusammensetzung<\/strong>: Die Maschine besteht haupts\u00e4chlich aus einem Ofenk\u00f6rper, Heizsystem, Zirkulationsluftsystem und elektrischem Steuerungssystem.<\/p>    <p class=\"translation-block\"><strong>Funktion<\/strong>: Die Maschine hat die Funktionen Heizen, Trocknen, R\u00e4uchern, Abluft usw.<\/p>    <figure class=\"wp-block-image size-full\"><img loading=\"lazy\" decoding=\"async\" width=\"750\" height=\"750\" src=\"https:\/\/www.meatprocessingmachine.org\/wp-content\/uploads\/2021\/08\/smoking-machine-2.jpg\" alt=\"Versand der R\u00e4uchermaschine\" class=\"wp-image-1791\" title=\"\" srcset=\"https:\/\/www.meatprocessingmachine.org\/wp-content\/uploads\/2021\/08\/smoking-machine-2.jpg 750w, https:\/\/www.meatprocessingmachine.org\/wp-content\/uploads\/2021\/08\/smoking-machine-2-300x300.jpg 300w, https:\/\/www.meatprocessingmachine.org\/wp-content\/uploads\/2021\/08\/smoking-machine-2-150x150.jpg 150w\" sizes=\"auto, (max-width: 750px) 100vw, 750px\" \/><figcaption class=\"wp-element-caption\">R\u00e4uchermaschine<\/figcaption><\/figure>    <h2 class=\"wp-block-heading\" id=\"h-automatic-meat-smoking-oven-working-principle\">Funktionsprinzip des automatischen Fleischr\u00e4ucherofens<\/h2>    <p>Der Fleischr\u00e4ucherofen wird von einem Computer gesteuert. Er hat mehrere Parameter, die gleichzeitig auf dem Bildschirm angezeigt werden, um den Betriebsstatus zu \u00fcberwachen. Er kann eine Fernsteuerung realisieren. Und es gibt Druckrezepte, Temperatur-, Feuchtigkeitskurven und speichert 100 Rezeptprozesse innerhalb der Maschine.<\/p>    <h2 class=\"wp-block-heading\" id=\"h-commercial-fish-smoking-machine-technical\">Technische Daten der kommerziellen Fleischr\u00e4uchermaschine<\/h2>    <figure class=\"wp-block-table\"><table><tbody><tr><td>Modell<\/td><td>Gr\u00f6\u00dfe<\/td><td>Kapazit\u00e4t<\/td><td>Leistung<\/td><td>Gewicht<\/td><\/tr><tr><td>TZ30<\/td><td>800 * 800 * 1600<\/td><td>30kg<\/td><td>4.75kw<\/td><td>330kg<\/td><\/tr><tr><td>TZ50<\/td><td>1000 * 1000 * 1850<\/td><td>50kg<\/td><td>6.5kw<\/td><td>400kg<\/td><\/tr><tr><td>TZ100<\/td><td>1380 * 1340 * 1950<\/td><td>100 kg<\/td><td>12.5kw<\/td><td>750kg<\/td><\/tr><tr><td>TZ250<\/td><td>1350 * 1510 * 3000<\/td><td>250kg<\/td><td>5,5 kW<\/td><td>1900kg<\/td><\/tr><tr><td>TZ500<\/td><td>2400 * 1510 * 3000<\/td><td>500kg<\/td><td>10kw<\/td><td>2800kg<\/td><\/tr><\/tbody><\/table><figcaption class=\"wp-element-caption\">Fleischr\u00e4uchermaschine<\/figcaption><\/figure>    <hr class=\"wp-block-separator has-css-opacity\"\/>    <figure class=\"wp-block-image size-full is-resized\"><img loading=\"lazy\" decoding=\"async\" src=\"https:\/\/www.meatprocessingmachine.org\/wp-content\/uploads\/2021\/08\/smoking-food.jpg\" alt=\"smoking food\" class=\"wp-image-1792\" style=\"width:720px;height:540px\" width=\"720\" height=\"540\" title=\"\"><figcaption class=\"wp-element-caption\">R\u00e4uchern von Lebensmitteln<\/figcaption><\/figure>    <h2 class=\"wp-block-heading\" id=\"h-industrial-meat-smoking-machine-advantages\">Vorteile der industriellen Fleischr\u00e4uchermaschine<\/h2>    <ul class=\"wp-block-list\"> <li>Es enth\u00e4lt nicht 3, 4-<a href=\"https:\/\/en.wikipedia.org\/wiki\/Benzopyrene\" target=\"_blank\" rel=\"noopener\">Benzopyren <\/a>Krebserregende Stoffe, sodass das ger\u00e4ucherte Lebensmittel sicher und zuverl\u00e4ssig ist;<\/li>    <li>Reduzieren Sie die Investitionen traditioneller Methoden in der Anlage, Ausr\u00fcstung und anderen Aspekten;<\/li>    <li>Der Fleischr\u00e4ucherofen kann Mechanisierung, Elektrifizierung, kontinuierliche Produktionsabl\u00e4ufe realisieren und die Produktionseffizienz erheblich steigern;<\/li>    <li>Der <a href=\"https:\/\/www.meatprocessingmachine.org\/de\/info\/price-of-meat-smoker-machine\/\">Preis der Fleischr\u00e4uchermaschine<\/a> ist kosteneffektiv.<\/li>    <li>Die Produktionstechnologie ist einfach, leicht zu bedienen, hat eine kurze R\u00e4ucherzeit und eine niedrige Arbeitsintensit\u00e4t, die die Umwelt nicht verschmutzt. Und ger\u00e4uchertes Fleisch hat Eigenschaften wie Korrosionsschutz, Frischhaltung und Qualit\u00e4tsbewahrung.<\/li> <\/ul>    <h2 class=\"wp-block-heading\" id=\"h-structure-description\">Strukturbeschreibung<\/h2>    <figure class=\"wp-block-image size-large is-resized\"><img loading=\"lazy\" decoding=\"async\" src=\"https:\/\/www.meatprocessingmachine.org\/wp-content\/uploads\/2021\/08\/smoking-machine-details-1-702x1024.jpg\" alt=\"smoking machine details\" class=\"wp-image-1795\" style=\"width:735px;height:1072px\" width=\"735\" height=\"1072\" title=\"\" srcset=\"https:\/\/www.meatprocessingmachine.org\/wp-content\/uploads\/2021\/08\/smoking-machine-details-1-702x1024.jpg 702w, https:\/\/www.meatprocessingmachine.org\/wp-content\/uploads\/2021\/08\/smoking-machine-details-1-206x300.jpg 206w, https:\/\/www.meatprocessingmachine.org\/wp-content\/uploads\/2021\/08\/smoking-machine-details-1.jpg 750w\" sizes=\"auto, (max-width: 735px) 100vw, 735px\" \/><figcaption class=\"wp-element-caption\">Details der R\u00e4uchermaschine<\/figcaption><\/figure>    <p>Die Maschine besteht aus einem Ofenk\u00f6rper, elektrischem Heizsystem, Zirkulationsluftsystem, Rauchsystem und elektrischem Steuerungssystem.<\/p>    <p><br>1. Ofenk\u00f6rper: Alle Komponenten im Ofenk\u00f6rper und die Au\u00dfenwand bestehen aus rostfreiem Stahl, korrosionsbest\u00e4ndig.<\/p>    <p>2. Elektrisches Heizsystem: Es besteht aus Kochen und Trocknen. Der Trocknungsteil: Schaltet die elektrische Heizung ein, das hei\u00dfe Gas tauscht W\u00e4rme durch den W\u00e4rmetauscher im Ofen aus, und die Produkte im Ofen werden gebacken. Kochteil: Es wird durch das externe Dampfsystem zugef\u00fchrt und erhitzt direkt die Produkte im Ofen.<\/p>    <p>3. Zirkulationsluftsystem: Oben im Ofen ist ein elektrischer Ventilator installiert. Hohe Leistung und gro\u00dfes Luftvolumen sorgen f\u00fcr einen Temperaturanstieg im Ofen, machen die Temperatur \u00fcberall gleichm\u00e4\u00dfig und gew\u00e4hrleisten die Qualit\u00e4t der Produkte, die stabil und zuverl\u00e4ssig ist.<\/p>    <p>4. Rauchsystem: Legen Sie die ger\u00e4ucherten Holzpellets auf die Heizplatte im R\u00e4ucherofen, und der erzeugte Rauch wird durch das Rauchrohr in den Ofen geleitet, um die Produkte zu r\u00e4uchern.<\/p>    <p>5. Elektrisches Steuerungssystem: Verwenden Sie eine fortschrittliche Mensch-Maschine-Schnittstelle und einen programmierbaren Controller, vollautomatische Steuerung und \u00dcberwachung jedes Prozesses, zuverl\u00e4ssiger Betrieb und einfache Bedienung, gute Wasserbest\u00e4ndigkeit.<\/p>    <h2 class=\"wp-block-heading\" id=\"h-how-to-smoke-sausage-with-a-sausage-smoker\">Wie r\u00e4uchert man Wurst mit einem Wurst-R\u00e4ucherger\u00e4t?<\/h2>    <figure class=\"wp-block-embed is-type-video is-provider-youtube wp-block-embed-youtube\"><div class=\"wp-block-embed__wrapper\"> <iframe loading=\"lazy\" title=\"M\u00f6gen Sie ger\u00e4ucherte Lebensmittel | Automatische Fleischr\u00e4uchermaschine f\u00fcr Wurst, Huhn und Fisch\" width=\"500\" height=\"281\" src=\"https:\/\/www.youtube.com\/embed\/Cv3rWUK_TEc?start=2&#038;feature=oembed\" frameborder=\"0\" allow=\"accelerometer; autoplay; clipboard-write; encrypted-media; gyroscope; picture-in-picture; web-share\" referrerpolicy=\"strict-origin-when-cross-origin\" allowfullscreen><\/iframe> <\/div><\/figure>    <p>Die Verwendung der Fleischr\u00e4uchermaschine zum R\u00e4uchern von W\u00fcrsten umfasst haupts\u00e4chlich die Vorbereitung und die formelle Produktion. Die Vorbereitung vor dem Start spielt eine entscheidende Rolle beim R\u00e4uchern der gesamten Wurst.<\/p>    <h3 class=\"wp-block-heading\" id=\"h-preparation\">Vorbereitung<\/h3>    <ol class=\"wp-block-list\" type=\"1\"> <li>\u00dcberpr\u00fcfen Sie vor dem Starten der Maschine, ob alle Teile der Maschine locker und abnormal sind. Nach Best\u00e4tigung, dass die Teile nicht locker und abnormal sind, kann die Vorbereitung beginnen.<\/li>    <li>Legen Sie das Holz in die R\u00e4ucherkammer des R\u00e4uchers, um es zu entz\u00fcnden, und stellen Sie sicher, dass der Rauch durch den R\u00e4ucherofen zieht<\/li>    <li>F\u00fcgen Sie sauberes Wasser zum Reinigungssystem des R\u00e4uchers hinzu, starten Sie ein Reinigungsprogramm, und die Reinigungs-pumpe beginnt zu arbeiten.<\/li>    <li>Nachdem das Innere des R\u00e4ucherofens gereinigt wurde, kann die Wurst in den R\u00e4ucherofen zum R\u00e4uchern gelegt werden.<\/li> <\/ol>    <figure class=\"wp-block-image size-full is-resized\"><img loading=\"lazy\" decoding=\"async\" src=\"https:\/\/www.meatprocessingmachine.org\/wp-content\/uploads\/2021\/08\/smoking-machine-shipping.jpg\" alt=\"smoking machine shipping\" class=\"wp-image-1794\" style=\"width:590px;height:673px\" width=\"590\" height=\"673\" title=\"\" srcset=\"https:\/\/www.meatprocessingmachine.org\/wp-content\/uploads\/2021\/08\/smoking-machine-shipping.jpg 750w, https:\/\/www.meatprocessingmachine.org\/wp-content\/uploads\/2021\/08\/smoking-machine-shipping-263x300.jpg 263w\" sizes=\"auto, (max-width: 590px) 100vw, 590px\" \/><figcaption class=\"wp-element-caption\">Versand der R\u00e4uchermaschine<\/figcaption><\/figure>    <h3 class=\"wp-block-heading\" id=\"h-production-and-processing\">Produktion und Verarbeitung<\/h3>    <p>Der R\u00e4ucherofen verwendet ein intelligentes Steuerpult, um die verschiedenen Schritte der Maschine zu steuern. Daher k\u00f6nnen die Kunden die Zeit und die Phase des R\u00e4ucherns entsprechend den Eigenschaften der Rohmaterialien einstellen. Geben Sie die Zeit, Temperatur und andere Indikatoren am Steuerpult ein, und die Maschine l\u00e4uft automatisch. Nach Abschluss aller festgelegten R\u00e4ucherprogramme schaltet sich die Maschine automatisch ab.<\/p>","protected":false},"excerpt":{"rendered":"<p>Die industrielle Fleischrauchmaschine wird h\u00e4ufig beim R\u00e4uchern, bei der Farbgebung und beim Geschmack von W\u00fcrsten, Fisch und anderem Fleisch eingesetzt. Sie verwendet eine intelligente SPS-Steuerung, um den gesamten R\u00e4ucherprozess zu steuern.<\/p>","protected":false},"author":1,"featured_media":1798,"parent":0,"template":"","product-type":[584],"class_list":["post-152","product","type-product","status-publish","has-post-thumbnail","hentry","product-type-fish"],"_links":{"self":[{"href":"https:\/\/www.meatprocessingmachine.org\/de\/wp-json\/wp\/v2\/product\/152","targetHints":{"allow":["GET"]}}],"collection":[{"href":"https:\/\/www.meatprocessingmachine.org\/de\/wp-json\/wp\/v2\/product"}],"about":[{"href":"https:\/\/www.meatprocessingmachine.org\/de\/wp-json\/wp\/v2\/types\/product"}],"author":[{"embeddable":true,"href":"https:\/\/www.meatprocessingmachine.org\/de\/wp-json\/wp\/v2\/users\/1"}],"wp:featuredmedia":[{"embeddable":true,"href":"https:\/\/www.meatprocessingmachine.org\/de\/wp-json\/wp\/v2\/media\/1798"}],"wp:attachment":[{"href":"https:\/\/www.meatprocessingmachine.org\/de\/wp-json\/wp\/v2\/media?parent=152"}],"wp:term":[{"taxonomy":"product-type","embeddable":true,"href":"https:\/\/www.meatprocessingmachine.org\/de\/wp-json\/wp\/v2\/product-type?post=152"}],"curies":[{"name":"wp","href":"https:\/\/api.w.org\/{rel}","templated":true}]}}