{"id":1635,"date":"2021-08-10T17:09:29","date_gmt":"2021-08-10T09:09:29","guid":{"rendered":"https:\/\/www.meatprocessingmachine.org\/?p=1635"},"modified":"2026-02-12T16:09:05","modified_gmt":"2026-02-12T08:09:05","slug":"dz-260-desktop-vacuum-packing-machine-for-sealing","status":"publish","type":"product","link":"https:\/\/www.meatprocessingmachine.org\/de\/dz-260-desktop-vacuum-packing-machine-for-sealing.html","title":{"rendered":"DZ-260 Tisch-Vakuumverpackungsmaschine zum Versiegeln"},"content":{"rendered":"<div class=\"kk-star-ratings kksr-auto kksr-align-right kksr-valign-top\"     data-payload='{&quot;align&quot;:&quot;right&quot;,&quot;id&quot;:&quot;1635&quot;,&quot;slug&quot;:&quot;default&quot;,&quot;valign&quot;:&quot;top&quot;,&quot;ignore&quot;:&quot;&quot;,&quot;reference&quot;:&quot;auto&quot;,&quot;class&quot;:&quot;&quot;,&quot;count&quot;:&quot;0&quot;,&quot;legendonly&quot;:&quot;&quot;,&quot;readonly&quot;:&quot;&quot;,&quot;score&quot;:&quot;0&quot;,&quot;starsonly&quot;:&quot;&quot;,&quot;best&quot;:&quot;5&quot;,&quot;gap&quot;:&quot;5&quot;,&quot;greet&quot;:&quot;Rate this product&quot;,&quot;legend&quot;:&quot;0\\\/5 - (0 votes)&quot;,&quot;size&quot;:&quot;24&quot;,&quot;title&quot;:&quot;DZ-260 Desktop vacuum packing machine for sealing&quot;,&quot;width&quot;:&quot;0&quot;,&quot;_legend&quot;:&quot;{score}\\\/{best} - ({count} {votes})&quot;,&quot;font_factor&quot;:&quot;1.25&quot;}'>              <div class=\"kksr-stars\">      <div class=\"kksr-stars-inactive\">             <div class=\"kksr-star\" data-star=\"1\" style=\"padding-right: 5px\">               <div class=\"kksr-icon\" style=\"width: 24px; height: 24px;\"><\/div>         <\/div>             <div class=\"kksr-star\" data-star=\"2\" style=\"padding-right: 5px\">               <div class=\"kksr-icon\" style=\"width: 24px; height: 24px;\"><\/div>         <\/div>             <div class=\"kksr-star\" data-star=\"3\" style=\"padding-right: 5px\">               <div class=\"kksr-icon\" style=\"width: 24px; height: 24px;\"><\/div>         <\/div>             <div class=\"kksr-star\" data-star=\"4\" style=\"padding-right: 5px\">               <div class=\"kksr-icon\" style=\"width: 24px; height: 24px;\"><\/div>         <\/div>             <div class=\"kksr-star\" data-star=\"5\" style=\"padding-right: 5px\">               <div class=\"kksr-icon\" style=\"width: 24px; height: 24px;\"><\/div>         <\/div>     <\/div>      <div class=\"kksr-stars-active\" style=\"width: 0px;\">             <div class=\"kksr-star\" style=\"padding-right: 5px\">               <div class=\"kksr-icon\" style=\"width: 24px; height: 24px;\"><\/div>         <\/div>             <div class=\"kksr-star\" style=\"padding-right: 5px\">               <div class=\"kksr-icon\" style=\"width: 24px; height: 24px;\"><\/div>         <\/div>             <div class=\"kksr-star\" style=\"padding-right: 5px\">               <div class=\"kksr-icon\" style=\"width: 24px; height: 24px;\"><\/div>         <\/div>             <div class=\"kksr-star\" style=\"padding-right: 5px\">               <div class=\"kksr-icon\" style=\"width: 24px; height: 24px;\"><\/div>         <\/div>             <div class=\"kksr-star\" style=\"padding-right: 5px\">               <div class=\"kksr-icon\" style=\"width: 24px; height: 24px;\"><\/div>         <\/div>     <\/div> <\/div>                   <div class=\"kksr-legend\" style=\"font-size: 19.2px;\">             <span class=\"kksr-muted\">Bewerten Sie dieses Produkt<\/span>     <\/div>     <\/div>  <p class=\"translation-block\"> Desktop-Vakuumverpackungsmaschine ist eine Maschine, die Materialien vakuumiert. Die Desktop-Vakuumverpackungsmaschine kann sowohl f\u00fcr trockene als auch f\u00fcr feuchte Produkte angewendet werden, f\u00fcr feste, fl\u00fcssige, pulverf\u00f6rmige und past\u00f6se Lebensmittel, Getreide, Fr\u00fcchte, Konserven, Chemikalien, elektronische Komponenten, Pr\u00e4zisionsinstrumente, Seltene Metalle usw. Vakuumverpackung ist im Alltag sehr verbreitet, diese Methode ist auch einfach und praktisch und wird von vielen Herstellern gesch\u00e4tzt. Au\u00dferdem haben wir auch viele Arten von <a href=\"https:\/\/www.meatprocessingmachine.org\/de\/vacuum-packing-machine.html\/\">Vakuumverpackungsmaschinen<\/a> zur Auswahl.<\/p>    <h2 class=\"wp-block-heading\" id=\"h-how-to-use-desktop-vacuum-packing-machine\">Wie man die Desktop-Vakuumverpackungsmaschine benutzt<\/h2>    <figure class=\"wp-block-embed is-type-video is-provider-youtube wp-block-embed-youtube\"><div class=\"wp-block-embed__wrapper\"> <iframe loading=\"lazy\" title=\"Vakuumverpackungsmaschine | Lebensmittelkammer-Vakuumierer\" width=\"500\" height=\"281\" src=\"https:\/\/www.youtube.com\/embed\/2CWP6Zl_GKg?start=8&#038;feature=oembed\" frameborder=\"0\" allow=\"accelerometer; autoplay; clipboard-write; encrypted-media; gyroscope; picture-in-picture; web-share\" referrerpolicy=\"strict-origin-when-cross-origin\" allowfullscreen><\/iframe> <\/div><\/figure>    <p>The use of vacuum packaging is very simple. First of all, you need to put the things to be packaged into the packaging bag, place the opening on the machine&#8217;s seal, and then turn on the switch, the machine will start working, and the machine will complete after extracting the air from the packaging bag. The predetermined vacuum degree, and finally the machine completes the sealing process.<\/p>    <h2 class=\"wp-block-heading\">Die Rolle der Vakuumverpackung<\/h2>    <figure class=\"wp-block-image size-full\"><img loading=\"lazy\" decoding=\"async\" width=\"750\" height=\"934\" src=\"https:\/\/www.meatprocessingmachine.org\/wp-content\/uploads\/2021\/08\/product-of-vacuum-packing.jpg\" alt=\"product of vacuum packing\" class=\"wp-image-1639\" title=\"\" srcset=\"https:\/\/www.meatprocessingmachine.org\/wp-content\/uploads\/2021\/08\/product-of-vacuum-packing.jpg 750w, https:\/\/www.meatprocessingmachine.org\/wp-content\/uploads\/2021\/08\/product-of-vacuum-packing-241x300.jpg 241w\" sizes=\"auto, (max-width: 750px) 100vw, 750px\" \/><figcaption>Produkt der Vakuumverpackung<\/figcaption><\/figure>    <p>Die Hauptfunktion der Vakuumverpackung besteht darin, die Haltbarkeit von Lebensmitteln zu verl\u00e4ngern und Schimmel sowie Verderb zu verhindern. Die Hauptfunktion der Vakuumverpackung ist es, den Sauerstoff in der Verpackungsbeutel zu entfernen, sodass die Lebensmittel so wenig wie m\u00f6glich Sauerstoff ausgesetzt sind, und die Oxidationsrate der Lebensmittel reduziert wird. Ein weiterer Aspekt ist die Verhinderung des Bakterienwachstums. Es gibt viele Bakterien in der Luft. Wenn eine geeignete Wachstumsumgebung geschaffen wird, vermehren sich die Bakterien in kurzer Zeit. Dies beschleunigt den Verderb der Lebensmittel. Aufgrund der guten Luftdichtheit der Vakuumverpackung kann die Feuchtigkeitsabgabe der Lebensmittel bis zu einem gewissen Grad verhindert werden, wodurch der urspr\u00fcngliche Geschmack der Lebensmittel bei der Erstproduktion erhalten bleibt. Daher ist die Vakuumverpackung zu einem unverzichtbaren Bestandteil des Lebens geworden.<\/p>    <figure class=\"wp-block-image size-full\"><img loading=\"lazy\" decoding=\"async\" width=\"750\" height=\"750\" src=\"https:\/\/www.meatprocessingmachine.org\/wp-content\/uploads\/2021\/08\/vacuum-packing-machine-2.jpg\" alt=\"Vakuumverpackungsmaschine\" class=\"wp-image-1641\" title=\"\" srcset=\"https:\/\/www.meatprocessingmachine.org\/wp-content\/uploads\/2021\/08\/vacuum-packing-machine-2.jpg 750w, https:\/\/www.meatprocessingmachine.org\/wp-content\/uploads\/2021\/08\/vacuum-packing-machine-2-300x300.jpg 300w, https:\/\/www.meatprocessingmachine.org\/wp-content\/uploads\/2021\/08\/vacuum-packing-machine-2-150x150.jpg 150w\" sizes=\"auto, (max-width: 750px) 100vw, 750px\" \/><figcaption>Vakuumverpackungsmaschine<\/figcaption><\/figure>    <h2 class=\"wp-block-heading\">Parameter der Desktop-Verpackungsmaschine<\/h2>    <figure class=\"wp-block-table\"><table><tbody><tr><td>Modell<\/td><td>DZ260<\/td><\/tr><tr><td>Netzteil<\/td><td>220V \/110V 50\/60Hz<\/td><\/tr><tr><td>Vakuumpumpenleistung<\/td><td>370W<\/td><\/tr><tr><td>Verschlusskraft<\/td><td>200 mm<\/td><\/tr><tr><td>Geringster absoluter Druck<\/td><td>1KPa<\/td><\/tr><tr><td>Verschlussposition<\/td><td>1 St\u00fcck (Versiegelungsstreifen)<\/td><\/tr><tr><td>Vakuumkammergr\u00f6\u00dfe<\/td><td>340*300*50mm<\/td><\/tr><tr><td>Verschlussgr\u00f6\u00dfe<\/td><td>260*8mm<\/td><\/tr><tr><td>Gewicht<\/td><td>35KG<\/td><\/tr><tr><td>Maschinengr\u00f6\u00dfe<\/td><td>480*330*360mm<\/td><\/tr><\/tbody><\/table><figcaption>Desktop-Vakuumverpackungsmaschine<\/figcaption><\/figure>    <h2 class=\"wp-block-heading\">Vorteile der Desktop-Vakuumverpackungsmaschine<\/h2>    <figure class=\"wp-block-image size-full\"><img loading=\"lazy\" decoding=\"async\" width=\"750\" height=\"831\" src=\"https:\/\/www.meatprocessingmachine.org\/wp-content\/uploads\/2021\/08\/Vacuum-packaging-machine-details.jpg\" alt=\"Details der Vakuumverpackungsmaschine\" class=\"wp-image-1642\" title=\"\" srcset=\"https:\/\/www.meatprocessingmachine.org\/wp-content\/uploads\/2021\/08\/Vacuum-packaging-machine-details.jpg 750w, https:\/\/www.meatprocessingmachine.org\/wp-content\/uploads\/2021\/08\/Vacuum-packaging-machine-details-271x300.jpg 271w\" sizes=\"auto, (max-width: 750px) 100vw, 750px\" \/><figcaption>Details der Vakuumverpackungsmaschine<\/figcaption><\/figure>    <p>1. Diese Serie von Vakuumverpackungsmaschinen kann gleichzeitig vakuumieren, versiegeln, drucken und k\u00fchlen. Dieses Produkt eignet sich f\u00fcr die Vakuumverpackung von Lebensmitteln, Medizin, Meeresfr\u00fcchten, chemischen Rohstoffen, elektronischen Komponenten und anderen Produkten, um Oxidation und Schimmelbildung zu verhindern. Korrosionsschutz, Feuchtigkeitsbest\u00e4ndigkeit, Qualit\u00e4t und Frische, Verl\u00e4ngerung der Lagerzeit der Produkte.<\/p>    <p>2. Die Desktop-Vakuumverpackungsmaschine zeichnet sich durch kleine Gr\u00f6\u00dfe, niedrigen Energieverbrauch, kurze Pumpzeit usw. aus, was sich f\u00fcr die Verpackung kleiner Gegenst\u00e4nde eignet.<\/p>    <p>3. Das System verf\u00fcgt \u00fcber die Vorteile pr\u00e4ziser Steuerung, starker St\u00f6rungsresistenz und guter Stabilit\u00e4t. Alle Einstellungen werden direkt am Bedienfeld vorgenommen, ohne andere Komponenten anpassen zu m\u00fcssen.<\/p>    <p>4. Die Desktop-Vakuumverpackungsmaschine zeichnet sich durch kleine Gr\u00f6\u00dfe, niedrigen Energieverbrauch, kurze Pumpzeit usw. aus, was sich f\u00fcr die Verpackung kleiner Gegenst\u00e4nde eignet.<\/p>","protected":false},"excerpt":{"rendered":"<p>The desktop vacuum packaging machine is a machine that can vacuum materials. The desktop vacuum packaging machine can be applied to both dry and wet products, for solid, liquid, powder, and paste foods, grains, fruits, preserved fruits, and chemicals. Electronic components, precision instruments, rare metals, etc. for vacuum packaging. Vacuum packaging is very common in life, this method is also simple and practical, and is loved by many manufacturers. In addition, we also have many types of vacuum packaging machines to choose.<\/p>","protected":false},"author":1,"featured_media":1638,"parent":0,"template":"","product-type":[596],"class_list":["post-1635","product","type-product","status-publish","has-post-thumbnail","hentry","product-type-meat-packaging-equipment"],"_links":{"self":[{"href":"https:\/\/www.meatprocessingmachine.org\/de\/wp-json\/wp\/v2\/product\/1635","targetHints":{"allow":["GET"]}}],"collection":[{"href":"https:\/\/www.meatprocessingmachine.org\/de\/wp-json\/wp\/v2\/product"}],"about":[{"href":"https:\/\/www.meatprocessingmachine.org\/de\/wp-json\/wp\/v2\/types\/product"}],"author":[{"embeddable":true,"href":"https:\/\/www.meatprocessingmachine.org\/de\/wp-json\/wp\/v2\/users\/1"}],"wp:featuredmedia":[{"embeddable":true,"href":"https:\/\/www.meatprocessingmachine.org\/de\/wp-json\/wp\/v2\/media\/1638"}],"wp:attachment":[{"href":"https:\/\/www.meatprocessingmachine.org\/de\/wp-json\/wp\/v2\/media?parent=1635"}],"wp:term":[{"taxonomy":"product-type","embeddable":true,"href":"https:\/\/www.meatprocessingmachine.org\/de\/wp-json\/wp\/v2\/product-type?post=1635"}],"curies":[{"name":"wp","href":"https:\/\/api.w.org\/{rel}","templated":true}]}}