{"id":1646,"date":"2021-08-12T17:23:30","date_gmt":"2021-08-12T09:23:30","guid":{"rendered":"https:\/\/www.meatprocessingmachine.org\/?p=1646"},"modified":"2026-02-12T16:00:37","modified_gmt":"2026-02-12T08:00:37","slug":"single-chamber-vacuum-packaging-machine","status":"publish","type":"product","link":"https:\/\/www.meatprocessingmachine.org\/de\/single-chamber-vacuum-packaging-machine.html","title":{"rendered":"Vakuumverpackungsmaschine mit Einzelkammer | Vakuumversiegelungsmaschine"},"content":{"rendered":"<div class=\"kk-star-ratings kksr-auto kksr-align-right kksr-valign-top\"     data-payload='{&quot;align&quot;:&quot;right&quot;,&quot;id&quot;:&quot;1646&quot;,&quot;slug&quot;:&quot;default&quot;,&quot;valign&quot;:&quot;top&quot;,&quot;ignore&quot;:&quot;&quot;,&quot;reference&quot;:&quot;auto&quot;,&quot;class&quot;:&quot;&quot;,&quot;count&quot;:&quot;0&quot;,&quot;legendonly&quot;:&quot;&quot;,&quot;readonly&quot;:&quot;&quot;,&quot;score&quot;:&quot;0&quot;,&quot;starsonly&quot;:&quot;&quot;,&quot;best&quot;:&quot;5&quot;,&quot;gap&quot;:&quot;5&quot;,&quot;greet&quot;:&quot;Rate this product&quot;,&quot;legend&quot;:&quot;0\\\/5 - (0 votes)&quot;,&quot;size&quot;:&quot;24&quot;,&quot;title&quot;:&quot;Single chamber vacuum packaging machine | Vacuum sealing machine&quot;,&quot;width&quot;:&quot;0&quot;,&quot;_legend&quot;:&quot;{score}\\\/{best} - ({count} {votes})&quot;,&quot;font_factor&quot;:&quot;1.25&quot;}'>              <div class=\"kksr-stars\">      <div class=\"kksr-stars-inactive\">             <div class=\"kksr-star\" data-star=\"1\" style=\"padding-right: 5px\">               <div class=\"kksr-icon\" style=\"width: 24px; height: 24px;\"><\/div>         <\/div>             <div class=\"kksr-star\" data-star=\"2\" style=\"padding-right: 5px\">               <div class=\"kksr-icon\" style=\"width: 24px; height: 24px;\"><\/div>         <\/div>             <div class=\"kksr-star\" data-star=\"3\" style=\"padding-right: 5px\">               <div class=\"kksr-icon\" style=\"width: 24px; height: 24px;\"><\/div>         <\/div>             <div class=\"kksr-star\" data-star=\"4\" style=\"padding-right: 5px\">               <div class=\"kksr-icon\" style=\"width: 24px; height: 24px;\"><\/div>         <\/div>             <div class=\"kksr-star\" data-star=\"5\" style=\"padding-right: 5px\">               <div class=\"kksr-icon\" style=\"width: 24px; height: 24px;\"><\/div>         <\/div>     <\/div>      <div class=\"kksr-stars-active\" style=\"width: 0px;\">             <div class=\"kksr-star\" style=\"padding-right: 5px\">               <div class=\"kksr-icon\" style=\"width: 24px; height: 24px;\"><\/div>         <\/div>             <div class=\"kksr-star\" style=\"padding-right: 5px\">               <div class=\"kksr-icon\" style=\"width: 24px; height: 24px;\"><\/div>         <\/div>             <div class=\"kksr-star\" style=\"padding-right: 5px\">               <div class=\"kksr-icon\" style=\"width: 24px; height: 24px;\"><\/div>         <\/div>             <div class=\"kksr-star\" style=\"padding-right: 5px\">               <div class=\"kksr-icon\" style=\"width: 24px; height: 24px;\"><\/div>         <\/div>             <div class=\"kksr-star\" style=\"padding-right: 5px\">               <div class=\"kksr-icon\" style=\"width: 24px; height: 24px;\"><\/div>         <\/div>     <\/div> <\/div>                   <div class=\"kksr-legend\" style=\"font-size: 19.2px;\">             <span class=\"kksr-muted\">Bewerten Sie dieses Produkt<\/span>     <\/div>     <\/div>  <p class=\"translation-block\">Die Einzelkammer-Vakuumverpackungsmaschine kann Sauerstoff aus der Verpackungsbeutel entfernen, um einen Vakuumzustand zu erzeugen. Dadurch wird die Haltbarkeit von Lebensmitteln verl\u00e4ngert. Eine automatische Vakuumversiegelungsmaschine eignet sich zum Verpacken von Fleischprodukten, <a href=\"https:\/\/en.wikipedia.org\/wiki\/Grain\" target=\"_blank\" rel=\"noopener\">Getreide<\/a>n, Medikamenten usw. Ein Industrieller Kammer-Vakuumversiegler kann verhindern, dass Lebensmittel schimmeln, w\u00e4hrend der urspr\u00fcngliche Geschmack des Lebensmittels erhalten bleibt und die Feuchtigkeit des Lebensmittels nicht verloren geht.<\/p>    <h2 class=\"wp-block-heading\">Arbeitsanzeige der Einzelkammer-Vakuumverpackungsmaschine<\/h2>    <figure class=\"wp-block-embed is-type-video is-provider-youtube wp-block-embed-youtube\"><div class=\"wp-block-embed__wrapper\"> <iframe loading=\"lazy\" title=\"Gewerbliche Vakuumversiegler | Einzelkammer-Vakuumverpackungsmaschine | Verpackungsmaschine\" width=\"500\" height=\"281\" src=\"https:\/\/www.youtube.com\/embed\/0tZFANYuKhw?feature=oembed\" frameborder=\"0\" allow=\"accelerometer; autoplay; clipboard-write; encrypted-media; gyroscope; picture-in-picture; web-share\" referrerpolicy=\"strict-origin-when-cross-origin\" allowfullscreen><\/iframe> <\/div><figcaption class=\"wp-element-caption\">Anzeige der Vakuumverpackungsmaschine in Betrieb<\/figcaption><\/figure>    <h2 class=\"wp-block-heading\">Merkmale des industriellen Kammer-Vakuumk\u00fchlers<\/h2>    <ol class=\"wp-block-list\"> <li>Die Einzelkammer-Vakuumverpackungsmaschine verwendet vollst\u00e4ndig transparentes Plexiglas, damit der Verpackungsvorgang w\u00e4hrend des Betriebs beobachtet werden kann.<\/li>    <li>Die Einzelkammer-Vakuumverpackungsmaschine kann mehrere Schritte wie Vakuumieren, Versiegeln und Drucken gleichzeitig durchf\u00fchren.<\/li>    <li>Der K\u00f6rper ist klein und leicht zu bewegen.<\/li>    <li>Die Heiztemperatur ist beim Versiegeln steuerbar und kann jederzeit an die jeweilige Situation angepasst werden.<\/li> <\/ol>    <h2 class=\"wp-block-heading\">Parameter der Einzelkammer-Vakuumverpackungsmaschine<\/h2>    <figure class=\"wp-block-table\"><table><tbody><tr><td>Modell<\/td><td>DZ400\/2E<\/td><td>DZ500\/2E<\/td><td>DZ600\/2E<\/td><\/tr><tr><td>Stromversorgung<\/td><td>220V\/110V<\/td><td>220V\/110V<\/td><td>220V\/110V<\/td><\/tr><tr><td>Vakuumpumpenleistung<\/td><td>900W<\/td><td>900W<\/td><td>1800W<\/td><\/tr><tr><td>Verschlusskraft<\/td><td>600W<\/td><td>750W<\/td><td>1200W<\/td><\/tr><tr><td>Geringster absoluter Druck<\/td><td>1KPa<\/td><td>1KPa<\/td><td>1KPa<\/td><\/tr><tr><td>Verschlussposition<\/td><td>2 (Verschlussstreifen)<\/td><td>2 (Verschlussstreifen)<\/td><td>2 (Verschlussstreifen)<\/td><\/tr><tr><td>Vakuumkammergr\u00f6\u00dfe<\/td><td>430x420x75mm<\/td><td>530x520x75mm<\/td><td>650x620x100mm<\/td><\/tr><tr><td>Verschlussgr\u00f6\u00dfe<\/td><td>400*10mm<\/td><td>500*10mm<\/td><td>600*10mm<\/td><\/tr><tr><td>Netto-Gewicht<\/td><td>80KG<\/td><td>100KG<\/td><td>150KG<\/td><\/tr><tr><td>Maschinengr\u00f6\u00dfe<\/td><td>540*500*950mm<\/td><td>580*630*1000mm<\/td><td>750*710*1000mm<\/td><\/tr><\/tbody><\/table><figcaption class=\"wp-element-caption\"> Vakuumverpackungsmaschinenparameter <\/figcaption><\/figure>    <h2 class=\"wp-block-heading\" id=\"h-operation-steps-of-single-chamber-vacuum-packaging-machine\">Bedienungsschritte der Einzelkammer-Vakuumverpackungsmaschine<\/h2>    <figure class=\"wp-block-image size-full is-resized\"><img loading=\"lazy\" decoding=\"async\" width=\"750\" height=\"750\" src=\"https:\/\/www.meatprocessingmachine.org\/wp-content\/uploads\/2021\/08\/Automatic-Vacuum-Sealing-Machine.jpg\" alt=\"Automatic Vacuum Sealing Machine\" class=\"wp-image-1649\" title=\"\" srcset=\"https:\/\/www.meatprocessingmachine.org\/wp-content\/uploads\/2021\/08\/Automatic-Vacuum-Sealing-Machine.jpg 750w, https:\/\/www.meatprocessingmachine.org\/wp-content\/uploads\/2021\/08\/Automatic-Vacuum-Sealing-Machine-300x300.jpg 300w, https:\/\/www.meatprocessingmachine.org\/wp-content\/uploads\/2021\/08\/Automatic-Vacuum-Sealing-Machine-150x150.jpg 150w\" sizes=\"auto, (max-width: 750px) 100vw, 750px\" \/><figcaption class=\"wp-element-caption\"><br>Automatisches Vakuumverpackungsger\u00e4t<\/figcaption><\/figure>    <ol class=\"wp-block-list\"> <li>Die Einzelkammer-Vakuumverpackungsmaschine besteht haupts\u00e4chlich aus einem Vakuumsystem, einem Gas-Pump- und Versiegelungssystem, einem Hei\u00dfpress-Versiegelungssystem und einem elektrischen Steuersystem. Der Betriebsprozess der Einzelkammer-Vakuummaschine ist jedoch sehr einfach.<\/li>    <li>Schalten Sie die Stromversorgung ein: Schalten Sie den Stromauswahlknopf wie ben\u00f6tigt, d. h. die Stromanzeige leuchtet. Der Knopf zur Stromauswahl zeigt auf Vakuum f\u00fcr Vakuumversiegelung, und Vakuumaufladung ist f\u00fcr Vakuumf\u00fcllung und -versiegelung.<\/li>    <li>Put the packaging bag with the contents in the vacuum chamber, the bag&#8217;s mouth is neat.<\/li>    <li>Dr\u00fccken Sie den Deckel nach unten, und die Auslass-\/Vakuum-Anzeige am Panel leuchtet. Die Vakuumpumpe beginnt Luft abzusaugen, der Deckel wird automatisch eingezogen. Der Vakuumknopf kann das Vakuumniveau entsprechend den Verpackungsanforderungen einstellen. Beim Einstellen ist die visuelle Skala von niedrig nach hoch mit kleinem Ausschlag.<\/li>    <li>Wenn das Pumpen die festgelegte Zeit erreicht, also das erforderliche Vakuum, endet das Pumpen.<\/li>    <li>Wenn das Pumpen abgeschlossen ist, geht die Kontrollleuchte aus, die Versiegelungsanzeige leuchtet, und die Aufbl\u00e4haktion beginnt.<\/li>    <li>Bei der Anpassung der Parameter sollte der Rotationsbereich klein sein, um zu verhindern, dass die Hei\u00dfsiegeltemperatur pl\u00f6tzlich steigt und das Hei\u00dfsiegelzubeh\u00f6r verbrennt.<\/li>    <li>Wenn die Versiegelungszeit erreicht ist, geht die Versiegelungsanzeige aus, um das Ende der Versiegelung anzuzeigen, und die Vakuumkammer wird durch das Elektromagnetventil automatisch mit der Atmosph\u00e4re verbunden, bis der Deckel automatisch angehoben wird, und der Vakuum-Verpackungsprozess ist abgeschlossen, bereit f\u00fcr den n\u00e4chsten Verpackungszyklus.<\/li> <\/ol>    <figure class=\"wp-block-image size-full is-resized\"><img loading=\"lazy\" decoding=\"async\" width=\"750\" height=\"934\" src=\"https:\/\/www.meatprocessingmachine.org\/wp-content\/uploads\/2021\/08\/product-of-vacuum-packing-1.jpg\" alt=\"product of Industrial Chamber vacuum sealer \" class=\"wp-image-1653\" title=\"\" srcset=\"https:\/\/www.meatprocessingmachine.org\/wp-content\/uploads\/2021\/08\/product-of-vacuum-packing-1.jpg 750w, https:\/\/www.meatprocessingmachine.org\/wp-content\/uploads\/2021\/08\/product-of-vacuum-packing-1-241x300.jpg 241w\" sizes=\"auto, (max-width: 750px) 100vw, 750px\" \/><figcaption class=\"wp-element-caption\"><br><br>Produkt des industriellen Kammer-Vakuumversiegler<\/figcaption><\/figure>    <h2 class=\"wp-block-heading\">\u00dcber die Verpackungstasche<\/h2>    <p>Viele Kunden berichten immer, dass die Vakuumbeutel rei\u00dfen, wenn die Einzelkammer-Vakuumverpackungsmaschine verwendet wird. Fragen Sie unsere Techniker, warum das so ist. Um es direkt zu sagen: Die Dicke des von uns verwendeten Vakuumbeutels kann nicht erreicht werden, weil das Vakuum relativ gro\u00df ist. Wenn der Beutel beim Vakuumieren nicht die Dicke erreicht, kann es zu Sch\u00e4den kommen. Daher m\u00fcssen unsere Anforderungen an Verpackungsmaterialien erf\u00fcllt werden, um das normale Vakuumieren sicherzustellen.<\/p>   <div class=\"wp-block-image\"> <figure class=\"aligncenter size-full is-resized\"><img loading=\"lazy\" decoding=\"async\" width=\"720\" height=\"540\" src=\"https:\/\/www.meatprocessingmachine.org\/wp-content\/uploads\/2022\/03\/sausage-vacuum-packaging-machine-1-1.png\" alt=\"Einzelkammer-Vakuumverpackungsmaschine\" class=\"wp-image-32950\" style=\"object-fit:cover;width:720px;height:540px\" title=\"\" srcset=\"https:\/\/www.meatprocessingmachine.org\/wp-content\/uploads\/2022\/03\/sausage-vacuum-packaging-machine-1-1.png 720w, https:\/\/www.meatprocessingmachine.org\/wp-content\/uploads\/2022\/03\/sausage-vacuum-packaging-machine-1-1-300x225.png 300w\" sizes=\"auto, (max-width: 720px) 100vw, 720px\" \/><figcaption class=\"wp-element-caption\">Einzelkammer-Vakuumverpackungsmaschine<\/figcaption><\/figure> <\/div>   <h2 class=\"wp-block-heading\">Arten von Vakuumverpackungsmaschinen<\/h2>    <p class=\"translation-block\">Es gibt zwei Arten von Vakuumverpackungsmaschinen: Einzelkammer und <a href=\"https:\/\/www.meatprocessingmachine.org\/de\/dz-260-desktop-vacuum-packing-machine-for-sealing.html\/\">Doppelkammer-Vakuumverpackungsmaschine<\/a>n. Die Funktion und Wirkung dieser beiden Maschinen ist dieselbe. Der Hauptunterschied ist die Verpackungsgeschwindigkeit. Wenn Sie mehr \u00fcber diese Maschine erfahren m\u00f6chten, kontaktieren Sie uns bitte.<\/p>    <div class=\"wp-block-columns is-layout-flex wp-container-core-columns-is-layout-9d6595d7 wp-block-columns-is-layout-flex\"> <div class=\"wp-block-column is-layout-flow wp-block-column-is-layout-flow\"> <figure class=\"wp-block-image size-full\"><a href=\"https:\/\/www.meatprocessingmachine.org\/de\/single-chamber-vacuum-packaging-machine-vacuum-sealing-machine.html\/\"><img loading=\"lazy\" decoding=\"async\" width=\"720\" height=\"540\" src=\"https:\/\/www.meatprocessingmachine.org\/wp-content\/uploads\/2018\/10\/single-chamber-meat-vacuum-packing-machine.webp\" alt=\"Einzelkammer-Fleischvakuumverpackungsmaschine\" class=\"wp-image-34424\" title=\"\" srcset=\"https:\/\/www.meatprocessingmachine.org\/wp-content\/uploads\/2018\/10\/single-chamber-meat-vacuum-packing-machine.webp 720w, https:\/\/www.meatprocessingmachine.org\/wp-content\/uploads\/2018\/10\/single-chamber-meat-vacuum-packing-machine-300x225.webp 300w, https:\/\/www.meatprocessingmachine.org\/wp-content\/uploads\/2018\/10\/single-chamber-meat-vacuum-packing-machine-16x12.webp 16w\" sizes=\"auto, (max-width: 720px) 100vw, 720px\" \/><\/a><figcaption class=\"wp-element-caption\">Einzelkammer-Fleisch-Vakuumverpackungsmaschine<\/figcaption><\/figure> <\/div>    <div class=\"wp-block-column is-layout-flow wp-block-column-is-layout-flow\"> <figure class=\"wp-block-image size-full\"><a href=\"https:\/\/www.meatprocessingmachine.org\/de\/dz-260-desktop-vacuum-packing-machine-for-sealing.html\/\"><img loading=\"lazy\" decoding=\"async\" width=\"720\" height=\"540\" src=\"https:\/\/www.meatprocessingmachine.org\/wp-content\/uploads\/2018\/10\/meat-vacuum-packaging-machine.webp\" alt=\"Fleischverpackungsmaschine\" class=\"wp-image-34423\" title=\"\" srcset=\"https:\/\/www.meatprocessingmachine.org\/wp-content\/uploads\/2018\/10\/meat-vacuum-packaging-machine.webp 720w, https:\/\/www.meatprocessingmachine.org\/wp-content\/uploads\/2018\/10\/meat-vacuum-packaging-machine-300x225.webp 300w, https:\/\/www.meatprocessingmachine.org\/wp-content\/uploads\/2018\/10\/meat-vacuum-packaging-machine-16x12.webp 16w\" sizes=\"auto, (max-width: 720px) 100vw, 720px\" \/><\/a><figcaption class=\"wp-element-caption\">Doppelkammer-Fleischvakuumverpackungsmaschine<\/figcaption><\/figure> <\/div> <\/div>","protected":false},"excerpt":{"rendered":"<p>The single-chamber vacuum packaging machine can extract oxygen from the packaging bag to form a vacuum state. Thereby extending the shelf life of food. An automatic Vacuum Sealing Machine is suitable for packaging meat products, grains, medicines, etc. Industrial Chamber vacuum sealer can prevent the food from becoming moldy, while maintaining the original flavor of the food, ensuring that the moisture of the food will not be lost.<\/p>","protected":false},"author":1,"featured_media":1656,"parent":0,"template":"","product-type":[596],"class_list":["post-1646","product","type-product","status-publish","has-post-thumbnail","hentry","product-type-meat-packaging-equipment"],"_links":{"self":[{"href":"https:\/\/www.meatprocessingmachine.org\/de\/wp-json\/wp\/v2\/product\/1646","targetHints":{"allow":["GET"]}}],"collection":[{"href":"https:\/\/www.meatprocessingmachine.org\/de\/wp-json\/wp\/v2\/product"}],"about":[{"href":"https:\/\/www.meatprocessingmachine.org\/de\/wp-json\/wp\/v2\/types\/product"}],"author":[{"embeddable":true,"href":"https:\/\/www.meatprocessingmachine.org\/de\/wp-json\/wp\/v2\/users\/1"}],"wp:featuredmedia":[{"embeddable":true,"href":"https:\/\/www.meatprocessingmachine.org\/de\/wp-json\/wp\/v2\/media\/1656"}],"wp:attachment":[{"href":"https:\/\/www.meatprocessingmachine.org\/de\/wp-json\/wp\/v2\/media?parent=1646"}],"wp:term":[{"taxonomy":"product-type","embeddable":true,"href":"https:\/\/www.meatprocessingmachine.org\/de\/wp-json\/wp\/v2\/product-type?post=1646"}],"curies":[{"name":"wp","href":"https:\/\/api.w.org\/{rel}","templated":true}]}}