{"id":1855,"date":"2021-08-31T17:22:25","date_gmt":"2021-08-31T09:22:25","guid":{"rendered":"https:\/\/www.meatprocessingmachine.org\/?p=1855"},"modified":"2023-02-17T15:16:02","modified_gmt":"2023-02-17T07:16:02","slug":"chicken-bone-grinder-best-meat-grinder-for-grinding-bones","status":"publish","type":"product","link":"https:\/\/www.meatprocessingmachine.org\/de\/chicken-bone-grinder-best-meat-grinder-for-grinding-bones.html","title":{"rendered":"Bester Fleischwolf zum Zerkleinern von Knochen | H\u00fchnerknochenwolf"},"content":{"rendered":"<div class=\"kk-star-ratings kksr-auto kksr-align-right kksr-valign-top\"     data-payload='{&quot;align&quot;:&quot;right&quot;,&quot;id&quot;:&quot;1855&quot;,&quot;slug&quot;:&quot;default&quot;,&quot;valign&quot;:&quot;top&quot;,&quot;ignore&quot;:&quot;&quot;,&quot;reference&quot;:&quot;auto&quot;,&quot;class&quot;:&quot;&quot;,&quot;count&quot;:&quot;0&quot;,&quot;legendonly&quot;:&quot;&quot;,&quot;readonly&quot;:&quot;&quot;,&quot;score&quot;:&quot;0&quot;,&quot;starsonly&quot;:&quot;&quot;,&quot;best&quot;:&quot;5&quot;,&quot;gap&quot;:&quot;5&quot;,&quot;greet&quot;:&quot;Rate this product&quot;,&quot;legend&quot;:&quot;0\\\/5 - (0 votes)&quot;,&quot;size&quot;:&quot;24&quot;,&quot;title&quot;:&quot;Best Meat Grinder for Grinding Bones | Chicken Bone Grinder&quot;,&quot;width&quot;:&quot;0&quot;,&quot;_legend&quot;:&quot;{score}\\\/{best} - ({count} {votes})&quot;,&quot;font_factor&quot;:&quot;1.25&quot;}'>              <div class=\"kksr-stars\">      <div class=\"kksr-stars-inactive\">             <div class=\"kksr-star\" data-star=\"1\" style=\"padding-right: 5px\">               <div class=\"kksr-icon\" style=\"width: 24px; height: 24px;\"><\/div>         <\/div>             <div class=\"kksr-star\" data-star=\"2\" style=\"padding-right: 5px\">               <div class=\"kksr-icon\" style=\"width: 24px; height: 24px;\"><\/div>         <\/div>             <div class=\"kksr-star\" data-star=\"3\" style=\"padding-right: 5px\">               <div class=\"kksr-icon\" style=\"width: 24px; height: 24px;\"><\/div>         <\/div>             <div class=\"kksr-star\" data-star=\"4\" style=\"padding-right: 5px\">               <div class=\"kksr-icon\" style=\"width: 24px; height: 24px;\"><\/div>         <\/div>             <div class=\"kksr-star\" data-star=\"5\" style=\"padding-right: 5px\">               <div class=\"kksr-icon\" style=\"width: 24px; height: 24px;\"><\/div>         <\/div>     <\/div>      <div class=\"kksr-stars-active\" style=\"width: 0px;\">             <div class=\"kksr-star\" style=\"padding-right: 5px\">               <div class=\"kksr-icon\" style=\"width: 24px; height: 24px;\"><\/div>         <\/div>             <div class=\"kksr-star\" style=\"padding-right: 5px\">               <div class=\"kksr-icon\" style=\"width: 24px; height: 24px;\"><\/div>         <\/div>             <div class=\"kksr-star\" style=\"padding-right: 5px\">               <div class=\"kksr-icon\" style=\"width: 24px; height: 24px;\"><\/div>         <\/div>             <div class=\"kksr-star\" style=\"padding-right: 5px\">               <div class=\"kksr-icon\" style=\"width: 24px; height: 24px;\"><\/div>         <\/div>             <div class=\"kksr-star\" style=\"padding-right: 5px\">               <div class=\"kksr-icon\" style=\"width: 24px; height: 24px;\"><\/div>         <\/div>     <\/div> <\/div>                   <div class=\"kksr-legend\" style=\"font-size: 19.2px;\">             <span class=\"kksr-muted\">Bewerten Sie dieses Produkt<\/span>     <\/div>     <\/div>  <p>Ein Gefl\u00fcgelschneidemaschine ist eine Maschine, die Fleisch mit Knochen mahlen kann. Wir k\u00f6nnen direkt H\u00e4hnchen, Fisch, Gefl\u00fcgel usw. in die Maschine geben, um sie zu verarbeiten, um Hunde oder andere Erg\u00e4nzungen zu f\u00fcttern. F\u00fcr die Herstellung nahrhafter Lebensmittel ist diese Maschine sehr leistungsstark, nicht geeignet f\u00fcr Haushalte mit nur einem Haustier, sondern eher f\u00fcr Fleischverarbeitungsbetriebe, Tierfutterhersteller, Zuchtbetriebe usw.<\/p>    <h2 class=\"wp-block-heading\">Warum einen Gefl\u00fcgelfleischmixer w\u00e4hlen<\/h2>    <p>There are many meat grinders on the market, but most of them can only process softer pure meat, so you can&#8217;t do anything about meat with bones, but some pets need to absorb some fat and protein in the bones, for convenience For consumption and preservation, bone grinders are used. The blade of this machine is hard enough, otherwise, it will not only be unable to grind the bones but will damage the tool.<\/p>    <h2 class=\"wp-block-heading\" id=\"h-bone-grinder-parameters\">Parameter des Knochenm\u00fchlers<\/h2>    <p>Modell: TZ-130<\/p>    <p>Gr\u00f6\u00dfe: 580*580*890 mm<\/p>    <p>Spannung: 220 V 50 Hz<\/p>    <p>Leistung: 5,5 kW<\/p>    <p>Kapazit\u00e4t: 300-500 kg\/h<\/p>    <p>Gewicht: 130 kg<\/p>    <p>Zerkleinerungsfeinheit: 5-15 mm<\/p>    <h2 class=\"wp-block-heading\">Videopr\u00e4sentation<\/h2>    <figure class=\"wp-block-embed is-type-video is-provider-youtube wp-block-embed-youtube\"><div class=\"wp-block-embed__wrapper\"> <iframe loading=\"lazy\" title=\"Mehr\" width=\"500\" height=\"281\" src=\"https:\/\/www.youtube.com\/embed\/tNCGhNMxsIE?feature=oembed\" frameborder=\"0\" allow=\"accelerometer; autoplay; clipboard-write; encrypted-media; gyroscope; picture-in-picture; web-share\" referrerpolicy=\"strict-origin-when-cross-origin\" allowfullscreen><\/iframe> <\/div><figcaption class=\"wp-element-caption\">Funktionsweise der Knochenm\u00fchle<\/figcaption><\/figure>    <h2 class=\"wp-block-heading\">Prinzip des Fleischm\u00fchlenmotors<\/h2>    <p>Der Betrieb des Gefl\u00fcgelknochenzerrei\u00dfers basiert haupts\u00e4chlich auf der rotierenden Schraube, die die Rohstoffe im Trichter in die vorgefertigte oderifice Platte schiebt. Die Schneidewirkung entsteht durch die rotierende Schneidklinge und die Perforationskante der Platte, um die Rohstoffe zu zerkleinern. Unter Druck wird das Material kontinuierlich aus der Maschine ausgesto\u00dfen. Je nach Materialeigenschaften und Verarbeitungsanforderungen k\u00f6nnen passende Schneidwerkzeuge und Perforationsplatten eingesetzt werden, um Partikel unterschiedlicher Gr\u00f6\u00dfe zu erzeugen.<\/p>    <figure class=\"wp-block-gallery has-nested-images columns-default is-cropped wp-block-gallery-2 is-layout-flex wp-block-gallery-is-layout-flex\"> <figure class=\"wp-block-image size-large\"><img loading=\"lazy\" decoding=\"async\" width=\"289\" height=\"174\" data-id=\"1879\" src=\"https:\/\/www.meatprocessingmachine.org\/wp-content\/uploads\/2021\/08\/Meat-Grider-2-3.jpg\" alt=\"\" class=\"wp-image-1879\" title=\"\"><figcaption class=\"wp-element-caption\">Fleischmischer<\/figcaption><\/figure>    <figure class=\"wp-block-image size-large\"><img loading=\"lazy\" decoding=\"async\" width=\"595\" height=\"599\" data-id=\"1880\" src=\"https:\/\/www.meatprocessingmachine.org\/wp-content\/uploads\/2021\/08\/Meat-Grider-1.jpg\" alt=\"\" class=\"wp-image-1880\" title=\"\" srcset=\"https:\/\/www.meatprocessingmachine.org\/wp-content\/uploads\/2021\/08\/Meat-Grider-1.jpg 595w, https:\/\/www.meatprocessingmachine.org\/wp-content\/uploads\/2021\/08\/Meat-Grider-1-298x300.jpg 298w, https:\/\/www.meatprocessingmachine.org\/wp-content\/uploads\/2021\/08\/Meat-Grider-1-150x150.jpg 150w\" sizes=\"auto, (max-width: 595px) 100vw, 595px\" \/><figcaption class=\"wp-element-caption\">Fleischmischer<\/figcaption><\/figure> <figcaption class=\"blocks-gallery-caption wp-element-caption\">Details zum Fleischmischer<\/figcaption><\/figure>    <h2 class=\"wp-block-heading\">Maschinen f\u00fcr die Tiefenverarbeitung<\/h2>    <figure class=\"wp-block-gallery has-nested-images columns-default is-cropped wp-block-gallery-3 is-layout-flex wp-block-gallery-is-layout-flex\"> <figure class=\"wp-block-image size-large\"><img loading=\"lazy\" decoding=\"async\" width=\"300\" height=\"168\" data-id=\"1886\" src=\"https:\/\/www.meatprocessingmachine.org\/wp-content\/uploads\/2021\/08\/Application-of-meat-grinder-2.jpg\" alt=\"\" class=\"wp-image-1886\" title=\"\"><figcaption><\/figcaption><\/figure>    <figure class=\"wp-block-image size-large\"><img loading=\"lazy\" decoding=\"async\" width=\"275\" height=\"183\" data-id=\"1887\" src=\"https:\/\/www.meatprocessingmachine.org\/wp-content\/uploads\/2021\/08\/Application-of-meat-grinder.jpg\" alt=\"\" class=\"wp-image-1887\" title=\"\"><figcaption><\/figcaption><\/figure> <figcaption class=\"blocks-gallery-caption wp-element-caption\">Application Of Meat Grinder<\/figcaption><\/figure>    <h3 class=\"wp-block-heading\">Verarbeitete Fleischb\u00e4llchen<\/h3>    <p>Hohe Arbeitsleistung, bis zu 500 kg pro Stunde<\/p>    <h3 class=\"wp-block-heading\">Fischverarbeitung<\/h3>    <p class=\"translation-block\">Nach Entfernung durch den Fisch <a href=\"https:\/\/www.meatprocessingmachine.org\/de\/electric-fish-belly-splitting-cutting-machine.html\/\" data-type=\"URL\" data-id=\"https:\/\/www.meatprocessingmachine.org\/electric-fish-belly-splitting-cutting-machine.html\">Schuppenentferner<\/a>, kann direkt in die Fleischm\u00fchle gegeben werden. Diese M\u00fchle kann Fischfleisch und Fischknochen vollst\u00e4ndig mahlen, um Fischmus zu erhalten, das f\u00fcr Fischfleischprodukte verwendet wird.<\/p>    <h2 class=\"wp-block-heading\">Das Ger\u00e4t hat ein ansprechendes Design und nimmt wenig Platz ein.<\/h2>    <p>Einfach zu bedienen, Sie k\u00f6nnen die Bedienung durch das Video erlernen.<\/p>    <p>Starke Mobilit\u00e4t, die Maschine ist mit Rollen ausgestattet.<\/p>    <p>Knochenm\u00fchle<\/p>    <p>1. Vor Gebrauch reinigen<\/p>    <h2 class=\"wp-block-heading\">Nach der Reinigung und Wartung des Fleischm\u00fchlers zum Knochenmahlen<\/h2>    <figure class=\"wp-block-image size-full is-resized\"><img loading=\"lazy\" decoding=\"async\" src=\"https:\/\/www.meatprocessingmachine.org\/wp-content\/uploads\/2021\/08\/bone-grinder.png\" alt=\"\" class=\"wp-image-1885\" width=\"757\" height=\"568\" title=\"\"><figcaption class=\"wp-element-caption\"> 2. F\u00fcr den elektrischen Typ pr\u00fcfen Sie bitte die Stromversorgungsspannung, das Maschinenrichtungszeichen sollte den angegebenen Anforderungen entsprechen, und es sollte eine stabile Erdung vorhanden sein.<\/figcaption><\/figure>    <p>3. Wenn das Fleisch nicht glatt oder matschig ist, k\u00f6nnen die folgenden Gr\u00fcnde vorliegen.<\/p>    <p>(1) Die vordere Sicherungsmutter ist zu locker und muss nachgestellt werden.<\/p>    <p>(2) Die Fleischplatte ist blockiert und sollte gereinigt werden.<\/p>    <p>(3) Der Knochenm\u00fchle ist zu stumpf und sollte gesch\u00e4rft oder ersetzt werden.<\/p>    <p> 4. Es ist streng verboten, das Fleisch direkt von Hand in die M\u00fchlkammer zu f\u00fcttern, um die Sicherheit zu gew\u00e4hrleisten.<\/p>    <p>Verbreiten Sie die Liebe<\/p>    <p>Shuliy<\/p>    <h2 class=\"wp-block-heading\">Einf\u00fchrung des Fleischm\u00fchlenmodells zum Knochenmahlen<\/h2>    <p class=\"translation-block\">Unser Unternehmen verf\u00fcgt auch \u00fcber <a href=\"https:\/\/www.meatprocessingmachine.org\/de\/frozen-meat-grinder.html\/\">Gefriermaschinen f\u00fcr Fleisch <\/a> und gew\u00fcrfelte Fleischschneider, die je nach Endprodukt und Rohmaterialien ausgew\u00e4hlt werden k\u00f6nnen. Wir freuen uns darauf, Kunden den besten Service zu bieten.<\/p>","protected":false},"excerpt":{"rendered":"<p>Poultry bone grinder is a machine that can grind meat with bones. We can directly put some chicken, fish, some poultry, etc. into the poultry bone grinder for processing, so as to give dogs or other supplements. For nutritious food production, this meat grinder is very powerful, not suitable for families with only one pet dog, but more suitable for meat processing plants, pet food processing plants, pet breeding institutions, etc.<\/p>","protected":false},"author":1,"featured_media":1914,"parent":0,"template":"","product-type":[590],"class_list":["post-1855","product","type-product","status-publish","has-post-thumbnail","hentry","product-type-meat-grinding-machine"],"_links":{"self":[{"href":"https:\/\/www.meatprocessingmachine.org\/de\/wp-json\/wp\/v2\/product\/1855","targetHints":{"allow":["GET"]}}],"collection":[{"href":"https:\/\/www.meatprocessingmachine.org\/de\/wp-json\/wp\/v2\/product"}],"about":[{"href":"https:\/\/www.meatprocessingmachine.org\/de\/wp-json\/wp\/v2\/types\/product"}],"author":[{"embeddable":true,"href":"https:\/\/www.meatprocessingmachine.org\/de\/wp-json\/wp\/v2\/users\/1"}],"wp:featuredmedia":[{"embeddable":true,"href":"https:\/\/www.meatprocessingmachine.org\/de\/wp-json\/wp\/v2\/media\/1914"}],"wp:attachment":[{"href":"https:\/\/www.meatprocessingmachine.org\/de\/wp-json\/wp\/v2\/media?parent=1855"}],"wp:term":[{"taxonomy":"product-type","embeddable":true,"href":"https:\/\/www.meatprocessingmachine.org\/de\/wp-json\/wp\/v2\/product-type?post=1855"}],"curies":[{"name":"wp","href":"https:\/\/api.w.org\/{rel}","templated":true}]}}