{"id":2138,"date":"2021-09-27T15:46:17","date_gmt":"2021-09-27T07:46:17","guid":{"rendered":"https:\/\/www.meatprocessingmachine.org\/?p=2138"},"modified":"2026-03-13T14:27:29","modified_gmt":"2026-03-13T06:27:29","slug":"automatic-bbq-meat-skewer-machine-kebab-making-machine","status":"publish","type":"product","link":"https:\/\/www.meatprocessingmachine.org\/de\/automatic-bbq-meat-skewer-machine-kebab-making-machine.html","title":{"rendered":"Automatischer BBQ-Fleischspie\u00dfmaschine | Gro\u00dfe Kebab-Herstellungsmaschine"},"content":{"rendered":"<div class=\"kk-star-ratings kksr-auto kksr-align-right kksr-valign-top\"     data-payload='{&quot;align&quot;:&quot;right&quot;,&quot;id&quot;:&quot;2138&quot;,&quot;slug&quot;:&quot;default&quot;,&quot;valign&quot;:&quot;top&quot;,&quot;ignore&quot;:&quot;&quot;,&quot;reference&quot;:&quot;auto&quot;,&quot;class&quot;:&quot;&quot;,&quot;count&quot;:&quot;1&quot;,&quot;legendonly&quot;:&quot;&quot;,&quot;readonly&quot;:&quot;&quot;,&quot;score&quot;:&quot;5&quot;,&quot;starsonly&quot;:&quot;&quot;,&quot;best&quot;:&quot;5&quot;,&quot;gap&quot;:&quot;5&quot;,&quot;greet&quot;:&quot;Rate this product&quot;,&quot;legend&quot;:&quot;5\\\/5 - (1 vote)&quot;,&quot;size&quot;:&quot;24&quot;,&quot;title&quot;:&quot;Automatic BBQ Meat Skewer Machine | Large Kebab Making Machine&quot;,&quot;width&quot;:&quot;142.5&quot;,&quot;_legend&quot;:&quot;{score}\\\/{best} - ({count} {votes})&quot;,&quot;font_factor&quot;:&quot;1.25&quot;}'>              <div class=\"kksr-stars\">      <div class=\"kksr-stars-inactive\">             <div class=\"kksr-star\" data-star=\"1\" style=\"padding-right: 5px\">               <div class=\"kksr-icon\" style=\"width: 24px; height: 24px;\"><\/div>         <\/div>             <div class=\"kksr-star\" data-star=\"2\" style=\"padding-right: 5px\">               <div class=\"kksr-icon\" style=\"width: 24px; height: 24px;\"><\/div>         <\/div>             <div class=\"kksr-star\" data-star=\"3\" style=\"padding-right: 5px\">               <div class=\"kksr-icon\" style=\"width: 24px; height: 24px;\"><\/div>         <\/div>             <div class=\"kksr-star\" data-star=\"4\" style=\"padding-right: 5px\">               <div class=\"kksr-icon\" style=\"width: 24px; height: 24px;\"><\/div>         <\/div>             <div class=\"kksr-star\" data-star=\"5\" style=\"padding-right: 5px\">               <div class=\"kksr-icon\" style=\"width: 24px; height: 24px;\"><\/div>         <\/div>     <\/div>      <div class=\"kksr-stars-active\" style=\"width: 142.5px;\">             <div class=\"kksr-star\" style=\"padding-right: 5px\">               <div class=\"kksr-icon\" style=\"width: 24px; height: 24px;\"><\/div>         <\/div>             <div class=\"kksr-star\" style=\"padding-right: 5px\">               <div class=\"kksr-icon\" style=\"width: 24px; height: 24px;\"><\/div>         <\/div>             <div class=\"kksr-star\" style=\"padding-right: 5px\">               <div class=\"kksr-icon\" style=\"width: 24px; height: 24px;\"><\/div>         <\/div>             <div class=\"kksr-star\" style=\"padding-right: 5px\">               <div class=\"kksr-icon\" style=\"width: 24px; height: 24px;\"><\/div>         <\/div>             <div class=\"kksr-star\" style=\"padding-right: 5px\">               <div class=\"kksr-icon\" style=\"width: 24px; height: 24px;\"><\/div>         <\/div>     <\/div> <\/div>                   <div class=\"kksr-legend\" style=\"font-size: 19.2px;\">             5\/5 - (1 Bewertung)    <\/div>     <\/div>  <p class=\"translation-block\">Die <strong><mark class=\"has-inline-color has-luminous-vivid-amber-color\">BBQ-Fleischspie\u00dfmaschine<\/mark><\/strong> ist eine Maschine, die Fleisch automatisch aufspie\u00dfen kann. Sie kann Rindfleisch-, Lamm-, H\u00e4hnchenspie\u00dfe, H\u00e4hnchenspie\u00dfe, H\u00e4hnchenherzspie\u00dfe, Tintenfischspie\u00dfe, Fisch <a href=\"https:\/\/en.wikipedia.org\/wiki\/Tofu\" target=\"_blank\" rel=\"noopener\">Tofu<\/a> und Kelp aufspie\u00dfen, ohne auf Zutaten beschr\u00e4nkt zu sein. <\/p>   <div class=\"wp-block-image\"> <figure class=\"aligncenter size-full\"><img loading=\"lazy\" decoding=\"async\" width=\"720\" height=\"540\" src=\"https:\/\/www.meatprocessingmachine.org\/wp-content\/uploads\/2021\/09\/Automatic-BBQ-Meat-Skewer-Machine.webp\" alt=\"Automatische BBQ-Fleischspie\u00dfmaschine\" class=\"wp-image-34739\" title=\"\" srcset=\"https:\/\/www.meatprocessingmachine.org\/wp-content\/uploads\/2021\/09\/Automatic-BBQ-Meat-Skewer-Machine.webp 720w, https:\/\/www.meatprocessingmachine.org\/wp-content\/uploads\/2021\/09\/Automatic-BBQ-Meat-Skewer-Machine-300x225.webp 300w, https:\/\/www.meatprocessingmachine.org\/wp-content\/uploads\/2021\/09\/Automatic-BBQ-Meat-Skewer-Machine-16x12.webp 16w\" sizes=\"auto, (max-width: 720px) 100vw, 720px\" \/><figcaption class=\"wp-element-caption\">Automatische BBQ-Fleischspie\u00dfmaschine<\/figcaption><\/figure> <\/div>   <p class=\"translation-block\">Die Spie\u00dfmaschine ist eine automatische Fleischspie\u00dfmaschine, die f\u00fcr effiziente Kebab-Produktion entwickelt wurde. Mit einer Kapazit\u00e4t von <strong><mark class=\"has-inline-color has-luminous-vivid-amber-color\">1.800\u20133.500 Spie\u00dfen pro Stunde<\/mark><\/strong>, verbessert sie die Verarbeitungseffizienz erheblich und reduziert die Arbeitskosten. Angetrieben von einem 25W-Motor, arbeitet die Maschine stabil und ist f\u00fcr den kontinuierlichen gewerblichen Einsatz geeignet. Sie unterst\u00fctzt Spie\u00dfl\u00e4ngen von <strong><mark class=\"has-inline-color has-luminous-vivid-amber-color\">6\u201345 cm<\/mark><\/strong>, was sie flexibel f\u00fcr verschiedene Produktgr\u00f6\u00dfen macht.<\/p>    <figure class=\"wp-block-gallery has-nested-images columns-default is-cropped wp-block-gallery-2 is-layout-flex wp-block-gallery-is-layout-flex\"> <figure class=\"wp-block-image size-large\"><img loading=\"lazy\" decoding=\"async\" width=\"720\" height=\"540\" data-id=\"34746\" src=\"https:\/\/www.meatprocessingmachine.org\/wp-content\/uploads\/2021\/09\/Grilled-Meat.webp\" alt=\"Gegrilltes Fleisch\" class=\"wp-image-34746\" title=\"\" srcset=\"https:\/\/www.meatprocessingmachine.org\/wp-content\/uploads\/2021\/09\/Grilled-Meat.webp 720w, https:\/\/www.meatprocessingmachine.org\/wp-content\/uploads\/2021\/09\/Grilled-Meat-300x225.webp 300w, https:\/\/www.meatprocessingmachine.org\/wp-content\/uploads\/2021\/09\/Grilled-Meat-16x12.webp 16w\" sizes=\"auto, (max-width: 720px) 100vw, 720px\" \/><figcaption class=\"wp-element-caption\">Gegrilltes Fleisch<\/figcaption><\/figure>    <figure class=\"wp-block-image size-large\"><img loading=\"lazy\" decoding=\"async\" width=\"720\" height=\"540\" data-id=\"34747\" src=\"https:\/\/www.meatprocessingmachine.org\/wp-content\/uploads\/2021\/09\/Grilled-Vegetables.webp\" alt=\"Gegrilltes Gem\u00fcse\" class=\"wp-image-34747\" title=\"\" srcset=\"https:\/\/www.meatprocessingmachine.org\/wp-content\/uploads\/2021\/09\/Grilled-Vegetables.webp 720w, https:\/\/www.meatprocessingmachine.org\/wp-content\/uploads\/2021\/09\/Grilled-Vegetables-300x225.webp 300w, https:\/\/www.meatprocessingmachine.org\/wp-content\/uploads\/2021\/09\/Grilled-Vegetables-16x12.webp 16w\" sizes=\"auto, (max-width: 720px) 100vw, 720px\" \/><figcaption class=\"wp-element-caption\">Gegrilltes Gem\u00fcse<\/figcaption><\/figure> <\/figure>    <p>Kompakt in der Struktur und 160 kg schwer, ist diese Maschine einfach zu bedienen, platzsparend und ideal f\u00fcr Lebensmittelbetriebe, Zentral-K\u00fcchen und BBQ-Spie\u00dfverarbeitungsbetriebe. Sie sorgt f\u00fcr gleichm\u00e4\u00dfiges Aufspie\u00dfen, einheitliches Produktbild und h\u00f6here Produktivit\u00e4t.<\/p>    <figure class=\"wp-block-embed is-type-video is-provider-youtube wp-block-embed-youtube wp-embed-aspect-16-9 wp-has-aspect-ratio\"><div class=\"wp-block-embed__wrapper\"> <iframe loading=\"lazy\" title=\"Automatische BBQ-Fleischspie\u00dfmaschine | 3.500 Spie\u00dfe pro Stunde Hochleistungskebab-Maschine \ud83d\udd25\" width=\"500\" height=\"281\" src=\"https:\/\/www.youtube.com\/embed\/VY0mMTyTBhg?feature=oembed\" frameborder=\"0\" allow=\"accelerometer; autoplay; clipboard-write; encrypted-media; gyroscope; picture-in-picture; web-share\" referrerpolicy=\"strict-origin-when-cross-origin\" allowfullscreen><\/iframe> <\/div><\/figure>    <h2 class=\"wp-block-heading\">Warum eine BBQ-Fleischspie\u00dfmaschine verwenden?<\/h2>    <p>Warum eine Fleischspie\u00dfmaschine verwenden? Man kann auch von Hand spie\u00dfen. Langj\u00e4hrige Erfahrung zeigt jedoch, dass das Spie\u00dfen im Produktionsprozess eine Herausforderung ist. Das erste ist die Geschwindigkeit. Einige Fleischfasern sind relativ dicht, und es ist schwierig, sie mit Bambusst\u00e4bchen zu durchdringen, was die Geschwindigkeit verlangsamt. <\/p>    <p>Au\u00dferdem besteht auch ein Hygieneproblem. Da die handgefertigten Spie\u00dfe in engem Kontakt mit dem Fleisch stehen, ist dies sehr unhygienisch.<\/p>    <p>Das Wichtigste ist die Sicherheit. Wir wissen alle, dass Fleisch eine Haltbarkeitsdauer hat. Wenn es l\u00e4ngere Zeit bei Raumtemperatur im Freien bleibt, f\u00fchrt dies zu Fleischverschlechterung, besonders im hei\u00dfen Sommer. Die Spie\u00dfmaschine ist hoch effizient, sauber und hygienisch und hilft, eine Reihe von Problemen im Produktionsprozess zu l\u00f6sen.<\/p>   <div class=\"wp-block-image\"> <figure class=\"aligncenter size-full\"><img loading=\"lazy\" decoding=\"async\" width=\"720\" height=\"540\" src=\"https:\/\/www.meatprocessingmachine.org\/wp-content\/uploads\/2021\/09\/Large-Kebab-Making-Machine.webp\" alt=\"Gro\u00dfe Kebab-Herstellungsmaschine\" class=\"wp-image-34741\" title=\"\" srcset=\"https:\/\/www.meatprocessingmachine.org\/wp-content\/uploads\/2021\/09\/Large-Kebab-Making-Machine.webp 720w, https:\/\/www.meatprocessingmachine.org\/wp-content\/uploads\/2021\/09\/Large-Kebab-Making-Machine-300x225.webp 300w, https:\/\/www.meatprocessingmachine.org\/wp-content\/uploads\/2021\/09\/Large-Kebab-Making-Machine-16x12.webp 16w\" sizes=\"auto, (max-width: 720px) 100vw, 720px\" \/><figcaption class=\"wp-element-caption\">Gro\u00dfe Kebab-Herstellungsmaschine<\/figcaption><\/figure> <\/div>   <h2 class=\"wp-block-heading\">Geeignete Zutaten f\u00fcr BBQ-Fleischspie\u00dfmaschine<\/h2>    <ul class=\"wp-block-list\"> <li><strong>Fleischsorten:<\/strong> Rindfleisch, Lamm, Schwein, H\u00e4hnchen, Ente und mehr<\/li>    <li><strong>Meeresfr\u00fcchte:<\/strong> Fischst\u00fccke, Garnelen, Tintenfisch, Jakobsmuscheln usw.<\/li>    <li><strong>Gem\u00fcse:<\/strong> Paprika, Zwiebeln, Pilze, Auberginen, Maisst\u00fccke usw.<\/li>    <li><strong>Weitere Artikel:<\/strong> Tofu, W\u00fcrstchen, Reiskuchen und mehr<\/li> <\/ul>    <p>Diese Maschine kann verschiedene Zutaten gleichm\u00e4\u00dfig aufspie\u00dfen, um einheitliche und attraktive Kebabs zu gew\u00e4hrleisten, geeignet f\u00fcr Barbecue, Catering und Lebensmittelverarbeitung.<\/p>    <figure class=\"wp-block-gallery has-nested-images columns-default is-cropped wp-block-gallery-3 is-layout-flex wp-block-gallery-is-layout-flex\"> <figure class=\"wp-block-image size-large\"><img loading=\"lazy\" decoding=\"async\" width=\"720\" height=\"540\" data-id=\"34651\" src=\"https:\/\/www.meatprocessingmachine.org\/wp-content\/uploads\/2026\/02\/Fresh-Meat.webp\" alt=\"Frisches Fleisch\" class=\"wp-image-34651\" title=\"\" srcset=\"https:\/\/www.meatprocessingmachine.org\/wp-content\/uploads\/2026\/02\/Fresh-Meat.webp 720w, https:\/\/www.meatprocessingmachine.org\/wp-content\/uploads\/2026\/02\/Fresh-Meat-300x225.webp 300w, https:\/\/www.meatprocessingmachine.org\/wp-content\/uploads\/2026\/02\/Fresh-Meat-16x12.webp 16w\" sizes=\"auto, (max-width: 720px) 100vw, 720px\" \/><figcaption class=\"wp-element-caption\">Frisches Fleisch<\/figcaption><\/figure>    <figure class=\"wp-block-image size-large\"><img loading=\"lazy\" decoding=\"async\" width=\"720\" height=\"540\" data-id=\"34532\" src=\"https:\/\/www.meatprocessingmachine.org\/wp-content\/uploads\/2025\/12\/Back-cut-fish.webp\" alt=\"R\u00fcckenschnitt Fisch\" class=\"wp-image-34532\" title=\"\" srcset=\"https:\/\/www.meatprocessingmachine.org\/wp-content\/uploads\/2025\/12\/Back-cut-fish.webp 720w, https:\/\/www.meatprocessingmachine.org\/wp-content\/uploads\/2025\/12\/Back-cut-fish-300x225.webp 300w, https:\/\/www.meatprocessingmachine.org\/wp-content\/uploads\/2025\/12\/Back-cut-fish-16x12.webp 16w\" sizes=\"auto, (max-width: 720px) 100vw, 720px\" \/><figcaption class=\"wp-element-caption\">R\u00fcckenschnitt Fisch<\/figcaption><\/figure>    <figure class=\"wp-block-image size-large\"><img loading=\"lazy\" decoding=\"async\" width=\"720\" height=\"540\" data-id=\"34725\" src=\"https:\/\/www.meatprocessingmachine.org\/wp-content\/uploads\/2026\/02\/Potato-Slices.webp\" alt=\"Kartoffelscheiben\" class=\"wp-image-34725\" title=\"\" srcset=\"https:\/\/www.meatprocessingmachine.org\/wp-content\/uploads\/2026\/02\/Potato-Slices.webp 720w, https:\/\/www.meatprocessingmachine.org\/wp-content\/uploads\/2026\/02\/Potato-Slices-300x225.webp 300w, https:\/\/www.meatprocessingmachine.org\/wp-content\/uploads\/2026\/02\/Potato-Slices-16x12.webp 16w\" sizes=\"auto, (max-width: 720px) 100vw, 720px\" \/><figcaption class=\"wp-element-caption\">Kartoffelscheiben<\/figcaption><\/figure> <\/figure>    <h2 class=\"wp-block-heading\">Vorteile der BBQ-Fleischf\u00e4delsmaschine<\/h2>    <div class=\"wp-block-columns is-layout-flex wp-container-core-columns-is-layout-9d6595d7 wp-block-columns-is-layout-flex\"> <div class=\"wp-block-column is-layout-flow wp-block-column-is-layout-flow\"> <p class=\"has-text-align-center translation-block\"><strong><mark class=\"has-inline-color has-luminous-vivid-amber-color\">Hohe Produktivit\u00e4t &amp; Kontinuierlicher Betrieb<\/mark><\/strong><\/p>    <p>Produziert 1.800\u20133.500 Spie\u00dfe pro Stunde, ideal f\u00fcr gro\u00dfe Restaurants und Lebensmittelverarbeitungsfabriken.<\/p> <\/div>    <div class=\"wp-block-column is-layout-flow wp-block-column-is-layout-flow\"> <p class=\"has-text-align-center translation-block\"><strong><mark class=\"has-inline-color has-luminous-vivid-amber-color\">Sicher &amp; Hygienisch<\/mark><\/strong><\/p>    <p>Lebensmittelkontaktteile aus PE-Material, erf\u00fcllen die Lebensmittelstandards und sind leicht zu reinigen.<\/p> <\/div> <\/div>    <div class=\"wp-block-columns is-layout-flex wp-container-core-columns-is-layout-9d6595d7 wp-block-columns-is-layout-flex\"> <div class=\"wp-block-column is-layout-flow wp-block-column-is-layout-flow\"> <p class=\"has-text-align-center translation-block\"><strong><mark class=\"has-inline-color has-luminous-vivid-amber-color\">Vielseitige Zutaten<\/mark><\/strong><\/p>    <p>Geeignet f\u00fcr Rindfleisch, H\u00e4hnchen, Lamm, Fisch, Garnelen, Gem\u00fcse und mehr; die Spie\u00dfl\u00e4nge ist von 6\u201345 cm einstellbar.<\/p> <\/div>    <div class=\"wp-block-column is-layout-flow wp-block-column-is-layout-flow\"> <p class=\"has-text-align-center translation-block\"><strong><mark class=\"has-inline-color has-luminous-vivid-amber-color\">Einsparung bei Arbeitskosten<\/mark><\/strong><\/p>    <p>Automatisierter Betrieb reduziert manuellen Arbeitsaufwand, erh\u00f6ht die Effizienz und senkt die Betriebskosten.<\/p> <\/div> <\/div>    <div class=\"wp-block-columns is-layout-flex wp-container-core-columns-is-layout-9d6595d7 wp-block-columns-is-layout-flex\"> <div class=\"wp-block-column is-layout-flow wp-block-column-is-layout-flow\"> <p class=\"has-text-align-center translation-block\"><strong><mark class=\"has-inline-color has-luminous-vivid-amber-color\">Kompaktes Design<\/mark><\/strong><\/p>    <p>Abmessungen 200x200x110cm und ein Gewicht von 160 kg, spart Platz und erm\u00f6glicht einfache Bedienung.<\/p> <\/div>    <div class=\"wp-block-column is-layout-flow wp-block-column-is-layout-flow\"> <p class=\"has-text-align-center translation-block\"><strong><mark class=\"has-inline-color has-luminous-vivid-amber-color\">Steigert die Rentabilit\u00e4t<\/mark><\/strong><\/p>    <p>Hohe Effizienz, niedrige Kosten und stabile Leistung maximieren die Gewinne f\u00fcr Lebensmittelverarbeiter und Restaurants.<\/p> <\/div> <\/div>   <div class=\"wp-block-image\"> <figure class=\"aligncenter size-full\"><img loading=\"lazy\" decoding=\"async\" width=\"720\" height=\"540\" src=\"https:\/\/www.meatprocessingmachine.org\/wp-content\/uploads\/2021\/09\/Automatic-BBQ-Meat-Skewer-Machine-for-sale.webp\" alt=\"Automatische BBQ-Fleischspie\u00dfmaschine zum Verkauf\" class=\"wp-image-34738\" title=\"\" srcset=\"https:\/\/www.meatprocessingmachine.org\/wp-content\/uploads\/2021\/09\/Automatic-BBQ-Meat-Skewer-Machine-for-sale.webp 720w, https:\/\/www.meatprocessingmachine.org\/wp-content\/uploads\/2021\/09\/Automatic-BBQ-Meat-Skewer-Machine-for-sale-300x225.webp 300w, https:\/\/www.meatprocessingmachine.org\/wp-content\/uploads\/2021\/09\/Automatic-BBQ-Meat-Skewer-Machine-for-sale-16x12.webp 16w\" sizes=\"auto, (max-width: 720px) 100vw, 720px\" \/><figcaption class=\"wp-element-caption\">Automatische BBQ-Fleischspie\u00dfmaschine zum Verkauf<\/figcaption><\/figure> <\/div>   <h2 class=\"wp-block-heading\">Technische Parameter der BBQ-Fleischspie\u00dfmaschine<\/h2>    <figure class=\"wp-block-table\"><table><tbody><tr><td>Modell<\/td><td>TZ-3500<\/td><\/tr><tr><td>Spannung<\/td><td>AC110V~220V\/50~60 HZ<\/td><\/tr><tr><td>Leistung<\/td><td>25W<\/td><\/tr><tr><td>Kapazit\u00e4t<\/td><td>1800-3500 Spie\u00dfe\/h<\/td><\/tr><tr><td>Luftdruck des Kompressors<\/td><td>0,6mpa<\/td><\/tr><tr><td>Tagl\u00e4nge<\/td><td>6~45cm<\/td><\/tr><tr><td>Spie\u00df-Durchmesser<\/td><td>2~5mm<\/td><\/tr><tr><td>Zeichen<\/td><td>Holzspie\u00dfe, Bambusspie\u00dfe, Stahlbohrer<\/td><\/tr><tr><td>Netto-Gewicht<\/td><td>160KG<\/td><\/tr><tr><td>Gr\u00f6\u00dfe<\/td><td>200x200x110cm<\/td><\/tr><\/tbody><\/table><figcaption class=\"wp-element-caption\">Hei\u00dfverkauf automatische Spie\u00dfmaschine<\/figcaption><\/figure>   <div class=\"wp-block-image\"> <figure class=\"aligncenter size-full\"><img loading=\"lazy\" decoding=\"async\" width=\"720\" height=\"540\" src=\"https:\/\/www.meatprocessingmachine.org\/wp-content\/uploads\/2021\/09\/Meat-Skewering-Machine.webp\" alt=\"Fleischspie\u00dfmaschine\" class=\"wp-image-34743\" title=\"\" srcset=\"https:\/\/www.meatprocessingmachine.org\/wp-content\/uploads\/2021\/09\/Meat-Skewering-Machine.webp 720w, https:\/\/www.meatprocessingmachine.org\/wp-content\/uploads\/2021\/09\/Meat-Skewering-Machine-300x225.webp 300w, https:\/\/www.meatprocessingmachine.org\/wp-content\/uploads\/2021\/09\/Meat-Skewering-Machine-16x12.webp 16w\" sizes=\"auto, (max-width: 720px) 100vw, 720px\" \/><figcaption class=\"wp-element-caption\">Fleischspie\u00dfmaschine<\/figcaption><\/figure> <\/div>   <p>Die obige Tabelle zeigt die technischen Daten einer unserer meistverkauften automatischen Spie\u00dfmaschinen. Diese Maschine kann 1800-3500 Spie\u00dfe pro Stunde aufspie\u00dfen. Damit erf\u00fcllt sie die Produktionsanforderungen der meisten Kunden.<\/p>    <p>Wiederum haben wir andere Produktionskapazit\u00e4tsmaschinen zum Verkauf. Sie k\u00f6nnen Fleisch mit Holz-, Bambus- und Edelstahlspie\u00dfen aufspie\u00dfen. Wenn Sie an dieser Maschine interessiert sind, z\u00f6gern Sie nicht, uns \u00fcber das Popup-Fenster in der unteren rechten Ecke zu kontaktieren.<\/p>   <div class=\"wp-block-image\"> <figure class=\"aligncenter size-full\"><img loading=\"lazy\" decoding=\"async\" width=\"720\" height=\"540\" src=\"https:\/\/www.meatprocessingmachine.org\/wp-content\/uploads\/2021\/09\/Best-Automatic-Meat-Skewer-Machine.webp\" alt=\"Beste automatische Fleischspie\u00dfmaschine\" class=\"wp-image-34740\" title=\"\" srcset=\"https:\/\/www.meatprocessingmachine.org\/wp-content\/uploads\/2021\/09\/Best-Automatic-Meat-Skewer-Machine.webp 720w, https:\/\/www.meatprocessingmachine.org\/wp-content\/uploads\/2021\/09\/Best-Automatic-Meat-Skewer-Machine-300x225.webp 300w, https:\/\/www.meatprocessingmachine.org\/wp-content\/uploads\/2021\/09\/Best-Automatic-Meat-Skewer-Machine-16x12.webp 16w\" sizes=\"auto, (max-width: 720px) 100vw, 720px\" \/><figcaption class=\"wp-element-caption\">Beste automatische Fleischspie\u00dfmaschine<\/figcaption><\/figure> <\/div>   <h2 class=\"wp-block-heading\">Rohstoffvorbereitung<\/h2>    <p class=\"translation-block\">Vor der Verwendung der BBQ-Fleischspie\u00dfmaschine erfolgt eine Vorauswahl, z. B. das Schneiden des Fleisches in geeignete St\u00fccke. Bei relativ hoher Aussto\u00dfmenge kann dies durch eine <strong><a href=\"https:\/\/www.meatprocessingmachine.org\/de\/fresh-meat-strip-cutting-machine.html\/\">Frisches Fleischstreifen-Schneidemaschine<\/a> <\/strong> erfolgen, um eine vollst\u00e4ndige Produktionskette zu bilden.<\/p>   <div class=\"wp-block-image\"> <figure class=\"aligncenter size-full\"><img loading=\"lazy\" decoding=\"async\" width=\"720\" height=\"540\" src=\"https:\/\/www.meatprocessingmachine.org\/wp-content\/uploads\/2026\/02\/Fresh-Strip-Meat-Cutting-Machine.webp\" alt=\"Frisches Streifenfleisch-Schneidemaschine\" class=\"wp-image-34719\" title=\"\" srcset=\"https:\/\/www.meatprocessingmachine.org\/wp-content\/uploads\/2026\/02\/Fresh-Strip-Meat-Cutting-Machine.webp 720w, https:\/\/www.meatprocessingmachine.org\/wp-content\/uploads\/2026\/02\/Fresh-Strip-Meat-Cutting-Machine-300x225.webp 300w, https:\/\/www.meatprocessingmachine.org\/wp-content\/uploads\/2026\/02\/Fresh-Strip-Meat-Cutting-Machine-16x12.webp 16w\" sizes=\"auto, (max-width: 720px) 100vw, 720px\" \/><figcaption class=\"wp-element-caption\">Frisches Streifenfleisch-Schneidemaschine<\/figcaption><\/figure> <\/div>   <h2 class=\"wp-block-heading\">Warum Taizy w\u00e4hlen?<\/h2>    <p class=\"translation-block\"><strong>Zertifizierungen, Zuverl\u00e4ssige Qualit\u00e4t<\/strong><\/p>    <ul class=\"wp-block-list\"> <li>Zertifiziert durch <strong>ISO9001, CE, SGS, T\u00dcV<\/strong>, was einen sicheren Betrieb, stabile Leistung und zuverl\u00e4ssige Qualit\u00e4t gew\u00e4hrleistet.<\/li> <\/ul>    <p class=\"translation-block\"><strong>Vollautomatisch &amp; Hochleistungsf\u00e4hig<\/strong><\/p>    <ul class=\"wp-block-list\"> <li>Hochautomatisiertes System mit gro\u00dfer Produktionskapazit\u00e4t. Spart Arbeitskosten und ist ideal f\u00fcr den gewerblichen Massenbetrieb.<\/li> <\/ul>    <p class=\"translation-block\"><strong>Lebensmittelgeeignetes Material, Hygienisch &amp; Sicher<\/strong><\/p>    <ul class=\"wp-block-list\"> <li>Hergestellt aus lebensmittelechtem Edelstahl. Korrosionsbest\u00e4ndig, leicht zu reinigen und entspricht den Standards der Lebensmittelverarbeitung.<\/li> <\/ul>    <p class=\"translation-block\"><strong>Vielseitige Anwendung<\/strong><\/p>    <ul class=\"wp-block-list\"> <li>Geeignet f\u00fcr die Verarbeitung <strong>Lammspie\u00dfe, H\u00e4hnchenspie\u00dfe, Rindfleischspie\u00dfe, Fleischb\u00e4llchen, Gem\u00fcse<\/strong>, und mehr.<\/li> <\/ul>    <p class=\"translation-block\"><strong>Komplette Garantie &amp; After-Sales-Service<\/strong><\/p>    <ul class=\"wp-block-list\"> <li>Einj\u00e4hrige Garantie f\u00fcr die gesamte Maschine. Installationsanleitung und Fernsupport werden bereitgestellt. Ingenieure stehen bei Bedarf f\u00fcr Vor-Ort-Installation und Inbetriebnahme zur Verf\u00fcgung.<\/li> <\/ul>    <p class=\"translation-block\"><strong>Einfache Bedienung &amp; Stabile Leistung<\/strong><\/p>    <ul class=\"wp-block-list\"> <li>Benutzerfreundliches Design, geringe Ausfallrate, stabile Langzeitfunktion und h\u00f6heres Kosten-Leistungs-Verh\u00e4ltnis.<\/li> <\/ul>   <div class=\"wp-block-image\"> <figure class=\"aligncenter size-full\"><img loading=\"lazy\" decoding=\"async\" width=\"720\" height=\"540\" src=\"https:\/\/www.meatprocessingmachine.org\/wp-content\/uploads\/2021\/09\/Meat-Skewer-Machine-Ready-for-Shipment.webp\" alt=\"Fleischspie\u00dfmaschine versandbereit\" class=\"wp-image-34742\" title=\"\" srcset=\"https:\/\/www.meatprocessingmachine.org\/wp-content\/uploads\/2021\/09\/Meat-Skewer-Machine-Ready-for-Shipment.webp 720w, https:\/\/www.meatprocessingmachine.org\/wp-content\/uploads\/2021\/09\/Meat-Skewer-Machine-Ready-for-Shipment-300x225.webp 300w, https:\/\/www.meatprocessingmachine.org\/wp-content\/uploads\/2021\/09\/Meat-Skewer-Machine-Ready-for-Shipment-16x12.webp 16w\" sizes=\"auto, (max-width: 720px) 100vw, 720px\" \/><figcaption class=\"wp-element-caption\">Fleischspie\u00dfmaschine versandbereit<\/figcaption><\/figure> <\/div>   <h2 class=\"wp-block-heading\" id=\"h-faq\">FAQ<\/h2>   <div id=\"rank-math-faq\" class=\"rank-math-block\"> <div class=\"rank-math-list\"> <div id=\"faq-question-1704435305934\" class=\"rank-math-list-item\"> <h3 class=\"rank-math-question\">Was ist der Temperaturbereich des Rohmaterials?<\/h3> <div class=\"rank-math-answer\">  <p>Frisches oder leicht gefrorenes Fleisch kann bei -10\u2103 sein.<\/p>  <\/div> <\/div> <div id=\"faq-question-1704435311249\" class=\"rank-math-list-item\"> <h3 class=\"rank-math-question\">Ben\u00f6tigt die BBQ-Fleischspie\u00dfmaschine einen Luftkompressor?<\/h3> <div class=\"rank-math-answer\">  <p>ben\u00f6tigt<\/p>  <\/div> <\/div> <div id=\"faq-question-1704435321038\" class=\"rank-math-list-item\"> <h3 class=\"rank-math-question\">Ist es in Ordnung, Fleischb\u00e4llchen und W\u00fcrstchen zu tragen?<\/h3> <div class=\"rank-math-answer\">  <p>Ja, Sie k\u00f6nnen auch Gem\u00fcse aufspie\u00dfen<\/p>  <\/div> <\/div> <\/div> <\/div>","protected":false},"excerpt":{"rendered":"<p>BBQ Meat Skewer Machine can automatically skewers. Automatic skewer machine model TZ-2000 can skewer up to 2000 skewers in 1 hour.<\/p>","protected":false},"author":1,"featured_media":34750,"parent":0,"template":"","product-type":[582,583,584,598],"class_list":["post-2138","product","type-product","status-publish","has-post-thumbnail","hentry","product-type-cattle-sheep","product-type-chicken-turkey","product-type-fish","product-type-supporting-auxiliary-equipment"],"_links":{"self":[{"href":"https:\/\/www.meatprocessingmachine.org\/de\/wp-json\/wp\/v2\/product\/2138","targetHints":{"allow":["GET"]}}],"collection":[{"href":"https:\/\/www.meatprocessingmachine.org\/de\/wp-json\/wp\/v2\/product"}],"about":[{"href":"https:\/\/www.meatprocessingmachine.org\/de\/wp-json\/wp\/v2\/types\/product"}],"author":[{"embeddable":true,"href":"https:\/\/www.meatprocessingmachine.org\/de\/wp-json\/wp\/v2\/users\/1"}],"wp:featuredmedia":[{"embeddable":true,"href":"https:\/\/www.meatprocessingmachine.org\/de\/wp-json\/wp\/v2\/media\/34750"}],"wp:attachment":[{"href":"https:\/\/www.meatprocessingmachine.org\/de\/wp-json\/wp\/v2\/media?parent=2138"}],"wp:term":[{"taxonomy":"product-type","embeddable":true,"href":"https:\/\/www.meatprocessingmachine.org\/de\/wp-json\/wp\/v2\/product-type?post=2138"}],"curies":[{"name":"wp","href":"https:\/\/api.w.org\/{rel}","templated":true}]}}