{"id":2220,"date":"2021-10-20T17:09:40","date_gmt":"2021-10-20T09:09:40","guid":{"rendered":"https:\/\/www.meatprocessingmachine.org\/?p=2220"},"modified":"2026-02-12T15:59:36","modified_gmt":"2026-02-12T07:59:36","slug":"frozen-meat-block-crushing-and-grinder-line","status":"publish","type":"product","link":"https:\/\/www.meatprocessingmachine.org\/de\/frozen-meat-block-crushing-and-grinder-line.html","title":{"rendered":"Kommerzielle Tiefk\u00fchlfleischbl\u00f6cke zerkleinern und mahlen zum Verkauf"},"content":{"rendered":"<div class=\"kk-star-ratings kksr-auto kksr-align-right kksr-valign-top\"     data-payload='{&quot;align&quot;:&quot;right&quot;,&quot;id&quot;:&quot;2220&quot;,&quot;slug&quot;:&quot;default&quot;,&quot;valign&quot;:&quot;top&quot;,&quot;ignore&quot;:&quot;&quot;,&quot;reference&quot;:&quot;auto&quot;,&quot;class&quot;:&quot;&quot;,&quot;count&quot;:&quot;0&quot;,&quot;legendonly&quot;:&quot;&quot;,&quot;readonly&quot;:&quot;&quot;,&quot;score&quot;:&quot;0&quot;,&quot;starsonly&quot;:&quot;&quot;,&quot;best&quot;:&quot;5&quot;,&quot;gap&quot;:&quot;5&quot;,&quot;greet&quot;:&quot;Rate this product&quot;,&quot;legend&quot;:&quot;0\\\/5 - (0 votes)&quot;,&quot;size&quot;:&quot;24&quot;,&quot;title&quot;:&quot;Commercial frozen meat block crushing and grinder line for sale&quot;,&quot;width&quot;:&quot;0&quot;,&quot;_legend&quot;:&quot;{score}\\\/{best} - ({count} {votes})&quot;,&quot;font_factor&quot;:&quot;1.25&quot;}'>              <div class=\"kksr-stars\">      <div class=\"kksr-stars-inactive\">             <div class=\"kksr-star\" data-star=\"1\" style=\"padding-right: 5px\">               <div class=\"kksr-icon\" style=\"width: 24px; height: 24px;\"><\/div>         <\/div>             <div class=\"kksr-star\" data-star=\"2\" style=\"padding-right: 5px\">               <div class=\"kksr-icon\" style=\"width: 24px; height: 24px;\"><\/div>         <\/div>             <div class=\"kksr-star\" data-star=\"3\" style=\"padding-right: 5px\">               <div class=\"kksr-icon\" style=\"width: 24px; height: 24px;\"><\/div>         <\/div>             <div class=\"kksr-star\" data-star=\"4\" style=\"padding-right: 5px\">               <div class=\"kksr-icon\" style=\"width: 24px; height: 24px;\"><\/div>         <\/div>             <div class=\"kksr-star\" data-star=\"5\" style=\"padding-right: 5px\">               <div class=\"kksr-icon\" style=\"width: 24px; height: 24px;\"><\/div>         <\/div>     <\/div>      <div class=\"kksr-stars-active\" style=\"width: 0px;\">             <div class=\"kksr-star\" style=\"padding-right: 5px\">               <div class=\"kksr-icon\" style=\"width: 24px; height: 24px;\"><\/div>         <\/div>             <div class=\"kksr-star\" style=\"padding-right: 5px\">               <div class=\"kksr-icon\" style=\"width: 24px; height: 24px;\"><\/div>         <\/div>             <div class=\"kksr-star\" style=\"padding-right: 5px\">               <div class=\"kksr-icon\" style=\"width: 24px; height: 24px;\"><\/div>         <\/div>             <div class=\"kksr-star\" style=\"padding-right: 5px\">               <div class=\"kksr-icon\" style=\"width: 24px; height: 24px;\"><\/div>         <\/div>             <div class=\"kksr-star\" style=\"padding-right: 5px\">               <div class=\"kksr-icon\" style=\"width: 24px; height: 24px;\"><\/div>         <\/div>     <\/div> <\/div>                   <div class=\"kksr-legend\" style=\"font-size: 19.2px;\">             <span class=\"kksr-muted\">Bewerten Sie dieses Produkt<\/span>     <\/div>     <\/div>  <p class=\"translation-block\"><strong>Gefrorenes-Fleischbl\u00f6cke-Verkrossungs- und Mahlband<\/strong> ist ein Prozess, der gro\u00dfe St\u00fccke gefrorenen Fleisches zun\u00e4chst zerdr\u00fcckt und dann zu einer Paste mahlt. Ein <a href=\"https:\/\/www.meatprocessingmachine.org\/de\/products\/meat-grinding-machine\/\" data-type=\"URL\" data-id=\"https:\/\/www.meatprocessingmachine.org\/products\/meat-grinding-machine\/\">Fleischwolf<\/a> ist eine notwendige Maschine f\u00fcr die Herstellung von Fleisch-Nahrungsmittelverarbeitung, und die Maschine kann nach der Verarbeitung weiterverarbeitet werden. Herstellung von Fleischb\u00e4llchen, Wurstpasteten und anderen Produkten.<\/p>    <h2 class=\"wp-block-heading\" id=\"h-the-composition-of-the-frozen-meat-block-crushing-and-grinder-line\">Aufbau des Gefrorenes-Fleischblock-Verkrossungs- und Mahlbands<\/h2>    <figure class=\"wp-block-image size-full\"><img loading=\"lazy\" decoding=\"async\" width=\"720\" height=\"540\" src=\"https:\/\/www.meatprocessingmachine.org\/wp-content\/uploads\/2021\/10\/frozen-meat-block-crushing-and-grinder-line.webp\" alt=\"frozen meat block crushing and grinder line\" class=\"wp-image-34125\" title=\"\" srcset=\"https:\/\/www.meatprocessingmachine.org\/wp-content\/uploads\/2021\/10\/frozen-meat-block-crushing-and-grinder-line.webp 720w, https:\/\/www.meatprocessingmachine.org\/wp-content\/uploads\/2021\/10\/frozen-meat-block-crushing-and-grinder-line-300x225.webp 300w\" sizes=\"auto, (max-width: 720px) 100vw, 720px\" \/><figcaption class=\"wp-element-caption\">Gefrorenes Fleischblock-Verkrossungs- und Mahlband<\/figcaption><\/figure>    <p class=\"translation-block\">Die Fleischp\u00fcree-Produktionslinie ist in drei Teile unterteilt. Der erste ist der <a href=\"https:\/\/www.meatprocessingmachine.org\/de\/frozen-meat-cutting-machine.html\/\" data-type=\"URL\" data-id=\"https:\/\/www.meatprocessingmachine.org\/frozen-meat-cutting-machine.html\">gefrorene Fleischzerkleinerer<\/a>. Die gro\u00dfen St\u00fccke gefrorenen Fleisches werden zuerst zerkleinert, dann durch einen Hub verbunden und schlie\u00dflich in einer Fleischm\u00fchle verarbeitet.<\/p>    <h2 class=\"wp-block-heading\">Gefrorener Fleischblocker-Schneider<\/h2>   <div class=\"wp-block-image\"> <figure class=\"aligncenter\"><img loading=\"lazy\" decoding=\"async\" width=\"720\" height=\"540\" src=\"https:\/\/www.meatprocessingmachine.org\/wp-content\/uploads\/2021\/10\/Frozen-meat-blocker-cutter.jpg\" alt=\"Twitter\" class=\"wp-image-2231\" title=\"\" srcset=\"https:\/\/www.meatprocessingmachine.org\/wp-content\/uploads\/2021\/10\/Frozen-meat-blocker-cutter.jpg 720w, https:\/\/www.meatprocessingmachine.org\/wp-content\/uploads\/2021\/10\/Frozen-meat-blocker-cutter-300x225.jpg 300w\" sizes=\"auto, (max-width: 720px) 100vw, 720px\" \/><figcaption class=\"wp-element-caption\">Gefrorener Fleischblocker-Schneider<\/figcaption><\/figure> <\/div>   <p class=\"translation-block\">Ein gefrorener Fleischzerkleinerer ist eine Maschine, die knochiges gefrorenes Fleisch in St\u00fccke oder Scheiben schneiden kann. Der Temperaturbereich des mit der Maschine verarbeiteten Fleisches liegt bei -18\u2103 bis -24\u2103. Die Messer der Maschine sind sehr scharf und die H\u00e4rte der Klingen ist sehr hoch, um die Maschine beim Verarbeiten gro\u00dfer St\u00fccke gefrorenen Fleisches zu sch\u00fctzen. Beim Kauf einer Maschine sollten Sie die Gr\u00f6\u00dfe des gefrorenen Fleischblocks mit dem Kunden abkl\u00e4ren. In der Regel liegt die vom Ger\u00e4t verarbeitbare Blockgr\u00f6\u00dfe bei 780 mm<em>510 mm<\/em>180 mm, kann aber auch entsprechend der vom Kunden gew\u00fcnschten Blockgr\u00f6\u00dfe angepasst werden. <\/p>   <div class=\"wp-block-image\"> <figure class=\"aligncenter size-full\"><img loading=\"lazy\" decoding=\"async\" width=\"720\" height=\"540\" src=\"https:\/\/www.meatprocessingmachine.org\/wp-content\/uploads\/2021\/10\/Meat-Shredder-Test.png\" alt=\"Fleischzerkleinerer-Test\" class=\"wp-image-32725\" title=\"\" srcset=\"https:\/\/www.meatprocessingmachine.org\/wp-content\/uploads\/2021\/10\/Meat-Shredder-Test.png 720w, https:\/\/www.meatprocessingmachine.org\/wp-content\/uploads\/2021\/10\/Meat-Shredder-Test-300x225.png 300w\" sizes=\"auto, (max-width: 720px) 100vw, 720px\" \/><figcaption class=\"wp-element-caption\">Fleischzerkleinerer-Test<\/figcaption><\/figure> <\/div>   <p>Das Funktionsprinzip der Maschine besteht darin, dass die Maschine das gefrorene Fleisch durch das hintere Zylinderst\u00fcck vorw\u00e4rts schiebt und dann durch die hochdrehende Klinge l\u00e4uft; das gesamte St\u00fcck gefrorenen Fleisches kann dadurch zerkleinert werden. Die Arbeitsleistung des Gefrorenes-Fleisch-Zerkleinerers ist sehr hoch und kann 3-5 Tonnen pro Stunde erreichen. Der Gefrorenes-Fleisch-Mixer besteht aus Edelstahl 304, was eine lange Lebensdauer gew\u00e4hrleistet und sehr robust ist.<br><\/p>    <h3 class=\"wp-block-heading\">Parameter des Gefrorenes-Fleischzerkleinerers<\/h3>    <p>Spannung: 380V<br>Leistung: 5,5 kW<br>Produktivit\u00e4t: 3-5 Tonnen\/Stunde<br>Gewicht: 600 kg<br>K\u00f6rpergr\u00f6\u00dfe: 1750\u00d7945\u00d71220 mm<\/p>    <h2 class=\"wp-block-heading\">Gefrorene Bl\u00f6cke Flaker-Hub<\/h2>   <div class=\"wp-block-image\"> <figure class=\"aligncenter\"><img loading=\"lazy\" decoding=\"async\" width=\"720\" height=\"540\" src=\"https:\/\/www.meatprocessingmachine.org\/wp-content\/uploads\/2021\/10\/hoist.jpg\" alt=\"\" class=\"wp-image-2232\" title=\"\" srcset=\"https:\/\/www.meatprocessingmachine.org\/wp-content\/uploads\/2021\/10\/hoist.jpg 720w, https:\/\/www.meatprocessingmachine.org\/wp-content\/uploads\/2021\/10\/hoist-300x225.jpg 300w\" sizes=\"auto, (max-width: 720px) 100vw, 720px\" \/><figcaption class=\"wp-element-caption\">Hub<\/figcaption><\/figure> <\/div>   <p>Der Aufzug verbindet den Gefrorenes-Fleischzerkleinerer und den Fleischwolf, realisiert besser Automatisierung, spart Arbeitskraft und erm\u00f6glicht das automatische Zuf\u00fchren des Fleischwolfs. Die H\u00f6he und der Neigungswinkel des Hubwagens k\u00f6nnen je nach Eigenschaften des Produktionsstandorts angepasst werden, um das Zuf\u00fchren zu erleichtern.<\/p>    <h2 class=\"wp-block-heading\">Eierdruckmaschine | Eierstempelmaschine<\/h2>   <div class=\"wp-block-image\"> <figure class=\"aligncenter size-full\"><img loading=\"lazy\" decoding=\"async\" width=\"720\" height=\"540\" src=\"https:\/\/www.meatprocessingmachine.org\/wp-content\/uploads\/2021\/10\/meat-grinder.png\" alt=\"Mahlmaschine\" class=\"wp-image-32723\" title=\"\" srcset=\"https:\/\/www.meatprocessingmachine.org\/wp-content\/uploads\/2021\/10\/meat-grinder.png 720w, https:\/\/www.meatprocessingmachine.org\/wp-content\/uploads\/2021\/10\/meat-grinder-300x225.png 300w\" sizes=\"auto, (max-width: 720px) 100vw, 720px\" \/><figcaption class=\"wp-element-caption\">Mahlmaschine<\/figcaption><\/figure> <\/div>   <p>Ein gefrorenes Fleisch-Mahlband ist eine Maschine, die nach dem Gefrorenen-Fleischzerkleinerer kommt. Nachdem das Fleisch durch den Fleischwolf gef\u00fchrt wurde, k\u00f6nnen Fleischscheiben oder kleine Fleischst\u00fccke zu Fleischpaste geformt werden, geeignet f\u00fcr die Herstellung von Fleischprodukten wie W\u00fcrstchen und Fleischb\u00e4llchen. Der Ausgang des Gefrorenes-Fleisch-Mahlband besteht aus einem Vorgeschnittenmesser, einer Lochplatte und einem Reamer.<\/p>    <h3 class=\"wp-block-heading\">Parameter des Gefrorenes-Fleisch-Mahlbands<\/h3>    <figure class=\"wp-block-table\"><table><tbody><tr><td><strong>Modell<\/strong><strong><\/strong><\/td><td><strong>Gr\u00f6\u00dfe (mm)<\/strong><strong><\/strong><\/td><td><strong>Stromversorgung<\/strong><strong><\/strong><\/td><td><strong>Kapazit\u00e4t<\/strong><strong><\/strong><\/td><\/tr><tr><td>&nbsp;SL-200<\/td><td>&nbsp;900*600*960<\/td><td>&nbsp;5,5 kW<\/td><td>300-500kg<\/td><\/tr><tr><td>&nbsp;&nbsp;SL-120<\/td><td>&nbsp;1050*600*1100&nbsp;&nbsp;<\/td><td>&nbsp;7,5 kW<\/td><td>500-800 kg<\/td><\/tr><tr><td>&nbsp;SL-130&nbsp;&nbsp;<\/td><td>&nbsp;1280*700*1130<\/td><td>&nbsp;8 kW<\/td><td>&nbsp;800-1300 kg\/h<\/td><\/tr><\/tbody><\/table><\/figure>    <h2 class=\"wp-block-heading\">Vorsichtsma\u00dfnahmen beim Gefrorenes-Fleischblock-Verkrossungs- und Mahlband<\/h2>    <p>(1) Vor der ersten Inbetriebnahme der neuen Maschine ist es erforderlich, die interne Propellerschaft, Schneidmesser und Entladmesser zu reinigen, um zu verhindern, dass Industrie\u00f6l zur\u00fcckbleibt.<\/p>    <p>(2) Vor dem Einschalten pr\u00fcfen, ob die Stromversorgungsspannung mit dem Typenschild des Ger\u00e4ts \u00fcbereinstimmt. Das Geh\u00e4use des Ger\u00e4ts muss fest geerdet sein. Es wird empfohlen, einen Leitungsschutzschalter f\u00fcr den Hauptschalter zu verwenden.<\/p>    <p>(3) Vor dem Mahlen des Fleisches bitte das Fleisch in kleine St\u00fccke schneiden, um die Maschine nicht zu besch\u00e4digen.<\/p>    <p>(4) Einschalten der Stromversorgung und Fleisch hinzuf\u00fcgen nach normalem Betrieb. Es ist streng verboten, die Hand in den Trichter zu legen, wenn Fleisch hinzugef\u00fcgt wird, da es zu Verletzungen f\u00fchren kann.<\/p>    <p>(5) Die Fleischst\u00fccke m\u00fcssen gleichm\u00e4\u00dfig und nicht zu reichlich hinzugef\u00fcgt werden, um den Motor nicht zu besch\u00e4digen. Falls der Motor nicht normal l\u00e4uft, sofort den Strom abschalten und nach dem Anhalten die Ursache pr\u00fcfen. <\/p>    <p>(6) Ausschalten der Stromversorgung nach der Nutzung, Kopf demontieren und mit klarem Wasser reinigen, an der Luft oder trocken trocknen. Am besten warten, bis das Wasser getrocknet ist, dann wieder zusammenbauen, um die beste Wartung zu erzielen. Verwenden Sie nach der Benutzung des Messers die vier Klingen und tragen Sie etwas Speise\u00f6l zu Wartung.<\/p>    <h2 class=\"wp-block-heading\">Vorteile des Gefrorenes-Fleischblock-Verkrossungs- und Mahlbands<\/h2>    <p>Due to meat transportation and storage requirements, general meat will be frozen into a large piece of meat, which is very hard, and ordinary meat grinders cannot directly divide and mince. Therefore, the meat crusher needs to be advanced and crushed before it can be put into the meat grinder. Avoid multiple thawing, which will cause the loss of nutrients in the meat&#8217;s taste. The machine knife is very hard and can handle frozen meat at -18\u00b0C.<\/p>   <div class=\"wp-block-image\"> <figure class=\"aligncenter\"><img loading=\"lazy\" decoding=\"async\" width=\"720\" height=\"540\" src=\"https:\/\/www.meatprocessingmachine.org\/wp-content\/uploads\/2021\/10\/frozen-meat-block-crushing-and-grinder-line-application.jpg\" alt=\"Anwendung des gefrorenen Fleischblock-Verkrossungs- und Mahlbands \" class=\"wp-image-2235\" title=\"\" srcset=\"https:\/\/www.meatprocessingmachine.org\/wp-content\/uploads\/2021\/10\/frozen-meat-block-crushing-and-grinder-line-application.jpg 720w, https:\/\/www.meatprocessingmachine.org\/wp-content\/uploads\/2021\/10\/frozen-meat-block-crushing-and-grinder-line-application-300x225.jpg 300w\" sizes=\"auto, (max-width: 720px) 100vw, 720px\" \/><figcaption class=\"wp-element-caption\">Anwendung des gefrorenen Fleischblock-Verkrossungs- und Mahlbands<\/figcaption><\/figure> <\/div>   <p class=\"translation-block\"><strong>Gefrorenes-Fleischblock-Verkrossungs- und Mahlband<\/strong> ist ein Prozess, der gro\u00dfe St\u00fccke gefrorenen Fleisches zun\u00e4chst zerdr\u00fcckt und dann zu einer Paste mahlt. Ein Fleischwolf ist eine notwendige Maschine f\u00fcr die Herstellung von Fleisch-Nahrungsmittelverarbeitung, und die Maschine kann nach der Verarbeitung weiterverarbeitet werden. Herstellung von Fleischb\u00e4llchen, Wurstpasteten und anderen Produkten.<\/p>    <h2 class=\"wp-block-heading\">Video zum Gefrorenes-Fleischblock-Verkrossungs- und Mahlband<\/h2>    <figure class=\"wp-block-embed is-type-video is-provider-youtube wp-block-embed-youtube wp-embed-aspect-16-9 wp-has-aspect-ratio\"><div class=\"wp-block-embed__wrapper\"> <iframe loading=\"lazy\" title=\"kommerzielle gefrorene Fleischblockzerkleinerungs- und Mahllinie zum Verkauf | gefrorene Fleischblockflaker\" width=\"500\" height=\"281\" src=\"https:\/\/www.youtube.com\/embed\/ZRYqmhxR3_g?start=16&#038;feature=oembed\" frameborder=\"0\" allow=\"accelerometer; autoplay; clipboard-write; encrypted-media; gyroscope; picture-in-picture; web-share\" referrerpolicy=\"strict-origin-when-cross-origin\" allowfullscreen><\/iframe> <\/div><figcaption class=\"wp-element-caption\">Video zum Gefrorenes-Fleischblock-Verkrossungs- und Mahlband<\/figcaption><\/figure>    <p><\/p>","protected":false},"excerpt":{"rendered":"<p>Frozen meat block crushing and grinder line&nbsp;is a process that can crush large pieces of frozen meat first, and then grind it into the mash. A meat grinder is a necessary machine for the production of meat food processing, and the machine can be processed after processing. Production of meatballs, sausage patties, and other products. [&hellip;]<\/p>\n","protected":false},"author":1,"featured_media":2230,"parent":0,"template":"","product-type":[597],"class_list":["post-2220","product","type-product","status-publish","has-post-thumbnail","hentry","product-type-production-line"],"_links":{"self":[{"href":"https:\/\/www.meatprocessingmachine.org\/de\/wp-json\/wp\/v2\/product\/2220","targetHints":{"allow":["GET"]}}],"collection":[{"href":"https:\/\/www.meatprocessingmachine.org\/de\/wp-json\/wp\/v2\/product"}],"about":[{"href":"https:\/\/www.meatprocessingmachine.org\/de\/wp-json\/wp\/v2\/types\/product"}],"author":[{"embeddable":true,"href":"https:\/\/www.meatprocessingmachine.org\/de\/wp-json\/wp\/v2\/users\/1"}],"wp:featuredmedia":[{"embeddable":true,"href":"https:\/\/www.meatprocessingmachine.org\/de\/wp-json\/wp\/v2\/media\/2230"}],"wp:attachment":[{"href":"https:\/\/www.meatprocessingmachine.org\/de\/wp-json\/wp\/v2\/media?parent=2220"}],"wp:term":[{"taxonomy":"product-type","embeddable":true,"href":"https:\/\/www.meatprocessingmachine.org\/de\/wp-json\/wp\/v2\/product-type?post=2220"}],"curies":[{"name":"wp","href":"https:\/\/api.w.org\/{rel}","templated":true}]}}