{"id":32290,"date":"2021-11-04T11:48:54","date_gmt":"2021-11-04T03:48:54","guid":{"rendered":"https:\/\/www.meatprocessingmachine.org\/?p=32290"},"modified":"2024-06-14T15:33:32","modified_gmt":"2024-06-14T07:33:32","slug":"frozen-block-breaker-for-meat","status":"publish","type":"product","link":"https:\/\/www.meatprocessingmachine.org\/de\/frozen-block-breaker-for-meat.html","title":{"rendered":"Gefrorener Fleischblockbrecher f\u00fcr Fleischflaker und Zerkleinerer"},"content":{"rendered":"<div class=\"kk-star-ratings kksr-auto kksr-align-right kksr-valign-top\"     data-payload='{&quot;align&quot;:&quot;right&quot;,&quot;id&quot;:&quot;32290&quot;,&quot;slug&quot;:&quot;default&quot;,&quot;valign&quot;:&quot;top&quot;,&quot;ignore&quot;:&quot;&quot;,&quot;reference&quot;:&quot;auto&quot;,&quot;class&quot;:&quot;&quot;,&quot;count&quot;:&quot;0&quot;,&quot;legendonly&quot;:&quot;&quot;,&quot;readonly&quot;:&quot;&quot;,&quot;score&quot;:&quot;0&quot;,&quot;starsonly&quot;:&quot;&quot;,&quot;best&quot;:&quot;5&quot;,&quot;gap&quot;:&quot;5&quot;,&quot;greet&quot;:&quot;Rate this product&quot;,&quot;legend&quot;:&quot;0\\\/5 - (0 votes)&quot;,&quot;size&quot;:&quot;24&quot;,&quot;title&quot;:&quot;Frozen meat block breaker for meat flaker and crusher&quot;,&quot;width&quot;:&quot;0&quot;,&quot;_legend&quot;:&quot;{score}\\\/{best} - ({count} {votes})&quot;,&quot;font_factor&quot;:&quot;1.25&quot;}'>              <div class=\"kksr-stars\">      <div class=\"kksr-stars-inactive\">             <div class=\"kksr-star\" data-star=\"1\" style=\"padding-right: 5px\">               <div class=\"kksr-icon\" style=\"width: 24px; height: 24px;\"><\/div>         <\/div>             <div class=\"kksr-star\" data-star=\"2\" style=\"padding-right: 5px\">               <div class=\"kksr-icon\" style=\"width: 24px; height: 24px;\"><\/div>         <\/div>             <div class=\"kksr-star\" data-star=\"3\" style=\"padding-right: 5px\">               <div class=\"kksr-icon\" style=\"width: 24px; height: 24px;\"><\/div>         <\/div>             <div class=\"kksr-star\" data-star=\"4\" style=\"padding-right: 5px\">               <div class=\"kksr-icon\" style=\"width: 24px; height: 24px;\"><\/div>         <\/div>             <div class=\"kksr-star\" data-star=\"5\" style=\"padding-right: 5px\">               <div class=\"kksr-icon\" style=\"width: 24px; height: 24px;\"><\/div>         <\/div>     <\/div>      <div class=\"kksr-stars-active\" style=\"width: 0px;\">             <div class=\"kksr-star\" style=\"padding-right: 5px\">               <div class=\"kksr-icon\" style=\"width: 24px; height: 24px;\"><\/div>         <\/div>             <div class=\"kksr-star\" style=\"padding-right: 5px\">               <div class=\"kksr-icon\" style=\"width: 24px; height: 24px;\"><\/div>         <\/div>             <div class=\"kksr-star\" style=\"padding-right: 5px\">               <div class=\"kksr-icon\" style=\"width: 24px; height: 24px;\"><\/div>         <\/div>             <div class=\"kksr-star\" style=\"padding-right: 5px\">               <div class=\"kksr-icon\" style=\"width: 24px; height: 24px;\"><\/div>         <\/div>             <div class=\"kksr-star\" style=\"padding-right: 5px\">               <div class=\"kksr-icon\" style=\"width: 24px; height: 24px;\"><\/div>         <\/div>     <\/div> <\/div>                   <div class=\"kksr-legend\" style=\"font-size: 19.2px;\">             <span class=\"kksr-muted\">Bewerten Sie dieses Produkt<\/span>     <\/div>     <\/div>  <p>Der gefrorene Fleischblockbrecher ist eine Maschine, die das gesamte St\u00fcck gefrorenes Fleisch in St\u00fccke teilt. Die Maschine verarbeitet gefrorenes, knochenloses Fleisch. Sie ist ein unverzichtbares Werkzeug im Prozess der Fleischverarbeitung. Sie kann f\u00fcr die Vorverarbeitung des Fleischwolfes verwendet werden. Im Prozess der Wurstverarbeitung und der Fleischb\u00e4llchenverarbeitung werden gefrorene Fleischzerkleinerer verwendet, um Rohstoffe zu verarbeiten.<\/p>    <h2 class=\"wp-block-heading\" id=\"h-why-use-frozen-meat-block-breaker\">Warum einen gefrorenen Fleischblockbrecher verwenden?<\/h2>    <p>Der gefrorene Fleischzerkleinerer kann die Frische des Fleisches gew\u00e4hrleisten, den Verlust von N\u00e4hrstoffen im wiederholten Auftauprozess vermeiden, den Auftauprozess eliminieren und die Verarbeitungszeit von Fleischprodukten verk\u00fcrzen. Dar\u00fcber hinaus erh\u00f6ht das wiederholte Einfrieren die Belastung des Gefriers w\u00e4hrend der Fleischverarbeitung. Es kann die enge Verbindung zwischen den Prozessen realisieren und eine vollst\u00e4ndige industrielle Kette verwirklichen.<\/p>    <h2 class=\"wp-block-heading\">Wirkungsbeschreibung des gefrorenen Fleischzerkleinerers<\/h2>    <p class=\"translation-block\">Der gefrorene Fleischblockbrecher kann gefrorenes Fleisch in einem Prozess von zehn Sekunden in Scheiben schneiden. Die Leistung der Maschine ist sehr hoch, was sie f\u00fcr einige Lebensmittelverarbeitungsbetriebe geeignet macht. Dar\u00fcber hinaus ist sie auch ein unverzichtbares Ger\u00e4t im Prozess der \u00d6lraffination. Die verarbeiteten Rohstoffe des gefrorenen Fleischzerkleinerers sollten gefrorenes Fleisch bei -4 \u2103 bis -18 \u2103 sein, das direkt in Hackfleisch zerbrochen wird, was die Vorverarbeitung des Fleischwolfes und des <a href=\"https:\/\/www.meatprocessingmachine.org\/de\/frozen-meat-grinder.html\/\">Fleischwolfes<\/a> darstellt.<\/p>   <div class=\"wp-block-image\"> <figure class=\"aligncenter size-full\"><img loading=\"lazy\" decoding=\"async\" width=\"720\" height=\"540\" src=\"https:\/\/www.meatprocessingmachine.org\/wp-content\/uploads\/2021\/11\/meat-flaker-machine.jpg\" alt=\" gefrorener Fleischblockbrecher\" class=\"wp-image-32297\" title=\"\" srcset=\"https:\/\/www.meatprocessingmachine.org\/wp-content\/uploads\/2021\/11\/meat-flaker-machine.jpg 720w, https:\/\/www.meatprocessingmachine.org\/wp-content\/uploads\/2021\/11\/meat-flaker-machine-300x225.jpg 300w\" sizes=\"auto, (max-width: 720px) 100vw, 720px\" \/><figcaption class=\"wp-element-caption\"> gefrorener Fleischblockbrecher<\/figcaption><\/figure> <\/div>   <h2 class=\"wp-block-heading\">Vergleich von gefrorenem Fleisch und frischem Fleisch<\/h2>    <p>Viele Menschen denken, dass frisches Fleisch nahrhafter ist als gefrorenes Fleisch. Tats\u00e4chlich ist frisches Fleisch nach Beobachtung und Forschung nicht nahrhafter und schmackhafter als gefrorenes Fleisch. Im Gegenteil, wenn frisches Fleisch nicht rechtzeitig gekocht oder eingefroren wird, vermehren sich eine gro\u00dfe Anzahl von Bakterien. Und kaltes frisches Fleisch wird rechtzeitig bei -18 \u00b0C gelagert. Nach dem Auftauen beeinflusst es den Geschmack nicht, ist aber ges\u00fcnder.<\/p>    <h2 class=\"wp-block-heading\">Aufbau und Prinzip des gefrorenen Fleischbrechers<\/h2>   <div class=\"wp-block-image\"> <figure class=\"aligncenter size-full\"><img loading=\"lazy\" decoding=\"async\" width=\"720\" height=\"540\" src=\"https:\/\/www.meatprocessingmachine.org\/wp-content\/uploads\/2021\/11\/frozen-meat-breaker.webp\" alt=\"gefrorener Fleischbrecher\" class=\"wp-image-34149\" title=\"\" srcset=\"https:\/\/www.meatprocessingmachine.org\/wp-content\/uploads\/2021\/11\/frozen-meat-breaker.webp 720w, https:\/\/www.meatprocessingmachine.org\/wp-content\/uploads\/2021\/11\/frozen-meat-breaker-300x225.webp 300w\" sizes=\"auto, (max-width: 720px) 100vw, 720px\" \/><figcaption class=\"wp-element-caption\">gefrorener Fleischbrecher<\/figcaption><\/figure> <\/div>   <p>Der gefrorene Fleischblockbrecher verwendet Dampfdruck als Antrieb. Der gefrorene Fleischblock wird durch den Zylinder nach vorne geschoben, und das Messer passiert mit gleichm\u00e4\u00dfiger Geschwindigkeit den Zerkleinerer. Das Messer rotiert mit hoher Geschwindigkeit, um das Fleisch zu zerbrechen. Der gesamte gefrorene Fleischzerkleinerer verwendet Schwei\u00dftechnik. Die Verarbeitungstechnik erzielt den Antivibrations-Effekt, die Maschinenleistung ist stabil und die Ausfallrate ist niedrig.<\/p>    <h2 class=\"wp-block-heading\">Parameter des gefrorenen Fleischblockbrechers<\/h2>    <p>Regelm\u00e4\u00dfige Fleischgr\u00f6\u00dfe: 78*510*180mm<\/p>    <p>Produktivit\u00e4t: 3-5 Tonnen\/Stunde<\/p>    <p>Material: 304 Edelstahl<\/p>   <div class=\"wp-block-image\"> <figure class=\"aligncenter size-full\"><img loading=\"lazy\" decoding=\"async\" width=\"720\" height=\"540\" src=\"https:\/\/www.meatprocessingmachine.org\/wp-content\/uploads\/2021\/11\/details-of-frozen-block-breaker.jpg\" alt=\"details of frozen meat block breaker \" class=\"wp-image-32298\" title=\"\" srcset=\"https:\/\/www.meatprocessingmachine.org\/wp-content\/uploads\/2021\/11\/details-of-frozen-block-breaker.jpg 720w, https:\/\/www.meatprocessingmachine.org\/wp-content\/uploads\/2021\/11\/details-of-frozen-block-breaker-300x225.jpg 300w\" sizes=\"auto, (max-width: 720px) 100vw, 720px\" \/><figcaption class=\"wp-element-caption\">Details des gefrorenen Fleischzerkleinerers<\/figcaption><\/figure> <\/div>   <p>Die gesamte Arbeitseffizienz des gefrorenen Fleischzerkleinerers ist sehr hoch. Die durchschnittliche Leistung pro Stunde betr\u00e4gt 4 Tonnen. Sie ist besonders geeignet f\u00fcr einige gro\u00dfe Lebensmittel- und Fleischverarbeitungsbetriebe. Die Maschine besteht aus Edelstahl, was die Reinigung erleichtert und eine lange Lebensdauer gew\u00e4hrleistet.<\/p>    <h2 class=\"wp-block-heading\">Eigenschaften des gefrorenen Fleischschneiders<\/h2>    <p>Die Maschine verarbeitet schnell, die Temperatur des Fleisches ist gering und die Frische des Fleisches ist gew\u00e4hrleistet.<\/p>    <p>Starke Zerkleinerungsf\u00e4higkeit, vollst\u00e4ndige Zerkleinerung von gefrorenem Fleisch in wenigen Sekunden, 3-5 Tonnen pro Stunde<\/p>    <p>Der gefrorene Fleischzerkleinerer hat ein geringes Ger\u00e4usch und einen stabilen Betrieb<\/p>   <div class=\"wp-block-image\"> <figure class=\"aligncenter size-full\"><img loading=\"lazy\" decoding=\"async\" width=\"720\" height=\"540\" src=\"https:\/\/www.meatprocessingmachine.org\/wp-content\/uploads\/2021\/11\/frozen-meat-slicer.jpg\" alt=\" gefrorener Fleischschneider  \" class=\"wp-image-32299\" title=\"\" srcset=\"https:\/\/www.meatprocessingmachine.org\/wp-content\/uploads\/2021\/11\/frozen-meat-slicer.jpg 720w, https:\/\/www.meatprocessingmachine.org\/wp-content\/uploads\/2021\/11\/frozen-meat-slicer-300x225.jpg 300w\" sizes=\"auto, (max-width: 720px) 100vw, 720px\" \/><figcaption class=\"wp-element-caption\"> gefrorener Fleischschneider  <\/figcaption><\/figure> <\/div>   <h2 class=\"wp-block-heading\">Vorsichtsma\u00dfnahmen f\u00fcr die Installation und Inbetriebnahme des gefrorenen Fleischzerkleinerers<\/h2>    <p>Der gefrorene Fleischblockbrecher sollte auf flachem und stabilem Boden platziert werden.<\/p>    <p>Der Fleischzerkleinerer muss mit einem Empfangsbeh\u00e4lter f\u00fcr Fleisch ausgestattet sein<\/p>    <p>Schalten Sie die Stromversorgung des Messerhalters ein, der sich auf und ab bewegt, dr\u00fccken Sie das gefrorene Fleisch langsam aus der Zuf\u00fchr\u00f6ffnung und beobachten Sie die Dicke der Fleischscheiben.<\/p>    <h2 class=\"wp-block-heading\">Video des gefrorenen Fleischblockbrechers  <\/h2>    <figure class=\"wp-block-embed is-type-video is-provider-youtube wp-block-embed-youtube wp-embed-aspect-16-9 wp-has-aspect-ratio\"><div class=\"wp-block-embed__wrapper\"> <iframe loading=\"lazy\" title=\"kommerzielle gefrorene Fleischblockzerkleinerungs- und Mahllinie zum Verkauf | gefrorene Fleischblockflaker\" width=\"500\" height=\"281\" src=\"https:\/\/www.youtube.com\/embed\/ZRYqmhxR3_g?start=8&#038;feature=oembed\" frameborder=\"0\" allow=\"accelerometer; autoplay; clipboard-write; encrypted-media; gyroscope; picture-in-picture; web-share\" referrerpolicy=\"strict-origin-when-cross-origin\" allowfullscreen><\/iframe> <\/div><\/figure>","protected":false},"excerpt":{"rendered":"<p>Der gefrorene Fleischblockbrecher ist eine Maschine, die das gesamte St\u00fcck gefrorenes Fleisch in St\u00fccke teilt. Die Maschine verarbeitet gefrorenes, knochenloses Fleisch. Sie ist ein unverzichtbares Werkzeug im Prozess der Fleischverarbeitung. Sie kann f\u00fcr die Vorverarbeitung des Fleischwolfes verwendet werden. Im Prozess der Wurstverarbeitung und der Fleischb\u00e4llchenverarbeitung werden gefrorene Fleischzerkleinerer verwendet, um Rohstoffe zu verarbeiten.<\/p>","protected":false},"author":1,"featured_media":32296,"parent":0,"template":"","product-type":[589],"class_list":["post-32290","product","type-product","status-publish","has-post-thumbnail","hentry","product-type-meat-cutting-machine"],"_links":{"self":[{"href":"https:\/\/www.meatprocessingmachine.org\/de\/wp-json\/wp\/v2\/product\/32290","targetHints":{"allow":["GET"]}}],"collection":[{"href":"https:\/\/www.meatprocessingmachine.org\/de\/wp-json\/wp\/v2\/product"}],"about":[{"href":"https:\/\/www.meatprocessingmachine.org\/de\/wp-json\/wp\/v2\/types\/product"}],"author":[{"embeddable":true,"href":"https:\/\/www.meatprocessingmachine.org\/de\/wp-json\/wp\/v2\/users\/1"}],"wp:featuredmedia":[{"embeddable":true,"href":"https:\/\/www.meatprocessingmachine.org\/de\/wp-json\/wp\/v2\/media\/32296"}],"wp:attachment":[{"href":"https:\/\/www.meatprocessingmachine.org\/de\/wp-json\/wp\/v2\/media?parent=32290"}],"wp:term":[{"taxonomy":"product-type","embeddable":true,"href":"https:\/\/www.meatprocessingmachine.org\/de\/wp-json\/wp\/v2\/product-type?post=32290"}],"curies":[{"name":"wp","href":"https:\/\/api.w.org\/{rel}","templated":true}]}}