{"id":32791,"date":"2022-02-08T17:11:53","date_gmt":"2022-02-08T09:11:53","guid":{"rendered":"https:\/\/www.meatprocessingmachine.org\/?p=32791"},"modified":"2024-06-17T10:15:44","modified_gmt":"2024-06-17T02:15:44","slug":"power-scrub-egg-washing-machine","status":"publish","type":"product","link":"https:\/\/www.meatprocessingmachine.org\/de\/power-scrub-egg-washing-machine.html","title":{"rendered":"Automatischer Eierwaschautomat | Leistungsstarke Eierreinigungsmaschine"},"content":{"rendered":"<div class=\"kk-star-ratings kksr-auto kksr-align-right kksr-valign-top\"     data-payload='{&quot;align&quot;:&quot;right&quot;,&quot;id&quot;:&quot;32791&quot;,&quot;slug&quot;:&quot;default&quot;,&quot;valign&quot;:&quot;top&quot;,&quot;ignore&quot;:&quot;&quot;,&quot;reference&quot;:&quot;auto&quot;,&quot;class&quot;:&quot;&quot;,&quot;count&quot;:&quot;0&quot;,&quot;legendonly&quot;:&quot;&quot;,&quot;readonly&quot;:&quot;&quot;,&quot;score&quot;:&quot;0&quot;,&quot;starsonly&quot;:&quot;&quot;,&quot;best&quot;:&quot;5&quot;,&quot;gap&quot;:&quot;5&quot;,&quot;greet&quot;:&quot;Rate this product&quot;,&quot;legend&quot;:&quot;0\\\/5 - (0 votes)&quot;,&quot;size&quot;:&quot;24&quot;,&quot;title&quot;:&quot;Automatic egg washing machine | power scrub egg cleaning machine&quot;,&quot;width&quot;:&quot;0&quot;,&quot;_legend&quot;:&quot;{score}\\\/{best} - ({count} {votes})&quot;,&quot;font_factor&quot;:&quot;1.25&quot;}'>              <div class=\"kksr-stars\">      <div class=\"kksr-stars-inactive\">             <div class=\"kksr-star\" data-star=\"1\" style=\"padding-right: 5px\">               <div class=\"kksr-icon\" style=\"width: 24px; height: 24px;\"><\/div>         <\/div>             <div class=\"kksr-star\" data-star=\"2\" style=\"padding-right: 5px\">               <div class=\"kksr-icon\" style=\"width: 24px; height: 24px;\"><\/div>         <\/div>             <div class=\"kksr-star\" data-star=\"3\" style=\"padding-right: 5px\">               <div class=\"kksr-icon\" style=\"width: 24px; height: 24px;\"><\/div>         <\/div>             <div class=\"kksr-star\" data-star=\"4\" style=\"padding-right: 5px\">               <div class=\"kksr-icon\" style=\"width: 24px; height: 24px;\"><\/div>         <\/div>             <div class=\"kksr-star\" data-star=\"5\" style=\"padding-right: 5px\">               <div class=\"kksr-icon\" style=\"width: 24px; height: 24px;\"><\/div>         <\/div>     <\/div>      <div class=\"kksr-stars-active\" style=\"width: 0px;\">             <div class=\"kksr-star\" style=\"padding-right: 5px\">               <div class=\"kksr-icon\" style=\"width: 24px; height: 24px;\"><\/div>         <\/div>             <div class=\"kksr-star\" style=\"padding-right: 5px\">               <div class=\"kksr-icon\" style=\"width: 24px; height: 24px;\"><\/div>         <\/div>             <div class=\"kksr-star\" style=\"padding-right: 5px\">               <div class=\"kksr-icon\" style=\"width: 24px; height: 24px;\"><\/div>         <\/div>             <div class=\"kksr-star\" style=\"padding-right: 5px\">               <div class=\"kksr-icon\" style=\"width: 24px; height: 24px;\"><\/div>         <\/div>             <div class=\"kksr-star\" style=\"padding-right: 5px\">               <div class=\"kksr-icon\" style=\"width: 24px; height: 24px;\"><\/div>         <\/div>     <\/div> <\/div>                   <div class=\"kksr-legend\" style=\"font-size: 19.2px;\">             <span class=\"kksr-muted\">Bewerten Sie dieses Produkt<\/span>     <\/div>     <\/div>  <p>F\u00f6rderer der Eierwaschmaschine <\/p>    <p class=\"translation-block\">Die Eierreinigungsmaschine besteht haupts\u00e4chlich aus zwei Teilen: Eierwaschen und Eiertrocknen sowie leichter Inspektion. Wir k\u00f6nnen auch <a href=\"https:\/\/www.meatprocessingmachine.org\/de\/egg-processing-line-for-washing-and-grading.html\/\">Eierklassifizierungs-Wiegeger\u00e4te<\/a> und Kodiermaschinen anbieten. Eierreinigungsger\u00e4te eignen sich f\u00fcr Bauernh\u00f6fe, Eiergro\u00dfm\u00e4rkte und Superm\u00e4rkte.<\/p>    <figure class=\"wp-block-image size-full\"><img loading=\"lazy\" decoding=\"async\" width=\"720\" height=\"540\" src=\"https:\/\/www.meatprocessingmachine.org\/wp-content\/uploads\/2022\/02\/egg-cleaning.png\" alt=\"Eierwaschmaschine\" class=\"wp-image-32797\" title=\"\" srcset=\"https:\/\/www.meatprocessingmachine.org\/wp-content\/uploads\/2022\/02\/egg-cleaning.png 720w, https:\/\/www.meatprocessingmachine.org\/wp-content\/uploads\/2022\/02\/egg-cleaning-300x225.png 300w\" sizes=\"auto, (max-width: 720px) 100vw, 720px\" \/><figcaption class=\"wp-element-caption\">Video der Eierwaschmaschine<\/figcaption><\/figure>    <h2 class=\"wp-block-heading\">Vorteile der Eierwascheinrichtung<\/h2>    <figure class=\"wp-block-embed is-type-video is-provider-youtube wp-block-embed-youtube wp-embed-aspect-16-9 wp-has-aspect-ratio\"><div class=\"wp-block-embed__wrapper\"> <iframe loading=\"lazy\" title=\"Power-Scrub-Eierwaschmaschine | Eierreinigungsproduktionslinie | Wie reinigen wir 5500 Eier pro Stunde?\" width=\"500\" height=\"281\" src=\"https:\/\/www.youtube.com\/embed\/v77eyAo-Vbk?feature=oembed\" frameborder=\"0\" allow=\"accelerometer; autoplay; clipboard-write; encrypted-media; gyroscope; picture-in-picture; web-share\" referrerpolicy=\"strict-origin-when-cross-origin\" allowfullscreen><\/iframe> <\/div><figcaption class=\"wp-element-caption\">Mit automatischer Reinigung, eine Person legt Eier, und hohe Produktionseffizienz.<\/figcaption><\/figure>    <h2 class=\"wp-block-heading\">Verschiedene Modelle von Eierwaschmaschinen<\/h2>    <ul class=\"wp-block-list\"> <li>Solide Struktur, stabile Leistung, kein Eierschieben, kein Eiertropfen, lange Lebensdauer.<\/li>    <li>Mit einer Edelstahl-Drahtb\u00fcrste kann die Eierwaschmaschine automatisch angetrieben und gereinigt werden.<\/li>    <li>Spr\u00fch- und Reinigungsprozess im Geh\u00e4use, sauber und frei von Sch\u00e4den.<\/li>    <li>Die Einzelreihen-Eierwaschmaschine ist eine Maschine mit geringem Output, mit durchschnittlich 6.000 St\u00fcck pro Stunde. Die Eierwaschmaschine kann die automatische Eierlegfunktion ausf\u00fchren und somit Arbeitskraft einsparen. Das Gummirad zum Eierlegen ist aus POM-Material gefertigt. Das Produkt dieses Materials ist hygienisch, sicher und von hoher Qualit\u00e4t, sowie sehr verschlei\u00dffest.<\/li> <\/ul>    <h2 class=\"wp-block-heading\">Modell 1: Einzelreihen-Eierwaschmaschine<\/h2>    <h3 class=\"wp-block-heading\">Parameter der Einzelreihen-Eierwaschmaschine<\/h3>    <p>Besuch der Fabrik f\u00fcr Einzelreihen-Eierwaschmaschinen<\/p>    <figure class=\"wp-block-image size-full\"><img loading=\"lazy\" decoding=\"async\" width=\"720\" height=\"540\" src=\"https:\/\/www.meatprocessingmachine.org\/wp-content\/uploads\/2022\/02\/Single-row-egg-washing-machine-visit-factory.png\" alt=\"Doppelreihige Eierreinigungsmaschine\" class=\"wp-image-32913\" title=\"\" srcset=\"https:\/\/www.meatprocessingmachine.org\/wp-content\/uploads\/2022\/02\/Single-row-egg-washing-machine-visit-factory.png 720w, https:\/\/www.meatprocessingmachine.org\/wp-content\/uploads\/2022\/02\/Single-row-egg-washing-machine-visit-factory-300x225.png 300w\" sizes=\"auto, (max-width: 720px) 100vw, 720px\" \/><figcaption class=\"wp-element-caption\">Aussehen: 6000*1200*1500 mm<\/figcaption><\/figure>    <h4 class=\"wp-block-heading\"><strong>Modell 2: 2-Reihen-Eierreinigungsmaschine<\/strong><\/h4>    <ul class=\"wp-block-list\"> <li>Effizienz: 5000-7000 St\u00fcck\/Stunde<\/li>    <li>Gesamtleistung: 6,6 kW<\/li>    <li>Spannung: 380V<\/li>    <li>Im Vergleich zur Einzelreihen-Eierwaschmaschine verdoppelt sich die Leistung der Doppelreihen-Eierwaschmaschine, aber das Prinzip und die Struktur der Eierwaschmaschine sind gleich, sodass das Modell entsprechend der t\u00e4glich zu verarbeitenden Menge ausgew\u00e4hlt werden kann.<\/li> <\/ul>    <h3 class=\"wp-block-heading\">Parameter der Doppelreihen-Eierwaschmaschine<\/h3>    <p>Doppelreihige Eierwaschmaschinen-Fabriktestmaschine<\/p>    <figure class=\"wp-block-image size-full\"><img loading=\"lazy\" decoding=\"async\" width=\"720\" height=\"540\" src=\"https:\/\/www.meatprocessingmachine.org\/wp-content\/uploads\/2022\/02\/Double-row-egg-washing-machine-factory-test-machine.png\" alt=\"Verschmutzte Eier\" class=\"wp-image-32912\" title=\"\" srcset=\"https:\/\/www.meatprocessingmachine.org\/wp-content\/uploads\/2022\/02\/Double-row-egg-washing-machine-factory-test-machine.png 720w, https:\/\/www.meatprocessingmachine.org\/wp-content\/uploads\/2022\/02\/Double-row-egg-washing-machine-factory-test-machine-300x225.png 300w\" sizes=\"auto, (max-width: 720px) 100vw, 720px\" \/><figcaption class=\"wp-element-caption\">Aussehen: 6800*1600*1500 mm<\/figcaption><\/figure>    <h4 class=\"wp-block-heading\"><strong>Warum eine Eierwaschmaschine verwenden?<\/strong><\/h4>    <ul class=\"wp-block-list\"> <li>Effizienz: 10000-14000 St\u00fcck\/Stunde<\/li>    <li>Gesamtleistung: 12,5 kW<\/li>    <li>Spannung: 380V<\/li>    <li>Aufgrund der gro\u00dfen Anzahl an Spalt\u00f6ffnungen auf der Oberfl\u00e4che der Eier dringen diese Mikroorganismen und Krankheitserreger durch die Spalt\u00f6ffnungen in das Innere des Eies ein und vermehren sich in gro\u00dfer Zahl. Die Qualit\u00e4t der Eier ist nicht nur stark beeintr\u00e4chtigt, sondern stellt auch eine Gesundheitsgefahr f\u00fcr den Verbraucher dar.<\/li> <\/ul>    <h2 class=\"wp-block-heading\" id=\"h-why-use-an-egg-washing-machine\">Die Gefahren des Direktverkaufs verschmutzter Eier<\/h2>    <p class=\"translation-block\">Because eggs are produced through the animal&#8217;s cloaca, many gut microbes are attached to the surface of the egg, and in a typical environment, they can be infected with a large number of disease-causing bacteria. The experiments showed that 10% of the eggs used in the experiment had <a href=\"https:\/\/en.wikipedia.org\/wiki\/Salmonella\" target=\"_blank\" rel=\"noopener\">Salmonella<\/a> on the surface, while 64% had Escherichia coli on the surface. <\/p>    <p>Verschmutzte Eier<\/p>    <h2 class=\"wp-block-heading\">Wie benutzt man die Eierreinigungsmaschine?<\/h2>    <figure class=\"wp-block-image size-full\"><img loading=\"lazy\" decoding=\"async\" width=\"720\" height=\"540\" src=\"https:\/\/www.meatprocessingmachine.org\/wp-content\/uploads\/2022\/02\/dirty-eggs.png\" alt=\"dirty eggs\" class=\"wp-image-32794\" title=\"\" srcset=\"https:\/\/www.meatprocessingmachine.org\/wp-content\/uploads\/2022\/02\/dirty-eggs.png 720w, https:\/\/www.meatprocessingmachine.org\/wp-content\/uploads\/2022\/02\/dirty-eggs-300x225.png 300w\" sizes=\"auto, (max-width: 720px) 100vw, 720px\" \/><figcaption class=\"wp-element-caption\">Verkauf beeintr\u00e4chtigen. Viele Eier werden nicht gereinigt und direkt verkauft, die Oberfl\u00e4che ist schmutzig, und viele Verbraucher sind z\u00f6gerlich, solche Eier zu kaufen.<\/figcaption><\/figure>    <ul class=\"wp-block-list\"> <li>Kurze Lagerzeit. Verschmutzte Eier sind nicht sauber, und es gibt eine gro\u00dfe Anzahl von Mikroorganismen auf der Oberfl\u00e4che. W\u00e4hrend der Lagerung werden die Eier im Inneren kontinuierlich carryt, was zu einer stetigen Zunahme der schlechten Eier f\u00fchrt. Eier werden gewaschen, um ihre Haltbarkeit zu verl\u00e4ngern.<\/li>    <li>Verschmutzte Eier sind leicht, Krankheiten zu verbreiten. Eier werden direkt aus den Fortpflanzungsorganen der H\u00fchner entnommen. Die Oberfl\u00e4che der Eier ist in der Regel anf\u00e4llig f\u00fcr F\u00e4kalien, Blutspuren usw., was die Umwelt leicht kontaminieren und Krankheiten verbreiten kann.<\/li>    <li>Verwendung der Eierwaschmaschine<\/li> <\/ul>    <h2 class=\"wp-block-heading\">Komponenten der Eierreinigungsmaschine<\/h2>    <figure class=\"wp-block-image size-full\"><img loading=\"lazy\" decoding=\"async\" width=\"720\" height=\"540\" src=\"https:\/\/www.meatprocessingmachine.org\/wp-content\/uploads\/2022\/02\/egg-washing-machine-2.png\" alt=\"use egg washing machine\" class=\"wp-image-32795\" title=\"\" srcset=\"https:\/\/www.meatprocessingmachine.org\/wp-content\/uploads\/2022\/02\/egg-washing-machine-2.png 720w, https:\/\/www.meatprocessingmachine.org\/wp-content\/uploads\/2022\/02\/egg-washing-machine-2-300x225.png 300w\" sizes=\"auto, (max-width: 720px) 100vw, 720px\" \/><figcaption class=\"wp-element-caption\">Die Eierwaschmaschine ist eine vollautomatische Maschine. Am Eingang der Eier befindet sich ein gro\u00dfer Wassertank, in den die Eier direkt gegossen werden k\u00f6nnen. Durch die Auftriebskraft des Wassers kann die Kollision der Eier vermieden werden. Die Eier fallen auf das F\u00f6rderband und werden durch das F\u00f6rderband transportiert. Der B\u00fcrstenreinigungsabschnitt der Reinigungsausr\u00fcstung, nach der Reinigung, Lufttrocknung, und dann optische Inspektion, die manuelle \u00dcberpr\u00fcfung erfordert.<\/figcaption><\/figure>    <p>Eierreinigungsmaschine<\/p>    <h2 class=\"wp-block-heading\">K\u00f6nnen Weicheier eine Eierwaschmaschine verwenden? <\/h2>    <figure class=\"wp-block-image size-full\"><img loading=\"lazy\" decoding=\"async\" width=\"720\" height=\"540\" src=\"https:\/\/www.meatprocessingmachine.org\/wp-content\/uploads\/2022\/02\/egg-cleaning-machine-.png\" alt=\"Eierwaschmaschinenb\u00fcrste \" class=\"wp-image-32796\" title=\"\" srcset=\"https:\/\/www.meatprocessingmachine.org\/wp-content\/uploads\/2022\/02\/egg-cleaning-machine-.png 720w, https:\/\/www.meatprocessingmachine.org\/wp-content\/uploads\/2022\/02\/egg-cleaning-machine--300x225.png 300w\" sizes=\"auto, (max-width: 720px) 100vw, 720px\" \/><figcaption class=\"wp-element-caption\">Die automatische Eierwaschmaschine besteht aus einem Wassertank, einem Eierroller, einer Reinigungsb\u00fcrste und einem F\u00f6rderband. Das Material des Wassertanks ist 304 Edelstahl, was leicht zu reinigen, korrosionsbest\u00e4ndig und pflegeleicht ist. Die B\u00fcrste der Maschine ist aus einem speziell entwickelten verschlei\u00dffesten Material mit gebogenem Draht. Durch zahlreiche Experimente haben wir ein Material gefunden, das eine gewisse H\u00e4rte aufweist, ohne die Oberfl\u00e4che des Eies zu besch\u00e4digen. Diese B\u00fcrste hat eine gute Reinigungsf\u00e4higkeit. Das F\u00f6rderband besteht aus lebensmittelechtem PVC. Die Eierwaschmaschine ist insgesamt sicher und zuverl\u00e4ssig. <\/figcaption><\/figure>    <p>Eierwaschmaschinenb\u00fcrste<\/p>    <h2 class=\"wp-block-heading\">Video der Eierwaschmaschine<\/h2>    <figure class=\"wp-block-image size-full\"><img loading=\"lazy\" decoding=\"async\" width=\"720\" height=\"540\" src=\"https:\/\/www.meatprocessingmachine.org\/wp-content\/uploads\/2022\/02\/egg-washing-machine-brush.png\" alt=\"Eierwaschmaschine\" class=\"wp-image-32798\" title=\"\" srcset=\"https:\/\/www.meatprocessingmachine.org\/wp-content\/uploads\/2022\/02\/egg-washing-machine-brush.png 720w, https:\/\/www.meatprocessingmachine.org\/wp-content\/uploads\/2022\/02\/egg-washing-machine-brush-300x225.png 300w\" sizes=\"auto, (max-width: 720px) 100vw, 720px\" \/><figcaption class=\"wp-element-caption\">Es gibt viele Faktoren f\u00fcr die Bildung von Weicheier-G\u00e4nseeiern. Wenn die weibliche Ente erschreckt wird, Mangel an Kalzium, D3 und anderen Elementen im Futter k\u00f6nnen ebenfalls gro\u00dfe Bereiche von Weicheiern verursachen. Kann dieses Weichei mit einer Eierwaschmaschine gewaschen werden? Im Allgemeinen sind Weicheier weich, aber das Kalzium darin ist vorhanden, und es gibt noch eine gewisse Festigkeit. Beim Einsatz der G\u00e4nseeierwaschmaschine ist jedoch die Leistung zu reduzieren, um das Zerbrechen der Eier zu verhindern.<\/figcaption><\/figure>    <p>Weichei-G\u00e4nseeier werden am besten von Hand gereinigt, wenn die Schale sehr d\u00fcnn ist. Da die G\u00e4nseeier-Reinigungsmaschine die H\u00e4rte des G\u00e4nseeies selbst nutzt, um mit B\u00fcrstenrollen zu reinigen, besteht die Gefahr, dass die Schale bei zu weichen Eiern durch die harten Borsten auf der B\u00fcrstenrolle durchstochen wird.<\/p>    <p>Weicheier<\/p>    <figure class=\"wp-block-image size-full\"><img loading=\"lazy\" decoding=\"async\" width=\"720\" height=\"540\" src=\"https:\/\/www.meatprocessingmachine.org\/wp-content\/uploads\/2022\/02\/soft-skin-eggs.png\" alt=\"soft-skin eggs\" class=\"wp-image-32801\" title=\"\" srcset=\"https:\/\/www.meatprocessingmachine.org\/wp-content\/uploads\/2022\/02\/soft-skin-eggs.png 720w, https:\/\/www.meatprocessingmachine.org\/wp-content\/uploads\/2022\/02\/soft-skin-eggs-300x225.png 300w\" sizes=\"auto, (max-width: 720px) 100vw, 720px\" \/><figcaption class=\"wp-element-caption\">Automatische Eierwaschmaschine | Power-Scrub-Eierreinigungsmaschine 1<\/figcaption><\/figure>","protected":false},"excerpt":{"rendered":"<p>Egg washing machine is a machine used to remove dirt and mud on the surface of eggs. Machine cleaning can achieve the standard of cleaning eggs. Egg washing machines can not only clean remember that, but also clean duck eggs, goose eggs, and other poultry eggs. The machine is mainly divided into two parts, egg washing and egg drying, and light inspection. We can also provide egg grading weighing equipment and coding machines. Egg cleaning equipment is suitable for farms, egg wholesale markets, and large supermarkets.<\/p>","protected":false},"author":1,"featured_media":32793,"parent":0,"template":"","product-type":[583],"class_list":["post-32791","product","type-product","status-publish","has-post-thumbnail","hentry","product-type-chicken-turkey"],"_links":{"self":[{"href":"https:\/\/www.meatprocessingmachine.org\/de\/wp-json\/wp\/v2\/product\/32791","targetHints":{"allow":["GET"]}}],"collection":[{"href":"https:\/\/www.meatprocessingmachine.org\/de\/wp-json\/wp\/v2\/product"}],"about":[{"href":"https:\/\/www.meatprocessingmachine.org\/de\/wp-json\/wp\/v2\/types\/product"}],"author":[{"embeddable":true,"href":"https:\/\/www.meatprocessingmachine.org\/de\/wp-json\/wp\/v2\/users\/1"}],"wp:featuredmedia":[{"embeddable":true,"href":"https:\/\/www.meatprocessingmachine.org\/de\/wp-json\/wp\/v2\/media\/32793"}],"wp:attachment":[{"href":"https:\/\/www.meatprocessingmachine.org\/de\/wp-json\/wp\/v2\/media?parent=32791"}],"wp:term":[{"taxonomy":"product-type","embeddable":true,"href":"https:\/\/www.meatprocessingmachine.org\/de\/wp-json\/wp\/v2\/product-type?post=32791"}],"curies":[{"name":"wp","href":"https:\/\/api.w.org\/{rel}","templated":true}]}}