{"id":33820,"date":"2022-07-05T09:26:10","date_gmt":"2022-07-05T01:26:10","guid":{"rendered":"https:\/\/www.meatprocessingmachine.org\/?p=33820"},"modified":"2026-02-12T16:48:50","modified_gmt":"2026-02-12T08:48:50","slug":"burger-meat-patty-making-machine-meatloaf-forming-machine","status":"publish","type":"product","link":"https:\/\/www.meatprocessingmachine.org\/de\/burger-meat-patty-making-machine-meatloaf-forming-machine.html","title":{"rendered":"Burger-Fleischpatty-Maschine | Fleischlaib-Formmaschine"},"content":{"rendered":"<div class=\"kk-star-ratings kksr-auto kksr-align-right kksr-valign-top\"     data-payload='{&quot;align&quot;:&quot;right&quot;,&quot;id&quot;:&quot;33820&quot;,&quot;slug&quot;:&quot;default&quot;,&quot;valign&quot;:&quot;top&quot;,&quot;ignore&quot;:&quot;&quot;,&quot;reference&quot;:&quot;auto&quot;,&quot;class&quot;:&quot;&quot;,&quot;count&quot;:&quot;0&quot;,&quot;legendonly&quot;:&quot;&quot;,&quot;readonly&quot;:&quot;&quot;,&quot;score&quot;:&quot;0&quot;,&quot;starsonly&quot;:&quot;&quot;,&quot;best&quot;:&quot;5&quot;,&quot;gap&quot;:&quot;5&quot;,&quot;greet&quot;:&quot;Rate this product&quot;,&quot;legend&quot;:&quot;0\\\/5 - (0 votes)&quot;,&quot;size&quot;:&quot;24&quot;,&quot;title&quot;:&quot;Burger meat patty-making machine | meatloaf forming machine&quot;,&quot;width&quot;:&quot;0&quot;,&quot;_legend&quot;:&quot;{score}\\\/{best} - ({count} {votes})&quot;,&quot;font_factor&quot;:&quot;1.25&quot;}'>              <div class=\"kksr-stars\">      <div class=\"kksr-stars-inactive\">             <div class=\"kksr-star\" data-star=\"1\" style=\"padding-right: 5px\">               <div class=\"kksr-icon\" style=\"width: 24px; height: 24px;\"><\/div>         <\/div>             <div class=\"kksr-star\" data-star=\"2\" style=\"padding-right: 5px\">               <div class=\"kksr-icon\" style=\"width: 24px; height: 24px;\"><\/div>         <\/div>             <div class=\"kksr-star\" data-star=\"3\" style=\"padding-right: 5px\">               <div class=\"kksr-icon\" style=\"width: 24px; height: 24px;\"><\/div>         <\/div>             <div class=\"kksr-star\" data-star=\"4\" style=\"padding-right: 5px\">               <div class=\"kksr-icon\" style=\"width: 24px; height: 24px;\"><\/div>         <\/div>             <div class=\"kksr-star\" data-star=\"5\" style=\"padding-right: 5px\">               <div class=\"kksr-icon\" style=\"width: 24px; height: 24px;\"><\/div>         <\/div>     <\/div>      <div class=\"kksr-stars-active\" style=\"width: 0px;\">             <div class=\"kksr-star\" style=\"padding-right: 5px\">               <div class=\"kksr-icon\" style=\"width: 24px; height: 24px;\"><\/div>         <\/div>             <div class=\"kksr-star\" style=\"padding-right: 5px\">               <div class=\"kksr-icon\" style=\"width: 24px; height: 24px;\"><\/div>         <\/div>             <div class=\"kksr-star\" style=\"padding-right: 5px\">               <div class=\"kksr-icon\" style=\"width: 24px; height: 24px;\"><\/div>         <\/div>             <div class=\"kksr-star\" style=\"padding-right: 5px\">               <div class=\"kksr-icon\" style=\"width: 24px; height: 24px;\"><\/div>         <\/div>             <div class=\"kksr-star\" style=\"padding-right: 5px\">               <div class=\"kksr-icon\" style=\"width: 24px; height: 24px;\"><\/div>         <\/div>     <\/div> <\/div>                   <div class=\"kksr-legend\" style=\"font-size: 19.2px;\">             <span class=\"kksr-muted\">Bewerten Sie dieses Produkt<\/span>     <\/div>     <\/div>  <p>Die automatische Burgerfleisch-Patties-Maschine formt Hamburger-Patties schnell, und ihre Form kann individuell angepasst werden. Zum Beispiel k\u00f6nnen Stern-, H\u00e4hnchenschenkel- oder andere spezielle Formen verarbeitet werden. Dies ist durch den Austausch der Form m\u00f6glich. Die Fleischklops-Formmaschine kann Rindfleisch-, H\u00e4hnchen-, Fisch-, Garnelen-, Kartoffel- und K\u00fcrbispatties sowie andere Zutaten verarbeiten, geeignet f\u00fcr Fleischverarbeitung, Restaurants, Kantinen, Burgerl\u00e4den und andere Orte. <\/p>    <figure class=\"wp-block-gallery has-nested-images columns-default is-cropped wp-block-gallery-2 is-layout-flex wp-block-gallery-is-layout-flex\"> <figure class=\"wp-block-image size-large\"><img loading=\"lazy\" decoding=\"async\" width=\"720\" height=\"540\" data-id=\"33833\" src=\"https:\/\/www.meatprocessingmachine.org\/wp-content\/uploads\/2022\/07\/SPB51005-raw-stacked-burgers-1.png\" alt=\"\" class=\"wp-image-33833\" title=\"\"><figcaption><\/figcaption><\/figure>    <figure class=\"wp-block-image size-large\"><img loading=\"lazy\" decoding=\"async\" width=\"720\" height=\"540\" data-id=\"33834\" src=\"https:\/\/www.meatprocessingmachine.org\/wp-content\/uploads\/2022\/07\/\u56fe\u72478.png\" alt=\"\" class=\"wp-image-33834\" title=\"\"><figcaption><\/figcaption><\/figure>    <figure class=\"wp-block-image size-large\"><img loading=\"lazy\" decoding=\"async\" width=\"720\" height=\"540\" data-id=\"33835\" src=\"https:\/\/www.meatprocessingmachine.org\/wp-content\/uploads\/2022\/07\/OIP.png\" alt=\"\" class=\"wp-image-33835\" title=\"\"><figcaption><\/figcaption><\/figure>    <figure class=\"wp-block-image size-large\"><img loading=\"lazy\" decoding=\"async\" width=\"720\" height=\"540\" data-id=\"33836\" src=\"https:\/\/www.meatprocessingmachine.org\/wp-content\/uploads\/2022\/07\/O1CN01l84kae1SohFGTSCiS_845992294.jpg_400x400-\u526f\u672c.png\" alt=\"\" class=\"wp-image-33836\" title=\"\"><figcaption><\/figcaption><\/figure>    <figure class=\"wp-block-image size-large\"><img loading=\"lazy\" decoding=\"async\" width=\"720\" height=\"540\" data-id=\"33837\" src=\"https:\/\/www.meatprocessingmachine.org\/wp-content\/uploads\/2022\/07\/\u56fe\u72471.png\" alt=\"\" class=\"wp-image-33837\" title=\"\"><figcaption><\/figcaption><\/figure>    <figure class=\"wp-block-image size-large\"><img loading=\"lazy\" decoding=\"async\" width=\"720\" height=\"540\" data-id=\"33838\" src=\"https:\/\/www.meatprocessingmachine.org\/wp-content\/uploads\/2022\/07\/u2057661609210569391fm199app68fPNG.png\" alt=\"\" class=\"wp-image-33838\" title=\"\"><figcaption><\/figcaption><\/figure> <\/figure>    <h2 class=\"wp-block-heading\" id=\"h-ingredients-for-burger-meat-patty-making-machine\">Zutaten f\u00fcr Burgerfleisch-Patties-Maschine<\/h2>   <div class=\"wp-block-image\"> <figure class=\"aligncenter size-full is-resized\"><img decoding=\"async\" src=\"https:\/\/www.meatprocessingmachine.org\/wp-content\/uploads\/2022\/07\/058fc544f0069cfd5496d497c978d99.jpg\" alt=\"Rinderhackfleisch-Patties-Pressmaschine\" class=\"wp-image-33824\" width=\"720\" title=\"\"><figcaption class=\"wp-element-caption\">Burger Meat Patty-Making Machine<\/figcaption><\/figure> <\/div>   <p>Die Rohstoffe, die f\u00fcr die Formmaschine geeignet sind: verschiedene Fleischsorten, einschlie\u00dflich Huhn, Rind, Lamm und Schwein; Meeresfr\u00fcchte, Fisch, Garnelen, Tintenfisch und Lachs; es kann auch Gem\u00fcsebratlinge verarbeiten, wie Kartoffeln, S\u00fc\u00dfkartoffeln, K\u00fcrbisse, Karotten, gr\u00fcne Bohnen, rote Bohnen, Saubohnen, Sojabohnen. F\u00fcr eine ausgewogene Ern\u00e4hrung kann es auch mit Fleisch, Fisch und Gem\u00fcse gemischt werden. Die verarbeiteten Patties k\u00f6nnen in Hamburgern verwendet werden.<\/p>    <h2 class=\"wp-block-heading\">Wie benutzt man eine Burgerfleisch-Patties-Maschine?<\/h2>   <div class=\"wp-block-image\"> <figure class=\"aligncenter size-full\"><img loading=\"lazy\" decoding=\"async\" width=\"720\" height=\"540\" src=\"https:\/\/www.meatprocessingmachine.org\/wp-content\/uploads\/2022\/07\/u19631668031616309069fm199app68fPNG.png\" alt=\"Rinderhackfleisch-Patties-Pressmaschine\" class=\"wp-image-33825\" title=\"\"><figcaption class=\"wp-element-caption\">Rinderhackfleisch-Patties-Pressmaschine<\/figcaption><\/figure> <\/div>   <p>Bevor die Burgerfleisch-Patties-Maschine in Betrieb genommen wird, installieren Sie zuerst die erforderliche Fleischpatty-Form, \u00f6ffnen Sie den Deckel des Materialfasses, installieren Sie die Fleischpress-Paddel im Materialfass und f\u00fcgen Sie die vorbereitete Fleischf\u00fcllung in das Materialfass ein. Schlie\u00dflich starten Sie die Formmaschine. Nach dem Start dreht sich die Fleischpressklinge im Materialfass mit und presst kontinuierlich das Fleischmaterial in die Form. Die Form wird dann auf dem F\u00f6rderband durch den Stahlwire abgeschnitten, um einen Arbeitszyklus des Formens und Aussto\u00dfens des Fleischpattys zu bilden.<\/p>    <h2 class=\"wp-block-heading\">Ausr\u00fcstung zur Herstellung von Hamburger-Pattys<\/h2>   <div class=\"wp-block-image\"> <figure class=\"aligncenter size-full\"><img loading=\"lazy\" decoding=\"async\" width=\"720\" height=\"540\" src=\"https:\/\/www.meatprocessingmachine.org\/wp-content\/uploads\/2022\/07\/u15355109621088436437fm199app68fJPEG.png\" alt=\"Burgerfleisch-Patties-Maschine\" class=\"wp-image-33826\" title=\"\"><figcaption class=\"wp-element-caption\">Burgerfleisch-Patties-Maschine <\/figcaption><\/figure> <\/div>   <p class=\"translation-block\">Die automatische Hamburger-Patty-Formmaschine verarbeitet das gehackte Fleisch in die vorgesehene Form und Gewicht, die in Dreiecks-, Rechtecks-, Kreis-, Herz- und Sonderformen verarbeitet werden k\u00f6nnen, und f\u00fchrt automatisch die F\u00fcllung, das Formen und das Aussto\u00dfen des Fleisches durch. Ein  Fleischwolf  kann vor der Formmaschine platziert werden, um das Fleisch zu zerkleinern, dann kann es in den  Fleischmischer  gegeben werden, zusammen mit Gew\u00fcrzen und anderem Gem\u00fcse, und die Maschine kann automatisch mischen. Es kann gebraten oder schnell gefroren werden, und nach der Verarbeitung kann es auch vakuumverpackt werden, was die Haltbarkeit verl\u00e4ngert. Durch den Einsatz von Maschinen anstelle von Arbeit kann der Produktionsprozess beschleunigt werden.<\/p>    <h2 class=\"wp-block-heading\">Warum die Rindfleisch-Patty-Pressmaschine verschiedene Formen von Patties produzieren kann<\/h2>    <figure class=\"wp-block-gallery has-nested-images columns-2 is-cropped wp-block-gallery-3 is-layout-flex wp-block-gallery-is-layout-flex\"> <figure class=\"wp-block-image size-large\"><img loading=\"lazy\" decoding=\"async\" width=\"720\" height=\"540\" data-id=\"33827\" src=\"https:\/\/www.meatprocessingmachine.org\/wp-content\/uploads\/2022\/07\/422919056768911247.png\" alt=\"meatloaf forming machine mold\" class=\"wp-image-33827\" title=\"\"><figcaption class=\"wp-element-caption\">Fleischklops-Formmaschine<\/figcaption><\/figure>    <figure class=\"wp-block-image size-large\"><img loading=\"lazy\" decoding=\"async\" width=\"720\" height=\"540\" data-id=\"33828\" src=\"https:\/\/www.meatprocessingmachine.org\/wp-content\/uploads\/2022\/07\/542820201130200308.png\" alt=\"meatloaf forming machine mold\" class=\"wp-image-33828\" title=\"\"><figcaption class=\"wp-element-caption\">Fleischklops-Formmaschine<\/figcaption><\/figure>    <figure class=\"wp-block-image size-large\"><img loading=\"lazy\" decoding=\"async\" width=\"720\" height=\"540\" data-id=\"33829\" src=\"https:\/\/www.meatprocessingmachine.org\/wp-content\/uploads\/2022\/07\/\u5fae\u4fe1\u622a\u56fe_20220704102149.png\" alt=\"heart shape meat patty\" class=\"wp-image-33829\" title=\"\"><figcaption class=\"wp-element-caption\">Herzf\u00f6rmiger Fleischpatty<\/figcaption><\/figure>    <figure class=\"wp-block-image size-large\"><img loading=\"lazy\" decoding=\"async\" width=\"720\" height=\"540\" data-id=\"33830\" src=\"https:\/\/www.meatprocessingmachine.org\/wp-content\/uploads\/2022\/07\/0.147.png\" alt=\"round meat patty\" class=\"wp-image-33830\" title=\"\"><figcaption class=\"wp-element-caption\">Runder Fleischpatty<\/figcaption><\/figure> <\/figure>    <p>Burgerfleisch-Patties-Maschinen k\u00f6nnen runde, dreieckige, quadratische, herzf\u00f6rmige und sternf\u00f6rmige Patties herstellen. Warum kann eine Maschine so viele verschiedene Formen produzieren? Der Grund ist, dass die Formen der Maschine durch den Austausch verschiedener Formen ersetzt werden k\u00f6nnen, und die Fleischklops-Formmaschine kann Fleischpatties in unterschiedlichen Formen herstellen.<\/p>    <h2 class=\"wp-block-heading\">Parameter der Fleischklops-Formmaschine<\/h2>    <p>Gr\u00f6\u00dfe: 850*600*1400mm<\/p>    <p>Gewicht: 100 kg<\/p>    <p>Spannung: 380 V, 50 Hz Drehstrom, 220 V Spannung kann ge\u00e4ndert werden, Drehstrom ist erforderlich;<\/p>    <p>Leistung: 0,55 kW<\/p>    <h2 class=\"wp-block-heading\">Der Vorteil der Fleischklops-Formmaschine<\/h2>   <div class=\"wp-block-image\"> <figure class=\"aligncenter size-full\"><img loading=\"lazy\" decoding=\"async\" width=\"720\" height=\"540\" src=\"https:\/\/www.meatprocessingmachine.org\/wp-content\/uploads\/2022\/07\/\u5fae\u4fe1\u622a\u56fe_20220704102242.png\" alt=\"Verarbeitungsmaschine f\u00fcr Burgerfleisch-Patties\" class=\"wp-image-33832\" title=\"\"><figcaption class=\"wp-element-caption\">Verarbeitungsmaschine f\u00fcr Burgerfleisch-Patties<\/figcaption><\/figure> <\/div>   <p>1. Die Burgerfleisch-Patties-Maschine verwendet einen PLC-Controller, der die entsprechenden Funktionen selbst zuweisen kann.<\/p>    <p>2. Edelstahlgeh\u00e4use, rostfrei, langlebig<\/p>    <p>3. Die Rindfleischpatty-Pressmaschine ist effizient, stabil im Tempo und produziert gleichm\u00e4\u00dfige Formen und Gr\u00f6\u00dfen der Fleischpatties.<\/p>    <p>4. Ma\u00dfgeschneiderte Patty-Form, die verschiedene Formen produzieren kann, sch\u00f6n und kreativ<\/p>   <div class=\"wp-block-image\"> <figure class=\"aligncenter size-full\"><img loading=\"lazy\" decoding=\"async\" width=\"720\" height=\"540\" src=\"https:\/\/www.meatprocessingmachine.org\/wp-content\/uploads\/2022\/07\/\u5fae\u4fe1\u622a\u56fe_20220704102020.png\" alt=\"Verarbeitungsmaschine f\u00fcr Burgerfleisch-Patties\" class=\"wp-image-33839\" title=\"\"><figcaption class=\"wp-element-caption\">Verarbeitungsmaschine f\u00fcr Burgerfleisch-Patties<\/figcaption><\/figure> <\/div>   <h2 class=\"wp-block-heading\">Video der Burgerfleisch-Patties-Maschine<\/h2>    <figure class=\"wp-block-embed aligncenter is-type-video is-provider-youtube wp-block-embed-youtube\"><div class=\"wp-block-embed__wrapper\"> <iframe loading=\"lazy\" title=\"Neue Hamburger-Fleischpatty-Maschine 2022 | Automatische Burger-Formmaschine | Fleischverarbeitung\" width=\"500\" height=\"281\" src=\"https:\/\/www.youtube.com\/embed\/4TSWc6f6DOY?feature=oembed\" frameborder=\"0\" allow=\"accelerometer; autoplay; clipboard-write; encrypted-media; gyroscope; picture-in-picture; web-share\" referrerpolicy=\"strict-origin-when-cross-origin\" allowfullscreen><\/iframe> <\/div><\/figure>","protected":false},"excerpt":{"rendered":"<p>Die automatische Burgerfleisch-Patties-Maschine formt Hamburger-Patties schnell, und ihre Form kann individuell angepasst werden. Zum Beispiel k\u00f6nnen Stern-, H\u00e4hnchenschenkel- oder andere spezielle Formen verarbeitet werden. Dies ist durch den Austausch der Form m\u00f6glich. Die Fleischklops-Formmaschine kann Rindfleisch-, H\u00e4hnchen-, Fisch-, Garnelen-, Kartoffel- und K\u00fcrbispatties sowie andere Zutaten verarbeiten, geeignet f\u00fcr Fleischverarbeitung, Restaurants, Kantinen, Burgerl\u00e4den und andere Orte. <\/p>","protected":false},"author":1,"featured_media":34114,"parent":0,"template":"","product-type":[582,583,584],"class_list":["post-33820","product","type-product","status-publish","has-post-thumbnail","hentry","product-type-cattle-sheep","product-type-chicken-turkey","product-type-fish"],"_links":{"self":[{"href":"https:\/\/www.meatprocessingmachine.org\/de\/wp-json\/wp\/v2\/product\/33820","targetHints":{"allow":["GET"]}}],"collection":[{"href":"https:\/\/www.meatprocessingmachine.org\/de\/wp-json\/wp\/v2\/product"}],"about":[{"href":"https:\/\/www.meatprocessingmachine.org\/de\/wp-json\/wp\/v2\/types\/product"}],"author":[{"embeddable":true,"href":"https:\/\/www.meatprocessingmachine.org\/de\/wp-json\/wp\/v2\/users\/1"}],"wp:featuredmedia":[{"embeddable":true,"href":"https:\/\/www.meatprocessingmachine.org\/de\/wp-json\/wp\/v2\/media\/34114"}],"wp:attachment":[{"href":"https:\/\/www.meatprocessingmachine.org\/de\/wp-json\/wp\/v2\/media?parent=33820"}],"wp:term":[{"taxonomy":"product-type","embeddable":true,"href":"https:\/\/www.meatprocessingmachine.org\/de\/wp-json\/wp\/v2\/product-type?post=33820"}],"curies":[{"name":"wp","href":"https:\/\/api.w.org\/{rel}","templated":true}]}}