{"id":34646,"date":"2026-02-13T16:04:51","date_gmt":"2026-02-13T08:04:51","guid":{"rendered":"https:\/\/www.meatprocessingmachine.org\/?post_type=product&#038;p=34646"},"modified":"2026-02-27T10:50:04","modified_gmt":"2026-02-27T02:50:04","slug":"meat-slicing-machine","status":"publish","type":"product","link":"https:\/\/www.meatprocessingmachine.org\/de\/meat-slicing-machine.html","title":{"rendered":"Fleischschneidemaschine | Frischer Fleischschneider"},"content":{"rendered":"<div class=\"kk-star-ratings kksr-auto kksr-align-right kksr-valign-top\"     data-payload='{&quot;align&quot;:&quot;right&quot;,&quot;id&quot;:&quot;34646&quot;,&quot;slug&quot;:&quot;default&quot;,&quot;valign&quot;:&quot;top&quot;,&quot;ignore&quot;:&quot;&quot;,&quot;reference&quot;:&quot;auto&quot;,&quot;class&quot;:&quot;&quot;,&quot;count&quot;:&quot;0&quot;,&quot;legendonly&quot;:&quot;&quot;,&quot;readonly&quot;:&quot;&quot;,&quot;score&quot;:&quot;0&quot;,&quot;starsonly&quot;:&quot;&quot;,&quot;best&quot;:&quot;5&quot;,&quot;gap&quot;:&quot;5&quot;,&quot;greet&quot;:&quot;Rate this product&quot;,&quot;legend&quot;:&quot;0\\\/5 - (0 votes)&quot;,&quot;size&quot;:&quot;24&quot;,&quot;title&quot;:&quot;Meat Slicing Machine | Fresh Meat Slicer&quot;,&quot;width&quot;:&quot;0&quot;,&quot;_legend&quot;:&quot;{score}\\\/{best} - ({count} {votes})&quot;,&quot;font_factor&quot;:&quot;1.25&quot;}'>              <div class=\"kksr-stars\">      <div class=\"kksr-stars-inactive\">             <div class=\"kksr-star\" data-star=\"1\" style=\"padding-right: 5px\">               <div class=\"kksr-icon\" style=\"width: 24px; height: 24px;\"><\/div>         <\/div>             <div class=\"kksr-star\" data-star=\"2\" style=\"padding-right: 5px\">               <div class=\"kksr-icon\" style=\"width: 24px; height: 24px;\"><\/div>         <\/div>             <div class=\"kksr-star\" data-star=\"3\" style=\"padding-right: 5px\">               <div class=\"kksr-icon\" style=\"width: 24px; height: 24px;\"><\/div>         <\/div>             <div class=\"kksr-star\" data-star=\"4\" style=\"padding-right: 5px\">               <div class=\"kksr-icon\" style=\"width: 24px; height: 24px;\"><\/div>         <\/div>             <div class=\"kksr-star\" data-star=\"5\" style=\"padding-right: 5px\">               <div class=\"kksr-icon\" style=\"width: 24px; height: 24px;\"><\/div>         <\/div>     <\/div>      <div class=\"kksr-stars-active\" style=\"width: 0px;\">             <div class=\"kksr-star\" style=\"padding-right: 5px\">               <div class=\"kksr-icon\" style=\"width: 24px; height: 24px;\"><\/div>         <\/div>             <div class=\"kksr-star\" style=\"padding-right: 5px\">               <div class=\"kksr-icon\" style=\"width: 24px; height: 24px;\"><\/div>         <\/div>             <div class=\"kksr-star\" style=\"padding-right: 5px\">               <div class=\"kksr-icon\" style=\"width: 24px; height: 24px;\"><\/div>         <\/div>             <div class=\"kksr-star\" style=\"padding-right: 5px\">               <div class=\"kksr-icon\" style=\"width: 24px; height: 24px;\"><\/div>         <\/div>             <div class=\"kksr-star\" style=\"padding-right: 5px\">               <div class=\"kksr-icon\" style=\"width: 24px; height: 24px;\"><\/div>         <\/div>     <\/div> <\/div>                   <div class=\"kksr-legend\" style=\"font-size: 19.2px;\">             <span class=\"kksr-muted\">Bewerten Sie dieses Produkt<\/span>     <\/div>     <\/div>  <p class=\"translation-block\">Die Taizy <strong><mark class=\"has-inline-color has-luminous-vivid-amber-color\">Fleischschneidemaschine<\/mark><\/strong> ist ein automatisches Ger\u00e4t zur Fleischverarbeitung. Sie schneidet frisches Fleisch schnell in gleichm\u00e4\u00dfige d\u00fcnne Scheiben, dicke Scheiben oder Streifen und eignet sich sowohl f\u00fcr die gewerbliche Produktion als auch f\u00fcr kleine bis mittelgro\u00dfe Betriebe. Dieser automatische Fleischschneider ist ideal f\u00fcr Unternehmen, die Pr\u00e4zision und Effizienz suchen.<\/p>   <div class=\"wp-block-image\"> <figure class=\"aligncenter size-full\"><img loading=\"lazy\" decoding=\"async\" width=\"720\" height=\"540\" src=\"https:\/\/www.meatprocessingmachine.org\/wp-content\/uploads\/2026\/02\/Meat-Slicing-Machine.webp\" alt=\"Fleischschneidemaschine\" class=\"wp-image-34650\" title=\"\" srcset=\"https:\/\/www.meatprocessingmachine.org\/wp-content\/uploads\/2026\/02\/Meat-Slicing-Machine.webp 720w, https:\/\/www.meatprocessingmachine.org\/wp-content\/uploads\/2026\/02\/Meat-Slicing-Machine-300x225.webp 300w, https:\/\/www.meatprocessingmachine.org\/wp-content\/uploads\/2026\/02\/Meat-Slicing-Machine-16x12.webp 16w\" sizes=\"auto, (max-width: 720px) 100vw, 720px\" \/><figcaption class=\"wp-element-caption\">Fleischschneidemaschine<\/figcaption><\/figure> <\/div>   <p class=\"translation-block\">Sie ist in zwei Modellen erh\u00e4ltlich, SYFT-340 und SYFT-500, mit einstellbarer Schnittst\u00e4rke von <strong><mark class=\"has-inline-color has-luminous-vivid-amber-color\">5 bis 100\u202fmm<\/mark><\/strong>. Die Leistung erreicht <strong><mark class=\"has-inline-color has-luminous-vivid-amber-color\">400\u2013500\u202fkg\/h<\/mark><\/strong> f\u00fcr SYFT-340 und <strong><mark class=\"has-inline-color has-luminous-vivid-amber-color\">600\u2013800\u202fkg\/h<\/mark><\/strong> f\u00fcr SYFT-500 und erf\u00fcllt verschiedene Produktionsanforderungen. <\/p>    <figure class=\"wp-block-gallery has-nested-images columns-default is-cropped wp-block-gallery-2 is-layout-flex wp-block-gallery-is-layout-flex\"> <figure class=\"wp-block-image size-large\"><img loading=\"lazy\" decoding=\"async\" width=\"720\" height=\"540\" data-id=\"34651\" src=\"https:\/\/www.meatprocessingmachine.org\/wp-content\/uploads\/2026\/02\/Fresh-Meat.webp\" alt=\"Frisches Fleisch\" class=\"wp-image-34651\" title=\"\" srcset=\"https:\/\/www.meatprocessingmachine.org\/wp-content\/uploads\/2026\/02\/Fresh-Meat.webp 720w, https:\/\/www.meatprocessingmachine.org\/wp-content\/uploads\/2026\/02\/Fresh-Meat-300x225.webp 300w, https:\/\/www.meatprocessingmachine.org\/wp-content\/uploads\/2026\/02\/Fresh-Meat-16x12.webp 16w\" sizes=\"auto, (max-width: 720px) 100vw, 720px\" \/><figcaption class=\"wp-element-caption\">Frisches Fleisch<\/figcaption><\/figure>    <figure class=\"wp-block-image size-large\"><img loading=\"lazy\" decoding=\"async\" width=\"720\" height=\"540\" data-id=\"34652\" src=\"https:\/\/www.meatprocessingmachine.org\/wp-content\/uploads\/2026\/02\/Meat-Slice.webp\" alt=\"Fleischscheibe\" class=\"wp-image-34652\" title=\"\" srcset=\"https:\/\/www.meatprocessingmachine.org\/wp-content\/uploads\/2026\/02\/Meat-Slice.webp 720w, https:\/\/www.meatprocessingmachine.org\/wp-content\/uploads\/2026\/02\/Meat-Slice-300x225.webp 300w, https:\/\/www.meatprocessingmachine.org\/wp-content\/uploads\/2026\/02\/Meat-Slice-16x12.webp 16w\" sizes=\"auto, (max-width: 720px) 100vw, 720px\" \/><figcaption class=\"wp-element-caption\">Fleischscheibe<\/figcaption><\/figure> <\/figure>    <p>Die Maschine zeichnet sich durch pr\u00e4zises Schneiden, hohe Effizienz, stabilen Betrieb, einstellbare Dicke und anpassbare Beschickungsgr\u00f6\u00dfe aus. Sie ist einfach zu bedienen und zu warten und damit ein idealer gewerblicher Fleischschneider zur Verbesserung der Fleischverarbeitungseffizienz und Standardisierung.<\/p>    <figure class=\"wp-block-embed is-type-video is-provider-youtube wp-block-embed-youtube wp-embed-aspect-16-9 wp-has-aspect-ratio\"><div class=\"wp-block-embed__wrapper\"> <iframe loading=\"lazy\" title=\"Industrieller Fleischschneider | 400\u2013800\u202fkg\/h hohe Leistungsschneide\" width=\"500\" height=\"281\" src=\"https:\/\/www.youtube.com\/embed\/clWkEdqFP-I?feature=oembed\" frameborder=\"0\" allow=\"accelerometer; autoplay; clipboard-write; encrypted-media; gyroscope; picture-in-picture; web-share\" referrerpolicy=\"strict-origin-when-cross-origin\" allowfullscreen><\/iframe> <\/div><\/figure>    <h2 class=\"wp-block-heading\">Funktionen der Fleischschneidemaschine<\/h2>    <div class=\"wp-block-columns is-layout-flex wp-container-core-columns-is-layout-9d6595d7 wp-block-columns-is-layout-flex\"> <div class=\"wp-block-column is-layout-flow wp-block-column-is-layout-flow\"> <p class=\"has-text-align-center translation-block\"><strong><mark class=\"has-inline-color has-luminous-vivid-amber-color\">Pr\u00e4zises Schneiden<\/mark><\/strong><\/p>    <p>Ausgestattet mit hochwertigen Messern und einem stabilen Zuf\u00fchrsystem schneidet sie genau ohne gezackte Kanten oder Festkleben und sorgt f\u00fcr gleichm\u00e4\u00dfige Scheiben f\u00fcr standardisierte Verarbeitung. Diese Fleischverarbeitungsmaschine gew\u00e4hrleistet gleichbleibende Produktqualit\u00e4t.<\/p> <\/div>    <div class=\"wp-block-column is-layout-flow wp-block-column-is-layout-flow\"> <p class=\"has-text-align-center translation-block\"><strong><mark class=\"has-inline-color has-luminous-vivid-amber-color\">Einstellbare Dicke<\/mark><\/strong><\/p>    <p>Die Schnittst\u00e4rke reicht von 5 bis 100\u202fmm. Verschiedene Dicken und Formen k\u00f6nnen gew\u00e4hlt werden, um unterschiedlichen Produktionsanforderungen gerecht zu werden.<\/p> <\/div> <\/div>    <div class=\"wp-block-columns is-layout-flex wp-container-core-columns-is-layout-9d6595d7 wp-block-columns-is-layout-flex\"> <div class=\"wp-block-column is-layout-flow wp-block-column-is-layout-flow\"> <p class=\"has-text-align-center translation-block\"><strong><mark class=\"has-inline-color has-luminous-vivid-amber-color\">Hohe Effizienz<\/mark><\/strong><\/p>    <p>Unterst\u00fctzt den Dauerbetrieb. SYFT-340 produziert 400\u2013500\u202fkg\/h, w\u00e4hrend SYFT-500 600\u2013800\u202fkg\/h erreicht, was die Produktivit\u00e4t erheblich steigert und den Arbeitsaufwand reduziert. Ideal f\u00fcr Unternehmen, die einen hocheffizienten Fleischschneider suchen.<\/p> <\/div>    <div class=\"wp-block-column is-layout-flow wp-block-column-is-layout-flow\"> <p class=\"has-text-align-center translation-block\"><strong><mark class=\"has-inline-color has-luminous-vivid-amber-color\">Sicher und praktisch<\/mark><\/strong><\/p>    <p>Wird mit vollst\u00e4ndigen Sicherheitsvorrichtungen und einem intuitiven Bedienfeld geliefert. Hergestellt aus lebensmitteltauglichem Edelstahl 304 mit abnehmbarem Design f\u00fcr einfache Reinigung und Wartung.<\/p> <\/div> <\/div>    <div class=\"wp-block-columns is-layout-flex wp-container-core-columns-is-layout-9d6595d7 wp-block-columns-is-layout-flex\"> <div class=\"wp-block-column is-layout-flow wp-block-column-is-layout-flow\"> <p class=\"has-text-align-center translation-block\"><strong><mark class=\"has-inline-color has-luminous-vivid-amber-color\">Frischeerhalt<\/mark><\/strong><\/p>    <p>Schneidet, ohne die Fleischfasern zu besch\u00e4digen, beh\u00e4lt nat\u00fcrliche S\u00e4fte und Originalqualit\u00e4t, verbessert das Erscheinungsbild und die Wettbewerbsf\u00e4higkeit auf dem Markt.<\/p> <\/div>    <div class=\"wp-block-column is-layout-flow wp-block-column-is-layout-flow\"> <p class=\"has-text-align-center translation-block\"><strong><mark class=\"has-inline-color has-luminous-vivid-amber-color\">Anpassbare Beschickung<\/mark><\/strong><\/p>    <p>Die Beschickungsbreite kann an die Rohmaterialgr\u00f6\u00dfe angepasst werden, um die Anpassungsf\u00e4higkeit zu verbessern.<\/p> <\/div> <\/div>   <div class=\"wp-block-image\"> <figure class=\"aligncenter size-full\"><img loading=\"lazy\" decoding=\"async\" width=\"720\" height=\"540\" src=\"https:\/\/www.meatprocessingmachine.org\/wp-content\/uploads\/2026\/02\/Meat-Slicing-Machine-For-Sale.webp\" alt=\"Fleischschneidemaschine zum Verkauf\" class=\"wp-image-34649\" title=\"\" srcset=\"https:\/\/www.meatprocessingmachine.org\/wp-content\/uploads\/2026\/02\/Meat-Slicing-Machine-For-Sale.webp 720w, https:\/\/www.meatprocessingmachine.org\/wp-content\/uploads\/2026\/02\/Meat-Slicing-Machine-For-Sale-300x225.webp 300w, https:\/\/www.meatprocessingmachine.org\/wp-content\/uploads\/2026\/02\/Meat-Slicing-Machine-For-Sale-16x12.webp 16w\" sizes=\"auto, (max-width: 720px) 100vw, 720px\" \/><figcaption class=\"wp-element-caption\">Fleischschneidemaschine zum Verkauf<\/figcaption><\/figure> <\/div>   <h2 class=\"wp-block-heading\">Geeignete Rohstoffe<\/h2>    <p>Die Taizy Fleischschneidemaschine verarbeitet verschiedene frische Fleischsorten ohne Einfrieren. Wichtige Rohstoffe umfassen:<\/p>    <ul class=\"wp-block-list\"> <li><strong>Rotes Fleisch:<\/strong> Frisches Rind-, Schweine- und Lammfleisch, einschlie\u00dflich Filet, Bauch und Schinkenst\u00fccke.<\/li>    <li><strong>Gefl\u00fcgel:<\/strong> Frisches H\u00fchnchen, Ente, Gans, einschlie\u00dflich Brust- und Keulenfleisch.<\/li>    <li><strong>Andere:<\/strong> Einige frische Meeresfr\u00fcchte, wie Fischfilets.<\/li> <\/ul>    <p>Es ist ideal f\u00fcr Hotpot-Scheiben, BBQ-Scheiben, Fast-Food-Fleisch und Fertiggerichte. Weit verbreitet in Gastronomie, Einzelhandel und Lebensmittelverarbeitung. Dieser automatische Fleischschneider gew\u00e4hrleistet gleichm\u00e4\u00dfige Schnittst\u00e4rke und hochwertige Scheiben.<\/p>    <figure class=\"wp-block-gallery has-nested-images columns-default is-cropped wp-block-gallery-3 is-layout-flex wp-block-gallery-is-layout-flex\"> <figure class=\"wp-block-image size-large\"><img loading=\"lazy\" decoding=\"async\" width=\"720\" height=\"540\" data-id=\"34653\" src=\"https:\/\/www.meatprocessingmachine.org\/wp-content\/uploads\/2026\/02\/Fresh-Beef.webp\" alt=\"Frisches Rindfleisch\" class=\"wp-image-34653\" title=\"\" srcset=\"https:\/\/www.meatprocessingmachine.org\/wp-content\/uploads\/2026\/02\/Fresh-Beef.webp 720w, https:\/\/www.meatprocessingmachine.org\/wp-content\/uploads\/2026\/02\/Fresh-Beef-300x225.webp 300w, https:\/\/www.meatprocessingmachine.org\/wp-content\/uploads\/2026\/02\/Fresh-Beef-16x12.webp 16w\" sizes=\"auto, (max-width: 720px) 100vw, 720px\" \/><figcaption class=\"wp-element-caption\">Frisches Rindfleisch<\/figcaption><\/figure>    <figure class=\"wp-block-image size-large\"><img loading=\"lazy\" decoding=\"async\" width=\"720\" height=\"540\" data-id=\"34655\" src=\"https:\/\/www.meatprocessingmachine.org\/wp-content\/uploads\/2026\/02\/Fresh-Pork.webp\" alt=\"Frisches Schweinefleisch\" class=\"wp-image-34655\" title=\"\" srcset=\"https:\/\/www.meatprocessingmachine.org\/wp-content\/uploads\/2026\/02\/Fresh-Pork.webp 720w, https:\/\/www.meatprocessingmachine.org\/wp-content\/uploads\/2026\/02\/Fresh-Pork-300x225.webp 300w, https:\/\/www.meatprocessingmachine.org\/wp-content\/uploads\/2026\/02\/Fresh-Pork-16x12.webp 16w\" sizes=\"auto, (max-width: 720px) 100vw, 720px\" \/><figcaption class=\"wp-element-caption\">Frisches Schweinefleisch<\/figcaption><\/figure>    <figure class=\"wp-block-image size-large\"><img loading=\"lazy\" decoding=\"async\" width=\"720\" height=\"540\" data-id=\"34654\" src=\"https:\/\/www.meatprocessingmachine.org\/wp-content\/uploads\/2026\/02\/Fresh-Chicken-Breast.webp\" alt=\"Frische H\u00e4hnchenbrust\" class=\"wp-image-34654\" title=\"\" srcset=\"https:\/\/www.meatprocessingmachine.org\/wp-content\/uploads\/2026\/02\/Fresh-Chicken-Breast.webp 720w, https:\/\/www.meatprocessingmachine.org\/wp-content\/uploads\/2026\/02\/Fresh-Chicken-Breast-300x225.webp 300w, https:\/\/www.meatprocessingmachine.org\/wp-content\/uploads\/2026\/02\/Fresh-Chicken-Breast-16x12.webp 16w\" sizes=\"auto, (max-width: 720px) 100vw, 720px\" \/><figcaption class=\"wp-element-caption\">Frische H\u00e4hnchenbrust<\/figcaption><\/figure> <\/figure>    <h2 class=\"wp-block-heading has-text-align-left\">Vorteile der Fleischschneidemaschine<\/h2>    <div class=\"wp-block-columns is-layout-flex wp-container-core-columns-is-layout-9d6595d7 wp-block-columns-is-layout-flex\"> <div class=\"wp-block-column is-layout-flow wp-block-column-is-layout-flow\"> <p class=\"translation-block\"><mark class=\"has-inline-color has-luminous-vivid-amber-color\"><strong>Hohe Effizienz &amp; Arbeitsersparnis:<\/strong> <\/mark>Schneidet 5\u20138 Mal schneller als manuelles Schneiden, reduziert den Arbeitsaufwand und die Verwaltungskosten und verbessert die gesamte Produktionseffizienz.<\/p> <\/div>    <div class=\"wp-block-column is-layout-flow wp-block-column-is-layout-flow\"> <p class=\"translation-block\"><strong><mark class=\"has-inline-color has-luminous-vivid-amber-color\">Pr\u00e4zise &amp; einheitliche Scheiben:<\/mark><\/strong> Minimale Dickenabweichungen und gleichm\u00e4\u00dfige Chargen sorgen f\u00fcr einheitliche Produktgr\u00f6\u00dfen, verbessern Qualit\u00e4t und Marktg\u00e4ngigkeit.<\/p> <\/div> <\/div>    <div class=\"wp-block-columns is-layout-flex wp-container-core-columns-is-layout-9d6595d7 wp-block-columns-is-layout-flex\"> <div class=\"wp-block-column is-layout-flow wp-block-column-is-layout-flow\"> <p class=\"translation-block\"><strong><mark class=\"has-inline-color has-luminous-vivid-amber-color\">Robuste Konstruktion:<\/mark><\/strong> Hergestellt aus lebensmitteltauglichem Edelstahl 304, korrosionsbest\u00e4ndig und leicht zu reinigen. Wichtige Komponenten sind zuverl\u00e4ssig und gew\u00e4hrleisten eine lange Lebensdauer.<\/p> <\/div>    <div class=\"wp-block-column is-layout-flow wp-block-column-is-layout-flow\"> <p class=\"translation-block\"><strong><mark class=\"has-inline-color has-luminous-vivid-amber-color\">Einfache Wartung &amp; stabiler Betrieb:<\/mark><\/strong> Gut durchdachte Konstruktion sorgt f\u00fcr einen ruhigen Betrieb, geringe Ausfallrate und einfache t\u00e4gliche Wartung, was langfristige Kosten reduziert.<\/p> <\/div> <\/div>    <div class=\"wp-block-columns is-layout-flex wp-container-core-columns-is-layout-9d6595d7 wp-block-columns-is-layout-flex\"> <div class=\"wp-block-column is-layout-flow wp-block-column-is-layout-flow\"> <p class=\"translation-block\"><strong><mark class=\"has-inline-color has-luminous-vivid-amber-color\">Flexible Modelle &amp; breite Kompatibilit\u00e4t:<\/mark><\/strong> Erh\u00e4ltlich in den Modellen SYFT-340 und SYFT-500, passend zur Produktionskapazit\u00e4t. Geeignet f\u00fcr verschiedene Fleischarten und unterschiedliche Schnittanforderungen.<\/p> <\/div>    <div class=\"wp-block-column is-layout-flow wp-block-column-is-layout-flow\"> <p class=\"translation-block\"><mark class=\"has-inline-color has-luminous-vivid-amber-color\"><strong>Sicher &amp; benutzerfreundlich:<\/strong> <\/mark> Ausgestattet mit Not-Aus und Schutzeinrichtungen. Intuitives Bedienfeld mit einstellbaren Einstellungen gew\u00e4hrleistet sicheren, effizienten und sorgenfreien Betrieb. Dieser gewerbliche Fleischschneider ist eine zuverl\u00e4ssige Wahl f\u00fcr Gro\u00dfeins\u00e4tze.<\/p> <\/div> <\/div>   <div class=\"wp-block-image\"> <figure class=\"aligncenter size-full\"><img loading=\"lazy\" decoding=\"async\" width=\"720\" height=\"540\" src=\"https:\/\/www.meatprocessingmachine.org\/wp-content\/uploads\/2026\/02\/Industrial-Meat-Slicing-Machine.webp\" alt=\"Industrielle Fleisch-Scheidemaschine\" class=\"wp-image-34648\" title=\"\" srcset=\"https:\/\/www.meatprocessingmachine.org\/wp-content\/uploads\/2026\/02\/Industrial-Meat-Slicing-Machine.webp 720w, https:\/\/www.meatprocessingmachine.org\/wp-content\/uploads\/2026\/02\/Industrial-Meat-Slicing-Machine-300x225.webp 300w, https:\/\/www.meatprocessingmachine.org\/wp-content\/uploads\/2026\/02\/Industrial-Meat-Slicing-Machine-16x12.webp 16w\" sizes=\"auto, (max-width: 720px) 100vw, 720px\" \/><figcaption class=\"wp-element-caption\">Industrielle Fleisch-Scheidemaschine<\/figcaption><\/figure> <\/div>   <h2 class=\"wp-block-heading\">Technische Spezifikationen<\/h2>    <figure class=\"wp-block-table\"><table class=\"has-fixed-layout\"><thead><tr><th>Parameter<\/th><th>SYFT-340<\/th><th>SYFT-500<\/th><\/tr><\/thead><tbody><tr><td>Modell<\/td><td>SYFT-340<\/td><td>SYFT-500<\/td><\/tr><tr><td>Schnittst\u00e4rke<\/td><td>5\u2013100\u202fmm<\/td><td>5\u2013100\u202fmm<\/td><\/tr><tr><td>Beschickungsgr\u00f6\u00dfe<\/td><td>340\u202fmm (B) \u00d7 75\u202fmm (H) (anpassbar)<\/td><td>500\u202fmm (B) \u00d7 75\u202fmm (H) (anpassbar)<\/td><\/tr><tr><td>Ausgangsleistung<\/td><td>400\u2013500\u202fkg\/h<\/td><td>600\u2013800\u202fkg\/h<\/td><\/tr><tr><td>Arbeitsspannung<\/td><td>380\u202fV<\/td><td>380\u202fV<\/td><\/tr><tr><td>Leistung<\/td><td>0,75\u202fkW<\/td><td>1,1\u202fkW<\/td><\/tr><tr><td>Gewicht<\/td><td>160\u202fkg<\/td><td>206\u202fkg<\/td><\/tr><tr><td>Abmessungen (L \u00d7 B \u00d7 H)<\/td><td>1980 \u00d7 630 \u00d7 1210\u202fmm<\/td><td>1980 \u00d7 780 \u00d7 1210\u202fmm<\/td><\/tr><\/tbody><\/table><\/figure>   <div class=\"wp-block-image\"> <figure class=\"aligncenter size-full\"><img loading=\"lazy\" decoding=\"async\" width=\"720\" height=\"540\" src=\"https:\/\/www.meatprocessingmachine.org\/wp-content\/uploads\/2026\/02\/Fresh-Meat-Slicer.webp\" alt=\"Frischer Fleischschneider\" class=\"wp-image-34647\" title=\"\" srcset=\"https:\/\/www.meatprocessingmachine.org\/wp-content\/uploads\/2026\/02\/Fresh-Meat-Slicer.webp 720w, https:\/\/www.meatprocessingmachine.org\/wp-content\/uploads\/2026\/02\/Fresh-Meat-Slicer-300x225.webp 300w, https:\/\/www.meatprocessingmachine.org\/wp-content\/uploads\/2026\/02\/Fresh-Meat-Slicer-16x12.webp 16w\" sizes=\"auto, (max-width: 720px) 100vw, 720px\" \/><figcaption class=\"wp-element-caption\">Frischer Fleischschneider<\/figcaption><\/figure> <\/div>   <h2 class=\"wp-block-heading\">Warum Taizy w\u00e4hlen?<\/h2>    <p>Die Wahl von Taizy bedeutet mehr als die Auswahl eines Fleischschneiders \u2013 es ist die Wahl verl\u00e4sslicher Qualit\u00e4t und professioneller Unterst\u00fctzung. Wichtige Vorteile umfassen:<\/p>    <ul class=\"wp-block-list\"> <li><strong>Internationale Zertifizierung &amp; Qualit\u00e4tsgarantie:<\/strong> ISO9001 und CE zertifiziert, getestet von SGS und TUV, entspricht internationalen Standards mit stabiler und zuverl\u00e4ssiger Leistung.<\/li>    <li><strong>Ein Jahr Garantie &amp; sorgenfreier Service:<\/strong> Vollst\u00e4ndige Maschinen-Garantie f\u00fcr ein Jahr, mit schnellem After-Sales-Support zur Reduzierung von Betriebsrisiken.<\/li>    <li><strong>Installationsanleitung &amp; umfassender Support:<\/strong> Wird mit einer Installationsanleitung geliefert, unterst\u00fctzt Fernanleitung, und bei Bedarf k\u00f6nnen Techniker f\u00fcr Schulungen vor Ort organisiert werden.<\/li>    <li><strong>Direktlieferung ab Werk &amp; Anpassung:<\/strong> Jahre an Branchenerfahrung erm\u00f6glichen kundenspezifische L\u00f6sungen basierend auf Produktionskapazit\u00e4t und Rohstoffen, zugeschnitten auf reale Produktionsanforderungen.<\/li> <\/ul>    <p>Die Taizy Industrielle Fleischschneidemaschine bietet effiziente, sichere und standardisierte L\u00f6sungen f\u00fcr die Fleischverarbeitung mit stabiler Qualit\u00e4t, gepr\u00fcfter Zuverl\u00e4ssigkeit und umfassendem Service.<\/p>    <h2 class=\"wp-block-heading\">Verwandte Produkte<\/h2>    <p>Um verschiedene Stufen der Fleischverarbeitung abzudecken, bietet Taizy eine Reihe erg\u00e4nzender Lebensmittelverarbeitungsger\u00e4te, die zusammen mit der Fleischschneidemaschine verwendet werden k\u00f6nnen, um eine effiziente, standardisierte Produktionslinie aufzubauen.<\/p>    <p>Dazu geh\u00f6ren:<\/p>    <ul class=\"wp-block-list\"> <li><strong>Fleischw\u00f6lfe &amp; Hackfleischmaschinen<\/strong> \u2013 zur Rohstoffvorbereitung und zum Schneiden.<\/li>    <li><strong><a href=\"https:\/\/www.meatprocessingmachine.org\/de\/frozen-block-breaker-for-meat.html\/\">Kommerzielle Gefrierschrank-Fleischschneider <\/a><\/strong>\u2013 zur Verarbeitung von gefrorenem Fleisch.<\/li>    <li><strong>Fleischtrommeln, Vakuummischer und automatische Wurstf\u00fcller<\/strong> \u2013 zur Verbesserung von Textur, Geschmack und Produktionseffizienz.<\/li> <\/ul>    <p>Alle Ger\u00e4te bestehen aus lebensmitteltauglichen Materialien mit industrieller Stabilit\u00e4t. Sie unterst\u00fctzen modulare Kombinationen und Anpassungen und helfen Unternehmen, den vollst\u00e4ndigen Produktionsprozess von Rohmaterial bis Fertigprodukt zu automatisieren, Kapazit\u00e4t und Produktkonsistenz zu verbessern.<\/p>   <div class=\"wp-block-image\"> <figure class=\"aligncenter size-full\"><img loading=\"lazy\" decoding=\"async\" width=\"720\" height=\"540\" src=\"https:\/\/www.meatprocessingmachine.org\/wp-content\/uploads\/2021\/11\/Frozen-block-breaker.jpg\" alt=\"Gefrorener Fleischschneider\" class=\"wp-image-32296\" title=\"\" srcset=\"https:\/\/www.meatprocessingmachine.org\/wp-content\/uploads\/2021\/11\/Frozen-block-breaker.jpg 720w, https:\/\/www.meatprocessingmachine.org\/wp-content\/uploads\/2021\/11\/Frozen-block-breaker-300x225.jpg 300w\" sizes=\"auto, (max-width: 720px) 100vw, 720px\" \/><figcaption class=\"wp-element-caption\">Gefrorener Fleischschneider<\/figcaption><\/figure> <\/div>","protected":false},"excerpt":{"rendered":"<p>The Taizy meat slicing machine is an automated device designed for meat processing. It quickly cuts fresh meat into uniform thin slices, thick slices, or strips, suitable for both commercial-scale production and small-to-medium processing. This automatic meat slicer is ideal for businesses looking for precision and efficiency. It comes in two models, SYFT-340 and SYFT-500, [&hellip;]<\/p>\n","protected":false},"author":1,"featured_media":34656,"parent":0,"template":"","product-type":[582,583,589],"class_list":["post-34646","product","type-product","status-publish","has-post-thumbnail","hentry","product-type-cattle-sheep","product-type-chicken-turkey","product-type-meat-cutting-machine"],"_links":{"self":[{"href":"https:\/\/www.meatprocessingmachine.org\/de\/wp-json\/wp\/v2\/product\/34646","targetHints":{"allow":["GET"]}}],"collection":[{"href":"https:\/\/www.meatprocessingmachine.org\/de\/wp-json\/wp\/v2\/product"}],"about":[{"href":"https:\/\/www.meatprocessingmachine.org\/de\/wp-json\/wp\/v2\/types\/product"}],"author":[{"embeddable":true,"href":"https:\/\/www.meatprocessingmachine.org\/de\/wp-json\/wp\/v2\/users\/1"}],"wp:featuredmedia":[{"embeddable":true,"href":"https:\/\/www.meatprocessingmachine.org\/de\/wp-json\/wp\/v2\/media\/34656"}],"wp:attachment":[{"href":"https:\/\/www.meatprocessingmachine.org\/de\/wp-json\/wp\/v2\/media?parent=34646"}],"wp:term":[{"taxonomy":"product-type","embeddable":true,"href":"https:\/\/www.meatprocessingmachine.org\/de\/wp-json\/wp\/v2\/product-type?post=34646"}],"curies":[{"name":"wp","href":"https:\/\/api.w.org\/{rel}","templated":true}]}}