{"id":34714,"date":"2026-02-24T16:23:05","date_gmt":"2026-02-24T08:23:05","guid":{"rendered":"https:\/\/www.meatprocessingmachine.org\/?post_type=product&#038;p=34714"},"modified":"2026-03-06T09:58:31","modified_gmt":"2026-03-06T01:58:31","slug":"fresh-meat-strip-cutting-machine","status":"publish","type":"product","link":"https:\/\/www.meatprocessingmachine.org\/de\/fresh-meat-strip-cutting-machine.html","title":{"rendered":"Frisches Fleischstreifen-Schneidemaschine"},"content":{"rendered":"<div class=\"kk-star-ratings kksr-auto kksr-align-right kksr-valign-top\"     data-payload='{&quot;align&quot;:&quot;right&quot;,&quot;id&quot;:&quot;34714&quot;,&quot;slug&quot;:&quot;default&quot;,&quot;valign&quot;:&quot;top&quot;,&quot;ignore&quot;:&quot;&quot;,&quot;reference&quot;:&quot;auto&quot;,&quot;class&quot;:&quot;&quot;,&quot;count&quot;:&quot;0&quot;,&quot;legendonly&quot;:&quot;&quot;,&quot;readonly&quot;:&quot;&quot;,&quot;score&quot;:&quot;0&quot;,&quot;starsonly&quot;:&quot;&quot;,&quot;best&quot;:&quot;5&quot;,&quot;gap&quot;:&quot;5&quot;,&quot;greet&quot;:&quot;Rate this product&quot;,&quot;legend&quot;:&quot;0\\\/5 - (0 votes)&quot;,&quot;size&quot;:&quot;24&quot;,&quot;title&quot;:&quot;Fresh Meat Strip Cutting Machine&quot;,&quot;width&quot;:&quot;0&quot;,&quot;_legend&quot;:&quot;{score}\\\/{best} - ({count} {votes})&quot;,&quot;font_factor&quot;:&quot;1.25&quot;}'>              <div class=\"kksr-stars\">      <div class=\"kksr-stars-inactive\">             <div class=\"kksr-star\" data-star=\"1\" style=\"padding-right: 5px\">               <div class=\"kksr-icon\" style=\"width: 24px; height: 24px;\"><\/div>         <\/div>             <div class=\"kksr-star\" data-star=\"2\" style=\"padding-right: 5px\">               <div class=\"kksr-icon\" style=\"width: 24px; height: 24px;\"><\/div>         <\/div>             <div class=\"kksr-star\" data-star=\"3\" style=\"padding-right: 5px\">               <div class=\"kksr-icon\" style=\"width: 24px; height: 24px;\"><\/div>         <\/div>             <div class=\"kksr-star\" data-star=\"4\" style=\"padding-right: 5px\">               <div class=\"kksr-icon\" style=\"width: 24px; height: 24px;\"><\/div>         <\/div>             <div class=\"kksr-star\" data-star=\"5\" style=\"padding-right: 5px\">               <div class=\"kksr-icon\" style=\"width: 24px; height: 24px;\"><\/div>         <\/div>     <\/div>      <div class=\"kksr-stars-active\" style=\"width: 0px;\">             <div class=\"kksr-star\" style=\"padding-right: 5px\">               <div class=\"kksr-icon\" style=\"width: 24px; height: 24px;\"><\/div>         <\/div>             <div class=\"kksr-star\" style=\"padding-right: 5px\">               <div class=\"kksr-icon\" style=\"width: 24px; height: 24px;\"><\/div>         <\/div>             <div class=\"kksr-star\" style=\"padding-right: 5px\">               <div class=\"kksr-icon\" style=\"width: 24px; height: 24px;\"><\/div>         <\/div>             <div class=\"kksr-star\" style=\"padding-right: 5px\">               <div class=\"kksr-icon\" style=\"width: 24px; height: 24px;\"><\/div>         <\/div>             <div class=\"kksr-star\" style=\"padding-right: 5px\">               <div class=\"kksr-icon\" style=\"width: 24px; height: 24px;\"><\/div>         <\/div>     <\/div> <\/div>                   <div class=\"kksr-legend\" style=\"font-size: 19.2px;\">             <span class=\"kksr-muted\">Bewerten Sie dieses Produkt<\/span>     <\/div>     <\/div>  <p class=\"translation-block\">Die <strong><mark class=\"has-inline-color has-luminous-vivid-amber-color\">frische Fleisch <strong><mark class=\"has-inline-color has-luminous-vivid-amber-color\">streifen<\/mark><\/strong><\/mark><\/strong> <strong><mark class=\"has-inline-color has-luminous-vivid-amber-color\">schneidemaschine<\/mark><\/strong> ist eine professionelle Fleischverarbeitungsmaschine, die zum Schneiden von frischem Fleisch in <strong>Streifen, Scheiben, W\u00fcrfel oder St\u00fccke<\/strong> entwickelt wurde.<\/p>    <figure class=\"wp-block-gallery has-nested-images columns-default is-cropped wp-block-gallery-2 is-layout-flex wp-block-gallery-is-layout-flex\"> <figure class=\"wp-block-image size-large\"><img loading=\"lazy\" decoding=\"async\" width=\"720\" height=\"540\" data-id=\"34716\" src=\"https:\/\/www.meatprocessingmachine.org\/wp-content\/uploads\/2026\/02\/Strip-Cut-Fresh-Meat.webp\" alt=\"Streifen-Schneidefrisches Fleisch\" class=\"wp-image-34716\" title=\"\" srcset=\"https:\/\/www.meatprocessingmachine.org\/wp-content\/uploads\/2026\/02\/Strip-Cut-Fresh-Meat.webp 720w, https:\/\/www.meatprocessingmachine.org\/wp-content\/uploads\/2026\/02\/Strip-Cut-Fresh-Meat-300x225.webp 300w, https:\/\/www.meatprocessingmachine.org\/wp-content\/uploads\/2026\/02\/Strip-Cut-Fresh-Meat-16x12.webp 16w\" sizes=\"auto, (max-width: 720px) 100vw, 720px\" \/><figcaption class=\"wp-element-caption\">Streifen-Schneidefrisches Fleisch<\/figcaption><\/figure>    <figure class=\"wp-block-image size-large\"><img loading=\"lazy\" decoding=\"async\" width=\"720\" height=\"540\" data-id=\"34715\" src=\"https:\/\/www.meatprocessingmachine.org\/wp-content\/uploads\/2026\/02\/Chunk-Cut-Fresh-Meat.webp\" alt=\"Chunk-Cut Frisches Fleisch\" class=\"wp-image-34715\" title=\"\" srcset=\"https:\/\/www.meatprocessingmachine.org\/wp-content\/uploads\/2026\/02\/Chunk-Cut-Fresh-Meat.webp 720w, https:\/\/www.meatprocessingmachine.org\/wp-content\/uploads\/2026\/02\/Chunk-Cut-Fresh-Meat-300x225.webp 300w, https:\/\/www.meatprocessingmachine.org\/wp-content\/uploads\/2026\/02\/Chunk-Cut-Fresh-Meat-16x12.webp 16w\" sizes=\"auto, (max-width: 720px) 100vw, 720px\" \/><figcaption class=\"wp-element-caption\">Chunk-Cut Frisches Fleisch<\/figcaption><\/figure> <\/figure>    <p class=\"translation-block\">Taizy bietet die Modelle 340 und 500 an, mit Produktionskapazit\u00e4ten, die auf unterschiedliche Verarbeitungsbed\u00fcrfnisse zugeschnitten sind \u2014 das Modell 340 erreicht <strong><mark class=\"has-inline-color has-luminous-vivid-amber-color\">0\u2013600\u202fkg\/h<\/mark><\/strong>, w\u00e4hrend das Modell 500 bis zu <strong><mark class=\"has-inline-color has-luminous-vivid-amber-color\">0\u20131000\u202fkg\/h<\/mark><\/strong>.<\/p>   <div class=\"wp-block-image\"> <figure class=\"aligncenter size-full\"><img loading=\"lazy\" decoding=\"async\" width=\"720\" height=\"540\" src=\"https:\/\/www.meatprocessingmachine.org\/wp-content\/uploads\/2026\/02\/Fresh-Meat-Strip-Cutting-Machine.webp\" alt=\"Frisches Fleischstreifen-Schneidemaschine\" class=\"wp-image-34721\" title=\"\" srcset=\"https:\/\/www.meatprocessingmachine.org\/wp-content\/uploads\/2026\/02\/Fresh-Meat-Strip-Cutting-Machine.webp 720w, https:\/\/www.meatprocessingmachine.org\/wp-content\/uploads\/2026\/02\/Fresh-Meat-Strip-Cutting-Machine-300x225.webp 300w, https:\/\/www.meatprocessingmachine.org\/wp-content\/uploads\/2026\/02\/Fresh-Meat-Strip-Cutting-Machine-16x12.webp 16w\" sizes=\"auto, (max-width: 720px) 100vw, 720px\" \/><figcaption class=\"wp-element-caption\">Frisches Fleischstreifen-Schneidemaschine<\/figcaption><\/figure> <\/div>   <p class=\"translation-block\">Hergestellt aus hochwertigem Edelstahl und ausgestattet mit <strong><mark class=\"has-inline-color has-luminous-vivid-amber-color\">440C<\/mark><\/strong> hochharten Edelstahlklingen, sorgt die Maschine f\u00fcr scharfes, effizientes Schneiden. Das Klingenset kann innerhalb von 1 Minute schnell gewechselt werden, was vielseitige Verarbeitung in einem Schritt f\u00fcr Streifen\/Scheiben und einen zweiten Schritt f\u00fcr W\u00fcrfel\/St\u00fccke erm\u00f6glicht.<\/p>    <figure class=\"wp-block-embed is-type-video is-provider-youtube wp-block-embed-youtube wp-embed-aspect-16-9 wp-has-aspect-ratio\"><div class=\"wp-block-embed__wrapper\"> <iframe loading=\"lazy\" title=\"Leistungsstarke Frischfleisch-Streifen-Schneidemaschine f\u00fcr effiziente Fleischverarbeitung\" width=\"500\" height=\"281\" src=\"https:\/\/www.youtube.com\/embed\/HYhztLgd1_U?feature=oembed\" frameborder=\"0\" allow=\"accelerometer; autoplay; clipboard-write; encrypted-media; gyroscope; picture-in-picture; web-share\" referrerpolicy=\"strict-origin-when-cross-origin\" allowfullscreen><\/iframe> <\/div><\/figure>    <h2 class=\"wp-block-heading\">Funktionen der Frische Fleischstreifen-Schneidemaschine<\/h2>    <p class=\"translation-block\"><strong><mark class=\"has-inline-color has-luminous-vivid-amber-color\">Mehrgr\u00f6\u00dfen-Schneiden, eine Maschine f\u00fcr mehrere Anwendungen<\/mark><\/strong><\/p>    <p>Die modulare Klingenanordnung kann innerhalb von 1 Minute entfernt und ersetzt werden, was die Ausfallzeiten erheblich reduziert und einen schnellen Wechsel zwischen verschiedenen Produktgr\u00f6\u00dfen erm\u00f6glicht.<\/p>    <p class=\"translation-block\"><strong><mark class=\"has-inline-color has-luminous-vivid-amber-color\">Schnelles Klingenwechsel-Design<\/mark><\/strong><\/p>    <p>Das modulare Klingen-Set kann innerhalb von 1 Minute entfernt und ersetzt werden, was die Ausfallzeit erheblich reduziert und einen schnellen Wechsel zwischen verschiedenen Produktgr\u00f6\u00dfen erm\u00f6glicht.<\/p>    <p class=\"translation-block\"><strong><mark class=\"has-inline-color has-luminous-vivid-amber-color\">Ma\u00dfgeschneiderte Schneideoptionen<\/mark><\/strong><\/p>    <p>Unterst\u00fctzt kundenspezifische Klingen f\u00fcr verschiedene Rohstoffe, einschlie\u00dflich Knochenfleisch wie Huhn, Ente und Fisch, f\u00fcr pr\u00e4zises Schneiden.<\/p>   <div class=\"wp-block-image\"> <figure class=\"aligncenter size-full\"><img loading=\"lazy\" decoding=\"async\" width=\"720\" height=\"540\" src=\"https:\/\/www.meatprocessingmachine.org\/wp-content\/uploads\/2026\/02\/Meat-Slicing-Cutting-Machine.webp\" alt=\"Fleisch-Scheiben-Schneidemaschine\" class=\"wp-image-34720\" title=\"\" srcset=\"https:\/\/www.meatprocessingmachine.org\/wp-content\/uploads\/2026\/02\/Meat-Slicing-Cutting-Machine.webp 720w, https:\/\/www.meatprocessingmachine.org\/wp-content\/uploads\/2026\/02\/Meat-Slicing-Cutting-Machine-300x225.webp 300w, https:\/\/www.meatprocessingmachine.org\/wp-content\/uploads\/2026\/02\/Meat-Slicing-Cutting-Machine-16x12.webp 16w\" sizes=\"auto, (max-width: 720px) 100vw, 720px\" \/><figcaption class=\"wp-element-caption\">Fleisch-Scheiben-Schneidemaschine<\/figcaption><\/figure> <\/div>   <h2 class=\"wp-block-heading\">Geeignete Rohstoffe<\/h2>    <p>Die Fleischstreifen-Schneidemaschine verarbeitet vier Hauptkategorien von Rohstoffen und verarbeitet effizient sowohl Knochen- als auch Knochenfreies Produkt:<\/p>    <ul class=\"wp-block-list\"> <li><strong>Frisches Fleisch:<\/strong> Knochenfreies Schweinefleisch, Rindfleisch, Lamm und andere frische Fleischsorten<\/li>    <li><strong>Teig \/ Teigwaren:<\/strong> Streifen, Scheiben oder W\u00fcrfel verschiedener Teigprodukte<\/li>    <li><strong>Gem\u00fcse:<\/strong> Wurzel- und Blattgem\u00fcse wie Radieschen, Kartoffeln, Lotuswurzeln und Blattgem\u00fcse<\/li>    <li><strong>Spezialprodukte:<\/strong> Gekochte Lebensmittel sowie Knochen-in-Gefl\u00fcgel und Fisch (Huhn, Ente, Fisch) mit kundenspezifischen Klingen<\/li> <\/ul>    <figure class=\"wp-block-gallery has-nested-images columns-default is-cropped wp-block-gallery-3 is-layout-flex wp-block-gallery-is-layout-flex\"> <figure class=\"wp-block-image size-large\"><img loading=\"lazy\" decoding=\"async\" width=\"720\" height=\"540\" data-id=\"34724\" src=\"https:\/\/www.meatprocessingmachine.org\/wp-content\/uploads\/2026\/02\/Lamb.webp\" alt=\"Lamm\" class=\"wp-image-34724\" title=\"\" srcset=\"https:\/\/www.meatprocessingmachine.org\/wp-content\/uploads\/2026\/02\/Lamb.webp 720w, https:\/\/www.meatprocessingmachine.org\/wp-content\/uploads\/2026\/02\/Lamb-300x225.webp 300w, https:\/\/www.meatprocessingmachine.org\/wp-content\/uploads\/2026\/02\/Lamb-16x12.webp 16w\" sizes=\"auto, (max-width: 720px) 100vw, 720px\" \/><figcaption class=\"wp-element-caption\">Lamm<\/figcaption><\/figure>    <figure class=\"wp-block-image size-large\"><img loading=\"lazy\" decoding=\"async\" width=\"720\" height=\"540\" data-id=\"34723\" src=\"https:\/\/www.meatprocessingmachine.org\/wp-content\/uploads\/2026\/02\/Beef.webp\" alt=\"Rindfleisch\" class=\"wp-image-34723\" title=\"\" srcset=\"https:\/\/www.meatprocessingmachine.org\/wp-content\/uploads\/2026\/02\/Beef.webp 720w, https:\/\/www.meatprocessingmachine.org\/wp-content\/uploads\/2026\/02\/Beef-300x225.webp 300w, https:\/\/www.meatprocessingmachine.org\/wp-content\/uploads\/2026\/02\/Beef-16x12.webp 16w\" sizes=\"auto, (max-width: 720px) 100vw, 720px\" \/><figcaption class=\"wp-element-caption\">Rindfleisch<\/figcaption><\/figure>    <figure class=\"wp-block-image size-large\"><img loading=\"lazy\" decoding=\"async\" width=\"720\" height=\"540\" data-id=\"34725\" src=\"https:\/\/www.meatprocessingmachine.org\/wp-content\/uploads\/2026\/02\/Potato-Slices.webp\" alt=\"Kartoffelscheiben\" class=\"wp-image-34725\" title=\"\" srcset=\"https:\/\/www.meatprocessingmachine.org\/wp-content\/uploads\/2026\/02\/Potato-Slices.webp 720w, https:\/\/www.meatprocessingmachine.org\/wp-content\/uploads\/2026\/02\/Potato-Slices-300x225.webp 300w, https:\/\/www.meatprocessingmachine.org\/wp-content\/uploads\/2026\/02\/Potato-Slices-16x12.webp 16w\" sizes=\"auto, (max-width: 720px) 100vw, 720px\" \/><figcaption class=\"wp-element-caption\">Kartoffelscheiben<\/figcaption><\/figure> <\/figure>    <h2 class=\"wp-block-heading\">Was sind die Kernvorteile der Frische Fleischstreifen-Schneidemaschine?<\/h2>    <div class=\"wp-block-columns is-layout-flex wp-container-core-columns-is-layout-9d6595d7 wp-block-columns-is-layout-flex\"> <div class=\"wp-block-column is-layout-flow wp-block-column-is-layout-flow\"> <p class=\"has-text-align-center translation-block\"><strong><mark class=\"has-inline-color has-luminous-vivid-amber-color\">Hohe Produktionskapazit\u00e4t<\/mark><\/strong><\/p>    <p>Das Modell 340 erreicht 0\u2013600\u202fkg\/h, und das Modell 500 bis zu 0\u20131000\u202fkg\/h, was den Anforderungen kleiner bis gro\u00dfer Verarbeitungsanlagen entspricht und effizientes Batch-Processing erm\u00f6glicht.<\/p> <\/div>    <div class=\"wp-block-column is-layout-flow wp-block-column-is-layout-flow\"> <p class=\"has-text-align-center translation-block\"><strong><mark class=\"has-inline-color has-luminous-vivid-amber-color\">Leistungsstarkes Motorsystem<\/mark><\/strong><\/p>    <p>Ausgestattet mit einem 1,5\u202fkW-Motor l\u00e4uft die Maschine reibungslos mit ausreichender Leistung, unterst\u00fctzt lange Dauerbetrieb und stabile Produktion.<\/p> <\/div> <\/div>    <div class=\"wp-block-columns is-layout-flex wp-container-core-columns-is-layout-9d6595d7 wp-block-columns-is-layout-flex\"> <div class=\"wp-block-column is-layout-flow wp-block-column-is-layout-flow\"> <p class=\"has-text-align-center translation-block\"><strong><mark class=\"has-inline-color has-luminous-vivid-amber-color\">Gro\u00dfe Zufuhrempfangskapazit\u00e4t<\/mark><\/strong><\/p>    <p>Kann gro\u00dfe St\u00fccke frisches Fleisch oder Teig m\u00fchelos verarbeiten, um die Rohstoffnutzung zu verbessern.<\/p> <\/div>    <div class=\"wp-block-column is-layout-flow wp-block-column-is-layout-flow\"> <p class=\"has-text-align-center translation-block\"><strong><mark class=\"has-inline-color has-luminous-vivid-amber-color\">Langlebige, hochwertige Materialien<\/mark><\/strong><\/p>    <p>Hergestellt aus hochwertigem Edelstahl, korrosionsbest\u00e4ndig und leicht zu reinigen, entspricht den Hygienestandards der Lebensmittel. Klingen sind aus 440C Edelstahl, scharf und robust f\u00fcr langlebiges Schneiden.<\/p> <\/div> <\/div>    <div class=\"wp-block-columns is-layout-flex wp-container-core-columns-is-layout-9d6595d7 wp-block-columns-is-layout-flex\"> <div class=\"wp-block-column is-layout-flow wp-block-column-is-layout-flow\"> <p class=\"has-text-align-center translation-block\"><strong><mark class=\"has-inline-color has-luminous-vivid-amber-color\">Einfache Bedienung<\/mark><\/strong><\/p>    <p>Integriertes Design mit schnellem Klingenwechsel und Mehrfachfunktion reduziert manuelle Schritte und verbessert die Verarbeitungseffizienz.<\/p> <\/div>    <div class=\"wp-block-column is-layout-flow wp-block-column-is-layout-flow\"> <p class=\"has-text-align-center translation-block\"><strong><mark class=\"has-inline-color has-luminous-vivid-amber-color\">Vielseitige Schneidefunktionen<\/mark><\/strong><\/p>    <p>Unterst\u00fctzt Schneiden in Streifen, Scheiben, W\u00fcrfel und St\u00fccke. Ein-Schritt-Streifen- oder Scheibenschneiden sowie zweite Schritt-Dicing bieten flexible Verarbeitung f\u00fcr unterschiedliche Produktanforderungen.<\/p> <\/div> <\/div>   <div class=\"wp-block-image\"> <figure class=\"aligncenter size-full\"><img loading=\"lazy\" decoding=\"async\" width=\"720\" height=\"540\" src=\"https:\/\/www.meatprocessingmachine.org\/wp-content\/uploads\/2026\/02\/Fresh-Meat-Strip-Cutting-Machine-For-Sale.webp\" alt=\"Frische Fleischstreifen-Schneidemaschine zum Verkauf\" class=\"wp-image-34718\" title=\"\" srcset=\"https:\/\/www.meatprocessingmachine.org\/wp-content\/uploads\/2026\/02\/Fresh-Meat-Strip-Cutting-Machine-For-Sale.webp 720w, https:\/\/www.meatprocessingmachine.org\/wp-content\/uploads\/2026\/02\/Fresh-Meat-Strip-Cutting-Machine-For-Sale-300x225.webp 300w, https:\/\/www.meatprocessingmachine.org\/wp-content\/uploads\/2026\/02\/Fresh-Meat-Strip-Cutting-Machine-For-Sale-16x12.webp 16w\" sizes=\"auto, (max-width: 720px) 100vw, 720px\" \/><figcaption class=\"wp-element-caption\">Frische Fleischstreifen-Schneidemaschine zum Verkauf<\/figcaption><\/figure> <\/div>   <h2 class=\"wp-block-heading\">Technische Parameter<\/h2>    <figure class=\"wp-block-table\"><table class=\"has-fixed-layout\"><thead><tr><th>Parameter<\/th><th>Modell 340 Frischfleisch-Streifen-Schneider<\/th><th>Modell 500 Frischfleisch-Streifen-Schneider<\/th><\/tr><\/thead><tbody><tr><td>Motorleistung<\/td><td>1,5\u202fkW<\/td><td>1,5\u202fkW<\/td><\/tr><tr><td>Spannung<\/td><td>380\u202fV<\/td><td>380\u202fV<\/td><\/tr><tr><td>Maximale Zufuhgr\u00f6\u00dfe<\/td><td>1000 \u00d7 330 \u00d7 70\u202fmm<\/td><td>1000 \u00d7 480 \u00d7 70\u202fmm<\/td><\/tr><tr><td>Produktionskapazit\u00e4t<\/td><td>0\u2013600\u202fkg\/h<\/td><td>0\u20131000\u202fkg\/h<\/td><\/tr><tr><td>Maschinengewicht<\/td><td>180\u202fkg<\/td><td>200\u202fkg<\/td><\/tr><tr><td>Abmessungen (L \u00d7 B \u00d7 H)<\/td><td>1680 \u00d7 680 \u00d7 1160\u202fmm<\/td><td>1680 \u00d7 860 \u00d7 1160\u202fmm<\/td><\/tr><\/tbody><\/table><\/figure>   <div class=\"wp-block-image\"> <figure class=\"aligncenter size-full\"><img loading=\"lazy\" decoding=\"async\" width=\"720\" height=\"540\" src=\"https:\/\/www.meatprocessingmachine.org\/wp-content\/uploads\/2026\/02\/Fresh-Meat-Strip-Cutter.webp\" alt=\"Frischfleisch-Streifen-Schneider\" class=\"wp-image-34717\" title=\"\" srcset=\"https:\/\/www.meatprocessingmachine.org\/wp-content\/uploads\/2026\/02\/Fresh-Meat-Strip-Cutter.webp 720w, https:\/\/www.meatprocessingmachine.org\/wp-content\/uploads\/2026\/02\/Fresh-Meat-Strip-Cutter-300x225.webp 300w, https:\/\/www.meatprocessingmachine.org\/wp-content\/uploads\/2026\/02\/Fresh-Meat-Strip-Cutter-16x12.webp 16w\" sizes=\"auto, (max-width: 720px) 100vw, 720px\" \/><figcaption class=\"wp-element-caption\">Frischfleisch-Streifen-Schneider<\/figcaption><\/figure> <\/div>   <h2 class=\"wp-block-heading\">Warum Taizy Frischfleisch-Streifen-Schneidemaschine w\u00e4hlen?<\/h2>    <p class=\"translation-block\"><strong>Vertrauensw\u00fcrdige Zertifizierung, garantierte Qualit\u00e4t<\/strong><\/p>    <p>Taizy Frischfleisch-Streifen-Schneidemaschinen verf\u00fcgen \u00fcber mehrere internationale Zertifizierungen, einschlie\u00dflich ISO9001 Qualit\u00e4tsmanagement, CE sowie Tests durch SGS und TUV. Jeder Schritt von Design und Produktion bis zur Lieferung entspricht internationalen Qualit\u00e4ts- und Sicherheitsstandards, was eine weltweit anerkannte Leistung garantiert.<\/p>    <p class=\"translation-block\"><strong>Umfassender Kundendienst nach dem Verkauf<\/strong><\/p>    <ul class=\"wp-block-list\"> <li><strong>Erweiterte Garantie:<\/strong> Alle Maschinen werden mit einer 1-j\u00e4hrigen kostenlosen Garantie geliefert. Nicht menschliche Sch\u00e4den werden kostenlos repariert oder ersetzt.<\/li>    <li><strong>Vollst\u00e4ndige Installationsanleitung:<\/strong> Standardisierte Handb\u00fccher und professionelle Fernsupport helfen Unternehmen, die Maschine schnell einzurichten.<\/li>    <li><strong>Vor-Ort-Unterst\u00fctzung:<\/strong> F\u00fcr komplexe Installationen k\u00f6nnen Ingenieure entsandt werden, um Installation, Inbetriebnahme und Schulung der Bediener durchzuf\u00fchren, um einen schnellen Produktionsstart zu gew\u00e4hrleisten.<\/li> <\/ul>    <p>Von Kern-Design und zertifizierter Qualit\u00e4t bis hin zu umfassendem After-Sales-Support erm\u00f6glichen Taizy Frischfleisch-Streifen-Schneidemaschinen Lebensmittelverarbeitungsbetrieben und sind die bevorzugte Wahl beim Schneiden und Verarbeiten von Fleisch.<\/p>    <p class=\"translation-block\">Neben der Frische Fleischstreifen-Schneidemaschine bieten wir auch <strong><a href=\"https:\/\/www.meatprocessingmachine.org\/de\/products\/meat-cutting-machine\/\">Frischfleisch-Scheibmaschinen<\/a><\/strong> und andere Fleischverarbeitungsger\u00e4te an, um Ihre Produktionsbed\u00fcrfnisse zu unterst\u00fctzen. Wenn Sie interessiert sind, z\u00f6gern Sie bitte nicht, uns f\u00fcr weitere Details zu kontaktieren.<\/p>   <div class=\"wp-block-image\"> <figure class=\"aligncenter size-full\"><img loading=\"lazy\" decoding=\"async\" width=\"720\" height=\"540\" src=\"https:\/\/www.meatprocessingmachine.org\/wp-content\/uploads\/2026\/02\/Industrial-Meat-Slicing-Machine.webp\" alt=\"Industrielle Fleisch-Scheidemaschine\" class=\"wp-image-34648\" title=\"\" srcset=\"https:\/\/www.meatprocessingmachine.org\/wp-content\/uploads\/2026\/02\/Industrial-Meat-Slicing-Machine.webp 720w, https:\/\/www.meatprocessingmachine.org\/wp-content\/uploads\/2026\/02\/Industrial-Meat-Slicing-Machine-300x225.webp 300w, https:\/\/www.meatprocessingmachine.org\/wp-content\/uploads\/2026\/02\/Industrial-Meat-Slicing-Machine-16x12.webp 16w\" sizes=\"auto, (max-width: 720px) 100vw, 720px\" \/><figcaption class=\"wp-element-caption\">Industrielle Fleisch-Scheidemaschine<\/figcaption><\/figure> <\/div>","protected":false},"excerpt":{"rendered":"<p>The fresh meat strip cutting machine is a professional meat processing machine designed for cutting fresh meat into strips, slices, cubes, or chunks. Taizy offers the 340 and 500 models, with production capacities tailored to different processing needs \u2014 the 340 model reaches 0\u2013600\u202fkg\/h, while the 500 model can go up to 0\u20131000\u202fkg\/h. Made of [&hellip;]<\/p>\n","protected":false},"author":1,"featured_media":34727,"parent":0,"template":"","product-type":[582,583,589],"class_list":["post-34714","product","type-product","status-publish","has-post-thumbnail","hentry","product-type-cattle-sheep","product-type-chicken-turkey","product-type-meat-cutting-machine"],"_links":{"self":[{"href":"https:\/\/www.meatprocessingmachine.org\/de\/wp-json\/wp\/v2\/product\/34714","targetHints":{"allow":["GET"]}}],"collection":[{"href":"https:\/\/www.meatprocessingmachine.org\/de\/wp-json\/wp\/v2\/product"}],"about":[{"href":"https:\/\/www.meatprocessingmachine.org\/de\/wp-json\/wp\/v2\/types\/product"}],"author":[{"embeddable":true,"href":"https:\/\/www.meatprocessingmachine.org\/de\/wp-json\/wp\/v2\/users\/1"}],"wp:featuredmedia":[{"embeddable":true,"href":"https:\/\/www.meatprocessingmachine.org\/de\/wp-json\/wp\/v2\/media\/34727"}],"wp:attachment":[{"href":"https:\/\/www.meatprocessingmachine.org\/de\/wp-json\/wp\/v2\/media?parent=34714"}],"wp:term":[{"taxonomy":"product-type","embeddable":true,"href":"https:\/\/www.meatprocessingmachine.org\/de\/wp-json\/wp\/v2\/product-type?post=34714"}],"curies":[{"name":"wp","href":"https:\/\/api.w.org\/{rel}","templated":true}]}}