{"id":53,"date":"2018-10-25T03:50:05","date_gmt":"2018-10-24T19:50:05","guid":{"rendered":"http:\/\/www.meatprocessingmachine.org\/?p=53"},"modified":"2026-02-12T16:43:38","modified_gmt":"2026-02-12T08:43:38","slug":"meat-saline-injection-machine","status":"publish","type":"product","link":"https:\/\/www.meatprocessingmachine.org\/de\/meat-saline-injection-machine.html","title":{"rendered":"Salzl\u00f6ffelmaschine | Kochsalz-Injektionsmaschine"},"content":{"rendered":"<div class=\"kk-star-ratings kksr-auto kksr-align-right kksr-valign-top\"     data-payload='{&quot;align&quot;:&quot;right&quot;,&quot;id&quot;:&quot;53&quot;,&quot;slug&quot;:&quot;default&quot;,&quot;valign&quot;:&quot;top&quot;,&quot;ignore&quot;:&quot;&quot;,&quot;reference&quot;:&quot;auto&quot;,&quot;class&quot;:&quot;&quot;,&quot;count&quot;:&quot;0&quot;,&quot;legendonly&quot;:&quot;&quot;,&quot;readonly&quot;:&quot;&quot;,&quot;score&quot;:&quot;0&quot;,&quot;starsonly&quot;:&quot;&quot;,&quot;best&quot;:&quot;5&quot;,&quot;gap&quot;:&quot;5&quot;,&quot;greet&quot;:&quot;Rate this product&quot;,&quot;legend&quot;:&quot;0\\\/5 - (0 votes)&quot;,&quot;size&quot;:&quot;24&quot;,&quot;title&quot;:&quot;Brine injector machine | saline injection machine&quot;,&quot;width&quot;:&quot;0&quot;,&quot;_legend&quot;:&quot;{score}\\\/{best} - ({count} {votes})&quot;,&quot;font_factor&quot;:&quot;1.25&quot;}'>              <div class=\"kksr-stars\">      <div class=\"kksr-stars-inactive\">             <div class=\"kksr-star\" data-star=\"1\" style=\"padding-right: 5px\">               <div class=\"kksr-icon\" style=\"width: 24px; height: 24px;\"><\/div>         <\/div>             <div class=\"kksr-star\" data-star=\"2\" style=\"padding-right: 5px\">               <div class=\"kksr-icon\" style=\"width: 24px; height: 24px;\"><\/div>         <\/div>             <div class=\"kksr-star\" data-star=\"3\" style=\"padding-right: 5px\">               <div class=\"kksr-icon\" style=\"width: 24px; height: 24px;\"><\/div>         <\/div>             <div class=\"kksr-star\" data-star=\"4\" style=\"padding-right: 5px\">               <div class=\"kksr-icon\" style=\"width: 24px; height: 24px;\"><\/div>         <\/div>             <div class=\"kksr-star\" data-star=\"5\" style=\"padding-right: 5px\">               <div class=\"kksr-icon\" style=\"width: 24px; height: 24px;\"><\/div>         <\/div>     <\/div>      <div class=\"kksr-stars-active\" style=\"width: 0px;\">             <div class=\"kksr-star\" style=\"padding-right: 5px\">               <div class=\"kksr-icon\" style=\"width: 24px; height: 24px;\"><\/div>         <\/div>             <div class=\"kksr-star\" style=\"padding-right: 5px\">               <div class=\"kksr-icon\" style=\"width: 24px; height: 24px;\"><\/div>         <\/div>             <div class=\"kksr-star\" style=\"padding-right: 5px\">               <div class=\"kksr-icon\" style=\"width: 24px; height: 24px;\"><\/div>         <\/div>             <div class=\"kksr-star\" style=\"padding-right: 5px\">               <div class=\"kksr-icon\" style=\"width: 24px; height: 24px;\"><\/div>         <\/div>             <div class=\"kksr-star\" style=\"padding-right: 5px\">               <div class=\"kksr-icon\" style=\"width: 24px; height: 24px;\"><\/div>         <\/div>     <\/div> <\/div>                   <div class=\"kksr-legend\" style=\"font-size: 19.2px;\">             <span class=\"kksr-muted\">Bewerten Sie dieses Produkt<\/span>     <\/div>     <\/div> <p>Diese Salzlake-Injektionsmaschine injiziert Salzl\u00f6sung, St\u00e4rke, Sojaprotein und andere Hilfsstoffe in das Fleisch, um es vollst\u00e4ndig zu marinieren. Basierend auf fortschrittlicher Technologie und mechanischer Vorrichtung kann sie schnelles Marinieren, Geschmackverbesserung, Erhaltung der Fleischn\u00e4hrstoffe usw. realisieren.<\/p> <h2>Arbeitsprinzip der automatischen Salzlake-Injektionsmaschine<\/h2> <p>\u00a0 1. Die Salzlake-Injektionsmaschine verwendet zahnf\u00f6rmiges Schrittverfahren zum Fleischf\u00fcttern, mit pr\u00e4zisem Schrittabstand. Die Fleischmaterialien werden durch drei abnehmbare Gitterst\u00e4be gest\u00fctzt, und die Eintrittsnadel ist mit einer Feder zur Steuerung ausgestattet, um das Fleisch mit Knochen zu injizieren.<\/p> <p>\u00a0 2. Diese Maschine kann die Schrittgeschwindigkeit, den Schrittabstand, den Abstand der Fleischpresseplatte und den Einspritzdruck entsprechend verschiedener Fleischmaterialien einstellen, um den idealen Effekt zu erzielen.<\/p> <p>\u00a0 3. Diese Maschine verwendet eine Vierstufen-Filterung, um Nadelsperren zu verhindern. Sie ist die ideale Ausr\u00fcstung f\u00fcr die Fleischverarbeitung.<\/p>   <figure class=\"wp-block-image size-large is-resized\"><img loading=\"lazy\" decoding=\"async\" src=\"http:\/\/www.meatprocessingmachine.org\/wp-content\/uploads\/2018\/10\/Brine-injector-machine.jpg\" alt=\"Salzlake-Injektionsmaschine\" class=\"wp-image-702\" width=\"691\" height=\"691\" title=\"\" srcset=\"https:\/\/www.meatprocessingmachine.org\/wp-content\/uploads\/2018\/10\/Brine-injector-machine.jpg 550w, https:\/\/www.meatprocessingmachine.org\/wp-content\/uploads\/2018\/10\/Brine-injector-machine-300x300.jpg 300w, https:\/\/www.meatprocessingmachine.org\/wp-content\/uploads\/2018\/10\/Brine-injector-machine-150x150.jpg 150w\" sizes=\"auto, (max-width: 691px) 100vw, 691px\" \/><figcaption class=\"wp-element-caption\">Salzlakeinjektor Maschine<\/figcaption><\/figure>    <h2 class=\"wp-block-heading\">Technische Parameter der Salzlake-Injektionsmaschine<\/h2>    <figure class=\"wp-block-gallery has-nested-images columns-default is-cropped wp-block-gallery-2 is-layout-flex wp-block-gallery-is-layout-flex\"> <figure class=\"wp-block-image size-large\"><img loading=\"lazy\" decoding=\"async\" width=\"720\" height=\"540\" data-id=\"34217\" src=\"https:\/\/www.meatprocessingmachine.org\/wp-content\/uploads\/2018\/10\/Brine-injector-machine-details.webp\" alt=\"Details der Salzlake-Injektionsmaschine\" class=\"wp-image-34217\" title=\"\" srcset=\"https:\/\/www.meatprocessingmachine.org\/wp-content\/uploads\/2018\/10\/Brine-injector-machine-details.webp 720w, https:\/\/www.meatprocessingmachine.org\/wp-content\/uploads\/2018\/10\/Brine-injector-machine-details-300x225.webp 300w\" sizes=\"auto, (max-width: 720px) 100vw, 720px\" \/><figcaption class=\"wp-element-caption\">Details der Salzlake-Injektionsmaschine<\/figcaption><\/figure>    <figure class=\"wp-block-image size-large\"><img loading=\"lazy\" decoding=\"async\" width=\"720\" height=\"540\" data-id=\"34218\" src=\"https:\/\/www.meatprocessingmachine.org\/wp-content\/uploads\/2018\/10\/Brine-injector-machine-details-1.webp\" alt=\"Details der Salzlake-Injektionsmaschine\" class=\"wp-image-34218\" title=\"\" srcset=\"https:\/\/www.meatprocessingmachine.org\/wp-content\/uploads\/2018\/10\/Brine-injector-machine-details-1.webp 720w, https:\/\/www.meatprocessingmachine.org\/wp-content\/uploads\/2018\/10\/Brine-injector-machine-details-1-300x225.webp 300w\" sizes=\"auto, (max-width: 720px) 100vw, 720px\" \/><figcaption class=\"wp-element-caption\">Details der Salzlake-Injektionsmaschine<\/figcaption><\/figure>    <figure class=\"wp-block-image size-large\"><img loading=\"lazy\" decoding=\"async\" width=\"720\" height=\"540\" data-id=\"34219\" src=\"https:\/\/www.meatprocessingmachine.org\/wp-content\/uploads\/2018\/10\/Brine-injector-machine-details-2.webp\" alt=\"Details der Salzlake-Injektionsmaschine\" class=\"wp-image-34219\" title=\"\" srcset=\"https:\/\/www.meatprocessingmachine.org\/wp-content\/uploads\/2018\/10\/Brine-injector-machine-details-2.webp 720w, https:\/\/www.meatprocessingmachine.org\/wp-content\/uploads\/2018\/10\/Brine-injector-machine-details-2-300x225.webp 300w\" sizes=\"auto, (max-width: 720px) 100vw, 720px\" \/><figcaption class=\"wp-element-caption\">Details der Salzlake-Injektionsmaschine<\/figcaption><\/figure>    <figure class=\"wp-block-image size-large\"><img loading=\"lazy\" decoding=\"async\" width=\"720\" height=\"540\" data-id=\"34220\" src=\"https:\/\/www.meatprocessingmachine.org\/wp-content\/uploads\/2018\/10\/Brine-injector-machine-details-3.webp\" alt=\"Details der Salzlake-Injektionsmaschine\" class=\"wp-image-34220\" title=\"\" srcset=\"https:\/\/www.meatprocessingmachine.org\/wp-content\/uploads\/2018\/10\/Brine-injector-machine-details-3.webp 720w, https:\/\/www.meatprocessingmachine.org\/wp-content\/uploads\/2018\/10\/Brine-injector-machine-details-3-300x225.webp 300w\" sizes=\"auto, (max-width: 720px) 100vw, 720px\" \/><figcaption class=\"wp-element-caption\">Details der Salzlake-Injektionsmaschine<\/figcaption><\/figure> <\/figure>    <figure class=\"wp-block-table\"><table><tbody><tr><td>Modell<\/td><td>SL-48<\/td><td>SL-60<\/td><td>SL-80<\/td><td>SL-108<\/td><td>SL-180<\/td><\/tr><tr><td>Spannung (V)<\/td><td>&nbsp;380<\/td><td>&nbsp;380<\/td><td>&nbsp;380<\/td><td>&nbsp;380<\/td><td>&nbsp;380<\/td><\/tr><tr><td>Leistung(kW)<\/td><td>&nbsp;4.1<\/td><td>&nbsp;4.1<\/td><td>&nbsp;5.1<\/td><td>&nbsp;6.2<\/td><td>&nbsp;7<\/td><\/tr><tr><td>Kapazit\u00e4t(kg\/h)<\/td><td>&nbsp;200-300<\/td><td>&nbsp;300-500<\/td><td>500-700&nbsp;<\/td><td>700-900&nbsp;<\/td><td>900-1000&nbsp;<\/td><\/tr><tr><td>Injektionsdruck (Mpa)<\/td><td>&nbsp;0.45-0.9<\/td><td>&nbsp;&nbsp;0.45-0.9<\/td><td>&nbsp;&nbsp;0.45-0.9<\/td><td>&nbsp;&nbsp;0.45-0.9<\/td><td>&nbsp;&nbsp;0.45-0.9<\/td><\/tr><tr><td>Injektionszeit<\/td><td>&nbsp;15-40<\/td><td>15-40&nbsp;<\/td><td>15-50&nbsp;<\/td><td>15-50&nbsp;<\/td><td>15-50&nbsp;<\/td><\/tr><tr><td>Injektionsrate<\/td><td>&nbsp;40-80%<\/td><td>40-80%&nbsp;<\/td><td>&nbsp;40-80%<\/td><td>&nbsp;60-90%<\/td><td>&nbsp;60-90%<\/td><\/tr><tr><td>Gehgeschwindigkeit<\/td><td>&nbsp;40-70<\/td><td>&nbsp;40-70<\/td><td>&nbsp;40-70<\/td><td>40-70&nbsp;<\/td><td>&nbsp;40-70<\/td><\/tr><tr><td>Abmessung<br>750\u00d7560\u00d7710<\/td><td>1350*750<br>*1650&nbsp;<\/td><td>&nbsp;1550*880<br>*1650<\/td><td>&nbsp;1550*1060<br>*1720<\/td><td>&nbsp;1850*1350<br>*1800<\/td><td>&nbsp;1950*1350<br>*1850<\/td><\/tr><tr><td>Gewicht(kg)<\/td><td>&nbsp;250<\/td><td>320&nbsp;<\/td><td>320&nbsp;<\/td><td>430&nbsp;<\/td><td>520&nbsp;<\/td><\/tr><\/tbody><\/table><figcaption class=\"wp-element-caption\">Salzlake-Injektionsmaschine<\/figcaption><\/figure>    <h2 class=\"wp-block-heading\">Wie benutzt man die Salzlake-Injektionsmaschine?<\/h2>    <figure class=\"wp-block-gallery has-nested-images columns-default is-cropped wp-block-gallery-3 is-layout-flex wp-block-gallery-is-layout-flex\"> <figure class=\"wp-block-image size-large\"><img loading=\"lazy\" decoding=\"async\" width=\"720\" height=\"540\" data-id=\"34221\" src=\"https:\/\/www.meatprocessingmachine.org\/wp-content\/uploads\/2018\/10\/saline-injection-machine.webp\" alt=\"Salzlake-Injektionsmaschine\" class=\"wp-image-34221\" title=\"\" srcset=\"https:\/\/www.meatprocessingmachine.org\/wp-content\/uploads\/2018\/10\/saline-injection-machine.webp 720w, https:\/\/www.meatprocessingmachine.org\/wp-content\/uploads\/2018\/10\/saline-injection-machine-300x225.webp 300w\" sizes=\"auto, (max-width: 720px) 100vw, 720px\" \/><figcaption class=\"wp-element-caption\">Salzlake-Injektionsmaschine<\/figcaption><\/figure>    <figure class=\"wp-block-image size-large\"><img loading=\"lazy\" decoding=\"async\" width=\"720\" height=\"540\" data-id=\"34223\" src=\"https:\/\/www.meatprocessingmachine.org\/wp-content\/uploads\/2018\/10\/saline-injection-machine-1.webp\" alt=\"Salzlake-Injektionsmaschine\" class=\"wp-image-34223\" title=\"\" srcset=\"https:\/\/www.meatprocessingmachine.org\/wp-content\/uploads\/2018\/10\/saline-injection-machine-1.webp 720w, https:\/\/www.meatprocessingmachine.org\/wp-content\/uploads\/2018\/10\/saline-injection-machine-1-300x225.webp 300w\" sizes=\"auto, (max-width: 720px) 100vw, 720px\" \/><figcaption class=\"wp-element-caption\">Salzlake-Injektionsmaschine<\/figcaption><\/figure> <\/figure>    <p class=\"translation-block\">Die Salzlake-Injektionsmaschine kann mit dem<a href=\"https:\/\/www.meatprocessingmachine.org\/de\/vacuum-tumbler-machine.html\/\"> Trommelger\u00e4t<\/a> kombiniert werden, um die Verarbeitung zu verk\u00fcrzen, und die Trommelmaschine kann die Unregelm\u00e4\u00dfigkeit der Salzlake nach der Injektion beheben, sie erg\u00e4nzen sich gegenseitig.<\/p>   <h2>Merkmale der Salzlake-Injektionsmaschine<\/h2> <p>1. Hergestellt aus SUS 304 Edelstahl mit einfachem Aufbau und bequemer Bedienung.<br>2. Durchdachtes Design und Struktur, einfache Reinigung, lange Lebensdauer.<br>3. Diese Maschine ist mit einem automatischen Schutzvorrichtung ausgestattet. Wenn die Eintrittsnadel auf harte Gegenst\u00e4nde trifft, hebt sie sich ohne Schaden an. <br>4. Verteilungsbox ist aus rostfreiem Stahl und wasserdicht<\/p>   <figure class=\"wp-block-gallery has-nested-images columns-default is-cropped wp-block-gallery-4 is-layout-flex wp-block-gallery-is-layout-flex\"> <figure class=\"wp-block-image size-large\"><img loading=\"lazy\" decoding=\"async\" width=\"720\" height=\"540\" data-id=\"34215\" src=\"https:\/\/www.meatprocessingmachine.org\/wp-content\/uploads\/2018\/10\/Brine-injector-machine-3.webp\" alt=\"Salzlake-Injektionsmaschine\" class=\"wp-image-34215\" title=\"\" srcset=\"https:\/\/www.meatprocessingmachine.org\/wp-content\/uploads\/2018\/10\/Brine-injector-machine-3.webp 720w, https:\/\/www.meatprocessingmachine.org\/wp-content\/uploads\/2018\/10\/Brine-injector-machine-3-300x225.webp 300w\" sizes=\"auto, (max-width: 720px) 100vw, 720px\" \/><figcaption class=\"wp-element-caption\">Salzlake-Injektionsmaschine<\/figcaption><\/figure>    <figure class=\"wp-block-image size-large\"><img loading=\"lazy\" decoding=\"async\" width=\"720\" height=\"540\" data-id=\"34214\" src=\"https:\/\/www.meatprocessingmachine.org\/wp-content\/uploads\/2018\/10\/Brine-injector-machine-2.webp\" alt=\"Details der Salzlake-Injektionsmaschine\" class=\"wp-image-34214\" title=\"\" srcset=\"https:\/\/www.meatprocessingmachine.org\/wp-content\/uploads\/2018\/10\/Brine-injector-machine-2.webp 720w, https:\/\/www.meatprocessingmachine.org\/wp-content\/uploads\/2018\/10\/Brine-injector-machine-2-300x225.webp 300w\" sizes=\"auto, (max-width: 720px) 100vw, 720px\" \/><figcaption class=\"wp-element-caption\">Details der Salzlake-Injektionsmaschine<\/figcaption><\/figure>    <figure class=\"wp-block-image size-large\"><img loading=\"lazy\" decoding=\"async\" width=\"720\" height=\"540\" data-id=\"34213\" src=\"https:\/\/www.meatprocessingmachine.org\/wp-content\/uploads\/2018\/10\/Brine-injector-machine-1.webp\" alt=\"Salzlake-Injektionsmaschine\" class=\"wp-image-34213\" title=\"\" srcset=\"https:\/\/www.meatprocessingmachine.org\/wp-content\/uploads\/2018\/10\/Brine-injector-machine-1.webp 720w, https:\/\/www.meatprocessingmachine.org\/wp-content\/uploads\/2018\/10\/Brine-injector-machine-1-300x225.webp 300w\" sizes=\"auto, (max-width: 720px) 100vw, 720px\" \/><figcaption class=\"wp-element-caption\">Salzlake-Injektionsmaschine<\/figcaption><\/figure> <\/figure>","protected":false},"excerpt":{"rendered":"<p>Brine injector machine is used to inject salt water, starch, protein and other auxiliary materials into meat for full pickling so as to achieve quick pickling, improve taste and maintain meat nutrition<\/p>","protected":false},"author":1,"featured_media":34211,"parent":0,"template":"","product-type":[598],"class_list":["post-53","product","type-product","status-publish","has-post-thumbnail","hentry","product-type-supporting-auxiliary-equipment"],"_links":{"self":[{"href":"https:\/\/www.meatprocessingmachine.org\/de\/wp-json\/wp\/v2\/product\/53","targetHints":{"allow":["GET"]}}],"collection":[{"href":"https:\/\/www.meatprocessingmachine.org\/de\/wp-json\/wp\/v2\/product"}],"about":[{"href":"https:\/\/www.meatprocessingmachine.org\/de\/wp-json\/wp\/v2\/types\/product"}],"author":[{"embeddable":true,"href":"https:\/\/www.meatprocessingmachine.org\/de\/wp-json\/wp\/v2\/users\/1"}],"wp:featuredmedia":[{"embeddable":true,"href":"https:\/\/www.meatprocessingmachine.org\/de\/wp-json\/wp\/v2\/media\/34211"}],"wp:attachment":[{"href":"https:\/\/www.meatprocessingmachine.org\/de\/wp-json\/wp\/v2\/media?parent=53"}],"wp:term":[{"taxonomy":"product-type","embeddable":true,"href":"https:\/\/www.meatprocessingmachine.org\/de\/wp-json\/wp\/v2\/product-type?post=53"}],"curies":[{"name":"wp","href":"https:\/\/api.w.org\/{rel}","templated":true}]}}