{"id":764,"date":"2020-06-22T06:39:37","date_gmt":"2020-06-21T22:39:37","guid":{"rendered":"http:\/\/www.meatprocessingmachine.org\/?p=764"},"modified":"2026-02-12T16:40:44","modified_gmt":"2026-02-12T08:40:44","slug":"vacuum-stuffing-machine","status":"publish","type":"product","link":"https:\/\/www.meatprocessingmachine.org\/de\/vacuum-stuffing-machine.html","title":{"rendered":"Vakuumf\u00fcllmaschine"},"content":{"rendered":"<div class=\"kk-star-ratings kksr-auto kksr-align-right kksr-valign-top\"     data-payload='{&quot;align&quot;:&quot;right&quot;,&quot;id&quot;:&quot;764&quot;,&quot;slug&quot;:&quot;default&quot;,&quot;valign&quot;:&quot;top&quot;,&quot;ignore&quot;:&quot;&quot;,&quot;reference&quot;:&quot;auto&quot;,&quot;class&quot;:&quot;&quot;,&quot;count&quot;:&quot;0&quot;,&quot;legendonly&quot;:&quot;&quot;,&quot;readonly&quot;:&quot;&quot;,&quot;score&quot;:&quot;0&quot;,&quot;starsonly&quot;:&quot;&quot;,&quot;best&quot;:&quot;5&quot;,&quot;gap&quot;:&quot;5&quot;,&quot;greet&quot;:&quot;Rate this product&quot;,&quot;legend&quot;:&quot;0\\\/5 - (0 votes)&quot;,&quot;size&quot;:&quot;24&quot;,&quot;title&quot;:&quot;Vacuum Stuffing Machine&quot;,&quot;width&quot;:&quot;0&quot;,&quot;_legend&quot;:&quot;{score}\\\/{best} - ({count} {votes})&quot;,&quot;font_factor&quot;:&quot;1.25&quot;}'>              <div class=\"kksr-stars\">      <div class=\"kksr-stars-inactive\">             <div class=\"kksr-star\" data-star=\"1\" style=\"padding-right: 5px\">               <div class=\"kksr-icon\" style=\"width: 24px; height: 24px;\"><\/div>         <\/div>             <div class=\"kksr-star\" data-star=\"2\" style=\"padding-right: 5px\">               <div class=\"kksr-icon\" style=\"width: 24px; height: 24px;\"><\/div>         <\/div>             <div class=\"kksr-star\" data-star=\"3\" style=\"padding-right: 5px\">               <div class=\"kksr-icon\" style=\"width: 24px; height: 24px;\"><\/div>         <\/div>             <div class=\"kksr-star\" data-star=\"4\" style=\"padding-right: 5px\">               <div class=\"kksr-icon\" style=\"width: 24px; height: 24px;\"><\/div>         <\/div>             <div class=\"kksr-star\" data-star=\"5\" style=\"padding-right: 5px\">               <div class=\"kksr-icon\" style=\"width: 24px; height: 24px;\"><\/div>         <\/div>     <\/div>      <div class=\"kksr-stars-active\" style=\"width: 0px;\">             <div class=\"kksr-star\" style=\"padding-right: 5px\">               <div class=\"kksr-icon\" style=\"width: 24px; height: 24px;\"><\/div>         <\/div>             <div class=\"kksr-star\" style=\"padding-right: 5px\">               <div class=\"kksr-icon\" style=\"width: 24px; height: 24px;\"><\/div>         <\/div>             <div class=\"kksr-star\" style=\"padding-right: 5px\">               <div class=\"kksr-icon\" style=\"width: 24px; height: 24px;\"><\/div>         <\/div>             <div class=\"kksr-star\" style=\"padding-right: 5px\">               <div class=\"kksr-icon\" style=\"width: 24px; height: 24px;\"><\/div>         <\/div>             <div class=\"kksr-star\" style=\"padding-right: 5px\">               <div class=\"kksr-icon\" style=\"width: 24px; height: 24px;\"><\/div>         <\/div>     <\/div> <\/div>                   <div class=\"kksr-legend\" style=\"font-size: 19.2px;\">             <span class=\"kksr-muted\">Bewerten Sie dieses Produkt<\/span>     <\/div>     <\/div>  <p>Eine Vakuumf\u00fcllmaschine ist eine notwendige Ausr\u00fcstung f\u00fcr das Mischen, hoch effizient und einfach zu bedienen. Sie ist die erste Wahl f\u00fcr die Herstellung von luftgetrockneten Darmprodukten, granulierten und schlammigen Mischdarmprodukten sowie Pelletprodukten und optional f\u00fcr die Herstellung von Teigtaschen und Wantons.<\/p>    <figure class=\"wp-block-image size-large\"><img loading=\"lazy\" decoding=\"async\" width=\"750\" height=\"750\" src=\"http:\/\/www.meatprocessingmachine.org\/wp-content\/uploads\/2020\/06\/vacuum-stuffing-machine-1-1.jpg\" alt=\"\" class=\"wp-image-768\" title=\"\" srcset=\"https:\/\/www.meatprocessingmachine.org\/wp-content\/uploads\/2020\/06\/vacuum-stuffing-machine-1-1.jpg 750w, https:\/\/www.meatprocessingmachine.org\/wp-content\/uploads\/2020\/06\/vacuum-stuffing-machine-1-1-300x300.jpg 300w, https:\/\/www.meatprocessingmachine.org\/wp-content\/uploads\/2020\/06\/vacuum-stuffing-machine-1-1-150x150.jpg 150w\" sizes=\"auto, (max-width: 750px) 100vw, 750px\" \/><figcaption><\/figcaption><\/figure>    <h2 class=\"wp-block-heading\" id=\"h-features-of-vacuum-stuffing-machine\">Merkmale der Vakuumf\u00fcllmaschine<\/h2>    <p>Das Material wird durch eine Vakuumvorrichtung unter Unterdruck gesetzt. Es wird vollst\u00e4ndig expandiert, ohne Blasen, mit guter Elastizit\u00e4t und leuchtender Farbe. Die maximale Proteinausbeute macht es zur idealen Ausr\u00fcstung zur Verbesserung der Produktqualit\u00e4t.<\/p>    <figure class=\"wp-block-image size-large\"><img loading=\"lazy\" decoding=\"async\" width=\"550\" height=\"366\" src=\"http:\/\/www.meatprocessingmachine.org\/wp-content\/uploads\/2020\/06\/vacuum-stuffing-machine-2.jpg\" alt=\"\" class=\"wp-image-766\" title=\"\" srcset=\"https:\/\/www.meatprocessingmachine.org\/wp-content\/uploads\/2020\/06\/vacuum-stuffing-machine-2.jpg 550w, https:\/\/www.meatprocessingmachine.org\/wp-content\/uploads\/2020\/06\/vacuum-stuffing-machine-2-300x200.jpg 300w\" sizes=\"auto, (max-width: 550px) 100vw, 550px\" \/><figcaption><\/figcaption><\/figure>    <h2 class=\"wp-block-heading\" id=\"h-advantages-of-vacuum-stuffing-machine\">Vorteile der Vakuumf\u00fcllmaschine<\/h2>    <p>2. Verwendet doppelte Geschwindigkeit und doppelte Leistung, w\u00e4hlt je nach Art und Prozess der Mischf\u00fcllung unterschiedliche Drehzahlen und Betriebsmodi.<\/p>    <p>3. Alle Vakuumversiegelungsger\u00e4te verwenden hochwertige Dichtungen, die den Gesundheitsstandards entsprechen.<\/p>    <p>4. Im Vakuumzustand wird die F\u00fcllung gleichm\u00e4\u00dfig ger\u00fchrt, vollst\u00e4ndig expandiert, mit guter Elastizit\u00e4t und leuchtender Farbe.<\/p>    <p>5. Die Abdichtung des Oberdeckels und der Entladet\u00fcr besteht aus einem hochwertigen Silikongurt, der einfach zu bedienen, zuverl\u00e4ssig und langlebig ist.<\/p>    <p>6. Die Maschine verwendet hochwertigen Edelstahl, ist leicht zu reinigen und sch\u00f6n. Entspricht den nationalen Gesundheitsstandards.<\/p>    <p>Nein.<\/p>    <figure class=\"wp-block-image size-large\"><img loading=\"lazy\" decoding=\"async\" width=\"550\" height=\"366\" src=\"http:\/\/www.meatprocessingmachine.org\/wp-content\/uploads\/2020\/06\/vacuum-stuffing-machine3.jpg\" alt=\"\" class=\"wp-image-765\" title=\"\" srcset=\"https:\/\/www.meatprocessingmachine.org\/wp-content\/uploads\/2020\/06\/vacuum-stuffing-machine3.jpg 550w, https:\/\/www.meatprocessingmachine.org\/wp-content\/uploads\/2020\/06\/vacuum-stuffing-machine3-300x200.jpg 300w\" sizes=\"auto, (max-width: 550px) 100vw, 550px\" \/><figcaption><\/figcaption><\/figure>    <h2 class=\"wp-block-heading\" id=\"h-technical-parameter-of-vacuum-stuffing-machine\">Technische Parameter der Vakuumf\u00fcllmaschine<\/h2>    <figure class=\"wp-block-table\"><table><tbody><tr><td>Gewicht\/kg<\/td><td>Gr\u00f6\u00dfe\/mm<\/td><td>Leistung\/kW<\/td><td>SL-50<\/td><td>SL-100<\/td><\/tr><tr><td>SL-150<\/td><td>50<\/td><td>100<\/td><td>820*380*760<\/td><td>1.1<\/td><\/tr><tr><td>SL-200<\/td><td>100<\/td><td>200<\/td><td>1300*510*910<\/td><td>1.5<\/td><\/tr><tr><td>SL-300<\/td><td>150<\/td><td>260<\/td><td>1470*520*910<\/td><td>1.75<\/td><\/tr><tr><td>1. Stellen Sie die Maschine reibungslos in die Arbeitsposition.<\/td><td>200<\/td><td>300<\/td><td>1550*690*1140<\/td><td>2.2<\/td><\/tr><tr><td>2. \u00dcberpr\u00fcfen Sie, ob sich Fremdk\u00f6rper im Trichter befinden, und reinigen Sie ihn bei Bedarf.<\/td><td>300<\/td><td>350<\/td><td>1630*730*1250<\/td><td>3<\/td><\/tr><\/tbody><\/table><\/figure>    <h2 class=\"wp-block-heading\" id=\"h-installation-and-debugging-of-vacuum-stuffing-machine\">Installation und Fehlerbehebung der Vakuumf\u00fcllmaschine<\/h2>    <p>3. Einschalten. Wenn die Kontrollleuchte leuchtet, ist die Installation korrekt.<\/p>    <p>4. Dr\u00fccken Sie die R\u00fchrtaste, um zu \u00fcberpr\u00fcfen, ob die Drehrichtung des R\u00fchrers korrekt ist.<\/p>    <p>5. \u00dcberpr\u00fcfen Sie, ob der Antrieb des F\u00fcllmischers normal funktioniert und ob es sichtbares R\u00fctteln oder ungew\u00f6hnliche Ger\u00e4usche gibt.<\/p>    <p>Vakuumf\u00fcllmaschine<\/p>    <p>Vakuumf\u00fcllmaschine 1 1<\/p>","protected":false},"excerpt":{"rendered":"<p>A vacuum stuffing machine is necessary equipment for mixing, high efficient and easy to operate. It is the first choice for making air-dried intestinal products, granular and muddy mixed intestinal products, and pellet products, as well as the optional equipment for producing dumplings and wontons. Features of vacuum stuffing machine The material is placed under [&hellip;]<\/p>\n","protected":false},"author":1,"featured_media":763,"parent":0,"template":"","product-type":[598],"class_list":["post-764","product","type-product","status-publish","has-post-thumbnail","hentry","product-type-supporting-auxiliary-equipment"],"_links":{"self":[{"href":"https:\/\/www.meatprocessingmachine.org\/de\/wp-json\/wp\/v2\/product\/764","targetHints":{"allow":["GET"]}}],"collection":[{"href":"https:\/\/www.meatprocessingmachine.org\/de\/wp-json\/wp\/v2\/product"}],"about":[{"href":"https:\/\/www.meatprocessingmachine.org\/de\/wp-json\/wp\/v2\/types\/product"}],"author":[{"embeddable":true,"href":"https:\/\/www.meatprocessingmachine.org\/de\/wp-json\/wp\/v2\/users\/1"}],"wp:featuredmedia":[{"embeddable":true,"href":"https:\/\/www.meatprocessingmachine.org\/de\/wp-json\/wp\/v2\/media\/763"}],"wp:attachment":[{"href":"https:\/\/www.meatprocessingmachine.org\/de\/wp-json\/wp\/v2\/media?parent=764"}],"wp:term":[{"taxonomy":"product-type","embeddable":true,"href":"https:\/\/www.meatprocessingmachine.org\/de\/wp-json\/wp\/v2\/product-type?post=764"}],"curies":[{"name":"wp","href":"https:\/\/api.w.org\/{rel}","templated":true}]}}