{"id":839,"date":"2020-10-29T15:43:39","date_gmt":"2020-10-29T07:43:39","guid":{"rendered":"http:\/\/www.meatprocessingmachine.org\/?p=839"},"modified":"2026-02-12T16:12:05","modified_gmt":"2026-02-12T08:12:05","slug":"sausage-production-line-for-sausage-making","status":"publish","type":"product","link":"https:\/\/www.meatprocessingmachine.org\/de\/sausage-production-line-for-sausage-making.html","title":{"rendered":"Wurstproduktionslinie"},"content":{"rendered":"<div class=\"kk-star-ratings kksr-auto kksr-align-right kksr-valign-top\"     data-payload='{&quot;align&quot;:&quot;right&quot;,&quot;id&quot;:&quot;839&quot;,&quot;slug&quot;:&quot;default&quot;,&quot;valign&quot;:&quot;top&quot;,&quot;ignore&quot;:&quot;&quot;,&quot;reference&quot;:&quot;auto&quot;,&quot;class&quot;:&quot;&quot;,&quot;count&quot;:&quot;0&quot;,&quot;legendonly&quot;:&quot;&quot;,&quot;readonly&quot;:&quot;&quot;,&quot;score&quot;:&quot;0&quot;,&quot;starsonly&quot;:&quot;&quot;,&quot;best&quot;:&quot;5&quot;,&quot;gap&quot;:&quot;5&quot;,&quot;greet&quot;:&quot;Rate this product&quot;,&quot;legend&quot;:&quot;0\\\/5 - (0 votes)&quot;,&quot;size&quot;:&quot;24&quot;,&quot;title&quot;:&quot;Sausage Production Line&quot;,&quot;width&quot;:&quot;0&quot;,&quot;_legend&quot;:&quot;{score}\\\/{best} - ({count} {votes})&quot;,&quot;font_factor&quot;:&quot;1.25&quot;}'>              <div class=\"kksr-stars\">      <div class=\"kksr-stars-inactive\">             <div class=\"kksr-star\" data-star=\"1\" style=\"padding-right: 5px\">               <div class=\"kksr-icon\" style=\"width: 24px; height: 24px;\"><\/div>         <\/div>             <div class=\"kksr-star\" data-star=\"2\" style=\"padding-right: 5px\">               <div class=\"kksr-icon\" style=\"width: 24px; height: 24px;\"><\/div>         <\/div>             <div class=\"kksr-star\" data-star=\"3\" style=\"padding-right: 5px\">               <div class=\"kksr-icon\" style=\"width: 24px; height: 24px;\"><\/div>         <\/div>             <div class=\"kksr-star\" data-star=\"4\" style=\"padding-right: 5px\">               <div class=\"kksr-icon\" style=\"width: 24px; height: 24px;\"><\/div>         <\/div>             <div class=\"kksr-star\" data-star=\"5\" style=\"padding-right: 5px\">               <div class=\"kksr-icon\" style=\"width: 24px; height: 24px;\"><\/div>         <\/div>     <\/div>      <div class=\"kksr-stars-active\" style=\"width: 0px;\">             <div class=\"kksr-star\" style=\"padding-right: 5px\">               <div class=\"kksr-icon\" style=\"width: 24px; height: 24px;\"><\/div>         <\/div>             <div class=\"kksr-star\" style=\"padding-right: 5px\">               <div class=\"kksr-icon\" style=\"width: 24px; height: 24px;\"><\/div>         <\/div>             <div class=\"kksr-star\" style=\"padding-right: 5px\">               <div class=\"kksr-icon\" style=\"width: 24px; height: 24px;\"><\/div>         <\/div>             <div class=\"kksr-star\" style=\"padding-right: 5px\">               <div class=\"kksr-icon\" style=\"width: 24px; height: 24px;\"><\/div>         <\/div>             <div class=\"kksr-star\" style=\"padding-right: 5px\">               <div class=\"kksr-icon\" style=\"width: 24px; height: 24px;\"><\/div>         <\/div>     <\/div> <\/div>                   <div class=\"kksr-legend\" style=\"font-size: 19.2px;\">             <span class=\"kksr-muted\">Bewerten Sie dieses Produkt<\/span>     <\/div>     <\/div>  <p>Die Wurstproduktionslinie umfasst eine Reihe von Wurstmaschinen f\u00fcr die Wurstherstellung. Sie beinhaltet eine Fleischm\u00fchle, Fleischschneidemaschine, Vakuummischer, Wurstf\u00fcllmaschine, Fleischr\u00e4ucherofen, Vakuumverpackungsmaschine und andere Ger\u00e4te. Diese Wurstverarbeitungsmaschinen sind stabil gebaut und einfach zu bedienen, ideal f\u00fcr die Wurstproduktion.<\/p>    <h2 class=\"wp-block-heading\" id=\"h-brief-introduction-of-sausage\">Kurze Einf\u00fchrung in Wurst<\/h2>    <p>Wurst ist eine sehr alte Technologie der Lebensmittelherstellung und Fleischkonservierung. Sie entsteht, indem man Fleisch in die D\u00e4rme von Schweinen oder Schafen f\u00fcllt und dann r\u00e4uchert. Die ger\u00e4ucherte Wurst hat eine leuchtend rote Farbe und einen reichen Geschmack. Sie ist ein sehr beliebtes Lebensmittel.<\/p>    <h2 class=\"wp-block-heading\" id=\"h-types-of-sausages\">Arten von W\u00fcrsten<\/h2>    <p>Auf dem Markt gibt es zwei g\u00e4ngige W\u00fcrste, eine ist die P\u00fcreewurst und die andere die Fleischpartikelwurst.<\/p>    <p>Der Hauptunterschied zwischen den beiden Wurstarten liegt in den verwendeten Rohstoffen. Auch die fertigen W\u00fcrste unterscheiden sich.<\/p>    <div class=\"wp-block-columns is-layout-flex wp-container-core-columns-is-layout-9d6595d7 wp-block-columns-is-layout-flex\"> <div class=\"wp-block-column is-layout-flow wp-block-column-is-layout-flow\"> <figure class=\"wp-block-image size-large\"><img loading=\"lazy\" decoding=\"async\" width=\"550\" height=\"350\" src=\"http:\/\/www.meatprocessingmachine.org\/wp-content\/uploads\/2020\/10\/mashed-meat-sausage.jpg\" alt=\"mashed meat sausage\" class=\"wp-image-851\" title=\"\" srcset=\"https:\/\/www.meatprocessingmachine.org\/wp-content\/uploads\/2020\/10\/mashed-meat-sausage.jpg 550w, https:\/\/www.meatprocessingmachine.org\/wp-content\/uploads\/2020\/10\/mashed-meat-sausage-300x191.jpg 300w\" sizes=\"auto, (max-width: 550px) 100vw, 550px\" \/><figcaption class=\"wp-element-caption\">P\u00fcrierte Fleischwurst<\/figcaption><\/figure> <\/div>    <div class=\"wp-block-column is-layout-flow wp-block-column-is-layout-flow\"> <figure class=\"wp-block-image size-large\"><img loading=\"lazy\" decoding=\"async\" width=\"550\" height=\"350\" src=\"http:\/\/www.meatprocessingmachine.org\/wp-content\/uploads\/2020\/10\/pellets-meat-sausage.png\" alt=\"pellets meat sausage\" class=\"wp-image-852\" title=\"\" srcset=\"https:\/\/www.meatprocessingmachine.org\/wp-content\/uploads\/2020\/10\/pellets-meat-sausage.png 550w, https:\/\/www.meatprocessingmachine.org\/wp-content\/uploads\/2020\/10\/pellets-meat-sausage-300x191.png 300w\" sizes=\"auto, (max-width: 550px) 100vw, 550px\" \/><figcaption class=\"wp-element-caption\">Pelletfleischwurst<\/figcaption><\/figure> <\/div> <\/div>    <p>Mit Fleischpellets hergestellte W\u00fcrste sind h\u00e4rter als W\u00fcrste aus p\u00fcriertem Fleisch. Je nach Rohmaterial unterscheiden sich die f\u00fcr die beiden Wurstarten erforderlichen Maschinen leicht.<\/p>    <h2 class=\"wp-block-heading\" id=\"h-sausage-processing-steps\">Schritte der Wurstverarbeitung<\/h2>    <div class=\"wp-block-group\"><div class=\"wp-block-group__inner-container is-layout-flow wp-block-group-is-layout-flow\"><\/div><\/div>    <div class=\"wp-block-group\"><div class=\"wp-block-group__inner-container is-layout-flow wp-block-group-is-layout-flow\"> <div class=\"wp-block-columns is-layout-flex wp-container-core-columns-is-layout-9d6595d7 wp-block-columns-is-layout-flex\"> <div class=\"wp-block-column is-layout-flow wp-block-column-is-layout-flow\"> <figure class=\"wp-block-image size-large\"><img loading=\"lazy\" decoding=\"async\" width=\"720\" height=\"540\" src=\"http:\/\/www.meatprocessingmachine.org\/wp-content\/uploads\/2020\/10\/mashed-sausage-making-machines.jpg\" alt=\"mashed sausage making machines\" class=\"wp-image-843\" title=\"\" srcset=\"https:\/\/www.meatprocessingmachine.org\/wp-content\/uploads\/2020\/10\/mashed-sausage-making-machines.jpg 720w, https:\/\/www.meatprocessingmachine.org\/wp-content\/uploads\/2020\/10\/mashed-sausage-making-machines-300x225.jpg 300w\" sizes=\"auto, (max-width: 720px) 100vw, 720px\" \/><figcaption class=\"wp-element-caption\">P\u00fcreewurstmaschinen<\/figcaption><\/figure>    <p style=\"font-size:18px\">Schritte der P\u00fcreewurstherstellung: Fleischmahlung, Fleischschneiden, Fleischmischen, F\u00fcllen, R\u00e4uchern und Verpacken.<\/p> <\/div>    <div class=\"wp-block-column is-layout-flow wp-block-column-is-layout-flow\"> <figure class=\"wp-block-image size-large\"><img loading=\"lazy\" decoding=\"async\" width=\"720\" height=\"540\" src=\"http:\/\/www.meatprocessingmachine.org\/wp-content\/uploads\/2020\/10\/meat-pellets-sausage-making-machines.jpg\" alt=\"meat pellets sausage making machines\" class=\"wp-image-844\" title=\"\" srcset=\"https:\/\/www.meatprocessingmachine.org\/wp-content\/uploads\/2020\/10\/meat-pellets-sausage-making-machines.jpg 720w, https:\/\/www.meatprocessingmachine.org\/wp-content\/uploads\/2020\/10\/meat-pellets-sausage-making-machines-300x225.jpg 300w\" sizes=\"auto, (max-width: 720px) 100vw, 720px\" \/><figcaption class=\"wp-element-caption\">Wurstherstellungsmaschinen f\u00fcr Fleischpellets<\/figcaption><\/figure>    <p style=\"font-size:18px\">Schritte der Wurstherstellung mit Fleischpellets: Fleischmahlung, Fleischmischen, F\u00fcllen, R\u00e4uchern und Verpacken.<\/p> <\/div> <\/div> <\/div><\/div>    <p>Der Herstellungsprozess von P\u00fcreew\u00fcrsten ist ungef\u00e4hr derselbe wie bei Pelletw\u00fcrsten, und P\u00fcreew\u00fcrste haben einen zus\u00e4tzlichen Schritt des Schneidens und Emulgierens des Fleisches im Vergleich zu Fleischpelletw\u00fcrsten. Im Folgenden wird eine Beispiel-Produktionslinie f\u00fcr P\u00fcreew\u00fcrste vorgestellt, um den Wurstherstellungsprozess zu erl\u00e4utern.<\/p>    <ul class=\"wp-block-list\"> <li><strong>Auswahl der Rohstoffe<\/strong> &nbsp;  Die Rohstoffe f\u00fcr Wurst sollten von qualifiziertem Schweine- oder Rindfleisch stammen.<\/li>    <li><strong>Fleischmahlung&nbsp;&nbsp;<\/strong>      Das gefrorene Fleisch in die Fleischm\u00fchle geben, die Fleischm\u00fchle verwendet in der Regel eine 6-8 mm Siebplatte, um die feinen Streifen herzustellen.<\/li>    <li><strong>Fleischschneiden<\/strong> &nbsp;        Die Klingen der Fleischschneidemaschine schneiden das Fleisch bei hoher Geschwindigkeit in einen P\u00fcreezustand.<\/li>    <li><strong>Vakuummischung f\u00fcr Fleisch&nbsp;<\/strong>&nbsp;   Das gehackte Fleisch und die Gew\u00fcrze in den Vakuummischer geben und verr\u00fchren. In einer Vakuumumgebung dringt die W\u00fcrzung so tief wie m\u00f6glich in das Fleisch ein, um die Qualit\u00e4t zu sichern.<\/li>    <li><strong>Wurstf\u00fcllung<\/strong> &nbsp;      &nbsp;Reinigen Sie die Innenseite der ausgew\u00e4hlten Trockenh\u00fclle mit warmem Wasser bei 30-35\u00b0C. Nach dem Abtropfen verwenden Sie eine Vakuum-Wurstf\u00fcllmaschine, um das Fleisch in die H\u00fclle zu f\u00fcllen. Beim F\u00fcllen des Fleisches sollte die Einlauf\u00f6ffnung vollst\u00e4ndig gef\u00fcllt sein, keine Luft im Darm sein und die beiden Enden fest verknotet werden.<\/li>    <li><strong><a href=\"http:\/\/www.meatprocessingmachine.org\/de\/sausage-binding-tying-machine.html\/\">Wurstbindung<\/a><\/strong>          &nbsp;In der Wurstherstellungsanlage wird eine Bindemaschine verwendet, um die W\u00fcrste in Sektionen zu binden. Das Garn entsprechend einer bestimmten L\u00e4nge binden, um eine gleichm\u00e4\u00dfige Wurstbalance zu gew\u00e4hrleisten.<\/li>    <li><strong>Wurstr\u00e4uchern<\/strong>&nbsp;   &nbsp;Der R\u00e4ucherofen hat die Funktionen Backen, D\u00e4mpfen und R\u00e4uchern. Er kann alle Schritte des Wurstr\u00e4ucherns realisieren. Die ger\u00e4ucherte Wurst hat eine gl\u00e4nzende Oberfl\u00e4che.<\/li>    <li><strong>Vakuumverpackung <\/strong>  &nbsp;In der Regel w\u00e4hlen Sie eine Vakuumverpackungsmaschine, um W\u00fcrste zu verpacken. Dadurch ist der Transport und die Lagerung bequem.<\/li> <\/ul>    <h2 class=\"wp-block-heading\" id=\"h-sausage-making-machines-parameters\">Parameter der Wurstherstellungsmaschine<\/h2>    <figure class=\"wp-block-table\"><table><tbody><tr><td><strong>Nummer<\/strong><strong><\/strong><\/td><td><strong>Name<\/strong><strong><\/strong><\/td><td><strong>Bild<\/strong><strong><\/strong><\/td><td><strong>Parameter<\/strong><strong><\/strong><\/td><\/tr><tr><td>1<\/td><td>Fleischwolfmaschine<\/td><td>&nbsp;         <img loading=\"lazy\" decoding=\"async\" width=\"150\" height=\"95\" class=\"wp-image-845\" style=\"width: 150px;\" src=\"http:\/\/www.meatprocessingmachine.org\/wp-content\/uploads\/2020\/10\/meat-grinding-machine.jpg\" alt=\"meat grinding machine\" title=\"\" srcset=\"https:\/\/www.meatprocessingmachine.org\/wp-content\/uploads\/2020\/10\/meat-grinding-machine.jpg 550w, https:\/\/www.meatprocessingmachine.org\/wp-content\/uploads\/2020\/10\/meat-grinding-machine-300x191.jpg 300w\" sizes=\"auto, (max-width: 150px) 100vw, 150px\" \/>           <\/td><td>Kapazit\u00e4t: 500 kg\/h<br>Leistung: 3,0 kW<br>Spannung: 380 V \/ 50 Hz<br>Gr\u00f6\u00dfe: 980*580*940 mm<br>Gewicht: 180 kg&nbsp;<\/td><\/tr><tr><td>2<\/td><td>Fleischschneidemaschine<\/td><td>&nbsp;<img loading=\"lazy\" decoding=\"async\" width=\"150\" height=\"95\" class=\"wp-image-846\" style=\"width: 150px;\" src=\"http:\/\/www.meatprocessingmachine.org\/wp-content\/uploads\/2020\/10\/meat-cutting-machine.jpg\" alt=\"Gro\u00dfer Frischfleischschneider\" title=\"\" srcset=\"https:\/\/www.meatprocessingmachine.org\/wp-content\/uploads\/2020\/10\/meat-cutting-machine.jpg 550w, https:\/\/www.meatprocessingmachine.org\/wp-content\/uploads\/2020\/10\/meat-cutting-machine-300x191.jpg 300w\" sizes=\"auto, (max-width: 150px) 100vw, 150px\" \/><\/td><td>Kapazit\u00e4t: 40 kg \/ Zeit<br>Leistung: 13,17 kW<br>Spannung: 380 V \/ 50 Hz<br>Gr\u00f6\u00dfe: 1250*1415*1610 mm<br>Gewicht: 480 kg&nbsp;<\/td><\/tr><tr><td>3<\/td><td><a href=\"http:\/\/www.meatprocessingmachine.org\/de\/vacuum-stuffing-machine.html\/\">Fleischmischmaschine<\/a><\/td><td>&nbsp;<img loading=\"lazy\" decoding=\"async\" width=\"150\" height=\"95\" class=\"wp-image-847\" style=\"width: 150px;\" src=\"http:\/\/www.meatprocessingmachine.org\/wp-content\/uploads\/2020\/10\/vacuum-meat-mixer-machine.jpg\" alt=\"vacuum meat mixer machine\" title=\"\" srcset=\"https:\/\/www.meatprocessingmachine.org\/wp-content\/uploads\/2020\/10\/vacuum-meat-mixer-machine.jpg 550w, https:\/\/www.meatprocessingmachine.org\/wp-content\/uploads\/2020\/10\/vacuum-meat-mixer-machine-300x191.jpg 300w\" sizes=\"auto, (max-width: 150px) 100vw, 150px\" \/><\/td><td>Kink-Geschwindigkeit: 100 Mal \/ min<br>Produktion: 200-300 kg\/h<br>Mengenbereich: 20-500 g<br>Spannung: 220 V \/ 50 Hz<br>Arbeitsh\u00f6he des Arbeitszentrums: 850 mm<br>Gesamtabmessungen: 650*640*1430 mm<br>Gewicht: 145 kg&nbsp;<\/td><\/tr><tr><td>4<\/td><td>Wurstf\u00fcllmaschine<\/td><td>&nbsp;<img loading=\"lazy\" decoding=\"async\" width=\"150\" height=\"95\" class=\"wp-image-848\" style=\"width: 150px;\" src=\"http:\/\/www.meatprocessingmachine.org\/wp-content\/uploads\/2020\/10\/sausage-filling-machine.jpg\" alt=\"Wurstf\u00fcllmaschine\" title=\"\" srcset=\"https:\/\/www.meatprocessingmachine.org\/wp-content\/uploads\/2020\/10\/sausage-filling-machine.jpg 550w, https:\/\/www.meatprocessingmachine.org\/wp-content\/uploads\/2020\/10\/sausage-filling-machine-300x191.jpg 300w\" sizes=\"auto, (max-width: 150px) 100vw, 150px\" \/><\/td><td>Kink-Geschwindigkeit: 100 Mal \/ min<br>Produktion: 200-300 kg\/h<br>Mengenbereich: 20-500 g<br>Spannung: 220 V \/ 50 Hz<br>Arbeitsh\u00f6he des Arbeitszentrums: 850 mm<br>Gesamtabmessungen: 650*640*1430 mm<br>Gewicht: 145 kg&nbsp;<\/td><\/tr><tr><td>5<\/td><td><a href=\"http:\/\/www.meatprocessingmachine.org\/de\/meat-smoking-oven.html\/\">R\u00e4ucherofen f\u00fcr W\u00fcrste<\/a><\/td><td>&nbsp;<img loading=\"lazy\" decoding=\"async\" width=\"150\" height=\"95\" class=\"wp-image-849\" style=\"width: 150px;\" src=\"http:\/\/www.meatprocessingmachine.org\/wp-content\/uploads\/2020\/10\/sausage-smoking-machine.jpg\" alt=\"sausage smoking machine\" title=\"\" srcset=\"https:\/\/www.meatprocessingmachine.org\/wp-content\/uploads\/2020\/10\/sausage-smoking-machine.jpg 550w, https:\/\/www.meatprocessingmachine.org\/wp-content\/uploads\/2020\/10\/sausage-smoking-machine-300x191.jpg 300w\" sizes=\"auto, (max-width: 150px) 100vw, 150px\" \/><\/td><td>Kapazit\u00e4t: 300-400 kg\/h<br>Volumen: 200 l<br>Antriebskraft: 2,75 kW<br>Spannung: 380 V 50 Hz<br>Gesamtabmessungen: 1400*670*1150 mm&nbsp;<\/td><\/tr><tr><td>6<\/td><td>Vakuumverpackungsmaschine<\/td><td>&nbsp;<img loading=\"lazy\" decoding=\"async\" width=\"150\" height=\"95\" class=\"wp-image-850\" style=\"width: 150px;\" src=\"http:\/\/www.meatprocessingmachine.org\/wp-content\/uploads\/2020\/10\/sausage-packaging-machine.jpg\" alt=\"sausage packaging machine\" title=\"\" srcset=\"https:\/\/www.meatprocessingmachine.org\/wp-content\/uploads\/2020\/10\/sausage-packaging-machine.jpg 550w, https:\/\/www.meatprocessingmachine.org\/wp-content\/uploads\/2020\/10\/sausage-packaging-machine-300x191.jpg 300w\" sizes=\"auto, (max-width: 150px) 100vw, 150px\" \/><\/td><td>Pumpenleistung: 2,25 kW<br>Hei\u00dfsiegel-Leistung: 1,5 kW<br>Gr\u00f6\u00dfe: 1460*750*960 mm<br>Gewicht: 185 kg<\/td><\/tr><\/tbody><\/table><\/figure>    <h2 class=\"wp-block-heading\" id=\"h-advantages-of-the-sausage-production-line\">Vorteile der Wurstproduktionslinie<\/h2>    <ol class=\"wp-block-list\"> <li>Die Wurstfabrik hat eine gro\u00dfe Leistung, einfache Bedienung und hohe Investitionsrendite.<\/li>    <li>Alle Wurstverarbeitungsmaschinen sind aus lebensmittelechtem Edelstahl gefertigt, was den Lebensmittelsicherheits- und Hygienestandards entspricht.<\/li>    <li>Alle Wurstmaschinen in der Produktionslinie werden \u00fcber automatische Touchscreens gesteuert, und die elektrischen Komponenten sind importierte Produkte, um die Haltbarkeit der Maschinen zu gew\u00e4hrleisten.<\/li>    <li>Das Endprodukt der Wurst hat eine gute Farbe und hohe Qualit\u00e4t.<\/li>    <li>Das Schneide- und Einlaufger\u00e4t sind mit Sicherheitsvorrichtungen ausgestattet, um einen sicheren Betrieb zu gew\u00e4hrleisten.<\/li>    <li>Die Wurstproduktionslinie hat eine kontinuierliche Produktionskapazit\u00e4t, schnelle Entladungsrate und hohe Produktionsleistung. Sie ist eine ideale Ausr\u00fcstung f\u00fcr die Wurstverarbeitung.<\/li> <\/ol>","protected":false},"excerpt":{"rendered":"<p>Die Wurstproduktionslinie enth\u00e4lt eine Reihe von Wurstherstellungsmaschinen f\u00fcr die Wurstherstellung. Sie zeichnet sich durch einfache Bedienung, hohe Produktionsleistung und niedrige Investitionskosten aus.<\/p>","protected":false},"author":1,"featured_media":853,"parent":0,"template":"","product-type":[597],"class_list":["post-839","product","type-product","status-publish","has-post-thumbnail","hentry","product-type-production-line"],"_links":{"self":[{"href":"https:\/\/www.meatprocessingmachine.org\/de\/wp-json\/wp\/v2\/product\/839","targetHints":{"allow":["GET"]}}],"collection":[{"href":"https:\/\/www.meatprocessingmachine.org\/de\/wp-json\/wp\/v2\/product"}],"about":[{"href":"https:\/\/www.meatprocessingmachine.org\/de\/wp-json\/wp\/v2\/types\/product"}],"author":[{"embeddable":true,"href":"https:\/\/www.meatprocessingmachine.org\/de\/wp-json\/wp\/v2\/users\/1"}],"wp:featuredmedia":[{"embeddable":true,"href":"https:\/\/www.meatprocessingmachine.org\/de\/wp-json\/wp\/v2\/media\/853"}],"wp:attachment":[{"href":"https:\/\/www.meatprocessingmachine.org\/de\/wp-json\/wp\/v2\/media?parent=839"}],"wp:term":[{"taxonomy":"product-type","embeddable":true,"href":"https:\/\/www.meatprocessingmachine.org\/de\/wp-json\/wp\/v2\/product-type?post=839"}],"curies":[{"name":"wp","href":"https:\/\/api.w.org\/{rel}","templated":true}]}}