{"id":875,"date":"2020-11-04T16:33:10","date_gmt":"2020-11-04T08:33:10","guid":{"rendered":"http:\/\/www.meatprocessingmachine.org\/?p=875"},"modified":"2026-02-12T16:40:19","modified_gmt":"2026-02-12T08:40:19","slug":"industrial-sausage-stuffer-machine-in-sausage-manufacturing","status":"publish","type":"product","link":"https:\/\/www.meatprocessingmachine.org\/de\/industrial-sausage-stuffer-machine-in-sausage-manufacturing.html","title":{"rendered":"Industrielle Wurstf\u00fcllmaschine in der Wurstherstellung"},"content":{"rendered":"<div class=\"kk-star-ratings kksr-auto kksr-align-right kksr-valign-top\"     data-payload='{&quot;align&quot;:&quot;right&quot;,&quot;id&quot;:&quot;875&quot;,&quot;slug&quot;:&quot;default&quot;,&quot;valign&quot;:&quot;top&quot;,&quot;ignore&quot;:&quot;&quot;,&quot;reference&quot;:&quot;auto&quot;,&quot;class&quot;:&quot;&quot;,&quot;count&quot;:&quot;0&quot;,&quot;legendonly&quot;:&quot;&quot;,&quot;readonly&quot;:&quot;&quot;,&quot;score&quot;:&quot;0&quot;,&quot;starsonly&quot;:&quot;&quot;,&quot;best&quot;:&quot;5&quot;,&quot;gap&quot;:&quot;5&quot;,&quot;greet&quot;:&quot;Rate this product&quot;,&quot;legend&quot;:&quot;0\\\/5 - (0 votes)&quot;,&quot;size&quot;:&quot;24&quot;,&quot;title&quot;:&quot;Industrial sausage stuffer machine in sausage manufacturing&quot;,&quot;width&quot;:&quot;0&quot;,&quot;_legend&quot;:&quot;{score}\\\/{best} - ({count} {votes})&quot;,&quot;font_factor&quot;:&quot;1.25&quot;}'>              <div class=\"kksr-stars\">      <div class=\"kksr-stars-inactive\">             <div class=\"kksr-star\" data-star=\"1\" style=\"padding-right: 5px\">               <div class=\"kksr-icon\" style=\"width: 24px; height: 24px;\"><\/div>         <\/div>             <div class=\"kksr-star\" data-star=\"2\" style=\"padding-right: 5px\">               <div class=\"kksr-icon\" style=\"width: 24px; height: 24px;\"><\/div>         <\/div>             <div class=\"kksr-star\" data-star=\"3\" style=\"padding-right: 5px\">               <div class=\"kksr-icon\" style=\"width: 24px; height: 24px;\"><\/div>         <\/div>             <div class=\"kksr-star\" data-star=\"4\" style=\"padding-right: 5px\">               <div class=\"kksr-icon\" style=\"width: 24px; height: 24px;\"><\/div>         <\/div>             <div class=\"kksr-star\" data-star=\"5\" style=\"padding-right: 5px\">               <div class=\"kksr-icon\" style=\"width: 24px; height: 24px;\"><\/div>         <\/div>     <\/div>      <div class=\"kksr-stars-active\" style=\"width: 0px;\">             <div class=\"kksr-star\" style=\"padding-right: 5px\">               <div class=\"kksr-icon\" style=\"width: 24px; height: 24px;\"><\/div>         <\/div>             <div class=\"kksr-star\" style=\"padding-right: 5px\">               <div class=\"kksr-icon\" style=\"width: 24px; height: 24px;\"><\/div>         <\/div>             <div class=\"kksr-star\" style=\"padding-right: 5px\">               <div class=\"kksr-icon\" style=\"width: 24px; height: 24px;\"><\/div>         <\/div>             <div class=\"kksr-star\" style=\"padding-right: 5px\">               <div class=\"kksr-icon\" style=\"width: 24px; height: 24px;\"><\/div>         <\/div>             <div class=\"kksr-star\" style=\"padding-right: 5px\">               <div class=\"kksr-icon\" style=\"width: 24px; height: 24px;\"><\/div>         <\/div>     <\/div> <\/div>                   <div class=\"kksr-legend\" style=\"font-size: 19.2px;\">             <span class=\"kksr-muted\">Bewerten Sie dieses Produkt<\/span>     <\/div>     <\/div>  <p class=\"translation-block\">The<strong> industrial sausage stuffer machine<\/strong>&nbsp;is used for sausage enema. It is the most important step in the <a href=\"http:\/\/www.meatprocessingmachine.org\/de\/sausage-production-line-for-sausage-making.html\/\">sausage manufacturing step<\/a>. The sausage meat enters the casing through the sausage stuffer to form sausages with regular shapes and sizes. According to different ways of enema, the sausage stuffing machine is divided into two categories. <strong>Hydraulic enema machine<\/strong> and <strong>pneumatic quantitative sausage stuffer machine<\/strong>. The two machines&#8217; applicable materials and working principles are very different.<\/p>    <h2 class=\"wp-block-heading\" id=\"h-hydraulic-sausage-stuffer-machine\">Hydraulische Wurstf\u00fcllmaschine<\/h2>    <p>Die hydraulische Wurstf\u00fcllmaschine eignet sich f\u00fcr die Enema feiner Granulate, grober Granulate oder Fleischemulsion. Sie erzeugt verschiedene Arten von W\u00fcrsten, indem Fleischpellets durch verschiedene Durchmesser-Enema-Rohre in Tierh\u00fcllen gef\u00fcllt werden.<\/p>    <h3 class=\"wp-block-heading\" id=\"h-hydraulic-sausage-filling-machine-working-principle\">Hydraulische Wurstf\u00fcllmaschine<strong>&nbsp;<\/strong>Funktionsprinzip<\/h3>    <p>Die hydraulische Wurst-Analsemaschine verwendet eine Kolbenhydraulik. Sie presst das Fleisch aus dem Trichter der Maschine durch den durch den Hydraulikzylinder erzeugten Arbeitsdruck. Die Maschine eignet sich f\u00fcr eine breite Materialpalette und kann verwendet werden, um fleischf\u00f6rmige W\u00fcrste oder f\u00fcllbare W\u00fcrste zu f\u00fcllen. Die automatische Wurstf\u00fcllmaschine eignet sich zum F\u00fcllen von gro\u00dfen, mittleren und kleinen Wurstsorten.<\/p>    <p>Je nach Ausgang und Spezifikationen gibt es kleine hydraulische Wurstf\u00fcllmaschinen, Einzelrohr- und Doppelrohr-Hydraulik-Wurstf\u00fcllmaschinen.<\/p>    <h3 class=\"wp-block-heading\" id=\"h-small-hydraulic-sausage-stuffing-machine\">Kleine hydraulische Wurstf\u00fcllmaschine<\/h3>    <figure class=\"wp-block-image size-large\"><img loading=\"lazy\" decoding=\"async\" width=\"607\" height=\"607\" src=\"http:\/\/www.meatprocessingmachine.org\/wp-content\/uploads\/2020\/11\/small-hydraulic-stuffer-machine.png\" alt=\"small hydraulic stuffer machine\" class=\"wp-image-877\" title=\"\" srcset=\"https:\/\/www.meatprocessingmachine.org\/wp-content\/uploads\/2020\/11\/small-hydraulic-stuffer-machine.png 607w, https:\/\/www.meatprocessingmachine.org\/wp-content\/uploads\/2020\/11\/small-hydraulic-stuffer-machine-300x300.png 300w, https:\/\/www.meatprocessingmachine.org\/wp-content\/uploads\/2020\/11\/small-hydraulic-stuffer-machine-150x150.png 150w\" sizes=\"auto, (max-width: 607px) 100vw, 607px\" \/><figcaption>Kleine Hydraulische Stuffer-Maschine<\/figcaption><\/figure>    <p>Die kleine hydraulische Wurstf\u00fcllmaschine hat eine Kapazit\u00e4t von 100 kg\/h, der F\u00fclldurchmesserbereich kann 16\/18\/22 mm betragen. Sie ist geeignet f\u00fcr Einzelh\u00e4ndler und kleine Fleischverarbeitungsbetriebe. Die Maschine verwendet einen Umschalt- und Fu\u00dfschalter zur Steuerung des Enema-Betriebs, was den Betrieb sicherer macht. Der Gro\u00dfkapitalbeh\u00e4lter erh\u00f6ht die Aussto\u00dfleistung des Enemas. Und die Maschine kann sich frei bewegen, ist tragbar und praktisch und erm\u00f6glicht Enema jederzeit und \u00fcberall.<\/p>    <h3 class=\"wp-block-heading\" id=\"h-single-and-double-tube-hydraulic-sausage-stuffer-machine\">Single- und Doppelschlauch-Hydraulische Wurstf\u00fcllmaschine<\/h3>    <p>Die Kapazit\u00e4t der einzelnen Fleischf\u00fcllmaschine betr\u00e4gt 300 kg\/h, die Doppelsammelf\u00fcllmaschine hat 500 kg\/h Kapazit\u00e4t.<\/p>    <figure class=\"wp-block-image size-large\"><img loading=\"lazy\" decoding=\"async\" width=\"607\" height=\"607\" src=\"http:\/\/www.meatprocessingmachine.org\/wp-content\/uploads\/2020\/11\/hydraulic-enema-machine.png\" alt=\"hydraulische Analsemaschine\" class=\"wp-image-878\" title=\"\" srcset=\"https:\/\/www.meatprocessingmachine.org\/wp-content\/uploads\/2020\/11\/hydraulic-enema-machine.png 607w, https:\/\/www.meatprocessingmachine.org\/wp-content\/uploads\/2020\/11\/hydraulic-enema-machine-300x300.png 300w, https:\/\/www.meatprocessingmachine.org\/wp-content\/uploads\/2020\/11\/hydraulic-enema-machine-150x150.png 150w\" sizes=\"auto, (max-width: 607px) 100vw, 607px\" \/><figcaption>Hydraulisches Einlaufger\u00e4t<\/figcaption><\/figure>    <p>Der Durchmesserbereich der F\u00fcllung der beiden Maschinen kann 12\/18\/30 mm betragen. Die Unterschiede zwischen den beiden industriellen Enema-Maschinen liegen in der Anzahl der Rohre zum Abgeben des Fleisches. Der obere Maschinenteil ist mit einem Trichter und einem Schmetterlingsventil ausgestattet, was eine kontinuierliche F\u00fcllung realisieren kann. Es erh\u00f6ht die Produktionseffizienz erheblich. Im Vergleich zur kleinen Fleischf\u00fcllmaschine hat diese Maschine einen hohen Automatisierungsgrad und eine schnelle Abgabegeschwindigkeit, was eine kontinuierliche Produktion erm\u00f6glicht. Daher eignet sie sich f\u00fcr alle Arten von Unternehmen.<\/p>    <h2 class=\"wp-block-heading\" id=\"h-pneumatic-quantitative-twist-enema-machine\">Pneumatische quantitative Twist-Analsmaschine<\/h2>    <figure class=\"wp-block-image size-large\"><img loading=\"lazy\" decoding=\"async\" width=\"692\" height=\"693\" src=\"http:\/\/www.meatprocessingmachine.org\/wp-content\/uploads\/2020\/11\/pneumatic-quantitative-sausage-stuffing-machine.png\" alt=\"pneumatic quantitative sausage stuffing machine\" class=\"wp-image-879\" title=\"\" srcset=\"https:\/\/www.meatprocessingmachine.org\/wp-content\/uploads\/2020\/11\/pneumatic-quantitative-sausage-stuffing-machine.png 692w, https:\/\/www.meatprocessingmachine.org\/wp-content\/uploads\/2020\/11\/pneumatic-quantitative-sausage-stuffing-machine-300x300.png 300w, https:\/\/www.meatprocessingmachine.org\/wp-content\/uploads\/2020\/11\/pneumatic-quantitative-sausage-stuffing-machine-150x150.png 150w\" sizes=\"auto, (max-width: 692px) 100vw, 692px\" \/><figcaption>Pneumatische Quantitative Wurstf\u00fcllmaschine<\/figcaption><\/figure>    <p>Die pneumatische quantitative Twist-F\u00fcllmaschine eignet sich zum F\u00fcllen p\u00fcrierten Fleisches. Die Maschine kann automatisch knicken, w\u00e4hrend sie quantitative F\u00fcllung realisiert. Sie kompensiert den Mangel der quantitativen Enema-Knick-Verarbeitung in der Vergangenheit, die nicht sofort abgeschlossen werden konnte. Die Maschine kann zwischen 30-1000 g genau arbeiten, der Fehler \u00fcberschreitet nicht 3 g. Sie kann 60 Knicke pro Minute erreichen, und der Durchmesser des Enemas betr\u00e4gt 10\/12\/14\/17 mm.<\/p>    <h3 class=\"wp-block-heading\" id=\"h-advantages-of-pneumatic-quantitative-filling-machine\">Vorteile der pneumatischen quantitativen F\u00fcllmaschine<\/h3>    <ol class=\"wp-block-list\"><li>Sie verwendet ein fortschrittliches pneumatisches, fototechnisches Kontrollprinzip, das automatische quantitative F\u00fcllung und Biegung erm\u00f6glichen kann, mit einem hohen Automatisierungsgrad.<\/li><li>Die Fleischf\u00fcllmaschine eignet sich zum F\u00fcllen verschiedener p\u00fcrierter Wurstprodukte.<\/li><li>Die Teile, die mit dem Material in Kontakt kommen, sowie die Au\u00dfenverpackung, bestehen beide aus lebensmittelechtem Edelstahl mit sch\u00f6nem Aussehen.<\/li><li>Es kann mit dem<strong> Drahtbindemaschine<\/strong>&nbsp;zur Realisierung der automatischen Produktion.<\/li><li>Die Maschine hat eine stabile Struktur, einfache Bedienung und leichte Reinigung. Sie eignet sich f\u00fcr mittelgro\u00dfe und kleine Fleischverarbeitungsbetriebe.<\/li><\/ol>    <h3 class=\"wp-block-heading\" id=\"h-precautions\">Vorsichtsma\u00dfnahmen<\/h3>    <ol class=\"wp-block-list\"><li>Die industrielle Wurstf\u00fcllmaschine ist geeignet f\u00fcr die P\u00fcrierfleischf\u00fcllung.<\/li><li>Um die Anforderungen des F\u00fcllgewichts zu erf\u00fcllen, kann es durch die Vorw\u00e4rtsdistanz des Zylinders realisiert werden.<\/li><li>Sie k\u00f6nnen die Stoppzeit und Arbeitszeit des Drehers steuern, indem Sie die Vorw\u00e4rts- und R\u00fcckw\u00e4rtsbewegung des Zylinders steuern.<\/li><li>Bevor das Fleisch in den Trichter gelangt, sollte es so wenig wie m\u00f6glich der Luft ausgesetzt sein, um das Entstehen von L\u00f6chern zu verhindern. Daher k\u00f6nnen Sie verwenden eine <strong>Vakuum-Fleischf\u00fcllmaschine<\/strong>&nbsp;anstelle einer gew\u00f6hnlichen Mischmaschine.<\/li><li>Der Durchmesser der H\u00fcllen sollte mit den Abgassrohren \u00fcbereinstimmen, der Druck der Fleischf\u00fcllung, die Anzahl der Drehkreise.<\/li><\/ol>","protected":false},"excerpt":{"rendered":"<p>F\u00fcr die Wurstproduktion ist die Wurstf\u00fcllmaschine die wichtigste Maschine. Wir bieten eine hydraulische Analsemaschine und eine pneumatische quantitative Wurstf\u00fcllmaschine an.<\/p>","protected":false},"author":1,"featured_media":885,"parent":0,"template":"","product-type":[598],"class_list":["post-875","product","type-product","status-publish","has-post-thumbnail","hentry","product-type-supporting-auxiliary-equipment"],"_links":{"self":[{"href":"https:\/\/www.meatprocessingmachine.org\/de\/wp-json\/wp\/v2\/product\/875","targetHints":{"allow":["GET"]}}],"collection":[{"href":"https:\/\/www.meatprocessingmachine.org\/de\/wp-json\/wp\/v2\/product"}],"about":[{"href":"https:\/\/www.meatprocessingmachine.org\/de\/wp-json\/wp\/v2\/types\/product"}],"author":[{"embeddable":true,"href":"https:\/\/www.meatprocessingmachine.org\/de\/wp-json\/wp\/v2\/users\/1"}],"wp:featuredmedia":[{"embeddable":true,"href":"https:\/\/www.meatprocessingmachine.org\/de\/wp-json\/wp\/v2\/media\/885"}],"wp:attachment":[{"href":"https:\/\/www.meatprocessingmachine.org\/de\/wp-json\/wp\/v2\/media?parent=875"}],"wp:term":[{"taxonomy":"product-type","embeddable":true,"href":"https:\/\/www.meatprocessingmachine.org\/de\/wp-json\/wp\/v2\/product-type?post=875"}],"curies":[{"name":"wp","href":"https:\/\/api.w.org\/{rel}","templated":true}]}}