{"id":899,"date":"2020-11-27T10:07:52","date_gmt":"2020-11-27T02:07:52","guid":{"rendered":"http:\/\/www.meatprocessingmachine.org\/?p=899"},"modified":"2026-04-02T10:14:06","modified_gmt":"2026-04-02T02:14:06","slug":"bone-grinder-machine-meat-and-bone-grinder","status":"publish","type":"product","link":"https:\/\/www.meatprocessingmachine.org\/de\/bone-grinder-machine-meat-and-bone-grinder.html","title":{"rendered":"Knochenm\u00fchle | Fisch- und Rinderknochenpastenm\u00fchle"},"content":{"rendered":"<div class=\"kk-star-ratings kksr-auto kksr-align-right kksr-valign-top\"     data-payload='{&quot;align&quot;:&quot;right&quot;,&quot;id&quot;:&quot;899&quot;,&quot;slug&quot;:&quot;default&quot;,&quot;valign&quot;:&quot;top&quot;,&quot;ignore&quot;:&quot;&quot;,&quot;reference&quot;:&quot;auto&quot;,&quot;class&quot;:&quot;&quot;,&quot;count&quot;:&quot;2&quot;,&quot;legendonly&quot;:&quot;&quot;,&quot;readonly&quot;:&quot;&quot;,&quot;score&quot;:&quot;5&quot;,&quot;starsonly&quot;:&quot;&quot;,&quot;best&quot;:&quot;5&quot;,&quot;gap&quot;:&quot;5&quot;,&quot;greet&quot;:&quot;Rate this product&quot;,&quot;legend&quot;:&quot;5\\\/5 - (2 votes)&quot;,&quot;size&quot;:&quot;24&quot;,&quot;title&quot;:&quot;Bone Grinder Machine | Fish and Beef Bone Paste Grinding Machine&quot;,&quot;width&quot;:&quot;142.5&quot;,&quot;_legend&quot;:&quot;{score}\\\/{best} - ({count} {votes})&quot;,&quot;font_factor&quot;:&quot;1.25&quot;}'>              <div class=\"kksr-stars\">      <div class=\"kksr-stars-inactive\">             <div class=\"kksr-star\" data-star=\"1\" style=\"padding-right: 5px\">               <div class=\"kksr-icon\" style=\"width: 24px; height: 24px;\"><\/div>         <\/div>             <div class=\"kksr-star\" data-star=\"2\" style=\"padding-right: 5px\">               <div class=\"kksr-icon\" style=\"width: 24px; height: 24px;\"><\/div>         <\/div>             <div class=\"kksr-star\" data-star=\"3\" style=\"padding-right: 5px\">               <div class=\"kksr-icon\" style=\"width: 24px; height: 24px;\"><\/div>         <\/div>             <div class=\"kksr-star\" data-star=\"4\" style=\"padding-right: 5px\">               <div class=\"kksr-icon\" style=\"width: 24px; height: 24px;\"><\/div>         <\/div>             <div class=\"kksr-star\" data-star=\"5\" style=\"padding-right: 5px\">               <div class=\"kksr-icon\" style=\"width: 24px; height: 24px;\"><\/div>         <\/div>     <\/div>      <div class=\"kksr-stars-active\" style=\"width: 142.5px;\">             <div class=\"kksr-star\" style=\"padding-right: 5px\">               <div class=\"kksr-icon\" style=\"width: 24px; height: 24px;\"><\/div>         <\/div>             <div class=\"kksr-star\" style=\"padding-right: 5px\">               <div class=\"kksr-icon\" style=\"width: 24px; height: 24px;\"><\/div>         <\/div>             <div class=\"kksr-star\" style=\"padding-right: 5px\">               <div class=\"kksr-icon\" style=\"width: 24px; height: 24px;\"><\/div>         <\/div>             <div class=\"kksr-star\" style=\"padding-right: 5px\">               <div class=\"kksr-icon\" style=\"width: 24px; height: 24px;\"><\/div>         <\/div>             <div class=\"kksr-star\" style=\"padding-right: 5px\">               <div class=\"kksr-icon\" style=\"width: 24px; height: 24px;\"><\/div>         <\/div>     <\/div> <\/div>                   <div class=\"kksr-legend\" style=\"font-size: 19.2px;\">             5\/5 - (2 Stimmen)    <\/div>     <\/div>  <p>Die Knochenm\u00fchlenmaschine ist eine speziell verbesserte Ausr\u00fcstung auf Basis der Kolloidm\u00fchle. Sie wird haupts\u00e4chlich verwendet, um das Wasser aus zerbrochenen Knochen in Brei und Schlamm zu verwandeln und auf eine Feinheit von 100-200 Mesh zu mahlen. Das Material wird ultrafein pulverisiert, was es erm\u00f6glicht, verschiedene halbw\u00e4ssrige K\u00f6rper und Emulsionsstoffe zu pulverisieren, zu emulgieren, zu homogenisieren und zu mischen. Die wichtigsten technischen Indikatoren haben das fortschrittliche Niveau vergleichbarer ausl\u00e4ndischer Produkte erreicht.<\/p>    <figure class=\"wp-block-embed is-type-video is-provider-youtube wp-block-embed-youtube wp-embed-aspect-16-9 wp-has-aspect-ratio\"><div class=\"wp-block-embed__wrapper\"> <iframe loading=\"lazy\" title=\"Knochenm\u00fchle | Hochleistungs-Knochenbrei-Verarbeitungsger\u00e4t\ud83e\udd69\" width=\"500\" height=\"281\" src=\"https:\/\/www.youtube.com\/embed\/GVGE_Dk08ss?feature=oembed\" frameborder=\"0\" allow=\"accelerometer; autoplay; clipboard-write; encrypted-media; gyroscope; picture-in-picture; web-share\" referrerpolicy=\"strict-origin-when-cross-origin\" allowfullscreen><\/iframe> <\/div><\/figure>    <h2 class=\"wp-block-heading\">Welche Rohstoffe kann die Knochenm\u00fchlenmaschine verarbeiten?<\/h2>   <div class=\"wp-block-image\"> <figure class=\"aligncenter size-full\"><img loading=\"lazy\" decoding=\"async\" width=\"720\" height=\"540\" src=\"https:\/\/www.meatprocessingmachine.org\/wp-content\/uploads\/2020\/11\/raw-materials-of-the-bone-grinder.png\" alt=\"Rohstoffe des Knochenm\u00fchlenwerks\" class=\"wp-image-33064\" title=\"\" srcset=\"https:\/\/www.meatprocessingmachine.org\/wp-content\/uploads\/2020\/11\/raw-materials-of-the-bone-grinder.png 720w, https:\/\/www.meatprocessingmachine.org\/wp-content\/uploads\/2020\/11\/raw-materials-of-the-bone-grinder-300x225.png 300w\" sizes=\"auto, (max-width: 720px) 100vw, 720px\" \/><figcaption class=\"wp-element-caption\">Rohstoffe des Knochenm\u00fchlenwerks<\/figcaption><\/figure> <\/div>   <p><br>Die Knochenm\u00fchlenmaschine kann alle Arten von Knochen mahlen, haupts\u00e4chlich alle Arten von Rinderknochen, Lammknochen, Fischknochen, H\u00e4hnchenknochen usw. F\u00fcr das Mahlen, wenn die Knochen und das Fleisch zu gro\u00df sind, z.B. gro\u00dfe St\u00fccke Rinderknochen, Schweineknochen usw., m\u00fcssen sie zuerst zerbrochen werden, und die Knochen in Granulate zerlegt werden. Dies verbessert nicht nur die Arbeitseffizienz, sondern sch\u00fctzt auch die Maschine vor Sch\u00e4den an den Werkzeugen durch zu gro\u00dfe Knochen.<\/p>    <h2 class=\"wp-block-heading\" id=\"h-application-of-bone-grinder-machine\">Anwendung der Knochenm\u00fchlenmaschine<\/h2>    <figure class=\"wp-block-gallery has-nested-images columns-default is-cropped wp-block-gallery-2 is-layout-flex wp-block-gallery-is-layout-flex\"> <figure class=\"wp-block-image size-large\"><img loading=\"lazy\" decoding=\"async\" width=\"720\" height=\"540\" data-id=\"33073\" src=\"https:\/\/www.meatprocessingmachine.org\/wp-content\/uploads\/2020\/11\/pet-food.png\" alt=\"pet food\" class=\"wp-image-33073\" title=\"\" srcset=\"https:\/\/www.meatprocessingmachine.org\/wp-content\/uploads\/2020\/11\/pet-food.png 720w, https:\/\/www.meatprocessingmachine.org\/wp-content\/uploads\/2020\/11\/pet-food-300x225.png 300w\" sizes=\"auto, (max-width: 720px) 100vw, 720px\" \/><figcaption class=\"wp-element-caption\">Haustierfutter<\/figcaption><\/figure>    <figure class=\"wp-block-image size-large\"><img loading=\"lazy\" decoding=\"async\" width=\"720\" height=\"540\" data-id=\"33074\" src=\"https:\/\/www.meatprocessingmachine.org\/wp-content\/uploads\/2020\/11\/sausage.png\" alt=\"Wurst\" class=\"wp-image-33074\" title=\"\" srcset=\"https:\/\/www.meatprocessingmachine.org\/wp-content\/uploads\/2020\/11\/sausage.png 720w, https:\/\/www.meatprocessingmachine.org\/wp-content\/uploads\/2020\/11\/sausage-300x225.png 300w\" sizes=\"auto, (max-width: 720px) 100vw, 720px\" \/><figcaption class=\"wp-element-caption\">Wurst<\/figcaption><\/figure>    <figure class=\"wp-block-image size-large\"><img loading=\"lazy\" decoding=\"async\" width=\"720\" height=\"540\" data-id=\"33075\" src=\"https:\/\/www.meatprocessingmachine.org\/wp-content\/uploads\/2020\/11\/soup-stock.png\" alt=\"soup stock\" class=\"wp-image-33075\" title=\"\" srcset=\"https:\/\/www.meatprocessingmachine.org\/wp-content\/uploads\/2020\/11\/soup-stock.png 720w, https:\/\/www.meatprocessingmachine.org\/wp-content\/uploads\/2020\/11\/soup-stock-300x225.png 300w\" sizes=\"auto, (max-width: 720px) 100vw, 720px\" \/><figcaption class=\"wp-element-caption\">Suppenbr\u00fche<\/figcaption><\/figure> <\/figure>    <p>Gem\u00e4\u00df der Zusammensetzung und den Eigenschaften von Tierknochen verwendet es ein spezielles Zerkleinerungsprinzip, um Knochenbrei herzustellen. Tierknochen enthalten viele N\u00e4hrstoffe wie Protein und Fett. Es ist ein n\u00e4hrstoffreiches, kalorienarmes Produkt. Ein Knochenmehl und eine Knochenpaste, die aus Tierknochen hergestellt werden, enthalten viele N\u00e4hrstoffe, die vom menschlichen K\u00f6rper ben\u00f6tigt werden, z.B. Protein, Fett, Vitamine, Kollagen, Calcium usw. Derzeit wird Knochenpaste haupts\u00e4chlich als Lebensmittelzusatzstoff oder direkt zur Herstellung von W\u00fcrzmitteln verwendet. Knochenpaste wird in Europa, Japan, den USA und anderen L\u00e4ndern weit verbreitet, um Fleischb\u00e4llchen, Fleischlaibchen, Fleischfaden und andere Produkte herzustellen. In China wird Knochenpaste ebenfalls h\u00e4ufig in hochtemperaturverarbeiteten Fleischprodukten, Konserven und anderen Lebensmitteln verwendet und kann auch zur Suppenherstellung genutzt werden.<\/p>    <h2 class=\"wp-block-heading\">Parameter der Knochenm\u00fchlenmaschine<\/h2>    <ul class=\"wp-block-list\"> <li>Modell: TZ-80 Knochenpaste-Maschine<\/li>    <li>Verarbeitungsfeinheit: 2-50\u03bcm<\/li>    <li>Ausgang: 50-100kg\/h<\/li>    <li>Leistung: 4kw<\/li>    <li>Gewicht: 150kg<\/li>    <li>Abmessungen: 600*410*930mm<\/li> <\/ul>    <h2 class=\"wp-block-heading\" id=\"h-bone-grinder-machine-working-principle\">Funktionsprinzip der Knochenm\u00fchlenmaschine<\/h2>    <p class=\"translation-block\">Wenn Ihr Rohmaterial gro\u00dfe Knochen sind, ben\u00f6tigen Sie zuerst eine <a href=\"https:\/\/www.meatprocessingmachine.org\/de\/animal-bone-crushing-machine.html\/\">Knochenzerkleinerungsmaschine<\/a>, um die gro\u00dfen Knochen in einheitliches Granulat zu zermahlen. Dann mahlen Sie die kleinen Partikel mit der Knochen-Fleischm\u00fchle zu Paste. Dies reduziert die Besch\u00e4digung der harten Knochen an den Mahlz\u00e4hnen der Knochenm\u00fchlenmaschine.<\/p>   <div class=\"wp-block-image\"> <figure class=\"aligncenter size-full\"><img loading=\"lazy\" decoding=\"async\" width=\"720\" height=\"540\" src=\"https:\/\/www.meatprocessingmachine.org\/wp-content\/uploads\/2020\/11\/beef-bone-paste-grinding.png\" alt=\"Rindfleischknochenpaste-Mahlung\" class=\"wp-image-33065\" title=\"\" srcset=\"https:\/\/www.meatprocessingmachine.org\/wp-content\/uploads\/2020\/11\/beef-bone-paste-grinding.png 720w, https:\/\/www.meatprocessingmachine.org\/wp-content\/uploads\/2020\/11\/beef-bone-paste-grinding-300x225.png 300w\" sizes=\"auto, (max-width: 720px) 100vw, 720px\" \/><figcaption class=\"wp-element-caption\">Rindfleischknochenpaste-Mahlung<\/figcaption><\/figure> <\/div>   <p>Die Fleisch- und Knochenm\u00fchle mahlt Materialien durch die hochgeschwindigkeitsbewegung von Statoren und Rotatoren verschiedener geometrischer Formen. Wenn Stator und Rotor mit hoher Geschwindigkeit laufen, erzeugen sie mehrere kombinierte Kr\u00e4fte wie Hochfrequenzvibration, Hochgeschwindigkeitswirbel und Scherkr\u00e4fte. Unter dem Einfluss dieser kombinierten Kr\u00e4fte mahlt die Maschine das Material und macht es verfeinert. Taizy\u2019s Knochenm\u00fchlenmaschine verwendet eine verfeinerte Verarbeitung. Im Zerkleinerungsraum der Maschine gibt es drei Mahlzonen: Grobmahlzone, Feinmahlzone und Superfeinmahlzone. Durch diese drei Zonen wird die Zerst\u00f6rung maximiert und die Anforderungen an Feinheit und Gl\u00e4tte erf\u00fcllt.<\/p>    <h2 class=\"wp-block-heading\" id=\"h-fish-and-beef-bone-paste-grinding-machine-characteristics\">Merkmale der Fisch- und Rindfleischknochenpaste-Maschine<\/h2>   <div class=\"wp-block-image\"> <figure class=\"aligncenter size-full\"><img loading=\"lazy\" decoding=\"async\" width=\"720\" height=\"540\" src=\"https:\/\/www.meatprocessingmachine.org\/wp-content\/uploads\/2020\/11\/bone-grinder-machine-1.jpg\" alt=\"Knochenm\u00fchlenmaschine\" class=\"wp-image-33066\" title=\"\" srcset=\"https:\/\/www.meatprocessingmachine.org\/wp-content\/uploads\/2020\/11\/bone-grinder-machine-1.jpg 720w, https:\/\/www.meatprocessingmachine.org\/wp-content\/uploads\/2020\/11\/bone-grinder-machine-1-300x225.jpg 300w\" sizes=\"auto, (max-width: 720px) 100vw, 720px\" \/><figcaption class=\"wp-element-caption\">Knochenm\u00fchlenmaschine<\/figcaption><\/figure> <\/div>   <ol style=\"list-style-type:1\" class=\"wp-block-list\"> <li>Die Knochenm\u00fchlenmaschine ist in vertikaler, horizontaler, getrennter und anderer Ausf\u00fchrung erh\u00e4ltlich, und die Maschine bietet verschiedene Ausg\u00e4nge.<\/li>    <li>Die Maschine besteht haupts\u00e4chlich aus einem Deckel, Mahlkopf, Einstellhebel, K\u00fchlmechanismus, Motor und anderen Teilen. Die wichtigsten Teile bestehen aus lebensmittelechtem Edelstahl, der korrosionsbest\u00e4ndig, sicher und effizient ist.<\/li>    <li>Diese Maschine kann nicht nur zur Herstellung von Knochenpaste verwendet werden, sondern auch zur Herstellung von Erdnussbutter, Chilisauce, Sojamilch und anderen Lebensmitteln. Sie findet auch breite Anwendung in der t\u00e4glichen Notwendigkeit, der chemischen Industrie, der pharmazeutischen Industrie und anderen Branchen. Je nach den unterschiedlichen Eigenschaften der Materialien k\u00f6nnen Sie Maschinen verschiedener Spezifikationen und Modelle f\u00fcr die Produktion w\u00e4hlen.<\/li>    <li>Die Knochenm\u00fchlenmaschine zeichnet sich durch eine kompakte Bauweise, ansprechendes Erscheinungsbild, stabile Leistung und einfache Bedienung aus.<\/li>    <li>Das durch diese Maschine hergestellte Knochenpastenmaterial ist ein ideales feines Material. Die Feinheit kann durch die Einstellung des Einstellhebels und die Erh\u00f6hung der Mahlzahl kontrolliert werden.<\/li>    <li>Die Schleifscheibe der Knochenm\u00fcllschleifmaschine ist verst\u00e4rkt, um eine gute Korrosions- und Verschlei\u00dffestigkeit zu gew\u00e4hrleisten.<\/li> <\/ol>    <h2 class=\"wp-block-heading\" id=\"h-precautions-of-fish-and-beef-bone-paste-grinding-machine\">Vorsichtsma\u00dfnahmen bei Fisch- und Rindfleischknochenpaste-Maschine<\/h2>   <div class=\"wp-block-image\"> <figure class=\"aligncenter size-full\"><img loading=\"lazy\" decoding=\"async\" width=\"720\" height=\"540\" src=\"https:\/\/www.meatprocessingmachine.org\/wp-content\/uploads\/2020\/11\/bone-grinder-machine-1.png\" alt=\"Knochenm\u00fchlenmaschine\" class=\"wp-image-33072\" title=\"\" srcset=\"https:\/\/www.meatprocessingmachine.org\/wp-content\/uploads\/2020\/11\/bone-grinder-machine-1.png 720w, https:\/\/www.meatprocessingmachine.org\/wp-content\/uploads\/2020\/11\/bone-grinder-machine-1-300x225.png 300w\" sizes=\"auto, (max-width: 720px) 100vw, 720px\" \/><figcaption class=\"wp-element-caption\">Knochenm\u00fchlenmaschine<\/figcaption><\/figure> <\/div>   <ol style=\"list-style-type:1\" class=\"wp-block-list\"> <li>Sie sollten die Knochenpaste-M\u00fchlenmaschine auf ebenem Boden installieren, um einen reibungslosen Betrieb zu gew\u00e4hrleisten.<\/li>    <li>Die Maschine f\u00fchrt eine Nassverarbeitung durch und kann keine trockenen festen Materialien verarbeiten.<\/li>    <li>Vor der Verwendung der Maschine zum Mahlen pr\u00fcfen Sie, ob die Schrauben aller Teile der Maschine festgezogen sind. \u00dcberpr\u00fcfen Sie, ob der Rotor Kontakt mit dem Stator hat und ob er klemmt.<\/li>    <li>&nbsp;Pr\u00fcfen Sie, ob sich Verunreinigungen im Trichter und in der Maschine befinden. Beim Einlegen des Materials sollte die Materialmenge innerhalb von 1mm bleiben. Es ist strengstens verboten, Eisen und harte Partikel in die Maschine zu geben.<\/li>    <li>Schlie\u00dfen Sie die Stromversorgung an und pr\u00fcfen Sie, ob die Drehrichtung des Rotors mit dem Pfeil auf der Basis \u00fcbereinstimmt.<\/li>    <li>Nach dem Start des Motors pr\u00fcfen Sie, ob es Unregelm\u00e4\u00dfigkeiten wie Ger\u00e4usche gibt.<\/li> <\/ol>    <h2 class=\"wp-block-heading\" id=\"h-how-to-adjust-the-bone-grinder-machine-gap\">Wie stellt man den Abstand der Knochenm\u00fchlenmaschine ein?<\/h2>   <div class=\"wp-block-image\"> <figure class=\"aligncenter size-full\"><img loading=\"lazy\" decoding=\"async\" width=\"720\" height=\"540\" src=\"https:\/\/www.meatprocessingmachine.org\/wp-content\/uploads\/2020\/11\/beef-bone-paste-grinding-machinel.png\" alt=\" Rindfleischknochenpaste-Mahlung\" class=\"wp-image-33090\" title=\"\" srcset=\"https:\/\/www.meatprocessingmachine.org\/wp-content\/uploads\/2020\/11\/beef-bone-paste-grinding-machinel.png 720w, https:\/\/www.meatprocessingmachine.org\/wp-content\/uploads\/2020\/11\/beef-bone-paste-grinding-machinel-300x225.png 300w\" sizes=\"auto, (max-width: 720px) 100vw, 720px\" \/><figcaption class=\"wp-element-caption\"> Rindfleischknochenpaste-Mahlung<\/figcaption><\/figure> <\/div>   <p>Es kann unterschiedliche Anforderungen an die Feinheit des gemahlenen Knochenbreis f\u00fcr verschiedene Kunden geben. Wie kann man die Knochenm\u00fchlenmaschine einstellen, um die gew\u00fcnschte Feinheit zu erreichen? Sie k\u00f6nnen den Einstellhebel verwenden, um die Feinheit des gemahlenen Knochenbreis anzupassen. Drehen Sie den Einstellhebel im Uhrzeigersinn, und der Abstand zwischen Stator und Rotor wird kleiner. Die Feinheit des Mahlguts wird feiner. Beim Einstellen des Hebels drehen Sie ihn im Uhrzeigersinn. Wenn Sie ein leichtes Reiben sp\u00fcren, drehen Sie ihn in die entgegengesetzte Richtung, sodass der Abstand zwischen den Mahlk\u00f6pfen gr\u00f6\u00dfer als 0 ist. Nach der Feinheitseinstellung ziehen Sie den Hebel an der Einstellring fest. Um die Anforderungen an die Verarbeitungstiefe zu erf\u00fcllen, sollte der Abstand zwischen den Mahlplatten so gro\u00df wie m\u00f6glich sein. Dies erh\u00f6ht die Lebensdauer des Mahlkopfs.<\/p>    <h2 class=\"wp-block-heading\">Kundenfall der Knochenm\u00fchlenmaschine<\/h2>   <div class=\"wp-block-image\"> <figure class=\"aligncenter size-full\"><img loading=\"lazy\" decoding=\"async\" width=\"720\" height=\"540\" src=\"https:\/\/www.meatprocessingmachine.org\/wp-content\/uploads\/2020\/11\/bone-grinder-machine.png\" alt=\"Knochenm\u00fchlenmaschine\" class=\"wp-image-33068\" title=\"\" srcset=\"https:\/\/www.meatprocessingmachine.org\/wp-content\/uploads\/2020\/11\/bone-grinder-machine.png 720w, https:\/\/www.meatprocessingmachine.org\/wp-content\/uploads\/2020\/11\/bone-grinder-machine-300x225.png 300w\" sizes=\"auto, (max-width: 720px) 100vw, 720px\" \/><figcaption class=\"wp-element-caption\">Knochenmahlmaschine<\/figcaption><\/figure> <\/div>   <p><br>Wir haben k\u00fcrzlich die Knochenzerkleinerer und Knochenm\u00fchlenmaschine versendet und an den Kunden ausgeliefert. Der Kunde ben\u00f6tigt die Verarbeitung von Haustierfutter. Das Rohmaterial ist Schweineknochen, aber die Knochen sind relativ gro\u00df, daher m\u00fcssen sie zuerst zerbrochen und dann gemahlen werden. Die Knochen werden dem Haustierfutter hinzugef\u00fcgt, was nicht nur das Aroma erh\u00f6ht, sondern auch reichhaltige N\u00e4hrstoffe liefert.<\/p>    <h2 class=\"wp-block-heading\">Video der Knochenm\u00fchlenmaschine<\/h2>    <figure class=\"wp-block-embed aligncenter is-type-video is-provider-youtube wp-block-embed-youtube\"><div class=\"wp-block-embed__wrapper\"> <iframe loading=\"lazy\" title=\"Welche Maschine kann Knochen mahlen? | Fisch- und Rinderknochenmahlmaschine zum Verkauf | Knochenm\u00fchlenmaschine\" width=\"500\" height=\"281\" src=\"https:\/\/www.youtube.com\/embed\/aJFLYTwqDF0?feature=oembed\" frameborder=\"0\" allow=\"accelerometer; autoplay; clipboard-write; encrypted-media; gyroscope; picture-in-picture; web-share\" referrerpolicy=\"strict-origin-when-cross-origin\" allowfullscreen><\/iframe> <\/div><figcaption class=\"wp-element-caption\">Knochenmahlmaschine<\/figcaption><\/figure>","protected":false},"excerpt":{"rendered":"<p>Die Knochenm\u00fchlenmaschine wird in der Regel mit einer Knochenzerkleinerer kombiniert, um Tierknochen zu zerkleinern und Knochenbrei herzustellen.<\/p>","protected":false},"author":1,"featured_media":33067,"parent":0,"template":"","product-type":[594],"class_list":["post-899","product","type-product","status-publish","has-post-thumbnail","hentry","product-type-bone-processing-equipment"],"_links":{"self":[{"href":"https:\/\/www.meatprocessingmachine.org\/de\/wp-json\/wp\/v2\/product\/899","targetHints":{"allow":["GET"]}}],"collection":[{"href":"https:\/\/www.meatprocessingmachine.org\/de\/wp-json\/wp\/v2\/product"}],"about":[{"href":"https:\/\/www.meatprocessingmachine.org\/de\/wp-json\/wp\/v2\/types\/product"}],"author":[{"embeddable":true,"href":"https:\/\/www.meatprocessingmachine.org\/de\/wp-json\/wp\/v2\/users\/1"}],"wp:featuredmedia":[{"embeddable":true,"href":"https:\/\/www.meatprocessingmachine.org\/de\/wp-json\/wp\/v2\/media\/33067"}],"wp:attachment":[{"href":"https:\/\/www.meatprocessingmachine.org\/de\/wp-json\/wp\/v2\/media?parent=899"}],"wp:term":[{"taxonomy":"product-type","embeddable":true,"href":"https:\/\/www.meatprocessingmachine.org\/de\/wp-json\/wp\/v2\/product-type?post=899"}],"curies":[{"name":"wp","href":"https:\/\/api.w.org\/{rel}","templated":true}]}}