{"id":925,"date":"2020-12-08T18:03:31","date_gmt":"2020-12-08T10:03:31","guid":{"rendered":"http:\/\/www.meatprocessingmachine.org\/?p=925"},"modified":"2024-06-20T15:56:25","modified_gmt":"2024-06-20T07:56:25","slug":"automatic-fish-scaler-machine-fish-scale-remover-machine","status":"publish","type":"product","link":"https:\/\/www.meatprocessingmachine.org\/de\/automatic-fish-scaler-machine-fish-scale-remover-machine.html","title":{"rendered":"Fischschuppenentferner | Fischschuppen- und Innereienentferner"},"content":{"rendered":"<div class=\"kk-star-ratings kksr-auto kksr-align-right kksr-valign-top\"     data-payload='{&quot;align&quot;:&quot;right&quot;,&quot;id&quot;:&quot;925&quot;,&quot;slug&quot;:&quot;default&quot;,&quot;valign&quot;:&quot;top&quot;,&quot;ignore&quot;:&quot;&quot;,&quot;reference&quot;:&quot;auto&quot;,&quot;class&quot;:&quot;&quot;,&quot;count&quot;:&quot;0&quot;,&quot;legendonly&quot;:&quot;&quot;,&quot;readonly&quot;:&quot;&quot;,&quot;score&quot;:&quot;0&quot;,&quot;starsonly&quot;:&quot;&quot;,&quot;best&quot;:&quot;5&quot;,&quot;gap&quot;:&quot;5&quot;,&quot;greet&quot;:&quot;Rate this product&quot;,&quot;legend&quot;:&quot;0\\\/5 - (0 votes)&quot;,&quot;size&quot;:&quot;24&quot;,&quot;title&quot;:&quot;Fish Scale Remover Machine | Fish Scaling and Gutting Machine&quot;,&quot;width&quot;:&quot;0&quot;,&quot;_legend&quot;:&quot;{score}\\\/{best} - ({count} {votes})&quot;,&quot;font_factor&quot;:&quot;1.25&quot;}'>              <div class=\"kksr-stars\">      <div class=\"kksr-stars-inactive\">             <div class=\"kksr-star\" data-star=\"1\" style=\"padding-right: 5px\">               <div class=\"kksr-icon\" style=\"width: 24px; height: 24px;\"><\/div>         <\/div>             <div class=\"kksr-star\" data-star=\"2\" style=\"padding-right: 5px\">               <div class=\"kksr-icon\" style=\"width: 24px; height: 24px;\"><\/div>         <\/div>             <div class=\"kksr-star\" data-star=\"3\" style=\"padding-right: 5px\">               <div class=\"kksr-icon\" style=\"width: 24px; height: 24px;\"><\/div>         <\/div>             <div class=\"kksr-star\" data-star=\"4\" style=\"padding-right: 5px\">               <div class=\"kksr-icon\" style=\"width: 24px; height: 24px;\"><\/div>         <\/div>             <div class=\"kksr-star\" data-star=\"5\" style=\"padding-right: 5px\">               <div class=\"kksr-icon\" style=\"width: 24px; height: 24px;\"><\/div>         <\/div>     <\/div>      <div class=\"kksr-stars-active\" style=\"width: 0px;\">             <div class=\"kksr-star\" style=\"padding-right: 5px\">               <div class=\"kksr-icon\" style=\"width: 24px; height: 24px;\"><\/div>         <\/div>             <div class=\"kksr-star\" style=\"padding-right: 5px\">               <div class=\"kksr-icon\" style=\"width: 24px; height: 24px;\"><\/div>         <\/div>             <div class=\"kksr-star\" style=\"padding-right: 5px\">               <div class=\"kksr-icon\" style=\"width: 24px; height: 24px;\"><\/div>         <\/div>             <div class=\"kksr-star\" style=\"padding-right: 5px\">               <div class=\"kksr-icon\" style=\"width: 24px; height: 24px;\"><\/div>         <\/div>             <div class=\"kksr-star\" style=\"padding-right: 5px\">               <div class=\"kksr-icon\" style=\"width: 24px; height: 24px;\"><\/div>         <\/div>     <\/div> <\/div>                   <div class=\"kksr-legend\" style=\"font-size: 19.2px;\">             <span class=\"kksr-muted\">Bewerten Sie dieses Produkt<\/span>     <\/div>     <\/div>  <p class=\"translation-block\"><strong>Fischschuppenentferner<\/strong>\u00a0wird auch Fischschwanzmaschine genannt. Es ist professionell entworfen und kann zum Entfernen verschiedener Fischarten und -gr\u00f6\u00dfen verwendet werden. Taizy Fischverarbeitungsmaschinenhersteller bietet drei Arten von Fischschuppenentfernermaschinen an. Eine ist eine automatische Schuppenmaschine, die andere ist eine speziell f\u00fcr kleine Fische verwendete Entschuppermaschine, und eine weitere ist eine Fischschuppen- und Innereienentfernungsmaschine.<\/p>    <p>Diese drei gewerblichen Fischschuppenmaschinen k\u00f6nnen automatisch betrieben werden. Au\u00dferdem sind sie f\u00fcr das Entschuppen vieler Fischarten geeignet. Wir k\u00f6nnen die Maschine auch nach Kundenwunsch anpassen.<\/p>    <h2 class=\"wp-block-heading\" id=\"h-fish-scale-remover-machine-video\">Video zur Funktionsweise der Fischschuppenentfernermaschine<\/h2>    <figure class=\"wp-block-embed is-type-video is-provider-youtube wp-block-embed-youtube\"><div class=\"wp-block-embed__wrapper\"> <iframe loading=\"lazy\" title=\"Automatische Fischschuppenentferner, Innereienentferner und Reinigungsmaschine f\u00fcr kleine und gro\u00dfe Fische\" width=\"500\" height=\"281\" src=\"https:\/\/www.youtube.com\/embed\/q-hKcTKzklQ?feature=oembed\" frameborder=\"0\" allow=\"accelerometer; autoplay; clipboard-write; encrypted-media; gyroscope; picture-in-picture; web-share\" referrerpolicy=\"strict-origin-when-cross-origin\" allowfullscreen><\/iframe> <\/div><figcaption class=\"wp-element-caption\">Automatische Fischschuppenmaschine<\/figcaption><\/figure>    <h2 class=\"wp-block-heading\" id=\"h-type-1-automatic-fish-scaling-machine\">Typ 1: Automatische Fischschuppenmaschine<\/h2>    <p>Die automatische Fischschuppenentfernungsmachine entfernt haupts\u00e4chlich Fischschuppen durch Kontakt mit der Wollb\u00fcrste. Sie besteht haupts\u00e4chlich aus einem Fischzulauf, Fischablauf, Steuerpult, Wasserzulauf und anderen Hauptstrukturen. Beim Betrieb wird zuerst das Wasserrohr an den Wasserzulauf angeschlossen. Nachdem die Standby-Maschine mit Wasser gef\u00fcllt ist, legen Sie den Fisch in die Maschine vom Fischzulauf. <\/p>    <p>Dann schlie\u00dfen Sie den Deckel und starten die Maschine \u00fcber das Steuerpult. Die B\u00fcrste im Fischschuppenentferner dreht sich st\u00e4ndig, um die Fischschuppen zu entfernen. Nach dem Entfernen der Schuppen schalten Sie die Maschine aus und \u00f6ffnen den Fischablauf. Der entfernte Fisch wird aus dem Ausgang entlassen.<\/p>    <figure class=\"wp-block-image size-large\"><img loading=\"lazy\" decoding=\"async\" width=\"720\" height=\"540\" src=\"http:\/\/www.meatprocessingmachine.org\/wp-content\/uploads\/2020\/12\/automatic-fish-descale-machine.jpg\" alt=\"Automatische Fischschuppenentfernungsmachine\" class=\"wp-image-933\" title=\"\" srcset=\"https:\/\/www.meatprocessingmachine.org\/wp-content\/uploads\/2020\/12\/automatic-fish-descale-machine.jpg 720w, https:\/\/www.meatprocessingmachine.org\/wp-content\/uploads\/2020\/12\/automatic-fish-descale-machine-300x225.jpg 300w\" sizes=\"auto, (max-width: 720px) 100vw, 720px\" \/><figcaption class=\"wp-element-caption\">Automatische Fischschuppen- und Innereienentfernungsmaschine<\/figcaption><\/figure>    <h3 class=\"wp-block-heading\" id=\"tw-target-text\">Detaillierte Parameter der automatischen Fischschuppenmaschine<\/h3>    <figure class=\"wp-block-table\"><table><tbody><tr><td>Modell<\/td><td>Gr\u00f6\u00dfe<\/td><td>Leistung<\/td><\/tr><tr><td>TZ-350<\/td><td>0,8*0,4*0,44 m<\/td><td>0,75 kW<\/td><\/tr><tr><td>TZ-500<\/td><td>1,05*0,55*0,85 m<\/td><td>2,2 kW<\/td><\/tr><tr><td>TZ-700<\/td><td>1,25*0,55*0,85 m<\/td><td>2,2 kW<\/td><\/tr><tr><td>TZ-800<\/td><td>1,25*0,65*0,85 m<\/td><td>3,2 kW<\/td><\/tr><tr><td>TZ-1000<\/td><td>1,58*0,55*0,85 m<\/td><td>3,0 kW<\/td><\/tr><\/tbody><\/table><figcaption class=\"wp-element-caption\">Automatische Fischschuppenmaschine zum Verkauf<\/figcaption><\/figure>    <p>Wir haben f\u00fcnf Modelle von automatischen Fischschuppenentfernermaschinen f\u00fcr Sie zur Auswahl. Verschiedene Modelle haben unterschiedliche Ausgaben, Gr\u00f6\u00dfen und Leistungen.<\/p>    <h3 class=\"wp-block-heading\" id=\"h-advantages-of-the-machine\">Vorteile der Maschine <\/h3>    <figure class=\"wp-block-image size-large\"><img loading=\"lazy\" decoding=\"async\" width=\"720\" height=\"540\" src=\"http:\/\/www.meatprocessingmachine.org\/wp-content\/uploads\/2020\/12\/fish-scaling-machine-structure.jpg\" alt=\"fish scaling machine structure\" class=\"wp-image-934\" title=\"\" srcset=\"https:\/\/www.meatprocessingmachine.org\/wp-content\/uploads\/2020\/12\/fish-scaling-machine-structure.jpg 720w, https:\/\/www.meatprocessingmachine.org\/wp-content\/uploads\/2020\/12\/fish-scaling-machine-structure-300x225.jpg 300w\" sizes=\"auto, (max-width: 720px) 100vw, 720px\" \/><figcaption class=\"wp-element-caption\">Struktur der Fischschuppenmaschine<\/figcaption><\/figure>    <ol class=\"wp-block-list\" style=\"list-style-type:1\"> <li>Die gewerbliche Fischschuppenmaschine kann gleichzeitig reinigen und Schuppen entfernen. Ihre Entfernungseffekt ist deutlich sichtbar, und Sie erhalten den endg\u00fcltigen gereinigten Fisch.<\/li>    <li>Der Fischreinigungsvorrichtung verwendet Wollstoff. Es hat die Eigenschaften, kein Haarverlust, kein Haarverlust und kein Bruch bei hohen Temperaturen.<\/li>    <li>Das Geh\u00e4use besteht vollst\u00e4ndig aus Edelstahl und wird durch ein intelligentes Display gesteuert. Es zeichnet sich durch einfache Bedienung und hohe Arbeitseffizienz aus.<\/li>    <li>Die automatische Fischentfernungsmaschine verf\u00fcgt \u00fcber eine Timer-Funktion, mit der unterschiedliche Zeiten zum Entfernen der Fischschuppen je nach Fischart eingestellt werden k\u00f6nnen.<\/li>    <li> Die gewerbliche Fischschuppenmaschine besch\u00e4digt den Fischk\u00f6rper nicht, sie kann die automatische Trennung von Fischk\u00f6rper und Fischschuppen realisieren. Die entfernten Schuppen werden automatisch wiedergewonnen.<\/li> <\/ol>    <h2 class=\"wp-block-heading\" id=\"h-type-2-small-fish-scale-machine\">Typ 2: Kleine Fischschuppenmaschine<\/h2>    <p><font style=\"vertical-align: inherit;\"><font style=\"vertical-align: inherit;\">Die Fischschuppenmaschine wird haupts\u00e4chlich von einem Motor angetrieben, der die Maschine kontinuierlich rotieren l\u00e4sst. Sie besteht haupts\u00e4chlich aus einem f\u00fcnfeckigen Sieb. Wenn die Schuppen entfernt werden, treibt der Motor das Sieb an, um es rotieren zu lassen, w\u00e4hrend die kleinen Fische im Netz mit dem Sieb rotieren. <\/font><\/font><\/p>    <p><font style=\"vertical-align: inherit;\"><font style=\"vertical-align: inherit;\">Beim Drehen kollidiert der Fisch im Netz st\u00e4ndig mit dem Sieb, um die Wirkung des Schuppenentfernens zu erzielen. Die entfernten Fischschuppen werden durch die Wasserwirkung aus den Sieb\u00f6ffnungen ersetzt. Daher kann diese kleine Maschine die Fischschuppen entfernen, und der Fisch kann vollst\u00e4ndig enthaart werden. Und es erh\u00e4lt sauberen Fisch.<\/font><\/font><\/p>    <figure class=\"wp-block-image size-large\"><img loading=\"lazy\" decoding=\"async\" width=\"720\" height=\"540\" src=\"http:\/\/www.meatprocessingmachine.org\/wp-content\/uploads\/2020\/12\/small-fish-scale-remover-machine.jpg\" alt=\"Kleine Fischschuppenentfernermaschine\" class=\"wp-image-936\" title=\"\" srcset=\"https:\/\/www.meatprocessingmachine.org\/wp-content\/uploads\/2020\/12\/small-fish-scale-remover-machine.jpg 720w, https:\/\/www.meatprocessingmachine.org\/wp-content\/uploads\/2020\/12\/small-fish-scale-remover-machine-300x225.jpg 300w\" sizes=\"auto, (max-width: 720px) 100vw, 720px\" \/><figcaption class=\"wp-element-caption\">Kleine Fischschuppenentfernermaschine<\/figcaption><\/figure>    <h2 class=\"wp-block-heading\" id=\"h-type-3-fish-scaling-and-gutting-machine\">Typ 3: Fischschuppen- und Innereienentfernungsmaschine<\/h2>    <p>Im Gegensatz zu den vorherigen beiden Maschinen, die ausschlie\u00dflich zum Entfernen von Fischschuppen bestimmt sind, kann diese Fischschuppen- und Innereienmaschine Fischschuppen und Innereien gleichzeitig entfernen. Sie kann die beiden Funktionen erf\u00fcllen, ist jedoch nur f\u00fcr einen Fisch gleichzeitig geeignet. Im Vergleich zu den oben genannten Fischschuppenentfernermaschinen hat sie eine geringere Kapazit\u00e4t zum Schuppen entfernen.<\/p>    <figure class=\"wp-block-image size-large\"><img loading=\"lazy\" decoding=\"async\" width=\"720\" height=\"540\" src=\"http:\/\/www.meatprocessingmachine.org\/wp-content\/uploads\/2020\/12\/fish-scaling-and-gutting-machine.jpg\" alt=\"Fischschuppen- und Innereienmaschine\" class=\"wp-image-937\" title=\"\" srcset=\"https:\/\/www.meatprocessingmachine.org\/wp-content\/uploads\/2020\/12\/fish-scaling-and-gutting-machine.jpg 720w, https:\/\/www.meatprocessingmachine.org\/wp-content\/uploads\/2020\/12\/fish-scaling-and-gutting-machine-300x225.jpg 300w\" sizes=\"auto, (max-width: 720px) 100vw, 720px\" \/><figcaption class=\"wp-element-caption\">Fischschuppen- und Innereienmaschine<\/figcaption><\/figure>    <h3 class=\"wp-block-heading\" id=\"h-type3-machine-introduction\"> Einf\u00fchrung in die Fischschuppen- und Innereienentfernungsmaschine<\/h3>    <p class=\"translation-block\">Die Maschine integriert die Funktionen des Schuppenentfernens, \u00d6ffnens der Fischb\u00e4uche, Entfernens der Innereien und Reinigung. Sie kann Grasfisch, Karpfen, <a href=\"https:\/\/en.wikipedia.org\/wiki\/Tilapia\" target=\"_blank\" rel=\"noopener\">Tilapia<\/a>, Seebarsch und andere Fische verarbeiten. Das Steuerpult der Fischschuppenentfernermaschine kann die Tiefe des Betriebs einstellen. <\/p>    <p>Das mit dieser Maschine verarbeitete Fisch kann sauber Fischschuppen entfernen, ohne die Fischhaut und Flossen zu besch\u00e4digen. W\u00e4hrend des Schuppenentfernens kann auch die Eingeweide sauber entfernt werden, ohne die Gallenblase des Fisches zu besch\u00e4digen. Sie wird h\u00e4ufig in Superm\u00e4rkten, Kantinen, Grillfischl\u00e4den, Hotpot-Lokalen und anderen Orten eingesetzt und ist hoch effizient.<\/p>    <h3 class=\"wp-block-heading\">Merkmale der umfassenden Fischverarbeitungsmaschine<\/h3>    <ol class=\"wp-block-list\" style=\"list-style-type:1\"> <li>Die Maschine verf\u00fcgt \u00fcber leistungsstarke Funktionen, sie kann Schuppen entfernen, \u00f6ffnen, Innereien entfernen und reinigen. Das Entfernen von Schuppen und Innereien ist gut, ohne die Haut und Flossen zu besch\u00e4digen.<\/li>    <li>Die gesamte Fischschuppenmaschine besteht aus Edelstahl und entspricht den lebensmittelsicheren und hygienischen Standards.<\/li>    <li>Sie verwendet eine intelligente Steuerungsbildschirmbedienung, die sich durch einfache Bedienung, Sicherheit und Zuverl\u00e4ssigkeit sowie stabile Leistung auszeichnet.<\/li>    <li>Es kann alle Arten von Fischen verarbeiten, und wir k\u00f6nnen die Maschine nach den Bed\u00fcrfnissen der Kunden anpassen.<strong>&nbsp;<\/strong><\/li> <\/ol>    <h3 class=\"wp-block-heading\" id=\"h-machine-parameters\">Parameter der Fischschuppenentfernermaschine<\/h3>    <figure class=\"wp-block-table\"><table><tbody><tr><td><strong>Modell<\/strong><strong><\/strong><\/td><td><strong>C<\/strong><strong>Kapazit\u00e4t <\/strong><strong><\/strong><\/td><td><strong>S<\/strong><strong>Gr\u00f6\u00dfe <\/strong><strong><\/strong><\/td><td><strong>A<\/strong><strong>Anwendungsbereich<\/strong><strong><\/strong><\/td><td><strong>W<\/strong><strong>acht <\/strong><strong><\/strong><\/td><td><strong>C<\/strong><strong>kundenspezifisch <\/strong><strong><\/strong><\/td><\/tr><tr><td>TZ-2000<\/td><td>400-500 kg\/h&nbsp;<strong><\/strong><\/td><td>1000x500x700 mm&nbsp;<strong><\/strong><\/td><td>0,4-4 kg<\/td><td>140kg<\/td><td>Ja <\/td><\/tr><\/tbody><\/table><figcaption class=\"wp-element-caption\">Fischschuppen- und Innereienmaschine<\/figcaption><\/figure>    <h2 class=\"wp-block-heading\" id=\"h-precautious-of-using-fish-scale-machine\">Vorsichtsma\u00dfnahmen bei der Verwendung der Fischschuppenmaschine<\/h2>    <ol class=\"wp-block-list\" style=\"list-style-type:1\"> <li>Langzeitstillstand ist streng verboten.<\/li>    <li>Regelm\u00e4\u00dfig die Zahnr\u00e4der, Ketten und Federn \u00f6len.<\/li>    <li>It is strictly forbidden to reach into the fish&#8217;s mouth when the machine is working.<\/li>    <li>Die interne Struktur der Maschine ist kompliziert, bitte zerlegen Sie sie nicht eigenm\u00e4chtig.<\/li> <\/ol>    <h2 class=\"wp-block-heading\">Verschiedene Fischverarbeitungsmaschinen zum Verkauf<\/h2>    <p class=\"translation-block\">Bei Taizy Meat Processing Machinery haben wir nicht nur verschiedene Modelle von Fischschuppenentfernermaschinen zum Verkauf. Wir haben auch industrielle <a href=\"https:\/\/www.meatprocessingmachine.org\/de\/fish-drying-machine-hot-air-circulation-drying-machine.html\/\">Fischtrocknungsmaschine<\/a>, <a href=\"https:\/\/www.meatprocessingmachine.org\/de\/fish-debone-machine-fish-meat-and-bone-separator-machine.html\/\">Fischknochensplittermaschine<\/a>, <a href=\"https:\/\/www.meatprocessingmachine.org\/de\/fish-fillet-machine-fish-slicing-machine.html\/\">Fischfiletmaschine<\/a> usw. Wenn Sie interessiert sind, kontaktieren Sie uns bitte frei.<\/p>    <div class=\"wp-block-columns is-layout-flex wp-container-core-columns-is-layout-9d6595d7 wp-block-columns-is-layout-flex\"> <div class=\"wp-block-column is-layout-flow wp-block-column-is-layout-flow\"> <figure class=\"wp-block-image size-full\"><img loading=\"lazy\" decoding=\"async\" width=\"720\" height=\"540\" src=\"https:\/\/www.meatprocessingmachine.org\/wp-content\/uploads\/2021\/07\/industrial-fish-drying-machine-1.jpg\" alt=\"Industrieller Fischtrockner\" class=\"wp-image-1505\" title=\"\" srcset=\"https:\/\/www.meatprocessingmachine.org\/wp-content\/uploads\/2021\/07\/industrial-fish-drying-machine-1.jpg 720w, https:\/\/www.meatprocessingmachine.org\/wp-content\/uploads\/2021\/07\/industrial-fish-drying-machine-1-300x225.jpg 300w\" sizes=\"auto, (max-width: 720px) 100vw, 720px\" \/><figcaption class=\"wp-element-caption\">Industrielle Fischtrocknungsmaschine<\/figcaption><\/figure> <\/div>    <div class=\"wp-block-column is-layout-flow wp-block-column-is-layout-flow\"> <figure class=\"wp-block-image size-full\"><img loading=\"lazy\" decoding=\"async\" width=\"720\" height=\"540\" src=\"https:\/\/www.meatprocessingmachine.org\/wp-content\/uploads\/2020\/12\/fish-deboning-machines-1.webp\" alt=\"Fisch-Entgr\u00e4tungsmaschinen\" class=\"wp-image-34181\" title=\"\" srcset=\"https:\/\/www.meatprocessingmachine.org\/wp-content\/uploads\/2020\/12\/fish-deboning-machines-1.webp 720w, https:\/\/www.meatprocessingmachine.org\/wp-content\/uploads\/2020\/12\/fish-deboning-machines-1-300x225.webp 300w\" sizes=\"auto, (max-width: 720px) 100vw, 720px\" \/><figcaption class=\"wp-element-caption\">Fischentgr\u00e4tungsmaschinen<\/figcaption><\/figure> <\/div>    <div class=\"wp-block-column is-layout-flow wp-block-column-is-layout-flow\"> <figure class=\"wp-block-image size-full\"><img loading=\"lazy\" decoding=\"async\" width=\"720\" height=\"540\" src=\"https:\/\/www.meatprocessingmachine.org\/wp-content\/uploads\/2020\/12\/fish-fillet-cutting-machine.jpg\" alt=\"Fischfilet-Schneidemaschine\" class=\"wp-image-947\" title=\"\" srcset=\"https:\/\/www.meatprocessingmachine.org\/wp-content\/uploads\/2020\/12\/fish-fillet-cutting-machine.jpg 720w, https:\/\/www.meatprocessingmachine.org\/wp-content\/uploads\/2020\/12\/fish-fillet-cutting-machine-300x225.jpg 300w\" sizes=\"auto, (max-width: 720px) 100vw, 720px\" \/><figcaption class=\"wp-element-caption\">Fischfiletschneidemaschine<\/figcaption><\/figure> <\/div> <\/div>","protected":false},"excerpt":{"rendered":"<p>The fish scaler machine is suitable for scaling various fish scales. It can achieve continuous, automatic, large-volume fish scale removal.<\/p>","protected":false},"author":1,"featured_media":932,"parent":0,"template":"","product-type":[584],"class_list":["post-925","product","type-product","status-publish","has-post-thumbnail","hentry","product-type-fish"],"_links":{"self":[{"href":"https:\/\/www.meatprocessingmachine.org\/de\/wp-json\/wp\/v2\/product\/925","targetHints":{"allow":["GET"]}}],"collection":[{"href":"https:\/\/www.meatprocessingmachine.org\/de\/wp-json\/wp\/v2\/product"}],"about":[{"href":"https:\/\/www.meatprocessingmachine.org\/de\/wp-json\/wp\/v2\/types\/product"}],"author":[{"embeddable":true,"href":"https:\/\/www.meatprocessingmachine.org\/de\/wp-json\/wp\/v2\/users\/1"}],"wp:featuredmedia":[{"embeddable":true,"href":"https:\/\/www.meatprocessingmachine.org\/de\/wp-json\/wp\/v2\/media\/932"}],"wp:attachment":[{"href":"https:\/\/www.meatprocessingmachine.org\/de\/wp-json\/wp\/v2\/media?parent=925"}],"wp:term":[{"taxonomy":"product-type","embeddable":true,"href":"https:\/\/www.meatprocessingmachine.org\/de\/wp-json\/wp\/v2\/product-type?post=925"}],"curies":[{"name":"wp","href":"https:\/\/api.w.org\/{rel}","templated":true}]}}