{"id":96,"date":"2018-10-25T06:12:43","date_gmt":"2018-10-24T22:12:43","guid":{"rendered":"http:\/\/www.meatprocessingmachine.org\/?p=96"},"modified":"2024-06-17T10:13:32","modified_gmt":"2024-06-17T02:13:32","slug":"frozen-meat-grinder","status":"publish","type":"product","link":"https:\/\/www.meatprocessingmachine.org\/de\/frozen-meat-grinder.html","title":{"rendered":"Gefrorener Fleischwolf | Fleischm\u00fchle"},"content":{"rendered":"<div class=\"kk-star-ratings kksr-auto kksr-align-right kksr-valign-top\"     data-payload='{&quot;align&quot;:&quot;right&quot;,&quot;id&quot;:&quot;96&quot;,&quot;slug&quot;:&quot;default&quot;,&quot;valign&quot;:&quot;top&quot;,&quot;ignore&quot;:&quot;&quot;,&quot;reference&quot;:&quot;auto&quot;,&quot;class&quot;:&quot;&quot;,&quot;count&quot;:&quot;0&quot;,&quot;legendonly&quot;:&quot;&quot;,&quot;readonly&quot;:&quot;&quot;,&quot;score&quot;:&quot;0&quot;,&quot;starsonly&quot;:&quot;&quot;,&quot;best&quot;:&quot;5&quot;,&quot;gap&quot;:&quot;5&quot;,&quot;greet&quot;:&quot;Rate this product&quot;,&quot;legend&quot;:&quot;0\\\/5 - (0 votes)&quot;,&quot;size&quot;:&quot;24&quot;,&quot;title&quot;:&quot;Frozen Meat Grinder | Meat Mincer&quot;,&quot;width&quot;:&quot;0&quot;,&quot;_legend&quot;:&quot;{score}\\\/{best} - ({count} {votes})&quot;,&quot;font_factor&quot;:&quot;1.25&quot;}'>              <div class=\"kksr-stars\">      <div class=\"kksr-stars-inactive\">             <div class=\"kksr-star\" data-star=\"1\" style=\"padding-right: 5px\">               <div class=\"kksr-icon\" style=\"width: 24px; height: 24px;\"><\/div>         <\/div>             <div class=\"kksr-star\" data-star=\"2\" style=\"padding-right: 5px\">               <div class=\"kksr-icon\" style=\"width: 24px; height: 24px;\"><\/div>         <\/div>             <div class=\"kksr-star\" data-star=\"3\" style=\"padding-right: 5px\">               <div class=\"kksr-icon\" style=\"width: 24px; height: 24px;\"><\/div>         <\/div>             <div class=\"kksr-star\" data-star=\"4\" style=\"padding-right: 5px\">               <div class=\"kksr-icon\" style=\"width: 24px; height: 24px;\"><\/div>         <\/div>             <div class=\"kksr-star\" data-star=\"5\" style=\"padding-right: 5px\">               <div class=\"kksr-icon\" style=\"width: 24px; height: 24px;\"><\/div>         <\/div>     <\/div>      <div class=\"kksr-stars-active\" style=\"width: 0px;\">             <div class=\"kksr-star\" style=\"padding-right: 5px\">               <div class=\"kksr-icon\" style=\"width: 24px; height: 24px;\"><\/div>         <\/div>             <div class=\"kksr-star\" style=\"padding-right: 5px\">               <div class=\"kksr-icon\" style=\"width: 24px; height: 24px;\"><\/div>         <\/div>             <div class=\"kksr-star\" style=\"padding-right: 5px\">               <div class=\"kksr-icon\" style=\"width: 24px; height: 24px;\"><\/div>         <\/div>             <div class=\"kksr-star\" style=\"padding-right: 5px\">               <div class=\"kksr-icon\" style=\"width: 24px; height: 24px;\"><\/div>         <\/div>             <div class=\"kksr-star\" style=\"padding-right: 5px\">               <div class=\"kksr-icon\" style=\"width: 24px; height: 24px;\"><\/div>         <\/div>     <\/div> <\/div>                   <div class=\"kksr-legend\" style=\"font-size: 19.2px;\">             <span class=\"kksr-muted\">Bewerten Sie dieses Produkt<\/span>     <\/div>     <\/div>  <p>Taizy gefrorener Fleischwolf ist eine Maschine, die das gefrorene Fleisch direkt zu einer Paste verarbeitet. In Fleischverarbeitungsbetrieben werden die rohen Fleischst\u00fccke entsprechend den verschiedenen Prozessanforderungen in K\u00f6rnerfleisch unterschiedlicher Spezifikationen verarbeitet. Es muss w\u00e4hrend des Verarbeitungsprozesses nicht aufgetaut werden, was die Fleischqualit\u00e4t sichert. <\/p>    <figure class=\"wp-block-image is-resized alignnone wp-image-1969\"><img loading=\"lazy\" decoding=\"async\" width=\"750\" height=\"750\" src=\"https:\/\/www.meatprocessingmachine.org\/wp-content\/uploads\/2018\/10\/Frozen-Meat-Grinder.jpg\" alt=\"Gefrorener Fleischwolf\" class=\"wp-image-1969\" style=\"object-fit:cover;width:720px;height:540px\" title=\"\" srcset=\"https:\/\/www.meatprocessingmachine.org\/wp-content\/uploads\/2018\/10\/Frozen-Meat-Grinder.jpg 750w, https:\/\/www.meatprocessingmachine.org\/wp-content\/uploads\/2018\/10\/Frozen-Meat-Grinder-300x300.jpg 300w, https:\/\/www.meatprocessingmachine.org\/wp-content\/uploads\/2018\/10\/Frozen-Meat-Grinder-150x150.jpg 150w\" sizes=\"auto, (max-width: 750px) 100vw, 750px\" \/><figcaption class=\"wp-element-caption\">Gefrorener Fleischwolf<\/figcaption><\/figure>    <p>Das Fleisch, das vom gefrorenen Fleischwolf verarbeitet werden kann, hat ebenfalls bestimmte Anforderungen. Die Temperatur des gefrorenen Fleisches sollte etwa -5\u00b0C bis -18\u00b0C betragen. Das Fleisch sollte nicht zu gro\u00df sein und kann in Fleischverarbeitungsbetrieben und Lebensmittelherstellern verwendet werden. F\u00fcr die Herstellung von W\u00fcrsten, Fleischb\u00e4llchen und anderen Lebensmitteln.<\/p>    <h2 class=\"wp-block-heading\">Arbeitsvideoanzeige<\/h2>    <figure class=\"wp-block-embed is-type-video is-provider-youtube wp-block-embed-youtube\"><div class=\"wp-block-embed__wrapper\"> <iframe loading=\"lazy\" title=\"Gefrorener Fleischwolf | gefrorener Fleischzerkleinerer | Gefrorene Fleischschneidemaschine | Gewerblicher Fleischwolf\" width=\"500\" height=\"281\" src=\"https:\/\/www.youtube.com\/embed\/zeO2cgZV7ZI?feature=oembed\" frameborder=\"0\" allow=\"accelerometer; autoplay; clipboard-write; encrypted-media; gyroscope; picture-in-picture; web-share\" referrerpolicy=\"strict-origin-when-cross-origin\" allowfullscreen><\/iframe> <\/div><figcaption class=\"wp-element-caption\"> Arbeitsvideoanzeige <\/figcaption><\/figure>    <h2 class=\"wp-block-heading\" id=\"h-the-advantages-of-frozen-meat-grinder\">Vorteile des gefrorenen Fleischwolfes <\/h2>    <ul class=\"wp-block-list\"> <li>Seine Oberfl\u00e4che besteht haupts\u00e4chlich aus Edelstahl, entspricht den Hygienestandards, ohne Kontamination der Verarbeitungsmaterialien.<\/li>    <li>Das Werkzeug verf\u00fcgt \u00fcber eine ausgezeichnete Verschlei\u00dffestigkeit und eine lange Lebensdauer.<\/li>    <li>Einfach zu bedienen, zu zerlegen, zusammenzusetzen und zu reinigen, eine breite Palette an verarbeitbaren Produkten, und die Materialien k\u00f6nnen ihre urspr\u00fcnglichen N\u00e4hrstoffe und eine gute Frischhaltung bewahren.<\/li>    <li>Das Werkzeug kann je nach tats\u00e4chlichen Anforderungen angepasst oder ausgetauscht werden.<\/li>    <li>Gefrorenes Fleischschneiden ist die notwendige Ausr\u00fcstung f\u00fcr die Fleischverarbeitung, es kann das gefrorene Fleisch direkt in verschiedene Formen schneiden. Es besch\u00e4digt die Fleischfasert tissue nicht.<\/li>    <li>Die Drehplatte wird durch die Schraube gedreht, um die Lochscheibe zu bewegen, und der Fleischwolf ist relativ stabil, was die Gleichm\u00e4\u00dfigkeit des Fleisches gew\u00e4hrleistet. Verschiedene Fleischf\u00fcllungen k\u00f6nnen durch unterschiedliche Lochscheiben-Kombinationen erreicht werden.<\/li>    <li>Die kurze Schneidzeit und die niedrige Temperatur im Schneidprozess sind gut f\u00fcr die Frische und die Verl\u00e4ngerung der Haltbarkeit.<\/li> <\/ul>   <div class=\"wp-block-image\"> <figure class=\"aligncenter size-full\"><img loading=\"lazy\" decoding=\"async\" width=\"720\" height=\"540\" src=\"https:\/\/www.meatprocessingmachine.org\/wp-content\/uploads\/2021\/10\/Frozen-meat-grinder-machine-2.jpg\" alt=\"Gefrorener Fleischwolf\" class=\"wp-image-2234\" title=\"\" srcset=\"https:\/\/www.meatprocessingmachine.org\/wp-content\/uploads\/2021\/10\/Frozen-meat-grinder-machine-2.jpg 720w, https:\/\/www.meatprocessingmachine.org\/wp-content\/uploads\/2021\/10\/Frozen-meat-grinder-machine-2-300x225.jpg 300w\" sizes=\"auto, (max-width: 720px) 100vw, 720px\" \/><figcaption class=\"wp-element-caption\">Gefrorener Fleischwolf<\/figcaption><\/figure> <\/div>   <h2 class=\"wp-block-heading\">Der Bedarf an gefrorenem Fleischwolf<\/h2>    <p>Zun\u00e4chst steigt die Temperatur w\u00e4hrend des Fleischverarbeitungsprozesses leicht an. Wenn frisches Fleisch direkt verwendet wird, kann die Fleischqualit\u00e4t nach der Verarbeitung durch den Fleischwolf beeintr\u00e4chtigt werden. Au\u00dferdem ist die Verwendung eines gefrorenen Fleischwolfes relativ scharf, und die Dauer des Fleischwolfens ist kurz, was der Fleischkonservierung f\u00f6rderlich ist.<\/p>    <h2 class=\"wp-block-heading src grammarSection\">Anwendung des gefrorenen Fleischwolfes<\/h2>    <p class=\"src grammarSection translation-block\"><span class=\"transSent\" data-group=\"0-0\">Wird in verschiedenen <a href=\"https:\/\/en.wikipedia.org\/wiki\/Sausage\" target=\"_blank\" rel=\"noopener\">Wurst<\/a>, Schinken, Aufschnitt, Fleischb\u00e4llchen, salzigen Geschmacksrichtungen, Tiernahrung und anderen Fleischprodukten weit verbreitet eingesetzt. Alle Arten von gefrorenem Fleisch, frischem Fleisch, H\u00fchnerskelett, Entenskelett, Schweinehaut, Rinderhaut, H\u00fchnerhaut, Fisch, Obst, Gem\u00fcse und so weiter.<\/span><\/p>   <div class=\"wp-block-image wp-image-1981\"> <figure class=\"aligncenter size-full\"><img loading=\"lazy\" decoding=\"async\" width=\"720\" height=\"540\" src=\"https:\/\/www.meatprocessingmachine.org\/wp-content\/uploads\/2018\/10\/grozen-meat-grinding-machine.webp\" alt=\"Gefrorener Fleischwolf\" class=\"wp-image-34431\" title=\"\" srcset=\"https:\/\/www.meatprocessingmachine.org\/wp-content\/uploads\/2018\/10\/grozen-meat-grinding-machine.webp 720w, https:\/\/www.meatprocessingmachine.org\/wp-content\/uploads\/2018\/10\/grozen-meat-grinding-machine-300x225.webp 300w, https:\/\/www.meatprocessingmachine.org\/wp-content\/uploads\/2018\/10\/grozen-meat-grinding-machine-16x12.webp 16w\" sizes=\"auto, (max-width: 720px) 100vw, 720px\" \/><figcaption class=\"wp-element-caption\">Gefrorener Fleischwolf<\/figcaption><\/figure> <\/div>   <h2 class=\"wp-block-heading\">Funktionsprinzip des Fleischwolfes<\/h2>    <p>Das Prinzip des Fleischwolfs ist, das Fleisch durch die Schraubenstange an die Schneidklinge zu dr\u00fccken. Um h\u00e4rteres Fleisch besser zu verarbeiten und die Maschine weniger zu besch\u00e4digen, hat der gefrorene Fleischschneider eine relativ feine Einstellung. Zuerst wird das Fleisch vorgecut, dann fein geschnitten und schlie\u00dflich durch die Lochscheibe gef\u00fchrt. Das Ger\u00e4t arbeitet nach dem Extrusionsprinzip, und die Schraubenstange entfernt kontinuierlich sehr kleine Fleischst\u00fccke aus der Maschine.<\/p>    <figure class=\"wp-block-gallery has-nested-images columns-default is-cropped wp-block-gallery-2 is-layout-flex wp-block-gallery-is-layout-flex\"> <figure class=\"wp-block-image size-large\"><img loading=\"lazy\" decoding=\"async\" width=\"540\" height=\"720\" data-id=\"34433\" src=\"https:\/\/www.meatprocessingmachine.org\/wp-content\/uploads\/2018\/10\/accessories.jpg\" alt=\"accessories\" class=\"wp-image-34433\" title=\"\" srcset=\"https:\/\/www.meatprocessingmachine.org\/wp-content\/uploads\/2018\/10\/accessories.jpg 540w, https:\/\/www.meatprocessingmachine.org\/wp-content\/uploads\/2018\/10\/accessories-225x300.jpg 225w, https:\/\/www.meatprocessingmachine.org\/wp-content\/uploads\/2018\/10\/accessories-9x12.jpg 9w\" sizes=\"auto, (max-width: 540px) 100vw, 540px\" \/><figcaption class=\"wp-element-caption\">Zubeh\u00f6r<\/figcaption><\/figure>    <figure class=\"wp-block-image size-large\"><img loading=\"lazy\" decoding=\"async\" width=\"540\" height=\"720\" data-id=\"34434\" src=\"https:\/\/www.meatprocessingmachine.org\/wp-content\/uploads\/2018\/10\/interior-structure.jpg\" alt=\"interior structure\" class=\"wp-image-34434\" title=\"\" srcset=\"https:\/\/www.meatprocessingmachine.org\/wp-content\/uploads\/2018\/10\/interior-structure.jpg 540w, https:\/\/www.meatprocessingmachine.org\/wp-content\/uploads\/2018\/10\/interior-structure-225x300.jpg 225w, https:\/\/www.meatprocessingmachine.org\/wp-content\/uploads\/2018\/10\/interior-structure-9x12.jpg 9w\" sizes=\"auto, (max-width: 540px) 100vw, 540px\" \/><figcaption class=\"wp-element-caption\">Innenstruktur<\/figcaption><\/figure>    <figure class=\"wp-block-image size-large\"><img loading=\"lazy\" decoding=\"async\" width=\"540\" height=\"720\" data-id=\"34435\" src=\"https:\/\/www.meatprocessingmachine.org\/wp-content\/uploads\/2018\/10\/machine-parts.jpg\" alt=\"machine parts\" class=\"wp-image-34435\" title=\"\" srcset=\"https:\/\/www.meatprocessingmachine.org\/wp-content\/uploads\/2018\/10\/machine-parts.jpg 540w, https:\/\/www.meatprocessingmachine.org\/wp-content\/uploads\/2018\/10\/machine-parts-225x300.jpg 225w, https:\/\/www.meatprocessingmachine.org\/wp-content\/uploads\/2018\/10\/machine-parts-9x12.jpg 9w\" sizes=\"auto, (max-width: 540px) 100vw, 540px\" \/><figcaption class=\"wp-element-caption\">Maschinenteile<\/figcaption><\/figure> <\/figure>    <h2 class=\"wp-block-heading\" id=\"h-machine-structure\">Struktur des gefrorenen Fleischwolfes<\/h2>    <p>&nbsp;1. Rahmen 2. Reibahle 3. Fleischextrusionsvorlage 4. Schraubkappe 5. Kornzylinder 6. Wring-K\u00e4fig 7. Trichter 8. Reduzierer 9. Gro\u00dfe Riemenscheibe 10. Motor 11. Dreiecksriemen 12. Kleine Riemenscheibe.<\/p>    <h2 class=\"wp-block-heading\" id=\"h-technical-parameter-of-commercial-meat-grinder\">Technische Parameter des gewerblichen Fleischwolfs<\/h2>    <figure class=\"wp-block-table\"><table><tbody><tr><td>Typ<\/td><td>SL-200<\/td><td>SL-120<\/td><td>SL-160<\/td><td>1. Stellen Sie die Maschine reibungslos in die Arbeitsposition.<\/td><td>SL-250<\/td><\/tr><tr><td>Kapazit\u00e4t(kg\/h)<\/td><td>500kg\/h<\/td><td>1500kg\/h<\/td><td>2000-3000kg\/h<\/td><td>3000-5000kg\/h<\/td><td>1t-5t<\/td><\/tr><tr><td>Leistung(kW)<\/td><td>5.5<\/td><td>7.5<\/td><td>15<\/td><td>22<\/td><td>37<\/td><\/tr><tr><td>Gewicht(kg)<\/td><td>182<\/td><td>358<\/td><td>1200<\/td><td>1860<\/td><td>\/<\/td><\/tr><tr><td>Abmessung(mm)<\/td><td>980*550*900<\/td><td>960*550*1080<\/td><td>1630*1100*1450<\/td><td>1780*1000*1580<\/td><td>1962*1106*1620<\/td><\/tr><\/tbody><\/table><figcaption class=\"wp-element-caption\">Parameter des gewerblichen Fleischwolfs<\/figcaption><\/figure>    <p>Unser gewerblicher gefrorener Fleischwolf kann bis zu 5t\/h produzieren. F\u00fcnf beliebte Modelle zur Auswahl. Wenn Sie weitere Fragen zu dieser Maschine haben, kontaktieren Sie uns bitte, und wir werden uns so schnell wie m\u00f6glich bei Ihnen melden.<\/p>    <h2 class=\"wp-block-heading\" id=\"h-model-selection\">Auswahl des Modells des gefrorenen Fleischwolfes<\/h2>    <p>Wenn Ihr Fleisch und Ihre Produktion klein sind, k\u00f6nnen Sie SL-100 oder SL-120 w\u00e4hlen, bei gr\u00f6\u00dferen Mengen sollten Sie SL-160, SL-200 oder SL-250 w\u00e4hlen.<\/p>   <div class=\"wp-block-image\"> <figure class=\"aligncenter size-full is-resized\"><img loading=\"lazy\" decoding=\"async\" width=\"800\" height=\"600\" src=\"https:\/\/www.meatprocessingmachine.org\/wp-content\/uploads\/2021\/09\/Frozen-Meat-Grinder-5.jpg\" alt=\"\" class=\"wp-image-1980\" style=\"width:720px;height:540px\" title=\"\" srcset=\"https:\/\/www.meatprocessingmachine.org\/wp-content\/uploads\/2021\/09\/Frozen-Meat-Grinder-5.jpg 800w, https:\/\/www.meatprocessingmachine.org\/wp-content\/uploads\/2021\/09\/Frozen-Meat-Grinder-5-300x225.jpg 300w, https:\/\/www.meatprocessingmachine.org\/wp-content\/uploads\/2021\/09\/Frozen-Meat-Grinder-5-768x576.jpg 768w\" sizes=\"auto, (max-width: 800px) 100vw, 800px\" \/><figcaption class=\"wp-element-caption\">Gefrorener Fleischwolf<\/figcaption><\/figure> <\/div>   <h2 class=\"wp-block-heading\">Rohmaterialhandling vor dem Wolf<\/h2>    <p>Der gefrorene Fleischwolf kann das bei Temperaturen von -5\u00b0C bis -18\u00b0C gefrorene Fleisch verarbeiten. Es kann w\u00e4hrend der Verwendung leicht gefroren sein, und es sollte im Gefrierfach des K\u00fchlschranks aufbewahrt werden, nicht im K\u00fchlfach. Denn nach kurzer Gefrierzeit wird das Fleisch spr\u00f6der, trennt sich weicher und klebt nicht. <\/p>    <p class=\"translation-block\">Es ist zu beachten, dass das Fleisch beim Einfrieren in kleine St\u00fccke gefroren werden sollte. Wenn die gefrorenen Fleischst\u00fccke relativ gro\u00df sind, m\u00fcssen sie von einem <a href=\"https:\/\/www.meatprocessingmachine.org\/de\/frozen-meat-cutting-machine.html\/\">Fleischzerkleinerungsger\u00e4t<\/a> zerkleinert werden.<\/p>    <h2 class=\"wp-block-heading\">Betriebsablauf des gefrorenen Fleischwolfes<\/h2>   <div class=\"wp-block-image\"> <figure class=\"aligncenter size-full is-resized\"><img loading=\"lazy\" decoding=\"async\" width=\"627\" height=\"520\" src=\"https:\/\/www.meatprocessingmachine.org\/wp-content\/uploads\/2021\/09\/Frozen-Meat-Grinder-Operate-step.png\" alt=\"Operate\u00a0step\" class=\"wp-image-1968\" style=\"width:720px;height:540px\" title=\"\" srcset=\"https:\/\/www.meatprocessingmachine.org\/wp-content\/uploads\/2021\/09\/Frozen-Meat-Grinder-Operate-step.png 627w, https:\/\/www.meatprocessingmachine.org\/wp-content\/uploads\/2021\/09\/Frozen-Meat-Grinder-Operate-step-300x249.png 300w\" sizes=\"auto, (max-width: 627px) 100vw, 627px\" \/><figcaption class=\"wp-element-caption\"> Betriebsschritte <\/figcaption><\/figure> <\/div>   <ol class=\"wp-block-list\" style=\"list-style-type:1\"> <li>Nach Anschluss an den Drehstrom dr\u00fccken Sie \"Start\".<\/li>    <li>Nach Gebrauch \/ Bei einem Fehler dr\u00fccken Sie \"Stopp\".<\/li>    <li>Wenn das Material blockiert ist und die Maschine nicht entladen kann, dr\u00fccken Sie \"Reverse\".<\/li> <\/ol>","protected":false},"excerpt":{"rendered":"<p>The frozen meat grinder is a machine that cuts the frozen meat directly to form a puree. In the meat processing enterprises in the production process,the raw meat is processed into granular meat with different specifications according to different process requirements.It does not need to be thawed during the processing process, which ensures the quality of the meat. However, the meat that can be processed by the frozen meat grinder also has certain requirements. The temperature of frozen meat should be around -5\u00b0C&#8211;18\u00b0C. The meat should not be too large, and it can be used in meat processing plants and food manufacturers. . Produce sausages, meatballs and other foods.<\/p>","protected":false},"author":1,"featured_media":1869,"parent":0,"template":"","product-type":[590],"class_list":["post-96","product","type-product","status-publish","has-post-thumbnail","hentry","product-type-meat-grinding-machine"],"_links":{"self":[{"href":"https:\/\/www.meatprocessingmachine.org\/de\/wp-json\/wp\/v2\/product\/96","targetHints":{"allow":["GET"]}}],"collection":[{"href":"https:\/\/www.meatprocessingmachine.org\/de\/wp-json\/wp\/v2\/product"}],"about":[{"href":"https:\/\/www.meatprocessingmachine.org\/de\/wp-json\/wp\/v2\/types\/product"}],"author":[{"embeddable":true,"href":"https:\/\/www.meatprocessingmachine.org\/de\/wp-json\/wp\/v2\/users\/1"}],"wp:featuredmedia":[{"embeddable":true,"href":"https:\/\/www.meatprocessingmachine.org\/de\/wp-json\/wp\/v2\/media\/1869"}],"wp:attachment":[{"href":"https:\/\/www.meatprocessingmachine.org\/de\/wp-json\/wp\/v2\/media?parent=96"}],"wp:term":[{"taxonomy":"product-type","embeddable":true,"href":"https:\/\/www.meatprocessingmachine.org\/de\/wp-json\/wp\/v2\/product-type?post=96"}],"curies":[{"name":"wp","href":"https:\/\/api.w.org\/{rel}","templated":true}]}}