{"id":11,"date":"2018-10-25T02:48:44","date_gmt":"2018-10-25T02:48:44","guid":{"rendered":"http:\/\/www.meatprocessingmachine.org\/?page_id=11"},"modified":"2026-04-07T17:31:10","modified_gmt":"2026-04-07T09:31:10","slug":"about-us","status":"publish","type":"page","link":"https:\/\/www.meatprocessingmachine.org\/es\/about-us\/","title":{"rendered":"Sobre nosotros"},"content":{"rendered":"<p class=\"translation-block\"><strong><mark class=\"has-inline-color has-luminous-vivid-amber-color\"><a href=\"https:\/\/www.meatprocessingmachine.org\/es\/\">Zhengzhou Taizy Machinery Co., Ltd<\/a><\/mark><\/strong> es un fabricante y exportador profesional especializado en maquinaria de procesamiento de carne y soluciones integradas de procesamiento de alimentos. Ubicados en la Zona de Desarrollo Econ\u00f3mico y Tecnol\u00f3gico de Zhengzhou, combinamos investigaci\u00f3n, ingenier\u00eda, fabricaci\u00f3n y ventas globales en un sistema de operaci\u00f3n eficiente.<\/p>    <p>Con una s\u00f3lida base t\u00e9cnica y m\u00e1s de 100 empleados calificados, hemos construido un sistema moderno de producci\u00f3n y gesti\u00f3n que garantiza una calidad de producto estable y una entrega eficiente para clientes en todo el mundo.<\/p>   <div class=\"wp-block-image\"> <figure class=\"aligncenter size-full\"><img loading=\"lazy\" decoding=\"async\" width=\"720\" height=\"540\" src=\"https:\/\/www.meatprocessingmachine.org\/wp-content\/uploads\/2026\/04\/taizy-factory.webp\" alt=\"taizy-factory\" class=\"wp-image-35273\" title=\"\" srcset=\"https:\/\/www.meatprocessingmachine.org\/wp-content\/uploads\/2026\/04\/taizy-factory.webp 720w, https:\/\/www.meatprocessingmachine.org\/wp-content\/uploads\/2026\/04\/taizy-factory-300x225.webp 300w, https:\/\/www.meatprocessingmachine.org\/wp-content\/uploads\/2026\/04\/taizy-factory-16x12.webp 16w\" sizes=\"auto, (max-width: 720px) 100vw, 720px\" \/><figcaption class=\"wp-element-caption\">taizy-factory<\/figcaption><\/figure> <\/div>   <h2 class=\"wp-block-heading\">Qu\u00e9 hacemos<\/h2>    <p>Nos centramos en el desarrollo y producci\u00f3n de una gama completa de equipos de procesamiento de carne, incluyendo:<\/p>    <ul class=\"wp-block-list\"> <li><strong><a href=\"https:\/\/www.meatprocessingmachine.org\/es\/products\/meat-cutting-machine\/\">M\u00e1quinas de corte y rebanado de carne<\/a><\/strong><\/li>    <li>Equipos de molienda de carne y procesamiento de huesos<\/li>    <li>L\u00edneas de producci\u00f3n de alb\u00f3ndigas<\/li>    <li><strong><a href=\"https:\/\/www.meatprocessingmachine.org\/es\/products\/supporting-auxiliary-equipment\/\">Equipos de envasado al vac\u00edo y auxiliares<\/a><\/strong><\/li> <\/ul>    <p>Nuestras m\u00e1quinas se utilizan ampliamente en carnicer\u00edas, plantas de procesamiento de alimentos, mataderos y l\u00edneas de producci\u00f3n de carne industrial, apoyando tanto a peque\u00f1as empresas como a grandes f\u00e1bricas.<\/p>    <figure class=\"wp-block-gallery has-nested-images columns-default is-cropped wp-block-gallery-2 is-layout-flex wp-block-gallery-is-layout-flex\"> <figure class=\"wp-block-image size-large\"><img loading=\"lazy\" decoding=\"async\" width=\"720\" height=\"540\" data-id=\"34581\" src=\"https:\/\/www.meatprocessingmachine.org\/wp-content\/uploads\/2020\/11\/Bone-Crusher-and-Colloid-Mill-Combination.webp\" alt=\"Bone Crusher and Colloid Mill Combination\" class=\"wp-image-34581\" title=\"\" srcset=\"https:\/\/www.meatprocessingmachine.org\/wp-content\/uploads\/2020\/11\/Bone-Crusher-and-Colloid-Mill-Combination.webp 720w, https:\/\/www.meatprocessingmachine.org\/wp-content\/uploads\/2020\/11\/Bone-Crusher-and-Colloid-Mill-Combination-300x225.webp 300w, https:\/\/www.meatprocessingmachine.org\/wp-content\/uploads\/2020\/11\/Bone-Crusher-and-Colloid-Mill-Combination-16x12.webp 16w\" sizes=\"auto, (max-width: 720px) 100vw, 720px\" \/><figcaption class=\"wp-element-caption\">Combinaci\u00f3n de trituradora de huesos y molino de colloides<\/figcaption><\/figure>    <figure class=\"wp-block-image size-large\"><img loading=\"lazy\" decoding=\"async\" width=\"720\" height=\"540\" data-id=\"34788\" src=\"https:\/\/www.meatprocessingmachine.org\/wp-content\/uploads\/2020\/11\/Bone-Crushing-Machine-1.webp\" alt=\"Trituradora de huesos\" class=\"wp-image-34788\" title=\"\" srcset=\"https:\/\/www.meatprocessingmachine.org\/wp-content\/uploads\/2020\/11\/Bone-Crushing-Machine-1.webp 720w, https:\/\/www.meatprocessingmachine.org\/wp-content\/uploads\/2020\/11\/Bone-Crushing-Machine-1-300x225.webp 300w, https:\/\/www.meatprocessingmachine.org\/wp-content\/uploads\/2020\/11\/Bone-Crushing-Machine-1-16x12.webp 16w\" sizes=\"auto, (max-width: 720px) 100vw, 720px\" \/><figcaption class=\"wp-element-caption\">Trituradora de huesos<\/figcaption><\/figure>    <figure class=\"wp-block-image size-large\"><img loading=\"lazy\" decoding=\"async\" width=\"720\" height=\"540\" data-id=\"34698\" src=\"https:\/\/www.meatprocessingmachine.org\/wp-content\/uploads\/2021\/01\/Fish-Dryer-Machine-Factory.webp\" alt=\"F\u00e1brica de m\u00e1quinas de secado de pescado\" class=\"wp-image-34698\" title=\"\" srcset=\"https:\/\/www.meatprocessingmachine.org\/wp-content\/uploads\/2021\/01\/Fish-Dryer-Machine-Factory.webp 720w, https:\/\/www.meatprocessingmachine.org\/wp-content\/uploads\/2021\/01\/Fish-Dryer-Machine-Factory-300x225.webp 300w, https:\/\/www.meatprocessingmachine.org\/wp-content\/uploads\/2021\/01\/Fish-Dryer-Machine-Factory-16x12.webp 16w\" sizes=\"auto, (max-width: 720px) 100vw, 720px\" \/><figcaption class=\"wp-element-caption\">F\u00e1brica de m\u00e1quinas de secado de pescado<\/figcaption><\/figure>    <figure class=\"wp-block-image size-large\"><img loading=\"lazy\" decoding=\"async\" width=\"720\" height=\"540\" data-id=\"34650\" src=\"https:\/\/www.meatprocessingmachine.org\/wp-content\/uploads\/2026\/02\/Meat-Slicing-Machine.webp\" alt=\"M\u00e1quina de cortar carne\" class=\"wp-image-34650\" title=\"\" srcset=\"https:\/\/www.meatprocessingmachine.org\/wp-content\/uploads\/2026\/02\/Meat-Slicing-Machine.webp 720w, https:\/\/www.meatprocessingmachine.org\/wp-content\/uploads\/2026\/02\/Meat-Slicing-Machine-300x225.webp 300w, https:\/\/www.meatprocessingmachine.org\/wp-content\/uploads\/2026\/02\/Meat-Slicing-Machine-16x12.webp 16w\" sizes=\"auto, (max-width: 720px) 100vw, 720px\" \/><figcaption class=\"wp-element-caption\">M\u00e1quina de cortar carne<\/figcaption><\/figure>    <figure class=\"wp-block-image size-large\"><img loading=\"lazy\" decoding=\"async\" width=\"720\" height=\"540\" data-id=\"35002\" src=\"https:\/\/www.meatprocessingmachine.org\/wp-content\/uploads\/2021\/11\/Triple-Row-Egg-Processing-Line.webp\" alt=\"L\u00ednea de procesamiento de huevos de triple fila\" class=\"wp-image-35002\" title=\"\" srcset=\"https:\/\/www.meatprocessingmachine.org\/wp-content\/uploads\/2021\/11\/Triple-Row-Egg-Processing-Line.webp 720w, https:\/\/www.meatprocessingmachine.org\/wp-content\/uploads\/2021\/11\/Triple-Row-Egg-Processing-Line-300x225.webp 300w, https:\/\/www.meatprocessingmachine.org\/wp-content\/uploads\/2021\/11\/Triple-Row-Egg-Processing-Line-16x12.webp 16w\" sizes=\"auto, (max-width: 720px) 100vw, 720px\" \/><figcaption class=\"wp-element-caption\">L\u00ednea de procesamiento de huevos de triple fila<\/figcaption><\/figure>    <figure class=\"wp-block-image size-large\"><img loading=\"lazy\" decoding=\"async\" width=\"720\" height=\"540\" data-id=\"35130\" src=\"https:\/\/www.meatprocessingmachine.org\/wp-content\/uploads\/2026\/03\/Chicken-Paw-Processing-Machine.webp\" alt=\"M\u00e1quina para procesar patas de pollo\" class=\"wp-image-35130\" title=\"\" srcset=\"https:\/\/www.meatprocessingmachine.org\/wp-content\/uploads\/2026\/03\/Chicken-Paw-Processing-Machine.webp 720w, https:\/\/www.meatprocessingmachine.org\/wp-content\/uploads\/2026\/03\/Chicken-Paw-Processing-Machine-300x225.webp 300w, https:\/\/www.meatprocessingmachine.org\/wp-content\/uploads\/2026\/03\/Chicken-Paw-Processing-Machine-16x12.webp 16w\" sizes=\"auto, (max-width: 720px) 100vw, 720px\" \/><figcaption class=\"wp-element-caption\">M\u00e1quina para procesar patas de pollo<\/figcaption><\/figure> <\/figure>    <h3 class=\"wp-block-heading\">Capacidad s\u00f3lida de I D y fabricaci\u00f3n<\/h3>    <p>La tecnolog\u00eda impulsa nuestro crecimiento. Invertimos continuamente en investigaci\u00f3n y desarrollo, trabajando con ingenieros mec\u00e1nicos experimentados y expertos de la industria para mejorar el rendimiento del equipo y desarrollar nuevas soluciones.<\/p>    <p>Desde la selecci\u00f3n de materias primas hasta el montaje final, cada m\u00e1quina se fabrica bajo estrictos est\u00e1ndares de control de calidad. Nuestro proceso de producci\u00f3n enfatiza durabilidad, higiene y eficiencia operativa para cumplir con los requisitos internacionales de procesamiento de alimentos.<\/p>   <div class=\"wp-block-image\"> <figure class=\"aligncenter size-full\"><img loading=\"lazy\" decoding=\"async\" width=\"720\" height=\"540\" src=\"https:\/\/www.meatprocessingmachine.org\/wp-content\/uploads\/2026\/04\/Processing-Workshop.webp\" alt=\"Taller de procesamiento\" class=\"wp-image-35277\" title=\"\" srcset=\"https:\/\/www.meatprocessingmachine.org\/wp-content\/uploads\/2026\/04\/Processing-Workshop.webp 720w, https:\/\/www.meatprocessingmachine.org\/wp-content\/uploads\/2026\/04\/Processing-Workshop-300x225.webp 300w, https:\/\/www.meatprocessingmachine.org\/wp-content\/uploads\/2026\/04\/Processing-Workshop-16x12.webp 16w\" sizes=\"auto, (max-width: 720px) 100vw, 720px\" \/><figcaption class=\"wp-element-caption\">Taller de procesamiento<\/figcaption><\/figure> <\/div>   <h3 class=\"wp-block-heading\">Presencia en el mercado global<\/h3>    <p class=\"translation-block\">Nuestros productos se han exportado a <strong><a href=\"https:\/\/www.meatprocessingmachine.org\/es\/Info\/bone-crusher-machine-france\/\">Europa<\/a><\/strong>, <strong><a href=\"https:\/\/www.meatprocessingmachine.org\/es\/Info\/frozen-meat-dicer-machine-for-sale-in-usa\/\">Am\u00e9rica<\/a><\/strong>, \u00c1frica, Sudeste Asi\u00e1tico y muchas otras regiones, ganando una s\u00f3lida reputaci\u00f3n y una base de clientes en el mercado internacional. Como filial del Grupo Shuliy, Taizy aprovecha el sistema de fabricaci\u00f3n maduro del grupo, una cadena de suministro bien establecida y una amplia experiencia en mercados globales para ofrecer equipos confiables y servicios profesionales, construyendo asociaciones a largo plazo con clientes en todo el mundo.<\/p>   <div class=\"wp-block-image\"> <figure class=\"aligncenter size-full\"><img loading=\"lazy\" decoding=\"async\" width=\"720\" height=\"540\" src=\"https:\/\/www.meatprocessingmachine.org\/wp-content\/uploads\/2026\/04\/Shuliys-customers.webp\" alt=\"Clientes de Shuliy\" class=\"wp-image-35281\" title=\"\" srcset=\"https:\/\/www.meatprocessingmachine.org\/wp-content\/uploads\/2026\/04\/Shuliys-customers.webp 720w, https:\/\/www.meatprocessingmachine.org\/wp-content\/uploads\/2026\/04\/Shuliys-customers-300x225.webp 300w, https:\/\/www.meatprocessingmachine.org\/wp-content\/uploads\/2026\/04\/Shuliys-customers-16x12.webp 16w\" sizes=\"auto, (max-width: 720px) 100vw, 720px\" \/><figcaption class=\"wp-element-caption\">Shuliy&#8217;s customers<\/figcaption><\/figure> <\/div>   <h3 class=\"wp-block-heading\">Aseguramiento de Calidad y Servicio<\/h3>    <p>Seguimos una filosof\u00eda de \u201ccalidad primero, orientaci\u00f3n al cliente\u201d en cada proyecto.<\/p>    <ul class=\"wp-block-list\"> <li>Inspecci\u00f3n de calidad estricta antes del env\u00edo<\/li>    <li>Asesoramiento pre-venta profesional y dise\u00f1o de soluciones<\/li>    <li>Soporte postventa completo, incluyendo orientaci\u00f3n en la instalaci\u00f3n y servicio t\u00e9cnico<\/li> <\/ul>    <p>Nuestro objetivo no solo es suministrar m\u00e1quinas, sino ofrecer soluciones confiables y a largo plazo que ayuden a los clientes a mejorar la eficiencia y la rentabilidad.<\/p>   <div class=\"wp-block-image\"> <figure class=\"aligncenter size-full\"><img loading=\"lazy\" decoding=\"async\" width=\"720\" height=\"540\" src=\"https:\/\/www.meatprocessingmachine.org\/wp-content\/uploads\/2026\/03\/Our-Certifications.webp\" alt=\"Nuestras certificaciones\" class=\"wp-image-35211\" title=\"\" srcset=\"https:\/\/www.meatprocessingmachine.org\/wp-content\/uploads\/2026\/03\/Our-Certifications.webp 720w, https:\/\/www.meatprocessingmachine.org\/wp-content\/uploads\/2026\/03\/Our-Certifications-300x225.webp 300w, https:\/\/www.meatprocessingmachine.org\/wp-content\/uploads\/2026\/03\/Our-Certifications-16x12.webp 16w\" sizes=\"auto, (max-width: 720px) 100vw, 720px\" \/><figcaption class=\"wp-element-caption\">Nuestras certificaciones<\/figcaption><\/figure> <\/div>   <h2 class=\"wp-block-heading\">Certificaciones y Aseguramiento de Calidad<\/h2>    <p class=\"translation-block\">Damos gran importancia a la calidad del producto y al cumplimiento de las normas internacionales, siguiendo procesos de fabricaci\u00f3n estrictamente estandarizados. Muchas de nuestras m\u00e1quinas han obtenido <strong>certificaci\u00f3n CE<\/strong>, cumpliendo con los requisitos de seguridad europeos. Nuestra empresa ha establecido e implementa un sistema de gesti\u00f3n de calidad <strong>ISO<\/strong> completo, con control estricto desde la adquisici\u00f3n de materias primas hasta el montaje y la inspecci\u00f3n final, garantizando equipos estables y duraderos. Adem\u00e1s, apoyamos pruebas y auditor\u00edas de f\u00e1brica por agencias internacionales independientes como <strong>SGS<\/strong> y <strong>T\u00dcV<\/strong>, proporcionando a los clientes una garant\u00eda de calidad transparente y confiable.<\/p>    <figure class=\"wp-block-gallery has-nested-images columns-default is-cropped wp-block-gallery-3 is-layout-flex wp-block-gallery-is-layout-flex\"> <figure class=\"wp-block-image size-large\"><img loading=\"lazy\" decoding=\"async\" width=\"540\" height=\"720\" data-id=\"35208\" src=\"https:\/\/www.meatprocessingmachine.org\/wp-content\/uploads\/2026\/03\/CE.webp\" alt=\"CE\" class=\"wp-image-35208\" title=\"\" srcset=\"https:\/\/www.meatprocessingmachine.org\/wp-content\/uploads\/2026\/03\/CE.webp 540w, https:\/\/www.meatprocessingmachine.org\/wp-content\/uploads\/2026\/03\/CE-225x300.webp 225w, https:\/\/www.meatprocessingmachine.org\/wp-content\/uploads\/2026\/03\/CE-9x12.webp 9w\" sizes=\"auto, (max-width: 540px) 100vw, 540px\" \/><figcaption class=\"wp-element-caption\">Ce<\/figcaption><\/figure>    <figure class=\"wp-block-image size-large\"><img loading=\"lazy\" decoding=\"async\" width=\"540\" height=\"720\" data-id=\"35210\" src=\"https:\/\/www.meatprocessingmachine.org\/wp-content\/uploads\/2026\/03\/ISO9001.webp\" alt=\"ISO9001\" class=\"wp-image-35210\" title=\"\" srcset=\"https:\/\/www.meatprocessingmachine.org\/wp-content\/uploads\/2026\/03\/ISO9001.webp 540w, https:\/\/www.meatprocessingmachine.org\/wp-content\/uploads\/2026\/03\/ISO9001-225x300.webp 225w, https:\/\/www.meatprocessingmachine.org\/wp-content\/uploads\/2026\/03\/ISO9001-9x12.webp 9w\" sizes=\"auto, (max-width: 540px) 100vw, 540px\" \/><figcaption class=\"wp-element-caption\">Iso9001<\/figcaption><\/figure>    <figure class=\"wp-block-image size-large\"><img loading=\"lazy\" decoding=\"async\" width=\"540\" height=\"720\" data-id=\"35209\" src=\"https:\/\/www.meatprocessingmachine.org\/wp-content\/uploads\/2026\/03\/EU-Test.webp\" alt=\"EU Test\" class=\"wp-image-35209\" title=\"\" srcset=\"https:\/\/www.meatprocessingmachine.org\/wp-content\/uploads\/2026\/03\/EU-Test.webp 540w, https:\/\/www.meatprocessingmachine.org\/wp-content\/uploads\/2026\/03\/EU-Test-225x300.webp 225w, https:\/\/www.meatprocessingmachine.org\/wp-content\/uploads\/2026\/03\/EU-Test-9x12.webp 9w\" sizes=\"auto, (max-width: 540px) 100vw, 540px\" \/><figcaption class=\"wp-element-caption\">Prueba Eu<\/figcaption><\/figure> <\/figure>    <h3 class=\"wp-block-heading\">Nuestra misi\u00f3n<\/h3>    <p>Nos comprometemos a ofrecer soluciones de procesamiento de carne de alta calidad, eficientes e innovadoras para clientes de todo el mundo. A trav\u00e9s de la mejora continua y la fabricaci\u00f3n responsable, aspiramos a convertirnos en un socio de confianza en la industria de maquinaria alimentaria.<\/p>    <h2 class=\"wp-block-heading\">Cont\u00e1ctenos<\/h2>    <div class=\"wp-block-buttons is-layout-flex wp-container-core-buttons-is-layout-6b4e3324 wp-block-buttons-is-layout-flex\"> <div class=\"wp-block-button\"><a class=\"wp-block-button__link wp-element-button\" href=\"https:\/\/wa.me\/+8619139761487\" target=\"_blank\" rel=\"noopener\">WhatsApp:  86 19139761487<\/a><\/div>    <div class=\"wp-block-button\"><a class=\"wp-block-button__link wp-element-button\">Correo electr\u00f3nico: info@meatprocessingmachine.org<\/a><\/div> <\/div>    <blockquote class=\"wp-block-quote is-layout-flow wp-block-quote-is-layout-flow\"><\/blockquote>    <div class=\"wp-block-buttons is-layout-flex wp-block-buttons-is-layout-flex\"> <div class=\"wp-block-button\"><a class=\"wp-block-button__link wp-element-button\">Direcci\u00f3n: Nautical Road East, Zona de Desarrollo Econ\u00f3mico de Zhengzhou, China<\/a><\/div> <\/div>    <p><\/p>","protected":false},"excerpt":{"rendered":"<p>Zhengzhou Taizy Machinery Co., Ltd es un fabricante y exportador profesional especializado en maquinaria de procesamiento de carne y soluciones integradas de procesamiento de alimentos. Ubicados en la Zona de Desarrollo Econ\u00f3mico y Tecnol\u00f3gico de Zhengzhou, combinamos investigaci\u00f3n, ingenier\u00eda, fabricaci\u00f3n y ventas globales en un sistema de operaci\u00f3n eficiente.<\/p>","protected":false},"author":1,"featured_media":35273,"parent":0,"menu_order":0,"comment_status":"open","ping_status":"closed","template":"","meta":{"footnotes":""},"class_list":["post-11","page","type-page","status-publish","has-post-thumbnail","hentry"],"_links":{"self":[{"href":"https:\/\/www.meatprocessingmachine.org\/es\/wp-json\/wp\/v2\/pages\/11","targetHints":{"allow":["GET"]}}],"collection":[{"href":"https:\/\/www.meatprocessingmachine.org\/es\/wp-json\/wp\/v2\/pages"}],"about":[{"href":"https:\/\/www.meatprocessingmachine.org\/es\/wp-json\/wp\/v2\/types\/page"}],"author":[{"embeddable":true,"href":"https:\/\/www.meatprocessingmachine.org\/es\/wp-json\/wp\/v2\/users\/1"}],"replies":[{"embeddable":true,"href":"https:\/\/www.meatprocessingmachine.org\/es\/wp-json\/wp\/v2\/comments?post=11"}],"version-history":[{"count":17,"href":"https:\/\/www.meatprocessingmachine.org\/es\/wp-json\/wp\/v2\/pages\/11\/revisions"}],"predecessor-version":[{"id":35299,"href":"https:\/\/www.meatprocessingmachine.org\/es\/wp-json\/wp\/v2\/pages\/11\/revisions\/35299"}],"wp:featuredmedia":[{"embeddable":true,"href":"https:\/\/www.meatprocessingmachine.org\/es\/wp-json\/wp\/v2\/media\/35273"}],"wp:attachment":[{"href":"https:\/\/www.meatprocessingmachine.org\/es\/wp-json\/wp\/v2\/media?parent=11"}],"curies":[{"name":"wp","href":"https:\/\/api.w.org\/{rel}","templated":true}]}}