{"id":1018,"date":"2021-01-16T09:49:03","date_gmt":"2021-01-16T01:49:03","guid":{"rendered":"https:\/\/www.meatprocessingmachine.org\/?p=1018"},"modified":"2024-06-14T16:00:42","modified_gmt":"2024-06-14T08:00:42","slug":"commercial-fish-skinning-machine-for-sale","status":"publish","type":"product","link":"https:\/\/www.meatprocessingmachine.org\/es\/commercial-fish-skinning-machine-for-sale.html","title":{"rendered":"M\u00e1quina comercial de desollado de pescado en venta"},"content":{"rendered":"<div class=\"kk-star-ratings kksr-auto kksr-align-right kksr-valign-top\"     data-payload='{&quot;align&quot;:&quot;right&quot;,&quot;id&quot;:&quot;1018&quot;,&quot;slug&quot;:&quot;default&quot;,&quot;valign&quot;:&quot;top&quot;,&quot;ignore&quot;:&quot;&quot;,&quot;reference&quot;:&quot;auto&quot;,&quot;class&quot;:&quot;&quot;,&quot;count&quot;:&quot;0&quot;,&quot;legendonly&quot;:&quot;&quot;,&quot;readonly&quot;:&quot;&quot;,&quot;score&quot;:&quot;0&quot;,&quot;starsonly&quot;:&quot;&quot;,&quot;best&quot;:&quot;5&quot;,&quot;gap&quot;:&quot;5&quot;,&quot;greet&quot;:&quot;Rate this product&quot;,&quot;legend&quot;:&quot;0\\\/5 - (0 votos)&quot;,&quot;size&quot;:&quot;24&quot;,&quot;title&quot;:&quot;Commercial fish skinning machine for sale&quot;,&quot;width&quot;:&quot;0&quot;,&quot;_legend&quot;:&quot;{score}\\\/{best} - ({count} {votes})&quot;,&quot;font_factor&quot;:&quot;1.25&quot;}'>              <div class=\"kksr-stars\">      <div class=\"kksr-stars-inactive\">             <div class=\"kksr-star\" data-star=\"1\" style=\"padding-right: 5px\">               <div class=\"kksr-icon\" style=\"width: 24px; height: 24px;\"><\/div>         <\/div>             <div class=\"kksr-star\" data-star=\"2\" style=\"padding-right: 5px\">               <div class=\"kksr-icon\" style=\"width: 24px; height: 24px;\"><\/div>         <\/div>             <div class=\"kksr-star\" data-star=\"3\" style=\"padding-right: 5px\">               <div class=\"kksr-icon\" style=\"width: 24px; height: 24px;\"><\/div>         <\/div>             <div class=\"kksr-star\" data-star=\"4\" style=\"padding-right: 5px\">               <div class=\"kksr-icon\" style=\"width: 24px; height: 24px;\"><\/div>         <\/div>             <div class=\"kksr-star\" data-star=\"5\" style=\"padding-right: 5px\">               <div class=\"kksr-icon\" style=\"width: 24px; height: 24px;\"><\/div>         <\/div>     <\/div>      <div class=\"kksr-stars-active\" style=\"width: 0px;\">             <div class=\"kksr-star\" style=\"padding-right: 5px\">               <div class=\"kksr-icon\" style=\"width: 24px; height: 24px;\"><\/div>         <\/div>             <div class=\"kksr-star\" style=\"padding-right: 5px\">               <div class=\"kksr-icon\" style=\"width: 24px; height: 24px;\"><\/div>         <\/div>             <div class=\"kksr-star\" style=\"padding-right: 5px\">               <div class=\"kksr-icon\" style=\"width: 24px; height: 24px;\"><\/div>         <\/div>             <div class=\"kksr-star\" style=\"padding-right: 5px\">               <div class=\"kksr-icon\" style=\"width: 24px; height: 24px;\"><\/div>         <\/div>             <div class=\"kksr-star\" style=\"padding-right: 5px\">               <div class=\"kksr-icon\" style=\"width: 24px; height: 24px;\"><\/div>         <\/div>     <\/div> <\/div>                   <div class=\"kksr-legend\" style=\"font-size: 19.2px;\">             <span class=\"kksr-muted\">Califique este producto<\/span>     <\/div>     <\/div>  <p class=\"translation-block\">La <strong>m\u00e1quina peladora de piel de pescado<\/strong> comercial es una m\u00e1quina el\u00e9ctrica dise\u00f1ada espec\u00edficamente para quitar la piel del pescado. Esta m\u00e1quina se aplica despu\u00e9s de la <a href=\"https:\/\/www.meatprocessingmachine.org\/es\/automatic-fish-scaler-machine-fish-scale-remover-machine.html\/\">m\u00e1quina quitapelos de pescado<\/a>, la m\u00e1quina de quitar la cabeza y la cola del pescado, y la <a href=\"https:\/\/www.meatprocessingmachine.org\/es\/electric-fish-belly-splitting-cutting-machine.html\/\">m\u00e1quina cortadora de vientre de pescado<\/a>. La m\u00e1quina peladora de piel de pescado puede realizar un pelado autom\u00e1tico. Tiene una gran producci\u00f3n, alta eficiencia de pelado y alto rendimiento.<\/p>    <h2 class=\"wp-block-heading\">Video de una m\u00e1quina de desollado de pescado<\/h2>    <figure class=\"wp-block-embed is-type-video is-provider-youtube wp-block-embed-youtube\"><div class=\"wp-block-embed__wrapper\"> <iframe loading=\"lazy\" title=\"M\u00e1quina peladora de tubos de calamar, m\u00e1quina para quitar la piel de pescado.\" width=\"500\" height=\"281\" src=\"https:\/\/www.youtube.com\/embed\/FWiHdkLqavs?feature=oembed\" frameborder=\"0\" allow=\"accelerometer; autoplay; clipboard-write; encrypted-media; gyroscope; picture-in-picture; web-share\" referrerpolicy=\"strict-origin-when-cross-origin\" allowfullscreen><\/iframe> <\/div><figcaption class=\"wp-element-caption\">m\u00e1quina para pelar pescado<\/figcaption><\/figure>    <h2 class=\"wp-block-heading\" id=\"h-features-of-squid-fish-skinner-machine\">Caracter\u00edsticas de la m\u00e1quina desolladora de calamares<\/h2>    <ol class=\"wp-block-list\"> <li>La m\u00e1quina peladora de pescado adopta acero inoxidable, la parte central est\u00e1 especialmente tratada t\u00e9rmicamente, y la cuchilla es afilada y duradera.<\/li>    <li>Es f\u00e1cil de operar y mantener y tiene una larga vida \u00fatil.<\/li>    <li>La m\u00e1quina el\u00e9ctrica peladora de piel de pescado tiene una gran producci\u00f3n, alta eficiencia de producci\u00f3n y un buen efecto de pelado.<\/li>    <li>La cuchilla de la m\u00e1quina se puede ajustar, por lo que se aplica ampliamente para pelar varios tipos de pescado.<\/li> <\/ol>    <h2 class=\"wp-block-heading\" id=\"h-fish-skinning-machine-parameters\">Par\u00e1metros de la m\u00e1quina de desollado de pescado<\/h2>    <ul class=\"wp-block-list\"> <li>Potencia: 0.75kW<\/li>    <li>Voltaje: 380V<\/li>    <li>Peso: 120KG<\/li>    <li>Tama\u00f1o: 620*630*900MM<\/li>    <li>Velocidad de procesamiento: 40-80pcs\/min<\/li>    <li>Capacidad: 2000-2500KG\/H<\/li> <\/ul>    <p>Alimentar el grosor del pescado dentro de 3 cm, alimentar el ancho del pescado dentro de 40 cm.<\/p>    <h2 class=\"wp-block-heading\" id=\"h-commercial-fish-skinner-machine-application\">Aplicaci\u00f3n de m\u00e1quina desolladora de pescado comercial<\/h2>    <p class=\"translation-block\">La m\u00e1quina peladora de pescado se aplica ampliamente para pelar la piel de pescado como el bacalao, el bagre, el <a href=\"https:\/\/en.wikipedia.org\/wiki\/Salmon\" target=\"_blank\" rel=\"noopener\">salm\u00f3n<\/a>, la platija y otros pescados. La m\u00e1quina se utiliza ampliamente para pelar la piel de calamar. Es adecuada para empresas pesqueras, plantas de procesamiento de alimentos y empresas de la industria de la restauraci\u00f3n.<\/p>    <h2 class=\"wp-block-heading\" id=\"h-fish-skinning-machine-parameters\">\u00bfC\u00f3mo usar la m\u00e1quina para quitar la piel del pescado?<\/h2>    <p>La m\u00e1quina autom\u00e1tica de desollado de piel de salm\u00f3n es f\u00e1cil de operar. Solo necesitas colocar el pez en la entrada de alimentaci\u00f3n y la m\u00e1quina terminar\u00e1 autom\u00e1ticamente el trabajo de desollado. Antes de usar esta m\u00e1quina para pelar, debes usar una m\u00e1quina de procesamiento de pescado para procesar el pez en segmentos. <\/p>    <p>Si su materia prima es el pez entero, necesita usar una m\u00e1quina de procesamiento de pescado para procesarlo. Esto implica la m\u00e1quina de eliminaci\u00f3n de escamas, la m\u00e1quina de corte de vientre de pescado, y la m\u00e1quina de corte de cabeza y cola de pescado. A trav\u00e9s de los pasos anteriores, obtendr\u00e1 un trozo de pescado. Luego, coloque el lado de la piel hacia abajo para pelar. <\/p>    <h2 class=\"wp-block-heading\" id=\"h-precautions-when-using-the-fish-skin-peeling-machine\">Precauciones al usar la m\u00e1quina peladora de piel de pescado.<\/h2>    <ol class=\"wp-block-list\"> <li>Al utilizar esta m\u00e1quina de pelado de pescado para quitar la piel del pescado, debe hacerse en presencia de agua para asegurar la eficiencia del pelado. Conecte la manguera de agua a la v\u00e1lvula de agua de la m\u00e1quina. Luego, encienda la alimentaci\u00f3n el\u00e9ctrica para determinar si el suministro de agua es normal. Y aseg\u00farese de encender el interruptor de suministro de agua de la m\u00e1quina al pelar.<\/li>    <li>Despu\u00e9s de usarlo durante un tiempo, abre la tapa de la cuchilla para confirmar el estado de desgaste de la cuchilla. Si necesitas reemplazar la cuchilla, abre la tapa de la cuchilla y reempl\u00e1zala directamente.<\/li>    <li>Si necesitas ajustar la cuchilla hacia arriba y hacia abajo, utiliza una llave para desenroscar la tuerca a la izquierda y a la derecha del soporte de la cuchilla para ajustar la distancia entre la cuchilla y el tambor. Ten en cuenta que la distancia entre la cuchilla y el tambor tambi\u00e9n debe ser adaptada, demasiado grande o demasiado peque\u00f1a afectar\u00e1 directamente el efecto de pelado.<\/li>    <li>Despu\u00e9s de usar la m\u00e1quina de pelar pescado cada vez, por favor limpia la m\u00e1quina con agua limpia. Si no vas a usar la m\u00e1quina durante mucho tiempo, por favor col\u00f3cala en un lugar seco y ventilado.<\/li> <\/ol>","protected":false},"excerpt":{"rendered":"<p>La m\u00e1quina comercial de desollado de pescado se utiliza ampliamente para pelar salm\u00f3n, calamares y otras especies de pescado. Necesita utilizar m\u00e1quinas como desescamadoras, abridores de pescado y otras m\u00e1quinas para procesar el pescado en segmentos antes de usar la m\u00e1quina.<\/p>","protected":false},"author":1,"featured_media":1021,"parent":0,"template":"","product-type":[584],"class_list":["post-1018","product","type-product","status-publish","has-post-thumbnail","hentry","product-type-fish"],"_links":{"self":[{"href":"https:\/\/www.meatprocessingmachine.org\/es\/wp-json\/wp\/v2\/product\/1018","targetHints":{"allow":["GET"]}}],"collection":[{"href":"https:\/\/www.meatprocessingmachine.org\/es\/wp-json\/wp\/v2\/product"}],"about":[{"href":"https:\/\/www.meatprocessingmachine.org\/es\/wp-json\/wp\/v2\/types\/product"}],"author":[{"embeddable":true,"href":"https:\/\/www.meatprocessingmachine.org\/es\/wp-json\/wp\/v2\/users\/1"}],"wp:featuredmedia":[{"embeddable":true,"href":"https:\/\/www.meatprocessingmachine.org\/es\/wp-json\/wp\/v2\/media\/1021"}],"wp:attachment":[{"href":"https:\/\/www.meatprocessingmachine.org\/es\/wp-json\/wp\/v2\/media?parent=1018"}],"wp:term":[{"taxonomy":"product-type","embeddable":true,"href":"https:\/\/www.meatprocessingmachine.org\/es\/wp-json\/wp\/v2\/product-type?post=1018"}],"curies":[{"name":"wp","href":"https:\/\/api.w.org\/{rel}","templated":true}]}}