{"id":103,"date":"2018-10-25T06:18:36","date_gmt":"2018-10-24T22:18:36","guid":{"rendered":"http:\/\/www.meatprocessingmachine.org\/?p=103"},"modified":"2022-08-15T09:50:35","modified_gmt":"2022-08-15T01:50:35","slug":"vegetable-and-meat-cutter-and-mixer","status":"publish","type":"product","link":"https:\/\/www.meatprocessingmachine.org\/es\/vegetable-and-meat-cutter-and-mixer.html","title":{"rendered":"Cortador de carne en taz\u00f3n | cortador y mezclador de carne y verduras"},"content":{"rendered":"<div class=\"kk-star-ratings kksr-auto kksr-align-right kksr-valign-top\"     data-payload='{&quot;align&quot;:&quot;right&quot;,&quot;id&quot;:&quot;103&quot;,&quot;slug&quot;:&quot;default&quot;,&quot;valign&quot;:&quot;top&quot;,&quot;ignore&quot;:&quot;&quot;,&quot;reference&quot;:&quot;auto&quot;,&quot;class&quot;:&quot;&quot;,&quot;count&quot;:&quot;0&quot;,&quot;legendonly&quot;:&quot;&quot;,&quot;readonly&quot;:&quot;&quot;,&quot;score&quot;:&quot;0&quot;,&quot;starsonly&quot;:&quot;&quot;,&quot;best&quot;:&quot;5&quot;,&quot;gap&quot;:&quot;5&quot;,&quot;greet&quot;:&quot;Rate this product&quot;,&quot;legend&quot;:&quot;0\\\/5 - (0 votos)&quot;,&quot;size&quot;:&quot;24&quot;,&quot;title&quot;:&quot;Meat bowl chopper | meat vegetable cutter and mixer&quot;,&quot;width&quot;:&quot;0&quot;,&quot;_legend&quot;:&quot;{score}\\\/{best} - ({count} {votes})&quot;,&quot;font_factor&quot;:&quot;1.25&quot;}'>              <div class=\"kksr-stars\">      <div class=\"kksr-stars-inactive\">             <div class=\"kksr-star\" data-star=\"1\" style=\"padding-right: 5px\">               <div class=\"kksr-icon\" style=\"width: 24px; height: 24px;\"><\/div>         <\/div>             <div class=\"kksr-star\" data-star=\"2\" style=\"padding-right: 5px\">               <div class=\"kksr-icon\" style=\"width: 24px; height: 24px;\"><\/div>         <\/div>             <div class=\"kksr-star\" data-star=\"3\" style=\"padding-right: 5px\">               <div class=\"kksr-icon\" style=\"width: 24px; height: 24px;\"><\/div>         <\/div>             <div class=\"kksr-star\" data-star=\"4\" style=\"padding-right: 5px\">               <div class=\"kksr-icon\" style=\"width: 24px; height: 24px;\"><\/div>         <\/div>             <div class=\"kksr-star\" data-star=\"5\" style=\"padding-right: 5px\">               <div class=\"kksr-icon\" style=\"width: 24px; height: 24px;\"><\/div>         <\/div>     <\/div>      <div class=\"kksr-stars-active\" style=\"width: 0px;\">             <div class=\"kksr-star\" style=\"padding-right: 5px\">               <div class=\"kksr-icon\" style=\"width: 24px; height: 24px;\"><\/div>         <\/div>             <div class=\"kksr-star\" style=\"padding-right: 5px\">               <div class=\"kksr-icon\" style=\"width: 24px; height: 24px;\"><\/div>         <\/div>             <div class=\"kksr-star\" style=\"padding-right: 5px\">               <div class=\"kksr-icon\" style=\"width: 24px; height: 24px;\"><\/div>         <\/div>             <div class=\"kksr-star\" style=\"padding-right: 5px\">               <div class=\"kksr-icon\" style=\"width: 24px; height: 24px;\"><\/div>         <\/div>             <div class=\"kksr-star\" style=\"padding-right: 5px\">               <div class=\"kksr-icon\" style=\"width: 24px; height: 24px;\"><\/div>         <\/div>     <\/div> <\/div>                   <div class=\"kksr-legend\" style=\"font-size: 19.2px;\">             <span class=\"kksr-muted\">Califique este producto<\/span>     <\/div>     <\/div>  <p>El cortador y mezclador de carne vegetal puede cortar verduras o carne en part\u00edculas finas, que se pueden utilizar para picar verduras y hacer pur\u00e9 de carne. El picador de taz\u00f3n de carne tiene funciones como cortar, mezclar y revolver. Los picadores de taz\u00f3n de carne pueden actuar como ayudantes en el proceso de procesamiento de alimentos. Se puede utilizar en comedores, restaurantes, plantas de procesamiento de salchichas, plantas de procesamiento de hamburguesas.<\/p>   <h2><strong>Introducci\u00f3n del cortador de carne y verduras, mezclador y molinillo<\/strong><\/h2> <p>El cortador y mezclador de verduras y carne es un nuevo dise\u00f1o con turbina y transmisi\u00f3n de tornillo sin fin, lo que hace que la estructura sea m\u00e1s compacta. El taz\u00f3n de los cortadores de verduras y carne y las licuadoras, todos los materiales son de acero inoxidable, duraderos y de forma hermosa. El reductor de velocidad del cortador de carne consiste en una aleaci\u00f3n de aluminio de alta calidad y engranajes de tornillo sin fin tipo Cooper de alta calidad.<\/p> <p><span class=\"transSent\" data-group=\"0-1\">No solo puede picar finamente carne, carne picada y otros ingredientes principales, sino tambi\u00e9n otros ingredientes;<\/span><span class=\"transSent\" data-group=\"0-2\">Agua, hielo, especias y accesorios (rellenos) se mezclan con espuma de carne para formar una leche suave.<\/span><span class=\"transSent\" data-group=\"0-3\">Especialmente mediante tratamiento de emulsificaci\u00f3n, la densidad fina y la elasticidad de los productos intestinales se mejoran enormemente.<\/span><span class=\"transSent\" data-group=\"0-4\">Se puede seleccionar una alta y baja velocidad de cuchillo y una rueda de regulaci\u00f3n de velocidad sin escalas para hacer que el picado y la mezcla, la carne picada, la mezcla y la emulsificaci\u00f3n se completen en un solo proceso.<\/span><\/p> <figure id=\"attachment_32664\" aria-describedby=\"caption-attachment-32664\" style=\"width: 720px\" class=\"wp-caption alignnone\"><img loading=\"lazy\" decoding=\"async\" class=\"size-full wp-image-32664\" src=\"https:\/\/www.meatprocessingmachine.org\/wp-content\/uploads\/2018\/10\/vegetable-meat-cutter-and-mixer.png\" alt=\"Cortadora y mezcladora de carne y verduras\" width=\"720\" height=\"540\" title=\"\" srcset=\"https:\/\/www.meatprocessingmachine.org\/wp-content\/uploads\/2018\/10\/vegetable-meat-cutter-and-mixer.png 720w, https:\/\/www.meatprocessingmachine.org\/wp-content\/uploads\/2018\/10\/vegetable-meat-cutter-and-mixer-300x225.png 300w\" sizes=\"auto, (max-width: 720px) 100vw, 720px\" \/><figcaption id=\"caption-attachment-32664\" class=\"wp-caption-text\">M\u00e1quina cortadora de carne y verduras&amp;Nbsp;<\/figcaption><\/figure> <h2>Aplicaci\u00f3n de cortadora y mezcladora de carne vegetal<\/h2> <p class=\"translation-block\">La cortadora y mezcladora de carne y verduras puede procesar carne, pescado, frutas, verduras, frutos secos y mariscos, especialmente en el procesamiento de carne, lo que resulta muy conveniente. Estos alimentos se pueden cortar en gr\u00e1nulos o pur\u00e9. El grosor del procesamiento de alimentos est\u00e1 relacionado con el tiempo y debe ajustarse seg\u00fan la producci\u00f3n propia. Se puede utilizar para hacer salchichas, alb\u00f3ndigas, hamburguesas y cortadoras de verduras. Por supuesto, tambi\u00e9n puede utilizar una <a href=\"https:\/\/www.meatprocessingmachine.org\/es\/good-quality-meat-food-stuffing-mixer.html\/\">mezcladora de carne<\/a> si necesita mezclar mucha carne a la vez.<\/p>   <figure class=\"wp-block-image\"><img decoding=\"async\" src=\"http:\/\/www.meatprocessingmachine.org\/wp-content\/uploads\/2018\/10\/vegetable-and-meat-cutter09106.jpg\" alt=\"\" title=\"\"><\/figure>    <h2 class=\"wp-block-heading\">\u00bfPor qu\u00e9 usar un picador de carne?<\/h2>    <p>En primer lugar, la eficiencia de trabajo del cortador y mezclador de carne vegetal es alta. La m\u00e1quina puede completar el trabajo de procesamiento de carne en unos pocos minutos, y la eficiencia laboral se mejora considerablemente despu\u00e9s de usar la m\u00e1quina. En segundo lugar, la estructura del picador de carne es fina. La velocidad del cuchillo, la velocidad de la olla y el espacio entre el picador y la olla pueden lograr la mejor combinaci\u00f3n para que la finura de los productos picados sea buena, el aumento de temperatura sea peque\u00f1o y el tiempo de picado sea corto, especialmente la finura y elasticidad de los productos de salchicha. Se mejora para maximizar la elasticidad y finura de los productos c\u00e1rnicos. Adem\u00e1s, la m\u00e1quina tiene muchas funciones. La m\u00e1quina no solo puede cortar carne, sino tambi\u00e9n a\u00f1adir condimentos y otros aderezos en el orden del procesamiento de alimentos. El proceso de picado tambi\u00e9n completa el paso de marinado de la carne, ahorrando tiempo.<\/p>    <figure class=\"wp-block-gallery has-nested-images columns-default is-cropped wp-block-gallery-2 is-layout-flex wp-block-gallery-is-layout-flex\"> <figure class=\"wp-block-image size-large\"><img loading=\"lazy\" decoding=\"async\" width=\"286\" height=\"220\" data-id=\"32665\" src=\"https:\/\/www.meatprocessingmachine.org\/wp-content\/uploads\/2018\/10\/meat-bowel-chopper-1.png\" alt=\"Picadora de carne\" class=\"wp-image-32665\" title=\"\"><figcaption>Cortadora de carne en taz\u00f3n <\/figcaption><\/figure>    <figure class=\"wp-block-image size-large\"><img loading=\"lazy\" decoding=\"async\" width=\"286\" height=\"220\" data-id=\"32666\" src=\"https:\/\/www.meatprocessingmachine.org\/wp-content\/uploads\/2018\/10\/meat-bowel-chopper-.png\" alt=\"Picadora de carne\" class=\"wp-image-32666\" title=\"\"><figcaption>Cortadora de carne en taz\u00f3n<\/figcaption><\/figure> <\/figure>    <h2 class=\"wp-block-heading\" id=\"h-specification-of-meat-vegetable-cutter-and-mixer\">Especificaciones de la cortadora y mezcladora de carne vegetal<\/h2>    <figure class=\"wp-block-table\"><table><tbody><tr><td><strong>Modelo<\/strong><\/td><td><strong>SL-20<\/strong><\/td><td><strong>SL-40<\/strong><\/td><td><strong>SL-80<\/strong><\/td><td><strong>SL-125<\/strong><\/td><td><strong>SL-200<\/strong><\/td><\/tr><tr><td><strong>Capacidad de procesamiento (kg\/por vez)<\/strong><\/td><td><strong>10-15<\/strong><\/td><td><strong>20-30<\/strong><\/td><td><strong>40-50<\/strong><\/td><td><strong>70-80<\/strong><\/td><td><strong>100-140<\/strong><\/td><\/tr><tr><td><strong>Volumen de la olla (L)<\/strong><\/td><td><strong>20<\/strong><\/td><td><strong>40<\/strong><\/td><td><strong>80<\/strong><\/td><td><strong>125<\/strong><\/td><td><strong>200<\/strong><\/td><\/tr><tr><td><strong>Potencia (KW)<\/strong><\/td><td><strong>2.55<\/strong><\/td><td><strong>6.25<\/strong><\/td><td><strong>23<\/strong><\/td><td><strong>27<\/strong><\/td><td><strong>63<\/strong><\/td><\/tr><tr><td><strong>Cantidad de archivos<\/strong><\/td><td><strong>3<\/strong><\/td><td><strong>3<\/strong><\/td><td><strong>6<\/strong><\/td><td><strong>6<\/strong><\/td><td><strong>6<\/strong><\/td><\/tr><tr><td><strong>Velocidad de corte de la olla (r\/min)<\/strong><\/td><td><strong>16<\/strong><\/td><td><strong>12<\/strong><\/td><td><strong>8\/12<\/strong><\/td><td><strong>8\/12<\/strong><\/td><td><strong>8\/12\/16<\/strong><\/td><\/tr><tr><td><strong>Velocidad del archivo (r\/min)<\/strong><\/td><td><strong>1650\/3300<\/strong><\/td><td><strong>1800\/3600<\/strong><\/td><td><strong>126\/1800\/3600<\/strong><\/td><td><strong>126\/1800\/3600<\/strong><\/td><td><strong>200\/1900*3800<\/strong><\/td><\/tr><tr><td><strong>Dimensi\u00f3n(r\/min)<\/strong><\/td><td><strong>770*650*980<\/strong><\/td><td><strong>1245*810*1094<\/strong><\/td><td><strong>2300*1020*1195<\/strong><\/td><td><strong>2400*1420*1300<\/strong><\/td><td><strong>2580*2400*1960<\/strong><\/td><\/tr><tr><td><strong>Peso(KG)<\/strong><\/td><td><strong>215<\/strong><\/td><td><strong>480<\/strong><\/td><td><strong>1100<\/strong><\/td><td><strong>1300<\/strong><\/td><td><strong>&nbsp;3800<\/strong><\/td><\/tr><tr><td><strong>Fuente de alimentaci\u00f3n<\/strong><\/td><td><strong>380V<\/strong><\/td><td><strong>380V<\/strong><\/td><td><strong>380V<\/strong><\/td><td><strong>380V<\/strong><\/td><td><strong>380V<\/strong><\/td><\/tr><\/tbody><\/table><\/figure>    <p>Lo anterior es la tabla de par\u00e1metros de la m\u00e1quina de picar. Se puede ver en la tabla que la m\u00e1quina tiene cinco modelos. El modelo de la m\u00e1quina est\u00e1 numerado seg\u00fan el volumen de la olla. El volumen de olla m\u00e1s peque\u00f1o es de 20L, y el volumen m\u00e1s grande es de 200L. El tama\u00f1o de la m\u00e1quina es diferente, la velocidad del cuchillo al cortar la carne tambi\u00e9n es diferente, y las m\u00e1quinas de gran escala tienen diferentes engranajes para ajustar.<\/p>    <figure class=\"wp-block-image is-resized\"><img loading=\"lazy\" decoding=\"async\" src=\"http:\/\/www.meatprocessingmachine.org\/wp-content\/uploads\/2018\/10\/vegetable-and-meat-cutter08105.jpg\" alt=\"cortador y mezclador de carne y verduras\" width=\"840\" height=\"853\" title=\"\"><figcaption>Cortadora y Mezcladora de Carne y Verduras<\/figcaption><\/figure>    <h2 class=\"wp-block-heading\">El principio de funcionamiento del cortador de carne y verduras, mezclador y molinillo <\/h2>    <p>Utilizando la acci\u00f3n de corte de la rotaci\u00f3n a alta velocidad del cuchillo picador, las materias primas principales como carne, carne picada y grasa se pican finamente en un relleno de carne o pur\u00e9 de carne, y otros ingredientes como agua, borneol y materiales auxiliares se mezclan uniformemente.<\/p>    <h2 class=\"wp-block-heading\">Caracter\u00edsticas de la mezcladora y picadora de carne vegetal<\/h2>    <p>1. El convertidor de frecuencia y el motor de conversi\u00f3n de frecuencia se seleccionan de manera que la velocidad de corte se pueda ajustar arbitrariamente entre 300-4500 rpm, la cuchilla es afilada y la operaci\u00f3n a alta velocidad es estable. La m\u00e1quina tiene bajo ruido y alta eficiencia.<\/p>    <p>2. El cortador est\u00e1 hecho de materiales importados y procesado por artesan\u00eda, y el cortador se forma en un solo lugar por el centro de mecanizado. Est\u00e1 hecho de acero inoxidable y tiene un borde de olla a prueba de desbordamiento para prevenir la filtraci\u00f3n y el desbordamiento de materiales.<\/p>    <p>3. La olla picadora tiene dos velocidades, que se pueden combinar con el cuchillo picador a cualquier velocidad, el tiempo de picado y mezcla es corto, y el aumento de temperatura del material es peque\u00f1o.<\/p>    <p>4. En operaci\u00f3n a alta velocidad, el funcionamiento es estable y sin ruido, y la separaci\u00f3n entre el cortador y el cortador es inferior a 1.5 mm para garantizar el efecto del cortador.<\/p>    <p>6. Equipado con un descargador, la descarga es conveniente y limpia. El picador puede realizar un procesamiento profundo de carne, frutas y verduras, mariscos y condimentos. La rotaci\u00f3n a alta velocidad de la cuchilla puede acortar el tiempo de funcionamiento, reducir la generaci\u00f3n de calor del material y mantener el color del relleno.<\/p>    <figure class=\"wp-block-image size-full\"><img loading=\"lazy\" decoding=\"async\" width=\"720\" height=\"340\" src=\"https:\/\/www.meatprocessingmachine.org\/wp-content\/uploads\/2018\/10\/Meat-vegetable-cutter-and-mixer.png\" alt=\"cortador y mezclador de carne y verduras\" class=\"wp-image-32668\" title=\"\" srcset=\"https:\/\/www.meatprocessingmachine.org\/wp-content\/uploads\/2018\/10\/Meat-vegetable-cutter-and-mixer.png 720w, https:\/\/www.meatprocessingmachine.org\/wp-content\/uploads\/2018\/10\/Meat-vegetable-cutter-and-mixer-300x142.png 300w\" sizes=\"auto, (max-width: 720px) 100vw, 720px\" \/><figcaption>Cortadora de Carne y Verduras y Mezcladora<\/figcaption><\/figure>    <h2 class=\"wp-block-heading\">La estructura del picador de carne<\/h2>    <p>El cortador y mezclador de carne y verduras se compone de un picador, un eje de cuchillo, un marco y un sistema de control el\u00e9ctrico. La olla de corte es girada por el motor a baja velocidad a trav\u00e9s del reductor y alimenta continuamente al grupo de cuchillos. El eje del cortador es impulsado por un motor de dos velocidades (o motor de frecuencia variable) para girar a alta velocidad a trav\u00e9s de la correa. Mientras los materiales crudos est\u00e1n en un movimiento espiral en la olla de picado, son removidos y picados por el grupo de cuchillos para eliminar el aire de la carne picada. Debido al picado a alta velocidad del cuchillo, la tasa de separaci\u00f3n del l\u00edquido y el jugo del producto se reduce, y la elasticidad y finura del producto se mejoran.<\/p>    <h2 class=\"wp-block-heading\">Requisitos de uso del producto cortador de verduras y carne<\/h2>    <figure class=\"wp-block-image size-full\"><img loading=\"lazy\" decoding=\"async\" width=\"720\" height=\"540\" src=\"https:\/\/www.meatprocessingmachine.org\/wp-content\/uploads\/2018\/10\/Meat-vegetable-cutter-and-mixer-1.png\" alt=\"cortador y mezclador de carne y verduras\" class=\"wp-image-32669\" title=\"\" srcset=\"https:\/\/www.meatprocessingmachine.org\/wp-content\/uploads\/2018\/10\/Meat-vegetable-cutter-and-mixer-1.png 720w, https:\/\/www.meatprocessingmachine.org\/wp-content\/uploads\/2018\/10\/Meat-vegetable-cutter-and-mixer-1-300x225.png 300w\" sizes=\"auto, (max-width: 720px) 100vw, 720px\" \/><figcaption>Cortadora y Mezcladora de Carne<\/figcaption><\/figure>    <p>1. Mantenga limpio el interior de la olla giratoria, y est\u00e1 estrictamente prohibido colocar objetos innecesarios.&nbsp;<\/p>    <p>2. Cubra la olla antes de encender el cortador. De lo contrario, el cortador no podr\u00e1 funcionar normalmente.&nbsp;<\/p>    <p>3. Si hay un tap\u00f3n de juego durante la alimentaci\u00f3n, no entre en la olla rotativa para presionar el material a mano, de lo contrario, ser\u00e1 peligroso encontrarse con el cuchillo rotativo. Si el motor de giro de la olla est\u00e1 claramente sobrecargado, se recomienda girar la olla a baja velocidad y reducir la velocidad del cuchillo.&nbsp;<\/p>    <p>4. Para evitar el fen\u00f3meno de la congesti\u00f3n de carne en la olla rotativa, no a\u00f1ada demasiado material a la vez al alimentar. Durante la operaci\u00f3n, se debe a\u00f1adir agua de manera adecuada.&nbsp;<\/p>    <p>5. Preste atenci\u00f3n a la protecci\u00f3n contra la humedad y el agua, especialmente a la caja de distribuci\u00f3n, no lave con agua a alta presi\u00f3n.<\/p>    <h2 class=\"wp-block-heading\">Video de cortadora de carne y verduras<\/h2>    <figure class=\"wp-block-embed is-type-video is-provider-youtube wp-block-embed-youtube\"><div class=\"wp-block-embed__wrapper\"> <iframe loading=\"lazy\" title=\"Mejor picadora de carne | cortadora y mezcladora de verduras y carne | M\u00e1quina cortadora y molinillo de chiles\" width=\"500\" height=\"281\" src=\"https:\/\/www.youtube.com\/embed\/COlE_tG9eAs?feature=oembed\" frameborder=\"0\" allow=\"accelerometer; autoplay; clipboard-write; encrypted-media; gyroscope; picture-in-picture; web-share\" referrerpolicy=\"strict-origin-when-cross-origin\" allowfullscreen><\/iframe> <\/div><figcaption>cortador y mezclador de carne y verduras<\/figcaption><\/figure>","protected":false},"excerpt":{"rendered":"<p>ables y haciendo carne en un pur\u00e9. El picador de carne tiene funciones como cortar, mezclar y remover. Los picadores de carne pueden actuar como ayudantes en el proceso de procesamiento de alimentos. Se pueden usar en comedores, restaurantes, plantas de procesamiento de salchichas, plantas de procesamiento de hamburguesas.<\/p>","protected":false},"author":1,"featured_media":32707,"parent":0,"template":"","product-type":[589],"class_list":["post-103","product","type-product","status-publish","has-post-thumbnail","hentry","product-type-meat-cutting-machine"],"_links":{"self":[{"href":"https:\/\/www.meatprocessingmachine.org\/es\/wp-json\/wp\/v2\/product\/103","targetHints":{"allow":["GET"]}}],"collection":[{"href":"https:\/\/www.meatprocessingmachine.org\/es\/wp-json\/wp\/v2\/product"}],"about":[{"href":"https:\/\/www.meatprocessingmachine.org\/es\/wp-json\/wp\/v2\/types\/product"}],"author":[{"embeddable":true,"href":"https:\/\/www.meatprocessingmachine.org\/es\/wp-json\/wp\/v2\/users\/1"}],"wp:featuredmedia":[{"embeddable":true,"href":"https:\/\/www.meatprocessingmachine.org\/es\/wp-json\/wp\/v2\/media\/32707"}],"wp:attachment":[{"href":"https:\/\/www.meatprocessingmachine.org\/es\/wp-json\/wp\/v2\/media?parent=103"}],"wp:term":[{"taxonomy":"product-type","embeddable":true,"href":"https:\/\/www.meatprocessingmachine.org\/es\/wp-json\/wp\/v2\/product-type?post=103"}],"curies":[{"name":"wp","href":"https:\/\/api.w.org\/{rel}","templated":true}]}}