{"id":122,"date":"2018-10-25T06:37:25","date_gmt":"2018-10-24T22:37:25","guid":{"rendered":"http:\/\/www.meatprocessingmachine.org\/?p=122"},"modified":"2026-02-12T16:41:47","modified_gmt":"2026-02-12T08:41:47","slug":"hydraulic-enema-machine","status":"publish","type":"product","link":"https:\/\/www.meatprocessingmachine.org\/es\/hydraulic-enema-machine.html","title":{"rendered":"M\u00e1quina de enema hidr\u00e1ulico"},"content":{"rendered":"<div class=\"kk-star-ratings kksr-auto kksr-align-right kksr-valign-top\"     data-payload='{&quot;align&quot;:&quot;right&quot;,&quot;id&quot;:&quot;122&quot;,&quot;slug&quot;:&quot;default&quot;,&quot;valign&quot;:&quot;top&quot;,&quot;ignore&quot;:&quot;&quot;,&quot;reference&quot;:&quot;auto&quot;,&quot;class&quot;:&quot;&quot;,&quot;count&quot;:&quot;0&quot;,&quot;legendonly&quot;:&quot;&quot;,&quot;readonly&quot;:&quot;&quot;,&quot;score&quot;:&quot;0&quot;,&quot;starsonly&quot;:&quot;&quot;,&quot;best&quot;:&quot;5&quot;,&quot;gap&quot;:&quot;5&quot;,&quot;greet&quot;:&quot;Rate this product&quot;,&quot;legend&quot;:&quot;0\\\/5 - (0 votos)&quot;,&quot;size&quot;:&quot;24&quot;,&quot;title&quot;:&quot;Hydraulic Enema Machine&quot;,&quot;width&quot;:&quot;0&quot;,&quot;_legend&quot;:&quot;{score}\\\/{best} - ({count} {votes})&quot;,&quot;font_factor&quot;:&quot;1.25&quot;}'>              <div class=\"kksr-stars\">      <div class=\"kksr-stars-inactive\">             <div class=\"kksr-star\" data-star=\"1\" style=\"padding-right: 5px\">               <div class=\"kksr-icon\" style=\"width: 24px; height: 24px;\"><\/div>         <\/div>             <div class=\"kksr-star\" data-star=\"2\" style=\"padding-right: 5px\">               <div class=\"kksr-icon\" style=\"width: 24px; height: 24px;\"><\/div>         <\/div>             <div class=\"kksr-star\" data-star=\"3\" style=\"padding-right: 5px\">               <div class=\"kksr-icon\" style=\"width: 24px; height: 24px;\"><\/div>         <\/div>             <div class=\"kksr-star\" data-star=\"4\" style=\"padding-right: 5px\">               <div class=\"kksr-icon\" style=\"width: 24px; height: 24px;\"><\/div>         <\/div>             <div class=\"kksr-star\" data-star=\"5\" style=\"padding-right: 5px\">               <div class=\"kksr-icon\" style=\"width: 24px; height: 24px;\"><\/div>         <\/div>     <\/div>      <div class=\"kksr-stars-active\" style=\"width: 0px;\">             <div class=\"kksr-star\" style=\"padding-right: 5px\">               <div class=\"kksr-icon\" style=\"width: 24px; height: 24px;\"><\/div>         <\/div>             <div class=\"kksr-star\" style=\"padding-right: 5px\">               <div class=\"kksr-icon\" style=\"width: 24px; height: 24px;\"><\/div>         <\/div>             <div class=\"kksr-star\" style=\"padding-right: 5px\">               <div class=\"kksr-icon\" style=\"width: 24px; height: 24px;\"><\/div>         <\/div>             <div class=\"kksr-star\" style=\"padding-right: 5px\">               <div class=\"kksr-icon\" style=\"width: 24px; height: 24px;\"><\/div>         <\/div>             <div class=\"kksr-star\" style=\"padding-right: 5px\">               <div class=\"kksr-icon\" style=\"width: 24px; height: 24px;\"><\/div>         <\/div>     <\/div> <\/div>                   <div class=\"kksr-legend\" style=\"font-size: 19.2px;\">             <span class=\"kksr-muted\">Califique este producto<\/span>     <\/div>     <\/div> <h2>Introducci\u00f3n Breve<\/h2> <p class=\"translation-block\">La <strong>M\u00e1quina Enema Hidr\u00e1ulica<\/strong> es un equipo necesario para el embutido de salchichas. La <strong>M\u00e1quina Embutidora de Salchichas Hidr\u00e1ulica<\/strong> es ampliamente aplicable a una variedad de sistemas de embutido de intestinos, especialmente para rellenos m\u00e1s secos y rellenos de carne. La parte superior de la m\u00e1quina tiene una tolva de almacenamiento y una v\u00e1lvula de disco, un sistema de riego con volteo continuo, lo que mejora la eficiencia del trabajo.<\/p>   <h2 class=\"wp-block-heading\"><strong>Caracter\u00edsticas<\/strong><\/h2>    <p class=\"translation-block\">1. Puede fabricar productos de intestino grande, mediano y peque\u00f1o de varias especificaciones.<br>2. Este producto tiene una apariencia hermosa, mano de obra fina, operaci\u00f3n conveniente y operaci\u00f3n segura y confiable.<br>3. La tolva, la v\u00e1lvula, el tubo de embutici\u00f3n y el embalaje exterior de la <strong>M\u00e1quina de Salchichas Hidr\u00e1ulica<\/strong> est\u00e1n hechos de acero inoxidable de alta calidad.<br>4. El material del cilindro se puede elegir seg\u00fan los requisitos de los clientes para cumplir con requisitos de higiene alimentaria m\u00e1s altos.<br>5. La <strong>M\u00e1quina de Salchichas Hidr\u00e1ulica<\/strong> se aplica a tripas de oveja, tripas de cerdo, tripas de col\u00e1geno, tripas de pl\u00e1stico.<\/p>    <figure class=\"wp-block-image\"><img decoding=\"async\" src=\"http:\/\/www.meatprocessingmachine.org\/wp-content\/uploads\/2018\/10\/hydraulic-sausage-stuffer8136.jpg\" alt=\"\" title=\"\"><\/figure>    <h2 class=\"wp-block-heading\"><strong>Especificaciones<\/strong><\/h2>    <p class=\"translation-block\"><strong> <\/strong>1. M\u00e1quina para salchichas de acero inoxidable<br>2. Dise\u00f1o fino, alta calidad<br>3. Capacidad: 100~500kg<br>4. Adecuado para todas las salchichas<\/p>    <div class=\"wp-block-columns is-layout-flex wp-container-core-columns-is-layout-9d6595d7 wp-block-columns-is-layout-flex\"> <div class=\"wp-block-column is-layout-flow wp-block-column-is-layout-flow\"> <figure class=\"wp-block-image size-large\"><img loading=\"lazy\" decoding=\"async\" width=\"650\" height=\"433\" src=\"http:\/\/www.meatprocessingmachine.org\/wp-content\/uploads\/2020\/06\/details-of-Hydraulic-Enema-Machine.jpg\" alt=\"detalles de la M\u00e1quina de Enema Hidr\u00e1ulica\" class=\"wp-image-733\" title=\"\" srcset=\"https:\/\/www.meatprocessingmachine.org\/wp-content\/uploads\/2020\/06\/details-of-Hydraulic-Enema-Machine.jpg 650w, https:\/\/www.meatprocessingmachine.org\/wp-content\/uploads\/2020\/06\/details-of-Hydraulic-Enema-Machine-300x200.jpg 300w\" sizes=\"auto, (max-width: 650px) 100vw, 650px\" \/><figcaption><\/figcaption><\/figure> <\/div>    <div class=\"wp-block-column is-layout-flow wp-block-column-is-layout-flow\"> <figure class=\"wp-block-image size-large\"><img loading=\"lazy\" decoding=\"async\" width=\"1024\" height=\"683\" src=\"http:\/\/www.meatprocessingmachine.org\/wp-content\/uploads\/2020\/06\/details-of-Hydraulic-Enema-Machine.-1024x683.jpg\" alt=\"detalles de la M\u00e1quina de Enema Hidr\u00e1ulica\" class=\"wp-image-734\" title=\"\" srcset=\"https:\/\/www.meatprocessingmachine.org\/wp-content\/uploads\/2020\/06\/details-of-Hydraulic-Enema-Machine.-1024x683.jpg 1024w, https:\/\/www.meatprocessingmachine.org\/wp-content\/uploads\/2020\/06\/details-of-Hydraulic-Enema-Machine.-300x200.jpg 300w, https:\/\/www.meatprocessingmachine.org\/wp-content\/uploads\/2020\/06\/details-of-Hydraulic-Enema-Machine.-768x512.jpg 768w, https:\/\/www.meatprocessingmachine.org\/wp-content\/uploads\/2020\/06\/details-of-Hydraulic-Enema-Machine.-1536x1024.jpg 1536w, https:\/\/www.meatprocessingmachine.org\/wp-content\/uploads\/2020\/06\/details-of-Hydraulic-Enema-Machine.-2048x1365.jpg 2048w\" sizes=\"auto, (max-width: 1024px) 100vw, 1024px\" \/><figcaption><\/figcaption><\/figure>    <p><\/p> <\/div> <\/div>    <h2 class=\"wp-block-heading\"><strong>Par\u00e1metros tecnol\u00f3gicos<\/strong><\/h2>    <figure class=\"wp-block-table\"><table><tbody><tr><td>Modelo<\/td><td>SL-30<\/td><td>SL-50<\/td><\/tr><tr><td>Volumen del barril (L)<\/td><td>30L<\/td><td>50L<\/td><\/tr><tr><td>Potencia total (kw)<\/td><td>1.5<\/td><td>1.5<\/td><\/tr><tr><td>Di\u00e1metro de llenado (mm)<\/td><td>12-48<\/td><td>12-48<\/td><\/tr><tr><td>Peso (kg)<\/td><td>360<\/td><td>400<\/td><\/tr><tr><td>Sobredimensi\u00f3n (mm)<\/td><td>1050*670*1680<\/td><td>1150*700*1760<\/td><\/tr><\/tbody><\/table><\/figure>    <figure class=\"wp-block-image\"><img decoding=\"async\" src=\"http:\/\/www.meatprocessingmachine.org\/wp-content\/uploads\/2018\/10\/hydraulic-sausage-stuffer1129.jpg\" alt=\"\" title=\"\"><\/figure>    <h2 class=\"wp-block-heading\"><strong>Ventaja<\/strong><\/h2>    <ol class=\"wp-block-list\"><li>Los componentes principales est\u00e1n hechos de acero inoxidable 304 de alta calidad, que es confiable y duradero, f\u00e1cil de limpiar y cumple con los requisitos de seguridad alimentaria.<\/li><li> Tecnolog\u00eda avanzada, rendimiento estable, f\u00e1cil operaci\u00f3n y mantenimiento conveniente. Despu\u00e9s de ajustar la presi\u00f3n de trabajo de la transmisi\u00f3n hidr\u00e1ulica del pist\u00f3n, el material en el cilindro se ensancha bajo la acci\u00f3n del cilindro hidr\u00e1ulico, especialmente el embalaje seco, que es m\u00e1s efectivo que otras salchichas.<\/li><li>Alto grado de automatizaci\u00f3n, ahorrando tiempo y esfuerzo.<\/li><li>Tratamiento especial de componentes clave, durabilidad y desgaste, las partes de control son componentes importados.<\/li><li>La apariencia adopta tecnolog\u00eda avanzada de tratamiento de superficie, apariencia hermosa, estructura compacta, operaci\u00f3n conveniente y mantenimiento f\u00e1cil.<\/li><li>Equipado con protecciones de seguridad, <strong>M\u00e1quina de salchichas hidr\u00e1ulica<\/strong> es ideal para el procesamiento de carne.<\/li><li>La velocidad de descarga es r\u00e1pida, el cuerpo intestinal es uniforme, el intestino similar a la carne se puede llenar, y el intestino se puede llenar, lo que es flexible y conveniente. Es f\u00e1cil de alimentar, alto en eficiencia y buena capacidad de producci\u00f3n continua.<strong>M\u00e1quina de salchichas hidr\u00e1ulica\u00a0<\/strong>es f\u00e1cil de limpiar y es adecuada para diversas empresas de producci\u00f3n.<\/li><li>La m\u00e1quina de llenado de salchichas hidr\u00e1ulica es m\u00e1s potente que la m\u00e1quina de llenado de salchichas neum\u00e1tica, que puede llenar f\u00e1cilmente la salchicha de carne.<\/li><\/ol>","protected":false},"excerpt":{"rendered":"<p>Brief Introduce Hydraulic Enema Machine is a necessary sausage filling equipment. The Hydraulic Sausage Stuffer Machine is widely applicable to&nbsp; a variety of intestinal filling systems,especially to the drier fillings and meat fillings . The machine upper part has a storage hopper and disc valve,continuously&nbsp; flipping irrigation system, which improve the work efficiency. Features 1.It [&hellip;]<\/p>\n","protected":false},"author":1,"featured_media":43,"parent":0,"template":"","product-type":[598],"class_list":["post-122","product","type-product","status-publish","has-post-thumbnail","hentry","product-type-supporting-auxiliary-equipment"],"_links":{"self":[{"href":"https:\/\/www.meatprocessingmachine.org\/es\/wp-json\/wp\/v2\/product\/122","targetHints":{"allow":["GET"]}}],"collection":[{"href":"https:\/\/www.meatprocessingmachine.org\/es\/wp-json\/wp\/v2\/product"}],"about":[{"href":"https:\/\/www.meatprocessingmachine.org\/es\/wp-json\/wp\/v2\/types\/product"}],"author":[{"embeddable":true,"href":"https:\/\/www.meatprocessingmachine.org\/es\/wp-json\/wp\/v2\/users\/1"}],"wp:featuredmedia":[{"embeddable":true,"href":"https:\/\/www.meatprocessingmachine.org\/es\/wp-json\/wp\/v2\/media\/43"}],"wp:attachment":[{"href":"https:\/\/www.meatprocessingmachine.org\/es\/wp-json\/wp\/v2\/media?parent=122"}],"wp:term":[{"taxonomy":"product-type","embeddable":true,"href":"https:\/\/www.meatprocessingmachine.org\/es\/wp-json\/wp\/v2\/product-type?post=122"}],"curies":[{"name":"wp","href":"https:\/\/api.w.org\/{rel}","templated":true}]}}