{"id":1291,"date":"2021-05-28T18:15:06","date_gmt":"2021-05-28T10:15:06","guid":{"rendered":"https:\/\/www.meatprocessingmachine.org\/?p=1291"},"modified":"2026-02-12T16:05:54","modified_gmt":"2026-02-12T08:05:54","slug":"chicken-breast-slicer-machine","status":"publish","type":"product","link":"https:\/\/www.meatprocessingmachine.org\/es\/chicken-breast-slicer-machine.html","title":{"rendered":"M\u00e1quina cortadora de pechuga de pollo para rebanadas\/tiras de carne"},"content":{"rendered":"<div class=\"kk-star-ratings kksr-auto kksr-align-right kksr-valign-top\"     data-payload='{&quot;align&quot;:&quot;right&quot;,&quot;id&quot;:&quot;1291&quot;,&quot;slug&quot;:&quot;default&quot;,&quot;valign&quot;:&quot;top&quot;,&quot;ignore&quot;:&quot;&quot;,&quot;reference&quot;:&quot;auto&quot;,&quot;class&quot;:&quot;&quot;,&quot;count&quot;:&quot;0&quot;,&quot;legendonly&quot;:&quot;&quot;,&quot;readonly&quot;:&quot;&quot;,&quot;score&quot;:&quot;0&quot;,&quot;starsonly&quot;:&quot;&quot;,&quot;best&quot;:&quot;5&quot;,&quot;gap&quot;:&quot;5&quot;,&quot;greet&quot;:&quot;Rate this product&quot;,&quot;legend&quot;:&quot;0\\\/5 - (0 votos)&quot;,&quot;size&quot;:&quot;24&quot;,&quot;title&quot;:&quot;Chicken breast slicer machine for meat slices\\\/strips&quot;,&quot;width&quot;:&quot;0&quot;,&quot;_legend&quot;:&quot;{score}\\\/{best} - ({count} {votes})&quot;,&quot;font_factor&quot;:&quot;1.25&quot;}'>              <div class=\"kksr-stars\">      <div class=\"kksr-stars-inactive\">             <div class=\"kksr-star\" data-star=\"1\" style=\"padding-right: 5px\">               <div class=\"kksr-icon\" style=\"width: 24px; height: 24px;\"><\/div>         <\/div>             <div class=\"kksr-star\" data-star=\"2\" style=\"padding-right: 5px\">               <div class=\"kksr-icon\" style=\"width: 24px; height: 24px;\"><\/div>         <\/div>             <div class=\"kksr-star\" data-star=\"3\" style=\"padding-right: 5px\">               <div class=\"kksr-icon\" style=\"width: 24px; height: 24px;\"><\/div>         <\/div>             <div class=\"kksr-star\" data-star=\"4\" style=\"padding-right: 5px\">               <div class=\"kksr-icon\" style=\"width: 24px; height: 24px;\"><\/div>         <\/div>             <div class=\"kksr-star\" data-star=\"5\" style=\"padding-right: 5px\">               <div class=\"kksr-icon\" style=\"width: 24px; height: 24px;\"><\/div>         <\/div>     <\/div>      <div class=\"kksr-stars-active\" style=\"width: 0px;\">             <div class=\"kksr-star\" style=\"padding-right: 5px\">               <div class=\"kksr-icon\" style=\"width: 24px; height: 24px;\"><\/div>         <\/div>             <div class=\"kksr-star\" style=\"padding-right: 5px\">               <div class=\"kksr-icon\" style=\"width: 24px; height: 24px;\"><\/div>         <\/div>             <div class=\"kksr-star\" style=\"padding-right: 5px\">               <div class=\"kksr-icon\" style=\"width: 24px; height: 24px;\"><\/div>         <\/div>             <div class=\"kksr-star\" style=\"padding-right: 5px\">               <div class=\"kksr-icon\" style=\"width: 24px; height: 24px;\"><\/div>         <\/div>             <div class=\"kksr-star\" style=\"padding-right: 5px\">               <div class=\"kksr-icon\" style=\"width: 24px; height: 24px;\"><\/div>         <\/div>     <\/div> <\/div>                   <div class=\"kksr-legend\" style=\"font-size: 19.2px;\">             <span class=\"kksr-muted\">Califique este producto<\/span>     <\/div>     <\/div>  <p>La m\u00e1quina cortadora de pechugas de pollo puede procesar carne en rebanadas, y la maquinaria de corte de carne para tiras de carne procesa la carne en tiras. Las materias primas pueden ser pechuga de pollo, carne de res, cerdo, etc. Las m\u00e1quinas cortadoras de carne pueden procesar una amplia variedad de carnes, lo que las hace adecuadas para la mayor\u00eda de las carnes sin hueso. <\/p>    <p>La m\u00e1quina cortadora de carne utiliza un proceso de corte plano durante el procesamiento para captar con precisi\u00f3n el tama\u00f1o y el grosor. El grosor de las lonchas de carne se puede personalizar. Es adecuada para plantas de procesamiento de alimentos, cocinas de restaurantes y grandes comedores.<\/p>    <figure class=\"wp-block-image size-large\"><img loading=\"lazy\" decoding=\"async\" width=\"720\" height=\"540\" src=\"https:\/\/www.meatprocessingmachine.org\/wp-content\/uploads\/2021\/05\/2-1.jpg\" alt=\"pechuga de pollo en rodajas\" class=\"wp-image-1296\" title=\"\" srcset=\"https:\/\/www.meatprocessingmachine.org\/wp-content\/uploads\/2021\/05\/2-1.jpg 720w, https:\/\/www.meatprocessingmachine.org\/wp-content\/uploads\/2021\/05\/2-1-300x225.jpg 300w\" sizes=\"auto, (max-width: 720px) 100vw, 720px\" \/><figcaption class=\"wp-element-caption\">Pechuga de pollo en rodajas<\/figcaption><\/figure>    <h2 class=\"wp-block-heading\" id=\"h-type-of-meat-cutting-machinery-for-meat-slices-strips\">Video de maquinaria para cortar carne en rebanadas\/strips<\/h2>    <figure class=\"wp-block-embed is-type-video is-provider-youtube wp-block-embed-youtube\"><div class=\"wp-block-embed__wrapper\"> <iframe loading=\"lazy\" title=\"m\u00e1quina cortadora de pechuga de pollo \/ maquinaria de corte de carne para rebanadas \/ tiras\" width=\"500\" height=\"281\" src=\"https:\/\/www.youtube.com\/embed\/2jjreRlvCKM?start=19&#038;feature=oembed\" frameborder=\"0\" allow=\"accelerometer; autoplay; clipboard-write; encrypted-media; gyroscope; picture-in-picture; web-share\" referrerpolicy=\"strict-origin-when-cross-origin\" allowfullscreen><\/iframe> <\/div><\/figure>    <h2 class=\"wp-block-heading\" id=\"h-introduction-of-chicken-breast-slicer-machine\">Introducci\u00f3n de la m\u00e1quina rebanadora de pechuga de pollo<\/h2>    <p class=\"translation-block\"><strong>La m\u00e1quina cortadora de pechuga de pollo<\/strong> corta la carne directamente en filetes, como filetes de pechuga de pollo, filetes de ternera y filetes de cerdo. La m\u00e1quina cortadora de pechuga de pollo es una m\u00e1quina independiente que puede completar el trabajo de corte por s\u00ed sola. Para usarla, coloque la carne en la cinta transportadora y espere unos segundos. La m\u00e1quina cortadora de pechuga de pollo puede cortar el grosor de los filetes de carne de 2 a 8 mm, y la m\u00e1quina cortadora de carne puede controlar con precisi\u00f3n el tama\u00f1o y el grosor. <\/p>    <p class=\"translation-block\">Adem\u00e1s, el grosor de cada filete de carne es el mismo, <strong>la m\u00e1quina cortadora de pechuga de pollo<\/strong> es mucho m\u00e1s eficiente que el corte manual, por lo que la ventaja de la m\u00e1quina para cortar es muy obvia. Adem\u00e1s, otra ventaja de la cortadora es que la velocidad de la m\u00e1quina se puede ajustar. Esto puede adaptarse al flujo de procesamiento.<\/p>    <figure class=\"wp-block-image size-full is-resized\"><img loading=\"lazy\" decoding=\"async\" width=\"680\" height=\"480\" src=\"https:\/\/www.meatprocessingmachine.org\/wp-content\/uploads\/2021\/09\/breast-slicer-machine.jpg\" alt=\"m\u00e1quina cortadora de pechugas\" class=\"wp-image-1993\" style=\"width:720px;height:540px\" title=\"\" srcset=\"https:\/\/www.meatprocessingmachine.org\/wp-content\/uploads\/2021\/09\/breast-slicer-machine.jpg 680w, https:\/\/www.meatprocessingmachine.org\/wp-content\/uploads\/2021\/09\/breast-slicer-machine-300x212.jpg 300w\" sizes=\"auto, (max-width: 680px) 100vw, 680px\" \/><figcaption class=\"wp-element-caption\"> <strong>m\u00e1quina cortadora de pechugas<\/strong> <\/figcaption><\/figure>    <h2 class=\"wp-block-heading\">Par\u00e1metro de la m\u00e1quina cortadora de filetes de pollo<\/h2>    <figure class=\"wp-block-table\"><table><tbody><tr><td>Modelo<\/td><td>KSQPJ-100<\/td><\/tr><tr><td>Potencia (kW)<\/td><td>1.65KW<\/td><\/tr><tr><td>Ancho<\/td><td>260mm<\/td><\/tr><tr><td>Rango de velocidad de la cinta transportadora<\/td><td>3-15m\/min (Frecuencia)<\/td><\/tr><tr><td>Voltaje (v<strong>)<\/strong><\/td><td>380v<\/td><\/tr><tr><td>Ancho m\u00e1ximo del producto<\/td><td>80-120mm (ajustable)<\/td><\/tr><tr><td>Altura de entrada y salida<\/td><td>30mm<\/td><\/tr><tr><td>Grosor de corte<\/td><td>4-40mm<\/td><\/tr><tr><td>Tama\u00f1o<\/td><td>1800x820x1580mm<\/td><\/tr><\/tbody><\/table><figcaption class=\"wp-element-caption\">M\u00e1quina cortadora de pechuga de pollo<\/figcaption><\/figure>    <p>El modelo KSQPJ-100 tiene una potencia de 1.65kw y un voltaje de 380v. El grosor de corte se puede ajustar de 4 a 40 mm. Mientras tanto, la velocidad de la cinta transportadora tambi\u00e9n es ajustable (3-15 m\/min). Si desea saber m\u00e1s sobre esta m\u00e1quina cortadora de filetes de pollo, por favor cont\u00e1ctenos.<\/p>    <h2 class=\"wp-block-heading\" id=\"h-chicken-breast-slicer-machine-principle\">Principio de funcionamiento de la m\u00e1quina cortadora de pechuga de pollo<\/h2>    <p>La m\u00e1quina cortadora de pechugas de pollo transporta la carne al lugar de corte mediante la cinta transportadora de alta fricci\u00f3n de la m\u00e1quina. La m\u00e1quina cortadora de pechugas de pollo est\u00e1 compuesta por m\u00faltiples cuchillas afiladas en posici\u00f3n horizontal. La carne cortada se env\u00eda a trav\u00e9s de la cinta transportadora. <\/p>    <p>Entonces, el corte de las rebanadas de carne. El grosor est\u00e1 determinado por la distancia entre las cuchillas. Esta distancia puede ser personalizada por la f\u00e1brica de acuerdo a las necesidades al salir de la f\u00e1brica. Puede satisfacer la mayor\u00eda de las necesidades. <\/p>    <p>Y la velocidad de transporte de la cinta transportadora se puede ajustar, lo cual es muy inteligente. Esto se debe a que cuando estamos trabajando en otra secci\u00f3n, puede haber empaquetado manual o productos terminados. Entonces podemos ajustar la cinta transportadora de acuerdo con la velocidad de trabajo para lograr un mejor rendimiento. Esto tambi\u00e9n es un hecho que el dise\u00f1ador tuvo en cuenta la situaci\u00f3n real del trabajo al dise\u00f1ar, y fue atento.<\/p>    <figure class=\"wp-block-image size-large is-resized\"><img loading=\"lazy\" decoding=\"async\" width=\"720\" height=\"353\" src=\"https:\/\/www.meatprocessingmachine.org\/wp-content\/uploads\/2021\/05\/3.jpg\" alt=\"m\u00e1quina cortadora de pechuga de pollo\" class=\"wp-image-1298\" style=\"width:720px;height:540px\" title=\"\" srcset=\"https:\/\/www.meatprocessingmachine.org\/wp-content\/uploads\/2021\/05\/3.jpg 720w, https:\/\/www.meatprocessingmachine.org\/wp-content\/uploads\/2021\/05\/3-300x147.jpg 300w\" sizes=\"auto, (max-width: 720px) 100vw, 720px\" \/><figcaption><\/figcaption><\/figure>    <h2 class=\"wp-block-heading\" id=\"h-finished-product-effect-of-chicken-breast-slicer-machine\">Efecto del producto terminado de la m\u00e1quina cortadora de pechuga de pollo<\/h2>    <figure class=\"wp-block-image size-full is-resized\"><img loading=\"lazy\" decoding=\"async\" width=\"520\" height=\"390\" src=\"https:\/\/www.meatprocessingmachine.org\/wp-content\/uploads\/2021\/09\/chicken-breast-slicer-machine.png\" alt=\"m\u00e1quina cortadora de pechuga de pollo\" class=\"wp-image-1994\" style=\"width:720px;height:540px\" title=\"\" srcset=\"https:\/\/www.meatprocessingmachine.org\/wp-content\/uploads\/2021\/09\/chicken-breast-slicer-machine.png 520w, https:\/\/www.meatprocessingmachine.org\/wp-content\/uploads\/2021\/09\/chicken-breast-slicer-machine-300x225.png 300w\" sizes=\"auto, (max-width: 520px) 100vw, 520px\" \/><figcaption class=\"wp-element-caption\"> <strong>m\u00e1quina cortadora de pechuga de pollo<\/strong> <\/figcaption><\/figure>    <p>La m\u00e1quina cortadora de pechugas de pollo puede cortar rebanadas de carne de 2-8 mm. Este grosor se puede especificar al comprar la m\u00e1quina para que se pueda personalizar una cuchilla de cierto tama\u00f1o. El grosor de las rebanadas de carne cortadas es uniforme y la superficie es muy suave. La cuchilla es muy afilada y no causar\u00e1 ning\u00fan da\u00f1o a la carne despu\u00e9s de cortarla, ni causar\u00e1 p\u00e9rdidas, lo que realmente logra una alta eficiencia y un alto rendimiento.<\/p>    <h2 class=\"wp-block-heading\" id=\"h-meat-cutting-machinery-for-meat-strips-introduction\">Introducci\u00f3n a la maquinaria de corte de carne para tiras de carne<\/h2>    <p class=\"translation-block\">La <strong>Introducci\u00f3n de maquinaria para cortar carne en tiras<\/strong> tiene dos partes. Primero, se corta en filetes con una cortadora y luego se pasa por una cortadora. El producto son varias tiras de carne. La cortadora se corta en filetes con la cortadora horizontalmente y se corta verticalmente con la m\u00e1quina posterior en tiras. La m\u00e1quina cortadora de pechuga de pollo se transporta directamente a trav\u00e9s de la cinta transportadora, sin necesidad de mano de obra en el proceso de filete a tira. <\/p>    <figure class=\"wp-block-table\"><table><tbody><tr><td>Modelo<\/td><td>KSQTJ-260<\/td><\/tr><tr><td>Potencia kW<\/td><td>0.75kw<\/td><\/tr><tr><td>ancho<\/td><td>260mm<\/td><\/tr><tr><td>Rango de velocidad de la cinta transportadora<\/td><td>3-15m\/min (Frecuencia)<\/td><\/tr><tr><td>tensi\u00f3n de alimentaci\u00f3n v<\/td><td>380v\/50Hz<\/td><\/tr><tr><td>Tama\u00f1o<\/td><td>2200x650x1450mm<\/td><\/tr><\/tbody><\/table><figcaption class=\"wp-element-caption\"> <strong>M\u00e1quina de corte de carne para tiras de carne&nbsp;<\/strong> <\/figcaption><\/figure>    <p>Todo el proceso ahorra tiempo y esfuerzo, y es eficiente y r\u00e1pido. La cinta transportadora tiene un dise\u00f1o de franjas especial, que aumenta la fricci\u00f3n para que la Maquinaria de Corte de Carne para Tiras de Carne se transporte incluso si es relativamente grande. La carne tambi\u00e9n se puede transportar con \u00e9xito de manera suave. El grosor de las tiras de carne cortadas tambi\u00e9n se puede ajustar.<\/p>    <figure class=\"wp-block-image size-full is-resized\"><img loading=\"lazy\" decoding=\"async\" width=\"680\" height=\"480\" src=\"https:\/\/www.meatprocessingmachine.org\/wp-content\/uploads\/2021\/09\/Meat-Cutting-Machinery-for-Meat-Strips-.jpg\" alt=\"M\u00e1quina de corte de carne para tiras de carne\u00a0\" class=\"wp-image-1995\" style=\"width:720px;height:540px\" title=\"\" srcset=\"https:\/\/www.meatprocessingmachine.org\/wp-content\/uploads\/2021\/09\/Meat-Cutting-Machinery-for-Meat-Strips-.jpg 680w, https:\/\/www.meatprocessingmachine.org\/wp-content\/uploads\/2021\/09\/Meat-Cutting-Machinery-for-Meat-Strips--300x212.jpg 300w\" sizes=\"auto, (max-width: 680px) 100vw, 680px\" \/><figcaption class=\"wp-element-caption\"> <strong>M\u00e1quina de corte de carne para tiras de carne&nbsp;<\/strong> <\/figcaption><\/figure>    <h3 class=\"wp-block-heading\" id=\"h-cutting-principle-of-meat-cutting-machinery-for-meat-strips\">Principio de corte de la maquinaria de corte de carne para tiras de carne<\/h3>    <p>El cortador se compone de dos partes. La primera es un cortador. La carne que se va a cortar se corta primero en rebanadas por el cortador. La cuchilla del cortador corta las rebanadas de carne horizontalmente y luego contin\u00faa siendo transportada por la cinta transportadora a la siguiente m\u00e1quina. El proceso de corte se lleva a cabo por la m\u00e1quina de corte de pechuga de pollo, y el siguiente paso es el corte vertical de la carne rebanada por la m\u00e1quina de corte, que se convierte en una tira de carne.<\/p>    <h3 class=\"wp-block-heading\" id=\"h-features-of-the-machine\">Caracter\u00edsticas de la m\u00e1quina de corte de pechuga de pollo<\/h3>    <ol class=\"wp-block-list\"> <li>La m\u00e1quina puede cortar la pechuga de pollo horizontalmente, el grosor de la secci\u00f3n cortada es preciso y la superficie cortada es suave.<\/li>    <li>La operaci\u00f3n es simple y f\u00e1cil de aprender, y las especificaciones del producto se pueden ajustar.<\/li>    <li>La m\u00e1quina cortadora de pechuga de pollo est\u00e1 hecha de acero, lo que es seguro y confiable y no se oxida al limpiarse.<\/li>    <li>La cinta transportadora utiliza un dise\u00f1o de rayas para aumentar la fricci\u00f3n y transportar suavemente.<\/li>    <li>El corte del producto es uniforme y conveniente para la venta.<\/li> <\/ol>    <h2 class=\"wp-block-heading\" id=\"h-slicing-and-cutting-machine-is-easy-to-operate\">\u00bfC\u00f3mo usar la m\u00e1quina de rebanar y cortar?<\/h2>    <p>La m\u00e1quina tiene un panel de control, que controla el interruptor de la m\u00e1quina y la velocidad de la cinta transportadora. Al rebanar y cortar, es necesario colocar manualmente las materias primas en la m\u00e1quina. La cinta transportadora saca las pechugas de pollo. <\/p>    <p>La m\u00e1quina funciona muy r\u00e1pido y puede procesar los productos de manera eficiente. Las cuchillas de la m\u00e1quina est\u00e1n hechas de acero, lo que puede cumplir con los requisitos de las m\u00e1quinas de alimentos est\u00e1ndar y producir productos terminados de manera segura.<\/p>    <figure class=\"wp-block-image size-large\"><img loading=\"lazy\" decoding=\"async\" width=\"720\" height=\"540\" src=\"https:\/\/www.meatprocessingmachine.org\/wp-content\/uploads\/2021\/05\/\u672a\u6807\u9898-1.jpg\" alt=\"M\u00e1quina de corte de carne para tiras de carne\" class=\"wp-image-1301\" title=\"\" srcset=\"https:\/\/www.meatprocessingmachine.org\/wp-content\/uploads\/2021\/05\/\u672a\u6807\u9898-1.jpg 720w, https:\/\/www.meatprocessingmachine.org\/wp-content\/uploads\/2021\/05\/\u672a\u6807\u9898-1-300x225.jpg 300w\" sizes=\"auto, (max-width: 720px) 100vw, 720px\" \/><figcaption><\/figcaption><\/figure>    <h2 class=\"wp-block-heading\" id=\"h-some-precautions-for-chicken-breast-slicer-machine\">Algunas precauciones para la m\u00e1quina cortadora de pechugas de pollo<\/h2>    <ul class=\"wp-block-list\"> <li>Se proh\u00edbe estrictamente que la m\u00e1quina funcione en vac\u00edo durante mucho tiempo.<\/li>    <li>Cuando la m\u00e1quina est\u00e1 en funcionamiento, est\u00e1 estrictamente prohibido introducirse profundamente en la m\u00e1quina.<\/li>    <li>Preste atenci\u00f3n al mantenimiento y cuidado de la m\u00e1quina, como engrasar la m\u00e1quina y limpiarla despu\u00e9s de su uso.<\/li>    <li>Por favor, no la desmonte de forma privada.<\/li> <\/ul>    <figure class=\"wp-block-image size-large is-resized\"><img loading=\"lazy\" decoding=\"async\" width=\"1024\" height=\"1024\" src=\"https:\/\/www.meatprocessingmachine.org\/wp-content\/uploads\/2021\/09\/Meat-Cutting-Machinery-for-Meat-Strips-2-1024x1024.jpg\" alt=\"\" class=\"wp-image-1996\" style=\"width:720px;height:540px\" title=\"\" srcset=\"https:\/\/www.meatprocessingmachine.org\/wp-content\/uploads\/2021\/09\/Meat-Cutting-Machinery-for-Meat-Strips-2-1024x1024.jpg 1024w, https:\/\/www.meatprocessingmachine.org\/wp-content\/uploads\/2021\/09\/Meat-Cutting-Machinery-for-Meat-Strips-2-300x300.jpg 300w, https:\/\/www.meatprocessingmachine.org\/wp-content\/uploads\/2021\/09\/Meat-Cutting-Machinery-for-Meat-Strips-2-150x150.jpg 150w, https:\/\/www.meatprocessingmachine.org\/wp-content\/uploads\/2021\/09\/Meat-Cutting-Machinery-for-Meat-Strips-2-768x768.jpg 768w, https:\/\/www.meatprocessingmachine.org\/wp-content\/uploads\/2021\/09\/Meat-Cutting-Machinery-for-Meat-Strips-2.jpg 1080w\" sizes=\"auto, (max-width: 1024px) 100vw, 1024px\" \/><figcaption class=\"wp-element-caption\"> <strong>M\u00e1quina de corte de carne para tiras de carne&nbsp;<\/strong> <\/figcaption><\/figure>    <h2 class=\"wp-block-heading\" id=\"h-related-machine-provision\">Provisi\u00f3n de m\u00e1quina relacionada<\/h2>    <p class=\"translation-block\">En el proceso real de procesamiento y elaboraci\u00f3n de la carne, es posible que solo sea necesario cortar carne marinada, y las m\u00e1quinas de nuestra empresa son muy completas. Tambi\u00e9n podemos proporcionar <a href=\"https:\/\/www.meatprocessingmachine.org\/es\/commercial-frozen-fresh-meat-dicing-machine.html\/\">m\u00e1quinas cortadoras de carne fresca congelada comerciales<\/a>, <a href=\"https:\/\/www.meatprocessingmachine.org\/es\/bone-grinder-machine-meat-and-bone-grinder.html\/\">molinillos de huesos\/molinillos de carne\/molinillos de pasta de huesos<\/a>.<\/p>    <div class=\"wp-block-columns is-layout-flex wp-container-core-columns-is-layout-9d6595d7 wp-block-columns-is-layout-flex\"> <div class=\"wp-block-column is-layout-flow wp-block-column-is-layout-flow\"> <figure class=\"wp-block-image size-full\"><a href=\"https:\/\/www.meatprocessingmachine.org\/es\/commercial-frozen-fresh-meat-dicing-machine.html\/\"><img loading=\"lazy\" decoding=\"async\" width=\"720\" height=\"540\" src=\"https:\/\/www.meatprocessingmachine.org\/wp-content\/uploads\/2022\/01\/beef-dicing-machine.png\" alt=\"m\u00e1quina de picado de carne congelada\" class=\"wp-image-32559\" title=\"\" srcset=\"https:\/\/www.meatprocessingmachine.org\/wp-content\/uploads\/2022\/01\/beef-dicing-machine.png 720w, https:\/\/www.meatprocessingmachine.org\/wp-content\/uploads\/2022\/01\/beef-dicing-machine-300x225.png 300w\" sizes=\"auto, (max-width: 720px) 100vw, 720px\" \/><\/a><figcaption class=\"wp-element-caption\">M\u00e1quina de corte de carne congelada<\/figcaption><\/figure> <\/div>    <div class=\"wp-block-column is-layout-flow wp-block-column-is-layout-flow\"> <figure class=\"wp-block-image size-full\"><a href=\"https:\/\/www.meatprocessingmachine.org\/es\/bone-grinder-machine-meat-and-bone-grinder.html\/\"><img loading=\"lazy\" decoding=\"async\" width=\"720\" height=\"540\" src=\"https:\/\/www.meatprocessingmachine.org\/wp-content\/uploads\/2020\/11\/bone-grinder-machine.jpg\" alt=\"m\u00e1quina de moler huesos\" class=\"wp-image-911\" title=\"\" srcset=\"https:\/\/www.meatprocessingmachine.org\/wp-content\/uploads\/2020\/11\/bone-grinder-machine.jpg 720w, https:\/\/www.meatprocessingmachine.org\/wp-content\/uploads\/2020\/11\/bone-grinder-machine-300x225.jpg 300w\" sizes=\"auto, (max-width: 720px) 100vw, 720px\" \/><\/a><figcaption class=\"wp-element-caption\">m\u00e1quina picadora de huesos<\/figcaption><\/figure> <\/div> <\/div>","protected":false},"excerpt":{"rendered":"<p>La m\u00e1quina cortadora de pechugas de pollo puede procesar carne en rebanadas. La maquinaria de corte de carne para tiras de carne procesa la carne en tiras. Los materiales crudos pueden ser pechuga de pollo, carne de res, cerdo, etc. La m\u00e1quina cortadora de carne puede procesar una amplia gama de carnes, que es adecuada para la mayor\u00eda de las carnes sin hueso. La m\u00e1quina cortadora de carne utiliza un proceso de corte plano durante el procesamiento para captar con precisi\u00f3n el tama\u00f1o y el grosor. <\/p>","protected":false},"author":1,"featured_media":1991,"parent":0,"template":"","product-type":[583],"class_list":["post-1291","product","type-product","status-publish","has-post-thumbnail","hentry","product-type-chicken-turkey"],"_links":{"self":[{"href":"https:\/\/www.meatprocessingmachine.org\/es\/wp-json\/wp\/v2\/product\/1291","targetHints":{"allow":["GET"]}}],"collection":[{"href":"https:\/\/www.meatprocessingmachine.org\/es\/wp-json\/wp\/v2\/product"}],"about":[{"href":"https:\/\/www.meatprocessingmachine.org\/es\/wp-json\/wp\/v2\/types\/product"}],"author":[{"embeddable":true,"href":"https:\/\/www.meatprocessingmachine.org\/es\/wp-json\/wp\/v2\/users\/1"}],"wp:featuredmedia":[{"embeddable":true,"href":"https:\/\/www.meatprocessingmachine.org\/es\/wp-json\/wp\/v2\/media\/1991"}],"wp:attachment":[{"href":"https:\/\/www.meatprocessingmachine.org\/es\/wp-json\/wp\/v2\/media?parent=1291"}],"wp:term":[{"taxonomy":"product-type","embeddable":true,"href":"https:\/\/www.meatprocessingmachine.org\/es\/wp-json\/wp\/v2\/product-type?post=1291"}],"curies":[{"name":"wp","href":"https:\/\/api.w.org\/{rel}","templated":true}]}}