{"id":1323,"date":"2021-06-04T16:36:50","date_gmt":"2021-06-04T08:36:50","guid":{"rendered":"https:\/\/www.meatprocessingmachine.org\/?p=1323"},"modified":"2026-02-12T16:05:15","modified_gmt":"2026-02-12T08:05:15","slug":"meat-roll-cutting-machine","status":"publish","type":"product","link":"https:\/\/www.meatprocessingmachine.org\/es\/meat-roll-cutting-machine.html","title":{"rendered":"M\u00e1quina de cortar carne de cordero | Cortadora de carne congelada"},"content":{"rendered":"<div class=\"kk-star-ratings kksr-auto kksr-align-right kksr-valign-top\"     data-payload='{&quot;align&quot;:&quot;right&quot;,&quot;id&quot;:&quot;1323&quot;,&quot;slug&quot;:&quot;default&quot;,&quot;valign&quot;:&quot;top&quot;,&quot;ignore&quot;:&quot;&quot;,&quot;reference&quot;:&quot;auto&quot;,&quot;class&quot;:&quot;&quot;,&quot;count&quot;:&quot;0&quot;,&quot;legendonly&quot;:&quot;&quot;,&quot;readonly&quot;:&quot;&quot;,&quot;score&quot;:&quot;0&quot;,&quot;starsonly&quot;:&quot;&quot;,&quot;best&quot;:&quot;5&quot;,&quot;gap&quot;:&quot;5&quot;,&quot;greet&quot;:&quot;Rate this product&quot;,&quot;legend&quot;:&quot;0\\\/5 - (0 votos)&quot;,&quot;size&quot;:&quot;24&quot;,&quot;title&quot;:&quot;Mutton slicing machine | Frozen meat slicer&quot;,&quot;width&quot;:&quot;0&quot;,&quot;_legend&quot;:&quot;{score}\\\/{best} - ({count} {votes})&quot;,&quot;font_factor&quot;:&quot;1.25&quot;}'>              <div class=\"kksr-stars\">      <div class=\"kksr-stars-inactive\">             <div class=\"kksr-star\" data-star=\"1\" style=\"padding-right: 5px\">               <div class=\"kksr-icon\" style=\"width: 24px; height: 24px;\"><\/div>         <\/div>             <div class=\"kksr-star\" data-star=\"2\" style=\"padding-right: 5px\">               <div class=\"kksr-icon\" style=\"width: 24px; height: 24px;\"><\/div>         <\/div>             <div class=\"kksr-star\" data-star=\"3\" style=\"padding-right: 5px\">               <div class=\"kksr-icon\" style=\"width: 24px; height: 24px;\"><\/div>         <\/div>             <div class=\"kksr-star\" data-star=\"4\" style=\"padding-right: 5px\">               <div class=\"kksr-icon\" style=\"width: 24px; height: 24px;\"><\/div>         <\/div>             <div class=\"kksr-star\" data-star=\"5\" style=\"padding-right: 5px\">               <div class=\"kksr-icon\" style=\"width: 24px; height: 24px;\"><\/div>         <\/div>     <\/div>      <div class=\"kksr-stars-active\" style=\"width: 0px;\">             <div class=\"kksr-star\" style=\"padding-right: 5px\">               <div class=\"kksr-icon\" style=\"width: 24px; height: 24px;\"><\/div>         <\/div>             <div class=\"kksr-star\" style=\"padding-right: 5px\">               <div class=\"kksr-icon\" style=\"width: 24px; height: 24px;\"><\/div>         <\/div>             <div class=\"kksr-star\" style=\"padding-right: 5px\">               <div class=\"kksr-icon\" style=\"width: 24px; height: 24px;\"><\/div>         <\/div>             <div class=\"kksr-star\" style=\"padding-right: 5px\">               <div class=\"kksr-icon\" style=\"width: 24px; height: 24px;\"><\/div>         <\/div>             <div class=\"kksr-star\" style=\"padding-right: 5px\">               <div class=\"kksr-icon\" style=\"width: 24px; height: 24px;\"><\/div>         <\/div>     <\/div> <\/div>                   <div class=\"kksr-legend\" style=\"font-size: 19.2px;\">             <span class=\"kksr-muted\">Califique este producto<\/span>     <\/div>     <\/div>  <p>La m\u00e1quina de cortar cordero puede cortar carne congelada en rollos y puede hacer rollos de cordero, rollos de res, rollos de cerdo, etc. La carne con una temperatura de 1-8 grados bajo cero se puede procesar directamente en rollos sin descongelar. Y los rollos de carne cortados est\u00e1n garantizados para ser completos. <\/p>    <figure class=\"wp-block-embed is-type-video is-provider-youtube wp-block-embed-youtube\"><div class=\"wp-block-embed__wrapper\"> <iframe loading=\"lazy\" title=\"M\u00e1quina autom\u00e1tica de corte de carne|M\u00e1quina de corte y enrollado de cordero| |cortadora de carne\" width=\"500\" height=\"281\" src=\"https:\/\/www.youtube.com\/embed\/P0T2Up3MetY?feature=oembed\" frameborder=\"0\" allow=\"accelerometer; autoplay; clipboard-write; encrypted-media; gyroscope; picture-in-picture; web-share\" referrerpolicy=\"strict-origin-when-cross-origin\" allowfullscreen><\/iframe> <\/div><figcaption class=\"wp-element-caption\">video de cortadora de carne congelada comercial<\/figcaption><\/figure>    <p>La m\u00e1quina de cortar cordero tiene m\u00faltiples funciones, sin embargo, no solo puede cortar carne en rollos, sino tambi\u00e9n en rebanadas. Al mismo tiempo, la m\u00e1quina puede manejar todo tipo de carne sin hueso. La m\u00e1quina de cortar cordero se puede utilizar ampliamente en restaurantes, supermercados y plantas de procesamiento de alimentos.<\/p>    <h2 class=\"wp-block-heading\" id=\"h-mutton-cutting-machine-advantage\">Ventajas de la m\u00e1quina de corte de cordero<\/h2>    <ol class=\"wp-block-list\"> <li>La cortadora de carne es limpia, higi\u00e9nica y f\u00e1cil de limpiar.<\/li>    <li>La carcasa y la cuchilla est\u00e1n hechas de acero inoxidable, lo que las hace fuertes y duraderas, y no son propensas a oxidarse.<\/li>    <li>El grosor del producto es uniforme y la eficiencia de trabajo de la m\u00e1quina es alta.<\/li>    <li>Panel de control de pantalla grande, m\u00e1s controlable.<\/li> <\/ol>    <figure class=\"wp-block-image size-full\"><img loading=\"lazy\" decoding=\"async\" width=\"750\" height=\"750\" src=\"https:\/\/www.meatprocessingmachine.org\/wp-content\/uploads\/2021\/09\/cutting-and-Rolling-Machine.jpg\" alt=\"m\u00e1quina de corte de cordero\" class=\"wp-image-2006\" title=\"\" srcset=\"https:\/\/www.meatprocessingmachine.org\/wp-content\/uploads\/2021\/09\/cutting-and-Rolling-Machine.jpg 750w, https:\/\/www.meatprocessingmachine.org\/wp-content\/uploads\/2021\/09\/cutting-and-Rolling-Machine-300x300.jpg 300w, https:\/\/www.meatprocessingmachine.org\/wp-content\/uploads\/2021\/09\/cutting-and-Rolling-Machine-150x150.jpg 150w\" sizes=\"auto, (max-width: 750px) 100vw, 750px\" \/><figcaption class=\"wp-element-caption\">M\u00e1quina de corte y enrollado<\/figcaption><\/figure>    <h2 class=\"wp-block-heading\" id=\"h-the-principle-of-mutton-slicing-machine\">El principio de la m\u00e1quina de cortar cordero<\/h2>    <p>La m\u00e1quina de cortar y enrollar carne de cordero puede cortar r\u00e1pidamente la carne congelada en trozos irregulares en rodajas finas y rollos de carne delgados. El grosor se puede ajustar. Adem\u00e1s, cuando el grosor de la carne es inferior a 3 mm, tiene forma de rollo. Si es m\u00e1s de 3 mm, se cortar\u00e1 en rodajas. Por otro lado, la temperatura de la carne tambi\u00e9n es muy importante. <\/p>    <p>Si la temperatura de la carne no es lo suficientemente baja, solo la temperatura est\u00e1 dentro del rango de 0 a -7\u2103, de lo contrario, no se puede enrollar. Por lo tanto, la temperatura y el grosor son los factores decisivos. Luego, seg\u00fan experimentos e investigaciones, se recomienda que el grosor \u00f3ptimo de las rodajas de carne sea de 1.7 mm, y al mismo tiempo, la temperatura de la carne congelada no debe ser demasiado baja, de lo contrario, har\u00e1 que los rollos de carne cortada sean especialmente f\u00e1ciles de romper.<\/p>   <div class=\"wp-block-image\"> <figure class=\"aligncenter size-large is-resized\"><img loading=\"lazy\" decoding=\"async\" width=\"720\" height=\"540\" src=\"https:\/\/www.meatprocessingmachine.org\/wp-content\/uploads\/2021\/06\/02.jpg\" alt=\"Corte de cordero \" class=\"wp-image-1326\" style=\"width:540px;height:405px\" title=\"\" srcset=\"https:\/\/www.meatprocessingmachine.org\/wp-content\/uploads\/2021\/06\/02.jpg 720w, https:\/\/www.meatprocessingmachine.org\/wp-content\/uploads\/2021\/06\/02-300x225.jpg 300w\" sizes=\"auto, (max-width: 720px) 100vw, 720px\" \/><\/figure> <\/div>   <h2 class=\"wp-block-heading\" id=\"h-mutton-cutting-machine-structure\">Estructura de la m\u00e1quina de corte de cordero<\/h2>    <p>La m\u00e1quina de cortar cordero est\u00e1 compuesta principalmente por una mesa de carga de carne, una barra de carne superior, un conjunto de cuchillos de acero inoxidable y una pantalla de control. La m\u00e1quina de corte y enrollado tiene una estructura razonable y una cuchilla afilada. Al cortar carne, el cordero debe estar sujeto en la ranura fija. <\/p>    <p>Entonces, el v\u00e1stago en la parte trasera empujar\u00e1 la carne hacia adelante, la cuchilla corta a una velocidad constante y la carne se corta en rollos delgados y uniformes. El rodillo de corte r\u00e1pido puede asegurar que los rollos de carne de la m\u00e1quina est\u00e9n bien formados y no sean f\u00e1ciles de romper. Adem\u00e1s, la cortadora de carne tiene una apariencia hermosa, operaci\u00f3n simple, alta eficiencia, bajo consumo de energ\u00eda y es f\u00e1cil de limpiar y mantener.<\/p>    <figure class=\"wp-block-image size-full\"><img loading=\"lazy\" decoding=\"async\" width=\"720\" height=\"540\" src=\"https:\/\/www.meatprocessingmachine.org\/wp-content\/uploads\/2021\/09\/lamb-rolling-machine-2.jpg\" alt=\"m\u00e1quina de corte de cordero\" class=\"wp-image-2003\" title=\"\" srcset=\"https:\/\/www.meatprocessingmachine.org\/wp-content\/uploads\/2021\/09\/lamb-rolling-machine-2.jpg 720w, https:\/\/www.meatprocessingmachine.org\/wp-content\/uploads\/2021\/09\/lamb-rolling-machine-2-300x225.jpg 300w\" sizes=\"auto, (max-width: 720px) 100vw, 720px\" \/><figcaption class=\"wp-element-caption\"> M\u00e1quina de enrollado de cordero<\/figcaption><\/figure>    <h2 class=\"wp-block-heading\" id=\"h-frozen-meat-slicer-parameters-take-six-volumes-as-an-example\">Par\u00e1metros de la cortadora de carne congelada (tomar seis vol\u00famenes como ejemplo)<\/h2>    <figure class=\"wp-block-table\"><table><tbody><tr><td>Especificaci\u00f3n<\/td><td>Voltaje<\/td><td>Longitud de corte (mm)<\/td><td>Ancho de corte (mm)<\/td><td>Potencia (kw)<\/td><td>Peso total (kg)<\/td><td>Capacidad (kg\/h)<\/td><td>Espesor de procesamiento (mm)<\/td><td>Altura de corte (mm)<\/td><td>Tama\u00f1o del equipo (mm)<\/td><\/tr><tr><td>CNC Una Rodillo<\/td><td>220V\/50HZ<\/td><td>450<\/td><td>160<\/td><td>750<\/td><td>160<\/td><td>50<\/td><td>0-ilimitado<\/td><td>180<\/td><td>1150*410*960<\/td><\/tr><tr><td>CNC dos vol\u00famenes<\/td><td>220V\/50HZ<\/td><td>600<\/td><td>270<\/td><td>2200<\/td><td>200<\/td><td>50-300<\/td><td>0-ilimitado<\/td><td>180<\/td><td>1200*560*1200<\/td><\/tr><tr><td>CNC cuatro vol\u00famenes<\/td><td>380\/50HZ<\/td><td>600<\/td><td>510<\/td><td>3000<\/td><td>320<\/td><td>50-600<\/td><td>0-ilimitado<\/td><td>180<\/td><td>1200*800*1200<\/td><\/tr><tr><td>CNC seis vol\u00famenes<\/td><td>380\/50HZ<\/td><td>600<\/td><td>730<\/td><td>3000<\/td><td>400<\/td><td>50-900<\/td><td>0-ilimitado<\/td><td>180<\/td><td>1200*1010*1200<\/td><\/tr><tr><td>CNC ocho vol\u00famenes<\/td><td>380\/50H<\/td><td>600<\/td><td>920<\/td><td>4000<\/td><td>500<\/td><td>50-1200<\/td><td>0-ilimitado<\/td><td>180<\/td><td>1200*1320*1200<\/td><\/tr><\/tbody><\/table><figcaption class=\"wp-element-caption\">par\u00e1metro de cortadora de carne congelada comercial<\/figcaption><\/figure>    <p>Tambi\u00e9n podemos proporcionar m\u00e1quinas de corte de cordero de dos vol\u00famenes, cuatro vol\u00famenes, seis vol\u00famenes y ocho vol\u00famenes. La m\u00e1quina de corte de cordero de ocho rodillos tiene la mayor eficiencia de trabajo y puede producir la mayor producci\u00f3n, lo que la hace adecuada para plantas de procesamiento de alimentos m\u00e1s grandes. As\u00ed que puedes comprar m\u00e1quinas de acuerdo a tus propias necesidades de producci\u00f3n.<\/p>    <figure class=\"wp-block-image size-large is-resized\"><img loading=\"lazy\" decoding=\"async\" width=\"1024\" height=\"769\" src=\"https:\/\/www.meatprocessingmachine.org\/wp-content\/uploads\/2021\/09\/Different-types-of-lamb-rolling-machine-1024x769.jpg\" alt=\"Diferentes tipos de m\u00e1quina de enrollar cordero\" class=\"wp-image-2001\" style=\"width:720px;height:540px\" title=\"\" srcset=\"https:\/\/www.meatprocessingmachine.org\/wp-content\/uploads\/2021\/09\/Different-types-of-lamb-rolling-machine-1024x769.jpg 1024w, https:\/\/www.meatprocessingmachine.org\/wp-content\/uploads\/2021\/09\/Different-types-of-lamb-rolling-machine-300x225.jpg 300w, https:\/\/www.meatprocessingmachine.org\/wp-content\/uploads\/2021\/09\/Different-types-of-lamb-rolling-machine-768x577.jpg 768w, https:\/\/www.meatprocessingmachine.org\/wp-content\/uploads\/2021\/09\/Different-types-of-lamb-rolling-machine-1536x1153.jpg 1536w, https:\/\/www.meatprocessingmachine.org\/wp-content\/uploads\/2021\/09\/Different-types-of-lamb-rolling-machine-2048x1538.jpg 2048w\" sizes=\"auto, (max-width: 1024px) 100vw, 1024px\" \/><figcaption class=\"wp-element-caption\">Diferentes tipos de m\u00e1quina de enrollar cordero<\/figcaption><\/figure>    <h2 class=\"wp-block-heading\">Preparaci\u00f3n de materias primas<\/h2>    <p>Hay mucha carne picada durante el procesamiento de la carne, as\u00ed que, \u00bfc\u00f3mo manejar la carne picada? La carne se puede triturar primero, y luego se puede moler con un molino de carne fresco y despu\u00e9s envasar. Despu\u00e9s de congelarla, se puede sacar para hacer rebanadas o rollos, de modo que los restos de carne se puedan utilizar para hacer un producto terminado completo.<\/p>    <h2 class=\"wp-block-heading\" id=\"h-mutton-slicing-machine-precautions\">Precauciones para la m\u00e1quina de cortar cordero<\/h2>    <figure class=\"wp-block-image size-large is-resized\"><img loading=\"lazy\" decoding=\"async\" width=\"768\" height=\"1024\" src=\"https:\/\/www.meatprocessingmachine.org\/wp-content\/uploads\/2021\/09\/lamb-rolling-machine-1-768x1024.jpg\" alt=\"m\u00e1quina de corte de cordero\" class=\"wp-image-2004\" style=\"width:720px;height:540px\" title=\"\" srcset=\"https:\/\/www.meatprocessingmachine.org\/wp-content\/uploads\/2021\/09\/lamb-rolling-machine-1-768x1024.jpg 768w, https:\/\/www.meatprocessingmachine.org\/wp-content\/uploads\/2021\/09\/lamb-rolling-machine-1-225x300.jpg 225w, https:\/\/www.meatprocessingmachine.org\/wp-content\/uploads\/2021\/09\/lamb-rolling-machine-1-1152x1536.jpg 1152w, https:\/\/www.meatprocessingmachine.org\/wp-content\/uploads\/2021\/09\/lamb-rolling-machine-1-1536x2048.jpg 1536w, https:\/\/www.meatprocessingmachine.org\/wp-content\/uploads\/2021\/09\/lamb-rolling-machine-1-scaled.jpg 1920w\" sizes=\"auto, (max-width: 768px) 100vw, 768px\" \/><figcaption class=\"wp-element-caption\">M\u00e1quina de corte y enrollado<\/figcaption><\/figure>    <ol class=\"wp-block-list\"> <li>Al cortar carne, la temperatura de la carne debe ser moderada. La carne excesivamente dura da\u00f1ar\u00e1 la cuchilla.<\/li>    <li>Los huesos deben ser retirados al cortar rodajas de carne y rollos de carne.<\/li>    <li>Presta atenci\u00f3n a la limpieza y al mantenimiento diario despu\u00e9s de su uso.<\/li> <\/ol>    <h2 class=\"wp-block-heading\">Uso diario y mantenimiento de la m\u00e1quina para cortar cordero<\/h2>    <ul class=\"wp-block-list\"> <li>Cuando la m\u00e1quina para cortar cordero est\u00e9 en funcionamiento, verifica si hay aceite lubricante en las dos copas de aceite. Si no hay, a\u00f1ade aceite lubricante.<\/li>    <li>Enciende la alimentaci\u00f3n y verifica si la direcci\u00f3n de rotaci\u00f3n del motor es consistente con la direcci\u00f3n de rotaci\u00f3n requerida por la m\u00e1quina.<\/li>    <li>Cada vez que el cortador se eleva a la posici\u00f3n m\u00e1s alta, la placa de alimentaci\u00f3n avanza un poco, y el motor gira en la direcci\u00f3n correcta. Por el contrario, cuando el cortador cae a la posici\u00f3n m\u00e1s baja, la placa de alimentaci\u00f3n avanza, y la rotaci\u00f3n del motor se invierte, solo es necesario corregir la rotaci\u00f3n del motor; si el cortador y la placa de alimentaci\u00f3n no est\u00e1n coordinados, abra la placa de protecci\u00f3n en la direcci\u00f3n opuesta al panel de control, ajuste ligeramente la placa de ajuste de elevaci\u00f3n.<\/li>    <li>Para las partes de polea de maquinaria y equipo, use aceite comestible o aceite lubricante despu\u00e9s de limpiarlos para reducir el desgaste y aumentar la vida \u00fatil del equipo.<\/li> <\/ul>    <figure class=\"wp-block-gallery has-nested-images columns-2 is-cropped wp-block-gallery-2 is-layout-flex wp-block-gallery-is-layout-flex\"> <figure class=\"wp-block-image size-large\"><img loading=\"lazy\" decoding=\"async\" width=\"719\" height=\"540\" data-id=\"2009\" src=\"https:\/\/www.meatprocessingmachine.org\/wp-content\/uploads\/2021\/09\/1.0.png\" alt=\"\" class=\"wp-image-2009\" title=\"\" srcset=\"https:\/\/www.meatprocessingmachine.org\/wp-content\/uploads\/2021\/09\/1.0.png 719w, https:\/\/www.meatprocessingmachine.org\/wp-content\/uploads\/2021\/09\/1.0-300x225.png 300w\" sizes=\"auto, (max-width: 719px) 100vw, 719px\" \/><figcaption><\/figcaption><\/figure>    <figure class=\"wp-block-image size-large\"><img loading=\"lazy\" decoding=\"async\" width=\"540\" height=\"540\" data-id=\"2013\" src=\"https:\/\/www.meatprocessingmachine.org\/wp-content\/uploads\/2021\/09\/3.0-1.png\" alt=\"\" class=\"wp-image-2013\" title=\"\" srcset=\"https:\/\/www.meatprocessingmachine.org\/wp-content\/uploads\/2021\/09\/3.0-1.png 540w, https:\/\/www.meatprocessingmachine.org\/wp-content\/uploads\/2021\/09\/3.0-1-300x300.png 300w, https:\/\/www.meatprocessingmachine.org\/wp-content\/uploads\/2021\/09\/3.0-1-150x150.png 150w\" sizes=\"auto, (max-width: 540px) 100vw, 540px\" \/><figcaption><\/figcaption><\/figure>    <figure class=\"wp-block-image size-large\"><img loading=\"lazy\" decoding=\"async\" width=\"720\" height=\"540\" data-id=\"2012\" src=\"https:\/\/www.meatprocessingmachine.org\/wp-content\/uploads\/2021\/09\/4.0.png\" alt=\"\" class=\"wp-image-2012\" title=\"\" srcset=\"https:\/\/www.meatprocessingmachine.org\/wp-content\/uploads\/2021\/09\/4.0.png 720w, https:\/\/www.meatprocessingmachine.org\/wp-content\/uploads\/2021\/09\/4.0-300x225.png 300w\" sizes=\"auto, (max-width: 720px) 100vw, 720px\" \/><figcaption><\/figcaption><\/figure>    <figure class=\"wp-block-image size-large\"><img loading=\"lazy\" decoding=\"async\" width=\"719\" height=\"540\" data-id=\"2010\" src=\"https:\/\/www.meatprocessingmachine.org\/wp-content\/uploads\/2021\/09\/2.0.png\" alt=\"\" class=\"wp-image-2010\" title=\"\" srcset=\"https:\/\/www.meatprocessingmachine.org\/wp-content\/uploads\/2021\/09\/2.0.png 719w, https:\/\/www.meatprocessingmachine.org\/wp-content\/uploads\/2021\/09\/2.0-300x225.png 300w\" sizes=\"auto, (max-width: 719px) 100vw, 719px\" \/><figcaption><\/figcaption><\/figure> <figcaption class=\"blocks-gallery-caption wp-element-caption\">Cortadora de carne congelada <\/figcaption><\/figure>    <ul class=\"wp-block-list\"> <li>Verifique regularmente si el aceite lubricante en el reductor de la turbina est\u00e1 agotado o no. Si la cantidad de aceite es inferior al medidor de aceite transparente, es necesario rellenarlo.<\/li>    <li>Cuando los cuchillos no est\u00e1n en uso, deben ser pulidos con un afilador, luego afilados con una piedra de afilar, y luego colocados planos con agua tibia, agua tibia y detergente, y deben ser utilizados la pr\u00f3xima vez.<\/li>    <li>Al trabajar, no pongas tus manos cerca para evitar cortes; no cierres materiales inflamables alrededor para evitar accidentes peligrosos.<\/li>    <li>Durante cada turno, verifica si hay falta de Di en la diapositiva y si el tornillo del cortador est\u00e1 suelto.<\/li> <\/ul>","protected":false},"excerpt":{"rendered":"<p>La m\u00e1quina de corte y enrollado de cordero puede cortar carne congelada en rollos, y puede hacer rollos de cordero, rollos de res, rollos de cerdo, etc. La carne con una temperatura de 1-8 grados bajo cero se puede procesar directamente en rollos sin descongelar, y se garantiza que los rollos de carne cortada est\u00e9n completos.<\/p>","protected":false},"author":1,"featured_media":1987,"parent":0,"template":"","product-type":[582],"class_list":["post-1323","product","type-product","status-publish","has-post-thumbnail","hentry","product-type-cattle-sheep"],"_links":{"self":[{"href":"https:\/\/www.meatprocessingmachine.org\/es\/wp-json\/wp\/v2\/product\/1323","targetHints":{"allow":["GET"]}}],"collection":[{"href":"https:\/\/www.meatprocessingmachine.org\/es\/wp-json\/wp\/v2\/product"}],"about":[{"href":"https:\/\/www.meatprocessingmachine.org\/es\/wp-json\/wp\/v2\/types\/product"}],"author":[{"embeddable":true,"href":"https:\/\/www.meatprocessingmachine.org\/es\/wp-json\/wp\/v2\/users\/1"}],"wp:featuredmedia":[{"embeddable":true,"href":"https:\/\/www.meatprocessingmachine.org\/es\/wp-json\/wp\/v2\/media\/1987"}],"wp:attachment":[{"href":"https:\/\/www.meatprocessingmachine.org\/es\/wp-json\/wp\/v2\/media?parent=1323"}],"wp:term":[{"taxonomy":"product-type","embeddable":true,"href":"https:\/\/www.meatprocessingmachine.org\/es\/wp-json\/wp\/v2\/product-type?post=1323"}],"curies":[{"name":"wp","href":"https:\/\/api.w.org\/{rel}","templated":true}]}}