{"id":1346,"date":"2021-06-10T17:20:03","date_gmt":"2021-06-10T09:20:03","guid":{"rendered":"https:\/\/www.meatprocessingmachine.org\/?p=1346"},"modified":"2026-02-12T16:03:33","modified_gmt":"2026-02-12T08:03:33","slug":"chicken-cutter-machinechicken-cubing-machine","status":"publish","type":"product","link":"https:\/\/www.meatprocessingmachine.org\/es\/chicken-cutter-machinechicken-cubing-machine.html","title":{"rendered":"M\u00e1quina cortadora de pollo en venta | M\u00e1quina cortadora de carne"},"content":{"rendered":"<div class=\"kk-star-ratings kksr-auto kksr-align-right kksr-valign-top\"     data-payload='{&quot;align&quot;:&quot;right&quot;,&quot;id&quot;:&quot;1346&quot;,&quot;slug&quot;:&quot;default&quot;,&quot;valign&quot;:&quot;top&quot;,&quot;ignore&quot;:&quot;&quot;,&quot;reference&quot;:&quot;auto&quot;,&quot;class&quot;:&quot;&quot;,&quot;count&quot;:&quot;0&quot;,&quot;legendonly&quot;:&quot;&quot;,&quot;readonly&quot;:&quot;&quot;,&quot;score&quot;:&quot;0&quot;,&quot;starsonly&quot;:&quot;&quot;,&quot;best&quot;:&quot;5&quot;,&quot;gap&quot;:&quot;5&quot;,&quot;greet&quot;:&quot;Rate this product&quot;,&quot;legend&quot;:&quot;0\\\/5 - (0 votos)&quot;,&quot;size&quot;:&quot;24&quot;,&quot;title&quot;:&quot;Chicken cutting machine for sale | meat cutter machine&quot;,&quot;width&quot;:&quot;0&quot;,&quot;_legend&quot;:&quot;{score}\\\/{best} - ({count} {votes})&quot;,&quot;font_factor&quot;:&quot;1.25&quot;}'>              <div class=\"kksr-stars\">      <div class=\"kksr-stars-inactive\">             <div class=\"kksr-star\" data-star=\"1\" style=\"padding-right: 5px\">               <div class=\"kksr-icon\" style=\"width: 24px; height: 24px;\"><\/div>         <\/div>             <div class=\"kksr-star\" data-star=\"2\" style=\"padding-right: 5px\">               <div class=\"kksr-icon\" style=\"width: 24px; height: 24px;\"><\/div>         <\/div>             <div class=\"kksr-star\" data-star=\"3\" style=\"padding-right: 5px\">               <div class=\"kksr-icon\" style=\"width: 24px; height: 24px;\"><\/div>         <\/div>             <div class=\"kksr-star\" data-star=\"4\" style=\"padding-right: 5px\">               <div class=\"kksr-icon\" style=\"width: 24px; height: 24px;\"><\/div>         <\/div>             <div class=\"kksr-star\" data-star=\"5\" style=\"padding-right: 5px\">               <div class=\"kksr-icon\" style=\"width: 24px; height: 24px;\"><\/div>         <\/div>     <\/div>      <div class=\"kksr-stars-active\" style=\"width: 0px;\">             <div class=\"kksr-star\" style=\"padding-right: 5px\">               <div class=\"kksr-icon\" style=\"width: 24px; height: 24px;\"><\/div>         <\/div>             <div class=\"kksr-star\" style=\"padding-right: 5px\">               <div class=\"kksr-icon\" style=\"width: 24px; height: 24px;\"><\/div>         <\/div>             <div class=\"kksr-star\" style=\"padding-right: 5px\">               <div class=\"kksr-icon\" style=\"width: 24px; height: 24px;\"><\/div>         <\/div>             <div class=\"kksr-star\" style=\"padding-right: 5px\">               <div class=\"kksr-icon\" style=\"width: 24px; height: 24px;\"><\/div>         <\/div>             <div class=\"kksr-star\" style=\"padding-right: 5px\">               <div class=\"kksr-icon\" style=\"width: 24px; height: 24px;\"><\/div>         <\/div>     <\/div> <\/div>                   <div class=\"kksr-legend\" style=\"font-size: 19.2px;\">             <span class=\"kksr-muted\">Califique este producto<\/span>     <\/div>     <\/div>  <p>La m\u00e1quina de cortar pollo puede cortar pollo, pato y pescado en piezas. Y no solo corta carne fresca, sino tambi\u00e9n carne congelada. Simula el estado del corte manual de carne y no producir\u00e1 carne picada. Es limpia, higi\u00e9nica y f\u00e1cil de operar.<\/p>    <p class=\"translation-block\">Por lo tanto, es adecuada para su uso en plantas de procesamiento de alimentos y grandes comedores. Tambi\u00e9n se pueden utilizar mataderos, procesamiento individual, <a href=\"https:\/\/en.wikipedia.org\/wiki\/Supermarket\" target=\"_blank\" rel=\"noopener\">supermercados<\/a>, restaurantes y otros lugares.<\/p>    <h2 class=\"wp-block-heading\">Exhibici\u00f3n de trabajo de la m\u00e1quina de corte de pollo<\/h2>    <figure class=\"wp-block-embed is-type-video is-provider-youtube wp-block-embed-youtube wp-embed-aspect-16-9 wp-has-aspect-ratio\"><div class=\"wp-block-embed__wrapper\"> <iframe loading=\"lazy\" title=\"m\u00e1quina cortadora de pollo|m\u00e1quina de corte de pollo|m\u00e1quina de cubos de pollo|cortadora de pollo\" width=\"500\" height=\"281\" src=\"https:\/\/www.youtube.com\/embed\/H23aHETKtas?feature=oembed\" frameborder=\"0\" allow=\"accelerometer; autoplay; clipboard-write; encrypted-media; gyroscope; picture-in-picture; web-share\" referrerpolicy=\"strict-origin-when-cross-origin\" allowfullscreen><\/iframe> <\/div><figcaption class=\"wp-element-caption\">M\u00e1quina cortadora de pollo<\/figcaption><\/figure>    <h2 class=\"wp-block-heading\" id=\"h-advantages-of-the-chicken-cutter-machine\">Ventajas de la m\u00e1quina cortadora de pollo<\/h2>    <ol class=\"wp-block-list\"> <li>La m\u00e1quina cortadora de pollo puede colocar un pollo entero, un pato entero o una ganso entero directamente. Esto proporciona a nuestra f\u00e1brica de procesamiento una gran conveniencia, ahorra costos de procesamiento y ahorra tiempo y esfuerzo. Puede proporcionar una gran ayuda en el proceso de producci\u00f3n y procesamiento.<\/li>    <li>La m\u00e1quina de corte de carne de pollo est\u00e1 hecha de acero inoxidable 304, que tiene la ventaja de ser robusta y duradera.<\/li>    <li>Esta m\u00e1quina puede cortar no solo pollo, sino tambi\u00e9n cordero, cerdo, res y muchas otras carnes.<\/li>    <li>El cortador de carne de pollo adopta tecnolog\u00eda de corte avanzada, que puede cortar r\u00e1pida y precisamente la carne de pollo en piezas de tama\u00f1o uniforme.<\/li>    <li>La m\u00e1quina de picar carne de pollo es simple de operar y f\u00e1cil de usar. Solo se necesita un operador para colocar manualmente el pollo en la cinta transportadora, y la m\u00e1quina realizar\u00e1 autom\u00e1ticamente el trabajo de corte y transporte.<\/li>    <li>La parte de corte de la m\u00e1quina est\u00e1 dise\u00f1ada con protecciones, que pueden evitar eficazmente lesiones accidentales durante su uso.<\/li> <\/ol>    <h2 class=\"wp-block-heading\">Par\u00e1metros de la m\u00e1quina de corte de pollo<\/h2>    <ul class=\"wp-block-list\"> <li>Capacidad: 600-800kg\/h &nbsp;<\/li>    <li>Potencia: 2.2kw &nbsp;&nbsp;<\/li>    <li>Voltaje: 220v &nbsp;<\/li>    <li>Dimensi\u00f3n: 1300*600*1050mm &nbsp;&nbsp;<\/li>    <li>Peso: 240 kg<\/li> <\/ul>    <h2 class=\"wp-block-heading\" id=\"h-advantages-of-the-chicken-cutter-machine\">Caracter\u00edsticas de la m\u00e1quina de cubos de pollo<\/h2>    <figure class=\"wp-block-image size-large is-resized\"><img loading=\"lazy\" decoding=\"async\" width=\"729\" height=\"774\" src=\"https:\/\/www.meatprocessingmachine.org\/wp-content\/uploads\/2021\/06\/d59431659ce79e1ceacf222d82589ce.png\" alt=\"\" class=\"wp-image-1364\" style=\"object-fit:cover;width:720px;height:540px\" title=\"\" srcset=\"https:\/\/www.meatprocessingmachine.org\/wp-content\/uploads\/2021\/06\/d59431659ce79e1ceacf222d82589ce.png 729w, https:\/\/www.meatprocessingmachine.org\/wp-content\/uploads\/2021\/06\/d59431659ce79e1ceacf222d82589ce-283x300.png 283w\" sizes=\"auto, (max-width: 729px) 100vw, 729px\" \/><figcaption><\/figcaption><\/figure>    <p>Cuando la m\u00e1quina corta las materias primas, no hay p\u00e9rdida de carne, no hay carne picada, y la superficie de corte es muy suave y ordenada. Es conveniente para la venta directa despu\u00e9s del procesamiento. Adem\u00e1s, la m\u00e1quina de cortar pollo simula el corte manual en secciones, la calidad es mejor que la manual, y la longitud de corte se puede ajustar, lo que es muy conveniente. La velocidad de trabajo de la m\u00e1quina cortadora de pollo es de 60 veces por minuto, lo que tiene una alta eficiencia de trabajo.<\/p>    <h2 class=\"wp-block-heading\" id=\"h-the-structure-of-the-chicken-cubing-machine\">La estructura de la m\u00e1quina de cubos de pollo<\/h2>    <figure class=\"wp-block-image size-full is-resized\"><img loading=\"lazy\" decoding=\"async\" width=\"714\" height=\"621\" src=\"https:\/\/www.meatprocessingmachine.org\/wp-content\/uploads\/2021\/09\/Chicken-Cutting-Machine.png\" alt=\"Detalles de la m\u00e1quina de corte de pollo\" class=\"wp-image-1941\" style=\"object-fit:cover;width:720px;height:540px\" title=\"\" srcset=\"https:\/\/www.meatprocessingmachine.org\/wp-content\/uploads\/2021\/09\/Chicken-Cutting-Machine.png 714w, https:\/\/www.meatprocessingmachine.org\/wp-content\/uploads\/2021\/09\/Chicken-Cutting-Machine-300x261.png 300w\" sizes=\"auto, (max-width: 714px) 100vw, 714px\" \/><figcaption class=\"wp-element-caption\">Detalles de la m\u00e1quina de cortar pollo<\/figcaption><\/figure>    <p>El producto est\u00e1 compuesto principalmente por un chasis, motor, cinta transportadora, cuchillas, etc. El material de la cuchilla de la m\u00e1quina de cortar pollo es 75cr1. Sobre todo, este material es seguro y resistente al desgaste. Por ejemplo, se puede usar durante mucho tiempo sin oxidarse. Hay dos tipos diferentes de cintas para las m\u00e1quinas de cortar pollo.<\/p>    <h2 class=\"wp-block-heading\" id=\"h-chain-conveyor-belt\">Cinta transportadora de cadena de la m\u00e1quina de corte de pollo <\/h2>    <p>La banda de contacto alimentario es una placa de PE, que es segura al estar en contacto con alimentos. Adem\u00e1s, la oruga est\u00e1 seccionada, y la carne puede separarse en el puerto de descarga para evitar la adhesi\u00f3n.<\/p>    <figure class=\"wp-block-image size-full is-resized\"><img loading=\"lazy\" decoding=\"async\" width=\"720\" height=\"540\" src=\"https:\/\/www.meatprocessingmachine.org\/wp-content\/uploads\/2021\/09\/Chicken-Cutting-Machine-4.jpg\" alt=\"M\u00e1quina cortadora de pollo\" class=\"wp-image-1940\" style=\"object-fit:cover;width:720px;height:540px\" title=\"\" srcset=\"https:\/\/www.meatprocessingmachine.org\/wp-content\/uploads\/2021\/09\/Chicken-Cutting-Machine-4.jpg 720w, https:\/\/www.meatprocessingmachine.org\/wp-content\/uploads\/2021\/09\/Chicken-Cutting-Machine-4-300x225.jpg 300w\" sizes=\"auto, (max-width: 720px) 100vw, 720px\" \/><figcaption class=\"wp-element-caption\">M\u00e1quina cortadora de pollo<\/figcaption><\/figure>    <h2 class=\"wp-block-heading\" id=\"h-what-can-the-chicken-cutter-machine-cut\">\u00bfQu\u00e9 puede cortar la m\u00e1quina cortadora de pollo?<\/h2>    <p>La m\u00e1quina cortadora de pollo es principalmente adecuada para cortar carne cartilaginosa, como pollo entero, pato y pescado. Adem\u00e1s, puede procesar varios tipos de carne congelada o carne fresca. Por lo tanto, la aplicabilidad de la m\u00e1quina cortadora de pollo es muy amplia. Puede formar bloques directamente. Al mismo tiempo que ahorra mano de obra, tambi\u00e9n es m\u00e1s limpia e higi\u00e9nica y tiene una alta eficiencia de trabajo.<\/p>    <figure class=\"wp-block-image size-large is-resized\"><img loading=\"lazy\" decoding=\"async\" width=\"1024\" height=\"768\" src=\"https:\/\/www.meatprocessingmachine.org\/wp-content\/uploads\/2021\/09\/Cut-chicken-stock-1024x768.jpg\" alt=\"m\u00e1quina cortadora de pollo\" class=\"wp-image-1942\" style=\"object-fit:cover;width:720px;height:540px\" title=\"\" srcset=\"https:\/\/www.meatprocessingmachine.org\/wp-content\/uploads\/2021\/09\/Cut-chicken-stock-1024x768.jpg 1024w, https:\/\/www.meatprocessingmachine.org\/wp-content\/uploads\/2021\/09\/Cut-chicken-stock-300x225.jpg 300w, https:\/\/www.meatprocessingmachine.org\/wp-content\/uploads\/2021\/09\/Cut-chicken-stock-768x576.jpg 768w, https:\/\/www.meatprocessingmachine.org\/wp-content\/uploads\/2021\/09\/Cut-chicken-stock-1536x1152.jpg 1536w, https:\/\/www.meatprocessingmachine.org\/wp-content\/uploads\/2021\/09\/Cut-chicken-stock-2048x1536.jpg 2048w\" sizes=\"auto, (max-width: 1024px) 100vw, 1024px\" \/><figcaption class=\"wp-element-caption\">  M\u00e1quina cortadora de pollo <\/figcaption><\/figure>    <h2 class=\"wp-block-heading\" id=\"h-advantages-of-the-chicken-cutter-machine\">El embalaje de la m\u00e1quina cortadora de pollo<\/h2>    <p class=\"translation-block\">Las m\u00e1quinas cortadoras de pollo se empaquetan en cajas de madera durante el transporte, lo que sirve para proteger el cuerpo de da\u00f1os. Nuestra empresa tiene muy buena experiencia relacionada con la exportaci\u00f3n y personal especializado har\u00e1 el seguimiento del proceso de transporte. Adem\u00e1s, nuestra empresa tambi\u00e9n tiene muchas otras m\u00e1quinas, como m\u00e1quinas cortadoras en tiras, <a href=\"https:\/\/www.meatprocessingmachine.org\/es\/meat-roll-cutting-machine.html\/\" data-type=\"URL\" data-id=\"https:\/\/www.meatprocessingmachine.org\/meat-roll-cutting-machine.html\">m\u00e1quinas cortadoras y enrolladoras de carne<\/a> y <a href=\"https:\/\/www.meatprocessingmachine.org\/es\/sausage-binding-tying-machine.html\/\" data-type=\"URL\" data-id=\"https:\/\/www.meatprocessingmachine.org\/sausage-binding-tying-machine.html\">m\u00e1quinas para salchichas<\/a>. Bienvenido a contactarnos.<\/p>","protected":false},"excerpt":{"rendered":"<p>La m\u00e1quina cortadora de pollo puede cortar pollo, pato, ganso, pescado, varias carnes congeladas y carne fresca en bloques, simulando el estado del corte manual de carne, y no producir\u00e1 carne picada. Es limpia e higi\u00e9nica, f\u00e1cil de operar y adecuada para el procesamiento de alimentos. Se utiliza en f\u00e1bricas, grandes comedores, mataderos, procesamiento individual, supermercados, restaurantes y otros lugares.<\/p>","protected":false},"author":1,"featured_media":1938,"parent":0,"template":"","product-type":[583],"class_list":["post-1346","product","type-product","status-publish","has-post-thumbnail","hentry","product-type-chicken-turkey"],"_links":{"self":[{"href":"https:\/\/www.meatprocessingmachine.org\/es\/wp-json\/wp\/v2\/product\/1346","targetHints":{"allow":["GET"]}}],"collection":[{"href":"https:\/\/www.meatprocessingmachine.org\/es\/wp-json\/wp\/v2\/product"}],"about":[{"href":"https:\/\/www.meatprocessingmachine.org\/es\/wp-json\/wp\/v2\/types\/product"}],"author":[{"embeddable":true,"href":"https:\/\/www.meatprocessingmachine.org\/es\/wp-json\/wp\/v2\/users\/1"}],"wp:featuredmedia":[{"embeddable":true,"href":"https:\/\/www.meatprocessingmachine.org\/es\/wp-json\/wp\/v2\/media\/1938"}],"wp:attachment":[{"href":"https:\/\/www.meatprocessingmachine.org\/es\/wp-json\/wp\/v2\/media?parent=1346"}],"wp:term":[{"taxonomy":"product-type","embeddable":true,"href":"https:\/\/www.meatprocessingmachine.org\/es\/wp-json\/wp\/v2\/product-type?post=1346"}],"curies":[{"name":"wp","href":"https:\/\/api.w.org\/{rel}","templated":true}]}}