{"id":1448,"date":"2021-06-25T09:52:29","date_gmt":"2021-06-25T01:52:29","guid":{"rendered":"https:\/\/www.meatprocessingmachine.org\/?p=1448"},"modified":"2026-02-12T16:44:14","modified_gmt":"2026-02-12T08:44:14","slug":"meatball-making-machinemeatball-forming-machine","status":"publish","type":"product","link":"https:\/\/www.meatprocessingmachine.org\/es\/meatball-making-machinemeatball-forming-machine.html","title":{"rendered":"M\u00e1quina para hacer alb\u00f3ndigas | M\u00e1quina formadora de alb\u00f3ndigas"},"content":{"rendered":"<div class=\"kk-star-ratings kksr-auto kksr-align-right kksr-valign-top\"     data-payload='{&quot;align&quot;:&quot;right&quot;,&quot;id&quot;:&quot;1448&quot;,&quot;slug&quot;:&quot;default&quot;,&quot;valign&quot;:&quot;top&quot;,&quot;ignore&quot;:&quot;&quot;,&quot;reference&quot;:&quot;auto&quot;,&quot;class&quot;:&quot;&quot;,&quot;count&quot;:&quot;0&quot;,&quot;legendonly&quot;:&quot;&quot;,&quot;readonly&quot;:&quot;&quot;,&quot;score&quot;:&quot;0&quot;,&quot;starsonly&quot;:&quot;&quot;,&quot;best&quot;:&quot;5&quot;,&quot;gap&quot;:&quot;5&quot;,&quot;greet&quot;:&quot;Rate this product&quot;,&quot;legend&quot;:&quot;0\\\/5 - (0 votos)&quot;,&quot;size&quot;:&quot;24&quot;,&quot;title&quot;:&quot;Meatball Making Machine | Meatball Forming Machine&quot;,&quot;width&quot;:&quot;0&quot;,&quot;_legend&quot;:&quot;{score}\\\/{best} - ({count} {votes})&quot;,&quot;font_factor&quot;:&quot;1.25&quot;}'>              <div class=\"kksr-stars\">      <div class=\"kksr-stars-inactive\">             <div class=\"kksr-star\" data-star=\"1\" style=\"padding-right: 5px\">               <div class=\"kksr-icon\" style=\"width: 24px; height: 24px;\"><\/div>         <\/div>             <div class=\"kksr-star\" data-star=\"2\" style=\"padding-right: 5px\">               <div class=\"kksr-icon\" style=\"width: 24px; height: 24px;\"><\/div>         <\/div>             <div class=\"kksr-star\" data-star=\"3\" style=\"padding-right: 5px\">               <div class=\"kksr-icon\" style=\"width: 24px; height: 24px;\"><\/div>         <\/div>             <div class=\"kksr-star\" data-star=\"4\" style=\"padding-right: 5px\">               <div class=\"kksr-icon\" style=\"width: 24px; height: 24px;\"><\/div>         <\/div>             <div class=\"kksr-star\" data-star=\"5\" style=\"padding-right: 5px\">               <div class=\"kksr-icon\" style=\"width: 24px; height: 24px;\"><\/div>         <\/div>     <\/div>      <div class=\"kksr-stars-active\" style=\"width: 0px;\">             <div class=\"kksr-star\" style=\"padding-right: 5px\">               <div class=\"kksr-icon\" style=\"width: 24px; height: 24px;\"><\/div>         <\/div>             <div class=\"kksr-star\" style=\"padding-right: 5px\">               <div class=\"kksr-icon\" style=\"width: 24px; height: 24px;\"><\/div>         <\/div>             <div class=\"kksr-star\" style=\"padding-right: 5px\">               <div class=\"kksr-icon\" style=\"width: 24px; height: 24px;\"><\/div>         <\/div>             <div class=\"kksr-star\" style=\"padding-right: 5px\">               <div class=\"kksr-icon\" style=\"width: 24px; height: 24px;\"><\/div>         <\/div>             <div class=\"kksr-star\" style=\"padding-right: 5px\">               <div class=\"kksr-icon\" style=\"width: 24px; height: 24px;\"><\/div>         <\/div>     <\/div> <\/div>                   <div class=\"kksr-legend\" style=\"font-size: 19.2px;\">             <span class=\"kksr-muted\">Califique este producto<\/span>     <\/div>     <\/div>  <p>La m\u00e1quina para hacer alb\u00f3ndigas es una m\u00e1quina que puede dar forma a las alb\u00f3ndigas en forma de bola. La m\u00e1quina comercial para hacer alb\u00f3ndigas puede utilizar una gran cantidad de materias primas. Puedes usar varios tipos de carne, como cerdo, res, cordero, pescado y mariscos. Tambi\u00e9n puedes a\u00f1adir algunas patatas y otras verduras. <\/p>    <p>Adem\u00e1s, la m\u00e1quina para hacer alb\u00f3ndigas simula el principio de las alb\u00f3ndigas artificiales. Despu\u00e9s de hacerlas, se han frito en profundidad o al vapor para hacer comida. Nuestra m\u00e1quina comercial para hacer alb\u00f3ndigas puede ayudarte a hacer diversas variedades de alb\u00f3ndigas. Describiremos esta m\u00e1quina en detalle en este art\u00edculo.<\/p>    <figure class=\"wp-block-image size-large\"><img loading=\"lazy\" decoding=\"async\" width=\"750\" height=\"750\" src=\"https:\/\/www.meatprocessingmachine.org\/wp-content\/uploads\/2021\/06\/6-1.jpg\" alt=\"M\u00e1quina para hacer alb\u00f3ndigas\" class=\"wp-image-1460\" title=\"\" srcset=\"https:\/\/www.meatprocessingmachine.org\/wp-content\/uploads\/2021\/06\/6-1.jpg 750w, https:\/\/www.meatprocessingmachine.org\/wp-content\/uploads\/2021\/06\/6-1-300x300.jpg 300w, https:\/\/www.meatprocessingmachine.org\/wp-content\/uploads\/2021\/06\/6-1-150x150.jpg 150w\" sizes=\"auto, (max-width: 750px) 100vw, 750px\" \/><figcaption><\/figcaption><\/figure>    <h2 class=\"wp-block-heading\">Video de demostraci\u00f3n de la m\u00e1quina formadora de alb\u00f3ndigas<\/h2>    <figure class=\"wp-block-embed is-type-video is-provider-youtube wp-block-embed-youtube wp-embed-aspect-4-3 wp-has-aspect-ratio\"><div class=\"wp-block-embed__wrapper\"> <iframe loading=\"lazy\" title=\"m\u00e1quina para hacer alb\u00f3ndigas M\u00e1quina de Formar Alb\u00f3ndigas m\u00e1quina de alb\u00f3ndigas.\" width=\"500\" height=\"375\" src=\"https:\/\/www.youtube.com\/embed\/kp1zxVYV68g?feature=oembed\" frameborder=\"0\" allow=\"accelerometer; autoplay; clipboard-write; encrypted-media; gyroscope; picture-in-picture; web-share\" referrerpolicy=\"strict-origin-when-cross-origin\" allowfullscreen><\/iframe> <\/div><figcaption class=\"wp-element-caption\">Elaboraci\u00f3n de alb\u00f3ndigas <\/figcaption><\/figure>    <h2 class=\"wp-block-heading\" id=\"h-advantages-of-meatball-machine\">Ventajas de la m\u00e1quina para hacer alb\u00f3ndigas<\/h2>    <ol class=\"wp-block-list\"> <li>Las bolas tienen buena elasticidad y no se descompondr\u00e1n despu\u00e9s de un largo tiempo de ebullici\u00f3n.<\/li>    <li>El di\u00e1metro de las bolas se puede ajustar<\/li>    <li>La velocidad de salida de las bolas es ajustable<\/li>    <li>La m\u00e1quina est\u00e1 hecha de acero inoxidable, lo que la hace m\u00e1s segura y duradera.<\/li>    <li>La m\u00e1quina ocupa un espacio peque\u00f1o y se puede colocar de manera flexible.<\/li> <\/ol>    <figure class=\"wp-block-image size-large\"><img loading=\"lazy\" decoding=\"async\" width=\"750\" height=\"419\" src=\"https:\/\/www.meatprocessingmachine.org\/wp-content\/uploads\/2021\/06\/meatball-machine-9.jpg\" alt=\"\" class=\"wp-image-1469\" title=\"\" srcset=\"https:\/\/www.meatprocessingmachine.org\/wp-content\/uploads\/2021\/06\/meatball-machine-9.jpg 750w, https:\/\/www.meatprocessingmachine.org\/wp-content\/uploads\/2021\/06\/meatball-machine-9-300x168.jpg 300w\" sizes=\"auto, (max-width: 750px) 100vw, 750px\" \/><figcaption><\/figcaption><\/figure>    <h2 class=\"wp-block-heading\" id=\"h-what-are-the-raw-materials-for-making-meatballs\">\u00bfCu\u00e1les son las materias primas para hacer alb\u00f3ndigas?<\/h2>    <p class=\"translation-block\">Las materias primas para hacer alb\u00f3ndigas son muy ricas. Pueden ser carne de cerdo, ternera, cordero, pescado, etc. como ingredientes principales. Tambi\u00e9n puede a\u00f1adir algunos ingredientes, como pan rallado, cebolla, <a href=\"https:\/\/en.wikipedia.org\/wiki\/Cheese\" target=\"_blank\" rel=\"noopener\">queso<\/a> o mantequilla. Debido a que las materias primas que se pueden a\u00f1adir son relativamente libres, las alb\u00f3ndigas se pueden hacer de acuerdo con las caracter\u00edsticas locales de cada regi\u00f3n.<\/p>    <h2 class=\"wp-block-heading\" id=\"h-meatball-machine-use-steps\">La m\u00e1quina para hacer alb\u00f3ndigas utiliza pasos<\/h2>    <p>Coloque la mezcla de carne preparada en el barril de la m\u00e1quina para hacer alb\u00f3ndigas y luego encienda la m\u00e1quina. Luego, las alb\u00f3ndigas saldr\u00e1n autom\u00e1ticamente por el puerto de descarga. Cuando las alb\u00f3ndigas salgan, se pueden conectar directamente a la olla para fre\u00edr o hervir. Adem\u00e1s, se puede conectar al tanque de agua caliente para posterior congelaci\u00f3n, etc., lo que es conveniente para las ventas posteriores.<\/p>   <div class=\"wp-block-image\"> <figure class=\"aligncenter size-full\"><img loading=\"lazy\" decoding=\"async\" width=\"980\" height=\"375\" src=\"https:\/\/www.meatprocessingmachine.org\/wp-content\/uploads\/2021\/06\/meatball-forming-machine-details.webp\" alt=\"detalles de la m\u00e1quina formadora de alb\u00f3ndigas\" class=\"wp-image-34396\" title=\"\" srcset=\"https:\/\/www.meatprocessingmachine.org\/wp-content\/uploads\/2021\/06\/meatball-forming-machine-details.webp 980w, https:\/\/www.meatprocessingmachine.org\/wp-content\/uploads\/2021\/06\/meatball-forming-machine-details-300x115.webp 300w, https:\/\/www.meatprocessingmachine.org\/wp-content\/uploads\/2021\/06\/meatball-forming-machine-details-768x294.webp 768w, https:\/\/www.meatprocessingmachine.org\/wp-content\/uploads\/2021\/06\/meatball-forming-machine-details-18x7.webp 18w\" sizes=\"auto, (max-width: 980px) 100vw, 980px\" \/><figcaption class=\"wp-element-caption\">Detalles de la m\u00e1quina formadora de alb\u00f3ndigas<\/figcaption><\/figure> <\/div>   <h2 class=\"wp-block-heading\" id=\"h-two-types-of-meatball-machines\">Dos tipos de m\u00e1quinas formadoras de alb\u00f3ndigas<\/h2>    <h3 class=\"wp-block-heading\" id=\"h-1-sandwich-meatballs\">Alb\u00f3ndigas de s\u00e1ndwich<\/h3>    <p>La m\u00e1quina formadora de alb\u00f3ndigas para s\u00e1ndwich puede hacer rellenos y ponerlos en las bolas. La piel de las bolas puede ser diferente de los rellenos en el medio. Este tipo de alb\u00f3ndiga tiene un sabor m\u00e1s rico. La m\u00e1quina trabaja con dos ranuras al mismo tiempo, por lo que puede realizar el relleno.<\/p>    <figure class=\"wp-block-image size-large\"><img loading=\"lazy\" decoding=\"async\" width=\"750\" height=\"617\" src=\"https:\/\/www.meatprocessingmachine.org\/wp-content\/uploads\/2021\/06\/meatball-machine-2.jpg\" alt=\"M\u00e1quina para hacer alb\u00f3ndigas para s\u00e1ndwiches\" class=\"wp-image-1458\" title=\"\" srcset=\"https:\/\/www.meatprocessingmachine.org\/wp-content\/uploads\/2021\/06\/meatball-machine-2.jpg 750w, https:\/\/www.meatprocessingmachine.org\/wp-content\/uploads\/2021\/06\/meatball-machine-2-300x247.jpg 300w\" sizes=\"auto, (max-width: 750px) 100vw, 750px\" \/><figcaption><\/figcaption><\/figure>    <h3 class=\"wp-block-heading\" id=\"h-2-solid-meatball-machine\">M\u00e1quina de alb\u00f3ndigas s\u00f3lida<\/h3>    <p>La m\u00e1quina formadora de alb\u00f3ndigas s\u00f3lidas tiene solo un cubo. Por supuesto, las alb\u00f3ndigas completas que se producen son un tipo de materia prima, as\u00ed que cuando compres la m\u00e1quina, puedes elegir seg\u00fan tus productos.<\/p>    <h2 class=\"wp-block-heading\" id=\"h-meatball-machine-parameters\">Par\u00e1metros de la m\u00e1quina para hacer alb\u00f3ndigas<\/h2>    <ul class=\"wp-block-list\"> <li>Tama\u00f1o: 850*650*1750mm<\/li>    <li>Peso: 125kg<\/li>    <li>Voltaje: 220v\/380v 50hz<\/li>    <li>Potencia: 3kw<\/li>    <li>Di\u00e1metro: menos de 40mm<\/li>    <li>Capacidad para hacer alb\u00f3ndigas de carne de res: 500-600pcs\/minuto<\/li>    <li>Tama\u00f1o del molde: 18+20+22+24+26 mm (la m\u00e1quina contiene 3 piezas de molde).<\/li> <\/ul>    <h2 class=\"wp-block-heading\" id=\"h-precautions-for-making-meatballs\">Precauciones para hacer alb\u00f3ndigas<\/h2>    <ul class=\"wp-block-list\"> <li>La m\u00e1quina para hacer alb\u00f3ndigas debe colocarse en un lugar estable, y se debe instalar la fuente de alimentaci\u00f3n y el cable de tierra para garantizar la seguridad.<\/li>    <li>L\u00edmpiala antes de usar, enciende la m\u00e1quina vac\u00eda primero y observa el funcionamiento normal antes de que pueda trabajar.<\/li>    <li>Coloca un gran recipiente en la boca de las alb\u00f3ndigas y luego ll\u00e9nalo con agua tibia, 60~70 grados Celsius es adecuado.<\/li>    <li>El peso del producto es de 8-25 gramos\/pieza, y la cantidad de relleno, as\u00ed como la velocidad de producci\u00f3n, se pueden ajustar autom\u00e1ticamente. La producci\u00f3n m\u00e1xima puede alcanzar de 200 a 300 kg\/h, lo que equivale a la eficiencia de 12 a 18 trabajadores al mismo tiempo.<\/li>    <li>La estructura de automatizaci\u00f3n es razonable y puede ser operada por una o dos personas.<\/li> <\/ul>    <h2 class=\"wp-block-heading\" id=\"h-related-meat-machines\">M\u00e1quinas de carne relacionadas<\/h2>    <div class=\"wp-block-columns is-layout-flex wp-container-core-columns-is-layout-9d6595d7 wp-block-columns-is-layout-flex\"> <div class=\"wp-block-column is-layout-flow wp-block-column-is-layout-flow\"> <figure class=\"wp-block-image size-full\"><a href=\"https:\/\/www.meatprocessingmachine.org\/es\/chicken-breast-slicer-machine-meat-cutting-machinery-for-meat-slices-strips.html\/\"><img loading=\"lazy\" decoding=\"async\" width=\"720\" height=\"540\" src=\"https:\/\/www.meatprocessingmachine.org\/wp-content\/uploads\/2021\/12\/Chicken-breast-cutter-machine.png\" alt=\"m\u00e1quina cortadora de pechugas de pollo\" class=\"wp-image-32518\" title=\"\" srcset=\"https:\/\/www.meatprocessingmachine.org\/wp-content\/uploads\/2021\/12\/Chicken-breast-cutter-machine.png 720w, https:\/\/www.meatprocessingmachine.org\/wp-content\/uploads\/2021\/12\/Chicken-breast-cutter-machine-300x225.png 300w\" sizes=\"auto, (max-width: 720px) 100vw, 720px\" \/><\/a><figcaption class=\"wp-element-caption\">M\u00e1quina cortadora de pechugas de pollo<\/figcaption><\/figure> <\/div>    <div class=\"wp-block-column is-layout-flow wp-block-column-is-layout-flow\"> <figure class=\"wp-block-image size-full\"><a href=\"https:\/\/www.meatprocessingmachine.org\/es\/how-about-fish-fillet-machine-for-salmon.html\/\"><img loading=\"lazy\" decoding=\"async\" width=\"720\" height=\"540\" src=\"https:\/\/www.meatprocessingmachine.org\/wp-content\/uploads\/2022\/01\/fish-filleting-machine-.png\" alt=\"M\u00e1quina fileteadora de pescado\" class=\"wp-image-32567\" title=\"\" srcset=\"https:\/\/www.meatprocessingmachine.org\/wp-content\/uploads\/2022\/01\/fish-filleting-machine-.png 720w, https:\/\/www.meatprocessingmachine.org\/wp-content\/uploads\/2022\/01\/fish-filleting-machine--300x225.png 300w\" sizes=\"auto, (max-width: 720px) 100vw, 720px\" \/><\/a><figcaption class=\"wp-element-caption\">M\u00e1quina fileteadora de pescado<\/figcaption><\/figure> <\/div> <\/div>","protected":false},"excerpt":{"rendered":"<p>La m\u00e1quina para hacer alb\u00f3ndigas es una m\u00e1quina que puede hacer alb\u00f3ndigas en forma de bola. Puedes usar diversas carnes y verduras como materias primas.<\/p>","protected":false},"author":1,"featured_media":1660,"parent":0,"template":"","product-type":[582,583,584,598],"class_list":["post-1448","product","type-product","status-publish","has-post-thumbnail","hentry","product-type-cattle-sheep","product-type-chicken-turkey","product-type-fish","product-type-supporting-auxiliary-equipment"],"_links":{"self":[{"href":"https:\/\/www.meatprocessingmachine.org\/es\/wp-json\/wp\/v2\/product\/1448","targetHints":{"allow":["GET"]}}],"collection":[{"href":"https:\/\/www.meatprocessingmachine.org\/es\/wp-json\/wp\/v2\/product"}],"about":[{"href":"https:\/\/www.meatprocessingmachine.org\/es\/wp-json\/wp\/v2\/types\/product"}],"author":[{"embeddable":true,"href":"https:\/\/www.meatprocessingmachine.org\/es\/wp-json\/wp\/v2\/users\/1"}],"wp:featuredmedia":[{"embeddable":true,"href":"https:\/\/www.meatprocessingmachine.org\/es\/wp-json\/wp\/v2\/media\/1660"}],"wp:attachment":[{"href":"https:\/\/www.meatprocessingmachine.org\/es\/wp-json\/wp\/v2\/media?parent=1448"}],"wp:term":[{"taxonomy":"product-type","embeddable":true,"href":"https:\/\/www.meatprocessingmachine.org\/es\/wp-json\/wp\/v2\/product-type?post=1448"}],"curies":[{"name":"wp","href":"https:\/\/api.w.org\/{rel}","templated":true}]}}