{"id":1646,"date":"2021-08-12T17:23:30","date_gmt":"2021-08-12T09:23:30","guid":{"rendered":"https:\/\/www.meatprocessingmachine.org\/?p=1646"},"modified":"2026-02-12T16:00:37","modified_gmt":"2026-02-12T08:00:37","slug":"single-chamber-vacuum-packaging-machine","status":"publish","type":"product","link":"https:\/\/www.meatprocessingmachine.org\/es\/single-chamber-vacuum-packaging-machine.html","title":{"rendered":"M\u00e1quina de envasado al vac\u00edo de c\u00e1mara \u00fanica | M\u00e1quina de sellado al vac\u00edo"},"content":{"rendered":"<div class=\"kk-star-ratings kksr-auto kksr-align-right kksr-valign-top\"     data-payload='{&quot;align&quot;:&quot;right&quot;,&quot;id&quot;:&quot;1646&quot;,&quot;slug&quot;:&quot;default&quot;,&quot;valign&quot;:&quot;top&quot;,&quot;ignore&quot;:&quot;&quot;,&quot;reference&quot;:&quot;auto&quot;,&quot;class&quot;:&quot;&quot;,&quot;count&quot;:&quot;0&quot;,&quot;legendonly&quot;:&quot;&quot;,&quot;readonly&quot;:&quot;&quot;,&quot;score&quot;:&quot;0&quot;,&quot;starsonly&quot;:&quot;&quot;,&quot;best&quot;:&quot;5&quot;,&quot;gap&quot;:&quot;5&quot;,&quot;greet&quot;:&quot;Rate this product&quot;,&quot;legend&quot;:&quot;0\\\/5 - (0 votos)&quot;,&quot;size&quot;:&quot;24&quot;,&quot;title&quot;:&quot;Single chamber vacuum packaging machine | Vacuum sealing machine&quot;,&quot;width&quot;:&quot;0&quot;,&quot;_legend&quot;:&quot;{score}\\\/{best} - ({count} {votes})&quot;,&quot;font_factor&quot;:&quot;1.25&quot;}'>              <div class=\"kksr-stars\">      <div class=\"kksr-stars-inactive\">             <div class=\"kksr-star\" data-star=\"1\" style=\"padding-right: 5px\">               <div class=\"kksr-icon\" style=\"width: 24px; height: 24px;\"><\/div>         <\/div>             <div class=\"kksr-star\" data-star=\"2\" style=\"padding-right: 5px\">               <div class=\"kksr-icon\" style=\"width: 24px; height: 24px;\"><\/div>         <\/div>             <div class=\"kksr-star\" data-star=\"3\" style=\"padding-right: 5px\">               <div class=\"kksr-icon\" style=\"width: 24px; height: 24px;\"><\/div>         <\/div>             <div class=\"kksr-star\" data-star=\"4\" style=\"padding-right: 5px\">               <div class=\"kksr-icon\" style=\"width: 24px; height: 24px;\"><\/div>         <\/div>             <div class=\"kksr-star\" data-star=\"5\" style=\"padding-right: 5px\">               <div class=\"kksr-icon\" style=\"width: 24px; height: 24px;\"><\/div>         <\/div>     <\/div>      <div class=\"kksr-stars-active\" style=\"width: 0px;\">             <div class=\"kksr-star\" style=\"padding-right: 5px\">               <div class=\"kksr-icon\" style=\"width: 24px; height: 24px;\"><\/div>         <\/div>             <div class=\"kksr-star\" style=\"padding-right: 5px\">               <div class=\"kksr-icon\" style=\"width: 24px; height: 24px;\"><\/div>         <\/div>             <div class=\"kksr-star\" style=\"padding-right: 5px\">               <div class=\"kksr-icon\" style=\"width: 24px; height: 24px;\"><\/div>         <\/div>             <div class=\"kksr-star\" style=\"padding-right: 5px\">               <div class=\"kksr-icon\" style=\"width: 24px; height: 24px;\"><\/div>         <\/div>             <div class=\"kksr-star\" style=\"padding-right: 5px\">               <div class=\"kksr-icon\" style=\"width: 24px; height: 24px;\"><\/div>         <\/div>     <\/div> <\/div>                   <div class=\"kksr-legend\" style=\"font-size: 19.2px;\">             <span class=\"kksr-muted\">Califique este producto<\/span>     <\/div>     <\/div>  <p class=\"translation-block\">La m\u00e1quina envasadora al vac\u00edo de c\u00e1mara simple puede extraer ox\u00edgeno de la bolsa de envasado para formar un estado de vac\u00edo. Extendiendo as\u00ed la vida \u00fatil de los alimentos. Una m\u00e1quina selladora al vac\u00edo autom\u00e1tica es adecuada para envasar productos c\u00e1rnicos, <a href=\"https:\/\/en.wikipedia.org\/wiki\/Grain\" target=\"_blank\" rel=\"noopener\">granos<\/a>, medicinas, etc. La selladora de vac\u00edo de c\u00e1mara industrial puede evitar que los alimentos se enmohezcan, al tiempo que mantiene el sabor original de los alimentos, asegurando que la humedad de los alimentos no se pierda.<\/p>    <h2 class=\"wp-block-heading\">Trabajo de exhibici\u00f3n de la m\u00e1quina de envasado al vac\u00edo de c\u00e1mara \u00fanica<\/h2>    <figure class=\"wp-block-embed is-type-video is-provider-youtube wp-block-embed-youtube\"><div class=\"wp-block-embed__wrapper\"> <iframe loading=\"lazy\" title=\"Selladores al vac\u00edo comerciales | M\u00e1quina de envasado al vac\u00edo de c\u00e1mara \u00fanica | m\u00e1quina de embalaje\" width=\"500\" height=\"281\" src=\"https:\/\/www.youtube.com\/embed\/0tZFANYuKhw?feature=oembed\" frameborder=\"0\" allow=\"accelerometer; autoplay; clipboard-write; encrypted-media; gyroscope; picture-in-picture; web-share\" referrerpolicy=\"strict-origin-when-cross-origin\" allowfullscreen><\/iframe> <\/div><figcaption class=\"wp-element-caption\">Muestra de funcionamiento de la m\u00e1quina de envasado al vac\u00edo<\/figcaption><\/figure>    <h2 class=\"wp-block-heading\">Caracter\u00edstica de la envasadora al vac\u00edo de c\u00e1mara industrial<\/h2>    <ol class=\"wp-block-list\"> <li>La m\u00e1quina de envasado al vac\u00edo de c\u00e1mara \u00fanica utiliza plexigl\u00e1s completamente transparente, y se puede observar la situaci\u00f3n del envasado durante la operaci\u00f3n.<\/li>    <li>La m\u00e1quina de envasado al vac\u00edo de c\u00e1mara \u00fanica puede completar varios pasos como el envasado al vac\u00edo, el sellado y la impresi\u00f3n a la vez.<\/li>    <li>El cuerpo es peque\u00f1o y f\u00e1cil de mover.<\/li>    <li>La temperatura de calentamiento es controlable durante el sellado y se puede ajustar seg\u00fan la situaci\u00f3n espec\u00edfica en cualquier momento.<\/li> <\/ol>    <h2 class=\"wp-block-heading\">Par\u00e1metros de la m\u00e1quina de envasado al vac\u00edo de c\u00e1mara \u00fanica<\/h2>    <figure class=\"wp-block-table\"><table><tbody><tr><td>Modelo<\/td><td>DZ400\/2E<\/td><td>DZ500\/2E<\/td><td>DZ600\\\/2E<\/td><\/tr><tr><td>Fuente de alimentaci\u00f3n<\/td><td>220V\\\/110V<\/td><td>220V\\\/110V<\/td><td>220V\\\/110V<\/td><\/tr><tr><td>Potencia de la bomba de vac\u00edo<\/td><td>900W<\/td><td>900W<\/td><td>1800W<\/td><\/tr><tr><td>Potencia de sellado<\/td><td>600W<\/td><td>750W<\/td><td>1200W<\/td><\/tr><tr><td>Presi\u00f3n absoluta m\u00e1s baja<\/td><td>1Kpa<\/td><td>1Kpa<\/td><td>1Kpa<\/td><\/tr><tr><td>Posici\u00f3n de sellado<\/td><td>2 (tira de sellado)<\/td><td>2 (tira de sellado)<\/td><td>2 (tira de sellado)<\/td><\/tr><tr><td>Tama\u00f1o de la c\u00e1mara de vac\u00edo<\/td><td>430x420x75mm<\/td><td>530x520x75mm<\/td><td>650x620x100mm<\/td><\/tr><tr><td>Tama\u00f1o de sellado<\/td><td>400*10mm<\/td><td>500*10mm<\/td><td>600*10mm<\/td><\/tr><tr><td>Peso neto<\/td><td>80KG<\/td><td>100KG<\/td><td>150KG<\/td><\/tr><tr><td>Tama\u00f1o de la m\u00e1quina<\/td><td>540*500*950mm<\/td><td>580*630*1000mm<\/td><td>750*710*1000mm<\/td><\/tr><\/tbody><\/table><figcaption class=\"wp-element-caption\"> Par\u00e1metros de la m\u00e1quina de envasado al vac\u00edo <\/figcaption><\/figure>    <h2 class=\"wp-block-heading\" id=\"h-operation-steps-of-single-chamber-vacuum-packaging-machine\">Pasos de operaci\u00f3n de la m\u00e1quina de envasado al vac\u00edo de c\u00e1mara \u00fanica<\/h2>    <figure class=\"wp-block-image size-full is-resized\"><img loading=\"lazy\" decoding=\"async\" width=\"750\" height=\"750\" src=\"https:\/\/www.meatprocessingmachine.org\/wp-content\/uploads\/2021\/08\/Automatic-Vacuum-Sealing-Machine.jpg\" alt=\"M\u00e1quina de sellado al vac\u00edo autom\u00e1tica\" class=\"wp-image-1649\" title=\"\" srcset=\"https:\/\/www.meatprocessingmachine.org\/wp-content\/uploads\/2021\/08\/Automatic-Vacuum-Sealing-Machine.jpg 750w, https:\/\/www.meatprocessingmachine.org\/wp-content\/uploads\/2021\/08\/Automatic-Vacuum-Sealing-Machine-300x300.jpg 300w, https:\/\/www.meatprocessingmachine.org\/wp-content\/uploads\/2021\/08\/Automatic-Vacuum-Sealing-Machine-150x150.jpg 150w\" sizes=\"auto, (max-width: 750px) 100vw, 750px\" \/><figcaption class=\"wp-element-caption\"><br>m\u00e1quina de sellado al vac\u00edo autom\u00e1tico<\/figcaption><\/figure>    <ol class=\"wp-block-list\"> <li>La m\u00e1quina de envasado al vac\u00edo de c\u00e1mara simple est\u00e1 compuesta principalmente por un sistema de vac\u00edo, un sistema de bombeo de gas y sellado, un sistema de sellado por calor y un sistema de control el\u00e9ctrico. Sin embargo, el proceso de operaci\u00f3n de la m\u00e1quina de vac\u00edo de c\u00e1mara simple es muy simple.<\/li>    <li>Encienda la fuente de alimentaci\u00f3n: cambie el interruptor de selecci\u00f3n de energ\u00eda seg\u00fan sea necesario, es decir, la luz indicadora de energ\u00eda est\u00e1 encendida. El interruptor de selecci\u00f3n de energ\u00eda apunta a vac\u00edo para el sellado al vac\u00edo, y la carga al vac\u00edo es para el llenado y sellado al vac\u00edo.<\/li>    <li>Coloca la bolsa de embalaje con el contenido en la c\u00e1mara de vac\u00edo, la boca de la bolsa est\u00e1 ordenada.<\/li>    <li>Presione hacia abajo la tapa, y la luz indicadora de escape (vac\u00edo) en el panel se enciende. La bomba de vac\u00edo comienza a bombear aire, y la tapa se succiona autom\u00e1ticamente. La perilla de vac\u00edo puede ajustar el nivel de vac\u00edo de acuerdo con los requisitos de embalaje. Al ajustar, la escala visual va de baja a alta con una peque\u00f1a amplitud.<\/li>    <li>Cuando la succi\u00f3n alcance el tiempo establecido, es decir, el vac\u00edo requerido, la succi\u00f3n termina.<\/li>    <li>Cuando se complete la succi\u00f3n, la luz indicadora se apagar\u00e1, la luz indicadora de sellado por calor se encender\u00e1 y comenzar\u00e1 la acci\u00f3n de inflado.<\/li>    <li>Al ajustar los par\u00e1metros, el rango de rotaci\u00f3n debe ser peque\u00f1o para evitar que la temperatura de sellado por calor aumente repentinamente y queme los accesorios de sellado por calor.<\/li>    <li>Cuando se alcanza el tiempo de sellado por calor, la luz indicadora de sellado por calor se apaga para indicar el final del sellado por calor, y la c\u00e1mara de vac\u00edo se conecta autom\u00e1ticamente a la atm\u00f3sfera a trav\u00e9s de la v\u00e1lvula solenoide hasta que la tapa se levanta autom\u00e1ticamente, y el proceso de envasado al vac\u00edo ha terminado, listo para el siguiente ciclo de envasado.<\/li> <\/ol>    <figure class=\"wp-block-image size-full is-resized\"><img loading=\"lazy\" decoding=\"async\" width=\"750\" height=\"934\" src=\"https:\/\/www.meatprocessingmachine.org\/wp-content\/uploads\/2021\/08\/product-of-vacuum-packing-1.jpg\" alt=\"producto de sellador al vac\u00edo de c\u00e1mara industrial \" class=\"wp-image-1653\" title=\"\" srcset=\"https:\/\/www.meatprocessingmachine.org\/wp-content\/uploads\/2021\/08\/product-of-vacuum-packing-1.jpg 750w, https:\/\/www.meatprocessingmachine.org\/wp-content\/uploads\/2021\/08\/product-of-vacuum-packing-1-241x300.jpg 241w\" sizes=\"auto, (max-width: 750px) 100vw, 750px\" \/><figcaption class=\"wp-element-caption\"><br><br>producto de sellador al vac\u00edo de c\u00e1mara industrial<\/figcaption><\/figure>    <h2 class=\"wp-block-heading\">Acerca de la bolsa de envasado<\/h2>    <p>Muchos clientes siempre informan que la bolsa de vac\u00edo est\u00e1 rota al usar la m\u00e1quina de envasado al vac\u00edo de c\u00e1mara simple. Pregunte a nuestros t\u00e9cnicos por qu\u00e9 es esto. Para ser directos, el grosor de la bolsa de vac\u00edo que usamos no puede alcanzarse, porque el vac\u00edo es relativamente grande, as\u00ed que si la bolsa no alcanza el grosor cuando estamos haciendo el vac\u00edo, causar\u00e1 da\u00f1os. Por lo tanto, para los materiales de embalaje, nuestros requisitos a\u00fan deben cumplirse, para garantizar el correcto funcionamiento del vac\u00edo.<\/p>   <div class=\"wp-block-image\"> <figure class=\"aligncenter size-full is-resized\"><img loading=\"lazy\" decoding=\"async\" width=\"720\" height=\"540\" src=\"https:\/\/www.meatprocessingmachine.org\/wp-content\/uploads\/2022\/03\/sausage-vacuum-packaging-machine-1-1.png\" alt=\"m\u00e1quina de envasado al vac\u00edo de una sola c\u00e1mara\" class=\"wp-image-32950\" style=\"object-fit:cover;width:720px;height:540px\" title=\"\" srcset=\"https:\/\/www.meatprocessingmachine.org\/wp-content\/uploads\/2022\/03\/sausage-vacuum-packaging-machine-1-1.png 720w, https:\/\/www.meatprocessingmachine.org\/wp-content\/uploads\/2022\/03\/sausage-vacuum-packaging-machine-1-1-300x225.png 300w\" sizes=\"auto, (max-width: 720px) 100vw, 720px\" \/><figcaption class=\"wp-element-caption\">M\u00e1quina de envasado al vac\u00edo de una sola c\u00e1mara<\/figcaption><\/figure> <\/div>   <h2 class=\"wp-block-heading\">Tipos de m\u00e1quina de envasado al vac\u00edo<\/h2>    <p class=\"translation-block\">Hay dos tipos de m\u00e1quinas envasadoras al vac\u00edo: de c\u00e1mara simple y de <a href=\"https:\/\/www.meatprocessingmachine.org\/es\/dz-260-desktop-vacuum-packing-machine-for-sealing.html\/\">c\u00e1mara doble<\/a>. La funci\u00f3n y el efecto de estas dos m\u00e1quinas son los mismos. La principal diferencia es la velocidad de envasado. Si desea saber m\u00e1s sobre esta m\u00e1quina, no dude en contactarnos.<\/p>    <div class=\"wp-block-columns is-layout-flex wp-container-core-columns-is-layout-9d6595d7 wp-block-columns-is-layout-flex\"> <div class=\"wp-block-column is-layout-flow wp-block-column-is-layout-flow\"> <figure class=\"wp-block-image size-full\"><a href=\"https:\/\/www.meatprocessingmachine.org\/es\/single-chamber-vacuum-packaging-machine-vacuum-sealing-machine.html\/\"><img loading=\"lazy\" decoding=\"async\" width=\"720\" height=\"540\" src=\"https:\/\/www.meatprocessingmachine.org\/wp-content\/uploads\/2018\/10\/single-chamber-meat-vacuum-packing-machine.webp\" alt=\"m\u00e1quina de envasado al vac\u00edo de carne de una c\u00e1mara\" class=\"wp-image-34424\" title=\"\" srcset=\"https:\/\/www.meatprocessingmachine.org\/wp-content\/uploads\/2018\/10\/single-chamber-meat-vacuum-packing-machine.webp 720w, https:\/\/www.meatprocessingmachine.org\/wp-content\/uploads\/2018\/10\/single-chamber-meat-vacuum-packing-machine-300x225.webp 300w, https:\/\/www.meatprocessingmachine.org\/wp-content\/uploads\/2018\/10\/single-chamber-meat-vacuum-packing-machine-16x12.webp 16w\" sizes=\"auto, (max-width: 720px) 100vw, 720px\" \/><\/a><figcaption class=\"wp-element-caption\">M\u00e1quina de envasado al vac\u00edo de carne de una c\u00e1mara<\/figcaption><\/figure> <\/div>    <div class=\"wp-block-column is-layout-flow wp-block-column-is-layout-flow\"> <figure class=\"wp-block-image size-full\"><a href=\"https:\/\/www.meatprocessingmachine.org\/es\/dz-260-desktop-vacuum-packing-machine-for-sealing.html\/\"><img loading=\"lazy\" decoding=\"async\" width=\"720\" height=\"540\" src=\"https:\/\/www.meatprocessingmachine.org\/wp-content\/uploads\/2018\/10\/meat-vacuum-packaging-machine.webp\" alt=\"m\u00e1quina de envasado al vac\u00edo de carne de doble c\u00e1mara\" class=\"wp-image-34423\" title=\"\" srcset=\"https:\/\/www.meatprocessingmachine.org\/wp-content\/uploads\/2018\/10\/meat-vacuum-packaging-machine.webp 720w, https:\/\/www.meatprocessingmachine.org\/wp-content\/uploads\/2018\/10\/meat-vacuum-packaging-machine-300x225.webp 300w, https:\/\/www.meatprocessingmachine.org\/wp-content\/uploads\/2018\/10\/meat-vacuum-packaging-machine-16x12.webp 16w\" sizes=\"auto, (max-width: 720px) 100vw, 720px\" \/><\/a><figcaption class=\"wp-element-caption\">M\u00e1quina de envasado al vac\u00edo de carne de doble c\u00e1mara<\/figcaption><\/figure> <\/div> <\/div>","protected":false},"excerpt":{"rendered":"<p>La m\u00e1quina de envasado al vac\u00edo de una sola c\u00e1mara puede extraer el ox\u00edgeno de la bolsa de envasado para formar un estado de vac\u00edo. De este modo, se extiende la vida \u00fatil de los alimentos. Una m\u00e1quina autom\u00e1tica de sellado al vac\u00edo es adecuada para envasar productos c\u00e1rnicos, granos, medicamentos, etc. El sellador al vac\u00edo de c\u00e1mara industrial puede prevenir que los alimentos se pongan mohosos, al tiempo que mantiene el sabor original de los alimentos, asegurando que la humedad de los alimentos no se pierda.<\/p>","protected":false},"author":1,"featured_media":1656,"parent":0,"template":"","product-type":[596],"class_list":["post-1646","product","type-product","status-publish","has-post-thumbnail","hentry","product-type-meat-packaging-equipment"],"_links":{"self":[{"href":"https:\/\/www.meatprocessingmachine.org\/es\/wp-json\/wp\/v2\/product\/1646","targetHints":{"allow":["GET"]}}],"collection":[{"href":"https:\/\/www.meatprocessingmachine.org\/es\/wp-json\/wp\/v2\/product"}],"about":[{"href":"https:\/\/www.meatprocessingmachine.org\/es\/wp-json\/wp\/v2\/types\/product"}],"author":[{"embeddable":true,"href":"https:\/\/www.meatprocessingmachine.org\/es\/wp-json\/wp\/v2\/users\/1"}],"wp:featuredmedia":[{"embeddable":true,"href":"https:\/\/www.meatprocessingmachine.org\/es\/wp-json\/wp\/v2\/media\/1656"}],"wp:attachment":[{"href":"https:\/\/www.meatprocessingmachine.org\/es\/wp-json\/wp\/v2\/media?parent=1646"}],"wp:term":[{"taxonomy":"product-type","embeddable":true,"href":"https:\/\/www.meatprocessingmachine.org\/es\/wp-json\/wp\/v2\/product-type?post=1646"}],"curies":[{"name":"wp","href":"https:\/\/api.w.org\/{rel}","templated":true}]}}