{"id":2138,"date":"2021-09-27T15:46:17","date_gmt":"2021-09-27T07:46:17","guid":{"rendered":"https:\/\/www.meatprocessingmachine.org\/?p=2138"},"modified":"2026-03-13T14:27:29","modified_gmt":"2026-03-13T06:27:29","slug":"automatic-bbq-meat-skewer-machine-kebab-making-machine","status":"publish","type":"product","link":"https:\/\/www.meatprocessingmachine.org\/es\/automatic-bbq-meat-skewer-machine-kebab-making-machine.html","title":{"rendered":"M\u00e1quina Autom\u00e1tica de Brochetas de Carne a la Parrilla | Gran M\u00e1quina de Hacer Kebab"},"content":{"rendered":"<div class=\"kk-star-ratings kksr-auto kksr-align-right kksr-valign-top\"     data-payload='{&quot;align&quot;:&quot;right&quot;,&quot;id&quot;:&quot;2138&quot;,&quot;slug&quot;:&quot;default&quot;,&quot;valign&quot;:&quot;top&quot;,&quot;ignore&quot;:&quot;&quot;,&quot;reference&quot;:&quot;auto&quot;,&quot;class&quot;:&quot;&quot;,&quot;count&quot;:&quot;1&quot;,&quot;legendonly&quot;:&quot;&quot;,&quot;readonly&quot;:&quot;&quot;,&quot;score&quot;:&quot;5&quot;,&quot;starsonly&quot;:&quot;&quot;,&quot;best&quot;:&quot;5&quot;,&quot;gap&quot;:&quot;5&quot;,&quot;greet&quot;:&quot;Rate this product&quot;,&quot;legend&quot;:&quot;5\\\/5 - (1 voto)&quot;,&quot;size&quot;:&quot;24&quot;,&quot;title&quot;:&quot;Automatic BBQ Meat Skewer Machine | Large Kebab Making Machine&quot;,&quot;width&quot;:&quot;142.5&quot;,&quot;_legend&quot;:&quot;{score}\\\/{best} - ({count} {votes})&quot;,&quot;font_factor&quot;:&quot;1.25&quot;}'>              <div class=\"kksr-stars\">      <div class=\"kksr-stars-inactive\">             <div class=\"kksr-star\" data-star=\"1\" style=\"padding-right: 5px\">               <div class=\"kksr-icon\" style=\"width: 24px; height: 24px;\"><\/div>         <\/div>             <div class=\"kksr-star\" data-star=\"2\" style=\"padding-right: 5px\">               <div class=\"kksr-icon\" style=\"width: 24px; height: 24px;\"><\/div>         <\/div>             <div class=\"kksr-star\" data-star=\"3\" style=\"padding-right: 5px\">               <div class=\"kksr-icon\" style=\"width: 24px; height: 24px;\"><\/div>         <\/div>             <div class=\"kksr-star\" data-star=\"4\" style=\"padding-right: 5px\">               <div class=\"kksr-icon\" style=\"width: 24px; height: 24px;\"><\/div>         <\/div>             <div class=\"kksr-star\" data-star=\"5\" style=\"padding-right: 5px\">               <div class=\"kksr-icon\" style=\"width: 24px; height: 24px;\"><\/div>         <\/div>     <\/div>      <div class=\"kksr-stars-active\" style=\"width: 142.5px;\">             <div class=\"kksr-star\" style=\"padding-right: 5px\">               <div class=\"kksr-icon\" style=\"width: 24px; height: 24px;\"><\/div>         <\/div>             <div class=\"kksr-star\" style=\"padding-right: 5px\">               <div class=\"kksr-icon\" style=\"width: 24px; height: 24px;\"><\/div>         <\/div>             <div class=\"kksr-star\" style=\"padding-right: 5px\">               <div class=\"kksr-icon\" style=\"width: 24px; height: 24px;\"><\/div>         <\/div>             <div class=\"kksr-star\" style=\"padding-right: 5px\">               <div class=\"kksr-icon\" style=\"width: 24px; height: 24px;\"><\/div>         <\/div>             <div class=\"kksr-star\" style=\"padding-right: 5px\">               <div class=\"kksr-icon\" style=\"width: 24px; height: 24px;\"><\/div>         <\/div>     <\/div> <\/div>                   <div class=\"kksr-legend\" style=\"font-size: 19.2px;\">             5\/5 - (1 voto)    <\/div>     <\/div>  <p class=\"translation-block\">La <strong><mark class=\"has-inline-color has-luminous-vivid-amber-color\">m\u00e1quina de brochetas de carne para barbacoa<\/mark><\/strong> es una m\u00e1quina que puede ensartar carne autom\u00e1ticamente. Puede ensartar carne de res, cordero, pollo, corazones de pollo, calamares, pescado <a href=\"https:\/\/en.wikipedia.org\/wiki\/Tofu\" target=\"_blank\" rel=\"noopener\">tofu<\/a> y kelp, y no est\u00e1 restringida por ingredientes. <\/p>   <div class=\"wp-block-image\"> <figure class=\"aligncenter size-full\"><img loading=\"lazy\" decoding=\"async\" width=\"720\" height=\"540\" src=\"https:\/\/www.meatprocessingmachine.org\/wp-content\/uploads\/2021\/09\/Automatic-BBQ-Meat-Skewer-Machine.webp\" alt=\"M\u00e1quina autom\u00e1tica de pinchos para barbacoa\" class=\"wp-image-34739\" title=\"\" srcset=\"https:\/\/www.meatprocessingmachine.org\/wp-content\/uploads\/2021\/09\/Automatic-BBQ-Meat-Skewer-Machine.webp 720w, https:\/\/www.meatprocessingmachine.org\/wp-content\/uploads\/2021\/09\/Automatic-BBQ-Meat-Skewer-Machine-300x225.webp 300w, https:\/\/www.meatprocessingmachine.org\/wp-content\/uploads\/2021\/09\/Automatic-BBQ-Meat-Skewer-Machine-16x12.webp 16w\" sizes=\"auto, (max-width: 720px) 100vw, 720px\" \/><figcaption class=\"wp-element-caption\">M\u00e1quina autom\u00e1tica de pinchos para barbacoa<\/figcaption><\/figure> <\/div>   <p class=\"translation-block\">La m\u00e1quina de brochetas para barbacoa es un equipo autom\u00e1tico de ensartado de carne dise\u00f1ado para una producci\u00f3n eficiente de kebabs. Con una capacidad de <strong><mark class=\"has-inline-color has-luminous-vivid-amber-color\">1,800\u20133,500 brochetas por hora<\/mark><\/strong>, mejora significativamente la eficiencia del procesamiento y reduce los costos laborales. Alimentada por un motor de 25W, la m\u00e1quina funciona de manera estable y es adecuada para uso comercial continuo. Soporta longitudes de brocheta de <strong><mark class=\"has-inline-color has-luminous-vivid-amber-color\">6\u201345 cm<\/mark><\/strong>, lo que la hace flexible para diferentes tama\u00f1os de productos.<\/p>    <figure class=\"wp-block-gallery has-nested-images columns-default is-cropped wp-block-gallery-2 is-layout-flex wp-block-gallery-is-layout-flex\"> <figure class=\"wp-block-image size-large\"><img loading=\"lazy\" decoding=\"async\" width=\"720\" height=\"540\" data-id=\"34746\" src=\"https:\/\/www.meatprocessingmachine.org\/wp-content\/uploads\/2021\/09\/Grilled-Meat.webp\" alt=\"Carne a la parrilla\" class=\"wp-image-34746\" title=\"\" srcset=\"https:\/\/www.meatprocessingmachine.org\/wp-content\/uploads\/2021\/09\/Grilled-Meat.webp 720w, https:\/\/www.meatprocessingmachine.org\/wp-content\/uploads\/2021\/09\/Grilled-Meat-300x225.webp 300w, https:\/\/www.meatprocessingmachine.org\/wp-content\/uploads\/2021\/09\/Grilled-Meat-16x12.webp 16w\" sizes=\"auto, (max-width: 720px) 100vw, 720px\" \/><figcaption class=\"wp-element-caption\">Carne a la parrilla<\/figcaption><\/figure>    <figure class=\"wp-block-image size-large\"><img loading=\"lazy\" decoding=\"async\" width=\"720\" height=\"540\" data-id=\"34747\" src=\"https:\/\/www.meatprocessingmachine.org\/wp-content\/uploads\/2021\/09\/Grilled-Vegetables.webp\" alt=\"Verduras a la parrilla\" class=\"wp-image-34747\" title=\"\" srcset=\"https:\/\/www.meatprocessingmachine.org\/wp-content\/uploads\/2021\/09\/Grilled-Vegetables.webp 720w, https:\/\/www.meatprocessingmachine.org\/wp-content\/uploads\/2021\/09\/Grilled-Vegetables-300x225.webp 300w, https:\/\/www.meatprocessingmachine.org\/wp-content\/uploads\/2021\/09\/Grilled-Vegetables-16x12.webp 16w\" sizes=\"auto, (max-width: 720px) 100vw, 720px\" \/><figcaption class=\"wp-element-caption\">Verduras a la parrilla<\/figcaption><\/figure> <\/figure>    <p>De estructura compacta y peso de 160 kg, esta m\u00e1quina es f\u00e1cil de operar, ahorra espacio y es ideal para f\u00e1bricas de alimentos, cocinas centrales y negocios de procesamiento de brochetas. Garantiza un ensartado uniforme, apariencia consistente del producto y mayor productividad.<\/p>    <figure class=\"wp-block-embed is-type-video is-provider-youtube wp-block-embed-youtube wp-embed-aspect-16-9 wp-has-aspect-ratio\"><div class=\"wp-block-embed__wrapper\"> <iframe loading=\"lazy\" title=\"M\u00e1quina autom\u00e1tica de brochetas de carne para barbacoa | 3.500 brochetas por hora, alta eficiencia, m\u00e1quina de kebabs \ud83d\udd25\" width=\"500\" height=\"281\" src=\"https:\/\/www.youtube.com\/embed\/VY0mMTyTBhg?feature=oembed\" frameborder=\"0\" allow=\"accelerometer; autoplay; clipboard-write; encrypted-media; gyroscope; picture-in-picture; web-share\" referrerpolicy=\"strict-origin-when-cross-origin\" allowfullscreen><\/iframe> <\/div><\/figure>    <h2 class=\"wp-block-heading\">\u00bfPor qu\u00e9 usar una m\u00e1quina de brochetas de carne para barbacoa?<\/h2>    <p>\u00bfPor qu\u00e9 usar una m\u00e1quina de brochetas de carne? Tambi\u00e9n puede ensartar a mano. Sin embargo, la experiencia a largo plazo nos dice que ensartar es un dolor de cabeza en el proceso de procesamiento de alimentos. Lo primero es el problema de velocidad. Algunas fibras de carne est\u00e1n relativamente juntas, y es dif\u00edcil penetrar con palillos de bamb\u00fa, lo que resulta en una velocidad m\u00e1s lenta. <\/p>    <p>Adem\u00e1s, tambi\u00e9n hay un problema de higiene. Debido a que las brochetas hechas a mano est\u00e1n en contacto cercano con la carne, ser\u00e1 muy poco higi\u00e9nico.<\/p>    <p>Lo m\u00e1s importante es la seguridad. Todos sabemos que la carne tiene una vida \u00fatil. Si se deja al aire libre a temperatura ambiente durante mucho tiempo, la carne se deteriorar\u00e1, especialmente en verano. La m\u00e1quina de ensartar es altamente eficiente, limpia e higi\u00e9nica, ayudando a resolver una serie de problemas en el proceso de producci\u00f3n.<\/p>   <div class=\"wp-block-image\"> <figure class=\"aligncenter size-full\"><img loading=\"lazy\" decoding=\"async\" width=\"720\" height=\"540\" src=\"https:\/\/www.meatprocessingmachine.org\/wp-content\/uploads\/2021\/09\/Large-Kebab-Making-Machine.webp\" alt=\"Gran m\u00e1quina para hacer kebabs\" class=\"wp-image-34741\" title=\"\" srcset=\"https:\/\/www.meatprocessingmachine.org\/wp-content\/uploads\/2021\/09\/Large-Kebab-Making-Machine.webp 720w, https:\/\/www.meatprocessingmachine.org\/wp-content\/uploads\/2021\/09\/Large-Kebab-Making-Machine-300x225.webp 300w, https:\/\/www.meatprocessingmachine.org\/wp-content\/uploads\/2021\/09\/Large-Kebab-Making-Machine-16x12.webp 16w\" sizes=\"auto, (max-width: 720px) 100vw, 720px\" \/><figcaption class=\"wp-element-caption\">Gran m\u00e1quina para hacer kebabs<\/figcaption><\/figure> <\/div>   <h2 class=\"wp-block-heading\">Ingredientes adecuados para la m\u00e1quina de brochetas de carne para barbacoa<\/h2>    <ul class=\"wp-block-list\"> <li><strong>Carnes:<\/strong> res, cordero, cerdo, pollo, pato y m\u00e1s<\/li>    <li><strong>Mariscos:<\/strong> trozos de pescado, camarones, calamares, vieiras, etc.<\/li>    <li><strong>Verduras:<\/strong> pimientos, cebollas, champi\u00f1ones, berenjenas, segmentos de ma\u00edz, etc.<\/li>    <li><strong>Otros art\u00edculos:<\/strong> tofu, salchichas, tortitas de arroz y m\u00e1s<\/li> <\/ul>    <p>Esta m\u00e1quina puede ensartar de manera uniforme diversos ingredientes, asegurando kebabs uniformes y atractivos, adecuados para barbacoa, catering y procesamiento de alimentos.<\/p>    <figure class=\"wp-block-gallery has-nested-images columns-default is-cropped wp-block-gallery-3 is-layout-flex wp-block-gallery-is-layout-flex\"> <figure class=\"wp-block-image size-large\"><img loading=\"lazy\" decoding=\"async\" width=\"720\" height=\"540\" data-id=\"34651\" src=\"https:\/\/www.meatprocessingmachine.org\/wp-content\/uploads\/2026\/02\/Fresh-Meat.webp\" alt=\"Carne fresca\" class=\"wp-image-34651\" title=\"\" srcset=\"https:\/\/www.meatprocessingmachine.org\/wp-content\/uploads\/2026\/02\/Fresh-Meat.webp 720w, https:\/\/www.meatprocessingmachine.org\/wp-content\/uploads\/2026\/02\/Fresh-Meat-300x225.webp 300w, https:\/\/www.meatprocessingmachine.org\/wp-content\/uploads\/2026\/02\/Fresh-Meat-16x12.webp 16w\" sizes=\"auto, (max-width: 720px) 100vw, 720px\" \/><figcaption class=\"wp-element-caption\">Carne fresca<\/figcaption><\/figure>    <figure class=\"wp-block-image size-large\"><img loading=\"lazy\" decoding=\"async\" width=\"720\" height=\"540\" data-id=\"34532\" src=\"https:\/\/www.meatprocessingmachine.org\/wp-content\/uploads\/2025\/12\/Back-cut-fish.webp\" alt=\"Corte por la espalda del pescado\" class=\"wp-image-34532\" title=\"\" srcset=\"https:\/\/www.meatprocessingmachine.org\/wp-content\/uploads\/2025\/12\/Back-cut-fish.webp 720w, https:\/\/www.meatprocessingmachine.org\/wp-content\/uploads\/2025\/12\/Back-cut-fish-300x225.webp 300w, https:\/\/www.meatprocessingmachine.org\/wp-content\/uploads\/2025\/12\/Back-cut-fish-16x12.webp 16w\" sizes=\"auto, (max-width: 720px) 100vw, 720px\" \/><figcaption class=\"wp-element-caption\">Pescado cortado por la espalda<\/figcaption><\/figure>    <figure class=\"wp-block-image size-large\"><img loading=\"lazy\" decoding=\"async\" width=\"720\" height=\"540\" data-id=\"34725\" src=\"https:\/\/www.meatprocessingmachine.org\/wp-content\/uploads\/2026\/02\/Potato-Slices.webp\" alt=\"Rebanadas de patata\" class=\"wp-image-34725\" title=\"\" srcset=\"https:\/\/www.meatprocessingmachine.org\/wp-content\/uploads\/2026\/02\/Potato-Slices.webp 720w, https:\/\/www.meatprocessingmachine.org\/wp-content\/uploads\/2026\/02\/Potato-Slices-300x225.webp 300w, https:\/\/www.meatprocessingmachine.org\/wp-content\/uploads\/2026\/02\/Potato-Slices-16x12.webp 16w\" sizes=\"auto, (max-width: 720px) 100vw, 720px\" \/><figcaption class=\"wp-element-caption\">Rebanadas de patata<\/figcaption><\/figure> <\/figure>    <h2 class=\"wp-block-heading\">Ventajas de la m\u00e1quina de ensartar carne para barbacoa<\/h2>    <div class=\"wp-block-columns is-layout-flex wp-container-core-columns-is-layout-9d6595d7 wp-block-columns-is-layout-flex\"> <div class=\"wp-block-column is-layout-flow wp-block-column-is-layout-flow\"> <p class=\"has-text-align-center translation-block\"><strong><mark class=\"has-inline-color has-luminous-vivid-amber-color\">Alta productividad y operaci\u00f3n continua<\/mark><\/strong><\/p>    <p>Produce de 1,800 a 3,500 brochetas por hora, ideal para grandes restaurantes y f\u00e1bricas de procesamiento de alimentos.<\/p> <\/div>    <div class=\"wp-block-column is-layout-flow wp-block-column-is-layout-flow\"> <p class=\"has-text-align-center translation-block\"><strong><mark class=\"has-inline-color has-luminous-vivid-amber-color\">Seguro e Higi\u00e9nico<\/mark><\/strong><\/p>    <p>Las partes en contacto con los alimentos est\u00e1n hechas de material PE, cumplen con las normas de seguridad alimentaria y son f\u00e1ciles de limpiar.<\/p> <\/div> <\/div>    <div class=\"wp-block-columns is-layout-flex wp-container-core-columns-is-layout-9d6595d7 wp-block-columns-is-layout-flex\"> <div class=\"wp-block-column is-layout-flow wp-block-column-is-layout-flow\"> <p class=\"has-text-align-center translation-block\"><strong><mark class=\"has-inline-color has-luminous-vivid-amber-color\">Ingredientes vers\u00e1tiles<\/mark><\/strong><\/p>    <p>Adecuado para carne de res, pollo, cordero, pescado, camarones, verduras y m\u00e1s; longitud de la brocheta ajustable de 6 a 45 cm.<\/p> <\/div>    <div class=\"wp-block-column is-layout-flow wp-block-column-is-layout-flow\"> <p class=\"has-text-align-center translation-block\"><strong><mark class=\"has-inline-color has-luminous-vivid-amber-color\">Ahorro en costos laborales<\/mark><\/strong><\/p>    <p>La operaci\u00f3n automatizada reduce la mano de obra manual, aumenta la eficiencia y disminuye los costos operativos.<\/p> <\/div> <\/div>    <div class=\"wp-block-columns is-layout-flex wp-container-core-columns-is-layout-9d6595d7 wp-block-columns-is-layout-flex\"> <div class=\"wp-block-column is-layout-flow wp-block-column-is-layout-flow\"> <p class=\"has-text-align-center translation-block\"><strong><mark class=\"has-inline-color has-luminous-vivid-amber-color\">Dise\u00f1o compacto<\/mark><\/strong><\/p>    <p>Dimensiones de 200x200x110cm y peso de 160 kg, ahorra espacio y permite una operaci\u00f3n sencilla.<\/p> <\/div>    <div class=\"wp-block-column is-layout-flow wp-block-column-is-layout-flow\"> <p class=\"has-text-align-center translation-block\"><strong><mark class=\"has-inline-color has-luminous-vivid-amber-color\">Incrementa la rentabilidad<\/mark><\/strong><\/p>    <p>Alta eficiencia, bajo costo y rendimiento estable maximizan las ganancias para procesadores de alimentos y restaurantes.<\/p> <\/div> <\/div>   <div class=\"wp-block-image\"> <figure class=\"aligncenter size-full\"><img loading=\"lazy\" decoding=\"async\" width=\"720\" height=\"540\" src=\"https:\/\/www.meatprocessingmachine.org\/wp-content\/uploads\/2021\/09\/Automatic-BBQ-Meat-Skewer-Machine-for-sale.webp\" alt=\"M\u00e1quina autom\u00e1tica de brochetas de carne para barbacoa en venta\" class=\"wp-image-34738\" title=\"\" srcset=\"https:\/\/www.meatprocessingmachine.org\/wp-content\/uploads\/2021\/09\/Automatic-BBQ-Meat-Skewer-Machine-for-sale.webp 720w, https:\/\/www.meatprocessingmachine.org\/wp-content\/uploads\/2021\/09\/Automatic-BBQ-Meat-Skewer-Machine-for-sale-300x225.webp 300w, https:\/\/www.meatprocessingmachine.org\/wp-content\/uploads\/2021\/09\/Automatic-BBQ-Meat-Skewer-Machine-for-sale-16x12.webp 16w\" sizes=\"auto, (max-width: 720px) 100vw, 720px\" \/><figcaption class=\"wp-element-caption\">M\u00e1quina autom\u00e1tica de brochetas de carne para barbacoa en venta<\/figcaption><\/figure> <\/div>   <h2 class=\"wp-block-heading\">Par\u00e1metros t\u00e9cnicos de la m\u00e1quina de brochetas de carne para barbacoa<\/h2>    <figure class=\"wp-block-table\"><table><tbody><tr><td>Modelo<\/td><td>TZ-3500<\/td><\/tr><tr><td>Voltaje<\/td><td>AC110V~220V\/50~60 HZ<\/td><\/tr><tr><td>Poder<\/td><td>25W<\/td><\/tr><tr><td>Capacidad<\/td><td>1800-3500 brochetas\/h<\/td><\/tr><tr><td>presi\u00f3n del compresor de aire<\/td><td>0.6mpa<\/td><\/tr><tr><td>Longitud de la etiqueta<\/td><td>6~45cm<\/td><\/tr><tr><td>Di\u00e1metro de la etiqueta<\/td><td>2~5mm<\/td><\/tr><tr><td>Se\u00f1ales<\/td><td>brochetas de madera, brochetas de bamb\u00fa, taladros de acero<\/td><\/tr><tr><td>Peso neto<\/td><td>160KG<\/td><\/tr><tr><td>Tama\u00f1o<\/td><td>200x200x110cm<\/td><\/tr><\/tbody><\/table><figcaption class=\"wp-element-caption\">m\u00e1quina autom\u00e1tica de pinchos en oferta<\/figcaption><\/figure>   <div class=\"wp-block-image\"> <figure class=\"aligncenter size-full\"><img loading=\"lazy\" decoding=\"async\" width=\"720\" height=\"540\" src=\"https:\/\/www.meatprocessingmachine.org\/wp-content\/uploads\/2021\/09\/Meat-Skewering-Machine.webp\" alt=\"M\u00e1quina de ensartar carne\" class=\"wp-image-34743\" title=\"\" srcset=\"https:\/\/www.meatprocessingmachine.org\/wp-content\/uploads\/2021\/09\/Meat-Skewering-Machine.webp 720w, https:\/\/www.meatprocessingmachine.org\/wp-content\/uploads\/2021\/09\/Meat-Skewering-Machine-300x225.webp 300w, https:\/\/www.meatprocessingmachine.org\/wp-content\/uploads\/2021\/09\/Meat-Skewering-Machine-16x12.webp 16w\" sizes=\"auto, (max-width: 720px) 100vw, 720px\" \/><figcaption class=\"wp-element-caption\">M\u00e1quina de ensartar carne<\/figcaption><\/figure> <\/div>   <p>La tabla anterior muestra los datos t\u00e9cnicos de una de nuestras m\u00e1quinas autom\u00e1ticas de brochetas m\u00e1s vendidas. Esta m\u00e1quina puede ensartar de 1800 a 3500 brochetas en una hora. Tanto que cumple con las necesidades de producci\u00f3n de la mayor\u00eda de los clientes.<\/p>    <p>Una vez m\u00e1s, tenemos otras m\u00e1quinas de capacidad de producci\u00f3n a la venta. Puedes ensartar carne con brochetas de madera, bamb\u00fa y acero inoxidable. Si est\u00e1s interesado en esta m\u00e1quina, no dudes en contactarnos a trav\u00e9s de la ventana emergente en la esquina inferior derecha.<\/p>   <div class=\"wp-block-image\"> <figure class=\"aligncenter size-full\"><img loading=\"lazy\" decoding=\"async\" width=\"720\" height=\"540\" src=\"https:\/\/www.meatprocessingmachine.org\/wp-content\/uploads\/2021\/09\/Best-Automatic-Meat-Skewer-Machine.webp\" alt=\"Mejor m\u00e1quina autom\u00e1tica de brochetas de carne\" class=\"wp-image-34740\" title=\"\" srcset=\"https:\/\/www.meatprocessingmachine.org\/wp-content\/uploads\/2021\/09\/Best-Automatic-Meat-Skewer-Machine.webp 720w, https:\/\/www.meatprocessingmachine.org\/wp-content\/uploads\/2021\/09\/Best-Automatic-Meat-Skewer-Machine-300x225.webp 300w, https:\/\/www.meatprocessingmachine.org\/wp-content\/uploads\/2021\/09\/Best-Automatic-Meat-Skewer-Machine-16x12.webp 16w\" sizes=\"auto, (max-width: 720px) 100vw, 720px\" \/><figcaption class=\"wp-element-caption\">Mejor m\u00e1quina autom\u00e1tica de brochetas de carne<\/figcaption><\/figure> <\/div>   <h2 class=\"wp-block-heading\">Preparaci\u00f3n de materia prima<\/h2>    <p class=\"translation-block\">Antes de usar la m\u00e1quina de brochetas de carne para barbacoa, se realizar\u00e1 una selecci\u00f3n previa, como cortar la carne en piezas adecuadas. Si la producci\u00f3n es relativamente grande, puede procesarse con un <strong><a href=\"https:\/\/www.meatprocessingmachine.org\/es\/fresh-meat-strip-cutting-machine.html\/\">cortador de tiras de carne fresca<\/a> <\/strong> para formar una cadena de producci\u00f3n completa.<\/p>   <div class=\"wp-block-image\"> <figure class=\"aligncenter size-full\"><img loading=\"lazy\" decoding=\"async\" width=\"720\" height=\"540\" src=\"https:\/\/www.meatprocessingmachine.org\/wp-content\/uploads\/2026\/02\/Fresh-Strip-Meat-Cutting-Machine.webp\" alt=\"Cortadora de tiras de carne fresca\" class=\"wp-image-34719\" title=\"\" srcset=\"https:\/\/www.meatprocessingmachine.org\/wp-content\/uploads\/2026\/02\/Fresh-Strip-Meat-Cutting-Machine.webp 720w, https:\/\/www.meatprocessingmachine.org\/wp-content\/uploads\/2026\/02\/Fresh-Strip-Meat-Cutting-Machine-300x225.webp 300w, https:\/\/www.meatprocessingmachine.org\/wp-content\/uploads\/2026\/02\/Fresh-Strip-Meat-Cutting-Machine-16x12.webp 16w\" sizes=\"auto, (max-width: 720px) 100vw, 720px\" \/><figcaption class=\"wp-element-caption\">Cortadora de tiras de carne fresca<\/figcaption><\/figure> <\/div>   <h2 class=\"wp-block-heading\">\u00bfPor qu\u00e9 elegir Taizy?<\/h2>    <p class=\"translation-block\"><strong>Certificaciones autorizadas, calidad confiable<\/strong><\/p>    <ul class=\"wp-block-list\"> <li>Certificado por <strong>ISO9001, CE, SGS y T\u00dcV<\/strong>, garantizando operaci\u00f3n segura, rendimiento estable y calidad confiable.<\/li> <\/ul>    <p class=\"translation-block\"><strong>Totalmente autom\u00e1tica y de alta eficiencia<\/strong><\/p>    <ul class=\"wp-block-list\"> <li>Alto nivel de automatizaci\u00f3n con gran capacidad de producci\u00f3n. Ahorra costos laborales y es ideal para producci\u00f3n en masa comercial.<\/li> <\/ul>    <p class=\"translation-block\"><strong>Material de grado alimenticio, higi\u00e9nico y seguro<\/strong><\/p>    <ul class=\"wp-block-list\"> <li>Fabricado en acero inoxidable de grado alimenticio. Resistente a la corrosi\u00f3n, f\u00e1cil de limpiar y cumple con las normas de procesamiento de alimentos.<\/li> <\/ul>    <p class=\"translation-block\"><strong>Aplicaci\u00f3n multifuncional<\/strong><\/p>    <ul class=\"wp-block-list\"> <li>Adecuado para procesamiento <strong>brochetas de cordero, pollo, carne de res, alb\u00f3ndigas, verduras<\/strong>, y m\u00e1s.<\/li> <\/ul>    <p class=\"translation-block\"><strong>Garant\u00eda completa y servicio postventa<\/strong><\/p>    <ul class=\"wp-block-list\"> <li>Garant\u00eda de un a\u00f1o para toda la m\u00e1quina. Manual de instalaci\u00f3n y soporte t\u00e9cnico remoto proporcionados. Ingenieros disponibles para instalaci\u00f3n y puesta en marcha en sitio si es necesario.<\/li> <\/ul>    <p class=\"translation-block\"><strong>F\u00e1cil de operar y rendimiento estable<\/strong><\/p>    <ul class=\"wp-block-list\"> <li>Dise\u00f1o f\u00e1cil de usar, baja tasa de fallos, operaci\u00f3n estable a largo plazo y mayor relaci\u00f3n calidad-precio.<\/li> <\/ul>   <div class=\"wp-block-image\"> <figure class=\"aligncenter size-full\"><img loading=\"lazy\" decoding=\"async\" width=\"720\" height=\"540\" src=\"https:\/\/www.meatprocessingmachine.org\/wp-content\/uploads\/2021\/09\/Meat-Skewer-Machine-Ready-for-Shipment.webp\" alt=\"M\u00e1quina de brochetas de carne lista para env\u00edo\" class=\"wp-image-34742\" title=\"\" srcset=\"https:\/\/www.meatprocessingmachine.org\/wp-content\/uploads\/2021\/09\/Meat-Skewer-Machine-Ready-for-Shipment.webp 720w, https:\/\/www.meatprocessingmachine.org\/wp-content\/uploads\/2021\/09\/Meat-Skewer-Machine-Ready-for-Shipment-300x225.webp 300w, https:\/\/www.meatprocessingmachine.org\/wp-content\/uploads\/2021\/09\/Meat-Skewer-Machine-Ready-for-Shipment-16x12.webp 16w\" sizes=\"auto, (max-width: 720px) 100vw, 720px\" \/><figcaption class=\"wp-element-caption\">M\u00e1quina de brochetas de carne lista para env\u00edo<\/figcaption><\/figure> <\/div>   <h2 class=\"wp-block-heading\" id=\"h-faq\">Preguntas frecuentes<\/h2>   <div id=\"rank-math-faq\" class=\"rank-math-block\"> <div class=\"rank-math-list\"> <div id=\"faq-question-1704435305934\" class=\"rank-math-list-item\"> <h3 class=\"rank-math-question\">\u00bfCu\u00e1l es el rango de temperatura del material crudo?<\/h3> <div class=\"rank-math-answer\">  <p>La carne fresca o la carne ligeramente congelada pueden estar dentro de -10\u2103<\/p>  <\/div> <\/div> <div id=\"faq-question-1704435311249\" class=\"rank-math-list-item\"> <h3 class=\"rank-math-question\">\u00bfLa m\u00e1quina de pinchos de carne para barbacoa necesita un compresor de aire?<\/h3> <div class=\"rank-math-answer\">  <p>necesidad<\/p>  <\/div> <\/div> <div id=\"faq-question-1704435321038\" class=\"rank-math-list-item\"> <h3 class=\"rank-math-question\">\u00bfEst\u00e1 bien usar alb\u00f3ndigas y salchichas?<\/h3> <div class=\"rank-math-answer\">  <p>S\u00ed, tambi\u00e9n puedes usar algunas verduras<\/p>  <\/div> <\/div> <\/div> <\/div>","protected":false},"excerpt":{"rendered":"<p>La m\u00e1quina de pinchos de carne para barbacoa puede ensartar autom\u00e1ticamente. El modelo de m\u00e1quina de pinchos autom\u00e1tica TZ-2000 puede ensartar hasta 2000 pinchos en 1 hora.<\/p>","protected":false},"author":1,"featured_media":34750,"parent":0,"template":"","product-type":[582,583,584,598],"class_list":["post-2138","product","type-product","status-publish","has-post-thumbnail","hentry","product-type-cattle-sheep","product-type-chicken-turkey","product-type-fish","product-type-supporting-auxiliary-equipment"],"_links":{"self":[{"href":"https:\/\/www.meatprocessingmachine.org\/es\/wp-json\/wp\/v2\/product\/2138","targetHints":{"allow":["GET"]}}],"collection":[{"href":"https:\/\/www.meatprocessingmachine.org\/es\/wp-json\/wp\/v2\/product"}],"about":[{"href":"https:\/\/www.meatprocessingmachine.org\/es\/wp-json\/wp\/v2\/types\/product"}],"author":[{"embeddable":true,"href":"https:\/\/www.meatprocessingmachine.org\/es\/wp-json\/wp\/v2\/users\/1"}],"wp:featuredmedia":[{"embeddable":true,"href":"https:\/\/www.meatprocessingmachine.org\/es\/wp-json\/wp\/v2\/media\/34750"}],"wp:attachment":[{"href":"https:\/\/www.meatprocessingmachine.org\/es\/wp-json\/wp\/v2\/media?parent=2138"}],"wp:term":[{"taxonomy":"product-type","embeddable":true,"href":"https:\/\/www.meatprocessingmachine.org\/es\/wp-json\/wp\/v2\/product-type?post=2138"}],"curies":[{"name":"wp","href":"https:\/\/api.w.org\/{rel}","templated":true}]}}