{"id":2220,"date":"2021-10-20T17:09:40","date_gmt":"2021-10-20T09:09:40","guid":{"rendered":"https:\/\/www.meatprocessingmachine.org\/?p=2220"},"modified":"2026-02-12T15:59:36","modified_gmt":"2026-02-12T07:59:36","slug":"frozen-meat-block-crushing-and-grinder-line","status":"publish","type":"product","link":"https:\/\/www.meatprocessingmachine.org\/es\/frozen-meat-block-crushing-and-grinder-line.html","title":{"rendered":"L\u00ednea comercial de trituraci\u00f3n y molienda de bloques de carne congelada en venta"},"content":{"rendered":"<div class=\"kk-star-ratings kksr-auto kksr-align-right kksr-valign-top\"     data-payload='{&quot;align&quot;:&quot;right&quot;,&quot;id&quot;:&quot;2220&quot;,&quot;slug&quot;:&quot;default&quot;,&quot;valign&quot;:&quot;top&quot;,&quot;ignore&quot;:&quot;&quot;,&quot;reference&quot;:&quot;auto&quot;,&quot;class&quot;:&quot;&quot;,&quot;count&quot;:&quot;0&quot;,&quot;legendonly&quot;:&quot;&quot;,&quot;readonly&quot;:&quot;&quot;,&quot;score&quot;:&quot;0&quot;,&quot;starsonly&quot;:&quot;&quot;,&quot;best&quot;:&quot;5&quot;,&quot;gap&quot;:&quot;5&quot;,&quot;greet&quot;:&quot;Rate this product&quot;,&quot;legend&quot;:&quot;0\\\/5 - (0 votos)&quot;,&quot;size&quot;:&quot;24&quot;,&quot;title&quot;:&quot;Commercial frozen meat block crushing and grinder line for sale&quot;,&quot;width&quot;:&quot;0&quot;,&quot;_legend&quot;:&quot;{score}\\\/{best} - ({count} {votes})&quot;,&quot;font_factor&quot;:&quot;1.25&quot;}'>              <div class=\"kksr-stars\">      <div class=\"kksr-stars-inactive\">             <div class=\"kksr-star\" data-star=\"1\" style=\"padding-right: 5px\">               <div class=\"kksr-icon\" style=\"width: 24px; height: 24px;\"><\/div>         <\/div>             <div class=\"kksr-star\" data-star=\"2\" style=\"padding-right: 5px\">               <div class=\"kksr-icon\" style=\"width: 24px; height: 24px;\"><\/div>         <\/div>             <div class=\"kksr-star\" data-star=\"3\" style=\"padding-right: 5px\">               <div class=\"kksr-icon\" style=\"width: 24px; height: 24px;\"><\/div>         <\/div>             <div class=\"kksr-star\" data-star=\"4\" style=\"padding-right: 5px\">               <div class=\"kksr-icon\" style=\"width: 24px; height: 24px;\"><\/div>         <\/div>             <div class=\"kksr-star\" data-star=\"5\" style=\"padding-right: 5px\">               <div class=\"kksr-icon\" style=\"width: 24px; height: 24px;\"><\/div>         <\/div>     <\/div>      <div class=\"kksr-stars-active\" style=\"width: 0px;\">             <div class=\"kksr-star\" style=\"padding-right: 5px\">               <div class=\"kksr-icon\" style=\"width: 24px; height: 24px;\"><\/div>         <\/div>             <div class=\"kksr-star\" style=\"padding-right: 5px\">               <div class=\"kksr-icon\" style=\"width: 24px; height: 24px;\"><\/div>         <\/div>             <div class=\"kksr-star\" style=\"padding-right: 5px\">               <div class=\"kksr-icon\" style=\"width: 24px; height: 24px;\"><\/div>         <\/div>             <div class=\"kksr-star\" style=\"padding-right: 5px\">               <div class=\"kksr-icon\" style=\"width: 24px; height: 24px;\"><\/div>         <\/div>             <div class=\"kksr-star\" style=\"padding-right: 5px\">               <div class=\"kksr-icon\" style=\"width: 24px; height: 24px;\"><\/div>         <\/div>     <\/div> <\/div>                   <div class=\"kksr-legend\" style=\"font-size: 19.2px;\">             <span class=\"kksr-muted\">Califique este producto<\/span>     <\/div>     <\/div>  <p class=\"translation-block\">La <strong>l\u00ednea de trituraci\u00f3n y picadora de bloques de carne congelada<\/strong> es un proceso que puede triturar primero grandes trozos de carne congelada y luego molerla hasta obtener una pasta. Una <a href=\"https:\/\/www.meatprocessingmachine.org\/es\/products\/meat-grinding-machine\/\" data-type=\"URL\" data-id=\"https:\/\/www.meatprocessingmachine.org\/products\/meat-grinding-machine\/\">picadora de carne<\/a> es una m\u00e1quina necesaria para la producci\u00f3n de procesamiento de alimentos c\u00e1rnicos, y la m\u00e1quina puede procesarse despu\u00e9s del procesamiento. Producci\u00f3n de alb\u00f3ndigas, hamburguesas de salchicha y otros productos.<\/p>    <h2 class=\"wp-block-heading\" id=\"h-the-composition-of-the-frozen-meat-block-crushing-and-grinder-line\">La composici\u00f3n de la l\u00ednea de trituraci\u00f3n y molienda de bloques de carne congelada<\/h2>    <figure class=\"wp-block-image size-full\"><img loading=\"lazy\" decoding=\"async\" width=\"720\" height=\"540\" src=\"https:\/\/www.meatprocessingmachine.org\/wp-content\/uploads\/2021\/10\/frozen-meat-block-crushing-and-grinder-line.webp\" alt=\"l\u00ednea de trituraci\u00f3n y molienda de bloques de carne congelada\" class=\"wp-image-34125\" title=\"\" srcset=\"https:\/\/www.meatprocessingmachine.org\/wp-content\/uploads\/2021\/10\/frozen-meat-block-crushing-and-grinder-line.webp 720w, https:\/\/www.meatprocessingmachine.org\/wp-content\/uploads\/2021\/10\/frozen-meat-block-crushing-and-grinder-line-300x225.webp 300w\" sizes=\"auto, (max-width: 720px) 100vw, 720px\" \/><figcaption class=\"wp-element-caption\">L\u00ednea de trituraci\u00f3n y molienda de bloques de carne congelada<\/figcaption><\/figure>    <p class=\"translation-block\">La l\u00ednea de producci\u00f3n de pur\u00e9 de carne se divide en tres partes. La primera es la <a href=\"https:\/\/www.meatprocessingmachine.org\/es\/frozen-meat-cutting-machine.html\/\" data-type=\"URL\" data-id=\"https:\/\/www.meatprocessingmachine.org\/frozen-meat-cutting-machine.html\">trituradora de carne congelada<\/a>. Los grandes trozos de carne congelada se trituran primero, luego se conectan mediante un elevador y, finalmente, se procesan en una picadora de carne.<\/p>    <h2 class=\"wp-block-heading\">cortadora de bloque de carne congelada<\/h2>   <div class=\"wp-block-image\"> <figure class=\"aligncenter\"><img loading=\"lazy\" decoding=\"async\" width=\"720\" height=\"540\" src=\"https:\/\/www.meatprocessingmachine.org\/wp-content\/uploads\/2021\/10\/Frozen-meat-blocker-cutter.jpg\" alt=\"Cortador de bloque de carne congelada\" class=\"wp-image-2231\" title=\"\" srcset=\"https:\/\/www.meatprocessingmachine.org\/wp-content\/uploads\/2021\/10\/Frozen-meat-blocker-cutter.jpg 720w, https:\/\/www.meatprocessingmachine.org\/wp-content\/uploads\/2021\/10\/Frozen-meat-blocker-cutter-300x225.jpg 300w\" sizes=\"auto, (max-width: 720px) 100vw, 720px\" \/><figcaption class=\"wp-element-caption\">cortadora de bloque de carne congelada<\/figcaption><\/figure> <\/div>   <p class=\"translation-block\">Una trituradora de carne congelada es una m\u00e1quina que puede cortar carne congelada deshuesada en trozos o rebanadas. El rango de temperatura de la carne procesada por la m\u00e1quina es de -18 \u2103 a -24 \u2103. La m\u00e1quina tiene cuchillas muy afiladas y la dureza de las cuchillas es muy alta. , Para proteger la m\u00e1quina de da\u00f1os al procesar grandes trozos de carne congelada. Al comprar una m\u00e1quina, debemos confirmar el tama\u00f1o del bloque de carne congelada con el cliente. Generalmente, el tama\u00f1o del bloque de carne que la m\u00e1quina puede manejar es de 780 mm * 510 mm * 180 mm, pero tambi\u00e9n se puede personalizar seg\u00fan el tama\u00f1o de la carne congelada solicitada por el cliente. <\/p>   <div class=\"wp-block-image\"> <figure class=\"aligncenter size-full\"><img loading=\"lazy\" decoding=\"async\" width=\"720\" height=\"540\" src=\"https:\/\/www.meatprocessingmachine.org\/wp-content\/uploads\/2021\/10\/Meat-Shredder-Test.png\" alt=\"Prueba de desmenuzadora de carne\" class=\"wp-image-32725\" title=\"\" srcset=\"https:\/\/www.meatprocessingmachine.org\/wp-content\/uploads\/2021\/10\/Meat-Shredder-Test.png 720w, https:\/\/www.meatprocessingmachine.org\/wp-content\/uploads\/2021\/10\/Meat-Shredder-Test-300x225.png 300w\" sizes=\"auto, (max-width: 720px) 100vw, 720px\" \/><figcaption class=\"wp-element-caption\">Prueba de desmenuzadora de carne<\/figcaption><\/figure> <\/div>   <p>El principio de funcionamiento de la m\u00e1quina es que la m\u00e1quina empuja la carne congelada hacia adelante a trav\u00e9s del cilindro en la parte posterior, y luego pasa a trav\u00e9s de la cuchilla de alta velocidad, y toda la pieza de carne congelada puede ser descompuesta. La eficiencia de trabajo de la trituradora de carne congelada es muy alta y puede alcanzar de 3 a 5 toneladas por hora. La picadora de carne congelada est\u00e1 hecha de acero inoxidable 304, lo que permite su uso durante mucho tiempo y es muy resistente.<br><\/p>    <h3 class=\"wp-block-heading\">Par\u00e1metros de la trituradora de carne congelada<\/h3>    <p>Voltaje: 380V<br>Potencia: 5.5kw<br>Productividad: 3-5 toneladas\/hora<br>Peso: 600kg<br>Tama\u00f1o del cuerpo: 1750\u00d7945\u00d71220 mm<\/p>    <h2 class=\"wp-block-heading\">Elevador de escamas de bloques congelados<\/h2>   <div class=\"wp-block-image\"> <figure class=\"aligncenter\"><img loading=\"lazy\" decoding=\"async\" width=\"720\" height=\"540\" src=\"https:\/\/www.meatprocessingmachine.org\/wp-content\/uploads\/2021\/10\/hoist.jpg\" alt=\"\" class=\"wp-image-2232\" title=\"\" srcset=\"https:\/\/www.meatprocessingmachine.org\/wp-content\/uploads\/2021\/10\/hoist.jpg 720w, https:\/\/www.meatprocessingmachine.org\/wp-content\/uploads\/2021\/10\/hoist-300x225.jpg 300w\" sizes=\"auto, (max-width: 720px) 100vw, 720px\" \/><figcaption class=\"wp-element-caption\">elevador<\/figcaption><\/figure> <\/div>   <p>El elevador est\u00e1 dise\u00f1ado para conectar la trituradora de carne congelada y el molino de carne, lo que puede realizar mejor la automatizaci\u00f3n, ahorrar mano de obra y permitir la alimentaci\u00f3n autom\u00e1tica del molino de carne. La altura y la inclinaci\u00f3n del elevador se pueden personalizar seg\u00fan las caracter\u00edsticas del sitio de producci\u00f3n, con el objetivo de facilitar la alimentaci\u00f3n.<\/p>    <h2 class=\"wp-block-heading\">M\u00e1quina picadora de carne congelada<\/h2>   <div class=\"wp-block-image\"> <figure class=\"aligncenter size-full\"><img loading=\"lazy\" decoding=\"async\" width=\"720\" height=\"540\" src=\"https:\/\/www.meatprocessingmachine.org\/wp-content\/uploads\/2021\/10\/meat-grinder.png\" alt=\"moledora de carne\" class=\"wp-image-32723\" title=\"\" srcset=\"https:\/\/www.meatprocessingmachine.org\/wp-content\/uploads\/2021\/10\/meat-grinder.png 720w, https:\/\/www.meatprocessingmachine.org\/wp-content\/uploads\/2021\/10\/meat-grinder-300x225.png 300w\" sizes=\"auto, (max-width: 720px) 100vw, 720px\" \/><figcaption class=\"wp-element-caption\">moledora de carne<\/figcaption><\/figure> <\/div>   <p>Un picador de carne congelada es una m\u00e1quina que sigue al triturador de carne congelada. Despu\u00e9s de pasar por el picador de carne, las rebanadas de carne o peque\u00f1os trozos de carne pueden convertirse en pasta de carne, que es adecuada para hacer productos c\u00e1rnicos como salchichas y alb\u00f3ndigas. La salida del picador de carne congelada est\u00e1 compuesta por un cuchillo de pre-corte, una placa perforada y un reamer.<\/p>    <h3 class=\"wp-block-heading\">Par\u00e1metros de la picadora de carne congelada<\/h3>    <figure class=\"wp-block-table\"><table><tbody><tr><td><strong>modelo<\/strong><strong><\/strong><\/td><td><strong>Tama\u00f1o (mm)<\/strong><strong><\/strong><\/td><td><strong>potencia<\/strong><strong><\/strong><\/td><td><strong>capacidad<\/strong><strong><\/strong><\/td><\/tr><tr><td>&nbsp;SL-100<\/td><td>&nbsp;900*600*960<\/td><td>&nbsp;5.5kw<\/td><td>300-500kg<\/td><\/tr><tr><td>&nbsp;&nbsp;SL-120<\/td><td>&nbsp;1050*600*1100&nbsp;&nbsp;<\/td><td>&nbsp;7.5kw<\/td><td>500-800kg<\/td><\/tr><tr><td>&nbsp;SL-130&nbsp;&nbsp;<\/td><td>&nbsp;1280*700*1130<\/td><td>&nbsp;8KW<\/td><td>&nbsp;800-1300kg\/h<\/td><\/tr><\/tbody><\/table><\/figure>    <h2 class=\"wp-block-heading\">Precauciones de la l\u00ednea de trituraci\u00f3n y molienda de bloques de carne congelada<\/h2>    <p>(1) Antes de usar la nueva m\u00e1quina por primera vez, es necesario limpiar el eje del propulsor interno, el cuchillo de corte y el cuchillo de descarga para evitar que quede aceite industrial.<\/p>    <p>(2) Antes de encender, verifique si el voltaje de la fuente de alimentaci\u00f3n coincide con la placa de identificaci\u00f3n del dispositivo. La carcasa del dispositivo debe estar firmemente conectada a tierra. Se recomienda utilizar un protector de fuga para el interruptor de alimentaci\u00f3n.<\/p>    <p>(3) Antes de moler la carne, por favor corte la carne en trozos peque\u00f1os para evitar da\u00f1ar la m\u00e1quina.<\/p>    <p>(4) Encienda la potencia y a\u00f1ada carne despu\u00e9s de la operaci\u00f3n normal. Est\u00e1 estrictamente prohibido meter la mano en la tolva al a\u00f1adir carne, de lo contrario, puede causar lesiones.<\/p>    <p>(5) Las piezas de carne deben a\u00f1adirse de manera uniforme y no en exceso para no da\u00f1ar el motor. Si notas que el motor no est\u00e1 funcionando normalmente, debes cortar la energ\u00eda de inmediato y verificar la causa despu\u00e9s de detenerte. <\/p>    <p>(6) Apague la energ\u00eda despu\u00e9s de usar, desmonte la cabeza y l\u00edmpiela con agua limpia, s\u00e9quela o d\u00e9jela secar. Lo mejor es esperar a que el agua se seque y luego volver a montarla para lograr el mejor efecto de mantenimiento. Por favor, use las cuatro cuchillas despu\u00e9s de usar el cuchillo y limpie un poco de aceite comestible para el mantenimiento.<\/p>    <h2 class=\"wp-block-heading\">Ventajas de la l\u00ednea de trituraci\u00f3n y molienda de bloques de carne congelada<\/h2>    <p>Debido a los requisitos de transporte y almacenamiento de la carne, la carne general se congelar\u00e1 en un gran trozo de carne, que es muy duro, y los picadores de carne ordinarios no pueden dividir y picar directamente. Por lo tanto, el triturador de carne necesita ser avanzado y triturado antes de que pueda ser puesto en el picador de carne. Evitar descongelaciones m\u00faltiples, lo que causar\u00e1 la p\u00e9rdida de nutrientes en el sabor de la carne. La cuchilla de la m\u00e1quina es muy dura y puede manejar carne congelada a -18\u00b0C.<\/p>   <div class=\"wp-block-image\"> <figure class=\"aligncenter\"><img loading=\"lazy\" decoding=\"async\" width=\"720\" height=\"540\" src=\"https:\/\/www.meatprocessingmachine.org\/wp-content\/uploads\/2021\/10\/frozen-meat-block-crushing-and-grinder-line-application.jpg\" alt=\"aplicaci\u00f3n de l\u00ednea de trituraci\u00f3n y molienda de bloques de carne congelada \" class=\"wp-image-2235\" title=\"\" srcset=\"https:\/\/www.meatprocessingmachine.org\/wp-content\/uploads\/2021\/10\/frozen-meat-block-crushing-and-grinder-line-application.jpg 720w, https:\/\/www.meatprocessingmachine.org\/wp-content\/uploads\/2021\/10\/frozen-meat-block-crushing-and-grinder-line-application-300x225.jpg 300w\" sizes=\"auto, (max-width: 720px) 100vw, 720px\" \/><figcaption class=\"wp-element-caption\">aplicaci\u00f3n de l\u00ednea de trituraci\u00f3n y molienda de bloques de carne congelada<\/figcaption><\/figure> <\/div>   <p class=\"translation-block\">La <strong>l\u00ednea de trituraci\u00f3n y picadora de bloques de carne congelada<\/strong> es un proceso que puede triturar primero grandes trozos de carne congelada y luego molerla hasta obtener una pasta. Una picadora de carne es una m\u00e1quina necesaria para la producci\u00f3n de procesamiento de alimentos c\u00e1rnicos, y la m\u00e1quina puede procesarse despu\u00e9s del procesamiento. Producci\u00f3n de alb\u00f3ndigas, hamburguesas de salchicha y otros productos.<\/p>    <h2 class=\"wp-block-heading\">Video de la l\u00ednea de trituraci\u00f3n y molienda de bloques de carne congelada<\/h2>    <figure class=\"wp-block-embed is-type-video is-provider-youtube wp-block-embed-youtube wp-embed-aspect-16-9 wp-has-aspect-ratio\"><div class=\"wp-block-embed__wrapper\"> <iframe loading=\"lazy\" title=\"L\u00ednea comercial de trituraci\u00f3n y molienda de bloques de carne congelada en venta | escamadora de bloques de carne congelada\" width=\"500\" height=\"281\" src=\"https:\/\/www.youtube.com\/embed\/ZRYqmhxR3_g?start=16&#038;feature=oembed\" frameborder=\"0\" allow=\"accelerometer; autoplay; clipboard-write; encrypted-media; gyroscope; picture-in-picture; web-share\" referrerpolicy=\"strict-origin-when-cross-origin\" allowfullscreen><\/iframe> <\/div><figcaption class=\"wp-element-caption\">Video de la l\u00ednea de trituraci\u00f3n y molienda de bloques de carne congelada<\/figcaption><\/figure>    <p><\/p>","protected":false},"excerpt":{"rendered":"<p>Frozen meat block crushing and grinder line&nbsp;is a process that can crush large pieces of frozen meat first, and then grind it into the mash. A meat grinder is a necessary machine for the production of meat food processing, and the machine can be processed after processing. Production of meatballs, sausage patties, and other products. [&hellip;]<\/p>\n","protected":false},"author":1,"featured_media":2230,"parent":0,"template":"","product-type":[597],"class_list":["post-2220","product","type-product","status-publish","has-post-thumbnail","hentry","product-type-production-line"],"_links":{"self":[{"href":"https:\/\/www.meatprocessingmachine.org\/es\/wp-json\/wp\/v2\/product\/2220","targetHints":{"allow":["GET"]}}],"collection":[{"href":"https:\/\/www.meatprocessingmachine.org\/es\/wp-json\/wp\/v2\/product"}],"about":[{"href":"https:\/\/www.meatprocessingmachine.org\/es\/wp-json\/wp\/v2\/types\/product"}],"author":[{"embeddable":true,"href":"https:\/\/www.meatprocessingmachine.org\/es\/wp-json\/wp\/v2\/users\/1"}],"wp:featuredmedia":[{"embeddable":true,"href":"https:\/\/www.meatprocessingmachine.org\/es\/wp-json\/wp\/v2\/media\/2230"}],"wp:attachment":[{"href":"https:\/\/www.meatprocessingmachine.org\/es\/wp-json\/wp\/v2\/media?parent=2220"}],"wp:term":[{"taxonomy":"product-type","embeddable":true,"href":"https:\/\/www.meatprocessingmachine.org\/es\/wp-json\/wp\/v2\/product-type?post=2220"}],"curies":[{"name":"wp","href":"https:\/\/api.w.org\/{rel}","templated":true}]}}