{"id":32290,"date":"2021-11-04T11:48:54","date_gmt":"2021-11-04T03:48:54","guid":{"rendered":"https:\/\/www.meatprocessingmachine.org\/?p=32290"},"modified":"2024-06-14T15:33:32","modified_gmt":"2024-06-14T07:33:32","slug":"frozen-block-breaker-for-meat","status":"publish","type":"product","link":"https:\/\/www.meatprocessingmachine.org\/es\/frozen-block-breaker-for-meat.html","title":{"rendered":"Rompebloques de carne congelada para escamadora y trituradora de carne"},"content":{"rendered":"<div class=\"kk-star-ratings kksr-auto kksr-align-right kksr-valign-top\"     data-payload='{&quot;align&quot;:&quot;right&quot;,&quot;id&quot;:&quot;32290&quot;,&quot;slug&quot;:&quot;default&quot;,&quot;valign&quot;:&quot;top&quot;,&quot;ignore&quot;:&quot;&quot;,&quot;reference&quot;:&quot;auto&quot;,&quot;class&quot;:&quot;&quot;,&quot;count&quot;:&quot;0&quot;,&quot;legendonly&quot;:&quot;&quot;,&quot;readonly&quot;:&quot;&quot;,&quot;score&quot;:&quot;0&quot;,&quot;starsonly&quot;:&quot;&quot;,&quot;best&quot;:&quot;5&quot;,&quot;gap&quot;:&quot;5&quot;,&quot;greet&quot;:&quot;Rate this product&quot;,&quot;legend&quot;:&quot;0\\\/5 - (0 votos)&quot;,&quot;size&quot;:&quot;24&quot;,&quot;title&quot;:&quot;Frozen meat block breaker for meat flaker and crusher&quot;,&quot;width&quot;:&quot;0&quot;,&quot;_legend&quot;:&quot;{score}\\\/{best} - ({count} {votes})&quot;,&quot;font_factor&quot;:&quot;1.25&quot;}'>              <div class=\"kksr-stars\">      <div class=\"kksr-stars-inactive\">             <div class=\"kksr-star\" data-star=\"1\" style=\"padding-right: 5px\">               <div class=\"kksr-icon\" style=\"width: 24px; height: 24px;\"><\/div>         <\/div>             <div class=\"kksr-star\" data-star=\"2\" style=\"padding-right: 5px\">               <div class=\"kksr-icon\" style=\"width: 24px; height: 24px;\"><\/div>         <\/div>             <div class=\"kksr-star\" data-star=\"3\" style=\"padding-right: 5px\">               <div class=\"kksr-icon\" style=\"width: 24px; height: 24px;\"><\/div>         <\/div>             <div class=\"kksr-star\" data-star=\"4\" style=\"padding-right: 5px\">               <div class=\"kksr-icon\" style=\"width: 24px; height: 24px;\"><\/div>         <\/div>             <div class=\"kksr-star\" data-star=\"5\" style=\"padding-right: 5px\">               <div class=\"kksr-icon\" style=\"width: 24px; height: 24px;\"><\/div>         <\/div>     <\/div>      <div class=\"kksr-stars-active\" style=\"width: 0px;\">             <div class=\"kksr-star\" style=\"padding-right: 5px\">               <div class=\"kksr-icon\" style=\"width: 24px; height: 24px;\"><\/div>         <\/div>             <div class=\"kksr-star\" style=\"padding-right: 5px\">               <div class=\"kksr-icon\" style=\"width: 24px; height: 24px;\"><\/div>         <\/div>             <div class=\"kksr-star\" style=\"padding-right: 5px\">               <div class=\"kksr-icon\" style=\"width: 24px; height: 24px;\"><\/div>         <\/div>             <div class=\"kksr-star\" style=\"padding-right: 5px\">               <div class=\"kksr-icon\" style=\"width: 24px; height: 24px;\"><\/div>         <\/div>             <div class=\"kksr-star\" style=\"padding-right: 5px\">               <div class=\"kksr-icon\" style=\"width: 24px; height: 24px;\"><\/div>         <\/div>     <\/div> <\/div>                   <div class=\"kksr-legend\" style=\"font-size: 19.2px;\">             <span class=\"kksr-muted\">Califique este producto<\/span>     <\/div>     <\/div>  <p>El rompebloques de carne congelada es una m\u00e1quina utilizada para dividir la pieza entera de carne congelada y cortarla en trozos. La m\u00e1quina procesa carne congelada sin hueso. Es una herramienta indispensable en el proceso de procesamiento de alimentos c\u00e1rnicos. Se puede utilizar para el preprocesamiento de la picadora de carne. En el proceso de elaboraci\u00f3n de salchichas y alb\u00f3ndigas, se utilizan trituradoras de carne congelada para procesar las materias primas.<\/p>    <h2 class=\"wp-block-heading\" id=\"h-why-use-frozen-meat-block-breaker\">\u00bfPor qu\u00e9 usar un rompedor de bloques de carne congelada?<\/h2>    <p>El triturador de carne congelada puede garantizar la frescura de la carne, evitar la p\u00e9rdida de nutrientes en el proceso de descongelaci\u00f3n repetida, eliminar el enlace de descongelaci\u00f3n y acortar el tiempo de procesamiento de los productos c\u00e1rnicos. Adem\u00e1s, la congelaci\u00f3n repetida aumenta la carga en el congelador durante el procesamiento de la carne. Puede realizar la conexi\u00f3n estrecha entre los procesos, logrando una cadena industrial completa.<\/p>    <h2 class=\"wp-block-heading\">Descripci\u00f3n del efecto del triturador de carne congelada<\/h2>    <p class=\"translation-block\">La trituradora de bloques de carne congelada puede cortar carne congelada en rodajas en un proceso de diez segundos. La producci\u00f3n de la m\u00e1quina es muy grande, lo que es adecuado para algunas plantas de procesamiento de alimentos. Adem\u00e1s, tambi\u00e9n es un equipo esencial en el proceso de producci\u00f3n de refinaci\u00f3n de petr\u00f3leo. Las materias primas procesadas de la trituradora de carne congelada deben ser carne congelada a -4 \u2103-18 \u2103, que se rompe directamente en carne picada, que es el preprocesamiento de la picadora y la <a href=\"https:\/\/www.meatprocessingmachine.org\/es\/frozen-meat-grinder.html\/\">picadora de carne<\/a>.<\/p>   <div class=\"wp-block-image\"> <figure class=\"aligncenter size-full\"><img loading=\"lazy\" decoding=\"async\" width=\"720\" height=\"540\" src=\"https:\/\/www.meatprocessingmachine.org\/wp-content\/uploads\/2021\/11\/meat-flaker-machine.jpg\" alt=\" rompedor de bloques de carne congelada\" class=\"wp-image-32297\" title=\"\" srcset=\"https:\/\/www.meatprocessingmachine.org\/wp-content\/uploads\/2021\/11\/meat-flaker-machine.jpg 720w, https:\/\/www.meatprocessingmachine.org\/wp-content\/uploads\/2021\/11\/meat-flaker-machine-300x225.jpg 300w\" sizes=\"auto, (max-width: 720px) 100vw, 720px\" \/><figcaption class=\"wp-element-caption\"> rompedor de bloques de carne congelada<\/figcaption><\/figure> <\/div>   <h2 class=\"wp-block-heading\">Comparaci\u00f3n de carne congelada y carne fresca<\/h2>    <p>Muchas personas piensan que la carne fresca es m\u00e1s nutritiva que la carne congelada. De hecho, despu\u00e9s de la observaci\u00f3n y la investigaci\u00f3n, la carne fresca no es m\u00e1s nutritiva ni deliciosa que la carne congelada. Por el contrario, si la carne fresca no se cocina o congela a tiempo, una gran cantidad de bacterias se multiplicar\u00e1. Y la carne fresca fr\u00eda se almacena a tiempo a -18\u00b0C. Despu\u00e9s de descongelarla, no afectar\u00e1 el sabor, pero es m\u00e1s saludable.<\/p>    <h2 class=\"wp-block-heading\">Estructura y principio del rompedor de carne congelada<\/h2>   <div class=\"wp-block-image\"> <figure class=\"aligncenter size-full\"><img loading=\"lazy\" decoding=\"async\" width=\"720\" height=\"540\" src=\"https:\/\/www.meatprocessingmachine.org\/wp-content\/uploads\/2021\/11\/frozen-meat-breaker.webp\" alt=\"rompedor de carne congelada\" class=\"wp-image-34149\" title=\"\" srcset=\"https:\/\/www.meatprocessingmachine.org\/wp-content\/uploads\/2021\/11\/frozen-meat-breaker.webp 720w, https:\/\/www.meatprocessingmachine.org\/wp-content\/uploads\/2021\/11\/frozen-meat-breaker-300x225.webp 300w\" sizes=\"auto, (max-width: 720px) 100vw, 720px\" \/><figcaption class=\"wp-element-caption\">rompedor de carne congelada<\/figcaption><\/figure> <\/div>   <p>El rompedor de bloques de carne congelada utiliza presi\u00f3n de vapor como fuente de energ\u00eda. El bloque de carne congelada es empujado hacia adelante por el cilindro, y el cuchillo pasa a trav\u00e9s del triturador a una velocidad uniforme. El cuchillo rota a alta velocidad para romper la carne. Todo el triturador de carne congelada utiliza soldadura. La artesan\u00eda logra el efecto antivibraci\u00f3n, el rendimiento de la m\u00e1quina es estable y la tasa de fallos es baja.<\/p>    <h2 class=\"wp-block-heading\">Par\u00e1metros del rompedor de bloques de carne congelada<\/h2>    <p>Tama\u00f1o regular de la carne: 78*510*180mm<\/p>    <p>Productividad: 3-5 toneladas\/hora<\/p>    <p>Material: acero inoxidable 304<\/p>   <div class=\"wp-block-image\"> <figure class=\"aligncenter size-full\"><img loading=\"lazy\" decoding=\"async\" width=\"720\" height=\"540\" src=\"https:\/\/www.meatprocessingmachine.org\/wp-content\/uploads\/2021\/11\/details-of-frozen-block-breaker.jpg\" alt=\"detalles del rompedor de bloques de carne congelada \" class=\"wp-image-32298\" title=\"\" srcset=\"https:\/\/www.meatprocessingmachine.org\/wp-content\/uploads\/2021\/11\/details-of-frozen-block-breaker.jpg 720w, https:\/\/www.meatprocessingmachine.org\/wp-content\/uploads\/2021\/11\/details-of-frozen-block-breaker-300x225.jpg 300w\" sizes=\"auto, (max-width: 720px) 100vw, 720px\" \/><figcaption class=\"wp-element-caption\">detalles del triturador de carne congelada<\/figcaption><\/figure> <\/div>   <p>La eficiencia general de trabajo de la trituradora de carne congelada es muy alta. La producci\u00f3n media por hora es de 4 toneladas. Es especialmente adecuada para algunas plantas de procesamiento de alimentos y carne a gran escala. La m\u00e1quina est\u00e1 hecha de acero inoxidable, lo que facilita la limpieza y garantiza una larga vida \u00fatil.<\/p>    <h2 class=\"wp-block-heading\">Caracter\u00edsticas de la cortadora de carne congelada<\/h2>    <p>La m\u00e1quina procesa r\u00e1pidamente la carne, la temperatura de la carne es baja y se garantiza la frescura de la carne<\/p>    <p>Fuerte capacidad de trituraci\u00f3n, trabajo completo de trituraci\u00f3n de carne congelada en unos pocos segundos, 3-5 toneladas por hora<\/p>    <p>La trituradora de carne congelada tiene bajo ruido y operaci\u00f3n estable<\/p>   <div class=\"wp-block-image\"> <figure class=\"aligncenter size-full\"><img loading=\"lazy\" decoding=\"async\" width=\"720\" height=\"540\" src=\"https:\/\/www.meatprocessingmachine.org\/wp-content\/uploads\/2021\/11\/frozen-meat-slicer.jpg\" alt=\" cortadora de carne congelada  \" class=\"wp-image-32299\" title=\"\" srcset=\"https:\/\/www.meatprocessingmachine.org\/wp-content\/uploads\/2021\/11\/frozen-meat-slicer.jpg 720w, https:\/\/www.meatprocessingmachine.org\/wp-content\/uploads\/2021\/11\/frozen-meat-slicer-300x225.jpg 300w\" sizes=\"auto, (max-width: 720px) 100vw, 720px\" \/><figcaption class=\"wp-element-caption\"> cortadora de carne congelada  <\/figcaption><\/figure> <\/div>   <h2 class=\"wp-block-heading\">Precauciones para la instalaci\u00f3n y depuraci\u00f3n de la trituradora de carne congelada<\/h2>    <p>El triturador de bloques de carne congelada debe colocarse en un terreno plano y estable.<\/p>    <p>La trituradora de carne necesita estar equipada con un contenedor de recepci\u00f3n para la carne<\/p>    <p>Encienda la potencia del soporte del cuchillo que se mueve hacia arriba y hacia abajo, empuje lentamente la carne congelada fuera de la boca de alimentaci\u00f3n y observe el grosor de las rebanadas de carne.<\/p>    <h2 class=\"wp-block-heading\">Video del triturador de bloques de carne congelada  <\/h2>    <figure class=\"wp-block-embed is-type-video is-provider-youtube wp-block-embed-youtube wp-embed-aspect-16-9 wp-has-aspect-ratio\"><div class=\"wp-block-embed__wrapper\"> <iframe loading=\"lazy\" title=\"L\u00ednea comercial de trituraci\u00f3n y molienda de bloques de carne congelada en venta | escamadora de bloques de carne congelada\" width=\"500\" height=\"281\" src=\"https:\/\/www.youtube.com\/embed\/ZRYqmhxR3_g?start=8&#038;feature=oembed\" frameborder=\"0\" allow=\"accelerometer; autoplay; clipboard-write; encrypted-media; gyroscope; picture-in-picture; web-share\" referrerpolicy=\"strict-origin-when-cross-origin\" allowfullscreen><\/iframe> <\/div><\/figure>","protected":false},"excerpt":{"rendered":"<p>El rompebloques de carne congelada es una m\u00e1quina utilizada para dividir la pieza entera de carne congelada y cortarla en trozos. La m\u00e1quina procesa carne congelada sin hueso. Es una herramienta indispensable en el proceso de procesamiento de alimentos c\u00e1rnicos. Se puede utilizar para el preprocesamiento de la picadora de carne. En el proceso de elaboraci\u00f3n de salchichas y alb\u00f3ndigas, se utilizan trituradoras de carne congelada para procesar las materias primas.<\/p>","protected":false},"author":1,"featured_media":32296,"parent":0,"template":"","product-type":[589],"class_list":["post-32290","product","type-product","status-publish","has-post-thumbnail","hentry","product-type-meat-cutting-machine"],"_links":{"self":[{"href":"https:\/\/www.meatprocessingmachine.org\/es\/wp-json\/wp\/v2\/product\/32290","targetHints":{"allow":["GET"]}}],"collection":[{"href":"https:\/\/www.meatprocessingmachine.org\/es\/wp-json\/wp\/v2\/product"}],"about":[{"href":"https:\/\/www.meatprocessingmachine.org\/es\/wp-json\/wp\/v2\/types\/product"}],"author":[{"embeddable":true,"href":"https:\/\/www.meatprocessingmachine.org\/es\/wp-json\/wp\/v2\/users\/1"}],"wp:featuredmedia":[{"embeddable":true,"href":"https:\/\/www.meatprocessingmachine.org\/es\/wp-json\/wp\/v2\/media\/32296"}],"wp:attachment":[{"href":"https:\/\/www.meatprocessingmachine.org\/es\/wp-json\/wp\/v2\/media?parent=32290"}],"wp:term":[{"taxonomy":"product-type","embeddable":true,"href":"https:\/\/www.meatprocessingmachine.org\/es\/wp-json\/wp\/v2\/product-type?post=32290"}],"curies":[{"name":"wp","href":"https:\/\/api.w.org\/{rel}","templated":true}]}}