{"id":32791,"date":"2022-02-08T17:11:53","date_gmt":"2022-02-08T09:11:53","guid":{"rendered":"https:\/\/www.meatprocessingmachine.org\/?p=32791"},"modified":"2024-06-17T10:15:44","modified_gmt":"2024-06-17T02:15:44","slug":"power-scrub-egg-washing-machine","status":"publish","type":"product","link":"https:\/\/www.meatprocessingmachine.org\/es\/power-scrub-egg-washing-machine.html","title":{"rendered":"M\u00e1quina autom\u00e1tica de lavado de huevos | m\u00e1quina de limpieza de huevos con cepillo de potencia"},"content":{"rendered":"<div class=\"kk-star-ratings kksr-auto kksr-align-right kksr-valign-top\"     data-payload='{&quot;align&quot;:&quot;right&quot;,&quot;id&quot;:&quot;32791&quot;,&quot;slug&quot;:&quot;default&quot;,&quot;valign&quot;:&quot;top&quot;,&quot;ignore&quot;:&quot;&quot;,&quot;reference&quot;:&quot;auto&quot;,&quot;class&quot;:&quot;&quot;,&quot;count&quot;:&quot;0&quot;,&quot;legendonly&quot;:&quot;&quot;,&quot;readonly&quot;:&quot;&quot;,&quot;score&quot;:&quot;0&quot;,&quot;starsonly&quot;:&quot;&quot;,&quot;best&quot;:&quot;5&quot;,&quot;gap&quot;:&quot;5&quot;,&quot;greet&quot;:&quot;Rate this product&quot;,&quot;legend&quot;:&quot;0\\\/5 - (0 votos)&quot;,&quot;size&quot;:&quot;24&quot;,&quot;title&quot;:&quot;Automatic egg washing machine | power scrub egg cleaning machine&quot;,&quot;width&quot;:&quot;0&quot;,&quot;_legend&quot;:&quot;{score}\\\/{best} - ({count} {votes})&quot;,&quot;font_factor&quot;:&quot;1.25&quot;}'>              <div class=\"kksr-stars\">      <div class=\"kksr-stars-inactive\">             <div class=\"kksr-star\" data-star=\"1\" style=\"padding-right: 5px\">               <div class=\"kksr-icon\" style=\"width: 24px; height: 24px;\"><\/div>         <\/div>             <div class=\"kksr-star\" data-star=\"2\" style=\"padding-right: 5px\">               <div class=\"kksr-icon\" style=\"width: 24px; height: 24px;\"><\/div>         <\/div>             <div class=\"kksr-star\" data-star=\"3\" style=\"padding-right: 5px\">               <div class=\"kksr-icon\" style=\"width: 24px; height: 24px;\"><\/div>         <\/div>             <div class=\"kksr-star\" data-star=\"4\" style=\"padding-right: 5px\">               <div class=\"kksr-icon\" style=\"width: 24px; height: 24px;\"><\/div>         <\/div>             <div class=\"kksr-star\" data-star=\"5\" style=\"padding-right: 5px\">               <div class=\"kksr-icon\" style=\"width: 24px; height: 24px;\"><\/div>         <\/div>     <\/div>      <div class=\"kksr-stars-active\" style=\"width: 0px;\">             <div class=\"kksr-star\" style=\"padding-right: 5px\">               <div class=\"kksr-icon\" style=\"width: 24px; height: 24px;\"><\/div>         <\/div>             <div class=\"kksr-star\" style=\"padding-right: 5px\">               <div class=\"kksr-icon\" style=\"width: 24px; height: 24px;\"><\/div>         <\/div>             <div class=\"kksr-star\" style=\"padding-right: 5px\">               <div class=\"kksr-icon\" style=\"width: 24px; height: 24px;\"><\/div>         <\/div>             <div class=\"kksr-star\" style=\"padding-right: 5px\">               <div class=\"kksr-icon\" style=\"width: 24px; height: 24px;\"><\/div>         <\/div>             <div class=\"kksr-star\" style=\"padding-right: 5px\">               <div class=\"kksr-icon\" style=\"width: 24px; height: 24px;\"><\/div>         <\/div>     <\/div> <\/div>                   <div class=\"kksr-legend\" style=\"font-size: 19.2px;\">             <span class=\"kksr-muted\">Califique este producto<\/span>     <\/div>     <\/div>  <p>La m\u00e1quina lavadora de huevos es una m\u00e1quina utilizada para eliminar la suciedad y el barro de la superficie de los huevos. La limpieza a m\u00e1quina puede alcanzar el est\u00e1ndar de limpieza de los huevos. Los lavadores de huevos no solo pueden limpiar huevos de gallina, sino tambi\u00e9n huevos de pato, huevos de ganso y otros huevos de aves de corral. <\/p>    <p class=\"translation-block\">La m\u00e1quina limpiadora de huevos se divide principalmente en dos partes: lavado de huevos y secado de huevos, e inspecci\u00f3n de luz. Tambi\u00e9n podemos proporcionar <a href=\"https:\/\/www.meatprocessingmachine.org\/es\/egg-processing-line-for-washing-and-grading.html\/\">equipos de clasificaci\u00f3n y pesaje de huevos<\/a> y m\u00e1quinas codificadoras. El equipo de limpieza de huevos es adecuado para granjas, mercados mayoristas de huevos y supermercados.<\/p>    <figure class=\"wp-block-image size-full\"><img loading=\"lazy\" decoding=\"async\" width=\"720\" height=\"540\" src=\"https:\/\/www.meatprocessingmachine.org\/wp-content\/uploads\/2022\/02\/egg-cleaning.png\" alt=\"cepillo para m\u00e1quina de lavado de huevos\" class=\"wp-image-32797\" title=\"\" srcset=\"https:\/\/www.meatprocessingmachine.org\/wp-content\/uploads\/2022\/02\/egg-cleaning.png 720w, https:\/\/www.meatprocessingmachine.org\/wp-content\/uploads\/2022\/02\/egg-cleaning-300x225.png 300w\" sizes=\"auto, (max-width: 720px) 100vw, 720px\" \/><figcaption class=\"wp-element-caption\">Transportador de la m\u00e1quina lavadora de huevos<\/figcaption><\/figure>    <h2 class=\"wp-block-heading\">video de la m\u00e1quina lavadora de huevos<\/h2>    <figure class=\"wp-block-embed is-type-video is-provider-youtube wp-block-embed-youtube wp-embed-aspect-16-9 wp-has-aspect-ratio\"><div class=\"wp-block-embed__wrapper\"> <iframe loading=\"lazy\" title=\"M\u00e1quina de lavado de huevos con cepillo potente | L\u00ednea de producci\u00f3n de limpieza de huevos | \u00bfC\u00f3mo limpiamos 5500 huevos por hora?\" width=\"500\" height=\"281\" src=\"https:\/\/www.youtube.com\/embed\/v77eyAo-Vbk?feature=oembed\" frameborder=\"0\" allow=\"accelerometer; autoplay; clipboard-write; encrypted-media; gyroscope; picture-in-picture; web-share\" referrerpolicy=\"strict-origin-when-cross-origin\" allowfullscreen><\/iframe> <\/div><figcaption class=\"wp-element-caption\">Video de la m\u00e1quina lavadora de huevos<\/figcaption><\/figure>    <h2 class=\"wp-block-heading\">Ventajas del equipo de lavado de huevos<\/h2>    <ul class=\"wp-block-list\"> <li>Con limpieza autom\u00e1tica, una persona poniendo huevos y alta eficiencia de producci\u00f3n.<\/li>    <li>Estructura s\u00f3lida, rendimiento estable, sin atascos de huevos, sin ca\u00eddas de huevos, larga vida \u00fatil.<\/li>    <li>Utilizando un cepillo de alambre de acero inoxidable, la m\u00e1quina de lavado de huevos puede conducir y limpiar autom\u00e1ticamente.<\/li>    <li>Rociado y limpieza en la caja, limpio y sin da\u00f1os.<\/li> <\/ul>    <h2 class=\"wp-block-heading\">Diferentes modelos de m\u00e1quinas de lavado de huevos<\/h2>    <h3 class=\"wp-block-heading\">Modelo 1: lavadora de huevos de una sola fila<\/h3>    <p>La m\u00e1quina lavadora de huevos de una sola fila es una m\u00e1quina con una producci\u00f3n peque\u00f1a, con un promedio de 6,000 piezas por hora. La m\u00e1quina lavadora de huevos puede completar la funci\u00f3n autom\u00e1tica de puesta de huevos, ahorrando mano de obra. La rueda de goma para la puesta de huevos est\u00e1 hecha de material POM. El producto de este material es higi\u00e9nico, seguro y de calidad garantizada, y es muy resistente al desgaste.<\/p>    <figure class=\"wp-block-image size-full\"><img loading=\"lazy\" decoding=\"async\" width=\"720\" height=\"540\" src=\"https:\/\/www.meatprocessingmachine.org\/wp-content\/uploads\/2022\/02\/Single-row-egg-washing-machine-visit-factory.png\" alt=\"Visita a la f\u00e1brica de la m\u00e1quina lavadora de huevos de una sola fila\" class=\"wp-image-32913\" title=\"\" srcset=\"https:\/\/www.meatprocessingmachine.org\/wp-content\/uploads\/2022\/02\/Single-row-egg-washing-machine-visit-factory.png 720w, https:\/\/www.meatprocessingmachine.org\/wp-content\/uploads\/2022\/02\/Single-row-egg-washing-machine-visit-factory-300x225.png 300w\" sizes=\"auto, (max-width: 720px) 100vw, 720px\" \/><figcaption class=\"wp-element-caption\">Visita a la f\u00e1brica de la m\u00e1quina lavadora de huevos de una sola fila<\/figcaption><\/figure>    <h4 class=\"wp-block-heading\"><strong>Par\u00e1metros del equipo de lavado de huevos de una sola fila<\/strong><\/h4>    <ul class=\"wp-block-list\"> <li>Dimensiones: 6000*1200*1500 mm<\/li>    <li>Eficiencia: 5000-7000 piezas\/hora<\/li>    <li>Voltaje: 380V<\/li>    <li>Potencia total: 6.6kw<\/li> <\/ul>    <h3 class=\"wp-block-heading\">Modelo 2: m\u00e1quina de limpieza de huevos de 2 filas<\/h3>    <p>En comparaci\u00f3n con la m\u00e1quina de lavado de huevos de una sola fila, la producci\u00f3n de la m\u00e1quina de lavado de huevos de doble fila se duplica, pero el principio y la estructura de la m\u00e1quina limpiadora de huevos son los mismos, por lo que se puede seleccionar el modelo de m\u00e1quina seg\u00fan la producci\u00f3n que se necesita procesar cada d\u00eda.<\/p>    <figure class=\"wp-block-image size-full\"><img loading=\"lazy\" decoding=\"async\" width=\"720\" height=\"540\" src=\"https:\/\/www.meatprocessingmachine.org\/wp-content\/uploads\/2022\/02\/Double-row-egg-washing-machine-factory-test-machine.png\" alt=\"M\u00e1quina de lavado de huevos de doble fila, m\u00e1quina de prueba de f\u00e1brica\" class=\"wp-image-32912\" title=\"\" srcset=\"https:\/\/www.meatprocessingmachine.org\/wp-content\/uploads\/2022\/02\/Double-row-egg-washing-machine-factory-test-machine.png 720w, https:\/\/www.meatprocessingmachine.org\/wp-content\/uploads\/2022\/02\/Double-row-egg-washing-machine-factory-test-machine-300x225.png 300w\" sizes=\"auto, (max-width: 720px) 100vw, 720px\" \/><figcaption class=\"wp-element-caption\">M\u00e1quina de lavado de huevos de doble fila - M\u00e1quina de prueba de f\u00e1brica<\/figcaption><\/figure>    <h4 class=\"wp-block-heading\"><strong>Par\u00e1metros de la m\u00e1quina de lavado de huevos de doble fila<\/strong><\/h4>    <ul class=\"wp-block-list\"> <li>Apariencia: 6800*1600*1500 mm<\/li>    <li>Eficiencia: 10000-14000 piezas\/hora<\/li>    <li>Voltaje: 380V<\/li>    <li>Potencia total: 12.5kw<\/li> <\/ul>    <h2 class=\"wp-block-heading\" id=\"h-why-use-an-egg-washing-machine\">\u00bfPor qu\u00e9 usar una m\u00e1quina de lavado de huevos?<\/h2>    <p class=\"translation-block\">Debido a que los huevos se producen a trav\u00e9s de la cloaca del animal, muchos microbios intestinales se adhieren a la superficie del huevo y, en un entorno t\u00edpico, pueden infectarse con un gran n\u00famero de bacterias pat\u00f3genas. Los experimentos demostraron que el 10% de los huevos utilizados en el experimento ten\u00edan <a href=\"https:\/\/en.wikipedia.org\/wiki\/Salmonella\" target=\"_blank\" rel=\"noopener\">Salmonella<\/a> en la superficie, mientras que el 64% ten\u00eda Escherichia coli en la superficie. <\/p>    <p>Debido al gran n\u00famero de estomas distribuidos en la superficie del huevo, estos microorganismos y pat\u00f3genos entran en el interior del huevo a trav\u00e9s de los estomas y se multiplican en grandes cantidades. La calidad de los huevos no solo se ve gravemente afectada, sino que tambi\u00e9n representa una amenaza para la salud del consumidor.<\/p>    <h2 class=\"wp-block-heading\">Los peligros de la venta directa de huevos sucios<\/h2>    <figure class=\"wp-block-image size-full\"><img loading=\"lazy\" decoding=\"async\" width=\"720\" height=\"540\" src=\"https:\/\/www.meatprocessingmachine.org\/wp-content\/uploads\/2022\/02\/dirty-eggs.png\" alt=\"huevos sucios\" class=\"wp-image-32794\" title=\"\" srcset=\"https:\/\/www.meatprocessingmachine.org\/wp-content\/uploads\/2022\/02\/dirty-eggs.png 720w, https:\/\/www.meatprocessingmachine.org\/wp-content\/uploads\/2022\/02\/dirty-eggs-300x225.png 300w\" sizes=\"auto, (max-width: 720px) 100vw, 720px\" \/><figcaption class=\"wp-element-caption\">Huevos sucios<\/figcaption><\/figure>    <ul class=\"wp-block-list\"> <li>Afecta las ventas. Muchos huevos no se limpian y se venden directamente, la superficie est\u00e1 sucia, y muchos consumidores son reacios a comprar tales huevos.<\/li>    <li>Corto tiempo de almacenamiento. Los huevos sucios no est\u00e1n limpios y habr\u00e1 una gran cantidad de microorganismos en la superficie. Durante el per\u00edodo de almacenamiento, el interior de los huevos se contamina continuamente, lo que resulta en un aumento continuo en el n\u00famero de huevos en mal estado. Los huevos se lavan para aumentar su vida \u00fatil.<\/li>    <li>Los huevos sucios son f\u00e1ciles de propagar enfermedades. Los huevos se excluyen directamente de los \u00f3rganos reproductivos de las gallinas. La superficie de los huevos es generalmente propensa a heces, manchas de sangre, etc., lo que puede contaminar f\u00e1cilmente el medio ambiente y propagar enfermedades.<\/li> <\/ul>    <h2 class=\"wp-block-heading\">\u00bfC\u00f3mo usar la m\u00e1quina de limpieza de huevos?<\/h2>    <figure class=\"wp-block-image size-full\"><img loading=\"lazy\" decoding=\"async\" width=\"720\" height=\"540\" src=\"https:\/\/www.meatprocessingmachine.org\/wp-content\/uploads\/2022\/02\/egg-washing-machine-2.png\" alt=\"usar m\u00e1quina lavadora de huevos\" class=\"wp-image-32795\" title=\"\" srcset=\"https:\/\/www.meatprocessingmachine.org\/wp-content\/uploads\/2022\/02\/egg-washing-machine-2.png 720w, https:\/\/www.meatprocessingmachine.org\/wp-content\/uploads\/2022\/02\/egg-washing-machine-2-300x225.png 300w\" sizes=\"auto, (max-width: 720px) 100vw, 720px\" \/><figcaption class=\"wp-element-caption\">Usar la m\u00e1quina lavadora de huevos<\/figcaption><\/figure>    <p>El lavador de huevos es una m\u00e1quina completamente autom\u00e1tica. Hay un gran tanque de agua en la entrada de los huevos, y los huevos se pueden verter directamente en el tanque de agua. A trav\u00e9s de la flotabilidad del agua, se puede evitar la colisi\u00f3n entre los huevos. Los huevos caen en la cinta transportadora y son transportados a la parte de limpieza del equipo, donde se cepillan, se secan al aire y luego se realiza una inspecci\u00f3n \u00f3ptica, que requiere inspecci\u00f3n manual.<\/p>    <h2 class=\"wp-block-heading\">Componentes de la m\u00e1quina de limpieza de huevos <\/h2>    <figure class=\"wp-block-image size-full\"><img loading=\"lazy\" decoding=\"async\" width=\"720\" height=\"540\" src=\"https:\/\/www.meatprocessingmachine.org\/wp-content\/uploads\/2022\/02\/egg-cleaning-machine-.png\" alt=\"m\u00e1quina de limpieza de huevos \" class=\"wp-image-32796\" title=\"\" srcset=\"https:\/\/www.meatprocessingmachine.org\/wp-content\/uploads\/2022\/02\/egg-cleaning-machine-.png 720w, https:\/\/www.meatprocessingmachine.org\/wp-content\/uploads\/2022\/02\/egg-cleaning-machine--300x225.png 300w\" sizes=\"auto, (max-width: 720px) 100vw, 720px\" \/><figcaption class=\"wp-element-caption\">M\u00e1quina de limpieza de huevos <\/figcaption><\/figure>    <p>La m\u00e1quina lavadora de huevos autom\u00e1tica consiste en un tanque de agua, un rodillo para huevos, un cepillo de limpieza y una cinta transportadora. El material del tanque de agua es acero inoxidable 304, que es f\u00e1cil de limpiar, resistente a la corrosi\u00f3n y f\u00e1cil de limpiar. El cepillo de la m\u00e1quina es un material especialmente dise\u00f1ado, alambre curvado resistente al desgaste. A trav\u00e9s de muchos experimentos, encontramos un material que puede tener cierta dureza sin da\u00f1ar la superficie del huevo. Este cepillo tiene una buena capacidad de limpieza. La cinta transportadora es de material PVC de grado alimenticio. La lavadora de huevos es en general segura y confiable.<\/p>    <h2 class=\"wp-block-heading\">\u00bfLos huevos de c\u00e1scara blanda pueden usar una lavadora de huevos?<\/h2>    <figure class=\"wp-block-image size-full\"><img loading=\"lazy\" decoding=\"async\" width=\"720\" height=\"540\" src=\"https:\/\/www.meatprocessingmachine.org\/wp-content\/uploads\/2022\/02\/egg-washing-machine-brush.png\" alt=\"cepillo para m\u00e1quina de lavado de huevos\" class=\"wp-image-32798\" title=\"\" srcset=\"https:\/\/www.meatprocessingmachine.org\/wp-content\/uploads\/2022\/02\/egg-washing-machine-brush.png 720w, https:\/\/www.meatprocessingmachine.org\/wp-content\/uploads\/2022\/02\/egg-washing-machine-brush-300x225.png 300w\" sizes=\"auto, (max-width: 720px) 100vw, 720px\" \/><figcaption class=\"wp-element-caption\">Cepillo para la m\u00e1quina lavadora de huevos<\/figcaption><\/figure>    <p>Hay muchos factores para la formaci\u00f3n de huevos de pato de c\u00e1scara blanda. Si la pata hembra se asusta, la falta de calcio, D3 y otros elementos en la alimentaci\u00f3n tambi\u00e9n puede causar grandes \u00e1reas de huevos de c\u00e1scara blanda. Entonces, \u00bfse puede lavar este huevo de c\u00e1scara blanda con una lavadora de huevos? En t\u00e9rminos generales, los huevos de c\u00e1scara blanda son suaves, pero el calcio en ellos es de hecho, y todav\u00eda hay algo de resistencia. Sin embargo, al usar la m\u00e1quina de lavar huevos de pato, a\u00fan es necesario reducir la potencia para evitar que los huevos de pato se rompan.<\/p>    <p>Los huevos de pato de c\u00e1scara blanda se limpian mejor a mano si la c\u00e1scara es muy delgada. Debido a que la m\u00e1quina limpiadora de huevos de pato utiliza la dureza del huevo de pato en s\u00ed para usar el rodillo de cepillo para la limpieza, si la c\u00e1scara del huevo es demasiado blanda, es probable que sea perforada por las cerdas duras del rodillo de cepillo.<\/p>    <figure class=\"wp-block-image size-full\"><img loading=\"lazy\" decoding=\"async\" width=\"720\" height=\"540\" src=\"https:\/\/www.meatprocessingmachine.org\/wp-content\/uploads\/2022\/02\/soft-skin-eggs.png\" alt=\"huevos de c\u00e1scara suave\" class=\"wp-image-32801\" title=\"\" srcset=\"https:\/\/www.meatprocessingmachine.org\/wp-content\/uploads\/2022\/02\/soft-skin-eggs.png 720w, https:\/\/www.meatprocessingmachine.org\/wp-content\/uploads\/2022\/02\/soft-skin-eggs-300x225.png 300w\" sizes=\"auto, (max-width: 720px) 100vw, 720px\" \/><figcaption class=\"wp-element-caption\">Huevos de c\u00e1scara suave<\/figcaption><\/figure>","protected":false},"excerpt":{"rendered":"<p>La m\u00e1quina de lavado de huevos es una m\u00e1quina utilizada para eliminar la suciedad y el barro de la superficie de los huevos. La limpieza con m\u00e1quina puede alcanzar el est\u00e1ndar de limpieza de los huevos. Las m\u00e1quinas de lavado de huevos no solo pueden limpiar huevos de gallina, sino tambi\u00e9n huevos de pato, huevos de ganso y otros huevos de aves de corral. La m\u00e1quina se divide principalmente en dos partes: lavado de huevos y secado de huevos, y una inspecci\u00f3n ligera. Tambi\u00e9n podemos proporcionar equipos de clasificaci\u00f3n de huevos, equipos de pesaje y m\u00e1quinas de codificaci\u00f3n. El equipo de limpieza de huevos es adecuado para granjas, mercados mayoristas de huevos y grandes supermercados.<\/p>","protected":false},"author":1,"featured_media":32793,"parent":0,"template":"","product-type":[583],"class_list":["post-32791","product","type-product","status-publish","has-post-thumbnail","hentry","product-type-chicken-turkey"],"_links":{"self":[{"href":"https:\/\/www.meatprocessingmachine.org\/es\/wp-json\/wp\/v2\/product\/32791","targetHints":{"allow":["GET"]}}],"collection":[{"href":"https:\/\/www.meatprocessingmachine.org\/es\/wp-json\/wp\/v2\/product"}],"about":[{"href":"https:\/\/www.meatprocessingmachine.org\/es\/wp-json\/wp\/v2\/types\/product"}],"author":[{"embeddable":true,"href":"https:\/\/www.meatprocessingmachine.org\/es\/wp-json\/wp\/v2\/users\/1"}],"wp:featuredmedia":[{"embeddable":true,"href":"https:\/\/www.meatprocessingmachine.org\/es\/wp-json\/wp\/v2\/media\/32793"}],"wp:attachment":[{"href":"https:\/\/www.meatprocessingmachine.org\/es\/wp-json\/wp\/v2\/media?parent=32791"}],"wp:term":[{"taxonomy":"product-type","embeddable":true,"href":"https:\/\/www.meatprocessingmachine.org\/es\/wp-json\/wp\/v2\/product-type?post=32791"}],"curies":[{"name":"wp","href":"https:\/\/api.w.org\/{rel}","templated":true}]}}