{"id":34047,"date":"2023-01-04T17:53:56","date_gmt":"2023-01-04T09:53:56","guid":{"rendered":"https:\/\/www.meatprocessingmachine.org\/?post_type=product&#038;p=34047"},"modified":"2024-06-20T15:54:25","modified_gmt":"2024-06-20T07:54:25","slug":"frozen-meat-slicer-machine","status":"publish","type":"product","link":"https:\/\/www.meatprocessingmachine.org\/es\/frozen-meat-slicer-machine.html","title":{"rendered":"M\u00e1quina cortadora de carne congelada para copos de carne | planeador de carne"},"content":{"rendered":"<div class=\"kk-star-ratings kksr-auto kksr-align-right kksr-valign-top\"     data-payload='{&quot;align&quot;:&quot;right&quot;,&quot;id&quot;:&quot;34047&quot;,&quot;slug&quot;:&quot;default&quot;,&quot;valign&quot;:&quot;top&quot;,&quot;ignore&quot;:&quot;&quot;,&quot;reference&quot;:&quot;auto&quot;,&quot;class&quot;:&quot;&quot;,&quot;count&quot;:&quot;0&quot;,&quot;legendonly&quot;:&quot;&quot;,&quot;readonly&quot;:&quot;&quot;,&quot;score&quot;:&quot;0&quot;,&quot;starsonly&quot;:&quot;&quot;,&quot;best&quot;:&quot;5&quot;,&quot;gap&quot;:&quot;5&quot;,&quot;greet&quot;:&quot;Rate this product&quot;,&quot;legend&quot;:&quot;0\\\/5 - (0 votos)&quot;,&quot;size&quot;:&quot;24&quot;,&quot;title&quot;:&quot;Frozen meat slicer machine for meat flake | meat planer&quot;,&quot;width&quot;:&quot;0&quot;,&quot;_legend&quot;:&quot;{score}\\\/{best} - ({count} {votes})&quot;,&quot;font_factor&quot;:&quot;1.25&quot;}'>              <div class=\"kksr-stars\">      <div class=\"kksr-stars-inactive\">             <div class=\"kksr-star\" data-star=\"1\" style=\"padding-right: 5px\">               <div class=\"kksr-icon\" style=\"width: 24px; height: 24px;\"><\/div>         <\/div>             <div class=\"kksr-star\" data-star=\"2\" style=\"padding-right: 5px\">               <div class=\"kksr-icon\" style=\"width: 24px; height: 24px;\"><\/div>         <\/div>             <div class=\"kksr-star\" data-star=\"3\" style=\"padding-right: 5px\">               <div class=\"kksr-icon\" style=\"width: 24px; height: 24px;\"><\/div>         <\/div>             <div class=\"kksr-star\" data-star=\"4\" style=\"padding-right: 5px\">               <div class=\"kksr-icon\" style=\"width: 24px; height: 24px;\"><\/div>         <\/div>             <div class=\"kksr-star\" data-star=\"5\" style=\"padding-right: 5px\">               <div class=\"kksr-icon\" style=\"width: 24px; height: 24px;\"><\/div>         <\/div>     <\/div>      <div class=\"kksr-stars-active\" style=\"width: 0px;\">             <div class=\"kksr-star\" style=\"padding-right: 5px\">               <div class=\"kksr-icon\" style=\"width: 24px; height: 24px;\"><\/div>         <\/div>             <div class=\"kksr-star\" style=\"padding-right: 5px\">               <div class=\"kksr-icon\" style=\"width: 24px; height: 24px;\"><\/div>         <\/div>             <div class=\"kksr-star\" style=\"padding-right: 5px\">               <div class=\"kksr-icon\" style=\"width: 24px; height: 24px;\"><\/div>         <\/div>             <div class=\"kksr-star\" style=\"padding-right: 5px\">               <div class=\"kksr-icon\" style=\"width: 24px; height: 24px;\"><\/div>         <\/div>             <div class=\"kksr-star\" style=\"padding-right: 5px\">               <div class=\"kksr-icon\" style=\"width: 24px; height: 24px;\"><\/div>         <\/div>     <\/div> <\/div>                   <div class=\"kksr-legend\" style=\"font-size: 19.2px;\">             <span class=\"kksr-muted\">Califique este producto<\/span>     <\/div>     <\/div>  <p>La m\u00e1quina cortadora de carne congelada Taizy es un equipo que puede cortar carne congelada en rodajas en estado congelado. Es una m\u00e1quina especialmente dise\u00f1ada para rodajas de carne. Puede cortar cabezas de cerdo congeladas, pescado, pechuga de pollo, etc.<\/p>    <figure class=\"wp-block-embed is-type-video is-provider-youtube wp-block-embed-youtube wp-embed-aspect-16-9 wp-has-aspect-ratio\"><div class=\"wp-block-embed__wrapper\"> <iframe loading=\"lazy\" title=\"M\u00e1quina cortadora autom\u00e1tica de carne congelada perfecta | \u00bfCu\u00e1l es la mejor cortadora de carne congelada? | corte de carne\" width=\"500\" height=\"281\" src=\"https:\/\/www.youtube.com\/embed\/YSpmDnh6B7w?feature=oembed\" frameborder=\"0\" allow=\"accelerometer; autoplay; clipboard-write; encrypted-media; gyroscope; picture-in-picture; web-share\" referrerpolicy=\"strict-origin-when-cross-origin\" allowfullscreen><\/iframe> <\/div><figcaption class=\"wp-element-caption\">m\u00e1quina de cortar carne<\/figcaption><\/figure>    <h2 class=\"wp-block-heading\">La funci\u00f3n de la m\u00e1quina de cortar carne congelada<\/h2>    <figure class=\"wp-block-gallery has-nested-images columns-4 is-cropped wp-block-gallery-2 is-layout-flex wp-block-gallery-is-layout-flex\"> <figure class=\"wp-block-image size-large\"><img loading=\"lazy\" decoding=\"async\" width=\"720\" height=\"540\" data-id=\"34052\" src=\"https:\/\/www.meatprocessingmachine.org\/wp-content\/uploads\/2023\/01\/meat-flake-3.webp\" alt=\"escama de carne\" class=\"wp-image-34052\" title=\"\" srcset=\"https:\/\/www.meatprocessingmachine.org\/wp-content\/uploads\/2023\/01\/meat-flake-3.webp 720w, https:\/\/www.meatprocessingmachine.org\/wp-content\/uploads\/2023\/01\/meat-flake-3-300x225.webp 300w\" sizes=\"auto, (max-width: 720px) 100vw, 720px\" \/><figcaption class=\"wp-element-caption\">Copos de carne<\/figcaption><\/figure>    <figure class=\"wp-block-image size-large\"><img loading=\"lazy\" decoding=\"async\" width=\"720\" height=\"540\" data-id=\"34051\" src=\"https:\/\/www.meatprocessingmachine.org\/wp-content\/uploads\/2023\/01\/meat-flake-2.webp\" alt=\"escama de carne\" class=\"wp-image-34051\" title=\"\" srcset=\"https:\/\/www.meatprocessingmachine.org\/wp-content\/uploads\/2023\/01\/meat-flake-2.webp 720w, https:\/\/www.meatprocessingmachine.org\/wp-content\/uploads\/2023\/01\/meat-flake-2-300x225.webp 300w\" sizes=\"auto, (max-width: 720px) 100vw, 720px\" \/><figcaption class=\"wp-element-caption\">Copos de carne<\/figcaption><\/figure>    <figure class=\"wp-block-image size-large\"><img loading=\"lazy\" decoding=\"async\" width=\"720\" height=\"540\" data-id=\"34050\" src=\"https:\/\/www.meatprocessingmachine.org\/wp-content\/uploads\/2023\/01\/meat-flake-1.webp\" alt=\"escama de carne\" class=\"wp-image-34050\" title=\"\" srcset=\"https:\/\/www.meatprocessingmachine.org\/wp-content\/uploads\/2023\/01\/meat-flake-1.webp 720w, https:\/\/www.meatprocessingmachine.org\/wp-content\/uploads\/2023\/01\/meat-flake-1-300x225.webp 300w\" sizes=\"auto, (max-width: 720px) 100vw, 720px\" \/><figcaption class=\"wp-element-caption\">Copos de carne<\/figcaption><\/figure>    <figure class=\"wp-block-image size-large\"><img loading=\"lazy\" decoding=\"async\" width=\"720\" height=\"540\" data-id=\"34049\" src=\"https:\/\/www.meatprocessingmachine.org\/wp-content\/uploads\/2023\/01\/meat-flake.webp\" alt=\"escama de carne\" class=\"wp-image-34049\" title=\"\" srcset=\"https:\/\/www.meatprocessingmachine.org\/wp-content\/uploads\/2023\/01\/meat-flake.webp 720w, https:\/\/www.meatprocessingmachine.org\/wp-content\/uploads\/2023\/01\/meat-flake-300x225.webp 300w\" sizes=\"auto, (max-width: 720px) 100vw, 720px\" \/><figcaption class=\"wp-element-caption\">Copos de carne<\/figcaption><\/figure> <\/figure>    <p>En el procesamiento de carne, es necesario triturar la carne congelada, pero es imposible picar directamente la carne congelada en pur\u00e9 de carne. Esto se debe a que la carne congelada demasiado grande da\u00f1ar\u00e1 directamente la m\u00e1quina, pero este planeador de carne es para m\u00e1quinas que manejan carne congelada.<\/p>    <h2 class=\"wp-block-heading\">Caracter\u00edsticas de la m\u00e1quina de cortar carne congelada<\/h2>    <div class=\"wp-block-media-text alignwide is-stacked-on-mobile is-vertically-aligned-center\"><figure class=\"wp-block-media-text__media\"><img loading=\"lazy\" decoding=\"async\" width=\"720\" height=\"540\" src=\"https:\/\/www.meatprocessingmachine.org\/wp-content\/uploads\/2023\/01\/meat-slicer-machine-4.webp\" alt=\"m\u00e1quina de cortar carne\" class=\"wp-image-34065 size-full\" title=\"\" srcset=\"https:\/\/www.meatprocessingmachine.org\/wp-content\/uploads\/2023\/01\/meat-slicer-machine-4.webp 720w, https:\/\/www.meatprocessingmachine.org\/wp-content\/uploads\/2023\/01\/meat-slicer-machine-4-300x225.webp 300w\" sizes=\"auto, (max-width: 720px) 100vw, 720px\" \/><\/figure><div class=\"wp-block-media-text__content\"> <h3 class=\"wp-block-heading\">Sistema de control simple<\/h3>    <p>La m\u00e1quina tiene cuatro teclas: una tecla de inicio, una tecla de parada, una tecla de parada de emergencia y una luz indicadora de energ\u00eda.<\/p> <\/div><\/div>    <div class=\"wp-block-media-text alignwide has-media-on-the-right is-stacked-on-mobile\"><div class=\"wp-block-media-text__content\"> <h3 class=\"wp-block-heading\">F\u00e1cil de operar<\/h3>    <p> Despu\u00e9s de la entrega, se enviar\u00e1 un manual de operaci\u00f3n espec\u00edfico y los t\u00e9cnicos ayudar\u00e1n a los clientes.<\/p> <\/div><figure class=\"wp-block-media-text__media\"><img loading=\"lazy\" decoding=\"async\" width=\"720\" height=\"540\" src=\"https:\/\/www.meatprocessingmachine.org\/wp-content\/uploads\/2023\/01\/meat-slicer-machine-5.webp\" alt=\"m\u00e1quina de cortar carne\" class=\"wp-image-34066 size-full\" title=\"\" srcset=\"https:\/\/www.meatprocessingmachine.org\/wp-content\/uploads\/2023\/01\/meat-slicer-machine-5.webp 720w, https:\/\/www.meatprocessingmachine.org\/wp-content\/uploads\/2023\/01\/meat-slicer-machine-5-300x225.webp 300w\" sizes=\"auto, (max-width: 720px) 100vw, 720px\" \/><\/figure><\/div>    <div class=\"wp-block-media-text alignwide is-stacked-on-mobile\"><figure class=\"wp-block-media-text__media\"><img loading=\"lazy\" decoding=\"async\" width=\"720\" height=\"540\" src=\"https:\/\/www.meatprocessingmachine.org\/wp-content\/uploads\/2023\/01\/frozen-meat-slicer.webp\" alt=\"cortadora de carne congelada\" class=\"wp-image-34067 size-full\" title=\"\" srcset=\"https:\/\/www.meatprocessingmachine.org\/wp-content\/uploads\/2023\/01\/frozen-meat-slicer.webp 720w, https:\/\/www.meatprocessingmachine.org\/wp-content\/uploads\/2023\/01\/frozen-meat-slicer-300x225.webp 300w\" sizes=\"auto, (max-width: 720px) 100vw, 720px\" \/><\/figure><div class=\"wp-block-media-text__content\"> <h3 class=\"wp-block-heading\">F\u00e1cil de limpiar <\/h3>    <p class=\"translation-block\">La cepilladora de carne se puede limpiar directamente con agua. Fabricada en <a href=\"https:\/\/en.wikipedia.org\/wiki\/Stainless_steel\" data-type=\"URL\" data-id=\"https:\/\/en.wikipedia.org\/wiki\/Stainless_steel\" target=\"_blank\" rel=\"noopener\">acero inoxidable<\/a>, no se oxida f\u00e1cilmente<\/p> <\/div><\/div>    <div class=\"wp-block-media-text alignwide has-media-on-the-right is-stacked-on-mobile\"><div class=\"wp-block-media-text__content\"> <h3 class=\"wp-block-heading\">F\u00e1cil de mover<\/h3>    <p>La parte inferior de la m\u00e1quina est\u00e1 instalada y tiene ruedas.<\/p> <\/div><figure class=\"wp-block-media-text__media\"><img loading=\"lazy\" decoding=\"async\" width=\"720\" height=\"540\" src=\"https:\/\/www.meatprocessingmachine.org\/wp-content\/uploads\/2023\/01\/meat-cutting-machine.webp\" alt=\"m\u00e1quina de corte de carne\" class=\"wp-image-34068 size-full\" title=\"\" srcset=\"https:\/\/www.meatprocessingmachine.org\/wp-content\/uploads\/2023\/01\/meat-cutting-machine.webp 720w, https:\/\/www.meatprocessingmachine.org\/wp-content\/uploads\/2023\/01\/meat-cutting-machine-300x225.webp 300w\" sizes=\"auto, (max-width: 720px) 100vw, 720px\" \/><\/figure><\/div>    <div class=\"wp-block-media-text alignwide is-stacked-on-mobile\"><figure class=\"wp-block-media-text__media\"><img loading=\"lazy\" decoding=\"async\" width=\"720\" height=\"540\" src=\"https:\/\/www.meatprocessingmachine.org\/wp-content\/uploads\/2023\/01\/meat-slicer-machine-6.webp\" alt=\"m\u00e1quina de cortar carne\" class=\"wp-image-34069 size-full\" title=\"\" srcset=\"https:\/\/www.meatprocessingmachine.org\/wp-content\/uploads\/2023\/01\/meat-slicer-machine-6.webp 720w, https:\/\/www.meatprocessingmachine.org\/wp-content\/uploads\/2023\/01\/meat-slicer-machine-6-300x225.webp 300w\" sizes=\"auto, (max-width: 720px) 100vw, 720px\" \/><\/figure><div class=\"wp-block-media-text__content\"> <h3 class=\"wp-block-heading\">Cuchillos fuertes<\/h3>    <p>Los cuchillos pueden cortar r\u00e1pidamente carne congelada en copos de carne, y la salida es suave.<\/p> <\/div><\/div>    <h2 class=\"wp-block-heading\">Par\u00e1metros de la m\u00e1quina cortadora de carne congelada<\/h2>    <figure class=\"wp-block-table\"><table><tbody><tr><td>Modelo<\/td><td>&nbsp;BR-960<\/td><\/tr><tr><td>Poder<\/td><td>4<\/td><\/tr><tr><td>Capacidad de producci\u00f3n (kg)<\/td><td>600-1200<\/td><\/tr><tr><td>Grosor de corte (mm)<\/td><td>5-10<\/td><\/tr><tr><td>Tensi\u00f3n de suministro (v)<\/td><td>380<\/td><\/tr><tr><td>Tama\u00f1o (mm)<\/td><td>1350x650x1350<\/td><\/tr><\/tbody><\/table><figcaption class=\"wp-element-caption\">m\u00e1quina de corte de carne congelada<\/figcaption><\/figure>    <figure class=\"wp-block-gallery has-nested-images columns-4 is-cropped wp-block-gallery-3 is-layout-flex wp-block-gallery-is-layout-flex\"> <figure class=\"wp-block-image size-large\"><img loading=\"lazy\" decoding=\"async\" width=\"720\" height=\"540\" data-id=\"34053\" src=\"https:\/\/www.meatprocessingmachine.org\/wp-content\/uploads\/2023\/01\/meat-slicer-machine.webp\" alt=\"m\u00e1quina para cortar carne\" class=\"wp-image-34053\" title=\"\" srcset=\"https:\/\/www.meatprocessingmachine.org\/wp-content\/uploads\/2023\/01\/meat-slicer-machine.webp 720w, https:\/\/www.meatprocessingmachine.org\/wp-content\/uploads\/2023\/01\/meat-slicer-machine-300x225.webp 300w\" sizes=\"auto, (max-width: 720px) 100vw, 720px\" \/><figcaption class=\"wp-element-caption\">M\u00e1quina de cortar carne<\/figcaption><\/figure>    <figure class=\"wp-block-image size-large\"><img loading=\"lazy\" decoding=\"async\" width=\"720\" height=\"540\" data-id=\"34054\" src=\"https:\/\/www.meatprocessingmachine.org\/wp-content\/uploads\/2023\/01\/meat-slicer-machine-1.webp\" alt=\"equipo cortador de carne\" class=\"wp-image-34054\" title=\"\" srcset=\"https:\/\/www.meatprocessingmachine.org\/wp-content\/uploads\/2023\/01\/meat-slicer-machine-1.webp 720w, https:\/\/www.meatprocessingmachine.org\/wp-content\/uploads\/2023\/01\/meat-slicer-machine-1-300x225.webp 300w\" sizes=\"auto, (max-width: 720px) 100vw, 720px\" \/><figcaption class=\"wp-element-caption\">Equipo cortador de carne<\/figcaption><\/figure>    <figure class=\"wp-block-image size-large\"><img loading=\"lazy\" decoding=\"async\" width=\"720\" height=\"540\" data-id=\"34055\" src=\"https:\/\/www.meatprocessingmachine.org\/wp-content\/uploads\/2023\/01\/meat-slicer-machine-2.webp\" alt=\"m\u00e1quina de cortar carne\" class=\"wp-image-34055\" title=\"\" srcset=\"https:\/\/www.meatprocessingmachine.org\/wp-content\/uploads\/2023\/01\/meat-slicer-machine-2.webp 720w, https:\/\/www.meatprocessingmachine.org\/wp-content\/uploads\/2023\/01\/meat-slicer-machine-2-300x225.webp 300w\" sizes=\"auto, (max-width: 720px) 100vw, 720px\" \/><figcaption class=\"wp-element-caption\">M\u00e1quina cortadora de carne<\/figcaption><\/figure>    <figure class=\"wp-block-image size-large\"><img loading=\"lazy\" decoding=\"async\" width=\"720\" height=\"540\" data-id=\"34056\" src=\"https:\/\/www.meatprocessingmachine.org\/wp-content\/uploads\/2023\/01\/meat-slicer-machine-3.webp\" alt=\"m\u00e1quina de cortar carne\" class=\"wp-image-34056\" title=\"\" srcset=\"https:\/\/www.meatprocessingmachine.org\/wp-content\/uploads\/2023\/01\/meat-slicer-machine-3.webp 720w, https:\/\/www.meatprocessingmachine.org\/wp-content\/uploads\/2023\/01\/meat-slicer-machine-3-300x225.webp 300w\" sizes=\"auto, (max-width: 720px) 100vw, 720px\" \/><figcaption class=\"wp-element-caption\">Planeadora de carne<\/figcaption><\/figure> <\/figure>    <h2 class=\"wp-block-heading\">El cortador de carne puede estar equipado con un elevador<\/h2>    <figure class=\"wp-block-gallery has-nested-images columns-default is-cropped wp-block-gallery-4 is-layout-flex wp-block-gallery-is-layout-flex\"> <figure class=\"wp-block-image size-large\"><img loading=\"lazy\" decoding=\"async\" width=\"720\" height=\"540\" data-id=\"34057\" src=\"https:\/\/www.meatprocessingmachine.org\/wp-content\/uploads\/2023\/01\/Frozen-meat-slicer-elevator.webp\" alt=\"Ascensor para cortadora de carne congelada\" class=\"wp-image-34057\" title=\"\" srcset=\"https:\/\/www.meatprocessingmachine.org\/wp-content\/uploads\/2023\/01\/Frozen-meat-slicer-elevator.webp 720w, https:\/\/www.meatprocessingmachine.org\/wp-content\/uploads\/2023\/01\/Frozen-meat-slicer-elevator-300x225.webp 300w\" sizes=\"auto, (max-width: 720px) 100vw, 720px\" \/><figcaption class=\"wp-element-caption\">Elevador cortador de carne congelada<\/figcaption><\/figure>    <figure class=\"wp-block-image size-large\"><img loading=\"lazy\" decoding=\"async\" width=\"720\" height=\"540\" data-id=\"34058\" src=\"https:\/\/www.meatprocessingmachine.org\/wp-content\/uploads\/2023\/01\/Frozen-meat-slicer-elevator-1.webp\" alt=\"elevador de m\u00e1quina cortadora de carne\" class=\"wp-image-34058\" title=\"\" srcset=\"https:\/\/www.meatprocessingmachine.org\/wp-content\/uploads\/2023\/01\/Frozen-meat-slicer-elevator-1.webp 720w, https:\/\/www.meatprocessingmachine.org\/wp-content\/uploads\/2023\/01\/Frozen-meat-slicer-elevator-1-300x225.webp 300w\" sizes=\"auto, (max-width: 720px) 100vw, 720px\" \/><figcaption class=\"wp-element-caption\">Elevador de m\u00e1quina cortadora de carne<\/figcaption><\/figure>    <figure class=\"wp-block-image size-large\"><img loading=\"lazy\" decoding=\"async\" width=\"720\" height=\"540\" data-id=\"34059\" src=\"https:\/\/www.meatprocessingmachine.org\/wp-content\/uploads\/2023\/01\/Frozen-meat-slicer-elevator-2.webp\" alt=\"ascensor\" class=\"wp-image-34059\" title=\"\" srcset=\"https:\/\/www.meatprocessingmachine.org\/wp-content\/uploads\/2023\/01\/Frozen-meat-slicer-elevator-2.webp 720w, https:\/\/www.meatprocessingmachine.org\/wp-content\/uploads\/2023\/01\/Frozen-meat-slicer-elevator-2-300x225.webp 300w\" sizes=\"auto, (max-width: 720px) 100vw, 720px\" \/><figcaption class=\"wp-element-caption\">Elevador<\/figcaption><\/figure> <\/figure>    <p>\u00bfPor qu\u00e9 la m\u00e1quina cortadora de carne congelada para copos de carne necesita un elevador? Porque la salida de carne de la m\u00e1quina cortadora de carne congelada est\u00e1 en la parte inferior, si se equipa con una cortadora de carne congelada, la carne cortada puede ser transportada directamente a la mesa de trabajo, o la carne cortada puede ser movida directamente a la siguiente m\u00e1quina para su procesamiento, reduciendo la carga de trabajo.<\/p>    <h2 class=\"wp-block-heading\">\u00bfQu\u00e9 equipos hay para el procesamiento de carne?<\/h2>    <p>Hay mucho equipo de procesamiento de carne, y en t\u00e9rminos generales. Las m\u00e1quinas utilizadas para carne congelada y carne fresca son diferentes. Y diferentes tipos de carne tambi\u00e9n tienen diferentes m\u00e1quinas. Elegir la m\u00e1quina adecuada puede facilitar el manejo de la carne.<\/p>    <figure class=\"wp-block-image size-full\"><img loading=\"lazy\" decoding=\"async\" width=\"720\" height=\"540\" src=\"https:\/\/www.meatprocessingmachine.org\/wp-content\/uploads\/2023\/01\/meat-equipment.webp\" alt=\"equipo de carne\" class=\"wp-image-34070\" title=\"\" srcset=\"https:\/\/www.meatprocessingmachine.org\/wp-content\/uploads\/2023\/01\/meat-equipment.webp 720w, https:\/\/www.meatprocessingmachine.org\/wp-content\/uploads\/2023\/01\/meat-equipment-300x225.webp 300w\" sizes=\"auto, (max-width: 720px) 100vw, 720px\" \/><figcaption class=\"wp-element-caption\">Equipo de carne<\/figcaption><\/figure>    <h3 class=\"wp-block-heading\">Cortadoras de carne congelada y fresca<\/h3>    <p class=\"translation-block\">Ya sea que desee <a href=\"https:\/\/www.meatprocessingmachine.org\/es\/products\/meat-cutting-machine\/\" data-type=\"URL\" data-id=\"https:\/\/www.meatprocessingmachine.org\/products\/meat-cutting-machine\/\">cortar carne<\/a> o <a href=\"https:\/\/www.meatprocessingmachine.org\/es\/products\/meat-grinding-machine\/\" data-type=\"URL\" data-id=\"https:\/\/www.meatprocessingmachine.org\/products\/meat-grinding-machine\/\">picar carne<\/a>, las m\u00e1quinas para carne congelada y carne fresca son diferentes, por lo que al comprar una m\u00e1quina, debe prestar especial atenci\u00f3n a si la m\u00e1quina procesa carne congelada o carne fresca<\/p>    <h3 class=\"wp-block-heading\">Procesamiento de diferentes tipos de carne<\/h3>    <p class=\"translation-block\">Los diferentes tipos aqu\u00ed se refieren a <a href=\"https:\/\/www.meatprocessingmachine.org\/es\/category\/products\/fish\/\" data-type=\"URL\" data-id=\"https:\/\/www.meatprocessingmachine.org\/category\/products\/fish\/\">pescado<\/a> o cerdo, <a href=\"https:\/\/www.meatprocessingmachine.org\/es\/category\/products\/chicken-turkey\/\" data-type=\"URL\" data-id=\"https:\/\/www.meatprocessingmachine.org\/category\/products\/chicken-turkey\/\">pollo<\/a> o <a href=\"https:\/\/www.meatprocessingmachine.org\/es\/meat-roll-cutting-machine.html\/\" data-type=\"URL\" data-id=\"https:\/\/www.meatprocessingmachine.org\/meat-roll-cutting-machine.html\">cordero<\/a>. La principal diferencia es si la carne tiene huesos o no. Este es otro punto clave al comprar una m\u00e1quina de carne. Puede hacer clic en los enlaces del art\u00edculo para obtener informaci\u00f3n sobre las m\u00e1quinas utilizadas para el procesamiento de diferentes carnes.<\/p>","protected":false},"excerpt":{"rendered":"<p>Una m\u00e1quina cortadora de carne congelada es un equipo que puede cortar carne congelada en rebanadas en estado congelado. Es una m\u00e1quina especialmente dise\u00f1ada para rebanadas de carne. Puede cortar cabeza de cerdo congelada, pescado, pechuga de pollo, etc.<\/p>","protected":false},"author":1,"featured_media":34048,"parent":0,"template":"","product-type":[589],"class_list":["post-34047","product","type-product","status-publish","has-post-thumbnail","hentry","product-type-meat-cutting-machine"],"_links":{"self":[{"href":"https:\/\/www.meatprocessingmachine.org\/es\/wp-json\/wp\/v2\/product\/34047","targetHints":{"allow":["GET"]}}],"collection":[{"href":"https:\/\/www.meatprocessingmachine.org\/es\/wp-json\/wp\/v2\/product"}],"about":[{"href":"https:\/\/www.meatprocessingmachine.org\/es\/wp-json\/wp\/v2\/types\/product"}],"author":[{"embeddable":true,"href":"https:\/\/www.meatprocessingmachine.org\/es\/wp-json\/wp\/v2\/users\/1"}],"wp:featuredmedia":[{"embeddable":true,"href":"https:\/\/www.meatprocessingmachine.org\/es\/wp-json\/wp\/v2\/media\/34048"}],"wp:attachment":[{"href":"https:\/\/www.meatprocessingmachine.org\/es\/wp-json\/wp\/v2\/media?parent=34047"}],"wp:term":[{"taxonomy":"product-type","embeddable":true,"href":"https:\/\/www.meatprocessingmachine.org\/es\/wp-json\/wp\/v2\/product-type?post=34047"}],"curies":[{"name":"wp","href":"https:\/\/api.w.org\/{rel}","templated":true}]}}