{"id":34714,"date":"2026-02-24T16:23:05","date_gmt":"2026-02-24T08:23:05","guid":{"rendered":"https:\/\/www.meatprocessingmachine.org\/?post_type=product&#038;p=34714"},"modified":"2026-03-06T09:58:31","modified_gmt":"2026-03-06T01:58:31","slug":"fresh-meat-strip-cutting-machine","status":"publish","type":"product","link":"https:\/\/www.meatprocessingmachine.org\/es\/fresh-meat-strip-cutting-machine.html","title":{"rendered":"M\u00e1quina de corte en tiras para carne fresca"},"content":{"rendered":"<div class=\"kk-star-ratings kksr-auto kksr-align-right kksr-valign-top\"     data-payload='{&quot;align&quot;:&quot;right&quot;,&quot;id&quot;:&quot;34714&quot;,&quot;slug&quot;:&quot;default&quot;,&quot;valign&quot;:&quot;top&quot;,&quot;ignore&quot;:&quot;&quot;,&quot;reference&quot;:&quot;auto&quot;,&quot;class&quot;:&quot;&quot;,&quot;count&quot;:&quot;0&quot;,&quot;legendonly&quot;:&quot;&quot;,&quot;readonly&quot;:&quot;&quot;,&quot;score&quot;:&quot;0&quot;,&quot;starsonly&quot;:&quot;&quot;,&quot;best&quot;:&quot;5&quot;,&quot;gap&quot;:&quot;5&quot;,&quot;greet&quot;:&quot;Rate this product&quot;,&quot;legend&quot;:&quot;0\\\/5 - (0 votos)&quot;,&quot;size&quot;:&quot;24&quot;,&quot;title&quot;:&quot;Fresh Meat Strip Cutting Machine&quot;,&quot;width&quot;:&quot;0&quot;,&quot;_legend&quot;:&quot;{score}\\\/{best} - ({count} {votes})&quot;,&quot;font_factor&quot;:&quot;1.25&quot;}'>              <div class=\"kksr-stars\">      <div class=\"kksr-stars-inactive\">             <div class=\"kksr-star\" data-star=\"1\" style=\"padding-right: 5px\">               <div class=\"kksr-icon\" style=\"width: 24px; height: 24px;\"><\/div>         <\/div>             <div class=\"kksr-star\" data-star=\"2\" style=\"padding-right: 5px\">               <div class=\"kksr-icon\" style=\"width: 24px; height: 24px;\"><\/div>         <\/div>             <div class=\"kksr-star\" data-star=\"3\" style=\"padding-right: 5px\">               <div class=\"kksr-icon\" style=\"width: 24px; height: 24px;\"><\/div>         <\/div>             <div class=\"kksr-star\" data-star=\"4\" style=\"padding-right: 5px\">               <div class=\"kksr-icon\" style=\"width: 24px; height: 24px;\"><\/div>         <\/div>             <div class=\"kksr-star\" data-star=\"5\" style=\"padding-right: 5px\">               <div class=\"kksr-icon\" style=\"width: 24px; height: 24px;\"><\/div>         <\/div>     <\/div>      <div class=\"kksr-stars-active\" style=\"width: 0px;\">             <div class=\"kksr-star\" style=\"padding-right: 5px\">               <div class=\"kksr-icon\" style=\"width: 24px; height: 24px;\"><\/div>         <\/div>             <div class=\"kksr-star\" style=\"padding-right: 5px\">               <div class=\"kksr-icon\" style=\"width: 24px; height: 24px;\"><\/div>         <\/div>             <div class=\"kksr-star\" style=\"padding-right: 5px\">               <div class=\"kksr-icon\" style=\"width: 24px; height: 24px;\"><\/div>         <\/div>             <div class=\"kksr-star\" style=\"padding-right: 5px\">               <div class=\"kksr-icon\" style=\"width: 24px; height: 24px;\"><\/div>         <\/div>             <div class=\"kksr-star\" style=\"padding-right: 5px\">               <div class=\"kksr-icon\" style=\"width: 24px; height: 24px;\"><\/div>         <\/div>     <\/div> <\/div>                   <div class=\"kksr-legend\" style=\"font-size: 19.2px;\">             <span class=\"kksr-muted\">Califique este producto<\/span>     <\/div>     <\/div>  <p class=\"translation-block\">La  m\u00e1quina de corte de carne fresca  en tiras  es una m\u00e1quina profesional de procesamiento de carne dise\u00f1ada para cortar carne fresca en  tiras, rebanadas, cubos o trozos .<\/p>    <figure class=\"wp-block-gallery has-nested-images columns-default is-cropped wp-block-gallery-2 is-layout-flex wp-block-gallery-is-layout-flex\"> <figure class=\"wp-block-image size-large\"><img loading=\"lazy\" decoding=\"async\" width=\"720\" height=\"540\" data-id=\"34716\" src=\"https:\/\/www.meatprocessingmachine.org\/wp-content\/uploads\/2026\/02\/Strip-Cut-Fresh-Meat.webp\" alt=\"Carne fresca en tiras\" class=\"wp-image-34716\" title=\"\" srcset=\"https:\/\/www.meatprocessingmachine.org\/wp-content\/uploads\/2026\/02\/Strip-Cut-Fresh-Meat.webp 720w, https:\/\/www.meatprocessingmachine.org\/wp-content\/uploads\/2026\/02\/Strip-Cut-Fresh-Meat-300x225.webp 300w, https:\/\/www.meatprocessingmachine.org\/wp-content\/uploads\/2026\/02\/Strip-Cut-Fresh-Meat-16x12.webp 16w\" sizes=\"auto, (max-width: 720px) 100vw, 720px\" \/><figcaption class=\"wp-element-caption\">Carne fresca en tiras<\/figcaption><\/figure>    <figure class=\"wp-block-image size-large\"><img loading=\"lazy\" decoding=\"async\" width=\"720\" height=\"540\" data-id=\"34715\" src=\"https:\/\/www.meatprocessingmachine.org\/wp-content\/uploads\/2026\/02\/Chunk-Cut-Fresh-Meat.webp\" alt=\"Carne fresca en trozos\" class=\"wp-image-34715\" title=\"\" srcset=\"https:\/\/www.meatprocessingmachine.org\/wp-content\/uploads\/2026\/02\/Chunk-Cut-Fresh-Meat.webp 720w, https:\/\/www.meatprocessingmachine.org\/wp-content\/uploads\/2026\/02\/Chunk-Cut-Fresh-Meat-300x225.webp 300w, https:\/\/www.meatprocessingmachine.org\/wp-content\/uploads\/2026\/02\/Chunk-Cut-Fresh-Meat-16x12.webp 16w\" sizes=\"auto, (max-width: 720px) 100vw, 720px\" \/><figcaption class=\"wp-element-caption\">Carne fresca en trozos<\/figcaption><\/figure> <\/figure>    <p class=\"translation-block\">Taizy ofrece los modelos 340 y 500, con capacidades de producci\u00f3n adaptadas a diferentes necesidades de procesamiento \u2014 el modelo 340 alcanza <strong><mark class=\"has-inline-color has-luminous-vivid-amber-color\">0\u2013600\u202fkg\/h<\/mark><\/strong>, mientras que el modelo 500 puede llegar hasta <strong><mark class=\"has-inline-color has-luminous-vivid-amber-color\">0\u20131000\u202fkg\/h<\/mark><\/strong>.<\/p>   <div class=\"wp-block-image\"> <figure class=\"aligncenter size-full\"><img loading=\"lazy\" decoding=\"async\" width=\"720\" height=\"540\" src=\"https:\/\/www.meatprocessingmachine.org\/wp-content\/uploads\/2026\/02\/Fresh-Meat-Strip-Cutting-Machine.webp\" alt=\"M\u00e1quina de corte en tiras para carne fresca\" class=\"wp-image-34721\" title=\"\" srcset=\"https:\/\/www.meatprocessingmachine.org\/wp-content\/uploads\/2026\/02\/Fresh-Meat-Strip-Cutting-Machine.webp 720w, https:\/\/www.meatprocessingmachine.org\/wp-content\/uploads\/2026\/02\/Fresh-Meat-Strip-Cutting-Machine-300x225.webp 300w, https:\/\/www.meatprocessingmachine.org\/wp-content\/uploads\/2026\/02\/Fresh-Meat-Strip-Cutting-Machine-16x12.webp 16w\" sizes=\"auto, (max-width: 720px) 100vw, 720px\" \/><figcaption class=\"wp-element-caption\">M\u00e1quina de corte en tiras para carne fresca<\/figcaption><\/figure> <\/div>   <p class=\"translation-block\">Hecha de acero inoxidable de alta calidad y equipada con <strong><mark class=\"has-inline-color has-luminous-vivid-amber-color\">440C<\/mark><\/strong> cuchillas de acero inoxidable de alta dureza, la m\u00e1quina asegura un corte afilado y eficiente. El conjunto de cuchillas puede cambiarse r\u00e1pidamente en 1 minuto, permitiendo procesamiento vers\u00e1til en un solo paso para tiras\/rebanadas y un segundo paso para cubos\/trozos.<\/p>    <figure class=\"wp-block-embed is-type-video is-provider-youtube wp-block-embed-youtube wp-embed-aspect-16-9 wp-has-aspect-ratio\"><div class=\"wp-block-embed__wrapper\"> <iframe loading=\"lazy\" title=\"Potente cortadora de tiras de carne fresca para un procesamiento eficiente de carne\" width=\"500\" height=\"281\" src=\"https:\/\/www.youtube.com\/embed\/HYhztLgd1_U?feature=oembed\" frameborder=\"0\" allow=\"accelerometer; autoplay; clipboard-write; encrypted-media; gyroscope; picture-in-picture; web-share\" referrerpolicy=\"strict-origin-when-cross-origin\" allowfullscreen><\/iframe> <\/div><\/figure>    <h2 class=\"wp-block-heading\">Funciones de la cortadora de tiras de carne fresca<\/h2>    <p class=\"translation-block\"><strong><mark class=\"has-inline-color has-luminous-vivid-amber-color\">Corte Multi-Tama\u00f1o, Una M\u00e1quina para M\u00faltiples Usos<\/mark><\/strong><\/p>    <p>La m\u00e1quina puede cortar carne en tiras o rebanadas en un solo paso con tama\u00f1o uniforme y superficies lisas. Tambi\u00e9n soporta un segundo paso para picar o en trozos, cumpliendo diferentes requisitos de producto y mejorando la flexibilidad de producci\u00f3n.<\/p>    <p class=\"translation-block\"><strong><mark class=\"has-inline-color has-luminous-vivid-amber-color\">Dise\u00f1o de Cambio R\u00e1pido de Cuchillas<\/mark><\/strong><\/p>    <p>El conjunto de cuchillas modulares puede ser removido y reemplazado en 1 minuto, reduciendo mucho el tiempo de inactividad y permitiendo cambios r\u00e1pidos entre diferentes tama\u00f1os de producto.<\/p>    <p class=\"translation-block\"><strong><mark class=\"has-inline-color has-luminous-vivid-amber-color\">Opciones de Corte Personalizado<\/mark><\/strong><\/p>    <p>Soporta cuchillas personalizadas para manejar una variedad de materias primas, incluyendo carne con hueso como pollo, pato y pescado, permitiendo cortes precisos.<\/p>   <div class=\"wp-block-image\"> <figure class=\"aligncenter size-full\"><img loading=\"lazy\" decoding=\"async\" width=\"720\" height=\"540\" src=\"https:\/\/www.meatprocessingmachine.org\/wp-content\/uploads\/2026\/02\/Meat-Slicing-Cutting-Machine.webp\" alt=\"M\u00e1quina de corte y rebanado de carne\" class=\"wp-image-34720\" title=\"\" srcset=\"https:\/\/www.meatprocessingmachine.org\/wp-content\/uploads\/2026\/02\/Meat-Slicing-Cutting-Machine.webp 720w, https:\/\/www.meatprocessingmachine.org\/wp-content\/uploads\/2026\/02\/Meat-Slicing-Cutting-Machine-300x225.webp 300w, https:\/\/www.meatprocessingmachine.org\/wp-content\/uploads\/2026\/02\/Meat-Slicing-Cutting-Machine-16x12.webp 16w\" sizes=\"auto, (max-width: 720px) 100vw, 720px\" \/><figcaption class=\"wp-element-caption\">M\u00e1quina de corte y rebanado de carne<\/figcaption><\/figure> <\/div>   <h2 class=\"wp-block-heading\">Materias primas adecuadas<\/h2>    <p>La cortadora de tiras de carne maneja cuatro categor\u00edas principales de materias primas, procesando eficientemente productos sin hueso y con hueso personalizado:<\/p>    <ul class=\"wp-block-list\"> <li><strong>Carne fresca:<\/strong> Cerdo sin hueso, res, cordero y otras carnes frescas<\/li>    <li><strong>Pasteler\u00eda\/Masa:<\/strong> Tiras, rebanadas o cubos de diversos productos de masa<\/li>    <li><strong>Verduras:<\/strong> Verduras de ra\u00edz y de hoja como r\u00e1bano, patata, ra\u00edz de loto y verduras de hoja<\/li>    <li><strong>Productos Especiales:<\/strong> Alimentos cocidos, as\u00ed como aves y pescados con hueso (pollo, pato, pescado) con cuchillas personalizadas<\/li> <\/ul>    <figure class=\"wp-block-gallery has-nested-images columns-default is-cropped wp-block-gallery-3 is-layout-flex wp-block-gallery-is-layout-flex\"> <figure class=\"wp-block-image size-large\"><img loading=\"lazy\" decoding=\"async\" width=\"720\" height=\"540\" data-id=\"34724\" src=\"https:\/\/www.meatprocessingmachine.org\/wp-content\/uploads\/2026\/02\/Lamb.webp\" alt=\"Cordero\" class=\"wp-image-34724\" title=\"\" srcset=\"https:\/\/www.meatprocessingmachine.org\/wp-content\/uploads\/2026\/02\/Lamb.webp 720w, https:\/\/www.meatprocessingmachine.org\/wp-content\/uploads\/2026\/02\/Lamb-300x225.webp 300w, https:\/\/www.meatprocessingmachine.org\/wp-content\/uploads\/2026\/02\/Lamb-16x12.webp 16w\" sizes=\"auto, (max-width: 720px) 100vw, 720px\" \/><figcaption class=\"wp-element-caption\">Cordero<\/figcaption><\/figure>    <figure class=\"wp-block-image size-large\"><img loading=\"lazy\" decoding=\"async\" width=\"720\" height=\"540\" data-id=\"34723\" src=\"https:\/\/www.meatprocessingmachine.org\/wp-content\/uploads\/2026\/02\/Beef.webp\" alt=\"Carne de vacuno\" class=\"wp-image-34723\" title=\"\" srcset=\"https:\/\/www.meatprocessingmachine.org\/wp-content\/uploads\/2026\/02\/Beef.webp 720w, https:\/\/www.meatprocessingmachine.org\/wp-content\/uploads\/2026\/02\/Beef-300x225.webp 300w, https:\/\/www.meatprocessingmachine.org\/wp-content\/uploads\/2026\/02\/Beef-16x12.webp 16w\" sizes=\"auto, (max-width: 720px) 100vw, 720px\" \/><figcaption class=\"wp-element-caption\">Carne de vacuno<\/figcaption><\/figure>    <figure class=\"wp-block-image size-large\"><img loading=\"lazy\" decoding=\"async\" width=\"720\" height=\"540\" data-id=\"34725\" src=\"https:\/\/www.meatprocessingmachine.org\/wp-content\/uploads\/2026\/02\/Potato-Slices.webp\" alt=\"Rebanadas de patata\" class=\"wp-image-34725\" title=\"\" srcset=\"https:\/\/www.meatprocessingmachine.org\/wp-content\/uploads\/2026\/02\/Potato-Slices.webp 720w, https:\/\/www.meatprocessingmachine.org\/wp-content\/uploads\/2026\/02\/Potato-Slices-300x225.webp 300w, https:\/\/www.meatprocessingmachine.org\/wp-content\/uploads\/2026\/02\/Potato-Slices-16x12.webp 16w\" sizes=\"auto, (max-width: 720px) 100vw, 720px\" \/><figcaption class=\"wp-element-caption\">Rebanadas de patata<\/figcaption><\/figure> <\/figure>    <h2 class=\"wp-block-heading\">\u00bfCu\u00e1les son las ventajas principales de la cortadora de tiras de carne fresca?<\/h2>    <div class=\"wp-block-columns is-layout-flex wp-container-core-columns-is-layout-9d6595d7 wp-block-columns-is-layout-flex\"> <div class=\"wp-block-column is-layout-flow wp-block-column-is-layout-flow\"> <p class=\"has-text-align-center translation-block\"><strong><mark class=\"has-inline-color has-luminous-vivid-amber-color\">Alta Capacidad de Producci\u00f3n<\/mark><\/strong><\/p>    <p>El modelo 340 alcanza 0\u2013600\u202fkg\/h, y el modelo 500 hasta 0\u20131000\u202fkg\/h, cumpliendo con las necesidades de plantas de procesamiento peque\u00f1as y grandes, permitiendo un procesamiento por lotes eficiente.<\/p> <\/div>    <div class=\"wp-block-column is-layout-flow wp-block-column-is-layout-flow\"> <p class=\"has-text-align-center translation-block\"><strong><mark class=\"has-inline-color has-luminous-vivid-amber-color\">Sistema de Motor Potente<\/mark><\/strong><\/p>    <p>Equipado con un motor de 1.5\u202fkW, la m\u00e1quina funciona suavemente con potencia suficiente, soportando operaciones continuas prolongadas y producci\u00f3n estable.<\/p> <\/div> <\/div>    <div class=\"wp-block-columns is-layout-flex wp-container-core-columns-is-layout-9d6595d7 wp-block-columns-is-layout-flex\"> <div class=\"wp-block-column is-layout-flow wp-block-column-is-layout-flow\"> <p class=\"has-text-align-center translation-block\"><strong><mark class=\"has-inline-color has-luminous-vivid-amber-color\">Gran Capacidad de Alimentaci\u00f3n<\/mark><\/strong><\/p>    <p>Puede manejar piezas grandes de carne fresca o masa con facilidad, mejorando la utilizaci\u00f3n de materia prima.<\/p> <\/div>    <div class=\"wp-block-column is-layout-flow wp-block-column-is-layout-flow\"> <p class=\"has-text-align-center translation-block\"><strong><mark class=\"has-inline-color has-luminous-vivid-amber-color\">Materiales duraderos y de alta calidad<\/mark><\/strong><\/p>    <p>Hecha de acero inoxidable de primera calidad, resistente a la corrosi\u00f3n y f\u00e1cil de limpiar, cumpliendo con los est\u00e1ndares de higiene alimentaria. Las cuchillas son de acero inoxidable 440C, afiladas y resistentes para un rendimiento duradero.<\/p> <\/div> <\/div>    <div class=\"wp-block-columns is-layout-flex wp-container-core-columns-is-layout-9d6595d7 wp-block-columns-is-layout-flex\"> <div class=\"wp-block-column is-layout-flow wp-block-column-is-layout-flow\"> <p class=\"has-text-align-center translation-block\"><strong><mark class=\"has-inline-color has-luminous-vivid-amber-color\">Operaci\u00f3n sencilla<\/mark><\/strong><\/p>    <p>Dise\u00f1o integrado con cambio r\u00e1pido de cuchillas y corte multifunci\u00f3n que reduce pasos manuales y mejora la eficiencia del procesamiento.<\/p> <\/div>    <div class=\"wp-block-column is-layout-flow wp-block-column-is-layout-flow\"> <p class=\"has-text-align-center translation-block\"><strong><mark class=\"has-inline-color has-luminous-vivid-amber-color\">Funciones de Corte Vers\u00e1tiles<\/mark><\/strong><\/p>    <p>Soporta corte en tiras, rebanadas, cubos y trozos. El corte en tiras o rebanadas en un paso y el picado en un segundo paso ofrecen opciones de procesamiento flexibles para diferentes requisitos de producto.<\/p> <\/div> <\/div>   <div class=\"wp-block-image\"> <figure class=\"aligncenter size-full\"><img loading=\"lazy\" decoding=\"async\" width=\"720\" height=\"540\" src=\"https:\/\/www.meatprocessingmachine.org\/wp-content\/uploads\/2026\/02\/Fresh-Meat-Strip-Cutting-Machine-For-Sale.webp\" alt=\"Cortadora de Tiras de Carne Fresca en Venta\" class=\"wp-image-34718\" title=\"\" srcset=\"https:\/\/www.meatprocessingmachine.org\/wp-content\/uploads\/2026\/02\/Fresh-Meat-Strip-Cutting-Machine-For-Sale.webp 720w, https:\/\/www.meatprocessingmachine.org\/wp-content\/uploads\/2026\/02\/Fresh-Meat-Strip-Cutting-Machine-For-Sale-300x225.webp 300w, https:\/\/www.meatprocessingmachine.org\/wp-content\/uploads\/2026\/02\/Fresh-Meat-Strip-Cutting-Machine-For-Sale-16x12.webp 16w\" sizes=\"auto, (max-width: 720px) 100vw, 720px\" \/><figcaption class=\"wp-element-caption\">Cortadora de Tiras de Carne Fresca en Venta<\/figcaption><\/figure> <\/div>   <h2 class=\"wp-block-heading\">Par\u00e1metros t\u00e9cnicos<\/h2>    <figure class=\"wp-block-table\"><table class=\"has-fixed-layout\"><thead><tr><th>Par\u00e1metro<\/th><th>Cortador de Tiras de Carne Fresca Modelo 340<\/th><th>Cortador de Tiras de Carne Fresca Modelo 500<\/th><\/tr><\/thead><tbody><tr><td>Potencia del motor<\/td><td>1.5\u202fkW<\/td><td>1.5\u202fkW<\/td><\/tr><tr><td>Voltaje<\/td><td>380\u202fV<\/td><td>380\u202fV<\/td><\/tr><tr><td>Tama\u00f1o m\u00e1ximo de alimentaci\u00f3n<\/td><td>1000 \u00d7 330 \u00d7 70\u202fmm<\/td><td>1000 \u00d7 480 \u00d7 70\u202fmm<\/td><\/tr><tr><td>Capacidad de producci\u00f3n<\/td><td>0\u2013600\u202fkg\/h<\/td><td>0\u20131000\u202fkg\/h<\/td><\/tr><tr><td>Peso de la m\u00e1quina<\/td><td>180\u202fkg<\/td><td>200\u202fkg<\/td><\/tr><tr><td>Dimensiones (L \u00d7 An \u00d7 Al)<\/td><td>1680 \u00d7 680 \u00d7 1160\u202fmm<\/td><td>1680 \u00d7 860 \u00d7 1160\u202fmm<\/td><\/tr><\/tbody><\/table><\/figure>   <div class=\"wp-block-image\"> <figure class=\"aligncenter size-full\"><img loading=\"lazy\" decoding=\"async\" width=\"720\" height=\"540\" src=\"https:\/\/www.meatprocessingmachine.org\/wp-content\/uploads\/2026\/02\/Fresh-Meat-Strip-Cutter.webp\" alt=\"Cortador de Tiras de Carne Fresca\" class=\"wp-image-34717\" title=\"\" srcset=\"https:\/\/www.meatprocessingmachine.org\/wp-content\/uploads\/2026\/02\/Fresh-Meat-Strip-Cutter.webp 720w, https:\/\/www.meatprocessingmachine.org\/wp-content\/uploads\/2026\/02\/Fresh-Meat-Strip-Cutter-300x225.webp 300w, https:\/\/www.meatprocessingmachine.org\/wp-content\/uploads\/2026\/02\/Fresh-Meat-Strip-Cutter-16x12.webp 16w\" sizes=\"auto, (max-width: 720px) 100vw, 720px\" \/><figcaption class=\"wp-element-caption\">Cortador de Tiras de Carne Fresca<\/figcaption><\/figure> <\/div>   <h2 class=\"wp-block-heading\">\u00bfPor qu\u00e9 elegir la cortadora de tiras de carne fresca Taizy?<\/h2>    <p class=\"translation-block\"><strong>Certificaci\u00f3n Confiable, Calidad Garantizada<\/strong><\/p>    <p>Las m\u00e1quinas cortadoras de tiras de carne fresca Taizy poseen m\u00faltiples certificaciones internacionales, incluyendo ISO9001, CE, y pruebas por SGS y TUV. Cada paso, desde el dise\u00f1o y la producci\u00f3n hasta la entrega, cumple con est\u00e1ndares internacionales de calidad y seguridad, garantizando un rendimiento reconocido globalmente.<\/p>    <p class=\"translation-block\"><strong>Servicio postventa integral<\/strong><\/p>    <ul class=\"wp-block-list\"> <li><strong>Garant\u00eda extendida:<\/strong> Todas las m\u00e1quinas incluyen una garant\u00eda gratuita de 1 a\u00f1o. Las reparaciones o reemplazos por da\u00f1os no humanos se realizan sin costo.<\/li>    <li><strong>Gu\u00eda Completa de Instalaci\u00f3n:<\/strong> Manuals estandarizados y soporte remoto profesional ayudan a las empresas a configurar r\u00e1pidamente la m\u00e1quina.<\/li>    <li><strong>Soporte en Sitio:<\/strong> Para instalaciones complejas, se pueden enviar ingenieros para manejar la instalaci\u00f3n, puesta en marcha y capacitaci\u00f3n de operadores, asegurando un inicio r\u00e1pido de la producci\u00f3n.<\/li> <\/ul>    <p>Desde el dise\u00f1o central y la calidad certificada hasta el soporte postventa completo, las m\u00e1quinas cortadoras de tiras de carne fresca Taizy empoderan a las empresas de procesamiento de alimentos y son la opci\u00f3n preferida en corte y procesamiento de carne.<\/p>    <p class=\"translation-block\">Adem\u00e1s de la cortadora de tiras de carne fresca, tambi\u00e9n ofrecemos <strong><a href=\"https:\/\/www.meatprocessingmachine.org\/es\/products\/meat-cutting-machine\/\">m\u00e1quinas de corte de carne fresca<\/a><\/strong> y otros equipos de procesamiento de carne para apoyar sus necesidades de producci\u00f3n. Si est\u00e1 interesado, no dude en contactarnos para m\u00e1s detalles.<\/p>   <div class=\"wp-block-image\"> <figure class=\"aligncenter size-full\"><img loading=\"lazy\" decoding=\"async\" width=\"720\" height=\"540\" src=\"https:\/\/www.meatprocessingmachine.org\/wp-content\/uploads\/2026\/02\/Industrial-Meat-Slicing-Machine.webp\" alt=\"M\u00e1quina de rebanado de carne industrial\" class=\"wp-image-34648\" title=\"\" srcset=\"https:\/\/www.meatprocessingmachine.org\/wp-content\/uploads\/2026\/02\/Industrial-Meat-Slicing-Machine.webp 720w, https:\/\/www.meatprocessingmachine.org\/wp-content\/uploads\/2026\/02\/Industrial-Meat-Slicing-Machine-300x225.webp 300w, https:\/\/www.meatprocessingmachine.org\/wp-content\/uploads\/2026\/02\/Industrial-Meat-Slicing-Machine-16x12.webp 16w\" sizes=\"auto, (max-width: 720px) 100vw, 720px\" \/><figcaption class=\"wp-element-caption\">M\u00e1quina de rebanado de carne industrial<\/figcaption><\/figure> <\/div>","protected":false},"excerpt":{"rendered":"<p>The fresh meat strip cutting machine is a professional meat processing machine designed for cutting fresh meat into strips, slices, cubes, or chunks. Taizy offers the 340 and 500 models, with production capacities tailored to different processing needs \u2014 the 340 model reaches 0\u2013600\u202fkg\/h, while the 500 model can go up to 0\u20131000\u202fkg\/h. Made of [&hellip;]<\/p>\n","protected":false},"author":1,"featured_media":34727,"parent":0,"template":"","product-type":[582,583,589],"class_list":["post-34714","product","type-product","status-publish","has-post-thumbnail","hentry","product-type-cattle-sheep","product-type-chicken-turkey","product-type-meat-cutting-machine"],"_links":{"self":[{"href":"https:\/\/www.meatprocessingmachine.org\/es\/wp-json\/wp\/v2\/product\/34714","targetHints":{"allow":["GET"]}}],"collection":[{"href":"https:\/\/www.meatprocessingmachine.org\/es\/wp-json\/wp\/v2\/product"}],"about":[{"href":"https:\/\/www.meatprocessingmachine.org\/es\/wp-json\/wp\/v2\/types\/product"}],"author":[{"embeddable":true,"href":"https:\/\/www.meatprocessingmachine.org\/es\/wp-json\/wp\/v2\/users\/1"}],"wp:featuredmedia":[{"embeddable":true,"href":"https:\/\/www.meatprocessingmachine.org\/es\/wp-json\/wp\/v2\/media\/34727"}],"wp:attachment":[{"href":"https:\/\/www.meatprocessingmachine.org\/es\/wp-json\/wp\/v2\/media?parent=34714"}],"wp:term":[{"taxonomy":"product-type","embeddable":true,"href":"https:\/\/www.meatprocessingmachine.org\/es\/wp-json\/wp\/v2\/product-type?post=34714"}],"curies":[{"name":"wp","href":"https:\/\/api.w.org\/{rel}","templated":true}]}}