{"id":53,"date":"2018-10-25T03:50:05","date_gmt":"2018-10-24T19:50:05","guid":{"rendered":"http:\/\/www.meatprocessingmachine.org\/?p=53"},"modified":"2026-02-12T16:43:38","modified_gmt":"2026-02-12T08:43:38","slug":"meat-saline-injection-machine","status":"publish","type":"product","link":"https:\/\/www.meatprocessingmachine.org\/es\/meat-saline-injection-machine.html","title":{"rendered":"M\u00e1quina inyectora de salmuera | m\u00e1quina de inyecci\u00f3n salina"},"content":{"rendered":"<div class=\"kk-star-ratings kksr-auto kksr-align-right kksr-valign-top\"     data-payload='{&quot;align&quot;:&quot;right&quot;,&quot;id&quot;:&quot;53&quot;,&quot;slug&quot;:&quot;default&quot;,&quot;valign&quot;:&quot;top&quot;,&quot;ignore&quot;:&quot;&quot;,&quot;reference&quot;:&quot;auto&quot;,&quot;class&quot;:&quot;&quot;,&quot;count&quot;:&quot;0&quot;,&quot;legendonly&quot;:&quot;&quot;,&quot;readonly&quot;:&quot;&quot;,&quot;score&quot;:&quot;0&quot;,&quot;starsonly&quot;:&quot;&quot;,&quot;best&quot;:&quot;5&quot;,&quot;gap&quot;:&quot;5&quot;,&quot;greet&quot;:&quot;Rate this product&quot;,&quot;legend&quot;:&quot;0\\\/5 - (0 votos)&quot;,&quot;size&quot;:&quot;24&quot;,&quot;title&quot;:&quot;Brine injector machine | saline injection machine&quot;,&quot;width&quot;:&quot;0&quot;,&quot;_legend&quot;:&quot;{score}\\\/{best} - ({count} {votes})&quot;,&quot;font_factor&quot;:&quot;1.25&quot;}'>              <div class=\"kksr-stars\">      <div class=\"kksr-stars-inactive\">             <div class=\"kksr-star\" data-star=\"1\" style=\"padding-right: 5px\">               <div class=\"kksr-icon\" style=\"width: 24px; height: 24px;\"><\/div>         <\/div>             <div class=\"kksr-star\" data-star=\"2\" style=\"padding-right: 5px\">               <div class=\"kksr-icon\" style=\"width: 24px; height: 24px;\"><\/div>         <\/div>             <div class=\"kksr-star\" data-star=\"3\" style=\"padding-right: 5px\">               <div class=\"kksr-icon\" style=\"width: 24px; height: 24px;\"><\/div>         <\/div>             <div class=\"kksr-star\" data-star=\"4\" style=\"padding-right: 5px\">               <div class=\"kksr-icon\" style=\"width: 24px; height: 24px;\"><\/div>         <\/div>             <div class=\"kksr-star\" data-star=\"5\" style=\"padding-right: 5px\">               <div class=\"kksr-icon\" style=\"width: 24px; height: 24px;\"><\/div>         <\/div>     <\/div>      <div class=\"kksr-stars-active\" style=\"width: 0px;\">             <div class=\"kksr-star\" style=\"padding-right: 5px\">               <div class=\"kksr-icon\" style=\"width: 24px; height: 24px;\"><\/div>         <\/div>             <div class=\"kksr-star\" style=\"padding-right: 5px\">               <div class=\"kksr-icon\" style=\"width: 24px; height: 24px;\"><\/div>         <\/div>             <div class=\"kksr-star\" style=\"padding-right: 5px\">               <div class=\"kksr-icon\" style=\"width: 24px; height: 24px;\"><\/div>         <\/div>             <div class=\"kksr-star\" style=\"padding-right: 5px\">               <div class=\"kksr-icon\" style=\"width: 24px; height: 24px;\"><\/div>         <\/div>             <div class=\"kksr-star\" style=\"padding-right: 5px\">               <div class=\"kksr-icon\" style=\"width: 24px; height: 24px;\"><\/div>         <\/div>     <\/div> <\/div>                   <div class=\"kksr-legend\" style=\"font-size: 19.2px;\">             <span class=\"kksr-muted\">Califique este producto<\/span>     <\/div>     <\/div> <p>Esta m\u00e1quina inyectora de salmuera se utiliza para inyectar salina, almid\u00f3n, prote\u00edna de soja y otros materiales auxiliares en la carne para marinarla completamente. Basada en tecnolog\u00eda avanzada y dispositivos mec\u00e1nicos, puede realizar una marinada r\u00e1pida, mejorar el sabor, mantener la nutrici\u00f3n de la carne, etc.<\/p> <h2>Principio de funcionamiento del inyector de salmuera autom\u00e1tico<\/h2> <p>\u00a0 1. La m\u00e1quina de inyecci\u00f3n salina adopta un paso de forma de diente para alimentar la carne, con una distancia de paso precisa. Los materiales de carne utilizan tres barras de rejilla desmontables para soportar, y la aguja de entrada adopta un resorte para controlar, con el fin de inyectar la carne con hueso.<\/p> <p>\u00a0 2. Esta m\u00e1quina puede ajustar la velocidad de paso, la distancia de paso, el espacio de la placa de prensado de carne y la presi\u00f3n de inyecci\u00f3n seg\u00fan diferentes materiales c\u00e1rnicos, para obtener el efecto ideal.<\/p> <p>\u00a0 3. Esta m\u00e1quina adopta una filtraci\u00f3n de cuatro niveles para prevenir el bloqueo de agujas, es un equipo ideal para procesar carne.<\/p>   <figure class=\"wp-block-image size-large is-resized\"><img loading=\"lazy\" decoding=\"async\" src=\"http:\/\/www.meatprocessingmachine.org\/wp-content\/uploads\/2018\/10\/Brine-injector-machine.jpg\" alt=\"M\u00e1quina inyectora de salmuera\" class=\"wp-image-702\" width=\"691\" height=\"691\" title=\"\" srcset=\"https:\/\/www.meatprocessingmachine.org\/wp-content\/uploads\/2018\/10\/Brine-injector-machine.jpg 550w, https:\/\/www.meatprocessingmachine.org\/wp-content\/uploads\/2018\/10\/Brine-injector-machine-300x300.jpg 300w, https:\/\/www.meatprocessingmachine.org\/wp-content\/uploads\/2018\/10\/Brine-injector-machine-150x150.jpg 150w\" sizes=\"auto, (max-width: 691px) 100vw, 691px\" \/><figcaption class=\"wp-element-caption\">M\u00e1quina de Inyecci\u00f3n de Salmuera<\/figcaption><\/figure>    <h2 class=\"wp-block-heading\">Par\u00e1metro t\u00e9cnico de la m\u00e1quina de inyecci\u00f3n de salmuera<\/h2>    <figure class=\"wp-block-gallery has-nested-images columns-default is-cropped wp-block-gallery-2 is-layout-flex wp-block-gallery-is-layout-flex\"> <figure class=\"wp-block-image size-large\"><img loading=\"lazy\" decoding=\"async\" width=\"720\" height=\"540\" data-id=\"34217\" src=\"https:\/\/www.meatprocessingmachine.org\/wp-content\/uploads\/2018\/10\/Brine-injector-machine-details.webp\" alt=\"Detalles de la m\u00e1quina inyectora de salmuera\" class=\"wp-image-34217\" title=\"\" srcset=\"https:\/\/www.meatprocessingmachine.org\/wp-content\/uploads\/2018\/10\/Brine-injector-machine-details.webp 720w, https:\/\/www.meatprocessingmachine.org\/wp-content\/uploads\/2018\/10\/Brine-injector-machine-details-300x225.webp 300w\" sizes=\"auto, (max-width: 720px) 100vw, 720px\" \/><figcaption class=\"wp-element-caption\">Detalles de la M\u00e1quina de Inyecci\u00f3n Salina<\/figcaption><\/figure>    <figure class=\"wp-block-image size-large\"><img loading=\"lazy\" decoding=\"async\" width=\"720\" height=\"540\" data-id=\"34218\" src=\"https:\/\/www.meatprocessingmachine.org\/wp-content\/uploads\/2018\/10\/Brine-injector-machine-details-1.webp\" alt=\"Detalles de la m\u00e1quina inyectora de salmuera\" class=\"wp-image-34218\" title=\"\" srcset=\"https:\/\/www.meatprocessingmachine.org\/wp-content\/uploads\/2018\/10\/Brine-injector-machine-details-1.webp 720w, https:\/\/www.meatprocessingmachine.org\/wp-content\/uploads\/2018\/10\/Brine-injector-machine-details-1-300x225.webp 300w\" sizes=\"auto, (max-width: 720px) 100vw, 720px\" \/><figcaption class=\"wp-element-caption\">Detalles de la M\u00e1quina de Inyecci\u00f3n Salina<\/figcaption><\/figure>    <figure class=\"wp-block-image size-large\"><img loading=\"lazy\" decoding=\"async\" width=\"720\" height=\"540\" data-id=\"34219\" src=\"https:\/\/www.meatprocessingmachine.org\/wp-content\/uploads\/2018\/10\/Brine-injector-machine-details-2.webp\" alt=\"Detalles de la m\u00e1quina inyectora de salmuera\" class=\"wp-image-34219\" title=\"\" srcset=\"https:\/\/www.meatprocessingmachine.org\/wp-content\/uploads\/2018\/10\/Brine-injector-machine-details-2.webp 720w, https:\/\/www.meatprocessingmachine.org\/wp-content\/uploads\/2018\/10\/Brine-injector-machine-details-2-300x225.webp 300w\" sizes=\"auto, (max-width: 720px) 100vw, 720px\" \/><figcaption class=\"wp-element-caption\">Detalles de la M\u00e1quina de Inyecci\u00f3n Salina<\/figcaption><\/figure>    <figure class=\"wp-block-image size-large\"><img loading=\"lazy\" decoding=\"async\" width=\"720\" height=\"540\" data-id=\"34220\" src=\"https:\/\/www.meatprocessingmachine.org\/wp-content\/uploads\/2018\/10\/Brine-injector-machine-details-3.webp\" alt=\"Detalles de la m\u00e1quina inyectora de salmuera\" class=\"wp-image-34220\" title=\"\" srcset=\"https:\/\/www.meatprocessingmachine.org\/wp-content\/uploads\/2018\/10\/Brine-injector-machine-details-3.webp 720w, https:\/\/www.meatprocessingmachine.org\/wp-content\/uploads\/2018\/10\/Brine-injector-machine-details-3-300x225.webp 300w\" sizes=\"auto, (max-width: 720px) 100vw, 720px\" \/><figcaption class=\"wp-element-caption\">Detalles de la M\u00e1quina de Inyecci\u00f3n Salina<\/figcaption><\/figure> <\/figure>    <figure class=\"wp-block-table\"><table><tbody><tr><td>Modelo<\/td><td>SL-48<\/td><td>SL-60<\/td><td>SL-80<\/td><td>SL-108<\/td><td>SL-180<\/td><\/tr><tr><td>Voltaje (v)<\/td><td>&nbsp;380<\/td><td>&nbsp;380<\/td><td>&nbsp;380<\/td><td>&nbsp;380<\/td><td>&nbsp;380<\/td><\/tr><tr><td>Potencia (kW)<\/td><td>&nbsp;4.1<\/td><td>&nbsp;4.1<\/td><td>&nbsp;5.1<\/td><td>&nbsp;6.2<\/td><td>&nbsp;7<\/td><\/tr><tr><td>Capacidad (kg\/h)<\/td><td>&nbsp;200-300<\/td><td>&nbsp;300-500<\/td><td>500-700&nbsp;<\/td><td>700-900&nbsp;<\/td><td>900-1000&nbsp;<\/td><\/tr><tr><td>Presi\u00f3n de inyecci\u00f3n (Mpa)<\/td><td>&nbsp;0.45-0.9<\/td><td>&nbsp;&nbsp;0.45-0.9<\/td><td>&nbsp;&nbsp;0.45-0.9<\/td><td>&nbsp;&nbsp;0.45-0.9<\/td><td>&nbsp;&nbsp;0.45-0.9<\/td><\/tr><tr><td>Tiempo de inyecci\u00f3n<\/td><td>&nbsp;15-40<\/td><td>15-40&nbsp;<\/td><td>15-50&nbsp;<\/td><td>15-50&nbsp;<\/td><td>15-50&nbsp;<\/td><\/tr><tr><td>Tasa de inyecci\u00f3n<\/td><td>&nbsp;40-80%<\/td><td>40-80%&nbsp;<\/td><td>&nbsp;40-80%<\/td><td>&nbsp;60-90%<\/td><td>&nbsp;60-90%<\/td><\/tr><tr><td>Velocidad de caminata<\/td><td>&nbsp;40-70<\/td><td>&nbsp;40-70<\/td><td>&nbsp;40-70<\/td><td>40-70&nbsp;<\/td><td>&nbsp;40-70<\/td><\/tr><tr><td>Dimensi\u00f3n<br>(mm)<\/td><td>1350*750<br>*1650&nbsp;<\/td><td>&nbsp;1550*880<br>*1650<\/td><td>&nbsp;1550*1060<br>*1720<\/td><td>&nbsp;1850*1350<br>*1800<\/td><td>&nbsp;1950*1350<br>*1850<\/td><\/tr><tr><td>Peso (kg)<\/td><td>&nbsp;250<\/td><td>320&nbsp;<\/td><td>320&nbsp;<\/td><td>430&nbsp;<\/td><td>520&nbsp;<\/td><\/tr><\/tbody><\/table><figcaption class=\"wp-element-caption\">m\u00e1quina de inyecci\u00f3n de salina<\/figcaption><\/figure>    <h2 class=\"wp-block-heading\">\u00bfC\u00f3mo usar la m\u00e1quina de inyecci\u00f3n de salmuera?<\/h2>    <figure class=\"wp-block-gallery has-nested-images columns-default is-cropped wp-block-gallery-3 is-layout-flex wp-block-gallery-is-layout-flex\"> <figure class=\"wp-block-image size-large\"><img loading=\"lazy\" decoding=\"async\" width=\"720\" height=\"540\" data-id=\"34221\" src=\"https:\/\/www.meatprocessingmachine.org\/wp-content\/uploads\/2018\/10\/saline-injection-machine.webp\" alt=\"m\u00e1quina de inyecci\u00f3n de salina\" class=\"wp-image-34221\" title=\"\" srcset=\"https:\/\/www.meatprocessingmachine.org\/wp-content\/uploads\/2018\/10\/saline-injection-machine.webp 720w, https:\/\/www.meatprocessingmachine.org\/wp-content\/uploads\/2018\/10\/saline-injection-machine-300x225.webp 300w\" sizes=\"auto, (max-width: 720px) 100vw, 720px\" \/><figcaption class=\"wp-element-caption\">M\u00e1quina de Inyecci\u00f3n de Salina<\/figcaption><\/figure>    <figure class=\"wp-block-image size-large\"><img loading=\"lazy\" decoding=\"async\" width=\"720\" height=\"540\" data-id=\"34223\" src=\"https:\/\/www.meatprocessingmachine.org\/wp-content\/uploads\/2018\/10\/saline-injection-machine-1.webp\" alt=\"m\u00e1quina de inyecci\u00f3n de salina\" class=\"wp-image-34223\" title=\"\" srcset=\"https:\/\/www.meatprocessingmachine.org\/wp-content\/uploads\/2018\/10\/saline-injection-machine-1.webp 720w, https:\/\/www.meatprocessingmachine.org\/wp-content\/uploads\/2018\/10\/saline-injection-machine-1-300x225.webp 300w\" sizes=\"auto, (max-width: 720px) 100vw, 720px\" \/><figcaption class=\"wp-element-caption\">M\u00e1quina de Inyecci\u00f3n de Salina<\/figcaption><\/figure> <\/figure>    <p class=\"translation-block\">La m\u00e1quina de inyecci\u00f3n salina se puede combinar con la<a href=\"https:\/\/www.meatprocessingmachine.org\/es\/vacuum-tumbler-machine.html\/\"> m\u00e1quina tumbler<\/a> para trabajar, puede reducir el tiempo de procesamiento del volteo, y la m\u00e1quina tumbler puede resolver la falta de uniformidad de la salmuera despu\u00e9s de la inyecci\u00f3n, pueden complementarse entre s\u00ed.<\/p>   <h2>Caracter\u00edsticas de la m\u00e1quina de inyecci\u00f3n de salmuera<\/h2> <p>1. Adopta materiales de acero inoxidable SUS 304 con una estructura simple y operaci\u00f3n conveniente.<br>2. Dise\u00f1o y estructura razonables, f\u00e1cil de limpiar, larga vida \u00fatil.<br>3. Esta m\u00e1quina est\u00e1 equipada con un dispositivo de protecci\u00f3n autom\u00e1tica, si la aguja de entrada toca cualquier materia dura, se levantar\u00e1 sin da\u00f1o. <br>4. La caja de distribuci\u00f3n es de acero inoxidable y a prueba de agua<\/p>   <figure class=\"wp-block-gallery has-nested-images columns-default is-cropped wp-block-gallery-4 is-layout-flex wp-block-gallery-is-layout-flex\"> <figure class=\"wp-block-image size-large\"><img loading=\"lazy\" decoding=\"async\" width=\"720\" height=\"540\" data-id=\"34215\" src=\"https:\/\/www.meatprocessingmachine.org\/wp-content\/uploads\/2018\/10\/Brine-injector-machine-3.webp\" alt=\"M\u00e1quina inyectora de salmuera\" class=\"wp-image-34215\" title=\"\" srcset=\"https:\/\/www.meatprocessingmachine.org\/wp-content\/uploads\/2018\/10\/Brine-injector-machine-3.webp 720w, https:\/\/www.meatprocessingmachine.org\/wp-content\/uploads\/2018\/10\/Brine-injector-machine-3-300x225.webp 300w\" sizes=\"auto, (max-width: 720px) 100vw, 720px\" \/><figcaption class=\"wp-element-caption\">M\u00e1quina de Inyecci\u00f3n de Salina<\/figcaption><\/figure>    <figure class=\"wp-block-image size-large\"><img loading=\"lazy\" decoding=\"async\" width=\"720\" height=\"540\" data-id=\"34214\" src=\"https:\/\/www.meatprocessingmachine.org\/wp-content\/uploads\/2018\/10\/Brine-injector-machine-2.webp\" alt=\"Detalles de la m\u00e1quina inyectora de salmuera\" class=\"wp-image-34214\" title=\"\" srcset=\"https:\/\/www.meatprocessingmachine.org\/wp-content\/uploads\/2018\/10\/Brine-injector-machine-2.webp 720w, https:\/\/www.meatprocessingmachine.org\/wp-content\/uploads\/2018\/10\/Brine-injector-machine-2-300x225.webp 300w\" sizes=\"auto, (max-width: 720px) 100vw, 720px\" \/><figcaption class=\"wp-element-caption\">Detalles de la M\u00e1quina Inyectora de Salmuera<\/figcaption><\/figure>    <figure class=\"wp-block-image size-large\"><img loading=\"lazy\" decoding=\"async\" width=\"720\" height=\"540\" data-id=\"34213\" src=\"https:\/\/www.meatprocessingmachine.org\/wp-content\/uploads\/2018\/10\/Brine-injector-machine-1.webp\" alt=\"M\u00e1quina inyectora de salmuera\" class=\"wp-image-34213\" title=\"\" srcset=\"https:\/\/www.meatprocessingmachine.org\/wp-content\/uploads\/2018\/10\/Brine-injector-machine-1.webp 720w, https:\/\/www.meatprocessingmachine.org\/wp-content\/uploads\/2018\/10\/Brine-injector-machine-1-300x225.webp 300w\" sizes=\"auto, (max-width: 720px) 100vw, 720px\" \/><figcaption class=\"wp-element-caption\">M\u00e1quina de Inyecci\u00f3n de Salina<\/figcaption><\/figure> <\/figure>","protected":false},"excerpt":{"rendered":"<p>La m\u00e1quina inyectora de salmuera se utiliza para inyectar agua salada, almid\u00f3n, prote\u00edna y otros materiales auxiliares en la carne para un curado completo, de modo que se logre un curado r\u00e1pido, se mejore el sabor y se mantenga la nutrici\u00f3n de la carne<\/p>","protected":false},"author":1,"featured_media":34211,"parent":0,"template":"","product-type":[598],"class_list":["post-53","product","type-product","status-publish","has-post-thumbnail","hentry","product-type-supporting-auxiliary-equipment"],"_links":{"self":[{"href":"https:\/\/www.meatprocessingmachine.org\/es\/wp-json\/wp\/v2\/product\/53","targetHints":{"allow":["GET"]}}],"collection":[{"href":"https:\/\/www.meatprocessingmachine.org\/es\/wp-json\/wp\/v2\/product"}],"about":[{"href":"https:\/\/www.meatprocessingmachine.org\/es\/wp-json\/wp\/v2\/types\/product"}],"author":[{"embeddable":true,"href":"https:\/\/www.meatprocessingmachine.org\/es\/wp-json\/wp\/v2\/users\/1"}],"wp:featuredmedia":[{"embeddable":true,"href":"https:\/\/www.meatprocessingmachine.org\/es\/wp-json\/wp\/v2\/media\/34211"}],"wp:attachment":[{"href":"https:\/\/www.meatprocessingmachine.org\/es\/wp-json\/wp\/v2\/media?parent=53"}],"wp:term":[{"taxonomy":"product-type","embeddable":true,"href":"https:\/\/www.meatprocessingmachine.org\/es\/wp-json\/wp\/v2\/product-type?post=53"}],"curies":[{"name":"wp","href":"https:\/\/api.w.org\/{rel}","templated":true}]}}