{"id":764,"date":"2020-06-22T06:39:37","date_gmt":"2020-06-21T22:39:37","guid":{"rendered":"http:\/\/www.meatprocessingmachine.org\/?p=764"},"modified":"2026-02-12T16:40:44","modified_gmt":"2026-02-12T08:40:44","slug":"vacuum-stuffing-machine","status":"publish","type":"product","link":"https:\/\/www.meatprocessingmachine.org\/es\/vacuum-stuffing-machine.html","title":{"rendered":"M\u00e1quina de Embutido al Vac\u00edo"},"content":{"rendered":"<div class=\"kk-star-ratings kksr-auto kksr-align-right kksr-valign-top\"     data-payload='{&quot;align&quot;:&quot;right&quot;,&quot;id&quot;:&quot;764&quot;,&quot;slug&quot;:&quot;default&quot;,&quot;valign&quot;:&quot;top&quot;,&quot;ignore&quot;:&quot;&quot;,&quot;reference&quot;:&quot;auto&quot;,&quot;class&quot;:&quot;&quot;,&quot;count&quot;:&quot;0&quot;,&quot;legendonly&quot;:&quot;&quot;,&quot;readonly&quot;:&quot;&quot;,&quot;score&quot;:&quot;0&quot;,&quot;starsonly&quot;:&quot;&quot;,&quot;best&quot;:&quot;5&quot;,&quot;gap&quot;:&quot;5&quot;,&quot;greet&quot;:&quot;Rate this product&quot;,&quot;legend&quot;:&quot;0\\\/5 - (0 votos)&quot;,&quot;size&quot;:&quot;24&quot;,&quot;title&quot;:&quot;Vacuum Stuffing Machine&quot;,&quot;width&quot;:&quot;0&quot;,&quot;_legend&quot;:&quot;{score}\\\/{best} - ({count} {votes})&quot;,&quot;font_factor&quot;:&quot;1.25&quot;}'>              <div class=\"kksr-stars\">      <div class=\"kksr-stars-inactive\">             <div class=\"kksr-star\" data-star=\"1\" style=\"padding-right: 5px\">               <div class=\"kksr-icon\" style=\"width: 24px; height: 24px;\"><\/div>         <\/div>             <div class=\"kksr-star\" data-star=\"2\" style=\"padding-right: 5px\">               <div class=\"kksr-icon\" style=\"width: 24px; height: 24px;\"><\/div>         <\/div>             <div class=\"kksr-star\" data-star=\"3\" style=\"padding-right: 5px\">               <div class=\"kksr-icon\" style=\"width: 24px; height: 24px;\"><\/div>         <\/div>             <div class=\"kksr-star\" data-star=\"4\" style=\"padding-right: 5px\">               <div class=\"kksr-icon\" style=\"width: 24px; height: 24px;\"><\/div>         <\/div>             <div class=\"kksr-star\" data-star=\"5\" style=\"padding-right: 5px\">               <div class=\"kksr-icon\" style=\"width: 24px; height: 24px;\"><\/div>         <\/div>     <\/div>      <div class=\"kksr-stars-active\" style=\"width: 0px;\">             <div class=\"kksr-star\" style=\"padding-right: 5px\">               <div class=\"kksr-icon\" style=\"width: 24px; height: 24px;\"><\/div>         <\/div>             <div class=\"kksr-star\" style=\"padding-right: 5px\">               <div class=\"kksr-icon\" style=\"width: 24px; height: 24px;\"><\/div>         <\/div>             <div class=\"kksr-star\" style=\"padding-right: 5px\">               <div class=\"kksr-icon\" style=\"width: 24px; height: 24px;\"><\/div>         <\/div>             <div class=\"kksr-star\" style=\"padding-right: 5px\">               <div class=\"kksr-icon\" style=\"width: 24px; height: 24px;\"><\/div>         <\/div>             <div class=\"kksr-star\" style=\"padding-right: 5px\">               <div class=\"kksr-icon\" style=\"width: 24px; height: 24px;\"><\/div>         <\/div>     <\/div> <\/div>                   <div class=\"kksr-legend\" style=\"font-size: 19.2px;\">             <span class=\"kksr-muted\">Califique este producto<\/span>     <\/div>     <\/div>  <p>Una m\u00e1quina de embutido al vac\u00edo es un equipo necesario para mezclar, de alta eficiencia y f\u00e1cil de operar. Es la primera opci\u00f3n para hacer productos intestinales deshidratados al aire, productos intestinales mezclados granulares y pastosos, y productos en forma de pellet, as\u00ed como el equipo opcional para producir empanadillas y wontons.<\/p>    <figure class=\"wp-block-image size-large\"><img loading=\"lazy\" decoding=\"async\" width=\"750\" height=\"750\" src=\"http:\/\/www.meatprocessingmachine.org\/wp-content\/uploads\/2020\/06\/vacuum-stuffing-machine-1-1.jpg\" alt=\"\" class=\"wp-image-768\" title=\"\" srcset=\"https:\/\/www.meatprocessingmachine.org\/wp-content\/uploads\/2020\/06\/vacuum-stuffing-machine-1-1.jpg 750w, https:\/\/www.meatprocessingmachine.org\/wp-content\/uploads\/2020\/06\/vacuum-stuffing-machine-1-1-300x300.jpg 300w, https:\/\/www.meatprocessingmachine.org\/wp-content\/uploads\/2020\/06\/vacuum-stuffing-machine-1-1-150x150.jpg 150w\" sizes=\"auto, (max-width: 750px) 100vw, 750px\" \/><figcaption><\/figcaption><\/figure>    <h2 class=\"wp-block-heading\" id=\"h-features-of-vacuum-stuffing-machine\">Caracter\u00edsticas de la m\u00e1quina de embutido al vac\u00edo<\/h2>    <p>El material se coloca bajo presi\u00f3n negativa mediante un dispositivo de vac\u00edo. Haga que la log\u00edstica est\u00e9 completamente expandida, sin burbujas, con buena elasticidad y color brillante. Y la extracci\u00f3n m\u00e1xima de prote\u00ednas es el equipo ideal para mejorar la calidad del producto.<\/p>    <figure class=\"wp-block-image size-large\"><img loading=\"lazy\" decoding=\"async\" width=\"550\" height=\"366\" src=\"http:\/\/www.meatprocessingmachine.org\/wp-content\/uploads\/2020\/06\/vacuum-stuffing-machine-2.jpg\" alt=\"\" class=\"wp-image-766\" title=\"\" srcset=\"https:\/\/www.meatprocessingmachine.org\/wp-content\/uploads\/2020\/06\/vacuum-stuffing-machine-2.jpg 550w, https:\/\/www.meatprocessingmachine.org\/wp-content\/uploads\/2020\/06\/vacuum-stuffing-machine-2-300x200.jpg 300w\" sizes=\"auto, (max-width: 550px) 100vw, 550px\" \/><figcaption><\/figcaption><\/figure>    <h2 class=\"wp-block-heading\" id=\"h-advantages-of-vacuum-stuffing-machine\">Ventajas de la m\u00e1quina de embutido al vac\u00edo<\/h2>    <p>1. Adoptar una estructura biaxial paralela para hacer que todo tipo de materiales se mezclen de manera m\u00e1s uniforme.<\/p>    <p>2. Utilizar doble velocidad y doble potencia, eligiendo diferentes velocidades de rotaci\u00f3n y modos de operaci\u00f3n seg\u00fan el tipo y proceso del relleno mezclado.<\/p>    <p>3. Todos los dispositivos de sellado al vac\u00edo adoptan sellos de alta calidad que cumplen con las normas de salud.<\/p>    <p>4. En estado de vac\u00edo, el relleno se mezcla de manera uniforme, se expande completamente, con buena elasticidad y color brillante.<\/p>    <p>5. El sellado de la tapa superior y la puerta de descarga est\u00e1 hecho de una tira de silicona de alta calidad, que es f\u00e1cil de operar, confiable y duradera.<\/p>    <p>6. La m\u00e1quina est\u00e1 hecha de acero inoxidable de alta calidad, f\u00e1cil de limpiar y est\u00e9tica. Cumple con las normas de salud nacionales.<\/p>    <figure class=\"wp-block-image size-large\"><img loading=\"lazy\" decoding=\"async\" width=\"550\" height=\"366\" src=\"http:\/\/www.meatprocessingmachine.org\/wp-content\/uploads\/2020\/06\/vacuum-stuffing-machine3.jpg\" alt=\"\" class=\"wp-image-765\" title=\"\" srcset=\"https:\/\/www.meatprocessingmachine.org\/wp-content\/uploads\/2020\/06\/vacuum-stuffing-machine3.jpg 550w, https:\/\/www.meatprocessingmachine.org\/wp-content\/uploads\/2020\/06\/vacuum-stuffing-machine3-300x200.jpg 300w\" sizes=\"auto, (max-width: 550px) 100vw, 550px\" \/><figcaption><\/figcaption><\/figure>    <h2 class=\"wp-block-heading\" id=\"h-technical-parameter-of-vacuum-stuffing-machine\">Par\u00e1metro t\u00e9cnico de la m\u00e1quina de embutido al vac\u00edo<\/h2>    <figure class=\"wp-block-table\"><table><tbody><tr><td>No.<\/td><td>Capacidad\/kg<\/td><td>Peso\/kg<\/td><td>Tama\u00f1o\/mm<\/td><td>Potencia\/kW<\/td><\/tr><tr><td>SL-50<\/td><td>50<\/td><td>100<\/td><td>820*380*760<\/td><td>1.1<\/td><\/tr><tr><td>SL-100<\/td><td>100<\/td><td>200<\/td><td>1300*510*910<\/td><td>1.5<\/td><\/tr><tr><td>SL-150<\/td><td>150<\/td><td>260<\/td><td>1470*520*910<\/td><td>1.75<\/td><\/tr><tr><td>SL-200<\/td><td>200<\/td><td>300<\/td><td>1550*690*1140<\/td><td>2.2<\/td><\/tr><tr><td>SL-300<\/td><td>300<\/td><td>350<\/td><td>1630*730*1250<\/td><td>3<\/td><\/tr><\/tbody><\/table><\/figure>    <h2 class=\"wp-block-heading\" id=\"h-installation-and-debugging-of-vacuum-stuffing-machine\">Instalaci\u00f3n y depuraci\u00f3n de la m\u00e1quina de embutido al vac\u00edo<\/h2>    <p>1. Colocar la m\u00e1quina en la posici\u00f3n de trabajo suavemente.<\/p>    <p>2. Verificar si hay alg\u00fan cuerpo extra\u00f1o en la tolva y limpiarlo si es necesario.<\/p>    <p>3. Encender. Si la luz de encendido est\u00e1 encendida, la instalaci\u00f3n es correcta.<\/p>    <p>4. Presione el bot\u00f3n de agitaci\u00f3n para verificar si la direcci\u00f3n de rotaci\u00f3n del agitador es correcta.<\/p>    <p>5. Verifique si el mecanismo de accionamiento del mezclador de llenado funciona normalmente y si hay temblores evidentes y sonidos anormales.<\/p>","protected":false},"excerpt":{"rendered":"<p>A vacuum stuffing machine is necessary equipment for mixing, high efficient and easy to operate. It is the first choice for making air-dried intestinal products, granular and muddy mixed intestinal products, and pellet products, as well as the optional equipment for producing dumplings and wontons. Features of vacuum stuffing machine The material is placed under [&hellip;]<\/p>\n","protected":false},"author":1,"featured_media":763,"parent":0,"template":"","product-type":[598],"class_list":["post-764","product","type-product","status-publish","has-post-thumbnail","hentry","product-type-supporting-auxiliary-equipment"],"_links":{"self":[{"href":"https:\/\/www.meatprocessingmachine.org\/es\/wp-json\/wp\/v2\/product\/764","targetHints":{"allow":["GET"]}}],"collection":[{"href":"https:\/\/www.meatprocessingmachine.org\/es\/wp-json\/wp\/v2\/product"}],"about":[{"href":"https:\/\/www.meatprocessingmachine.org\/es\/wp-json\/wp\/v2\/types\/product"}],"author":[{"embeddable":true,"href":"https:\/\/www.meatprocessingmachine.org\/es\/wp-json\/wp\/v2\/users\/1"}],"wp:featuredmedia":[{"embeddable":true,"href":"https:\/\/www.meatprocessingmachine.org\/es\/wp-json\/wp\/v2\/media\/763"}],"wp:attachment":[{"href":"https:\/\/www.meatprocessingmachine.org\/es\/wp-json\/wp\/v2\/media?parent=764"}],"wp:term":[{"taxonomy":"product-type","embeddable":true,"href":"https:\/\/www.meatprocessingmachine.org\/es\/wp-json\/wp\/v2\/product-type?post=764"}],"curies":[{"name":"wp","href":"https:\/\/api.w.org\/{rel}","templated":true}]}}