{"id":839,"date":"2020-10-29T15:43:39","date_gmt":"2020-10-29T07:43:39","guid":{"rendered":"http:\/\/www.meatprocessingmachine.org\/?p=839"},"modified":"2026-02-12T16:12:05","modified_gmt":"2026-02-12T08:12:05","slug":"sausage-production-line-for-sausage-making","status":"publish","type":"product","link":"https:\/\/www.meatprocessingmachine.org\/es\/sausage-production-line-for-sausage-making.html","title":{"rendered":"L\u00ednea de Producci\u00f3n de Salchichas"},"content":{"rendered":"<div class=\"kk-star-ratings kksr-auto kksr-align-right kksr-valign-top\"     data-payload='{&quot;align&quot;:&quot;right&quot;,&quot;id&quot;:&quot;839&quot;,&quot;slug&quot;:&quot;default&quot;,&quot;valign&quot;:&quot;top&quot;,&quot;ignore&quot;:&quot;&quot;,&quot;reference&quot;:&quot;auto&quot;,&quot;class&quot;:&quot;&quot;,&quot;count&quot;:&quot;0&quot;,&quot;legendonly&quot;:&quot;&quot;,&quot;readonly&quot;:&quot;&quot;,&quot;score&quot;:&quot;0&quot;,&quot;starsonly&quot;:&quot;&quot;,&quot;best&quot;:&quot;5&quot;,&quot;gap&quot;:&quot;5&quot;,&quot;greet&quot;:&quot;Rate this product&quot;,&quot;legend&quot;:&quot;0\\\/5 - (0 votos)&quot;,&quot;size&quot;:&quot;24&quot;,&quot;title&quot;:&quot;Sausage Production Line&quot;,&quot;width&quot;:&quot;0&quot;,&quot;_legend&quot;:&quot;{score}\\\/{best} - ({count} {votes})&quot;,&quot;font_factor&quot;:&quot;1.25&quot;}'>              <div class=\"kksr-stars\">      <div class=\"kksr-stars-inactive\">             <div class=\"kksr-star\" data-star=\"1\" style=\"padding-right: 5px\">               <div class=\"kksr-icon\" style=\"width: 24px; height: 24px;\"><\/div>         <\/div>             <div class=\"kksr-star\" data-star=\"2\" style=\"padding-right: 5px\">               <div class=\"kksr-icon\" style=\"width: 24px; height: 24px;\"><\/div>         <\/div>             <div class=\"kksr-star\" data-star=\"3\" style=\"padding-right: 5px\">               <div class=\"kksr-icon\" style=\"width: 24px; height: 24px;\"><\/div>         <\/div>             <div class=\"kksr-star\" data-star=\"4\" style=\"padding-right: 5px\">               <div class=\"kksr-icon\" style=\"width: 24px; height: 24px;\"><\/div>         <\/div>             <div class=\"kksr-star\" data-star=\"5\" style=\"padding-right: 5px\">               <div class=\"kksr-icon\" style=\"width: 24px; height: 24px;\"><\/div>         <\/div>     <\/div>      <div class=\"kksr-stars-active\" style=\"width: 0px;\">             <div class=\"kksr-star\" style=\"padding-right: 5px\">               <div class=\"kksr-icon\" style=\"width: 24px; height: 24px;\"><\/div>         <\/div>             <div class=\"kksr-star\" style=\"padding-right: 5px\">               <div class=\"kksr-icon\" style=\"width: 24px; height: 24px;\"><\/div>         <\/div>             <div class=\"kksr-star\" style=\"padding-right: 5px\">               <div class=\"kksr-icon\" style=\"width: 24px; height: 24px;\"><\/div>         <\/div>             <div class=\"kksr-star\" style=\"padding-right: 5px\">               <div class=\"kksr-icon\" style=\"width: 24px; height: 24px;\"><\/div>         <\/div>             <div class=\"kksr-star\" style=\"padding-right: 5px\">               <div class=\"kksr-icon\" style=\"width: 24px; height: 24px;\"><\/div>         <\/div>     <\/div> <\/div>                   <div class=\"kksr-legend\" style=\"font-size: 19.2px;\">             <span class=\"kksr-muted\">Califique este producto<\/span>     <\/div>     <\/div>  <p>La l\u00ednea de producci\u00f3n de salchichas contiene una serie de m\u00e1quinas para la producci\u00f3n de salchichas. Incluye una picadora de carne, una m\u00e1quina de corte de carne, un mezclador al vac\u00edo, una m\u00e1quina de embutir salchichas, un ahumador de carne, una m\u00e1quina de envasado al vac\u00edo y otras m\u00e1quinas. Estas m\u00e1quinas de procesamiento de salchichas tienen una estructura estable y una operaci\u00f3n simple, son la mejor m\u00e1quina para la producci\u00f3n de salchichas.<\/p>    <h2 class=\"wp-block-heading\" id=\"h-brief-introduction-of-sausage\">Breve introducci\u00f3n a la salchicha<\/h2>    <p>La salchicha es una tecnolog\u00eda de producci\u00f3n de alimentos y conservaci\u00f3n de carne muy antigua. Se forma colocando carne en las tripas de cerdos o ovejas y luego ahum\u00e1ndola. La salchicha ahumada tiene un color rojo brillante y un sabor rico. Es un alimento muy popular.<\/p>    <h2 class=\"wp-block-heading\" id=\"h-types-of-sausages\">Tipos de salchichas<\/h2>    <p>Hay dos salchichas comunes en el mercado, una es salchicha de carne picada y la otra es salchicha de part\u00edculas de carne.<\/p>    <p>La principal diferencia entre los dos tipos de salchichas radica en las materias primas utilizadas para hacerlas. Las salchichas terminadas tambi\u00e9n son diferentes.<\/p>    <div class=\"wp-block-columns is-layout-flex wp-container-core-columns-is-layout-9d6595d7 wp-block-columns-is-layout-flex\"> <div class=\"wp-block-column is-layout-flow wp-block-column-is-layout-flow\"> <figure class=\"wp-block-image size-large\"><img loading=\"lazy\" decoding=\"async\" width=\"550\" height=\"350\" src=\"http:\/\/www.meatprocessingmachine.org\/wp-content\/uploads\/2020\/10\/mashed-meat-sausage.jpg\" alt=\"salchicha de carne triturada\" class=\"wp-image-851\" title=\"\" srcset=\"https:\/\/www.meatprocessingmachine.org\/wp-content\/uploads\/2020\/10\/mashed-meat-sausage.jpg 550w, https:\/\/www.meatprocessingmachine.org\/wp-content\/uploads\/2020\/10\/mashed-meat-sausage-300x191.jpg 300w\" sizes=\"auto, (max-width: 550px) 100vw, 550px\" \/><figcaption class=\"wp-element-caption\">Salchicha de carne triturada<\/figcaption><\/figure> <\/div>    <div class=\"wp-block-column is-layout-flow wp-block-column-is-layout-flow\"> <figure class=\"wp-block-image size-large\"><img loading=\"lazy\" decoding=\"async\" width=\"550\" height=\"350\" src=\"http:\/\/www.meatprocessingmachine.org\/wp-content\/uploads\/2020\/10\/pellets-meat-sausage.png\" alt=\"salchicha de carne en pellets\" class=\"wp-image-852\" title=\"\" srcset=\"https:\/\/www.meatprocessingmachine.org\/wp-content\/uploads\/2020\/10\/pellets-meat-sausage.png 550w, https:\/\/www.meatprocessingmachine.org\/wp-content\/uploads\/2020\/10\/pellets-meat-sausage-300x191.png 300w\" sizes=\"auto, (max-width: 550px) 100vw, 550px\" \/><figcaption class=\"wp-element-caption\">Salchicha de carne en pellets<\/figcaption><\/figure> <\/div> <\/div>    <p>Las salchichas hechas con pellets de carne son m\u00e1s duras que las salchichas hechas con carne triturada. Seg\u00fan las diferentes materias primas de los dos tipos de salchichas, las m\u00e1quinas para hacer salchichas requeridas para los dos tipos son ligeramente diferentes.<\/p>    <h2 class=\"wp-block-heading\" id=\"h-sausage-processing-steps\">Pasos del procesamiento de salchichas<\/h2>    <div class=\"wp-block-group\"><div class=\"wp-block-group__inner-container is-layout-flow wp-block-group-is-layout-flow\"><\/div><\/div>    <div class=\"wp-block-group\"><div class=\"wp-block-group__inner-container is-layout-flow wp-block-group-is-layout-flow\"> <div class=\"wp-block-columns is-layout-flex wp-container-core-columns-is-layout-9d6595d7 wp-block-columns-is-layout-flex\"> <div class=\"wp-block-column is-layout-flow wp-block-column-is-layout-flow\"> <figure class=\"wp-block-image size-large\"><img loading=\"lazy\" decoding=\"async\" width=\"720\" height=\"540\" src=\"http:\/\/www.meatprocessingmachine.org\/wp-content\/uploads\/2020\/10\/mashed-sausage-making-machines.jpg\" alt=\"m\u00e1quinas para hacer salchichas trituradas\" class=\"wp-image-843\" title=\"\" srcset=\"https:\/\/www.meatprocessingmachine.org\/wp-content\/uploads\/2020\/10\/mashed-sausage-making-machines.jpg 720w, https:\/\/www.meatprocessingmachine.org\/wp-content\/uploads\/2020\/10\/mashed-sausage-making-machines-300x225.jpg 300w\" sizes=\"auto, (max-width: 720px) 100vw, 720px\" \/><figcaption class=\"wp-element-caption\">M\u00e1quinas para hacer salchichas trituradas<\/figcaption><\/figure>    <p style=\"font-size:18px\">Pasos del procesamiento de salchicha picada: molienda de carne, corte de carne, mezcla de carne, embutido, ahumado y envasado.<\/p> <\/div>    <div class=\"wp-block-column is-layout-flow wp-block-column-is-layout-flow\"> <figure class=\"wp-block-image size-large\"><img loading=\"lazy\" decoding=\"async\" width=\"720\" height=\"540\" src=\"http:\/\/www.meatprocessingmachine.org\/wp-content\/uploads\/2020\/10\/meat-pellets-sausage-making-machines.jpg\" alt=\"m\u00e1quinas para hacer salchichas de carne en pellets\" class=\"wp-image-844\" title=\"\" srcset=\"https:\/\/www.meatprocessingmachine.org\/wp-content\/uploads\/2020\/10\/meat-pellets-sausage-making-machines.jpg 720w, https:\/\/www.meatprocessingmachine.org\/wp-content\/uploads\/2020\/10\/meat-pellets-sausage-making-machines-300x225.jpg 300w\" sizes=\"auto, (max-width: 720px) 100vw, 720px\" \/><figcaption class=\"wp-element-caption\">M\u00e1quinas para hacer salchichas de carne en pellets<\/figcaption><\/figure>    <p style=\"font-size:18px\">Pasos del procesamiento de salchicha de pellets de carne: molienda de carne, mezcla de carne, embutido, ahumado y envasado.<\/p> <\/div> <\/div> <\/div><\/div>    <p>El proceso de producci\u00f3n de salchichas trituradas es aproximadamente el mismo que el de las salchichas en forma de pellet, y las salchichas trituradas tienen un paso adicional de cortar y emulsionar la carne en comparaci\u00f3n con las salchichas de carne en pellet. A continuaci\u00f3n se presenta un ejemplo de una l\u00ednea de producci\u00f3n de salchichas trituradas para introducir el proceso de producci\u00f3n de salchichas.<\/p>    <ul class=\"wp-block-list\"> <li><strong>Selecci\u00f3n de materia prima<\/strong> &nbsp;  Las materias primas de la salchicha deben seleccionarse de cerdo o res de calidad.<\/li>    <li><strong>Molienda de carne&nbsp;&nbsp;<\/strong>      Coloque la carne congelada en la picadora de carne, la picadora de carne generalmente utiliza una placa de orificio de 6-8 mm para hacer las tiras delgadas.<\/li>    <li><strong>Corte de carne<\/strong> &nbsp;        Las cuchillas de la m\u00e1quina de corte de carne cortan la carne a un estado de pur\u00e9 a alta velocidad.<\/li>    <li><strong>Mezcla de carne al vac\u00edo&nbsp;<\/strong>&nbsp;   Ponga la mezcla de carne picada y el condimento en el mezclador al vac\u00edo y mezcle. En un ambiente al vac\u00edo, el condimento penetrar\u00e1 en la carne tanto como sea posible para garantizar la calidad de la carne.<\/li>    <li><strong>Relleno de salchichas<\/strong> &nbsp;      &nbsp;Lave la pared interior del envoltorio seco seleccionado con agua tibia a 30-35\u2103. Despu\u00e9s de drenar el agua, use una embutidora de vac\u00edo para verter la carne en el envoltorio. Al llenar la carne, aseg\u00farese de que el enema est\u00e9 lleno, no haya aire en el intestino y que los dos extremos est\u00e9n bien atados.<\/li>    <li><strong><a href=\"http:\/\/www.meatprocessingmachine.org\/es\/sausage-binding-tying-machine.html\/\">Atado de salchichas<\/a><\/strong>          &nbsp;En la l\u00ednea de producci\u00f3n de salchichas, se utiliza una m\u00e1quina de atar para unir las salchichas en secciones. Ata el hilo seg\u00fan una longitud espec\u00edfica para asegurar un equilibrio uniforme de la salchicha.<\/li>    <li><strong>Ahumado de salchichas<\/strong>&nbsp;   &nbsp;El ahumador tiene las funciones de hornear, vaporizar y ahumar. Puede realizar todos los pasos del ahumado de salchichas. La salchicha ahumada tiene un cuerpo brillante.<\/li>    <li><strong>Envasado al vac\u00edo <\/strong>  &nbsp;Generalmente, se elige una m\u00e1quina de envasado al vac\u00edo para empaquetar salchichas. Por lo tanto, es conveniente para el transporte y almacenamiento.<\/li> <\/ul>    <h2 class=\"wp-block-heading\" id=\"h-sausage-making-machines-parameters\">Par\u00e1metros de la m\u00e1quina para hacer salchichas<\/h2>    <figure class=\"wp-block-table\"><table><tbody><tr><td><strong>N\u00famero<\/strong><strong><\/strong><\/td><td><strong>Nombre<\/strong><strong><\/strong><\/td><td><strong>Imagen<\/strong><strong><\/strong><\/td><td><strong>Par\u00e1metro<\/strong><strong><\/strong><\/td><\/tr><tr><td>1<\/td><td>M\u00e1quina picadora de carne<\/td><td>&nbsp;         <img loading=\"lazy\" decoding=\"async\" width=\"150\" height=\"95\" class=\"wp-image-845\" style=\"width: 150px;\" src=\"http:\/\/www.meatprocessingmachine.org\/wp-content\/uploads\/2020\/10\/meat-grinding-machine.jpg\" alt=\"m\u00e1quina de moler carne\" title=\"\" srcset=\"https:\/\/www.meatprocessingmachine.org\/wp-content\/uploads\/2020\/10\/meat-grinding-machine.jpg 550w, https:\/\/www.meatprocessingmachine.org\/wp-content\/uploads\/2020\/10\/meat-grinding-machine-300x191.jpg 300w\" sizes=\"auto, (max-width: 150px) 100vw, 150px\" \/>           <\/td><td>Capacidad: 500kg\/h<br>Potencia: 3.0kw<br>Voltaje: 380V\/50hz<br>Tama\u00f1o: 980*580*940mm<br>Peso: 180kg&nbsp;<\/td><\/tr><tr><td>2<\/td><td>M\u00e1quina de corte de carne<\/td><td>&nbsp;<img loading=\"lazy\" decoding=\"async\" width=\"150\" height=\"95\" class=\"wp-image-846\" style=\"width: 150px;\" src=\"http:\/\/www.meatprocessingmachine.org\/wp-content\/uploads\/2020\/10\/meat-cutting-machine.jpg\" alt=\"m\u00e1quina de corte de carne\" title=\"\" srcset=\"https:\/\/www.meatprocessingmachine.org\/wp-content\/uploads\/2020\/10\/meat-cutting-machine.jpg 550w, https:\/\/www.meatprocessingmachine.org\/wp-content\/uploads\/2020\/10\/meat-cutting-machine-300x191.jpg 300w\" sizes=\"auto, (max-width: 150px) 100vw, 150px\" \/><\/td><td>Capacidad: 40kg\/vez<br>Potencia: 13.17kw<br>Voltaje: 380V\/50H<br>Tama\u00f1o: 1250*1415*1610mm<br>Peso: 480kg&nbsp;<\/td><\/tr><tr><td>3<\/td><td><a href=\"http:\/\/www.meatprocessingmachine.org\/es\/vacuum-stuffing-machine.html\/\">M\u00e1quina mezcladora de carne<\/a><\/td><td>&nbsp;<img loading=\"lazy\" decoding=\"async\" width=\"150\" height=\"95\" class=\"wp-image-847\" style=\"width: 150px;\" src=\"http:\/\/www.meatprocessingmachine.org\/wp-content\/uploads\/2020\/10\/vacuum-meat-mixer-machine.jpg\" alt=\"m\u00e1quina mezcladora de carne al vac\u00edo\" title=\"\" srcset=\"https:\/\/www.meatprocessingmachine.org\/wp-content\/uploads\/2020\/10\/vacuum-meat-mixer-machine.jpg 550w, https:\/\/www.meatprocessingmachine.org\/wp-content\/uploads\/2020\/10\/vacuum-meat-mixer-machine-300x191.jpg 300w\" sizes=\"auto, (max-width: 150px) 100vw, 150px\" \/><\/td><td>Velocidad de mezcla: 100 veces\/min<br>Producci\u00f3n: 200-300kg\/h<br>Rango cuantitativo: 20-500g<br>Voltaje: 220V \/ 50HZ<br>Altura del centro de trabajo: 850mm<br>Tama\u00f1o total: 650*640*1430(mm)<br>Peso: 145kg&nbsp;<\/td><\/tr><tr><td>4<\/td><td>M\u00e1quina de relleno de salchichas<\/td><td>&nbsp;<img loading=\"lazy\" decoding=\"async\" width=\"150\" height=\"95\" class=\"wp-image-848\" style=\"width: 150px;\" src=\"http:\/\/www.meatprocessingmachine.org\/wp-content\/uploads\/2020\/10\/sausage-filling-machine.jpg\" alt=\"m\u00e1quina de relleno de salchichas\" title=\"\" srcset=\"https:\/\/www.meatprocessingmachine.org\/wp-content\/uploads\/2020\/10\/sausage-filling-machine.jpg 550w, https:\/\/www.meatprocessingmachine.org\/wp-content\/uploads\/2020\/10\/sausage-filling-machine-300x191.jpg 300w\" sizes=\"auto, (max-width: 150px) 100vw, 150px\" \/><\/td><td>Velocidad de mezcla: 100 veces\/min<br>Producci\u00f3n: 200-300kg\/h<br>Rango cuantitativo: 20-500g<br>Voltaje: 220V \/ 50HZ<br>Altura del centro de trabajo: 850mm<br>Tama\u00f1o total: 650*640*1430(mm)<br>Peso: 145kg&nbsp;<\/td><\/tr><tr><td>5<\/td><td><a href=\"http:\/\/www.meatprocessingmachine.org\/es\/meat-smoking-oven.html\/\">M\u00e1quina para ahumar salchichas<\/a><\/td><td>&nbsp;<img loading=\"lazy\" decoding=\"async\" width=\"150\" height=\"95\" class=\"wp-image-849\" style=\"width: 150px;\" src=\"http:\/\/www.meatprocessingmachine.org\/wp-content\/uploads\/2020\/10\/sausage-smoking-machine.jpg\" alt=\"m\u00e1quina para ahumar salchichas\" title=\"\" srcset=\"https:\/\/www.meatprocessingmachine.org\/wp-content\/uploads\/2020\/10\/sausage-smoking-machine.jpg 550w, https:\/\/www.meatprocessingmachine.org\/wp-content\/uploads\/2020\/10\/sausage-smoking-machine-300x191.jpg 300w\" sizes=\"auto, (max-width: 150px) 100vw, 150px\" \/><\/td><td>Capacidad: 300-400kg\/h<br>Volumen: 200L<br>Potencia del motor: 2.75kw<br>Voltaje: 380v 50HZ<br>Tama\u00f1o total: 1400*670*1150mm&nbsp;<\/td><\/tr><tr><td>6<\/td><td>M\u00e1quina de envasado al vac\u00edo<\/td><td>&nbsp;<img loading=\"lazy\" decoding=\"async\" width=\"150\" height=\"95\" class=\"wp-image-850\" style=\"width: 150px;\" src=\"http:\/\/www.meatprocessingmachine.org\/wp-content\/uploads\/2020\/10\/sausage-packaging-machine.jpg\" alt=\"m\u00e1quina de envasado de salchichas\" title=\"\" srcset=\"https:\/\/www.meatprocessingmachine.org\/wp-content\/uploads\/2020\/10\/sausage-packaging-machine.jpg 550w, https:\/\/www.meatprocessingmachine.org\/wp-content\/uploads\/2020\/10\/sausage-packaging-machine-300x191.jpg 300w\" sizes=\"auto, (max-width: 150px) 100vw, 150px\" \/><\/td><td>Potencia de la bomba: 2.25KW<br>Potencia de sellado por calor: 1.5KW<br>Tama\u00f1o: 1460*750*960mm<br>Peso: 185kg<\/td><\/tr><\/tbody><\/table><\/figure>    <h2 class=\"wp-block-heading\" id=\"h-advantages-of-the-sausage-production-line\">Ventajas de la l\u00ednea de producci\u00f3n de salchichas<\/h2>    <ol class=\"wp-block-list\"> <li>La planta de procesamiento de salchichas tiene una gran producci\u00f3n, operaci\u00f3n simple y alta eficiencia de inversi\u00f3n.<\/li>    <li>Todas las m\u00e1quinas de procesamiento de salchichas est\u00e1n hechas de acero inoxidable de grado alimenticio, que cumple con los est\u00e1ndares de seguridad alimentaria y saneamiento.<\/li>    <li>Todas las m\u00e1quinas de hacer salchichas en la l\u00ednea de producci\u00f3n est\u00e1n controladas por pantallas t\u00e1ctiles autom\u00e1ticas, y los componentes el\u00e9ctricos son productos importados para garantizar la durabilidad de las m\u00e1quinas.<\/li>    <li>El producto final de salchicha tiene un buen color y alta calidad.<\/li>    <li>La m\u00e1quina de corte y la m\u00e1quina de enema est\u00e1n equipadas con dispositivos de protecci\u00f3n de seguridad para garantizar un funcionamiento seguro.<\/li>    <li>La l\u00ednea de producci\u00f3n de salchichas tiene una capacidad de producci\u00f3n continua, una velocidad de descarga r\u00e1pida y una gran producci\u00f3n. Es un equipo ideal para el procesamiento de salchichas.<\/li> <\/ol>","protected":false},"excerpt":{"rendered":"<p>La l\u00ednea de producci\u00f3n de salchichas contiene una serie de m\u00e1quinas para la producci\u00f3n de salchichas. Tiene las caracter\u00edsticas de operaci\u00f3n simple, alta producci\u00f3n y bajo costo de inversi\u00f3n.<\/p>","protected":false},"author":1,"featured_media":853,"parent":0,"template":"","product-type":[597],"class_list":["post-839","product","type-product","status-publish","has-post-thumbnail","hentry","product-type-production-line"],"_links":{"self":[{"href":"https:\/\/www.meatprocessingmachine.org\/es\/wp-json\/wp\/v2\/product\/839","targetHints":{"allow":["GET"]}}],"collection":[{"href":"https:\/\/www.meatprocessingmachine.org\/es\/wp-json\/wp\/v2\/product"}],"about":[{"href":"https:\/\/www.meatprocessingmachine.org\/es\/wp-json\/wp\/v2\/types\/product"}],"author":[{"embeddable":true,"href":"https:\/\/www.meatprocessingmachine.org\/es\/wp-json\/wp\/v2\/users\/1"}],"wp:featuredmedia":[{"embeddable":true,"href":"https:\/\/www.meatprocessingmachine.org\/es\/wp-json\/wp\/v2\/media\/853"}],"wp:attachment":[{"href":"https:\/\/www.meatprocessingmachine.org\/es\/wp-json\/wp\/v2\/media?parent=839"}],"wp:term":[{"taxonomy":"product-type","embeddable":true,"href":"https:\/\/www.meatprocessingmachine.org\/es\/wp-json\/wp\/v2\/product-type?post=839"}],"curies":[{"name":"wp","href":"https:\/\/api.w.org\/{rel}","templated":true}]}}