{"id":899,"date":"2020-11-27T10:07:52","date_gmt":"2020-11-27T02:07:52","guid":{"rendered":"http:\/\/www.meatprocessingmachine.org\/?p=899"},"modified":"2026-04-02T10:14:06","modified_gmt":"2026-04-02T02:14:06","slug":"bone-grinder-machine-meat-and-bone-grinder","status":"publish","type":"product","link":"https:\/\/www.meatprocessingmachine.org\/es\/bone-grinder-machine-meat-and-bone-grinder.html","title":{"rendered":"M\u00e1quina Trituradora de Huesos | M\u00e1quina de Molienda de Pasta de Huesos de Pescado y Carne de Res"},"content":{"rendered":"<div class=\"kk-star-ratings kksr-auto kksr-align-right kksr-valign-top\"     data-payload='{&quot;align&quot;:&quot;right&quot;,&quot;id&quot;:&quot;899&quot;,&quot;slug&quot;:&quot;default&quot;,&quot;valign&quot;:&quot;top&quot;,&quot;ignore&quot;:&quot;&quot;,&quot;reference&quot;:&quot;auto&quot;,&quot;class&quot;:&quot;&quot;,&quot;count&quot;:&quot;2&quot;,&quot;legendonly&quot;:&quot;&quot;,&quot;readonly&quot;:&quot;&quot;,&quot;score&quot;:&quot;5&quot;,&quot;starsonly&quot;:&quot;&quot;,&quot;best&quot;:&quot;5&quot;,&quot;gap&quot;:&quot;5&quot;,&quot;greet&quot;:&quot;Rate this product&quot;,&quot;legend&quot;:&quot;5\\\/5 - (2 votos)&quot;,&quot;size&quot;:&quot;24&quot;,&quot;title&quot;:&quot;Bone Grinder Machine | Fish and Beef Bone Paste Grinding Machine&quot;,&quot;width&quot;:&quot;142.5&quot;,&quot;_legend&quot;:&quot;{score}\\\/{best} - ({count} {votes})&quot;,&quot;font_factor&quot;:&quot;1.25&quot;}'>              <div class=\"kksr-stars\">      <div class=\"kksr-stars-inactive\">             <div class=\"kksr-star\" data-star=\"1\" style=\"padding-right: 5px\">               <div class=\"kksr-icon\" style=\"width: 24px; height: 24px;\"><\/div>         <\/div>             <div class=\"kksr-star\" data-star=\"2\" style=\"padding-right: 5px\">               <div class=\"kksr-icon\" style=\"width: 24px; height: 24px;\"><\/div>         <\/div>             <div class=\"kksr-star\" data-star=\"3\" style=\"padding-right: 5px\">               <div class=\"kksr-icon\" style=\"width: 24px; height: 24px;\"><\/div>         <\/div>             <div class=\"kksr-star\" data-star=\"4\" style=\"padding-right: 5px\">               <div class=\"kksr-icon\" style=\"width: 24px; height: 24px;\"><\/div>         <\/div>             <div class=\"kksr-star\" data-star=\"5\" style=\"padding-right: 5px\">               <div class=\"kksr-icon\" style=\"width: 24px; height: 24px;\"><\/div>         <\/div>     <\/div>      <div class=\"kksr-stars-active\" style=\"width: 142.5px;\">             <div class=\"kksr-star\" style=\"padding-right: 5px\">               <div class=\"kksr-icon\" style=\"width: 24px; height: 24px;\"><\/div>         <\/div>             <div class=\"kksr-star\" style=\"padding-right: 5px\">               <div class=\"kksr-icon\" style=\"width: 24px; height: 24px;\"><\/div>         <\/div>             <div class=\"kksr-star\" style=\"padding-right: 5px\">               <div class=\"kksr-icon\" style=\"width: 24px; height: 24px;\"><\/div>         <\/div>             <div class=\"kksr-star\" style=\"padding-right: 5px\">               <div class=\"kksr-icon\" style=\"width: 24px; height: 24px;\"><\/div>         <\/div>             <div class=\"kksr-star\" style=\"padding-right: 5px\">               <div class=\"kksr-icon\" style=\"width: 24px; height: 24px;\"><\/div>         <\/div>     <\/div> <\/div>                   <div class=\"kksr-legend\" style=\"font-size: 19.2px;\">             5\/5 - (2 votos)    <\/div>     <\/div>  <p>La m\u00e1quina trituradora de huesos es un equipo especial mejorado sobre la base del molino de coloides. Se utiliza principalmente para triturar el agua de los huesos rotos en una pulpa y barro, y moler hasta una finura de 100-200 mallas. El material se pulveriza ultra-fino, lo que puede pulverizar, emulsionar, homogeneizar y mezclar varios cuerpos semi-h\u00famedos y sustancias emulsionadas. Los principales indicadores t\u00e9cnicos han alcanzado el nivel avanzado de productos similares extranjeros.<\/p>    <figure class=\"wp-block-embed is-type-video is-provider-youtube wp-block-embed-youtube wp-embed-aspect-16-9 wp-has-aspect-ratio\"><div class=\"wp-block-embed__wrapper\"> <iframe loading=\"lazy\" title=\"M\u00e1quina trituradora de huesos | Equipo de procesamiento de pasta de huesos de alta eficiencia\ud83e\udd69\" width=\"500\" height=\"281\" src=\"https:\/\/www.youtube.com\/embed\/GVGE_Dk08ss?feature=oembed\" frameborder=\"0\" allow=\"accelerometer; autoplay; clipboard-write; encrypted-media; gyroscope; picture-in-picture; web-share\" referrerpolicy=\"strict-origin-when-cross-origin\" allowfullscreen><\/iframe> <\/div><\/figure>    <h2 class=\"wp-block-heading\">\u00bfQu\u00e9 materias primas puede procesar la m\u00e1quina de moler huesos?<\/h2>   <div class=\"wp-block-image\"> <figure class=\"aligncenter size-full\"><img loading=\"lazy\" decoding=\"async\" width=\"720\" height=\"540\" src=\"https:\/\/www.meatprocessingmachine.org\/wp-content\/uploads\/2020\/11\/raw-materials-of-the-bone-grinder.png\" alt=\"materias primas del molinillo de huesos\" class=\"wp-image-33064\" title=\"\" srcset=\"https:\/\/www.meatprocessingmachine.org\/wp-content\/uploads\/2020\/11\/raw-materials-of-the-bone-grinder.png 720w, https:\/\/www.meatprocessingmachine.org\/wp-content\/uploads\/2020\/11\/raw-materials-of-the-bone-grinder-300x225.png 300w\" sizes=\"auto, (max-width: 720px) 100vw, 720px\" \/><figcaption class=\"wp-element-caption\">materias primas del molinillo de huesos<\/figcaption><\/figure> <\/div>   <p><br>La m\u00e1quina de moler huesos puede triturar todo tipo de huesos, principalmente todo tipo de huesos de res, huesos de cordero, huesos de pescado, huesos de pollo, etc. Para moler, si los huesos y la carne son demasiado grandes, como grandes trozos de huesos de res, huesos de cerdo, etc., primero deben ser rotos, y los huesos deben ser triturados en gr\u00e1nulos, esto no solo puede mejorar la eficiencia del trabajo, sino tambi\u00e9n proteger la m\u00e1quina de da\u00f1os en la herramienta debido a un exceso de hueso.<\/p>    <h2 class=\"wp-block-heading\" id=\"h-application-of-bone-grinder-machine\">Aplicaci\u00f3n de la m\u00e1quina trituradora de huesos<\/h2>    <figure class=\"wp-block-gallery has-nested-images columns-default is-cropped wp-block-gallery-2 is-layout-flex wp-block-gallery-is-layout-flex\"> <figure class=\"wp-block-image size-large\"><img loading=\"lazy\" decoding=\"async\" width=\"720\" height=\"540\" data-id=\"33073\" src=\"https:\/\/www.meatprocessingmachine.org\/wp-content\/uploads\/2020\/11\/pet-food.png\" alt=\"comida para mascotas\" class=\"wp-image-33073\" title=\"\" srcset=\"https:\/\/www.meatprocessingmachine.org\/wp-content\/uploads\/2020\/11\/pet-food.png 720w, https:\/\/www.meatprocessingmachine.org\/wp-content\/uploads\/2020\/11\/pet-food-300x225.png 300w\" sizes=\"auto, (max-width: 720px) 100vw, 720px\" \/><figcaption class=\"wp-element-caption\">Comida para mascotas<\/figcaption><\/figure>    <figure class=\"wp-block-image size-large\"><img loading=\"lazy\" decoding=\"async\" width=\"720\" height=\"540\" data-id=\"33074\" src=\"https:\/\/www.meatprocessingmachine.org\/wp-content\/uploads\/2020\/11\/sausage.png\" alt=\"salchicha\" class=\"wp-image-33074\" title=\"\" srcset=\"https:\/\/www.meatprocessingmachine.org\/wp-content\/uploads\/2020\/11\/sausage.png 720w, https:\/\/www.meatprocessingmachine.org\/wp-content\/uploads\/2020\/11\/sausage-300x225.png 300w\" sizes=\"auto, (max-width: 720px) 100vw, 720px\" \/><figcaption class=\"wp-element-caption\">Salchicha<\/figcaption><\/figure>    <figure class=\"wp-block-image size-large\"><img loading=\"lazy\" decoding=\"async\" width=\"720\" height=\"540\" data-id=\"33075\" src=\"https:\/\/www.meatprocessingmachine.org\/wp-content\/uploads\/2020\/11\/soup-stock.png\" alt=\"caldo\" class=\"wp-image-33075\" title=\"\" srcset=\"https:\/\/www.meatprocessingmachine.org\/wp-content\/uploads\/2020\/11\/soup-stock.png 720w, https:\/\/www.meatprocessingmachine.org\/wp-content\/uploads\/2020\/11\/soup-stock-300x225.png 300w\" sizes=\"auto, (max-width: 720px) 100vw, 720px\" \/><figcaption class=\"wp-element-caption\">Caldo de sopa<\/figcaption><\/figure> <\/figure>    <p>Seg\u00fan la composici\u00f3n y caracter\u00edsticas de los huesos animales, se adopta un principio de trituraci\u00f3n especial para hacer barro de hueso. Los huesos animales contienen muchos nutrientes como prote\u00ednas y grasas. Es un producto de alto contenido nutricional y bajo en calor\u00edas. Una harina de hueso y una pasta de hueso hechas de huesos animales contienen muchos nutrientes necesarios para el cuerpo humano. Como prote\u00ednas, grasas, vitaminas, col\u00e1geno, calcio, etc. En la actualidad, la pasta de hueso se utiliza principalmente como aditivo alimentario o se usa directamente para producir condimentos. La pasta de hueso se ha utilizado ampliamente en Europa, Jap\u00f3n, Estados Unidos y otros pa\u00edses para hacer alb\u00f3ndigas, pastel de carne, enema de carne desmenuzada y otros productos. En China, la pasta de hueso tambi\u00e9n se utiliza ampliamente en productos c\u00e1rnicos de alta temperatura, alimentos enlatados y otros alimentos, y tambi\u00e9n se puede usar para hacer sopa.<\/p>    <h2 class=\"wp-block-heading\">Par\u00e1metros de la m\u00e1quina trituradora de huesos<\/h2>    <ul class=\"wp-block-list\"> <li>Modelo: TZ-80 M\u00e1quina de encolado de huesos<\/li>    <li>Finura de procesamiento: 2-50\u03bcm<\/li>    <li>Producci\u00f3n: 50-100kg\/h<\/li>    <li>Potencia: 4kw<\/li>    <li>Peso: 150kg<\/li>    <li>Dimensiones: 600*410*930mm<\/li> <\/ul>    <h2 class=\"wp-block-heading\" id=\"h-bone-grinder-machine-working-principle\">Principio de funcionamiento de la m\u00e1quina trituradora de huesos<\/h2>    <p class=\"translation-block\">Si su materia prima son huesos grandes, necesita una <a href=\"https:\/\/www.meatprocessingmachine.org\/es\/animal-bone-crushing-machine.html\/\">m\u00e1quina de triturar huesos<\/a> para triturar los grandes huesos en un polvo granular uniforme primero. Luego, muela las peque\u00f1as part\u00edculas en una pasta con la m\u00e1quina de moler carne de hueso. Esto reducir\u00e1 el da\u00f1o de los huesos duros a los dientes de molienda de la m\u00e1quina de moler huesos.<\/p>   <div class=\"wp-block-image\"> <figure class=\"aligncenter size-full\"><img loading=\"lazy\" decoding=\"async\" width=\"720\" height=\"540\" src=\"https:\/\/www.meatprocessingmachine.org\/wp-content\/uploads\/2020\/11\/beef-bone-paste-grinding.png\" alt=\"molienda de pasta de hueso de res\" class=\"wp-image-33065\" title=\"\" srcset=\"https:\/\/www.meatprocessingmachine.org\/wp-content\/uploads\/2020\/11\/beef-bone-paste-grinding.png 720w, https:\/\/www.meatprocessingmachine.org\/wp-content\/uploads\/2020\/11\/beef-bone-paste-grinding-300x225.png 300w\" sizes=\"auto, (max-width: 720px) 100vw, 720px\" \/><figcaption class=\"wp-element-caption\">molienda de pasta de hueso de res<\/figcaption><\/figure> <\/div>   <p>La trituradora de carne y huesos muele los materiales a trav\u00e9s del movimiento de alta velocidad de estatores y rotores de diferentes formas geom\u00e9tricas. Cuando el estator y el rotor se mueven a altas velocidades, se generan varias fuerzas compuestas como vibraci\u00f3n de alta frecuencia, v\u00f3rtice de alta velocidad y fuerza de corte. Bajo la acci\u00f3n de estas fuerzas combinadas, la m\u00e1quina muele el material y lo refina. La m\u00e1quina trituradora de huesos de Taizy adopta un procesamiento refinado. Hay tres zonas de molienda en la c\u00e1mara de trituraci\u00f3n de la m\u00e1quina. Las tres zonas de molienda son la zona de molienda gruesa, la zona de molienda fina y la zona de molienda superfina. A trav\u00e9s de estas tres zonas de molienda, se lograr\u00e1 el mayor grado de ruptura y se cumplir\u00e1n los requisitos de finura y suavidad.<\/p>    <h2 class=\"wp-block-heading\" id=\"h-fish-and-beef-bone-paste-grinding-machine-characteristics\">Caracter\u00edsticas de la m\u00e1quina de moler pasta de huesos de pescado y res<\/h2>   <div class=\"wp-block-image\"> <figure class=\"aligncenter size-full\"><img loading=\"lazy\" decoding=\"async\" width=\"720\" height=\"540\" src=\"https:\/\/www.meatprocessingmachine.org\/wp-content\/uploads\/2020\/11\/bone-grinder-machine-1.jpg\" alt=\"m\u00e1quina picadora de huesos\" class=\"wp-image-33066\" title=\"\" srcset=\"https:\/\/www.meatprocessingmachine.org\/wp-content\/uploads\/2020\/11\/bone-grinder-machine-1.jpg 720w, https:\/\/www.meatprocessingmachine.org\/wp-content\/uploads\/2020\/11\/bone-grinder-machine-1-300x225.jpg 300w\" sizes=\"auto, (max-width: 720px) 100vw, 720px\" \/><figcaption class=\"wp-element-caption\">m\u00e1quina picadora de huesos<\/figcaption><\/figure> <\/div>   <ol style=\"list-style-type:1\" class=\"wp-block-list\"> <li>La m\u00e1quina de moler huesos tiene especificaciones verticales, horizontales, divididas y otras, y la m\u00e1quina tiene una variedad de salidas.<\/li>    <li>La m\u00e1quina est\u00e1 compuesta principalmente por una cubierta, cabeza de molienda, mango de ajuste, mecanismo de refrigeraci\u00f3n, motor y otras partes. Sus principales componentes est\u00e1n hechos de acero inoxidable de grado alimenticio, que es resistente a la corrosi\u00f3n, seguro y eficiente.<\/li>    <li>Esta m\u00e1quina se puede utilizar no solo para hacer una pasta de huesos, sino tambi\u00e9n para hacer mantequilla de man\u00ed, salsa de chile, leche de soja y otras industrias alimentarias. Tambi\u00e9n se aplica ampliamente en art\u00edculos de uso diario, la industria qu\u00edmica, la industria farmac\u00e9utica y otras industrias. Seg\u00fan las diferentes caracter\u00edsticas de los materiales, puedes elegir m\u00e1quinas de diferentes especificaciones y modelos para la producci\u00f3n.<\/li>    <li>La m\u00e1quina de moler huesos tiene caracter\u00edsticas de estructura compacta, apariencia hermosa, rendimiento estable y operaci\u00f3n conveniente.<\/li>    <li>La pasta de hueso producida por esta m\u00e1quina es un material fino ideal. Y se puede controlar la finura de la molienda ajustando la manija de ajuste y aumentando el n\u00famero de moliendas.<\/li>    <li>El disco de molienda de la m\u00e1quina de moler pasta de huesos est\u00e1 reforzado para que tenga buena resistencia a la corrosi\u00f3n y a la abrasi\u00f3n.<\/li> <\/ol>    <h2 class=\"wp-block-heading\" id=\"h-precautions-of-fish-and-beef-bone-paste-grinding-machine\">Precauciones de la m\u00e1quina de moler pasta de huesos de pescado y res<\/h2>   <div class=\"wp-block-image\"> <figure class=\"aligncenter size-full\"><img loading=\"lazy\" decoding=\"async\" width=\"720\" height=\"540\" src=\"https:\/\/www.meatprocessingmachine.org\/wp-content\/uploads\/2020\/11\/bone-grinder-machine-1.png\" alt=\"m\u00e1quina de moler huesos\" class=\"wp-image-33072\" title=\"\" srcset=\"https:\/\/www.meatprocessingmachine.org\/wp-content\/uploads\/2020\/11\/bone-grinder-machine-1.png 720w, https:\/\/www.meatprocessingmachine.org\/wp-content\/uploads\/2020\/11\/bone-grinder-machine-1-300x225.png 300w\" sizes=\"auto, (max-width: 720px) 100vw, 720px\" \/><figcaption class=\"wp-element-caption\">m\u00e1quina de moler huesos<\/figcaption><\/figure> <\/div>   <ol style=\"list-style-type:1\" class=\"wp-block-list\"> <li>Debes instalar la m\u00e1quina de moler pasta de huesos en un terreno nivelado para asegurar un funcionamiento suave.<\/li>    <li>La m\u00e1quina realiza procesamiento h\u00famedo de manera inteligente y no puede procesar materiales s\u00f3lidos secos.<\/li>    <li>Antes de usar la m\u00e1quina para moler, verifique si los tornillos de cada parte de la m\u00e1quina est\u00e1n apretados. Y verifique si el rotor contacta con el estator y si est\u00e1 atascado.<\/li>    <li>&nbsp;Verifique si hay impurezas dentro de la tolva y la m\u00e1quina. Al colocar materiales, debe controlar el material dentro de 1 mm. Y est\u00e1 estrictamente prohibido introducir hierro y part\u00edculas duras en la m\u00e1quina.<\/li>    <li>Conecta la fuente de alimentaci\u00f3n y verifica si la direcci\u00f3n de rotaci\u00f3n del rotor es consistente con la flecha en la base.<\/li>    <li>Despu\u00e9s de encender el motor, verifica si hay anormalidades como ruidos.<\/li> <\/ol>    <h2 class=\"wp-block-heading\" id=\"h-how-to-adjust-the-bone-grinder-machine-gap\">\u00bfC\u00f3mo ajustar el espacio de la m\u00e1quina trituradora de huesos?<\/h2>   <div class=\"wp-block-image\"> <figure class=\"aligncenter size-full\"><img loading=\"lazy\" decoding=\"async\" width=\"720\" height=\"540\" src=\"https:\/\/www.meatprocessingmachine.org\/wp-content\/uploads\/2020\/11\/beef-bone-paste-grinding-machinel.png\" alt=\" m\u00e1quina de molienda de pasta de hueso de res\" class=\"wp-image-33090\" title=\"\" srcset=\"https:\/\/www.meatprocessingmachine.org\/wp-content\/uploads\/2020\/11\/beef-bone-paste-grinding-machinel.png 720w, https:\/\/www.meatprocessingmachine.org\/wp-content\/uploads\/2020\/11\/beef-bone-paste-grinding-machinel-300x225.png 300w\" sizes=\"auto, (max-width: 720px) 100vw, 720px\" \/><figcaption class=\"wp-element-caption\"> m\u00e1quina de molienda de pasta de hueso de res<\/figcaption><\/figure> <\/div>   <p>Puede que tenga un requisito diferente para la finura de la pasta de hueso molido para diferentes clientes. \u00bfC\u00f3mo se ajusta la m\u00e1quina de moler huesos para obtener la finura deseada? Puede ajustar la manija de ajuste para modificar la finura de la pasta de hueso molido. Gire la manija de ajuste en el sentido de las agujas del reloj, y el espacio entre el estator y el rotor se vuelve m\u00e1s peque\u00f1o. Y la finura de la molienda se vuelve m\u00e1s fina. Al ajustar la manija, gire la manija de ajuste en el sentido de las agujas del reloj. Cuando sienta un poco de fricci\u00f3n, g\u00edrela en la direcci\u00f3n opuesta para que el espacio entre las cabezas de molienda sea mayor que 0. Despu\u00e9s de ajustar la finura, apriete la manija en el anillo de ajuste. Para cumplir con los requisitos de finura de procesamiento, haga que el espacio entre los discos de molienda sea lo m\u00e1s grande posible. Esto puede aumentar la vida \u00fatil de la cabeza de molienda.<\/p>    <h2 class=\"wp-block-heading\">Caso de cliente de la m\u00e1quina de molienda de huesos<\/h2>   <div class=\"wp-block-image\"> <figure class=\"aligncenter size-full\"><img loading=\"lazy\" decoding=\"async\" width=\"720\" height=\"540\" src=\"https:\/\/www.meatprocessingmachine.org\/wp-content\/uploads\/2020\/11\/bone-grinder-machine.png\" alt=\"m\u00e1quina picadora de huesos\" class=\"wp-image-33068\" title=\"\" srcset=\"https:\/\/www.meatprocessingmachine.org\/wp-content\/uploads\/2020\/11\/bone-grinder-machine.png 720w, https:\/\/www.meatprocessingmachine.org\/wp-content\/uploads\/2020\/11\/bone-grinder-machine-300x225.png 300w\" sizes=\"auto, (max-width: 720px) 100vw, 720px\" \/><figcaption class=\"wp-element-caption\">m\u00e1quina de moler huesos<\/figcaption><\/figure> <\/div>   <p><br>Recientemente enviamos la trituradora de huesos y el molinillo de huesos y los entregamos al cliente. El cliente necesita procesar comida para mascotas. La materia prima utilizada son huesos de cerdo, pero los huesos son relativamente grandes, por lo que primero deben ser triturados y luego molidos. Los huesos se a\u00f1aden a la comida para mascotas, lo que no solo puede aumentar el aroma de la comida para mascotas, sino tambi\u00e9n proporcionar una rica nutrici\u00f3n.<\/p>    <h2 class=\"wp-block-heading\">Video de la m\u00e1quina de moler huesos<\/h2>    <figure class=\"wp-block-embed aligncenter is-type-video is-provider-youtube wp-block-embed-youtube\"><div class=\"wp-block-embed__wrapper\"> <iframe loading=\"lazy\" title=\"\u00bfQu\u00e9 m\u00e1quina puede moler huesos? | m\u00e1quina de molienda de huesos de pescado y res en venta | m\u00e1quina picadora de huesos\" width=\"500\" height=\"281\" src=\"https:\/\/www.youtube.com\/embed\/aJFLYTwqDF0?feature=oembed\" frameborder=\"0\" allow=\"accelerometer; autoplay; clipboard-write; encrypted-media; gyroscope; picture-in-picture; web-share\" referrerpolicy=\"strict-origin-when-cross-origin\" allowfullscreen><\/iframe> <\/div><figcaption class=\"wp-element-caption\">m\u00e1quina de moler huesos<\/figcaption><\/figure>","protected":false},"excerpt":{"rendered":"<p>La m\u00e1quina de moler huesos se combina generalmente con una m\u00e1quina trituradora de huesos para triturar huesos de animales y hacer barro de hueso.<\/p>","protected":false},"author":1,"featured_media":33067,"parent":0,"template":"","product-type":[594],"class_list":["post-899","product","type-product","status-publish","has-post-thumbnail","hentry","product-type-bone-processing"],"_links":{"self":[{"href":"https:\/\/www.meatprocessingmachine.org\/es\/wp-json\/wp\/v2\/product\/899","targetHints":{"allow":["GET"]}}],"collection":[{"href":"https:\/\/www.meatprocessingmachine.org\/es\/wp-json\/wp\/v2\/product"}],"about":[{"href":"https:\/\/www.meatprocessingmachine.org\/es\/wp-json\/wp\/v2\/types\/product"}],"author":[{"embeddable":true,"href":"https:\/\/www.meatprocessingmachine.org\/es\/wp-json\/wp\/v2\/users\/1"}],"wp:featuredmedia":[{"embeddable":true,"href":"https:\/\/www.meatprocessingmachine.org\/es\/wp-json\/wp\/v2\/media\/33067"}],"wp:attachment":[{"href":"https:\/\/www.meatprocessingmachine.org\/es\/wp-json\/wp\/v2\/media?parent=899"}],"wp:term":[{"taxonomy":"product-type","embeddable":true,"href":"https:\/\/www.meatprocessingmachine.org\/es\/wp-json\/wp\/v2\/product-type?post=899"}],"curies":[{"name":"wp","href":"https:\/\/api.w.org\/{rel}","templated":true}]}}