{"id":91,"date":"2018-10-25T06:08:16","date_gmt":"2018-10-24T22:08:16","guid":{"rendered":"http:\/\/www.meatprocessingmachine.org\/?p=91"},"modified":"2023-02-16T13:51:39","modified_gmt":"2023-02-16T05:51:39","slug":"frozen-meat-cutting-machine","status":"publish","type":"product","link":"https:\/\/www.meatprocessingmachine.org\/es\/frozen-meat-cutting-machine.html","title":{"rendered":"M\u00e1quina de corte de carne congelada | Cortadora de carne congelada"},"content":{"rendered":"<div class=\"kk-star-ratings kksr-auto kksr-align-right kksr-valign-top\"     data-payload='{&quot;align&quot;:&quot;right&quot;,&quot;id&quot;:&quot;91&quot;,&quot;slug&quot;:&quot;default&quot;,&quot;valign&quot;:&quot;top&quot;,&quot;ignore&quot;:&quot;&quot;,&quot;reference&quot;:&quot;auto&quot;,&quot;class&quot;:&quot;&quot;,&quot;count&quot;:&quot;0&quot;,&quot;legendonly&quot;:&quot;&quot;,&quot;readonly&quot;:&quot;&quot;,&quot;score&quot;:&quot;0&quot;,&quot;starsonly&quot;:&quot;&quot;,&quot;best&quot;:&quot;5&quot;,&quot;gap&quot;:&quot;5&quot;,&quot;greet&quot;:&quot;Rate this product&quot;,&quot;legend&quot;:&quot;0\\\/5 - (0 votos)&quot;,&quot;size&quot;:&quot;24&quot;,&quot;title&quot;:&quot;Frozen meat cutting machine | Frozen meat slicer&quot;,&quot;width&quot;:&quot;0&quot;,&quot;_legend&quot;:&quot;{score}\\\/{best} - ({count} {votes})&quot;,&quot;font_factor&quot;:&quot;1.25&quot;}'>              <div class=\"kksr-stars\">      <div class=\"kksr-stars-inactive\">             <div class=\"kksr-star\" data-star=\"1\" style=\"padding-right: 5px\">               <div class=\"kksr-icon\" style=\"width: 24px; height: 24px;\"><\/div>         <\/div>             <div class=\"kksr-star\" data-star=\"2\" style=\"padding-right: 5px\">               <div class=\"kksr-icon\" style=\"width: 24px; height: 24px;\"><\/div>         <\/div>             <div class=\"kksr-star\" data-star=\"3\" style=\"padding-right: 5px\">               <div class=\"kksr-icon\" style=\"width: 24px; height: 24px;\"><\/div>         <\/div>             <div class=\"kksr-star\" data-star=\"4\" style=\"padding-right: 5px\">               <div class=\"kksr-icon\" style=\"width: 24px; height: 24px;\"><\/div>         <\/div>             <div class=\"kksr-star\" data-star=\"5\" style=\"padding-right: 5px\">               <div class=\"kksr-icon\" style=\"width: 24px; height: 24px;\"><\/div>         <\/div>     <\/div>      <div class=\"kksr-stars-active\" style=\"width: 0px;\">             <div class=\"kksr-star\" style=\"padding-right: 5px\">               <div class=\"kksr-icon\" style=\"width: 24px; height: 24px;\"><\/div>         <\/div>             <div class=\"kksr-star\" style=\"padding-right: 5px\">               <div class=\"kksr-icon\" style=\"width: 24px; height: 24px;\"><\/div>         <\/div>             <div class=\"kksr-star\" style=\"padding-right: 5px\">               <div class=\"kksr-icon\" style=\"width: 24px; height: 24px;\"><\/div>         <\/div>             <div class=\"kksr-star\" style=\"padding-right: 5px\">               <div class=\"kksr-icon\" style=\"width: 24px; height: 24px;\"><\/div>         <\/div>             <div class=\"kksr-star\" style=\"padding-right: 5px\">               <div class=\"kksr-icon\" style=\"width: 24px; height: 24px;\"><\/div>         <\/div>     <\/div> <\/div>                   <div class=\"kksr-legend\" style=\"font-size: 19.2px;\">             <span class=\"kksr-muted\">Califique este producto<\/span>     <\/div>     <\/div>  <p class=\"translation-block\">La cortadora de carne congelada puede triturar la carne congelada, y la carne triturada se puede poner en la picadora de carne para molerla hasta obtener un relleno de carne, que se utiliza para fabricar productos c\u00e1rnicos como salchichas, pasteles de carne, alb\u00f3ndigas, etc. Esta <a href=\"https:\/\/www.meatprocessingmachine.org\/es\/frozen-meat-block-crushing-and-grinder-line.html\/\" data-type=\"URL\" data-id=\"https:\/\/www.meatprocessingmachine.org\/frozen-meat-block-crushing-and-grinder-line.html\">rebanadora de carne congelada<\/a> se vende muy bien en Australia, Indonesia, Espa\u00f1a, Sud\u00e1frica y Filipinas.<\/p>    <figure class=\"wp-block-gallery has-nested-images columns-default is-cropped wp-block-gallery-2 is-layout-flex wp-block-gallery-is-layout-flex\"> <figure class=\"wp-block-image size-large\"><img loading=\"lazy\" decoding=\"async\" width=\"720\" height=\"540\" data-id=\"34146\" src=\"https:\/\/www.meatprocessingmachine.org\/wp-content\/uploads\/2018\/10\/frozen-meat-before-breaking.webp\" alt=\"carne congelada antes de triturar\" class=\"wp-image-34146\" title=\"\" srcset=\"https:\/\/www.meatprocessingmachine.org\/wp-content\/uploads\/2018\/10\/frozen-meat-before-breaking.webp 720w, https:\/\/www.meatprocessingmachine.org\/wp-content\/uploads\/2018\/10\/frozen-meat-before-breaking-300x225.webp 300w\" sizes=\"auto, (max-width: 720px) 100vw, 720px\" \/><figcaption class=\"wp-element-caption\">Carne Congelada Antes de Triturar<\/figcaption><\/figure>    <figure class=\"wp-block-image size-large\"><img loading=\"lazy\" decoding=\"async\" width=\"720\" height=\"540\" data-id=\"34147\" src=\"https:\/\/www.meatprocessingmachine.org\/wp-content\/uploads\/2018\/10\/After-frozen-meat-crushing.webp\" alt=\"Despu\u00e9s de triturar la carne congelada\" class=\"wp-image-34147\" title=\"\" srcset=\"https:\/\/www.meatprocessingmachine.org\/wp-content\/uploads\/2018\/10\/After-frozen-meat-crushing.webp 720w, https:\/\/www.meatprocessingmachine.org\/wp-content\/uploads\/2018\/10\/After-frozen-meat-crushing-300x225.webp 300w\" sizes=\"auto, (max-width: 720px) 100vw, 720px\" \/><figcaption class=\"wp-element-caption\">Despu\u00e9s de Triturar la Carne Congelada<\/figcaption><\/figure> <\/figure>   <h2>Introducci\u00f3n a la m\u00e1quina de corte de carne congelada<\/h2> <p class=\"translation-block\">La m\u00e1quina cortadora de carne congelada puede cortar directamente piezas de carne congelada, siendo un equipo indispensable en el procesamiento de productos c\u00e1rnicos. Toda la m\u00e1quina est\u00e1 fabricada en acero inoxidable de alta calidad y la cuchilla est\u00e1 fabricada en aleaci\u00f3n de alta calidad con un buen efecto de corte. No es necesario descongelar durante el proceso de producci\u00f3n y puede cortar directamente todo tipo de carne congelada de -18 \u00b0C a -12 \u00b0C. Esta m\u00e1quina reduce el tiempo de congelaci\u00f3n y descongelaci\u00f3n, evita la p\u00e9rdida de nutrientes durante el proceso de recongelaci\u00f3n de la carne y reduce los costes para el usuario. <strong>La m\u00e1quina cortadora de carne congelada<\/strong> libera la carne de la contaminaci\u00f3n secundaria y la p\u00e9rdida, garantizando su delicia, nutrientes y sabor.<\/p>   <figure class=\"wp-block-gallery has-nested-images columns-default is-cropped wp-block-gallery-3 is-layout-flex wp-block-gallery-is-layout-flex\"> <figure class=\"wp-block-image size-large\"><img loading=\"lazy\" decoding=\"async\" width=\"720\" height=\"540\" data-id=\"34131\" src=\"https:\/\/www.meatprocessingmachine.org\/wp-content\/uploads\/2018\/10\/Frozen-meat-slicer.webp\" alt=\"cortadora de carne congelada\" class=\"wp-image-34131\" title=\"\" srcset=\"https:\/\/www.meatprocessingmachine.org\/wp-content\/uploads\/2018\/10\/Frozen-meat-slicer.webp 720w, https:\/\/www.meatprocessingmachine.org\/wp-content\/uploads\/2018\/10\/Frozen-meat-slicer-300x225.webp 300w\" sizes=\"auto, (max-width: 720px) 100vw, 720px\" \/><figcaption class=\"wp-element-caption\">Cortadora de carne congelada<\/figcaption><\/figure>    <figure class=\"wp-block-image size-large\"><img loading=\"lazy\" decoding=\"async\" width=\"720\" height=\"540\" data-id=\"34133\" src=\"https:\/\/www.meatprocessingmachine.org\/wp-content\/uploads\/2018\/10\/Frozen-meat-slicer-1.webp\" alt=\"cortadora de carne congelada\" class=\"wp-image-34133\" title=\"\" srcset=\"https:\/\/www.meatprocessingmachine.org\/wp-content\/uploads\/2018\/10\/Frozen-meat-slicer-1.webp 720w, https:\/\/www.meatprocessingmachine.org\/wp-content\/uploads\/2018\/10\/Frozen-meat-slicer-1-300x225.webp 300w\" sizes=\"auto, (max-width: 720px) 100vw, 720px\" \/><figcaption class=\"wp-element-caption\">Cortadora de carne congelada<\/figcaption><\/figure>    <figure class=\"wp-block-image size-large\"><img loading=\"lazy\" decoding=\"async\" width=\"720\" height=\"540\" data-id=\"34134\" src=\"https:\/\/www.meatprocessingmachine.org\/wp-content\/uploads\/2018\/10\/Frozen-meat-slicer-2.webp\" alt=\"cortadora de carne congelada\" class=\"wp-image-34134\" title=\"\" srcset=\"https:\/\/www.meatprocessingmachine.org\/wp-content\/uploads\/2018\/10\/Frozen-meat-slicer-2.webp 720w, https:\/\/www.meatprocessingmachine.org\/wp-content\/uploads\/2018\/10\/Frozen-meat-slicer-2-300x225.webp 300w\" sizes=\"auto, (max-width: 720px) 100vw, 720px\" \/><figcaption class=\"wp-element-caption\">Cortadora de carne congelada<\/figcaption><\/figure> <\/figure>    <h2 class=\"wp-block-heading\" id=\"h-features-of-meat-cutter-machine\"><strong>Caracter\u00edsticas<\/strong> de la m\u00e1quina cortadora de carne<\/h2>    <figure class=\"wp-block-gallery has-nested-images columns-2 is-cropped wp-block-gallery-4 is-layout-flex wp-block-gallery-is-layout-flex\"> <figure class=\"wp-block-image size-large\"><img loading=\"lazy\" decoding=\"async\" width=\"720\" height=\"540\" data-id=\"34135\" src=\"https:\/\/www.meatprocessingmachine.org\/wp-content\/uploads\/2018\/10\/Frozen-meat-cutting-machine.webp\" alt=\"M\u00e1quina de corte de carne congelada\" class=\"wp-image-34135\" title=\"\" srcset=\"https:\/\/www.meatprocessingmachine.org\/wp-content\/uploads\/2018\/10\/Frozen-meat-cutting-machine.webp 720w, https:\/\/www.meatprocessingmachine.org\/wp-content\/uploads\/2018\/10\/Frozen-meat-cutting-machine-300x225.webp 300w\" sizes=\"auto, (max-width: 720px) 100vw, 720px\" \/><figcaption class=\"wp-element-caption\">M\u00e1quina de corte de carne congelada<\/figcaption><\/figure>    <figure class=\"wp-block-image size-large\"><img loading=\"lazy\" decoding=\"async\" width=\"720\" height=\"540\" data-id=\"34137\" src=\"https:\/\/www.meatprocessingmachine.org\/wp-content\/uploads\/2018\/10\/Frozen-meat-cutting-machine-2.webp\" alt=\"M\u00e1quina de corte de carne congelada\" class=\"wp-image-34137\" title=\"\" srcset=\"https:\/\/www.meatprocessingmachine.org\/wp-content\/uploads\/2018\/10\/Frozen-meat-cutting-machine-2.webp 720w, https:\/\/www.meatprocessingmachine.org\/wp-content\/uploads\/2018\/10\/Frozen-meat-cutting-machine-2-300x225.webp 300w\" sizes=\"auto, (max-width: 720px) 100vw, 720px\" \/><figcaption class=\"wp-element-caption\">M\u00e1quina de corte de carne congelada<\/figcaption><\/figure>    <figure class=\"wp-block-image size-large\"><img loading=\"lazy\" decoding=\"async\" width=\"720\" height=\"540\" data-id=\"34136\" src=\"https:\/\/www.meatprocessingmachine.org\/wp-content\/uploads\/2018\/10\/Frozen-meat-cutting-machine-1.webp\" alt=\"M\u00e1quina de corte de carne congelada\" class=\"wp-image-34136\" title=\"\" srcset=\"https:\/\/www.meatprocessingmachine.org\/wp-content\/uploads\/2018\/10\/Frozen-meat-cutting-machine-1.webp 720w, https:\/\/www.meatprocessingmachine.org\/wp-content\/uploads\/2018\/10\/Frozen-meat-cutting-machine-1-300x225.webp 300w\" sizes=\"auto, (max-width: 720px) 100vw, 720px\" \/><figcaption class=\"wp-element-caption\">M\u00e1quina de corte de carne congelada<\/figcaption><\/figure>    <figure class=\"wp-block-image size-large\"><img loading=\"lazy\" decoding=\"async\" width=\"720\" height=\"540\" data-id=\"34138\" src=\"https:\/\/www.meatprocessingmachine.org\/wp-content\/uploads\/2018\/10\/Frozen-meat-cutting-machine-3.webp\" alt=\"M\u00e1quina de corte de carne congelada\" class=\"wp-image-34138\" title=\"\" srcset=\"https:\/\/www.meatprocessingmachine.org\/wp-content\/uploads\/2018\/10\/Frozen-meat-cutting-machine-3.webp 720w, https:\/\/www.meatprocessingmachine.org\/wp-content\/uploads\/2018\/10\/Frozen-meat-cutting-machine-3-300x225.webp 300w\" sizes=\"auto, (max-width: 720px) 100vw, 720px\" \/><figcaption class=\"wp-element-caption\">M\u00e1quina de corte de carne congelada<\/figcaption><\/figure> <\/figure>    <p>La m\u00e1quina de corte de carne congelada se basa en la tecnolog\u00eda avanzada de productos similares en el pa\u00eds y en el extranjero y se combina con la tecnolog\u00eda de procesamiento real de China para desarrollar y producir. Tiene un rendimiento estable, una peque\u00f1a inversi\u00f3n y una alta eficiencia de producci\u00f3n.<\/p>    <h2 class=\"wp-block-heading\" id=\"h-specification\"> Par\u00e1metros de la m\u00e1quina de corte de carne congelada SL-200<\/h2>    <figure class=\"wp-block-table\"><table><tbody><tr><td>Modelo<\/td><td>Dimensi\u00f3n<\/td><td>Capacidad<\/td><td>Velocidad del motor<\/td><td>Poder<\/td><td>Peso<\/td><\/tr><tr><td>SL-200<\/td><td>1255*720*1420mm<\/td><td>3~5t\/h<\/td><td>1450<\/td><td>5.5kw<\/td><td>600kg<\/td><\/tr><\/tbody><\/table><figcaption class=\"wp-element-caption\">par\u00e1metros de la m\u00e1quina de corte de carne congelada<\/figcaption><\/figure>    <h2 class=\"wp-block-heading\" id=\"h-advantages-of-frozen-meat-cutting-machine\">Ventajas de la m\u00e1quina de corte de carne congelada<\/h2>    <p>1. La carne cruda de -18\u2103 a -12\u2103 se puede cortar directamente, eliminando el enlace intermedio de atemperado, acortando el tiempo de procesamiento y mejorando la calidad del producto y la tasa de producci\u00f3n.<\/p>    <p>2. El cortador utiliza material de acero aleado de alta calidad y tratamiento anticorrosi\u00f3n, por lo que la vida \u00fatil es cada vez m\u00e1s larga.<\/p>    <p>3. Los componentes principales est\u00e1n hechos de acero inoxidable 304, que no es f\u00e1cil de oxidar y cumple con los requisitos nacionales de alimentos.<\/p>    <p>4. F\u00e1cil operaci\u00f3n y mantenimiento.<\/p>    <p>5. El tama\u00f1o se puede ajustar seg\u00fan los requisitos del cliente.<\/p>    <h2 class=\"wp-block-heading\" id=\"h-frozen-meat-slicer-instructions\">Instrucciones para la cortadora de carne congelada <\/h2>    <figure class=\"wp-block-gallery has-nested-images columns-default is-cropped wp-block-gallery-5 is-layout-flex wp-block-gallery-is-layout-flex\"> <figure class=\"wp-block-image size-large\"><img loading=\"lazy\" decoding=\"async\" width=\"720\" height=\"540\" data-id=\"34140\" src=\"https:\/\/www.meatprocessingmachine.org\/wp-content\/uploads\/2018\/10\/Frozen-meat-slicer-details.webp\" alt=\"Detalles del cortador de carne congelada\" class=\"wp-image-34140\" title=\"\" srcset=\"https:\/\/www.meatprocessingmachine.org\/wp-content\/uploads\/2018\/10\/Frozen-meat-slicer-details.webp 720w, https:\/\/www.meatprocessingmachine.org\/wp-content\/uploads\/2018\/10\/Frozen-meat-slicer-details-300x225.webp 300w\" sizes=\"auto, (max-width: 720px) 100vw, 720px\" \/><figcaption class=\"wp-element-caption\">Detalles del cortador de carne congelada<\/figcaption><\/figure>    <figure class=\"wp-block-image size-large\"><img loading=\"lazy\" decoding=\"async\" width=\"720\" height=\"540\" data-id=\"34141\" src=\"https:\/\/www.meatprocessingmachine.org\/wp-content\/uploads\/2018\/10\/Frozen-meat-slicer-details-1.webp\" alt=\"Detalles del cortador de carne congelada\" class=\"wp-image-34141\" title=\"\" srcset=\"https:\/\/www.meatprocessingmachine.org\/wp-content\/uploads\/2018\/10\/Frozen-meat-slicer-details-1.webp 720w, https:\/\/www.meatprocessingmachine.org\/wp-content\/uploads\/2018\/10\/Frozen-meat-slicer-details-1-300x225.webp 300w\" sizes=\"auto, (max-width: 720px) 100vw, 720px\" \/><figcaption class=\"wp-element-caption\">Detalles del cortador de carne congelada<\/figcaption><\/figure>    <figure class=\"wp-block-image size-large\"><img loading=\"lazy\" decoding=\"async\" width=\"720\" height=\"540\" data-id=\"34142\" src=\"https:\/\/www.meatprocessingmachine.org\/wp-content\/uploads\/2018\/10\/frozen-meat-crusher-knives.webp\" alt=\"cuchillos de trituradora de carne congelada\" class=\"wp-image-34142\" title=\"\" srcset=\"https:\/\/www.meatprocessingmachine.org\/wp-content\/uploads\/2018\/10\/frozen-meat-crusher-knives.webp 720w, https:\/\/www.meatprocessingmachine.org\/wp-content\/uploads\/2018\/10\/frozen-meat-crusher-knives-300x225.webp 300w\" sizes=\"auto, (max-width: 720px) 100vw, 720px\" \/><figcaption class=\"wp-element-caption\">Cuchillos del triturador de carne congelada<\/figcaption><\/figure>    <figure class=\"wp-block-image size-large\"><img loading=\"lazy\" decoding=\"async\" width=\"720\" height=\"540\" data-id=\"34143\" src=\"https:\/\/www.meatprocessingmachine.org\/wp-content\/uploads\/2018\/10\/Frozen-meat-crusher-meat-pusher.webp\" alt=\"Empujador de carne del triturador de carne congelada\" class=\"wp-image-34143\" title=\"\" srcset=\"https:\/\/www.meatprocessingmachine.org\/wp-content\/uploads\/2018\/10\/Frozen-meat-crusher-meat-pusher.webp 720w, https:\/\/www.meatprocessingmachine.org\/wp-content\/uploads\/2018\/10\/Frozen-meat-crusher-meat-pusher-300x225.webp 300w\" sizes=\"auto, (max-width: 720px) 100vw, 720px\" \/><figcaption class=\"wp-element-caption\">Empujador de carne del triturador de carne congelada<\/figcaption><\/figure>    <figure class=\"wp-block-image size-large\"><img loading=\"lazy\" decoding=\"async\" width=\"720\" height=\"540\" data-id=\"34144\" src=\"https:\/\/www.meatprocessingmachine.org\/wp-content\/uploads\/2018\/10\/frozen-meat-crusher-knives-details.webp\" alt=\"detalles de los cuchillos de trituradora de carne congelada\" class=\"wp-image-34144\" title=\"\" srcset=\"https:\/\/www.meatprocessingmachine.org\/wp-content\/uploads\/2018\/10\/frozen-meat-crusher-knives-details.webp 720w, https:\/\/www.meatprocessingmachine.org\/wp-content\/uploads\/2018\/10\/frozen-meat-crusher-knives-details-300x225.webp 300w\" sizes=\"auto, (max-width: 720px) 100vw, 720px\" \/><figcaption class=\"wp-element-caption\">Detalles de cuchillos para triturar carne congelada<\/figcaption><\/figure>    <figure class=\"wp-block-image size-large\"><img loading=\"lazy\" decoding=\"async\" width=\"720\" height=\"540\" data-id=\"34145\" src=\"https:\/\/www.meatprocessingmachine.org\/wp-content\/uploads\/2018\/10\/Frozen-meat-crusher-control-panel.webp\" alt=\"Panel de control del triturador de carne congelada\" class=\"wp-image-34145\" title=\"\" srcset=\"https:\/\/www.meatprocessingmachine.org\/wp-content\/uploads\/2018\/10\/Frozen-meat-crusher-control-panel.webp 720w, https:\/\/www.meatprocessingmachine.org\/wp-content\/uploads\/2018\/10\/Frozen-meat-crusher-control-panel-300x225.webp 300w\" sizes=\"auto, (max-width: 720px) 100vw, 720px\" \/><figcaption class=\"wp-element-caption\">Panel de control del triturador de carne congelada<\/figcaption><\/figure> <\/figure>    <p>1. No introduzca un cuchillo o la mano en el barril cuando la m\u00e1quina est\u00e9 en funcionamiento.<\/p>    <p>2. Desconectar la alimentaci\u00f3n durante el mantenimiento<\/p>    <p>3. No vierta agua a presi\u00f3n en las partes el\u00e9ctricas al limpiar.<\/p>    <p>4. En caso de falla, no desmonte por su cuenta y reporte para reparaci\u00f3n de inmediato.<\/p>","protected":false},"excerpt":{"rendered":"<p>La m\u00e1quina de cortar carne congelada puede triturar la carne congelada, y la carne triturada se puede poner en la picadora de carne para molerla en carne picada, que se utiliza para hacer productos c\u00e1rnicos como salchichas, empanadas de carne, alb\u00f3ndigas, etc. Esta m\u00e1quina est\u00e1 en Australia, Indonesia, Espa\u00f1a, Sud\u00e1frica y Filipinas y se vende muy bien.<\/p>","protected":false},"author":1,"featured_media":34129,"parent":0,"template":"","product-type":[589],"class_list":["post-91","product","type-product","status-publish","has-post-thumbnail","hentry","product-type-meat-cutting-machine"],"_links":{"self":[{"href":"https:\/\/www.meatprocessingmachine.org\/es\/wp-json\/wp\/v2\/product\/91","targetHints":{"allow":["GET"]}}],"collection":[{"href":"https:\/\/www.meatprocessingmachine.org\/es\/wp-json\/wp\/v2\/product"}],"about":[{"href":"https:\/\/www.meatprocessingmachine.org\/es\/wp-json\/wp\/v2\/types\/product"}],"author":[{"embeddable":true,"href":"https:\/\/www.meatprocessingmachine.org\/es\/wp-json\/wp\/v2\/users\/1"}],"wp:featuredmedia":[{"embeddable":true,"href":"https:\/\/www.meatprocessingmachine.org\/es\/wp-json\/wp\/v2\/media\/34129"}],"wp:attachment":[{"href":"https:\/\/www.meatprocessingmachine.org\/es\/wp-json\/wp\/v2\/media?parent=91"}],"wp:term":[{"taxonomy":"product-type","embeddable":true,"href":"https:\/\/www.meatprocessingmachine.org\/es\/wp-json\/wp\/v2\/product-type?post=91"}],"curies":[{"name":"wp","href":"https:\/\/api.w.org\/{rel}","templated":true}]}}