{"id":925,"date":"2020-12-08T18:03:31","date_gmt":"2020-12-08T10:03:31","guid":{"rendered":"http:\/\/www.meatprocessingmachine.org\/?p=925"},"modified":"2024-06-20T15:56:25","modified_gmt":"2024-06-20T07:56:25","slug":"automatic-fish-scaler-machine-fish-scale-remover-machine","status":"publish","type":"product","link":"https:\/\/www.meatprocessingmachine.org\/es\/automatic-fish-scaler-machine-fish-scale-remover-machine.html","title":{"rendered":"M\u00e1quina removedora de escamas de pescado | M\u00e1quina para escalar y eviscerar pescado"},"content":{"rendered":"<div class=\"kk-star-ratings kksr-auto kksr-align-right kksr-valign-top\"     data-payload='{&quot;align&quot;:&quot;right&quot;,&quot;id&quot;:&quot;925&quot;,&quot;slug&quot;:&quot;default&quot;,&quot;valign&quot;:&quot;top&quot;,&quot;ignore&quot;:&quot;&quot;,&quot;reference&quot;:&quot;auto&quot;,&quot;class&quot;:&quot;&quot;,&quot;count&quot;:&quot;0&quot;,&quot;legendonly&quot;:&quot;&quot;,&quot;readonly&quot;:&quot;&quot;,&quot;score&quot;:&quot;0&quot;,&quot;starsonly&quot;:&quot;&quot;,&quot;best&quot;:&quot;5&quot;,&quot;gap&quot;:&quot;5&quot;,&quot;greet&quot;:&quot;Rate this product&quot;,&quot;legend&quot;:&quot;0\\\/5 - (0 votos)&quot;,&quot;size&quot;:&quot;24&quot;,&quot;title&quot;:&quot;Fish Scale Remover Machine | Fish Scaling and Gutting Machine&quot;,&quot;width&quot;:&quot;0&quot;,&quot;_legend&quot;:&quot;{score}\\\/{best} - ({count} {votes})&quot;,&quot;font_factor&quot;:&quot;1.25&quot;}'>              <div class=\"kksr-stars\">      <div class=\"kksr-stars-inactive\">             <div class=\"kksr-star\" data-star=\"1\" style=\"padding-right: 5px\">               <div class=\"kksr-icon\" style=\"width: 24px; height: 24px;\"><\/div>         <\/div>             <div class=\"kksr-star\" data-star=\"2\" style=\"padding-right: 5px\">               <div class=\"kksr-icon\" style=\"width: 24px; height: 24px;\"><\/div>         <\/div>             <div class=\"kksr-star\" data-star=\"3\" style=\"padding-right: 5px\">               <div class=\"kksr-icon\" style=\"width: 24px; height: 24px;\"><\/div>         <\/div>             <div class=\"kksr-star\" data-star=\"4\" style=\"padding-right: 5px\">               <div class=\"kksr-icon\" style=\"width: 24px; height: 24px;\"><\/div>         <\/div>             <div class=\"kksr-star\" data-star=\"5\" style=\"padding-right: 5px\">               <div class=\"kksr-icon\" style=\"width: 24px; height: 24px;\"><\/div>         <\/div>     <\/div>      <div class=\"kksr-stars-active\" style=\"width: 0px;\">             <div class=\"kksr-star\" style=\"padding-right: 5px\">               <div class=\"kksr-icon\" style=\"width: 24px; height: 24px;\"><\/div>         <\/div>             <div class=\"kksr-star\" style=\"padding-right: 5px\">               <div class=\"kksr-icon\" style=\"width: 24px; height: 24px;\"><\/div>         <\/div>             <div class=\"kksr-star\" style=\"padding-right: 5px\">               <div class=\"kksr-icon\" style=\"width: 24px; height: 24px;\"><\/div>         <\/div>             <div class=\"kksr-star\" style=\"padding-right: 5px\">               <div class=\"kksr-icon\" style=\"width: 24px; height: 24px;\"><\/div>         <\/div>             <div class=\"kksr-star\" style=\"padding-right: 5px\">               <div class=\"kksr-icon\" style=\"width: 24px; height: 24px;\"><\/div>         <\/div>     <\/div> <\/div>                   <div class=\"kksr-legend\" style=\"font-size: 19.2px;\">             <span class=\"kksr-muted\">Califique este producto<\/span>     <\/div>     <\/div>  <p class=\"translation-block\"><strong>La m\u00e1quina removedora de escamas de pescado<\/strong> tambi\u00e9n se llama m\u00e1quina escaladora de pescado. Est\u00e1 dise\u00f1ada profesionalmente y se puede utilizar para eliminar escamas de varios tipos y tama\u00f1os de pescado. Taizy fabricante de m\u00e1quinas de procesamiento de pescado proporciona tres tipos de m\u00e1quinas removedoras de escamas de pescado. Una es una m\u00e1quina de escalado autom\u00e1tica, y la otra es una m\u00e1quina desescamadora especialmente utilizada para peces peque\u00f1os. Y otra es una m\u00e1quina de escalado y eviscerado de pescado.<\/p>    <p>Estas tres m\u00e1quinas desescamadoras de pescado comerciales pueden realizar operaciones autom\u00e1ticas. Adem\u00e1s, son adecuadas para el desescamado de muchas especies de pescado. Tambi\u00e9n podemos personalizar la m\u00e1quina de acuerdo con las necesidades del cliente.<\/p>    <h2 class=\"wp-block-heading\" id=\"h-fish-scale-remover-machine-video\">Video de trabajo de la m\u00e1quina removedora de escamas de pescado<\/h2>    <figure class=\"wp-block-embed is-type-video is-provider-youtube wp-block-embed-youtube\"><div class=\"wp-block-embed__wrapper\"> <iframe loading=\"lazy\" title=\"M\u00e1quina autom\u00e1tica para quitar escamas de pescado, eviscerar y limpiar pescado grande y peque\u00f1o\" width=\"500\" height=\"281\" src=\"https:\/\/www.youtube.com\/embed\/q-hKcTKzklQ?feature=oembed\" frameborder=\"0\" allow=\"accelerometer; autoplay; clipboard-write; encrypted-media; gyroscope; picture-in-picture; web-share\" referrerpolicy=\"strict-origin-when-cross-origin\" allowfullscreen><\/iframe> <\/div><figcaption class=\"wp-element-caption\">m\u00e1quina escaladora de pescado autom\u00e1tica<\/figcaption><\/figure>    <h2 class=\"wp-block-heading\" id=\"h-type-1-automatic-fish-scaling-machine\">Tipo 1: M\u00e1quina autom\u00e1tica de escamado de pescado<\/h2>    <p>La m\u00e1quina autom\u00e1tica de escamado de pescado elimina principalmente las escamas del pescado al hacer contacto con el cepillo de lana. Est\u00e1 compuesta principalmente por una entrada de pescado, una salida de pescado, un panel de control, una entrada de agua y otras estructuras principales. Al funcionar, primero se conecta la manguera de agua a la entrada de agua. Despu\u00e9s de que la m\u00e1quina en espera se llena de agua, se coloca el pescado en la m\u00e1quina desde la entrada de pescado. <\/p>    <p>Luego, cierra la tapa y enciende la m\u00e1quina a trav\u00e9s del panel de control. El cepillo dentro de la m\u00e1quina removedora de escamas de pescado sigue girando para eliminar las escamas. Despu\u00e9s de quitar las escamas de pescado, apaga la m\u00e1quina y abre la salida de pescado. El pescado retirado saldr\u00e1 por la salida.<\/p>    <figure class=\"wp-block-image size-large\"><img loading=\"lazy\" decoding=\"async\" width=\"720\" height=\"540\" src=\"http:\/\/www.meatprocessingmachine.org\/wp-content\/uploads\/2020\/12\/automatic-fish-descale-machine.jpg\" alt=\"m\u00e1quina autom\u00e1tica de descamado de pescado\" class=\"wp-image-933\" title=\"\" srcset=\"https:\/\/www.meatprocessingmachine.org\/wp-content\/uploads\/2020\/12\/automatic-fish-descale-machine.jpg 720w, https:\/\/www.meatprocessingmachine.org\/wp-content\/uploads\/2020\/12\/automatic-fish-descale-machine-300x225.jpg 300w\" sizes=\"auto, (max-width: 720px) 100vw, 720px\" \/><figcaption class=\"wp-element-caption\">M\u00e1quina autom\u00e1tica removedora de escamas de pescado<\/figcaption><\/figure>    <h3 class=\"wp-block-heading\" id=\"tw-target-text\">Par\u00e1metros detallados de la m\u00e1quina autom\u00e1tica de escamas de pescado<\/h3>    <figure class=\"wp-block-table\"><table><tbody><tr><td>Modelo<\/td><td>Tama\u00f1o<\/td><td>Poder<\/td><\/tr><tr><td>TZ-350<\/td><td>0.8*0.4*0.44m<\/td><td>0.75kw<\/td><\/tr><tr><td>TZ-500<\/td><td>1.05*0.55*0.85m<\/td><td>2.2kw<\/td><\/tr><tr><td>TZ-700<\/td><td>1.25*0.55*0.85m<\/td><td>2.2kw<\/td><\/tr><tr><td>TZ-800<\/td><td>1.25*0.65*0.85m<\/td><td>3.2kw<\/td><\/tr><tr><td>TZ-1000<\/td><td>1.58*0.55*0.85m<\/td><td>3.0kw<\/td><\/tr><\/tbody><\/table><figcaption class=\"wp-element-caption\">m\u00e1quina autom\u00e1tica de escamas de pescado en venta<\/figcaption><\/figure>    <p>Tenemos cinco modelos de m\u00e1quinas autom\u00e1ticas para quitar escamas de pescado para que elijas. Diferentes modelos tienen diferentes salidas, tama\u00f1os y potencias.<\/p>    <h3 class=\"wp-block-heading\" id=\"h-advantages-of-the-machine\">Ventajas de la m\u00e1quina <\/h3>    <figure class=\"wp-block-image size-large\"><img loading=\"lazy\" decoding=\"async\" width=\"720\" height=\"540\" src=\"http:\/\/www.meatprocessingmachine.org\/wp-content\/uploads\/2020\/12\/fish-scaling-machine-structure.jpg\" alt=\"estructura de m\u00e1quina de escamas de pescado\" class=\"wp-image-934\" title=\"\" srcset=\"https:\/\/www.meatprocessingmachine.org\/wp-content\/uploads\/2020\/12\/fish-scaling-machine-structure.jpg 720w, https:\/\/www.meatprocessingmachine.org\/wp-content\/uploads\/2020\/12\/fish-scaling-machine-structure-300x225.jpg 300w\" sizes=\"auto, (max-width: 720px) 100vw, 720px\" \/><figcaption class=\"wp-element-caption\">Estructura de la m\u00e1quina de escamas de pescado<\/figcaption><\/figure>    <ol class=\"wp-block-list\" style=\"list-style-type:1\"> <li>La m\u00e1quina comercial de escamado de pescado puede lograr el efecto de limpieza mientras elimina las escamas. Su efecto de eliminaci\u00f3n es evidente, y obtendr\u00e1s el pescado limpio al final.<\/li>    <li>La m\u00e1quina de limpieza de pescado utiliza un pa\u00f1o de lana. Tiene las caracter\u00edsticas de no perder pelo, no deshilacharse y no romperse a altas temperaturas.<\/li>    <li>Su carcasa est\u00e1 hecha de acero inoxidable, y se controla mediante una pantalla inteligente. Tiene las caracter\u00edsticas de f\u00e1cil operaci\u00f3n y alta eficiencia laboral.<\/li>    <li>La m\u00e1quina autom\u00e1tica para quitar escamas de pescado tiene una funci\u00f3n de temporizador, que puede establecer diferentes tiempos para quitar escamas de pescado seg\u00fan los diferentes tipos de pescado.<\/li>    <li> La m\u00e1quina comercial de escamas de pescado no da\u00f1ar\u00e1 el cuerpo del pez, puede realizar la separaci\u00f3n autom\u00e1tica del cuerpo del pez y las escamas. Las escamas removidas se pueden recuperar autom\u00e1ticamente.<\/li> <\/ol>    <h2 class=\"wp-block-heading\" id=\"h-type-2-small-fish-scale-machine\">Tipo 2: M\u00e1quina de escamado de pescado peque\u00f1a<\/h2>    <p><font style=\"vertical-align: inherit;\"><font style=\"vertical-align: inherit;\">La m\u00e1quina de escamas de pescado es principalmente impulsada por un motor que hace girar la m\u00e1quina continuamente. Est\u00e1 compuesta principalmente por un tamiz de cinco lados. Cuando se retiran las escamas, el motor impulsa el tamiz para que siga girando y los peces peque\u00f1os en la red. Giran junto con el tamiz. <\/font><\/font><\/p>    <p><font style=\"vertical-align: inherit;\"><font style=\"vertical-align: inherit;\">Al girar, los peces en la red chocan constantemente con el tamiz para lograr el efecto de eliminar las escamas de los peces. Las escamas de pez reemplazadas se expulsan por los agujeros del tamiz bajo el impacto del agua. Por lo tanto, el uso de esta m\u00e1quina de peque\u00f1a escala puede eliminar las escamas de los peces y los peces pueden ser completamente desescamados. Y obtener peces limpios.<\/font><\/font><\/p>    <figure class=\"wp-block-image size-large\"><img loading=\"lazy\" decoding=\"async\" width=\"720\" height=\"540\" src=\"http:\/\/www.meatprocessingmachine.org\/wp-content\/uploads\/2020\/12\/small-fish-scale-remover-machine.jpg\" alt=\"m\u00e1quina peque\u00f1a para quitar escamas de pescado\" class=\"wp-image-936\" title=\"\" srcset=\"https:\/\/www.meatprocessingmachine.org\/wp-content\/uploads\/2020\/12\/small-fish-scale-remover-machine.jpg 720w, https:\/\/www.meatprocessingmachine.org\/wp-content\/uploads\/2020\/12\/small-fish-scale-remover-machine-300x225.jpg 300w\" sizes=\"auto, (max-width: 720px) 100vw, 720px\" \/><figcaption class=\"wp-element-caption\">M\u00e1quina peque\u00f1a para quitar escamas de pescado<\/figcaption><\/figure>    <h2 class=\"wp-block-heading\" id=\"h-type-3-fish-scaling-and-gutting-machine\">Tipo 3: M\u00e1quina de escamado y eviscerado de pescado<\/h2>    <p>A diferencia de las dos m\u00e1quinas anteriores dedicadas a quitar escamas de pescado, esta m\u00e1quina para escamar y eviscerar pescado puede quitar escamas y eviscerar al mismo tiempo. Puede lograr las dos funciones mencionadas, pero solo se puede aplicar a un pez a la vez. En comparaci\u00f3n con las m\u00e1quinas quitadoras de escamas de pescado mencionadas anteriormente, tiene una capacidad peque\u00f1a para escamar pescado.<\/p>    <figure class=\"wp-block-image size-large\"><img loading=\"lazy\" decoding=\"async\" width=\"720\" height=\"540\" src=\"http:\/\/www.meatprocessingmachine.org\/wp-content\/uploads\/2020\/12\/fish-scaling-and-gutting-machine.jpg\" alt=\"m\u00e1quina para escamar y eviscerar pescado\" class=\"wp-image-937\" title=\"\" srcset=\"https:\/\/www.meatprocessingmachine.org\/wp-content\/uploads\/2020\/12\/fish-scaling-and-gutting-machine.jpg 720w, https:\/\/www.meatprocessingmachine.org\/wp-content\/uploads\/2020\/12\/fish-scaling-and-gutting-machine-300x225.jpg 300w\" sizes=\"auto, (max-width: 720px) 100vw, 720px\" \/><figcaption class=\"wp-element-caption\">M\u00e1quina para escamar y eviscerar pescado<\/figcaption><\/figure>    <h3 class=\"wp-block-heading\" id=\"h-type3-machine-introduction\"> Introducci\u00f3n a la m\u00e1quina de escamado y eviscerado de pescado<\/h3>    <p class=\"translation-block\">La m\u00e1quina integra las funciones de eliminaci\u00f3n de escamas, apertura de vientres de pescado, extracci\u00f3n de \u00f3rganos internos y limpieza de pescado. Puede procesar carpa herb\u00edvora, carpa, <a href=\"https:\/\/en.wikipedia.org\/wiki\/Tilapia\" target=\"_blank\" rel=\"noopener\">tilapia<\/a>, lubina y otros pescados. El panel de control de la m\u00e1quina quitapestos de pescado puede ajustar la profundidad de la operaci\u00f3n. <\/p>    <p>El pescado procesado por esta m\u00e1quina puede quitar las escamas de pescado limpias sin da\u00f1ar la piel y las aletas del pescado. Al quitar las escamas, tambi\u00e9n puede eliminar las v\u00edsceras de manera limpia sin da\u00f1ar la bilis del pescado. Se utiliza ampliamente en supermercados, comedores, tiendas de pescado a la parrilla, tiendas de hot pot y otros lugares, y tiene una alta eficiencia.<\/p>    <h3 class=\"wp-block-heading\">Caracter\u00edsticas de la m\u00e1quina integral de procesamiento de pescado<\/h3>    <ol class=\"wp-block-list\" style=\"list-style-type:1\"> <li>La m\u00e1quina tiene funciones potentes, puede realizar funciones de eliminaci\u00f3n de escamas, apertura, extracci\u00f3n de \u00f3rganos internos y limpieza. La eliminaci\u00f3n de escamas y \u00f3rganos internos es buena y no da\u00f1ar\u00e1 la piel ni las aletas.<\/li>    <li>Toda la m\u00e1quina escaladora de pescado est\u00e1 hecha de acero inoxidable, que cumple con los est\u00e1ndares de seguridad alimentaria y sanidad.<\/li>    <li>Adopta una operaci\u00f3n de pantalla de control inteligente, que tiene las caracter\u00edsticas de operaci\u00f3n simple, seguridad y fiabilidad, y rendimiento estable.<\/li>    <li>Puede procesar todo tipo de pescado, y podemos personalizar la m\u00e1quina seg\u00fan las necesidades de los clientes.<strong>&nbsp;<\/strong><\/li> <\/ol>    <h3 class=\"wp-block-heading\" id=\"h-machine-parameters\">Par\u00e1metros de la m\u00e1quina removedora de escamas de pescado<\/h3>    <figure class=\"wp-block-table\"><table><tbody><tr><td><strong>Modelo<\/strong><strong><\/strong><\/td><td><strong>C<\/strong><strong>apacidad <\/strong><strong><\/strong><\/td><td><strong>T<\/strong><strong>ama\u00f1o <\/strong><strong><\/strong><\/td><td><strong>A<\/strong><strong>rango de pescado aplicado<\/strong><strong><\/strong><\/td><td><strong>W<\/strong><strong>peso <\/strong><strong><\/strong><\/td><td><strong>C<\/strong><strong>personalizado <\/strong><strong><\/strong><\/td><\/tr><tr><td>TZ-2000<\/td><td>400-500kg\/h&nbsp;<strong><\/strong><\/td><td>1000x500x700mm&nbsp;<strong><\/strong><\/td><td>0.4-4kg<\/td><td>140kg<\/td><td>S\u00ed <\/td><\/tr><\/tbody><\/table><figcaption class=\"wp-element-caption\">m\u00e1quina para escamar y eviscerar pescado<\/figcaption><\/figure>    <h2 class=\"wp-block-heading\" id=\"h-precautious-of-using-fish-scale-machine\">Precauciones para el uso de la m\u00e1quina de escamas de pescado<\/h2>    <ol class=\"wp-block-list\" style=\"list-style-type:1\"> <li>Est\u00e1 estrictamente prohibido el ralent\u00ed prolongado.<\/li>    <li>Engrase regularmente los engranajes, cadenas y resortes.<\/li>    <li>Est\u00e1 estrictamente prohibido meter la mano en la boca del pez cuando la m\u00e1quina est\u00e1 en funcionamiento.<\/li>    <li>La estructura interna de la m\u00e1quina es complicada, por favor no la desmonte de forma privada.<\/li> <\/ol>    <h2 class=\"wp-block-heading\">Varias m\u00e1quinas de procesamiento de pescado en venta<\/h2>    <p class=\"translation-block\">En Taizy Maquinaria de Procesamiento de Carne, no solo tenemos diferentes estilos de m\u00e1quinas removedoras de escamas de pescado a la venta. Tambi\u00e9n tenemos <a href=\"https:\/\/www.meatprocessingmachine.org\/es\/fish-drying-machine-hot-air-circulation-drying-machine.html\/\">m\u00e1quina de secado de pescado<\/a> industrial, <a href=\"https:\/\/www.meatprocessingmachine.org\/es\/fish-debone-machine-fish-meat-and-bone-separator-machine.html\/\">m\u00e1quina de deshuesado de pescado<\/a>, <a href=\"https:\/\/www.meatprocessingmachine.org\/es\/fish-fillet-machine-fish-slicing-machine.html\/\">m\u00e1quina de fileteado de pescado<\/a>, etc. Si est\u00e1 interesado, no dude en contactarnos.<\/p>    <div class=\"wp-block-columns is-layout-flex wp-container-core-columns-is-layout-9d6595d7 wp-block-columns-is-layout-flex\"> <div class=\"wp-block-column is-layout-flow wp-block-column-is-layout-flow\"> <figure class=\"wp-block-image size-full\"><img loading=\"lazy\" decoding=\"async\" width=\"720\" height=\"540\" src=\"https:\/\/www.meatprocessingmachine.org\/wp-content\/uploads\/2021\/07\/industrial-fish-drying-machine-1.jpg\" alt=\"m\u00e1quina industrial de secado de pescado\" class=\"wp-image-1505\" title=\"\" srcset=\"https:\/\/www.meatprocessingmachine.org\/wp-content\/uploads\/2021\/07\/industrial-fish-drying-machine-1.jpg 720w, https:\/\/www.meatprocessingmachine.org\/wp-content\/uploads\/2021\/07\/industrial-fish-drying-machine-1-300x225.jpg 300w\" sizes=\"auto, (max-width: 720px) 100vw, 720px\" \/><figcaption class=\"wp-element-caption\">M\u00e1quina industrial de secado de pescado<\/figcaption><\/figure> <\/div>    <div class=\"wp-block-column is-layout-flow wp-block-column-is-layout-flow\"> <figure class=\"wp-block-image size-full\"><img loading=\"lazy\" decoding=\"async\" width=\"720\" height=\"540\" src=\"https:\/\/www.meatprocessingmachine.org\/wp-content\/uploads\/2020\/12\/fish-deboning-machines-1.webp\" alt=\"m\u00e1quinas de desespinado de pescado\" class=\"wp-image-34181\" title=\"\" srcset=\"https:\/\/www.meatprocessingmachine.org\/wp-content\/uploads\/2020\/12\/fish-deboning-machines-1.webp 720w, https:\/\/www.meatprocessingmachine.org\/wp-content\/uploads\/2020\/12\/fish-deboning-machines-1-300x225.webp 300w\" sizes=\"auto, (max-width: 720px) 100vw, 720px\" \/><figcaption class=\"wp-element-caption\">M\u00e1quinas de deshuesado de pescado<\/figcaption><\/figure> <\/div>    <div class=\"wp-block-column is-layout-flow wp-block-column-is-layout-flow\"> <figure class=\"wp-block-image size-full\"><img loading=\"lazy\" decoding=\"async\" width=\"720\" height=\"540\" src=\"https:\/\/www.meatprocessingmachine.org\/wp-content\/uploads\/2020\/12\/fish-fillet-cutting-machine.jpg\" alt=\"m\u00e1quina de corte de filetes de pescado\" class=\"wp-image-947\" title=\"\" srcset=\"https:\/\/www.meatprocessingmachine.org\/wp-content\/uploads\/2020\/12\/fish-fillet-cutting-machine.jpg 720w, https:\/\/www.meatprocessingmachine.org\/wp-content\/uploads\/2020\/12\/fish-fillet-cutting-machine-300x225.jpg 300w\" sizes=\"auto, (max-width: 720px) 100vw, 720px\" \/><figcaption class=\"wp-element-caption\">M\u00e1quina de corte de filetes de pescado<\/figcaption><\/figure> <\/div> <\/div>","protected":false},"excerpt":{"rendered":"<p>La m\u00e1quina desescamadora de pescado es adecuada para desescamar diversas escalas de pescado. Puede lograr la eliminaci\u00f3n continua, autom\u00e1tica y a gran volumen de escamas de pescado.<\/p>","protected":false},"author":1,"featured_media":932,"parent":0,"template":"","product-type":[584],"class_list":["post-925","product","type-product","status-publish","has-post-thumbnail","hentry","product-type-fish"],"_links":{"self":[{"href":"https:\/\/www.meatprocessingmachine.org\/es\/wp-json\/wp\/v2\/product\/925","targetHints":{"allow":["GET"]}}],"collection":[{"href":"https:\/\/www.meatprocessingmachine.org\/es\/wp-json\/wp\/v2\/product"}],"about":[{"href":"https:\/\/www.meatprocessingmachine.org\/es\/wp-json\/wp\/v2\/types\/product"}],"author":[{"embeddable":true,"href":"https:\/\/www.meatprocessingmachine.org\/es\/wp-json\/wp\/v2\/users\/1"}],"wp:featuredmedia":[{"embeddable":true,"href":"https:\/\/www.meatprocessingmachine.org\/es\/wp-json\/wp\/v2\/media\/932"}],"wp:attachment":[{"href":"https:\/\/www.meatprocessingmachine.org\/es\/wp-json\/wp\/v2\/media?parent=925"}],"wp:term":[{"taxonomy":"product-type","embeddable":true,"href":"https:\/\/www.meatprocessingmachine.org\/es\/wp-json\/wp\/v2\/product-type?post=925"}],"curies":[{"name":"wp","href":"https:\/\/api.w.org\/{rel}","templated":true}]}}