{"id":96,"date":"2018-10-25T06:12:43","date_gmt":"2018-10-24T22:12:43","guid":{"rendered":"http:\/\/www.meatprocessingmachine.org\/?p=96"},"modified":"2024-06-17T10:13:32","modified_gmt":"2024-06-17T02:13:32","slug":"frozen-meat-grinder","status":"publish","type":"product","link":"https:\/\/www.meatprocessingmachine.org\/es\/frozen-meat-grinder.html","title":{"rendered":"Picadora de Carne Congelada | Mincer de Carne"},"content":{"rendered":"<div class=\"kk-star-ratings kksr-auto kksr-align-right kksr-valign-top\"     data-payload='{&quot;align&quot;:&quot;right&quot;,&quot;id&quot;:&quot;96&quot;,&quot;slug&quot;:&quot;default&quot;,&quot;valign&quot;:&quot;top&quot;,&quot;ignore&quot;:&quot;&quot;,&quot;reference&quot;:&quot;auto&quot;,&quot;class&quot;:&quot;&quot;,&quot;count&quot;:&quot;0&quot;,&quot;legendonly&quot;:&quot;&quot;,&quot;readonly&quot;:&quot;&quot;,&quot;score&quot;:&quot;0&quot;,&quot;starsonly&quot;:&quot;&quot;,&quot;best&quot;:&quot;5&quot;,&quot;gap&quot;:&quot;5&quot;,&quot;greet&quot;:&quot;Rate this product&quot;,&quot;legend&quot;:&quot;0\\\/5 - (0 votos)&quot;,&quot;size&quot;:&quot;24&quot;,&quot;title&quot;:&quot;Frozen Meat Grinder | Meat Mincer&quot;,&quot;width&quot;:&quot;0&quot;,&quot;_legend&quot;:&quot;{score}\\\/{best} - ({count} {votes})&quot;,&quot;font_factor&quot;:&quot;1.25&quot;}'>              <div class=\"kksr-stars\">      <div class=\"kksr-stars-inactive\">             <div class=\"kksr-star\" data-star=\"1\" style=\"padding-right: 5px\">               <div class=\"kksr-icon\" style=\"width: 24px; height: 24px;\"><\/div>         <\/div>             <div class=\"kksr-star\" data-star=\"2\" style=\"padding-right: 5px\">               <div class=\"kksr-icon\" style=\"width: 24px; height: 24px;\"><\/div>         <\/div>             <div class=\"kksr-star\" data-star=\"3\" style=\"padding-right: 5px\">               <div class=\"kksr-icon\" style=\"width: 24px; height: 24px;\"><\/div>         <\/div>             <div class=\"kksr-star\" data-star=\"4\" style=\"padding-right: 5px\">               <div class=\"kksr-icon\" style=\"width: 24px; height: 24px;\"><\/div>         <\/div>             <div class=\"kksr-star\" data-star=\"5\" style=\"padding-right: 5px\">               <div class=\"kksr-icon\" style=\"width: 24px; height: 24px;\"><\/div>         <\/div>     <\/div>      <div class=\"kksr-stars-active\" style=\"width: 0px;\">             <div class=\"kksr-star\" style=\"padding-right: 5px\">               <div class=\"kksr-icon\" style=\"width: 24px; height: 24px;\"><\/div>         <\/div>             <div class=\"kksr-star\" style=\"padding-right: 5px\">               <div class=\"kksr-icon\" style=\"width: 24px; height: 24px;\"><\/div>         <\/div>             <div class=\"kksr-star\" style=\"padding-right: 5px\">               <div class=\"kksr-icon\" style=\"width: 24px; height: 24px;\"><\/div>         <\/div>             <div class=\"kksr-star\" style=\"padding-right: 5px\">               <div class=\"kksr-icon\" style=\"width: 24px; height: 24px;\"><\/div>         <\/div>             <div class=\"kksr-star\" style=\"padding-right: 5px\">               <div class=\"kksr-icon\" style=\"width: 24px; height: 24px;\"><\/div>         <\/div>     <\/div> <\/div>                   <div class=\"kksr-legend\" style=\"font-size: 19.2px;\">             <span class=\"kksr-muted\">Califique este producto<\/span>     <\/div>     <\/div>  <p>La picadora de carne congelada Taizy es una m\u00e1quina que corta la carne congelada directamente para formar un pur\u00e9. En las empresas de procesamiento de carne, durante el proceso de producci\u00f3n, la carne cruda se procesa en carne granular con diferentes especificaciones seg\u00fan los diferentes requisitos del proceso. No es necesario descongelarla durante el proceso de procesamiento, lo que garantiza la calidad de la carne. <\/p>    <figure class=\"wp-block-image is-resized alignnone wp-image-1969\"><img loading=\"lazy\" decoding=\"async\" width=\"750\" height=\"750\" src=\"https:\/\/www.meatprocessingmachine.org\/wp-content\/uploads\/2018\/10\/Frozen-Meat-Grinder.jpg\" alt=\"Picadora de carne congelada\" class=\"wp-image-1969\" style=\"object-fit:cover;width:720px;height:540px\" title=\"\" srcset=\"https:\/\/www.meatprocessingmachine.org\/wp-content\/uploads\/2018\/10\/Frozen-Meat-Grinder.jpg 750w, https:\/\/www.meatprocessingmachine.org\/wp-content\/uploads\/2018\/10\/Frozen-Meat-Grinder-300x300.jpg 300w, https:\/\/www.meatprocessingmachine.org\/wp-content\/uploads\/2018\/10\/Frozen-Meat-Grinder-150x150.jpg 150w\" sizes=\"auto, (max-width: 750px) 100vw, 750px\" \/><figcaption class=\"wp-element-caption\">Picadora de carne congelada<\/figcaption><\/figure>    <p>Sin embargo, la carne que puede ser procesada por la picadora de carne congelada tambi\u00e9n tiene ciertos requisitos. La temperatura de la carne congelada debe estar alrededor de -5\u00b0C a -18\u00b0C. La carne no debe ser demasiado grande, y puede ser utilizada en plantas de procesamiento de carne y fabricantes de alimentos. Produce salchichas, alb\u00f3ndigas y otros alimentos.<\/p>    <h2 class=\"wp-block-heading\">Mostrar video de trabajo<\/h2>    <figure class=\"wp-block-embed is-type-video is-provider-youtube wp-block-embed-youtube\"><div class=\"wp-block-embed__wrapper\"> <iframe loading=\"lazy\" title=\"Picadora de carne congelada | molino de carne congelado | M\u00e1quina de moler carne congelada | Picadora de carne comercial\" width=\"500\" height=\"281\" src=\"https:\/\/www.youtube.com\/embed\/zeO2cgZV7ZI?feature=oembed\" frameborder=\"0\" allow=\"accelerometer; autoplay; clipboard-write; encrypted-media; gyroscope; picture-in-picture; web-share\" referrerpolicy=\"strict-origin-when-cross-origin\" allowfullscreen><\/iframe> <\/div><figcaption class=\"wp-element-caption\"> Mostrar video de trabajo <\/figcaption><\/figure>    <h2 class=\"wp-block-heading\" id=\"h-the-advantages-of-frozen-meat-grinder\">Las ventajas de la picadora de carne congelada <\/h2>    <ul class=\"wp-block-list\"> <li>Su superficie est\u00e1 hecha principalmente de acero inoxidable, que cumple con las normas sanitarias, sin contaminaci\u00f3n de los materiales de procesamiento.<\/li>    <li>La herramienta tiene una excelente resistencia al desgaste y una larga vida \u00fatil.<\/li>    <li>F\u00e1cil de operar, desensamblar, ensamblar y limpiar, una amplia gama de productos de procesamiento, y se pueden procesar materiales para mantener sus diversos nutrientes originales y un buen efecto de conservaci\u00f3n.<\/li>    <li>La herramienta se puede ajustar o reemplazar seg\u00fan los requisitos de uso reales.<\/li>    <li>La molienda de carne congelada es el equipo necesario para el procesamiento de carne, puede moler la carne congelada directamente para obtener diferentes formas de carne. No da\u00f1ar\u00e1 el tejido fibroso de la carne.<\/li>    <li>El plato rotatorio es girado por el tornillo para que la placa de orificio y la picadora de carne sean relativamente estables, asegurando la uniformidad de la carne. Se pueden lograr diferentes tipos de relleno de carne a trav\u00e9s de diferentes combinaciones de placas de orificio.<\/li>    <li>El corto tiempo de corte y la baja temperatura en el proceso de corte son buenos para la frescura y para extender la vida \u00fatil.<\/li> <\/ul>   <div class=\"wp-block-image\"> <figure class=\"aligncenter size-full\"><img loading=\"lazy\" decoding=\"async\" width=\"720\" height=\"540\" src=\"https:\/\/www.meatprocessingmachine.org\/wp-content\/uploads\/2021\/10\/Frozen-meat-grinder-machine-2.jpg\" alt=\"M\u00e1quina picadora de carne congelada\" class=\"wp-image-2234\" title=\"\" srcset=\"https:\/\/www.meatprocessingmachine.org\/wp-content\/uploads\/2021\/10\/Frozen-meat-grinder-machine-2.jpg 720w, https:\/\/www.meatprocessingmachine.org\/wp-content\/uploads\/2021\/10\/Frozen-meat-grinder-machine-2-300x225.jpg 300w\" sizes=\"auto, (max-width: 720px) 100vw, 720px\" \/><figcaption class=\"wp-element-caption\">M\u00e1quina picadora de carne congelada<\/figcaption><\/figure> <\/div>   <h2 class=\"wp-block-heading\">La necesidad de una picadora de carne congelada<\/h2>    <p>En primer lugar, la temperatura aumentar\u00e1 ligeramente durante el proceso de procesamiento de la carne. Si se utiliza carne fresca directamente, la calidad de la carne puede verse afectada despu\u00e9s de que se procese en la picadora de carne. Adem\u00e1s, el uso de una picadora de carne congelada es relativamente afilado, y el tiempo requerido para picar la carne es corto, lo que favorece la conservaci\u00f3n de la carne.<\/p>    <h2 class=\"wp-block-heading src grammarSection\">Aplicaci\u00f3n de la m\u00e1quina de moler carne congelada<\/h2>    <p class=\"src grammarSection translation-block\"><span class=\"transSent\" data-group=\"0-0\">Utilizado en diversas <a href=\"https:\/\/en.wikipedia.org\/wiki\/Sausage\" target=\"_blank\" rel=\"noopener\">salchichas<\/a>, jam\u00f3n, embutidos, alb\u00f3ndigas, sabores salados, alimento para mascotas y otras industrias de productos c\u00e1rnicos. Todo tipo de carne congelada, carne fresca, esqueleto de pollo, esqueleto de pato, piel de cerdo, piel de vaca, piel de pollo, pescado, frutas, verduras, y as\u00ed sucesivamente.<\/span><\/p>   <div class=\"wp-block-image wp-image-1981\"> <figure class=\"aligncenter size-full\"><img loading=\"lazy\" decoding=\"async\" width=\"720\" height=\"540\" src=\"https:\/\/www.meatprocessingmachine.org\/wp-content\/uploads\/2018\/10\/grozen-meat-grinding-machine.webp\" alt=\"M\u00e1quina de moler carne congelada\" class=\"wp-image-34431\" title=\"\" srcset=\"https:\/\/www.meatprocessingmachine.org\/wp-content\/uploads\/2018\/10\/grozen-meat-grinding-machine.webp 720w, https:\/\/www.meatprocessingmachine.org\/wp-content\/uploads\/2018\/10\/grozen-meat-grinding-machine-300x225.webp 300w, https:\/\/www.meatprocessingmachine.org\/wp-content\/uploads\/2018\/10\/grozen-meat-grinding-machine-16x12.webp 16w\" sizes=\"auto, (max-width: 720px) 100vw, 720px\" \/><figcaption class=\"wp-element-caption\">M\u00e1quina de moler carne congelada<\/figcaption><\/figure> <\/div>   <h2 class=\"wp-block-heading\">Principio de funcionamiento de la picadora de carne<\/h2>    <p>El principio de la picadora de carne es empujar la carne hacia la cuchilla de corte a trav\u00e9s del tornillo de empuje. Para manejar mejor la carne m\u00e1s dura y reducir el da\u00f1o a la m\u00e1quina, el cortador de carne congelada tiene una configuraci\u00f3n relativamente fina. Primero, la carne se corta en trozos grandes, luego se corta finamente y finalmente pasa a trav\u00e9s de la placa de orificio. La m\u00e1quina funciona bajo el principio de extrusi\u00f3n, y el tornillo de empuje elimina continuamente la carne muy peque\u00f1a de la m\u00e1quina.<\/p>    <figure class=\"wp-block-gallery has-nested-images columns-default is-cropped wp-block-gallery-2 is-layout-flex wp-block-gallery-is-layout-flex\"> <figure class=\"wp-block-image size-large\"><img loading=\"lazy\" decoding=\"async\" width=\"540\" height=\"720\" data-id=\"34433\" src=\"https:\/\/www.meatprocessingmachine.org\/wp-content\/uploads\/2018\/10\/accessories.jpg\" alt=\"accesorios\" class=\"wp-image-34433\" title=\"\" srcset=\"https:\/\/www.meatprocessingmachine.org\/wp-content\/uploads\/2018\/10\/accessories.jpg 540w, https:\/\/www.meatprocessingmachine.org\/wp-content\/uploads\/2018\/10\/accessories-225x300.jpg 225w, https:\/\/www.meatprocessingmachine.org\/wp-content\/uploads\/2018\/10\/accessories-9x12.jpg 9w\" sizes=\"auto, (max-width: 540px) 100vw, 540px\" \/><figcaption class=\"wp-element-caption\">Accesorios<\/figcaption><\/figure>    <figure class=\"wp-block-image size-large\"><img loading=\"lazy\" decoding=\"async\" width=\"540\" height=\"720\" data-id=\"34434\" src=\"https:\/\/www.meatprocessingmachine.org\/wp-content\/uploads\/2018\/10\/interior-structure.jpg\" alt=\"estructura interior\" class=\"wp-image-34434\" title=\"\" srcset=\"https:\/\/www.meatprocessingmachine.org\/wp-content\/uploads\/2018\/10\/interior-structure.jpg 540w, https:\/\/www.meatprocessingmachine.org\/wp-content\/uploads\/2018\/10\/interior-structure-225x300.jpg 225w, https:\/\/www.meatprocessingmachine.org\/wp-content\/uploads\/2018\/10\/interior-structure-9x12.jpg 9w\" sizes=\"auto, (max-width: 540px) 100vw, 540px\" \/><figcaption class=\"wp-element-caption\">Estructura Interior<\/figcaption><\/figure>    <figure class=\"wp-block-image size-large\"><img loading=\"lazy\" decoding=\"async\" width=\"540\" height=\"720\" data-id=\"34435\" src=\"https:\/\/www.meatprocessingmachine.org\/wp-content\/uploads\/2018\/10\/machine-parts.jpg\" alt=\"partes de la m\u00e1quina\" class=\"wp-image-34435\" title=\"\" srcset=\"https:\/\/www.meatprocessingmachine.org\/wp-content\/uploads\/2018\/10\/machine-parts.jpg 540w, https:\/\/www.meatprocessingmachine.org\/wp-content\/uploads\/2018\/10\/machine-parts-225x300.jpg 225w, https:\/\/www.meatprocessingmachine.org\/wp-content\/uploads\/2018\/10\/machine-parts-9x12.jpg 9w\" sizes=\"auto, (max-width: 540px) 100vw, 540px\" \/><figcaption class=\"wp-element-caption\">Piezas de M\u00e1quina<\/figcaption><\/figure> <\/figure>    <h2 class=\"wp-block-heading\" id=\"h-machine-structure\">Estructura de la picadora de carne congelada<\/h2>    <p>&nbsp;1. Marco 2. Reamer 3. Plantilla de extrusi\u00f3n de carne 4. Tapa de tornillo 5. Cilindro de grano 6. Jaula de escurrido 7. Tolva 8. Reductor 9. Polea grande 10. Motor 11. Correa triangular 12. Polea peque\u00f1a.<\/p>    <h2 class=\"wp-block-heading\" id=\"h-technical-parameter-of-commercial-meat-grinder\">Par\u00e1metros t\u00e9cnicos de la picadora de carne comercial<\/h2>    <figure class=\"wp-block-table\"><table><tbody><tr><td>TIPO<\/td><td>SL-100<\/td><td>SL-120<\/td><td>SL-160<\/td><td>SL-200<\/td><td>SL-250<\/td><\/tr><tr><td>Capacidad (kg\/h)<\/td><td>500kg\/h<\/td><td>1500kg\/h<\/td><td>2000-3000kg\/h<\/td><td>3000-5000kg\/h<\/td><td>1t-5t<\/td><\/tr><tr><td>Potencia (kW)<\/td><td>5.5<\/td><td>7.5<\/td><td>15<\/td><td>22<\/td><td>37<\/td><\/tr><tr><td>Peso (kg)<\/td><td>182<\/td><td>358<\/td><td>1200<\/td><td>1860<\/td><td>\/<\/td><\/tr><tr><td>Dimensi\u00f3n(mm)<\/td><td>980*550*900<\/td><td>960*550*1080<\/td><td>1630*1100*1450<\/td><td>1780*1000*1580<\/td><td>1962*1106*1620<\/td><\/tr><\/tbody><\/table><figcaption class=\"wp-element-caption\">par\u00e1metro de picadora de carne comercial<\/figcaption><\/figure>    <p>Nuestra picadora de carne congelada comercial puede producir hasta 5t\/h. 5 modelos m\u00e1s vendidos para que elijas. Si tienes alguna otra pregunta sobre esta m\u00e1quina, no dudes en contactarnos y te responderemos lo antes posible.<\/p>    <h2 class=\"wp-block-heading\" id=\"h-model-selection\">Selecci\u00f3n de modelo de picadora de carne congelada<\/h2>    <p>Si tu carne y producci\u00f3n son peque\u00f1as, puedes elegir SL-100 o SL-120; si tu carne y producci\u00f3n son grandes, deber\u00edas elegir SL-160, SL-200 o SL-250.<\/p>   <div class=\"wp-block-image\"> <figure class=\"aligncenter size-full is-resized\"><img loading=\"lazy\" decoding=\"async\" width=\"800\" height=\"600\" src=\"https:\/\/www.meatprocessingmachine.org\/wp-content\/uploads\/2021\/09\/Frozen-Meat-Grinder-5.jpg\" alt=\"\" class=\"wp-image-1980\" style=\"width:720px;height:540px\" title=\"\" srcset=\"https:\/\/www.meatprocessingmachine.org\/wp-content\/uploads\/2021\/09\/Frozen-Meat-Grinder-5.jpg 800w, https:\/\/www.meatprocessingmachine.org\/wp-content\/uploads\/2021\/09\/Frozen-Meat-Grinder-5-300x225.jpg 300w, https:\/\/www.meatprocessingmachine.org\/wp-content\/uploads\/2021\/09\/Frozen-Meat-Grinder-5-768x576.jpg 768w\" sizes=\"auto, (max-width: 800px) 100vw, 800px\" \/><figcaption class=\"wp-element-caption\">Picadora de carne congelada<\/figcaption><\/figure> <\/div>   <h2 class=\"wp-block-heading\">Manejo de materias primas antes de la picadora<\/h2>    <p>El molino de carne congelado puede procesar carne congelada de una temperatura de -5\u00b0C a -18\u00b0C. Puede estar ligeramente congelado con los materiales crudos durante su uso, y debe colocarse en el compartimento del congelador del refrigerador, no en el compartimento de refrigeraci\u00f3n. Esto se debe a que, despu\u00e9s de un corto per\u00edodo de congelaci\u00f3n, la carne se vuelve m\u00e1s quebradiza, se separa m\u00e1s suavemente y no se pega. <\/p>    <p class=\"translation-block\">Cabe se\u00f1alar que debe congelarse en trozos peque\u00f1os durante la congelaci\u00f3n. Si los trozos de carne congelada son relativamente grandes, deben ser absorbidos por una <a href=\"https:\/\/www.meatprocessingmachine.org\/es\/frozen-meat-cutting-machine.html\/\">m\u00e1quina trituradora de carne<\/a> para su tratamiento de triturado.<\/p>    <h2 class=\"wp-block-heading\">Paso de operaci\u00f3n de la picadora de carne congelada<\/h2>   <div class=\"wp-block-image\"> <figure class=\"aligncenter size-full is-resized\"><img loading=\"lazy\" decoding=\"async\" width=\"627\" height=\"520\" src=\"https:\/\/www.meatprocessingmachine.org\/wp-content\/uploads\/2021\/09\/Frozen-Meat-Grinder-Operate-step.png\" alt=\"Paso de operaci\u00f3n\" class=\"wp-image-1968\" style=\"width:720px;height:540px\" title=\"\" srcset=\"https:\/\/www.meatprocessingmachine.org\/wp-content\/uploads\/2021\/09\/Frozen-Meat-Grinder-Operate-step.png 627w, https:\/\/www.meatprocessingmachine.org\/wp-content\/uploads\/2021\/09\/Frozen-Meat-Grinder-Operate-step-300x249.png 300w\" sizes=\"auto, (max-width: 627px) 100vw, 627px\" \/><figcaption class=\"wp-element-caption\"> Paso de operaci\u00f3n <\/figcaption><\/figure> <\/div>   <ol class=\"wp-block-list\" style=\"list-style-type:1\"> <li>Despu\u00e9s de conectar la electricidad trif\u00e1sica, presione \"inicio\".<\/li>    <li>Despu\u00e9s de que la m\u00e1quina se haya utilizado \/ Cuando ocurra una falla, presione \"detener\".<\/li>    <li>Cuando el material est\u00e9 atascado y la m\u00e1quina no pueda descargar, presione \"reversa\".<\/li> <\/ol>","protected":false},"excerpt":{"rendered":"<p>El picador de carne congelada es una m\u00e1quina que corta la carne congelada directamente para formar un pur\u00e9. En las empresas de procesamiento de carne, durante el proceso de producci\u00f3n, la carne cruda se procesa en carne granular con diferentes especificaciones seg\u00fan los diferentes requisitos del proceso. No necesita ser descongelada durante el proceso de procesamiento, lo que garantiza la calidad de la carne. Sin embargo, la carne que se puede procesar con el picador de carne congelada tambi\u00e9n tiene ciertos requisitos. La temperatura de la carne congelada debe estar alrededor de -5\u00b0C a -18\u00b0C. La carne no debe ser demasiado grande, y se puede utilizar en plantas de procesamiento de carne y fabricantes de alimentos. Produce salchichas, alb\u00f3ndigas y otros alimentos.<\/p>","protected":false},"author":1,"featured_media":1869,"parent":0,"template":"","product-type":[590],"class_list":["post-96","product","type-product","status-publish","has-post-thumbnail","hentry","product-type-meat-grinding-machine"],"_links":{"self":[{"href":"https:\/\/www.meatprocessingmachine.org\/es\/wp-json\/wp\/v2\/product\/96","targetHints":{"allow":["GET"]}}],"collection":[{"href":"https:\/\/www.meatprocessingmachine.org\/es\/wp-json\/wp\/v2\/product"}],"about":[{"href":"https:\/\/www.meatprocessingmachine.org\/es\/wp-json\/wp\/v2\/types\/product"}],"author":[{"embeddable":true,"href":"https:\/\/www.meatprocessingmachine.org\/es\/wp-json\/wp\/v2\/users\/1"}],"wp:featuredmedia":[{"embeddable":true,"href":"https:\/\/www.meatprocessingmachine.org\/es\/wp-json\/wp\/v2\/media\/1869"}],"wp:attachment":[{"href":"https:\/\/www.meatprocessingmachine.org\/es\/wp-json\/wp\/v2\/media?parent=96"}],"wp:term":[{"taxonomy":"product-type","embeddable":true,"href":"https:\/\/www.meatprocessingmachine.org\/es\/wp-json\/wp\/v2\/product-type?post=96"}],"curies":[{"name":"wp","href":"https:\/\/api.w.org\/{rel}","templated":true}]}}