{"id":11,"date":"2018-10-25T02:48:44","date_gmt":"2018-10-25T02:48:44","guid":{"rendered":"http:\/\/www.meatprocessingmachine.org\/?page_id=11"},"modified":"2026-04-07T17:31:10","modified_gmt":"2026-04-07T09:31:10","slug":"about-us","status":"publish","type":"page","link":"https:\/\/www.meatprocessingmachine.org\/fr\/about-us\/","title":{"rendered":"\u00c0 propos de nous"},"content":{"rendered":"<p class=\"translation-block\"><strong><mark class=\"has-inline-color has-luminous-vivid-amber-color\"><a href=\"https:\/\/www.meatprocessingmachine.org\/fr\/\">Zhengzhou Taizy Machinery Co., Ltd<\/a><\/mark><\/strong> est un fabricant et exportateur professionnel sp\u00e9cialis\u00e9 dans les machines de transformation de viande et les solutions int\u00e9gr\u00e9es de transformation alimentaire. Situ\u00e9e dans la zone de d\u00e9veloppement \u00e9conomique et technologique de Zhengzhou, nous combinons recherche, ing\u00e9nierie, fabrication et ventes mondiales en un syst\u00e8me op\u00e9rationnel efficace.<\/p>    <p>Avec une solide base technique et plus de 100 employ\u00e9s qualifi\u00e9s, nous avons construit un syst\u00e8me de production et de gestion moderne qui garantit une qualit\u00e9 de produit stable et une livraison efficace pour les clients du monde entier.<\/p>   <div class=\"wp-block-image\"> <figure class=\"aligncenter size-full\"><img loading=\"lazy\" decoding=\"async\" width=\"720\" height=\"540\" src=\"https:\/\/www.meatprocessingmachine.org\/wp-content\/uploads\/2026\/04\/taizy-factory.webp\" alt=\"taizy-factory\" class=\"wp-image-35273\" title=\"\" srcset=\"https:\/\/www.meatprocessingmachine.org\/wp-content\/uploads\/2026\/04\/taizy-factory.webp 720w, https:\/\/www.meatprocessingmachine.org\/wp-content\/uploads\/2026\/04\/taizy-factory-300x225.webp 300w, https:\/\/www.meatprocessingmachine.org\/wp-content\/uploads\/2026\/04\/taizy-factory-16x12.webp 16w\" sizes=\"auto, (max-width: 720px) 100vw, 720px\" \/><figcaption class=\"wp-element-caption\">taizy-factory<\/figcaption><\/figure> <\/div>   <h2 class=\"wp-block-heading\">Ce que nous faisons<\/h2>    <p>Nous nous concentrons sur le d\u00e9veloppement et la production d\u2019une gamme compl\u00e8te d\u2019\u00e9quipements de transformation de viande, notamment :<\/p>    <ul class=\"wp-block-list\"> <li><strong><a href=\"https:\/\/www.meatprocessingmachine.org\/fr\/products\/meat-cutting-machine\/\">Machines de d\u00e9coupe et de tranchage de viande<\/a><\/strong><\/li>    <li>\u00c9quipements de broyage de viande et de traitement des os<\/li>    <li>Lignes de production de boulettes de viande<\/li>    <li><strong><a href=\"https:\/\/www.meatprocessingmachine.org\/fr\/products\/supporting-auxiliary-equipment\/\">Emballage sous vide et \u00e9quipements auxiliaires<\/a><\/strong><\/li> <\/ul>    <p>Nos machines sont largement utilis\u00e9es dans les boucheries, les usines de transformation alimentaire, les abattoirs et les lignes de production de viande industrielles, soutenant aussi bien les petites entreprises que les grandes usines.<\/p>    <figure class=\"wp-block-gallery has-nested-images columns-default is-cropped wp-block-gallery-2 is-layout-flex wp-block-gallery-is-layout-flex\"> <figure class=\"wp-block-image size-large\"><img loading=\"lazy\" decoding=\"async\" width=\"720\" height=\"540\" data-id=\"34581\" src=\"https:\/\/www.meatprocessingmachine.org\/wp-content\/uploads\/2020\/11\/Bone-Crusher-and-Colloid-Mill-Combination.webp\" alt=\"Bone Crusher and Colloid Mill Combination\" class=\"wp-image-34581\" title=\"\" srcset=\"https:\/\/www.meatprocessingmachine.org\/wp-content\/uploads\/2020\/11\/Bone-Crusher-and-Colloid-Mill-Combination.webp 720w, https:\/\/www.meatprocessingmachine.org\/wp-content\/uploads\/2020\/11\/Bone-Crusher-and-Colloid-Mill-Combination-300x225.webp 300w, https:\/\/www.meatprocessingmachine.org\/wp-content\/uploads\/2020\/11\/Bone-Crusher-and-Colloid-Mill-Combination-16x12.webp 16w\" sizes=\"auto, (max-width: 720px) 100vw, 720px\" \/><figcaption class=\"wp-element-caption\">Association de l\u2019\u00e9craseur d\u2019os et du moulin collo\u00efde<\/figcaption><\/figure>    <figure class=\"wp-block-image size-large\"><img loading=\"lazy\" decoding=\"async\" width=\"720\" height=\"540\" data-id=\"34788\" src=\"https:\/\/www.meatprocessingmachine.org\/wp-content\/uploads\/2020\/11\/Bone-Crushing-Machine-1.webp\" alt=\"Machine de broyage des os\" class=\"wp-image-34788\" title=\"\" srcset=\"https:\/\/www.meatprocessingmachine.org\/wp-content\/uploads\/2020\/11\/Bone-Crushing-Machine-1.webp 720w, https:\/\/www.meatprocessingmachine.org\/wp-content\/uploads\/2020\/11\/Bone-Crushing-Machine-1-300x225.webp 300w, https:\/\/www.meatprocessingmachine.org\/wp-content\/uploads\/2020\/11\/Bone-Crushing-Machine-1-16x12.webp 16w\" sizes=\"auto, (max-width: 720px) 100vw, 720px\" \/><figcaption class=\"wp-element-caption\">Machine de broyage des os<\/figcaption><\/figure>    <figure class=\"wp-block-image size-large\"><img loading=\"lazy\" decoding=\"async\" width=\"720\" height=\"540\" data-id=\"34698\" src=\"https:\/\/www.meatprocessingmachine.org\/wp-content\/uploads\/2021\/01\/Fish-Dryer-Machine-Factory.webp\" alt=\"Usine de machines de s\u00e9chage de poisson\" class=\"wp-image-34698\" title=\"\" srcset=\"https:\/\/www.meatprocessingmachine.org\/wp-content\/uploads\/2021\/01\/Fish-Dryer-Machine-Factory.webp 720w, https:\/\/www.meatprocessingmachine.org\/wp-content\/uploads\/2021\/01\/Fish-Dryer-Machine-Factory-300x225.webp 300w, https:\/\/www.meatprocessingmachine.org\/wp-content\/uploads\/2021\/01\/Fish-Dryer-Machine-Factory-16x12.webp 16w\" sizes=\"auto, (max-width: 720px) 100vw, 720px\" \/><figcaption class=\"wp-element-caption\">Usine de machines de s\u00e9chage de poisson<\/figcaption><\/figure>    <figure class=\"wp-block-image size-large\"><img loading=\"lazy\" decoding=\"async\" width=\"720\" height=\"540\" data-id=\"34650\" src=\"https:\/\/www.meatprocessingmachine.org\/wp-content\/uploads\/2026\/02\/Meat-Slicing-Machine.webp\" alt=\"machine \u00e0 trancher la viande\" class=\"wp-image-34650\" title=\"\" srcset=\"https:\/\/www.meatprocessingmachine.org\/wp-content\/uploads\/2026\/02\/Meat-Slicing-Machine.webp 720w, https:\/\/www.meatprocessingmachine.org\/wp-content\/uploads\/2026\/02\/Meat-Slicing-Machine-300x225.webp 300w, https:\/\/www.meatprocessingmachine.org\/wp-content\/uploads\/2026\/02\/Meat-Slicing-Machine-16x12.webp 16w\" sizes=\"auto, (max-width: 720px) 100vw, 720px\" \/><figcaption class=\"wp-element-caption\">machine \u00e0 trancher la viande<\/figcaption><\/figure>    <figure class=\"wp-block-image size-large\"><img loading=\"lazy\" decoding=\"async\" width=\"720\" height=\"540\" data-id=\"35002\" src=\"https:\/\/www.meatprocessingmachine.org\/wp-content\/uploads\/2021\/11\/Triple-Row-Egg-Processing-Line.webp\" alt=\"Ligne de traitement d&#039;\u0153ufs \u00e0 triple rang\u00e9e\" class=\"wp-image-35002\" title=\"\" srcset=\"https:\/\/www.meatprocessingmachine.org\/wp-content\/uploads\/2021\/11\/Triple-Row-Egg-Processing-Line.webp 720w, https:\/\/www.meatprocessingmachine.org\/wp-content\/uploads\/2021\/11\/Triple-Row-Egg-Processing-Line-300x225.webp 300w, https:\/\/www.meatprocessingmachine.org\/wp-content\/uploads\/2021\/11\/Triple-Row-Egg-Processing-Line-16x12.webp 16w\" sizes=\"auto, (max-width: 720px) 100vw, 720px\" \/><figcaption class=\"wp-element-caption\">Ligne de traitement d'\u0153ufs \u00e0 triple rang\u00e9e<\/figcaption><\/figure>    <figure class=\"wp-block-image size-large\"><img loading=\"lazy\" decoding=\"async\" width=\"720\" height=\"540\" data-id=\"35130\" src=\"https:\/\/www.meatprocessingmachine.org\/wp-content\/uploads\/2026\/03\/Chicken-Paw-Processing-Machine.webp\" alt=\"Machine de traitement des pattes de poulet\" class=\"wp-image-35130\" title=\"\" srcset=\"https:\/\/www.meatprocessingmachine.org\/wp-content\/uploads\/2026\/03\/Chicken-Paw-Processing-Machine.webp 720w, https:\/\/www.meatprocessingmachine.org\/wp-content\/uploads\/2026\/03\/Chicken-Paw-Processing-Machine-300x225.webp 300w, https:\/\/www.meatprocessingmachine.org\/wp-content\/uploads\/2026\/03\/Chicken-Paw-Processing-Machine-16x12.webp 16w\" sizes=\"auto, (max-width: 720px) 100vw, 720px\" \/><figcaption class=\"wp-element-caption\">Machine de traitement des pattes de poulet<\/figcaption><\/figure> <\/figure>    <h3 class=\"wp-block-heading\">Capacit\u00e9 forte en R&amp;D et fabrication<\/h3>    <p>La technologie stimule notre croissance. Nous investissons continuellement dans la recherche et le d\u00e9veloppement, en collaborant avec des ing\u00e9nieurs m\u00e9caniques exp\u00e9riment\u00e9s et des experts de l\u2019industrie pour am\u00e9liorer la performance des \u00e9quipements et d\u00e9velopper de nouvelles solutions.<\/p>    <p>De la s\u00e9lection des mati\u00e8res premi\u00e8res \u00e0 l\u2019assemblage final, chaque machine est fabriqu\u00e9e selon des normes strictes de contr\u00f4le qualit\u00e9. Notre processus de production met l\u2019accent sur la durabilit\u00e9, l\u2019hygi\u00e8ne et l\u2019efficacit\u00e9 op\u00e9rationnelle pour r\u00e9pondre aux exigences internationales de transformation alimentaire.<\/p>   <div class=\"wp-block-image\"> <figure class=\"aligncenter size-full\"><img loading=\"lazy\" decoding=\"async\" width=\"720\" height=\"540\" src=\"https:\/\/www.meatprocessingmachine.org\/wp-content\/uploads\/2026\/04\/Processing-Workshop.webp\" alt=\"Atelier de transformation\" class=\"wp-image-35277\" title=\"\" srcset=\"https:\/\/www.meatprocessingmachine.org\/wp-content\/uploads\/2026\/04\/Processing-Workshop.webp 720w, https:\/\/www.meatprocessingmachine.org\/wp-content\/uploads\/2026\/04\/Processing-Workshop-300x225.webp 300w, https:\/\/www.meatprocessingmachine.org\/wp-content\/uploads\/2026\/04\/Processing-Workshop-16x12.webp 16w\" sizes=\"auto, (max-width: 720px) 100vw, 720px\" \/><figcaption class=\"wp-element-caption\">Atelier de transformation<\/figcaption><\/figure> <\/div>   <h3 class=\"wp-block-heading\">Pr\u00e9sence sur le march\u00e9 mondial<\/h3>    <p class=\"translation-block\">Nos produits ont \u00e9t\u00e9 export\u00e9s vers <strong><a href=\"https:\/\/www.meatprocessingmachine.org\/fr\/Info\/bone-crusher-machine-france\/\">l\u2019Europe<\/a><\/strong>, <strong><a href=\"https:\/\/www.meatprocessingmachine.org\/fr\/Info\/frozen-meat-dicer-machine-for-sale-in-usa\/\">l\u2019Am\u00e9rique<\/a><\/strong>, l\u2019Afrique, l\u2019Asie du Sud-Est, et de nombreuses autres r\u00e9gions, gagnant une forte r\u00e9putation et une client\u00e8le solide sur le march\u00e9 international. En tant que filiale du groupe Shuliy, Taizy b\u00e9n\u00e9ficie du syst\u00e8me de fabrication mature du groupe, d\u2019une cha\u00eene d\u2019approvisionnement bien \u00e9tablie et d\u2019une vaste exp\u00e9rience du march\u00e9 mondial pour fournir des \u00e9quipements fiables et des services professionnels, \u00e9tablissant des partenariats \u00e0 long terme avec des clients du monde entier.<\/p>   <div class=\"wp-block-image\"> <figure class=\"aligncenter size-full\"><img loading=\"lazy\" decoding=\"async\" width=\"720\" height=\"540\" src=\"https:\/\/www.meatprocessingmachine.org\/wp-content\/uploads\/2026\/04\/Shuliys-customers.webp\" alt=\"Les clients de Shuliy\" class=\"wp-image-35281\" title=\"\" srcset=\"https:\/\/www.meatprocessingmachine.org\/wp-content\/uploads\/2026\/04\/Shuliys-customers.webp 720w, https:\/\/www.meatprocessingmachine.org\/wp-content\/uploads\/2026\/04\/Shuliys-customers-300x225.webp 300w, https:\/\/www.meatprocessingmachine.org\/wp-content\/uploads\/2026\/04\/Shuliys-customers-16x12.webp 16w\" sizes=\"auto, (max-width: 720px) 100vw, 720px\" \/><figcaption class=\"wp-element-caption\">Shuliy&#8217;s customers<\/figcaption><\/figure> <\/div>   <h3 class=\"wp-block-heading\">Assurance qualit\u00e9 &amp; Service<\/h3>    <p>Nous adh\u00e9rons \u00e0 une philosophie \u00ab\u00a0qualit\u00e9 d\u2019abord, orient\u00e9e client\u00a0\u00bb dans chaque projet.<\/p>    <ul class=\"wp-block-list\"> <li>Inspection qualit\u00e9 rigoureuse avant livraison<\/li>    <li>Consultation pr\u00e9-vente professionnelle et conception de solutions<\/li>    <li>Support apr\u00e8s-vente complet, y compris l\u2019installation et le service technique<\/li> <\/ul>    <p>Notre objectif n\u2019est pas seulement de fournir des machines, mais de proposer des solutions fiables et \u00e0 long terme qui aident les clients \u00e0 am\u00e9liorer leur efficacit\u00e9 et leur rentabilit\u00e9.<\/p>   <div class=\"wp-block-image\"> <figure class=\"aligncenter size-full\"><img loading=\"lazy\" decoding=\"async\" width=\"720\" height=\"540\" src=\"https:\/\/www.meatprocessingmachine.org\/wp-content\/uploads\/2026\/03\/Our-Certifications.webp\" alt=\"Nos certifications\" class=\"wp-image-35211\" title=\"\" srcset=\"https:\/\/www.meatprocessingmachine.org\/wp-content\/uploads\/2026\/03\/Our-Certifications.webp 720w, https:\/\/www.meatprocessingmachine.org\/wp-content\/uploads\/2026\/03\/Our-Certifications-300x225.webp 300w, https:\/\/www.meatprocessingmachine.org\/wp-content\/uploads\/2026\/03\/Our-Certifications-16x12.webp 16w\" sizes=\"auto, (max-width: 720px) 100vw, 720px\" \/><figcaption class=\"wp-element-caption\">Nos certifications<\/figcaption><\/figure> <\/div>   <h2 class=\"wp-block-heading\">Certifications &amp; Assurance qualit\u00e9<\/h2>    <p class=\"translation-block\">Nous attachons une grande importance \u00e0 la qualit\u00e9 des produits et \u00e0 la conformit\u00e9 aux normes internationales, en suivant des processus de fabrication stricts et standardis\u00e9s. Beaucoup de nos machines ont obtenu  la certification CE , r\u00e9pondant aux exigences de s\u00e9curit\u00e9 europ\u00e9ennes. Notre entreprise a mis en place et applique un syst\u00e8me de gestion de la qualit\u00e9 ISO complet, avec un contr\u00f4le strict depuis l\u2019approvisionnement en mati\u00e8res premi\u00e8res jusqu\u2019\u00e0 l\u2019assemblage de la production et l\u2019inspection finale, garantissant un \u00e9quipement stable et durable. De plus, nous soutenons les tests et audits d\u2019usine par des agences tierces internationales telles que  SGS  et  T\u00dcV , offrant aux clients une assurance qualit\u00e9 transparente et fiable.<\/p>    <figure class=\"wp-block-gallery has-nested-images columns-default is-cropped wp-block-gallery-3 is-layout-flex wp-block-gallery-is-layout-flex\"> <figure class=\"wp-block-image size-large\"><img loading=\"lazy\" decoding=\"async\" width=\"540\" height=\"720\" data-id=\"35208\" src=\"https:\/\/www.meatprocessingmachine.org\/wp-content\/uploads\/2026\/03\/CE.webp\" alt=\"CE\" class=\"wp-image-35208\" title=\"\" srcset=\"https:\/\/www.meatprocessingmachine.org\/wp-content\/uploads\/2026\/03\/CE.webp 540w, https:\/\/www.meatprocessingmachine.org\/wp-content\/uploads\/2026\/03\/CE-225x300.webp 225w, https:\/\/www.meatprocessingmachine.org\/wp-content\/uploads\/2026\/03\/CE-9x12.webp 9w\" sizes=\"auto, (max-width: 540px) 100vw, 540px\" \/><figcaption class=\"wp-element-caption\">Ce<\/figcaption><\/figure>    <figure class=\"wp-block-image size-large\"><img loading=\"lazy\" decoding=\"async\" width=\"540\" height=\"720\" data-id=\"35210\" src=\"https:\/\/www.meatprocessingmachine.org\/wp-content\/uploads\/2026\/03\/ISO9001.webp\" alt=\"ISO9001\" class=\"wp-image-35210\" title=\"\" srcset=\"https:\/\/www.meatprocessingmachine.org\/wp-content\/uploads\/2026\/03\/ISO9001.webp 540w, https:\/\/www.meatprocessingmachine.org\/wp-content\/uploads\/2026\/03\/ISO9001-225x300.webp 225w, https:\/\/www.meatprocessingmachine.org\/wp-content\/uploads\/2026\/03\/ISO9001-9x12.webp 9w\" sizes=\"auto, (max-width: 540px) 100vw, 540px\" \/><figcaption class=\"wp-element-caption\">Iso9001<\/figcaption><\/figure>    <figure class=\"wp-block-image size-large\"><img loading=\"lazy\" decoding=\"async\" width=\"540\" height=\"720\" data-id=\"35209\" src=\"https:\/\/www.meatprocessingmachine.org\/wp-content\/uploads\/2026\/03\/EU-Test.webp\" alt=\"EU Test\" class=\"wp-image-35209\" title=\"\" srcset=\"https:\/\/www.meatprocessingmachine.org\/wp-content\/uploads\/2026\/03\/EU-Test.webp 540w, https:\/\/www.meatprocessingmachine.org\/wp-content\/uploads\/2026\/03\/EU-Test-225x300.webp 225w, https:\/\/www.meatprocessingmachine.org\/wp-content\/uploads\/2026\/03\/EU-Test-9x12.webp 9w\" sizes=\"auto, (max-width: 540px) 100vw, 540px\" \/><figcaption class=\"wp-element-caption\">Test UE<\/figcaption><\/figure> <\/figure>    <h3 class=\"wp-block-heading\">Notre mission<\/h3>    <p>Nous nous engageons \u00e0 fournir des solutions de transformation de viande de haute qualit\u00e9, efficaces et innovantes pour les clients du monde entier. Gr\u00e2ce \u00e0 une am\u00e9lioration continue et une fabrication responsable, nous visons \u00e0 devenir un partenaire de confiance dans l\u2019industrie des machines alimentaires.<\/p>    <h2 class=\"wp-block-heading\">Contactez-nous<\/h2>    <div class=\"wp-block-buttons is-layout-flex wp-container-core-buttons-is-layout-6b4e3324 wp-block-buttons-is-layout-flex\"> <div class=\"wp-block-button\"><a class=\"wp-block-button__link wp-element-button\" href=\"https:\/\/wa.me\/+8619139761487\" target=\"_blank\" rel=\"noopener\">WhatsApp :  86 19139761487<\/a><\/div>    <div class=\"wp-block-button\"><a class=\"wp-block-button__link wp-element-button\">Email : info@meatprocessingmachine.org<\/a><\/div> <\/div>    <blockquote class=\"wp-block-quote is-layout-flow wp-block-quote-is-layout-flow\"><\/blockquote>    <div class=\"wp-block-buttons is-layout-flex wp-block-buttons-is-layout-flex\"> <div class=\"wp-block-button\"><a class=\"wp-block-button__link wp-element-button\">Adresse : Rue Nautique Est, Zone de d\u00e9veloppement \u00e9conomique de Zhengzhou, Chine<\/a><\/div> <\/div>    <p><\/p>","protected":false},"excerpt":{"rendered":"<p>Zhengzhou Taizy Machinery Co., Ltd est un fabricant et exportateur professionnel sp\u00e9cialis\u00e9 dans les machines de transformation de viande et les solutions int\u00e9gr\u00e9es de transformation alimentaire. Situ\u00e9e dans la zone de d\u00e9veloppement \u00e9conomique et technologique de Zhengzhou, nous combinons recherche, ing\u00e9nierie, fabrication et ventes mondiales en un syst\u00e8me op\u00e9rationnel efficace.<\/p>","protected":false},"author":1,"featured_media":35273,"parent":0,"menu_order":0,"comment_status":"open","ping_status":"closed","template":"","meta":{"footnotes":""},"class_list":["post-11","page","type-page","status-publish","has-post-thumbnail","hentry"],"_links":{"self":[{"href":"https:\/\/www.meatprocessingmachine.org\/fr\/wp-json\/wp\/v2\/pages\/11","targetHints":{"allow":["GET"]}}],"collection":[{"href":"https:\/\/www.meatprocessingmachine.org\/fr\/wp-json\/wp\/v2\/pages"}],"about":[{"href":"https:\/\/www.meatprocessingmachine.org\/fr\/wp-json\/wp\/v2\/types\/page"}],"author":[{"embeddable":true,"href":"https:\/\/www.meatprocessingmachine.org\/fr\/wp-json\/wp\/v2\/users\/1"}],"replies":[{"embeddable":true,"href":"https:\/\/www.meatprocessingmachine.org\/fr\/wp-json\/wp\/v2\/comments?post=11"}],"version-history":[{"count":17,"href":"https:\/\/www.meatprocessingmachine.org\/fr\/wp-json\/wp\/v2\/pages\/11\/revisions"}],"predecessor-version":[{"id":35299,"href":"https:\/\/www.meatprocessingmachine.org\/fr\/wp-json\/wp\/v2\/pages\/11\/revisions\/35299"}],"wp:featuredmedia":[{"embeddable":true,"href":"https:\/\/www.meatprocessingmachine.org\/fr\/wp-json\/wp\/v2\/media\/35273"}],"wp:attachment":[{"href":"https:\/\/www.meatprocessingmachine.org\/fr\/wp-json\/wp\/v2\/media?parent=11"}],"curies":[{"name":"wp","href":"https:\/\/api.w.org\/{rel}","templated":true}]}}